{"id":74072,"date":"2025-11-02T13:47:57","date_gmt":"2025-11-02T13:47:57","guid":{"rendered":"https:\/\/alekeskus.eu\/?post_type=product&#038;p=74072"},"modified":"2026-03-05T17:35:05","modified_gmt":"2026-03-05T17:35:05","slug":"aiakuur-villi-alekeskus","status":"publish","type":"product","link":"https:\/\/alekeskus.eu\/et\/toode\/aiakuur-villi-alekeskus\/","title":{"rendered":"Aiakuur Villi 9,2 m\u00b2 vaheseinaga"},"content":{"rendered":"","protected":false},"excerpt":{"rendered":"<p>V\u00e4lism\u00f5\u00f5dud: <strong>380<\/strong><b> x 250 cm. <\/b>Harja\u00a0k\u00f5rgus<strong> 239 cm<\/strong>, seina k\u00f5rgus<strong> 200 cm.<\/strong><\/p>\n<ul>\n<li>tuuletapiga freespalk<strong> 28 mm<\/strong>, tormitugevdused<\/li>\n<li>s\u00fcvaimmutatud alusraam 45 x 45 mm<\/li>\n<li>silinderlukkudega uksed 149 x 185 cm ja 78 x 185 cm<\/li>\n<li>2 kinnist akent 90 \u00d7 32 cm<\/li>\n<li>punnitud p\u00f5randa- ja katuselauad 15 x 90 mm<\/li>\n<li>\n<div class=\"spec-name\">katusekate ei sisaldu hinnas<\/div>\n<\/li>\n<li>\n<div class=\"spec-name\">katus 18\u00b0, pindala 13 m<sup>2<\/sup><\/div>\n<\/li>\n<li>\n<div class=\"spec-name\">kinnitusvahendid, koostejuhend<\/div>\n<\/li>\n<li>tellitav v\u00e4ljast v\u00e4rvituna +1200\u20ac (hele-ja tumehall, punane v\u00f5i roheline; avat\u00e4ited-liistud \u00fcleni valged; loe alt kirjeldust, tellimisaeg 3-4 n\u00e4dalat pikem)<\/li>\n<li>bituumensindel 6 pakki lisahinnaga<\/li>\n<li>tehtud Eestis<\/li>\n<li>vihmakindel pakend<\/li>\n<li>peegelpildis paigaldatav<\/li>\n<\/ul>\n<p>Vedu mandril tellijapoolse mahalaadimisega 100\u20ac v\u00f5i kraana-autoga 350\u20ac(suursaartele vastavalt 180\u20ac ja 590\u20ac).<\/p>\n<p>K\u00fcsi ka paigaldust!<\/p>\n","protected":false},"featured_media":74073,"template":"","meta":{"_monsterinsights_skip_tracking":false,"_monsterinsights_sitenote_active":false,"_monsterinsights_sitenote_note":"","_monsterinsights_sitenote_category":0},"pwb-brand":[],"product_brand":[],"product_cat":[17182,13538,13592,13540,13600],"product_tag":[13905,13987,14264,15216,13813],"class_list":{"0":"post-74072","1":"product","2":"type-product","3":"status-publish","4":"has-post-thumbnail","6":"product_cat-suvekoogid-alekeskus","7":"product_cat-ale","8":"product_cat-aia-ja-grillmajad","9":"product_cat-hooned-alekeskus","10":"product_cat-kuurid-aidad-kioskid","11":"product_tag-aitta","12":"product_tag-puukuur","13":"product_tag-aiakuur","14":"product_tag-ait","15":"product_tag-aiamaja","16":"product_shipping_class-kuni-1000kg","17":"pa_kohaletoimetamine-alates-100e","18":"pa_laoasukoht-tartumaa","19":"pa_pindalam-13860","20":"pa_seinapaksus-28-mm","21":"pa_tellimisaeg-tilausaika-alekeskus","22":"pa_veame-eesti-ja-soome","24":"first","25":"instock","26":"sale","27":"featured","28":"taxable","29":"shipping-taxable","30":"purchasable","31":"product-type-simple"},"yoast_head":"<!-- This site is optimized with the Yoast SEO plugin v27.3 - https:\/\/yoast.com\/product\/yoast-seo-wordpress\/ -->\n<title>Aiakuur Villi 9,2 m\u00b2 vaheseinaga - Alekeskus<\/title>\n<meta name=\"description\" content=\"Aiamaja koos kuuri osaga, millel kaasas ka p\u00f5randalauad.\" \/>\n<meta name=\"robots\" content=\"index, follow, max-snippet:-1, max-image-preview:large, max-video-preview:-1\" \/>\n<link rel=\"canonical\" href=\"https:\/\/alekeskus.eu\/et\/toode\/aiakuur-villi-alekeskus\/\" \/>\n<meta property=\"og:locale\" content=\"et_EE\" \/>\n<meta property=\"og:type\" content=\"article\" \/>\n<meta property=\"og:title\" content=\"Aiakuur Villi 9,2 m\u00b2 vaheseinaga - Alekeskus\" \/>\n<meta property=\"og:description\" content=\"Aiamaja koos kuuri osaga, millel kaasas ka p\u00f5randalauad.\" \/>\n<meta property=\"og:url\" content=\"https:\/\/alekeskus.eu\/et\/toode\/aiakuur-villi-alekeskus\/\" \/>\n<meta property=\"og:site_name\" content=\"Alekeskus\" \/>\n<meta property=\"article:modified_time\" content=\"2026-03-05T17:35:05+00:00\" \/>\n<meta property=\"og:image\" content=\"https:\/\/alekeskus.eu\/wp-content\/uploads\/2022\/01\/William-250-1_huge.png\" \/>\n\t<meta property=\"og:image:width\" content=\"1600\" \/>\n\t<meta property=\"og:image:height\" content=\"1067\" \/>\n\t<meta property=\"og:image:type\" content=\"image\/png\" \/>\n<meta name=\"twitter:card\" content=\"summary_large_image\" \/>\n<meta name=\"twitter:label1\" content=\"Est. reading time\" \/>\n\t<meta name=\"twitter:data1\" content=\"1 minut\" \/>\n<script type=\"application\/ld+json\" class=\"yoast-schema-graph\">{\"@context\":\"https:\\\/\\\/schema.org\",\"@graph\":[{\"@type\":\"WebPage\",\"@id\":\"https:\\\/\\\/alekeskus.eu\\\/et\\\/toode\\\/aiakuur-villi-alekeskus\\\/\",\"url\":\"https:\\\/\\\/alekeskus.eu\\\/et\\\/toode\\\/aiakuur-villi-alekeskus\\\/\",\"name\":\"Aiakuur Villi 9,2 m\u00b2 vaheseinaga - Alekeskus\",\"isPartOf\":{\"@id\":\"https:\\\/\\\/alekeskus.eu\\\/#website\"},\"primaryImageOfPage\":{\"@id\":\"https:\\\/\\\/alekeskus.eu\\\/et\\\/toode\\\/aiakuur-villi-alekeskus\\\/#primaryimage\"},\"image\":{\"@id\":\"https:\\\/\\\/alekeskus.eu\\\/et\\\/toode\\\/aiakuur-villi-alekeskus\\\/#primaryimage\"},\"thumbnailUrl\":\"https:\\\/\\\/alekeskus.eu\\\/wp-content\\\/uploads\\\/2022\\\/01\\\/William-250-1_huge.png\",\"datePublished\":\"2025-11-02T13:47:57+00:00\",\"dateModified\":\"2026-03-05T17:35:05+00:00\",\"description\":\"Aiamaja koos kuuri osaga, millel kaasas ka p\u00f5randalauad.\",\"breadcrumb\":{\"@id\":\"https:\\\/\\\/alekeskus.eu\\\/et\\\/toode\\\/aiakuur-villi-alekeskus\\\/#breadcrumb\"},\"inLanguage\":\"et\",\"potentialAction\":[{\"@type\":\"ReadAction\",\"target\":[\"https:\\\/\\\/alekeskus.eu\\\/et\\\/toode\\\/aiakuur-villi-alekeskus\\\/\"]}]},{\"@type\":\"ImageObject\",\"inLanguage\":\"et\",\"@id\":\"https:\\\/\\\/alekeskus.eu\\\/et\\\/toode\\\/aiakuur-villi-alekeskus\\\/#primaryimage\",\"url\":\"https:\\\/\\\/alekeskus.eu\\\/wp-content\\\/uploads\\\/2022\\\/01\\\/William-250-1_huge.png\",\"contentUrl\":\"https:\\\/\\\/alekeskus.eu\\\/wp-content\\\/uploads\\\/2022\\\/01\\\/William-250-1_huge.png\",\"width\":1600,\"height\":1067},{\"@type\":\"BreadcrumbList\",\"@id\":\"https:\\\/\\\/alekeskus.eu\\\/et\\\/toode\\\/aiakuur-villi-alekeskus\\\/#breadcrumb\",\"itemListElement\":[{\"@type\":\"ListItem\",\"position\":1,\"name\":\"Avaleht\",\"item\":\"https:\\\/\\\/alekeskus.eu\\\/et\\\/\"},{\"@type\":\"ListItem\",\"position\":2,\"name\":\"Pood\",\"item\":\"https:\\\/\\\/alekeskus.eu\\\/pood\\\/\"},{\"@type\":\"ListItem\",\"position\":3,\"name\":\"Aiakuur Villi 9,2 m\u00b2 vaheseinaga\"}]},{\"@type\":\"WebSite\",\"@id\":\"https:\\\/\\\/alekeskus.eu\\\/#website\",\"url\":\"https:\\\/\\\/alekeskus.eu\\\/\",\"name\":\"Alekeskus\",\"description\":\"Alekeskus.eu\",\"potentialAction\":[{\"@type\":\"SearchAction\",\"target\":{\"@type\":\"EntryPoint\",\"urlTemplate\":\"https:\\\/\\\/alekeskus.eu\\\/?s={search_term_string}\"},\"query-input\":{\"@type\":\"PropertyValueSpecification\",\"valueRequired\":true,\"valueName\":\"search_term_string\"}}],\"inLanguage\":\"et\"}]}<\/script>\n<!-- \/ Yoast SEO plugin. -->","yoast_head_json":{"title":"Aiakuur Villi 9,2 m\u00b2 vaheseinaga - Alekeskus","description":"Aiamaja koos kuuri osaga, millel kaasas ka p\u00f5randalauad.","robots":{"index":"index","follow":"follow","max-snippet":"max-snippet:-1","max-image-preview":"max-image-preview:large","max-video-preview":"max-video-preview:-1"},"canonical":"https:\/\/alekeskus.eu\/et\/toode\/aiakuur-villi-alekeskus\/","og_locale":"et_EE","og_type":"article","og_title":"Aiakuur Villi 9,2 m\u00b2 vaheseinaga - Alekeskus","og_description":"Aiamaja koos kuuri osaga, millel kaasas ka p\u00f5randalauad.","og_url":"https:\/\/alekeskus.eu\/et\/toode\/aiakuur-villi-alekeskus\/","og_site_name":"Alekeskus","article_modified_time":"2026-03-05T17:35:05+00:00","og_image":[{"width":1600,"height":1067,"url":"https:\/\/alekeskus.eu\/wp-content\/uploads\/2022\/01\/William-250-1_huge.png","type":"image\/png"}],"twitter_card":"summary_large_image","twitter_misc":{"Est. reading time":"1 minut"},"schema":{"@context":"https:\/\/schema.org","@graph":[{"@type":"WebPage","@id":"https:\/\/alekeskus.eu\/et\/toode\/aiakuur-villi-alekeskus\/","url":"https:\/\/alekeskus.eu\/et\/toode\/aiakuur-villi-alekeskus\/","name":"Aiakuur Villi 9,2 m\u00b2 vaheseinaga - Alekeskus","isPartOf":{"@id":"https:\/\/alekeskus.eu\/#website"},"primaryImageOfPage":{"@id":"https:\/\/alekeskus.eu\/et\/toode\/aiakuur-villi-alekeskus\/#primaryimage"},"image":{"@id":"https:\/\/alekeskus.eu\/et\/toode\/aiakuur-villi-alekeskus\/#primaryimage"},"thumbnailUrl":"https:\/\/alekeskus.eu\/wp-content\/uploads\/2022\/01\/William-250-1_huge.png","datePublished":"2025-11-02T13:47:57+00:00","dateModified":"2026-03-05T17:35:05+00:00","description":"Aiamaja koos kuuri osaga, millel kaasas ka p\u00f5randalauad.","breadcrumb":{"@id":"https:\/\/alekeskus.eu\/et\/toode\/aiakuur-villi-alekeskus\/#breadcrumb"},"inLanguage":"et","potentialAction":[{"@type":"ReadAction","target":["https:\/\/alekeskus.eu\/et\/toode\/aiakuur-villi-alekeskus\/"]}]},{"@type":"ImageObject","inLanguage":"et","@id":"https:\/\/alekeskus.eu\/et\/toode\/aiakuur-villi-alekeskus\/#primaryimage","url":"https:\/\/alekeskus.eu\/wp-content\/uploads\/2022\/01\/William-250-1_huge.png","contentUrl":"https:\/\/alekeskus.eu\/wp-content\/uploads\/2022\/01\/William-250-1_huge.png","width":1600,"height":1067},{"@type":"BreadcrumbList","@id":"https:\/\/alekeskus.eu\/et\/toode\/aiakuur-villi-alekeskus\/#breadcrumb","itemListElement":[{"@type":"ListItem","position":1,"name":"Avaleht","item":"https:\/\/alekeskus.eu\/et\/"},{"@type":"ListItem","position":2,"name":"Pood","item":"https:\/\/alekeskus.eu\/pood\/"},{"@type":"ListItem","position":3,"name":"Aiakuur Villi 9,2 m\u00b2 vaheseinaga"}]},{"@type":"WebSite","@id":"https:\/\/alekeskus.eu\/#website","url":"https:\/\/alekeskus.eu\/","name":"Alekeskus","description":"Alekeskus.eu","potentialAction":[{"@type":"SearchAction","target":{"@type":"EntryPoint","urlTemplate":"https:\/\/alekeskus.eu\/?s={search_term_string}"},"query-input":{"@type":"PropertyValueSpecification","valueRequired":true,"valueName":"search_term_string"}}],"inLanguage":"et"}]}},"brands":[],"_links":{"self":[{"href":"https:\/\/alekeskus.eu\/et\/wp-json\/wp\/v2\/product\/74072","targetHints":{"allow":["GET"]}}],"collection":[{"href":"https:\/\/alekeskus.eu\/et\/wp-json\/wp\/v2\/product"}],"about":[{"href":"https:\/\/alekeskus.eu\/et\/wp-json\/wp\/v2\/types\/product"}],"wp:featuredmedia":[{"embeddable":true,"href":"https:\/\/alekeskus.eu\/et\/wp-json\/wp\/v2\/media\/74073"}],"wp:attachment":[{"href":"https:\/\/alekeskus.eu\/et\/wp-json\/wp\/v2\/media?parent=74072"}],"wp:term":[{"taxonomy":"pwb-brand","embeddable":true,"href":"https:\/\/alekeskus.eu\/et\/wp-json\/wp\/v2\/pwb-brand?post=74072"},{"taxonomy":"product_brand","embeddable":true,"href":"https:\/\/alekeskus.eu\/et\/wp-json\/wp\/v2\/product_brand?post=74072"},{"taxonomy":"product_cat","embeddable":true,"href":"https:\/\/alekeskus.eu\/et\/wp-json\/wp\/v2\/product_cat?post=74072"},{"taxonomy":"product_tag","embeddable":true,"href":"https:\/\/alekeskus.eu\/et\/wp-json\/wp\/v2\/product_tag?post=74072"}],"curies":[{"name":"wp","href":"https:\/\/api.w.org\/{rel}","templated":true}]}}