{"id":74259,"date":"2025-01-07T16:11:36","date_gmt":"2025-01-07T16:11:36","guid":{"rendered":"https:\/\/alekeskus.eu\/?post_type=product&#038;p=74259"},"modified":"2026-03-14T10:04:41","modified_gmt":"2026-03-14T10:04:41","slug":"aiamaja-opaal-48-alekeskus","status":"publish","type":"product","link":"https:\/\/alekeskus.eu\/et\/toode\/aiamaja-opaal-48-alekeskus\/","title":{"rendered":"Aiamaja-kodukontor Opaal 4,8 m\u00b2"},"content":{"rendered":"<p>V\u00c4RVIMISE TEENUSE KIRJELDUS:<\/p>\n<p>Sein v\u00e4rvitakse 3-st k\u00fcljest, ka punnsooned. 4 standardv\u00e4rvi: rootsi punane, s\u00fcsihall, helehall, roheline. Sisepind j\u00e4\u00e4b naturaalseks. Maja nurgad on v\u00e4rvitud igast k\u00fcljest. V\u00e4rvitakse 2 kihti. \u27a2 P\u00f5randa- ja laelauad ning p\u00e4rlinid j\u00e4\u00e4vad v\u00e4rvimata. \u27a2 Aknad ja uksed v\u00e4rvitakse valgeks igast k\u00fcljest. \u27a2 K\u00f5ik v\u00e4lised liistud (viilulauad ja liistud) v\u00e4rvitakse valgeks. \u27a2 Kvaliteetne v\u00e4rv tuntud Saksa tootjalt OSMO<\/p>\n<p>Tellimisaeg 3-4 n\u00e4dalat pikem.<\/p>\n","protected":false},"excerpt":{"rendered":"<p>V\u00e4lism\u00f5\u00f5dud: <strong>240<\/strong><b> x 240 cm. <\/b>Seina k\u00f5rgused<strong> 240 cm ja 205 cm.\u00a0<\/strong><\/p>\n<ul>\n<li>tuuletappidega freespalk <strong>40 mm<\/strong><\/li>\n<li>punnitud p\u00f5randa- ja katuselauad 18&#215;90 mm; s\u00fcvaimmutatud alusraam 45 x 45 mm<\/li>\n<li>pakettklaasidega silinderlukuga uks 149 x 174 cm, 2 p\u00f6\u00f6rdkald-avanevat pakettakent 53 x 156 cm alumiiniumist tilganinadega<\/li>\n<li>\n<div class=\"spec-name\">r\u00e4\u00e4sta s\u00fcgavus 21 cm, katuse kalle 15\u00b0, katuse pindala 8 m<sup>2<\/sup><\/div>\n<\/li>\n<li>\n<div class=\"spec-name\">kinnitusvahendid, koostejuhend<\/div>\n<\/li>\n<li>tellitav v\u00e4ljast v\u00e4rvituna +1100\u20ac(hele-ja tumehall, rootsi punane, roheline; uks-aknad ja liistud \u00fcleni valged; loe alt kirjeldust; tellimisaeg 3-4 n\u00e4dalat pikem)<\/li>\n<li>katusepapp v\u00f5i bituumensindel lisahinnaga (vajaminev kogus 1 rull ja 5 pakki)<\/li>\n<li>tehase garantii 5 aastat<\/li>\n<li>ilmastikukindel pakend<\/li>\n<li>Eesti toode<\/li>\n<\/ul>\n<p>Vedu mandril tellijapoolse mahalaadimisega 180\u20ac v\u00f5i kraana-autoga 350\u20ac(suursaartele vastavalt 280\u20ac ja 590\u20ac).<\/p>\n<p>K\u00fcsi ka paigaldust!<\/p>\n","protected":false},"featured_media":74281,"template":"","meta":{"_monsterinsights_skip_tracking":false,"_monsterinsights_sitenote_active":false,"_monsterinsights_sitenote_note":"","_monsterinsights_sitenote_category":0},"pwb-brand":[],"product_brand":[],"product_cat":[17182,13538,13592,13540,13604,13608],"product_tag":[19143,19165,13864,17168,13913,13938,17171,14252,14277,18330,14283,18520,14310,18537,13813,15276,18910],"class_list":{"0":"post-74259","1":"product","2":"type-product","3":"status-publish","4":"has-post-thumbnail","6":"product_cat-suvekoogid-alekeskus","7":"product_cat-ale","8":"product_cat-aia-ja-grillmajad","9":"product_cat-hooned-alekeskus","10":"product_cat-saunad","11":"product_cat-kontorid","12":"product_tag-aiamaja-muuk","13":"product_tag-vierasmaja-ale","14":"product_tag-huvimaja","15":"product_tag-aiastuudio","16":"product_tag-vierasmaja","17":"product_tag-mangumaja","18":"product_tag-oban","19":"product_tag-suvemaja","20":"product_tag-freespalk","21":"product_tag-palmako-vierasmaja","22":"product_tag-kotitoimisto","23":"product_tag-lasita-maja-2","24":"product_tag-kodukontor","25":"product_tag-aiamaja-paigaldus","26":"product_tag-aiamaja","27":"product_tag-pihatoimisto","28":"product_tag-aiamaja-ale","29":"product_shipping_class-alates-1000kg","30":"pa_garantii-5-aastat","31":"pa_kohaletoimetamine-alates-180e","32":"pa_laoasukoht-tartumaa","33":"pa_pindalam-13942","34":"pa_seinapaksus-40-mm","35":"pa_varv-roheline","36":"pa_varv-punane","37":"pa_varv-viimistlemata","38":"pa_varv-tumehall","39":"pa_varv-helehall","40":"pa_veame-eesti-ja-soome","42":"first","43":"instock","44":"sale","45":"featured","46":"taxable","47":"shipping-taxable","48":"purchasable","49":"product-type-variable","50":"has-default-attributes"},"yoast_head":"<!-- This site is optimized with the Yoast SEO plugin v27.3 - https:\/\/yoast.com\/product\/yoast-seo-wordpress\/ -->\n<title>Aiamaja-kodukontor Opaal 4,8 m\u00b2 - Alekeskus<\/title>\n<meta name=\"description\" content=\"Avar aiamaja, millel suured pakettklaasidega avat\u00e4ited.\" \/>\n<meta name=\"robots\" content=\"index, follow, max-snippet:-1, max-image-preview:large, max-video-preview:-1\" \/>\n<link rel=\"canonical\" href=\"https:\/\/alekeskus.eu\/et\/toode\/aiamaja-opaal-48-alekeskus\/\" \/>\n<meta property=\"og:locale\" content=\"et_EE\" \/>\n<meta property=\"og:type\" content=\"article\" \/>\n<meta property=\"og:title\" content=\"Aiamaja-kodukontor Opaal 4,8 m\u00b2 - Alekeskus\" \/>\n<meta property=\"og:description\" content=\"Avar aiamaja, millel suured pakettklaasidega avat\u00e4ited.\" \/>\n<meta property=\"og:url\" content=\"https:\/\/alekeskus.eu\/et\/toode\/aiamaja-opaal-48-alekeskus\/\" \/>\n<meta property=\"og:site_name\" content=\"Alekeskus\" \/>\n<meta property=\"article:modified_time\" content=\"2026-03-14T10:04:41+00:00\" \/>\n<meta property=\"og:image\" content=\"https:\/\/alekeskus.eu\/wp-content\/uploads\/2022\/01\/Oban40-loodus.jpg\" \/>\n\t<meta property=\"og:image:width\" content=\"1600\" \/>\n\t<meta property=\"og:image:height\" content=\"1067\" \/>\n\t<meta property=\"og:image:type\" content=\"image\/jpeg\" \/>\n<meta name=\"twitter:card\" content=\"summary_large_image\" \/>\n<meta name=\"twitter:label1\" content=\"Est. reading time\" \/>\n\t<meta name=\"twitter:data1\" content=\"1 minut\" \/>\n<script type=\"application\/ld+json\" class=\"yoast-schema-graph\">{\"@context\":\"https:\\\/\\\/schema.org\",\"@graph\":[{\"@type\":\"WebPage\",\"@id\":\"https:\\\/\\\/alekeskus.eu\\\/et\\\/toode\\\/aiamaja-opaal-48-alekeskus\\\/\",\"url\":\"https:\\\/\\\/alekeskus.eu\\\/et\\\/toode\\\/aiamaja-opaal-48-alekeskus\\\/\",\"name\":\"Aiamaja-kodukontor Opaal 4,8 m\u00b2 - Alekeskus\",\"isPartOf\":{\"@id\":\"https:\\\/\\\/alekeskus.eu\\\/#website\"},\"primaryImageOfPage\":{\"@id\":\"https:\\\/\\\/alekeskus.eu\\\/et\\\/toode\\\/aiamaja-opaal-48-alekeskus\\\/#primaryimage\"},\"image\":{\"@id\":\"https:\\\/\\\/alekeskus.eu\\\/et\\\/toode\\\/aiamaja-opaal-48-alekeskus\\\/#primaryimage\"},\"thumbnailUrl\":\"https:\\\/\\\/alekeskus.eu\\\/wp-content\\\/uploads\\\/2022\\\/01\\\/Oban40-loodus.jpg\",\"datePublished\":\"2025-01-07T16:11:36+00:00\",\"dateModified\":\"2026-03-14T10:04:41+00:00\",\"description\":\"Avar aiamaja, millel suured pakettklaasidega avat\u00e4ited.\",\"breadcrumb\":{\"@id\":\"https:\\\/\\\/alekeskus.eu\\\/et\\\/toode\\\/aiamaja-opaal-48-alekeskus\\\/#breadcrumb\"},\"inLanguage\":\"et\",\"potentialAction\":[{\"@type\":\"ReadAction\",\"target\":[\"https:\\\/\\\/alekeskus.eu\\\/et\\\/toode\\\/aiamaja-opaal-48-alekeskus\\\/\"]}]},{\"@type\":\"ImageObject\",\"inLanguage\":\"et\",\"@id\":\"https:\\\/\\\/alekeskus.eu\\\/et\\\/toode\\\/aiamaja-opaal-48-alekeskus\\\/#primaryimage\",\"url\":\"https:\\\/\\\/alekeskus.eu\\\/wp-content\\\/uploads\\\/2022\\\/01\\\/Oban40-loodus.jpg\",\"contentUrl\":\"https:\\\/\\\/alekeskus.eu\\\/wp-content\\\/uploads\\\/2022\\\/01\\\/Oban40-loodus.jpg\",\"width\":1600,\"height\":1067},{\"@type\":\"BreadcrumbList\",\"@id\":\"https:\\\/\\\/alekeskus.eu\\\/et\\\/toode\\\/aiamaja-opaal-48-alekeskus\\\/#breadcrumb\",\"itemListElement\":[{\"@type\":\"ListItem\",\"position\":1,\"name\":\"Avaleht\",\"item\":\"https:\\\/\\\/alekeskus.eu\\\/et\\\/\"},{\"@type\":\"ListItem\",\"position\":2,\"name\":\"Pood\",\"item\":\"https:\\\/\\\/alekeskus.eu\\\/pood\\\/\"},{\"@type\":\"ListItem\",\"position\":3,\"name\":\"Aiamaja-kodukontor Opaal 4,8 m\u00b2\"}]},{\"@type\":\"WebSite\",\"@id\":\"https:\\\/\\\/alekeskus.eu\\\/#website\",\"url\":\"https:\\\/\\\/alekeskus.eu\\\/\",\"name\":\"Alekeskus\",\"description\":\"Alekeskus.eu\",\"potentialAction\":[{\"@type\":\"SearchAction\",\"target\":{\"@type\":\"EntryPoint\",\"urlTemplate\":\"https:\\\/\\\/alekeskus.eu\\\/?s={search_term_string}\"},\"query-input\":{\"@type\":\"PropertyValueSpecification\",\"valueRequired\":true,\"valueName\":\"search_term_string\"}}],\"inLanguage\":\"et\"}]}<\/script>\n<!-- \/ Yoast SEO plugin. -->","yoast_head_json":{"title":"Aiamaja-kodukontor Opaal 4,8 m\u00b2 - Alekeskus","description":"Avar aiamaja, millel suured pakettklaasidega avat\u00e4ited.","robots":{"index":"index","follow":"follow","max-snippet":"max-snippet:-1","max-image-preview":"max-image-preview:large","max-video-preview":"max-video-preview:-1"},"canonical":"https:\/\/alekeskus.eu\/et\/toode\/aiamaja-opaal-48-alekeskus\/","og_locale":"et_EE","og_type":"article","og_title":"Aiamaja-kodukontor Opaal 4,8 m\u00b2 - Alekeskus","og_description":"Avar aiamaja, millel suured pakettklaasidega avat\u00e4ited.","og_url":"https:\/\/alekeskus.eu\/et\/toode\/aiamaja-opaal-48-alekeskus\/","og_site_name":"Alekeskus","article_modified_time":"2026-03-14T10:04:41+00:00","og_image":[{"width":1600,"height":1067,"url":"https:\/\/alekeskus.eu\/wp-content\/uploads\/2022\/01\/Oban40-loodus.jpg","type":"image\/jpeg"}],"twitter_card":"summary_large_image","twitter_misc":{"Est. reading time":"1 minut"},"schema":{"@context":"https:\/\/schema.org","@graph":[{"@type":"WebPage","@id":"https:\/\/alekeskus.eu\/et\/toode\/aiamaja-opaal-48-alekeskus\/","url":"https:\/\/alekeskus.eu\/et\/toode\/aiamaja-opaal-48-alekeskus\/","name":"Aiamaja-kodukontor Opaal 4,8 m\u00b2 - Alekeskus","isPartOf":{"@id":"https:\/\/alekeskus.eu\/#website"},"primaryImageOfPage":{"@id":"https:\/\/alekeskus.eu\/et\/toode\/aiamaja-opaal-48-alekeskus\/#primaryimage"},"image":{"@id":"https:\/\/alekeskus.eu\/et\/toode\/aiamaja-opaal-48-alekeskus\/#primaryimage"},"thumbnailUrl":"https:\/\/alekeskus.eu\/wp-content\/uploads\/2022\/01\/Oban40-loodus.jpg","datePublished":"2025-01-07T16:11:36+00:00","dateModified":"2026-03-14T10:04:41+00:00","description":"Avar aiamaja, millel suured pakettklaasidega avat\u00e4ited.","breadcrumb":{"@id":"https:\/\/alekeskus.eu\/et\/toode\/aiamaja-opaal-48-alekeskus\/#breadcrumb"},"inLanguage":"et","potentialAction":[{"@type":"ReadAction","target":["https:\/\/alekeskus.eu\/et\/toode\/aiamaja-opaal-48-alekeskus\/"]}]},{"@type":"ImageObject","inLanguage":"et","@id":"https:\/\/alekeskus.eu\/et\/toode\/aiamaja-opaal-48-alekeskus\/#primaryimage","url":"https:\/\/alekeskus.eu\/wp-content\/uploads\/2022\/01\/Oban40-loodus.jpg","contentUrl":"https:\/\/alekeskus.eu\/wp-content\/uploads\/2022\/01\/Oban40-loodus.jpg","width":1600,"height":1067},{"@type":"BreadcrumbList","@id":"https:\/\/alekeskus.eu\/et\/toode\/aiamaja-opaal-48-alekeskus\/#breadcrumb","itemListElement":[{"@type":"ListItem","position":1,"name":"Avaleht","item":"https:\/\/alekeskus.eu\/et\/"},{"@type":"ListItem","position":2,"name":"Pood","item":"https:\/\/alekeskus.eu\/pood\/"},{"@type":"ListItem","position":3,"name":"Aiamaja-kodukontor Opaal 4,8 m\u00b2"}]},{"@type":"WebSite","@id":"https:\/\/alekeskus.eu\/#website","url":"https:\/\/alekeskus.eu\/","name":"Alekeskus","description":"Alekeskus.eu","potentialAction":[{"@type":"SearchAction","target":{"@type":"EntryPoint","urlTemplate":"https:\/\/alekeskus.eu\/?s={search_term_string}"},"query-input":{"@type":"PropertyValueSpecification","valueRequired":true,"valueName":"search_term_string"}}],"inLanguage":"et"}]}},"brands":[],"_links":{"self":[{"href":"https:\/\/alekeskus.eu\/et\/wp-json\/wp\/v2\/product\/74259","targetHints":{"allow":["GET"]}}],"collection":[{"href":"https:\/\/alekeskus.eu\/et\/wp-json\/wp\/v2\/product"}],"about":[{"href":"https:\/\/alekeskus.eu\/et\/wp-json\/wp\/v2\/types\/product"}],"wp:featuredmedia":[{"embeddable":true,"href":"https:\/\/alekeskus.eu\/et\/wp-json\/wp\/v2\/media\/74281"}],"wp:attachment":[{"href":"https:\/\/alekeskus.eu\/et\/wp-json\/wp\/v2\/media?parent=74259"}],"wp:term":[{"taxonomy":"pwb-brand","embeddable":true,"href":"https:\/\/alekeskus.eu\/et\/wp-json\/wp\/v2\/pwb-brand?post=74259"},{"taxonomy":"product_brand","embeddable":true,"href":"https:\/\/alekeskus.eu\/et\/wp-json\/wp\/v2\/product_brand?post=74259"},{"taxonomy":"product_cat","embeddable":true,"href":"https:\/\/alekeskus.eu\/et\/wp-json\/wp\/v2\/product_cat?post=74259"},{"taxonomy":"product_tag","embeddable":true,"href":"https:\/\/alekeskus.eu\/et\/wp-json\/wp\/v2\/product_tag?post=74259"}],"curies":[{"name":"wp","href":"https:\/\/api.w.org\/{rel}","templated":true}]}}