{"id":74408,"date":"2024-06-26T11:06:03","date_gmt":"2024-06-26T11:06:03","guid":{"rendered":"https:\/\/alekeskus.eu\/?post_type=product&#038;p=74408"},"modified":"2025-01-05T14:24:48","modified_gmt":"2025-01-05T14:24:48","slug":"suvemaja-blue-hotel-285-terrass-alekeskus","status":"publish","type":"product","link":"https:\/\/alekeskus.eu\/et\/toode\/suvemaja-blue-hotel-285-terrass-alekeskus\/","title":{"rendered":"Suvemaja 3 ruumiga Blue Hotel 28,5 m\u00b2 + suur terrass 21 m\u00b2"},"content":{"rendered":"<p><a href=\"https:\/\/alekeskus.eu\/wp-content\/uploads\/2023\/03\/Blue-703041-joonised-ja-osaloettelu.pdf\">Blue 703041 joonised ja osaloettelu<\/a><\/p>\n","protected":false},"excerpt":{"rendered":"<p>Seinte v\u00e4lism\u00f5\u00f5dud 9 x 7 m(ilma terrassita 6 x 5 m). Seina k\u00f5rgus<strong> 245 cm <\/strong>ja harja k\u00f5rgus<strong> 333 cm.\u00a0<\/strong><\/p>\n<ul>\n<li>tuuletapiga freespalk <strong>70 mm<\/strong>, tormikinnitused<\/li>\n<li>3 ruumi<\/li>\n<li>punnitud p\u00f5randalauad 28 x 112 mm ja katuselauad 18 x 90 mm; s\u00fcvaimmutatud alusraam<\/li>\n<li>pakettklaasiga 4\/14\/4 ja silinderlukuga paarisuks 158 x 193 cm ja siseuks 83 x 193 cm<\/li>\n<li>p\u00f6\u00f6rdkald-avanevad pakettaknad 55 \u00d7 173 cm 2tk ja 137 x 92 cm alumiiniumist tilganinadega<\/li>\n<li>terrassi laius 3,2 m, kaasas s\u00fcvaimmutatud prussid ja terrassilauad 28 x 120 mm<\/li>\n<li>\n<div class=\"spec-name\">katuse kalle 15\u00b0, katuse pindala 73 m<sup>2<\/sup><\/div>\n<\/li>\n<li>\n<div class=\"spec-name\">kinnitusvahendid, koostejuhend<\/div>\n<\/li>\n<li>katusekate ei sisaldu hinnas, bituumesindel lisahinnaga (tarve 27 pakki)<\/li>\n<li>tehase garantii 5 aastat<\/li>\n<li>ilmastikukindel pakend<\/li>\n<li>v\u00f5imalik teha m\u00f5\u00f5tudes ja avat\u00e4idetes muudatusi<\/li>\n<li>ehitusteatise jaoks vajalikud joonised<\/li>\n<li>Eesti toode<\/li>\n<\/ul>\n<p>Tellimisaeg 2-3 kuud. Tellimiseks eeldame ettemaksu v\u00e4hemalt pool maksumusest.<\/p>\n<p>K\u00fcsi ka paigaldust!<\/p>\n","protected":false},"featured_media":74409,"template":"","meta":{"_monsterinsights_skip_tracking":false,"_monsterinsights_sitenote_active":false,"_monsterinsights_sitenote_note":"","_monsterinsights_sitenote_category":0},"pwb-brand":[18577],"product_brand":[],"product_cat":[13538,13540,13604,13610],"product_tag":[17390,13913,17515,13970,17866,14252,14311,18033,14643,15285,18578,15363,13813,17388],"class_list":{"0":"post-74408","1":"product","2":"type-product","3":"status-publish","4":"has-post-thumbnail","6":"pwb-brand-eesti","7":"product_cat-ale","8":"product_cat-hooned-alekeskus","9":"product_cat-saunad","10":"product_cat-suvilad","11":"product_tag-freespalksuvila","12":"product_tag-vierasmaja","13":"product_tag-saunamokki","14":"product_tag-suvila","15":"product_tag-hirsimokki","16":"product_tag-suvemaja","17":"product_tag-freespalkaiamaja","18":"product_tag-rantamokki-2","19":"product_tag-terrass","20":"product_tag-kesamokki","21":"product_tag-palksuvila","22":"product_tag-70mm","23":"product_tag-aiamaja","24":"product_tag-saunamaja","25":"product_shipping_class-alates-1000kg","26":"pa_garantii-5-aastat","27":"pa_laoasukoht-tartumaa","28":"pa_pindalam-18029","29":"pa_seinapaksus-70-mm","30":"pa_veame-eesti-ja-soome","32":"first","33":"onbackorder","34":"sale","35":"featured","36":"taxable","37":"shipping-taxable","38":"purchasable","39":"product-type-simple"},"yoast_head":"<!-- This site is optimized with the Yoast SEO plugin v27.3 - https:\/\/yoast.com\/product\/yoast-seo-wordpress\/ -->\n<title>Suvemaja 3 ruumiga Blue Hotel 28,5 m\u00b2 + suur terrass 21 m\u00b2 - Alekeskus<\/title>\n<meta name=\"description\" content=\"\u00dclisuure terrassiga rancho suvemaja\" \/>\n<meta name=\"robots\" content=\"index, follow, max-snippet:-1, max-image-preview:large, max-video-preview:-1\" \/>\n<link rel=\"canonical\" href=\"https:\/\/alekeskus.eu\/toode\/suvemaja-blue-hotel-285-terrass-alekeskus\/\" \/>\n<meta property=\"og:locale\" content=\"et_EE\" \/>\n<meta property=\"og:type\" content=\"article\" \/>\n<meta property=\"og:title\" content=\"Suvemaja 3 ruumiga Blue Hotel 28,5 m\u00b2 + suur terrass 21 m\u00b2 - Alekeskus\" \/>\n<meta property=\"og:description\" content=\"\u00dclisuure terrassiga rancho suvemaja\" \/>\n<meta property=\"og:url\" content=\"https:\/\/alekeskus.eu\/toode\/suvemaja-blue-hotel-285-terrass-alekeskus\/\" \/>\n<meta property=\"og:site_name\" content=\"Alekeskus\" \/>\n<meta property=\"article:modified_time\" content=\"2025-01-05T14:24:48+00:00\" \/>\n<meta property=\"og:image\" content=\"https:\/\/alekeskus.eu\/wp-content\/uploads\/2022\/01\/Blue-Nile-loodusBlue-Hotel-scaled.jpg\" \/>\n\t<meta property=\"og:image:width\" content=\"2560\" \/>\n\t<meta property=\"og:image:height\" content=\"1707\" \/>\n\t<meta property=\"og:image:type\" content=\"image\/jpeg\" \/>\n<meta name=\"twitter:card\" content=\"summary_large_image\" \/>\n<meta name=\"twitter:label1\" content=\"Est. reading time\" \/>\n\t<meta name=\"twitter:data1\" content=\"1 minut\" \/>\n<script type=\"application\/ld+json\" class=\"yoast-schema-graph\">{\"@context\":\"https:\\\/\\\/schema.org\",\"@graph\":[{\"@type\":\"WebPage\",\"@id\":\"https:\\\/\\\/alekeskus.eu\\\/toode\\\/suvemaja-blue-hotel-285-terrass-alekeskus\\\/\",\"url\":\"https:\\\/\\\/alekeskus.eu\\\/toode\\\/suvemaja-blue-hotel-285-terrass-alekeskus\\\/\",\"name\":\"Suvemaja 3 ruumiga Blue Hotel 28,5 m\u00b2 + suur terrass 21 m\u00b2 - Alekeskus\",\"isPartOf\":{\"@id\":\"https:\\\/\\\/alekeskus.eu\\\/#website\"},\"primaryImageOfPage\":{\"@id\":\"https:\\\/\\\/alekeskus.eu\\\/toode\\\/suvemaja-blue-hotel-285-terrass-alekeskus\\\/#primaryimage\"},\"image\":{\"@id\":\"https:\\\/\\\/alekeskus.eu\\\/toode\\\/suvemaja-blue-hotel-285-terrass-alekeskus\\\/#primaryimage\"},\"thumbnailUrl\":\"https:\\\/\\\/alekeskus.eu\\\/wp-content\\\/uploads\\\/2022\\\/01\\\/Blue-Nile-loodusBlue-Hotel-scaled.jpg\",\"datePublished\":\"2024-06-26T11:06:03+00:00\",\"dateModified\":\"2025-01-05T14:24:48+00:00\",\"description\":\"\u00dclisuure terrassiga rancho suvemaja\",\"breadcrumb\":{\"@id\":\"https:\\\/\\\/alekeskus.eu\\\/toode\\\/suvemaja-blue-hotel-285-terrass-alekeskus\\\/#breadcrumb\"},\"inLanguage\":\"et\",\"potentialAction\":[{\"@type\":\"ReadAction\",\"target\":[\"https:\\\/\\\/alekeskus.eu\\\/toode\\\/suvemaja-blue-hotel-285-terrass-alekeskus\\\/\"]}]},{\"@type\":\"ImageObject\",\"inLanguage\":\"et\",\"@id\":\"https:\\\/\\\/alekeskus.eu\\\/toode\\\/suvemaja-blue-hotel-285-terrass-alekeskus\\\/#primaryimage\",\"url\":\"https:\\\/\\\/alekeskus.eu\\\/wp-content\\\/uploads\\\/2022\\\/01\\\/Blue-Nile-loodusBlue-Hotel-scaled.jpg\",\"contentUrl\":\"https:\\\/\\\/alekeskus.eu\\\/wp-content\\\/uploads\\\/2022\\\/01\\\/Blue-Nile-loodusBlue-Hotel-scaled.jpg\",\"width\":1600,\"height\":1067},{\"@type\":\"BreadcrumbList\",\"@id\":\"https:\\\/\\\/alekeskus.eu\\\/toode\\\/suvemaja-blue-hotel-285-terrass-alekeskus\\\/#breadcrumb\",\"itemListElement\":[{\"@type\":\"ListItem\",\"position\":1,\"name\":\"Avaleht\",\"item\":\"https:\\\/\\\/alekeskus.eu\\\/et\\\/\"},{\"@type\":\"ListItem\",\"position\":2,\"name\":\"Pood\",\"item\":\"https:\\\/\\\/alekeskus.eu\\\/pood\\\/\"},{\"@type\":\"ListItem\",\"position\":3,\"name\":\"Suvemaja 3 ruumiga Blue Hotel 28,5 m\u00b2 + suur terrass 21 m\u00b2\"}]},{\"@type\":\"WebSite\",\"@id\":\"https:\\\/\\\/alekeskus.eu\\\/#website\",\"url\":\"https:\\\/\\\/alekeskus.eu\\\/\",\"name\":\"Alekeskus\",\"description\":\"Alekeskus.eu\",\"potentialAction\":[{\"@type\":\"SearchAction\",\"target\":{\"@type\":\"EntryPoint\",\"urlTemplate\":\"https:\\\/\\\/alekeskus.eu\\\/?s={search_term_string}\"},\"query-input\":{\"@type\":\"PropertyValueSpecification\",\"valueRequired\":true,\"valueName\":\"search_term_string\"}}],\"inLanguage\":\"et\"}]}<\/script>\n<!-- \/ Yoast SEO plugin. -->","yoast_head_json":{"title":"Suvemaja 3 ruumiga Blue Hotel 28,5 m\u00b2 + suur terrass 21 m\u00b2 - Alekeskus","description":"\u00dclisuure terrassiga rancho suvemaja","robots":{"index":"index","follow":"follow","max-snippet":"max-snippet:-1","max-image-preview":"max-image-preview:large","max-video-preview":"max-video-preview:-1"},"canonical":"https:\/\/alekeskus.eu\/toode\/suvemaja-blue-hotel-285-terrass-alekeskus\/","og_locale":"et_EE","og_type":"article","og_title":"Suvemaja 3 ruumiga Blue Hotel 28,5 m\u00b2 + suur terrass 21 m\u00b2 - Alekeskus","og_description":"\u00dclisuure terrassiga rancho suvemaja","og_url":"https:\/\/alekeskus.eu\/toode\/suvemaja-blue-hotel-285-terrass-alekeskus\/","og_site_name":"Alekeskus","article_modified_time":"2025-01-05T14:24:48+00:00","og_image":[{"width":2560,"height":1707,"url":"https:\/\/alekeskus.eu\/wp-content\/uploads\/2022\/01\/Blue-Nile-loodusBlue-Hotel-scaled.jpg","type":"image\/jpeg"}],"twitter_card":"summary_large_image","twitter_misc":{"Est. reading time":"1 minut"},"schema":{"@context":"https:\/\/schema.org","@graph":[{"@type":"WebPage","@id":"https:\/\/alekeskus.eu\/toode\/suvemaja-blue-hotel-285-terrass-alekeskus\/","url":"https:\/\/alekeskus.eu\/toode\/suvemaja-blue-hotel-285-terrass-alekeskus\/","name":"Suvemaja 3 ruumiga Blue Hotel 28,5 m\u00b2 + suur terrass 21 m\u00b2 - Alekeskus","isPartOf":{"@id":"https:\/\/alekeskus.eu\/#website"},"primaryImageOfPage":{"@id":"https:\/\/alekeskus.eu\/toode\/suvemaja-blue-hotel-285-terrass-alekeskus\/#primaryimage"},"image":{"@id":"https:\/\/alekeskus.eu\/toode\/suvemaja-blue-hotel-285-terrass-alekeskus\/#primaryimage"},"thumbnailUrl":"https:\/\/alekeskus.eu\/wp-content\/uploads\/2022\/01\/Blue-Nile-loodusBlue-Hotel-scaled.jpg","datePublished":"2024-06-26T11:06:03+00:00","dateModified":"2025-01-05T14:24:48+00:00","description":"\u00dclisuure terrassiga rancho suvemaja","breadcrumb":{"@id":"https:\/\/alekeskus.eu\/toode\/suvemaja-blue-hotel-285-terrass-alekeskus\/#breadcrumb"},"inLanguage":"et","potentialAction":[{"@type":"ReadAction","target":["https:\/\/alekeskus.eu\/toode\/suvemaja-blue-hotel-285-terrass-alekeskus\/"]}]},{"@type":"ImageObject","inLanguage":"et","@id":"https:\/\/alekeskus.eu\/toode\/suvemaja-blue-hotel-285-terrass-alekeskus\/#primaryimage","url":"https:\/\/alekeskus.eu\/wp-content\/uploads\/2022\/01\/Blue-Nile-loodusBlue-Hotel-scaled.jpg","contentUrl":"https:\/\/alekeskus.eu\/wp-content\/uploads\/2022\/01\/Blue-Nile-loodusBlue-Hotel-scaled.jpg","width":1600,"height":1067},{"@type":"BreadcrumbList","@id":"https:\/\/alekeskus.eu\/toode\/suvemaja-blue-hotel-285-terrass-alekeskus\/#breadcrumb","itemListElement":[{"@type":"ListItem","position":1,"name":"Avaleht","item":"https:\/\/alekeskus.eu\/et\/"},{"@type":"ListItem","position":2,"name":"Pood","item":"https:\/\/alekeskus.eu\/pood\/"},{"@type":"ListItem","position":3,"name":"Suvemaja 3 ruumiga Blue Hotel 28,5 m\u00b2 + suur terrass 21 m\u00b2"}]},{"@type":"WebSite","@id":"https:\/\/alekeskus.eu\/#website","url":"https:\/\/alekeskus.eu\/","name":"Alekeskus","description":"Alekeskus.eu","potentialAction":[{"@type":"SearchAction","target":{"@type":"EntryPoint","urlTemplate":"https:\/\/alekeskus.eu\/?s={search_term_string}"},"query-input":{"@type":"PropertyValueSpecification","valueRequired":true,"valueName":"search_term_string"}}],"inLanguage":"et"}]}},"brands":[{"id":18577,"name":"Eesti","slug":"eesti"}],"_links":{"self":[{"href":"https:\/\/alekeskus.eu\/et\/wp-json\/wp\/v2\/product\/74408","targetHints":{"allow":["GET"]}}],"collection":[{"href":"https:\/\/alekeskus.eu\/et\/wp-json\/wp\/v2\/product"}],"about":[{"href":"https:\/\/alekeskus.eu\/et\/wp-json\/wp\/v2\/types\/product"}],"wp:featuredmedia":[{"embeddable":true,"href":"https:\/\/alekeskus.eu\/et\/wp-json\/wp\/v2\/media\/74409"}],"wp:attachment":[{"href":"https:\/\/alekeskus.eu\/et\/wp-json\/wp\/v2\/media?parent=74408"}],"wp:term":[{"taxonomy":"pwb-brand","embeddable":true,"href":"https:\/\/alekeskus.eu\/et\/wp-json\/wp\/v2\/pwb-brand?post=74408"},{"taxonomy":"product_brand","embeddable":true,"href":"https:\/\/alekeskus.eu\/et\/wp-json\/wp\/v2\/product_brand?post=74408"},{"taxonomy":"product_cat","embeddable":true,"href":"https:\/\/alekeskus.eu\/et\/wp-json\/wp\/v2\/product_cat?post=74408"},{"taxonomy":"product_tag","embeddable":true,"href":"https:\/\/alekeskus.eu\/et\/wp-json\/wp\/v2\/product_tag?post=74408"}],"curies":[{"name":"wp","href":"https:\/\/api.w.org\/{rel}","templated":true}]}}