{"id":74428,"date":"2023-01-17T09:21:05","date_gmt":"2023-01-17T09:21:05","guid":{"rendered":"https:\/\/alekeskus.eu\/?post_type=product&#038;p=74428"},"modified":"2024-12-26T19:24:23","modified_gmt":"2024-12-26T19:24:23","slug":"aiamaja-kodukontor-domo9-alekeskus","status":"publish","type":"product","link":"https:\/\/alekeskus.eu\/et\/toode\/aiamaja-kodukontor-domo9-alekeskus\/","title":{"rendered":"Aiamaja-kodukontor Domo9 19,0 m\u00b2 alumiiniumraamiga voldikseintega"},"content":{"rendered":"<p>V\u00c4RVIMISE TEENUSE KIRJELDUS:<\/p>\n<p>Sein v\u00e4rvitakse 3-st k\u00fcljest, ka punnsooned. 4 standardv\u00e4rvi: rootsi punane, s\u00fcsihall, helehall, roheline. Sisepind j\u00e4\u00e4b naturaalseks. Maja nurgad on v\u00e4rvitud igast k\u00fcljest. V\u00e4rvi kantakse detailidele 2 kihti. \u27a2 P\u00f5randa- ja laelauad ning p\u00e4rlinid j\u00e4\u00e4vad v\u00e4rvimata. \u27a2 Aknad ja uksed v\u00e4rvitakse valgeks igast k\u00fcljest. \u27a2 K\u00f5ik v\u00e4lised liistud (viilulauad ja liistud) v\u00e4rvitakse valgeks. \u27a2 Kvaliteetne v\u00e4rv tuntud saksa tootjalt OSMO<\/p>\n<p>V\u00e4rvitud toote tellimisaeg on pikem viimistlemata tootest.<\/p>\n","protected":false},"excerpt":{"rendered":"<p>Seinte v\u00e4lism\u00f5\u00f5dud: <strong>450<\/strong><b> x 450 cm. <\/b>Seina k\u00f5rgused<strong> 258 cm ja 245 cm.\u00a0<\/strong><\/p>\n<ul>\n<li>tappideta kruvitav nurgalahendus; fresspalkseina paksus <strong>70 mm<\/strong><\/li>\n<li>punnitud p\u00f5randalauad 28&#215;137 mm ja katuselauad 18x90mm; s\u00fcvaimmutatud alusraam ja p\u00f5randatalad 45&#215;70 mm; terrassilauad 28&#215;120 mm<\/li>\n<li><strong>2 alumiiniumraamiga pakettklaasiga voldikust 340 x 198 cm\u00a0<\/strong><\/li>\n<li>\n<div class=\"spec-name\">r\u00e4\u00e4stas eest ja \u00fchel k\u00fcljel 120 cm(taga ja 2.-l k\u00fcljel 20cm), katuse kalle 2\u00b0, katuse pindala 35 m<sup>2<\/sup><\/div>\n<\/li>\n<li>\n<div class=\"spec-name\">kinnitusvahendid, koostejuhend<\/div>\n<\/li>\n<li>katusekate ei sisaldu hinnas(tarve 4 rulli)<\/li>\n<li>tehase garantii 5 aastat<\/li>\n<li>ilmastikukindel pakend<\/li>\n<li>peegelpildis tellitav<\/li>\n<li>Eesti toode<\/li>\n<li>ei ole laotoode, k\u00fcsi tellimisaega!<\/li>\n<\/ul>\n<p>Vedu mandril tellijapoolse mahalaadimisega 180\u20ac v\u00f5i kraana-autoga 350\u20ac(suursaartele vastavalt 280\u20ac ja 590\u20ac).<\/p>\n<p>K\u00fcsi ka paigaldust!<\/p>\n","protected":false},"featured_media":74445,"template":"","meta":{"_monsterinsights_skip_tracking":false,"_monsterinsights_sitenote_active":false,"_monsterinsights_sitenote_note":"","_monsterinsights_sitenote_category":0},"pwb-brand":[],"product_brand":[],"product_cat":[17182,13592,13540,13604,13608,13610],"product_tag":[17515,15276,18565,15278,13813,17168,13864,13913,17179,14252,17180,14277,17181,14310],"class_list":{"0":"post-74428","1":"product","2":"type-product","3":"status-publish","4":"has-post-thumbnail","6":"product_cat-suvekoogid-alekeskus","7":"product_cat-aia-ja-grillmajad","8":"product_cat-hooned-alekeskus","9":"product_cat-saunad","10":"product_cat-kontorid","11":"product_cat-suvilad","12":"product_tag-saunamokki","13":"product_tag-pihatoimisto","14":"product_tag-etatyotila-2","15":"product_tag-valikook","16":"product_tag-aiamaja","17":"product_tag-aiastuudio","18":"product_tag-huvimaja","19":"product_tag-vierasmaja","20":"product_tag-wellness","21":"product_tag-suvemaja","22":"product_tag-domeo","23":"product_tag-freespalk","24":"product_tag-alumiiniumist-voldikuks","25":"product_tag-kodukontor","26":"product_shipping_class-alates-1000kg","27":"pa_garantii-5-aastat","28":"pa_kohaletoimetamine-alates-180e","29":"pa_laoasukoht-tartumaa","30":"pa_pindalam-14314","31":"pa_seinapaksus-70-mm","32":"pa_varv-helehall","33":"pa_varv-roheline","34":"pa_varv-punane","35":"pa_varv-viimistlemata","36":"pa_varv-tumehall","37":"pa_veame-eesti-ja-soome","39":"first","40":"onbackorder","41":"featured","42":"taxable","43":"shipping-taxable","44":"purchasable","45":"product-type-simple"},"yoast_head":"<!-- This site is optimized with the Yoast SEO plugin v27.3 - https:\/\/yoast.com\/product\/yoast-seo-wordpress\/ -->\n<title>Aiamaja-kodukontor Domo9 19,0 m\u00b2 alumiiniumraamiga voldikseintega - Alekeskus<\/title>\n<meta name=\"description\" content=\"Avar aiamaja v\u00f5i kodukontor. Kogu puitosa ja avat\u00e4ited hinnas.\" \/>\n<meta name=\"robots\" content=\"index, follow, max-snippet:-1, max-image-preview:large, max-video-preview:-1\" \/>\n<link rel=\"canonical\" href=\"https:\/\/alekeskus.eu\/toode\/aiamaja-kodukontor-domo9-alekeskus\/\" \/>\n<meta property=\"og:locale\" content=\"et_EE\" \/>\n<meta property=\"og:type\" content=\"article\" \/>\n<meta property=\"og:title\" content=\"Aiamaja-kodukontor Domo9 19,0 m\u00b2 alumiiniumraamiga voldikseintega - Alekeskus\" \/>\n<meta property=\"og:description\" content=\"Avar aiamaja v\u00f5i kodukontor. Kogu puitosa ja avat\u00e4ited hinnas.\" \/>\n<meta property=\"og:url\" content=\"https:\/\/alekeskus.eu\/toode\/aiamaja-kodukontor-domo9-alekeskus\/\" \/>\n<meta property=\"og:site_name\" content=\"Alekeskus\" \/>\n<meta property=\"article:modified_time\" content=\"2024-12-26T19:24:23+00:00\" \/>\n<meta property=\"og:image\" content=\"https:\/\/alekeskus.eu\/wp-content\/uploads\/2022\/01\/Domeo9-loodus-scaled.jpg\" \/>\n\t<meta property=\"og:image:width\" content=\"2560\" \/>\n\t<meta property=\"og:image:height\" content=\"1716\" \/>\n\t<meta property=\"og:image:type\" content=\"image\/jpeg\" \/>\n<meta name=\"twitter:card\" content=\"summary_large_image\" \/>\n<meta name=\"twitter:label1\" content=\"Est. reading time\" \/>\n\t<meta name=\"twitter:data1\" content=\"1 minut\" \/>\n<script type=\"application\/ld+json\" class=\"yoast-schema-graph\">{\"@context\":\"https:\\\/\\\/schema.org\",\"@graph\":[{\"@type\":\"WebPage\",\"@id\":\"https:\\\/\\\/alekeskus.eu\\\/toode\\\/aiamaja-kodukontor-domo9-alekeskus\\\/\",\"url\":\"https:\\\/\\\/alekeskus.eu\\\/toode\\\/aiamaja-kodukontor-domo9-alekeskus\\\/\",\"name\":\"Aiamaja-kodukontor Domo9 19,0 m\u00b2 alumiiniumraamiga voldikseintega - Alekeskus\",\"isPartOf\":{\"@id\":\"https:\\\/\\\/alekeskus.eu\\\/#website\"},\"primaryImageOfPage\":{\"@id\":\"https:\\\/\\\/alekeskus.eu\\\/toode\\\/aiamaja-kodukontor-domo9-alekeskus\\\/#primaryimage\"},\"image\":{\"@id\":\"https:\\\/\\\/alekeskus.eu\\\/toode\\\/aiamaja-kodukontor-domo9-alekeskus\\\/#primaryimage\"},\"thumbnailUrl\":\"https:\\\/\\\/alekeskus.eu\\\/wp-content\\\/uploads\\\/2022\\\/01\\\/Domeo9-loodus-scaled.jpg\",\"datePublished\":\"2023-01-17T09:21:05+00:00\",\"dateModified\":\"2024-12-26T19:24:23+00:00\",\"description\":\"Avar aiamaja v\u00f5i kodukontor. Kogu puitosa ja avat\u00e4ited hinnas.\",\"breadcrumb\":{\"@id\":\"https:\\\/\\\/alekeskus.eu\\\/toode\\\/aiamaja-kodukontor-domo9-alekeskus\\\/#breadcrumb\"},\"inLanguage\":\"et\",\"potentialAction\":[{\"@type\":\"ReadAction\",\"target\":[\"https:\\\/\\\/alekeskus.eu\\\/toode\\\/aiamaja-kodukontor-domo9-alekeskus\\\/\"]}]},{\"@type\":\"ImageObject\",\"inLanguage\":\"et\",\"@id\":\"https:\\\/\\\/alekeskus.eu\\\/toode\\\/aiamaja-kodukontor-domo9-alekeskus\\\/#primaryimage\",\"url\":\"https:\\\/\\\/alekeskus.eu\\\/wp-content\\\/uploads\\\/2022\\\/01\\\/Domeo9-loodus-scaled.jpg\",\"contentUrl\":\"https:\\\/\\\/alekeskus.eu\\\/wp-content\\\/uploads\\\/2022\\\/01\\\/Domeo9-loodus-scaled.jpg\",\"width\":1600,\"height\":1073},{\"@type\":\"BreadcrumbList\",\"@id\":\"https:\\\/\\\/alekeskus.eu\\\/toode\\\/aiamaja-kodukontor-domo9-alekeskus\\\/#breadcrumb\",\"itemListElement\":[{\"@type\":\"ListItem\",\"position\":1,\"name\":\"Avaleht\",\"item\":\"https:\\\/\\\/alekeskus.eu\\\/et\\\/\"},{\"@type\":\"ListItem\",\"position\":2,\"name\":\"Pood\",\"item\":\"https:\\\/\\\/alekeskus.eu\\\/pood\\\/\"},{\"@type\":\"ListItem\",\"position\":3,\"name\":\"Aiamaja-kodukontor Domo9 19,0 m\u00b2 alumiiniumraamiga voldikseintega\"}]},{\"@type\":\"WebSite\",\"@id\":\"https:\\\/\\\/alekeskus.eu\\\/#website\",\"url\":\"https:\\\/\\\/alekeskus.eu\\\/\",\"name\":\"Alekeskus\",\"description\":\"Alekeskus.eu\",\"potentialAction\":[{\"@type\":\"SearchAction\",\"target\":{\"@type\":\"EntryPoint\",\"urlTemplate\":\"https:\\\/\\\/alekeskus.eu\\\/?s={search_term_string}\"},\"query-input\":{\"@type\":\"PropertyValueSpecification\",\"valueRequired\":true,\"valueName\":\"search_term_string\"}}],\"inLanguage\":\"et\"}]}<\/script>\n<!-- \/ Yoast SEO plugin. -->","yoast_head_json":{"title":"Aiamaja-kodukontor Domo9 19,0 m\u00b2 alumiiniumraamiga voldikseintega - Alekeskus","description":"Avar aiamaja v\u00f5i kodukontor. Kogu puitosa ja avat\u00e4ited hinnas.","robots":{"index":"index","follow":"follow","max-snippet":"max-snippet:-1","max-image-preview":"max-image-preview:large","max-video-preview":"max-video-preview:-1"},"canonical":"https:\/\/alekeskus.eu\/toode\/aiamaja-kodukontor-domo9-alekeskus\/","og_locale":"et_EE","og_type":"article","og_title":"Aiamaja-kodukontor Domo9 19,0 m\u00b2 alumiiniumraamiga voldikseintega - Alekeskus","og_description":"Avar aiamaja v\u00f5i kodukontor. Kogu puitosa ja avat\u00e4ited hinnas.","og_url":"https:\/\/alekeskus.eu\/toode\/aiamaja-kodukontor-domo9-alekeskus\/","og_site_name":"Alekeskus","article_modified_time":"2024-12-26T19:24:23+00:00","og_image":[{"width":2560,"height":1716,"url":"https:\/\/alekeskus.eu\/wp-content\/uploads\/2022\/01\/Domeo9-loodus-scaled.jpg","type":"image\/jpeg"}],"twitter_card":"summary_large_image","twitter_misc":{"Est. reading time":"1 minut"},"schema":{"@context":"https:\/\/schema.org","@graph":[{"@type":"WebPage","@id":"https:\/\/alekeskus.eu\/toode\/aiamaja-kodukontor-domo9-alekeskus\/","url":"https:\/\/alekeskus.eu\/toode\/aiamaja-kodukontor-domo9-alekeskus\/","name":"Aiamaja-kodukontor Domo9 19,0 m\u00b2 alumiiniumraamiga voldikseintega - Alekeskus","isPartOf":{"@id":"https:\/\/alekeskus.eu\/#website"},"primaryImageOfPage":{"@id":"https:\/\/alekeskus.eu\/toode\/aiamaja-kodukontor-domo9-alekeskus\/#primaryimage"},"image":{"@id":"https:\/\/alekeskus.eu\/toode\/aiamaja-kodukontor-domo9-alekeskus\/#primaryimage"},"thumbnailUrl":"https:\/\/alekeskus.eu\/wp-content\/uploads\/2022\/01\/Domeo9-loodus-scaled.jpg","datePublished":"2023-01-17T09:21:05+00:00","dateModified":"2024-12-26T19:24:23+00:00","description":"Avar aiamaja v\u00f5i kodukontor. Kogu puitosa ja avat\u00e4ited hinnas.","breadcrumb":{"@id":"https:\/\/alekeskus.eu\/toode\/aiamaja-kodukontor-domo9-alekeskus\/#breadcrumb"},"inLanguage":"et","potentialAction":[{"@type":"ReadAction","target":["https:\/\/alekeskus.eu\/toode\/aiamaja-kodukontor-domo9-alekeskus\/"]}]},{"@type":"ImageObject","inLanguage":"et","@id":"https:\/\/alekeskus.eu\/toode\/aiamaja-kodukontor-domo9-alekeskus\/#primaryimage","url":"https:\/\/alekeskus.eu\/wp-content\/uploads\/2022\/01\/Domeo9-loodus-scaled.jpg","contentUrl":"https:\/\/alekeskus.eu\/wp-content\/uploads\/2022\/01\/Domeo9-loodus-scaled.jpg","width":1600,"height":1073},{"@type":"BreadcrumbList","@id":"https:\/\/alekeskus.eu\/toode\/aiamaja-kodukontor-domo9-alekeskus\/#breadcrumb","itemListElement":[{"@type":"ListItem","position":1,"name":"Avaleht","item":"https:\/\/alekeskus.eu\/et\/"},{"@type":"ListItem","position":2,"name":"Pood","item":"https:\/\/alekeskus.eu\/pood\/"},{"@type":"ListItem","position":3,"name":"Aiamaja-kodukontor Domo9 19,0 m\u00b2 alumiiniumraamiga voldikseintega"}]},{"@type":"WebSite","@id":"https:\/\/alekeskus.eu\/#website","url":"https:\/\/alekeskus.eu\/","name":"Alekeskus","description":"Alekeskus.eu","potentialAction":[{"@type":"SearchAction","target":{"@type":"EntryPoint","urlTemplate":"https:\/\/alekeskus.eu\/?s={search_term_string}"},"query-input":{"@type":"PropertyValueSpecification","valueRequired":true,"valueName":"search_term_string"}}],"inLanguage":"et"}]}},"brands":[],"_links":{"self":[{"href":"https:\/\/alekeskus.eu\/et\/wp-json\/wp\/v2\/product\/74428","targetHints":{"allow":["GET"]}}],"collection":[{"href":"https:\/\/alekeskus.eu\/et\/wp-json\/wp\/v2\/product"}],"about":[{"href":"https:\/\/alekeskus.eu\/et\/wp-json\/wp\/v2\/types\/product"}],"wp:featuredmedia":[{"embeddable":true,"href":"https:\/\/alekeskus.eu\/et\/wp-json\/wp\/v2\/media\/74445"}],"wp:attachment":[{"href":"https:\/\/alekeskus.eu\/et\/wp-json\/wp\/v2\/media?parent=74428"}],"wp:term":[{"taxonomy":"pwb-brand","embeddable":true,"href":"https:\/\/alekeskus.eu\/et\/wp-json\/wp\/v2\/pwb-brand?post=74428"},{"taxonomy":"product_brand","embeddable":true,"href":"https:\/\/alekeskus.eu\/et\/wp-json\/wp\/v2\/product_brand?post=74428"},{"taxonomy":"product_cat","embeddable":true,"href":"https:\/\/alekeskus.eu\/et\/wp-json\/wp\/v2\/product_cat?post=74428"},{"taxonomy":"product_tag","embeddable":true,"href":"https:\/\/alekeskus.eu\/et\/wp-json\/wp\/v2\/product_tag?post=74428"}],"curies":[{"name":"wp","href":"https:\/\/api.w.org\/{rel}","templated":true}]}}