{"id":74542,"date":"2022-01-19T11:25:06","date_gmt":"2022-01-19T11:25:06","guid":{"rendered":"https:\/\/alekeskus.eu\/?post_type=product&#038;p=74542"},"modified":"2022-03-28T18:52:32","modified_gmt":"2022-03-28T18:52:32","slug":"aiamaja-houston-jarvekulas-8m%c2%b2tehases-varvituna","status":"publish","type":"product","link":"https:\/\/alekeskus.eu\/et\/toode\/aiamaja-houston-jarvekulas-8m%c2%b2tehases-varvituna\/","title":{"rendered":"Aiamaja Houston J\u00e4rvek\u00fclas 8m\u00b2tehases v\u00e4rvituna"},"content":{"rendered":"<p>2021 p\u00fcstitasime esimese tehase v\u00e4rviga aiakuuri Houston.\u00a0 Sokliv\u00f6\u00f6 on tehtud kestvast \u00fcmbert\u00f6\u00f6deldud plastist prussist 5x10cm.<\/p>\n","protected":false},"excerpt":{"rendered":"<p>2021 p\u00fcstitasime esimese tehase v\u00e4rviga aiakuuri Houston.\u00a0 Sokliv\u00f6\u00f6 on tehtud kestvast \u00fcmbert\u00f6\u00f6deldud plastist prussist 5x10cm.<\/p>\n","protected":false},"featured_media":74544,"template":"","meta":{"_monsterinsights_skip_tracking":false,"_monsterinsights_sitenote_active":false,"_monsterinsights_sitenote_note":"","_monsterinsights_sitenote_category":0},"pwb-brand":[],"product_brand":[],"product_cat":[13620,13544],"product_tag":[],"class_list":{"0":"post-74542","1":"product","2":"type-product","3":"status-publish","4":"has-post-thumbnail","6":"product_cat-aiamajad","7":"product_cat-tehtud-tood","9":"first","10":"onbackorder","11":"virtual","12":"taxable","13":"purchasable","14":"product-type-simple"},"yoast_head":"<!-- This site is optimized with the Yoast SEO plugin v27.3 - https:\/\/yoast.com\/product\/yoast-seo-wordpress\/ -->\n<title>Aiamaja Houston J\u00e4rvek\u00fclas 8m\u00b2tehases v\u00e4rvituna - Alekeskus<\/title>\n<meta name=\"robots\" content=\"index, follow, max-snippet:-1, max-image-preview:large, max-video-preview:-1\" \/>\n<link rel=\"canonical\" href=\"https:\/\/alekeskus.eu\/toode\/aiamaja-houston-jarvekulas-8m\u00b2tehases-varvituna\/\" \/>\n<meta property=\"og:locale\" content=\"et_EE\" \/>\n<meta property=\"og:type\" content=\"article\" \/>\n<meta property=\"og:title\" content=\"Aiamaja Houston J\u00e4rvek\u00fclas 8m\u00b2tehases v\u00e4rvituna - Alekeskus\" \/>\n<meta property=\"og:description\" content=\"2021 p\u00fcstitasime esimese tehase v\u00e4rviga aiakuuri Houston.\u00a0 Sokliv\u00f6\u00f6 on tehtud kestvast \u00fcmbert\u00f6\u00f6deldud plastist prussist 5x10cm.\" \/>\n<meta property=\"og:url\" content=\"https:\/\/alekeskus.eu\/toode\/aiamaja-houston-jarvekulas-8m\u00b2tehases-varvituna\/\" \/>\n<meta property=\"og:site_name\" content=\"Alekeskus\" \/>\n<meta property=\"article:modified_time\" content=\"2022-03-28T18:52:32+00:00\" \/>\n<meta property=\"og:image\" content=\"https:\/\/alekeskus.eu\/wp-content\/uploads\/2022\/01\/Houston-varvitud-valmis.jpg\" \/>\n\t<meta property=\"og:image:width\" content=\"1160\" \/>\n\t<meta property=\"og:image:height\" content=\"870\" \/>\n\t<meta property=\"og:image:type\" content=\"image\/jpeg\" \/>\n<meta name=\"twitter:card\" content=\"summary_large_image\" \/>\n<meta name=\"twitter:label1\" content=\"Est. reading time\" \/>\n\t<meta name=\"twitter:data1\" content=\"1 minut\" \/>\n<script type=\"application\/ld+json\" class=\"yoast-schema-graph\">{\"@context\":\"https:\\\/\\\/schema.org\",\"@graph\":[{\"@type\":\"WebPage\",\"@id\":\"https:\\\/\\\/alekeskus.eu\\\/toode\\\/aiamaja-houston-jarvekulas-8m%c2%b2tehases-varvituna\\\/\",\"url\":\"https:\\\/\\\/alekeskus.eu\\\/toode\\\/aiamaja-houston-jarvekulas-8m%c2%b2tehases-varvituna\\\/\",\"name\":\"Aiamaja Houston J\u00e4rvek\u00fclas 8m\u00b2tehases v\u00e4rvituna - Alekeskus\",\"isPartOf\":{\"@id\":\"https:\\\/\\\/alekeskus.eu\\\/#website\"},\"primaryImageOfPage\":{\"@id\":\"https:\\\/\\\/alekeskus.eu\\\/toode\\\/aiamaja-houston-jarvekulas-8m%c2%b2tehases-varvituna\\\/#primaryimage\"},\"image\":{\"@id\":\"https:\\\/\\\/alekeskus.eu\\\/toode\\\/aiamaja-houston-jarvekulas-8m%c2%b2tehases-varvituna\\\/#primaryimage\"},\"thumbnailUrl\":\"https:\\\/\\\/alekeskus.eu\\\/wp-content\\\/uploads\\\/2022\\\/01\\\/Houston-varvitud-valmis.jpg\",\"datePublished\":\"2022-01-19T11:25:06+00:00\",\"dateModified\":\"2022-03-28T18:52:32+00:00\",\"breadcrumb\":{\"@id\":\"https:\\\/\\\/alekeskus.eu\\\/toode\\\/aiamaja-houston-jarvekulas-8m%c2%b2tehases-varvituna\\\/#breadcrumb\"},\"inLanguage\":\"et\",\"potentialAction\":[{\"@type\":\"ReadAction\",\"target\":[\"https:\\\/\\\/alekeskus.eu\\\/toode\\\/aiamaja-houston-jarvekulas-8m%c2%b2tehases-varvituna\\\/\"]}]},{\"@type\":\"ImageObject\",\"inLanguage\":\"et\",\"@id\":\"https:\\\/\\\/alekeskus.eu\\\/toode\\\/aiamaja-houston-jarvekulas-8m%c2%b2tehases-varvituna\\\/#primaryimage\",\"url\":\"https:\\\/\\\/alekeskus.eu\\\/wp-content\\\/uploads\\\/2022\\\/01\\\/Houston-varvitud-valmis.jpg\",\"contentUrl\":\"https:\\\/\\\/alekeskus.eu\\\/wp-content\\\/uploads\\\/2022\\\/01\\\/Houston-varvitud-valmis.jpg\",\"width\":1160,\"height\":870},{\"@type\":\"BreadcrumbList\",\"@id\":\"https:\\\/\\\/alekeskus.eu\\\/toode\\\/aiamaja-houston-jarvekulas-8m%c2%b2tehases-varvituna\\\/#breadcrumb\",\"itemListElement\":[{\"@type\":\"ListItem\",\"position\":1,\"name\":\"Avaleht\",\"item\":\"https:\\\/\\\/alekeskus.eu\\\/et\\\/\"},{\"@type\":\"ListItem\",\"position\":2,\"name\":\"Pood\",\"item\":\"https:\\\/\\\/alekeskus.eu\\\/pood\\\/\"},{\"@type\":\"ListItem\",\"position\":3,\"name\":\"Aiamaja Houston J\u00e4rvek\u00fclas 8m\u00b2tehases v\u00e4rvituna\"}]},{\"@type\":\"WebSite\",\"@id\":\"https:\\\/\\\/alekeskus.eu\\\/#website\",\"url\":\"https:\\\/\\\/alekeskus.eu\\\/\",\"name\":\"Alekeskus\",\"description\":\"Alekeskus.eu\",\"potentialAction\":[{\"@type\":\"SearchAction\",\"target\":{\"@type\":\"EntryPoint\",\"urlTemplate\":\"https:\\\/\\\/alekeskus.eu\\\/?s={search_term_string}\"},\"query-input\":{\"@type\":\"PropertyValueSpecification\",\"valueRequired\":true,\"valueName\":\"search_term_string\"}}],\"inLanguage\":\"et\"}]}<\/script>\n<!-- \/ Yoast SEO plugin. -->","yoast_head_json":{"title":"Aiamaja Houston J\u00e4rvek\u00fclas 8m\u00b2tehases v\u00e4rvituna - Alekeskus","robots":{"index":"index","follow":"follow","max-snippet":"max-snippet:-1","max-image-preview":"max-image-preview:large","max-video-preview":"max-video-preview:-1"},"canonical":"https:\/\/alekeskus.eu\/toode\/aiamaja-houston-jarvekulas-8m\u00b2tehases-varvituna\/","og_locale":"et_EE","og_type":"article","og_title":"Aiamaja Houston J\u00e4rvek\u00fclas 8m\u00b2tehases v\u00e4rvituna - Alekeskus","og_description":"2021 p\u00fcstitasime esimese tehase v\u00e4rviga aiakuuri Houston.\u00a0 Sokliv\u00f6\u00f6 on tehtud kestvast \u00fcmbert\u00f6\u00f6deldud plastist prussist 5x10cm.","og_url":"https:\/\/alekeskus.eu\/toode\/aiamaja-houston-jarvekulas-8m\u00b2tehases-varvituna\/","og_site_name":"Alekeskus","article_modified_time":"2022-03-28T18:52:32+00:00","og_image":[{"width":1160,"height":870,"url":"https:\/\/alekeskus.eu\/wp-content\/uploads\/2022\/01\/Houston-varvitud-valmis.jpg","type":"image\/jpeg"}],"twitter_card":"summary_large_image","twitter_misc":{"Est. reading time":"1 minut"},"schema":{"@context":"https:\/\/schema.org","@graph":[{"@type":"WebPage","@id":"https:\/\/alekeskus.eu\/toode\/aiamaja-houston-jarvekulas-8m%c2%b2tehases-varvituna\/","url":"https:\/\/alekeskus.eu\/toode\/aiamaja-houston-jarvekulas-8m%c2%b2tehases-varvituna\/","name":"Aiamaja Houston J\u00e4rvek\u00fclas 8m\u00b2tehases v\u00e4rvituna - Alekeskus","isPartOf":{"@id":"https:\/\/alekeskus.eu\/#website"},"primaryImageOfPage":{"@id":"https:\/\/alekeskus.eu\/toode\/aiamaja-houston-jarvekulas-8m%c2%b2tehases-varvituna\/#primaryimage"},"image":{"@id":"https:\/\/alekeskus.eu\/toode\/aiamaja-houston-jarvekulas-8m%c2%b2tehases-varvituna\/#primaryimage"},"thumbnailUrl":"https:\/\/alekeskus.eu\/wp-content\/uploads\/2022\/01\/Houston-varvitud-valmis.jpg","datePublished":"2022-01-19T11:25:06+00:00","dateModified":"2022-03-28T18:52:32+00:00","breadcrumb":{"@id":"https:\/\/alekeskus.eu\/toode\/aiamaja-houston-jarvekulas-8m%c2%b2tehases-varvituna\/#breadcrumb"},"inLanguage":"et","potentialAction":[{"@type":"ReadAction","target":["https:\/\/alekeskus.eu\/toode\/aiamaja-houston-jarvekulas-8m%c2%b2tehases-varvituna\/"]}]},{"@type":"ImageObject","inLanguage":"et","@id":"https:\/\/alekeskus.eu\/toode\/aiamaja-houston-jarvekulas-8m%c2%b2tehases-varvituna\/#primaryimage","url":"https:\/\/alekeskus.eu\/wp-content\/uploads\/2022\/01\/Houston-varvitud-valmis.jpg","contentUrl":"https:\/\/alekeskus.eu\/wp-content\/uploads\/2022\/01\/Houston-varvitud-valmis.jpg","width":1160,"height":870},{"@type":"BreadcrumbList","@id":"https:\/\/alekeskus.eu\/toode\/aiamaja-houston-jarvekulas-8m%c2%b2tehases-varvituna\/#breadcrumb","itemListElement":[{"@type":"ListItem","position":1,"name":"Avaleht","item":"https:\/\/alekeskus.eu\/et\/"},{"@type":"ListItem","position":2,"name":"Pood","item":"https:\/\/alekeskus.eu\/pood\/"},{"@type":"ListItem","position":3,"name":"Aiamaja Houston J\u00e4rvek\u00fclas 8m\u00b2tehases v\u00e4rvituna"}]},{"@type":"WebSite","@id":"https:\/\/alekeskus.eu\/#website","url":"https:\/\/alekeskus.eu\/","name":"Alekeskus","description":"Alekeskus.eu","potentialAction":[{"@type":"SearchAction","target":{"@type":"EntryPoint","urlTemplate":"https:\/\/alekeskus.eu\/?s={search_term_string}"},"query-input":{"@type":"PropertyValueSpecification","valueRequired":true,"valueName":"search_term_string"}}],"inLanguage":"et"}]}},"brands":[],"_links":{"self":[{"href":"https:\/\/alekeskus.eu\/et\/wp-json\/wp\/v2\/product\/74542","targetHints":{"allow":["GET"]}}],"collection":[{"href":"https:\/\/alekeskus.eu\/et\/wp-json\/wp\/v2\/product"}],"about":[{"href":"https:\/\/alekeskus.eu\/et\/wp-json\/wp\/v2\/types\/product"}],"wp:featuredmedia":[{"embeddable":true,"href":"https:\/\/alekeskus.eu\/et\/wp-json\/wp\/v2\/media\/74544"}],"wp:attachment":[{"href":"https:\/\/alekeskus.eu\/et\/wp-json\/wp\/v2\/media?parent=74542"}],"wp:term":[{"taxonomy":"pwb-brand","embeddable":true,"href":"https:\/\/alekeskus.eu\/et\/wp-json\/wp\/v2\/pwb-brand?post=74542"},{"taxonomy":"product_brand","embeddable":true,"href":"https:\/\/alekeskus.eu\/et\/wp-json\/wp\/v2\/product_brand?post=74542"},{"taxonomy":"product_cat","embeddable":true,"href":"https:\/\/alekeskus.eu\/et\/wp-json\/wp\/v2\/product_cat?post=74542"},{"taxonomy":"product_tag","embeddable":true,"href":"https:\/\/alekeskus.eu\/et\/wp-json\/wp\/v2\/product_tag?post=74542"}],"curies":[{"name":"wp","href":"https:\/\/api.w.org\/{rel}","templated":true}]}}