{"id":74586,"date":"2023-01-20T11:53:11","date_gmt":"2023-01-20T11:53:11","guid":{"rendered":"https:\/\/alekeskus.eu\/?post_type=product&#038;p=74586"},"modified":"2024-12-21T00:03:59","modified_gmt":"2024-12-21T00:03:59","slug":"aiakuur-kibuna-6m-alekeskus","status":"publish","type":"product","link":"https:\/\/alekeskus.eu\/et\/toode\/aiakuur-kibuna-6m-alekeskus\/","title":{"rendered":"Aiakuur Kibuna3 6,0 m\u00b2 siledate nurkadega"},"content":{"rendered":"","protected":false},"excerpt":{"rendered":"<p>V\u00e4lism\u00f5\u00f5dud: <strong>250<\/strong><b> x 250 cm. <\/b>Seina k\u00f5rgused<strong> 245 ja 222 cm.\u00a0<\/strong><\/p>\n<ul>\n<li>freespalk <strong>28 mm<\/strong> <strong>sileda kaasaegse nurgalahendusega<\/strong><\/li>\n<li>silinderlukuga paarisuks 149 x 185 cm<\/li>\n<li>pleksiklaasiga aken 245 x 34 cm<\/li>\n<li>punnitud katuselauad 15&#215;90 mm<\/li>\n<li>p\u00f5randat ei ole<\/li>\n<li>\n<div class=\"spec-name\">katuse kalle 7 \u00b0 ja pindala 7,4 m<sup>2<\/sup><\/div>\n<\/li>\n<li>katusepapp v\u00f5i SBSbituumenkate lisahinnaga (tarve 2 rulli)<\/li>\n<li>\n<div class=\"spec-name\">kinnitusvahendid, koostejuhend<\/div>\n<\/li>\n<li>tellitav v\u00e4ljast v\u00e4rvituna +900\u20ac(hele-ja tumehall, punane, roheline, liistud-uks \u00fcleni valged, loe alt kirjeldust, tellimisaeg u 1 kuu pikem)<\/li>\n<li>Eesti toode<\/li>\n<li>ilmastikukindel pakend<\/li>\n<\/ul>\n<p>Vedu mandril tellijapoolse mahalaadimisega 100\u20ac v\u00f5i kraana-autoga 350\u20ac(suursaartele vastavalt 180\u20ac ja 590\u20ac).<\/p>\n<p>K\u00fcsi ka paigaldust!<\/p>\n","protected":false},"featured_media":74603,"template":"","meta":{"_monsterinsights_skip_tracking":false,"_monsterinsights_sitenote_active":false,"_monsterinsights_sitenote_note":"","_monsterinsights_sitenote_category":0},"pwb-brand":[],"product_brand":[],"product_cat":[13540,13600],"product_tag":[13813,15842,13815,13837,17186,13841,17936,13913,14264,14265],"class_list":{"0":"post-74586","1":"product","2":"type-product","3":"status-publish","4":"has-post-thumbnail","6":"product_cat-hooned-alekeskus","7":"product_cat-kuurid-aidad-kioskid","8":"product_tag-aiamaja","9":"product_tag-tooriistakuur","10":"product_tag-kuur","11":"product_tag-lato","12":"product_tag-kaasaegne-kuur","13":"product_tag-soojak","14":"product_tag-pihavarasto","15":"product_tag-vierasmaja","16":"product_tag-aiakuur","17":"product_tag-pihavaja","18":"product_shipping_class-kuni-1000kg","19":"pa_garantii-5-aastat","20":"pa_kohaletoimetamine-alates-100e","21":"pa_laoasukoht-tartumaa","22":"pa_pindalam-15393","23":"pa_seinapaksus-28-mm","24":"pa_varv-roheline","25":"pa_varv-punane","26":"pa_varv-viimistlemata","27":"pa_varv-tumehall","28":"pa_varv-helehall","29":"pa_veame-eesti-ja-soome","31":"first","32":"instock","33":"taxable","34":"shipping-taxable","35":"purchasable","36":"product-type-variable","37":"has-default-attributes"},"yoast_head":"<!-- This site is optimized with the Yoast SEO plugin v27.3 - https:\/\/yoast.com\/product\/yoast-seo-wordpress\/ -->\n<title>Aiakuur Kibuna3 6,0 m\u00b2 siledate nurkadega - Alekeskus<\/title>\n<meta name=\"description\" content=\"V\u00e4ike aiakuur \u00fclaakna ja sileda nurgalahendusega.\" \/>\n<meta name=\"robots\" content=\"index, follow, max-snippet:-1, max-image-preview:large, max-video-preview:-1\" \/>\n<link rel=\"canonical\" href=\"https:\/\/alekeskus.eu\/toode\/aiakuur-kibuna-6m-alekeskus\/\" \/>\n<meta property=\"og:locale\" content=\"et_EE\" \/>\n<meta property=\"og:type\" content=\"article\" \/>\n<meta property=\"og:title\" content=\"Aiakuur Kibuna3 6,0 m\u00b2 siledate nurkadega - Alekeskus\" \/>\n<meta property=\"og:description\" content=\"V\u00e4ike aiakuur \u00fclaakna ja sileda nurgalahendusega.\" \/>\n<meta property=\"og:url\" content=\"https:\/\/alekeskus.eu\/toode\/aiakuur-kibuna-6m-alekeskus\/\" \/>\n<meta property=\"og:site_name\" content=\"Alekeskus\" \/>\n<meta property=\"article:modified_time\" content=\"2024-12-21T00:03:59+00:00\" \/>\n<meta property=\"og:image\" content=\"https:\/\/alekeskus.eu\/wp-content\/uploads\/2022\/01\/Kibo3-loodus-1024x1024.jpg\" \/>\n\t<meta property=\"og:image:width\" content=\"1024\" \/>\n\t<meta property=\"og:image:height\" content=\"1024\" \/>\n\t<meta property=\"og:image:type\" content=\"image\/jpeg\" \/>\n<meta name=\"twitter:card\" content=\"summary_large_image\" \/>\n<meta name=\"twitter:label1\" content=\"Est. reading time\" \/>\n\t<meta name=\"twitter:data1\" content=\"1 minut\" \/>\n<script type=\"application\/ld+json\" class=\"yoast-schema-graph\">{\"@context\":\"https:\\\/\\\/schema.org\",\"@graph\":[{\"@type\":\"WebPage\",\"@id\":\"https:\\\/\\\/alekeskus.eu\\\/toode\\\/aiakuur-kibuna-6m-alekeskus\\\/\",\"url\":\"https:\\\/\\\/alekeskus.eu\\\/toode\\\/aiakuur-kibuna-6m-alekeskus\\\/\",\"name\":\"Aiakuur Kibuna3 6,0 m\u00b2 siledate nurkadega - Alekeskus\",\"isPartOf\":{\"@id\":\"https:\\\/\\\/alekeskus.eu\\\/#website\"},\"primaryImageOfPage\":{\"@id\":\"https:\\\/\\\/alekeskus.eu\\\/toode\\\/aiakuur-kibuna-6m-alekeskus\\\/#primaryimage\"},\"image\":{\"@id\":\"https:\\\/\\\/alekeskus.eu\\\/toode\\\/aiakuur-kibuna-6m-alekeskus\\\/#primaryimage\"},\"thumbnailUrl\":\"https:\\\/\\\/alekeskus.eu\\\/wp-content\\\/uploads\\\/2022\\\/01\\\/Kibo3-loodus.jpg\",\"datePublished\":\"2023-01-20T11:53:11+00:00\",\"dateModified\":\"2024-12-21T00:03:59+00:00\",\"description\":\"V\u00e4ike aiakuur \u00fclaakna ja sileda nurgalahendusega.\",\"breadcrumb\":{\"@id\":\"https:\\\/\\\/alekeskus.eu\\\/toode\\\/aiakuur-kibuna-6m-alekeskus\\\/#breadcrumb\"},\"inLanguage\":\"et\",\"potentialAction\":[{\"@type\":\"ReadAction\",\"target\":[\"https:\\\/\\\/alekeskus.eu\\\/toode\\\/aiakuur-kibuna-6m-alekeskus\\\/\"]}]},{\"@type\":\"ImageObject\",\"inLanguage\":\"et\",\"@id\":\"https:\\\/\\\/alekeskus.eu\\\/toode\\\/aiakuur-kibuna-6m-alekeskus\\\/#primaryimage\",\"url\":\"https:\\\/\\\/alekeskus.eu\\\/wp-content\\\/uploads\\\/2022\\\/01\\\/Kibo3-loodus.jpg\",\"contentUrl\":\"https:\\\/\\\/alekeskus.eu\\\/wp-content\\\/uploads\\\/2022\\\/01\\\/Kibo3-loodus.jpg\",\"width\":1600,\"height\":1067},{\"@type\":\"BreadcrumbList\",\"@id\":\"https:\\\/\\\/alekeskus.eu\\\/toode\\\/aiakuur-kibuna-6m-alekeskus\\\/#breadcrumb\",\"itemListElement\":[{\"@type\":\"ListItem\",\"position\":1,\"name\":\"Avaleht\",\"item\":\"https:\\\/\\\/alekeskus.eu\\\/et\\\/\"},{\"@type\":\"ListItem\",\"position\":2,\"name\":\"Pood\",\"item\":\"https:\\\/\\\/alekeskus.eu\\\/pood\\\/\"},{\"@type\":\"ListItem\",\"position\":3,\"name\":\"Aiakuur Kibuna3 6,0 m\u00b2 siledate nurkadega\"}]},{\"@type\":\"WebSite\",\"@id\":\"https:\\\/\\\/alekeskus.eu\\\/#website\",\"url\":\"https:\\\/\\\/alekeskus.eu\\\/\",\"name\":\"Alekeskus\",\"description\":\"Alekeskus.eu\",\"potentialAction\":[{\"@type\":\"SearchAction\",\"target\":{\"@type\":\"EntryPoint\",\"urlTemplate\":\"https:\\\/\\\/alekeskus.eu\\\/?s={search_term_string}\"},\"query-input\":{\"@type\":\"PropertyValueSpecification\",\"valueRequired\":true,\"valueName\":\"search_term_string\"}}],\"inLanguage\":\"et\"}]}<\/script>\n<!-- \/ Yoast SEO plugin. -->","yoast_head_json":{"title":"Aiakuur Kibuna3 6,0 m\u00b2 siledate nurkadega - Alekeskus","description":"V\u00e4ike aiakuur \u00fclaakna ja sileda nurgalahendusega.","robots":{"index":"index","follow":"follow","max-snippet":"max-snippet:-1","max-image-preview":"max-image-preview:large","max-video-preview":"max-video-preview:-1"},"canonical":"https:\/\/alekeskus.eu\/toode\/aiakuur-kibuna-6m-alekeskus\/","og_locale":"et_EE","og_type":"article","og_title":"Aiakuur Kibuna3 6,0 m\u00b2 siledate nurkadega - Alekeskus","og_description":"V\u00e4ike aiakuur \u00fclaakna ja sileda nurgalahendusega.","og_url":"https:\/\/alekeskus.eu\/toode\/aiakuur-kibuna-6m-alekeskus\/","og_site_name":"Alekeskus","article_modified_time":"2024-12-21T00:03:59+00:00","og_image":[{"width":1024,"height":1024,"url":"https:\/\/alekeskus.eu\/wp-content\/uploads\/2022\/01\/Kibo3-loodus-1024x1024.jpg","type":"image\/jpeg"}],"twitter_card":"summary_large_image","twitter_misc":{"Est. reading time":"1 minut"},"schema":{"@context":"https:\/\/schema.org","@graph":[{"@type":"WebPage","@id":"https:\/\/alekeskus.eu\/toode\/aiakuur-kibuna-6m-alekeskus\/","url":"https:\/\/alekeskus.eu\/toode\/aiakuur-kibuna-6m-alekeskus\/","name":"Aiakuur Kibuna3 6,0 m\u00b2 siledate nurkadega - Alekeskus","isPartOf":{"@id":"https:\/\/alekeskus.eu\/#website"},"primaryImageOfPage":{"@id":"https:\/\/alekeskus.eu\/toode\/aiakuur-kibuna-6m-alekeskus\/#primaryimage"},"image":{"@id":"https:\/\/alekeskus.eu\/toode\/aiakuur-kibuna-6m-alekeskus\/#primaryimage"},"thumbnailUrl":"https:\/\/alekeskus.eu\/wp-content\/uploads\/2022\/01\/Kibo3-loodus.jpg","datePublished":"2023-01-20T11:53:11+00:00","dateModified":"2024-12-21T00:03:59+00:00","description":"V\u00e4ike aiakuur \u00fclaakna ja sileda nurgalahendusega.","breadcrumb":{"@id":"https:\/\/alekeskus.eu\/toode\/aiakuur-kibuna-6m-alekeskus\/#breadcrumb"},"inLanguage":"et","potentialAction":[{"@type":"ReadAction","target":["https:\/\/alekeskus.eu\/toode\/aiakuur-kibuna-6m-alekeskus\/"]}]},{"@type":"ImageObject","inLanguage":"et","@id":"https:\/\/alekeskus.eu\/toode\/aiakuur-kibuna-6m-alekeskus\/#primaryimage","url":"https:\/\/alekeskus.eu\/wp-content\/uploads\/2022\/01\/Kibo3-loodus.jpg","contentUrl":"https:\/\/alekeskus.eu\/wp-content\/uploads\/2022\/01\/Kibo3-loodus.jpg","width":1600,"height":1067},{"@type":"BreadcrumbList","@id":"https:\/\/alekeskus.eu\/toode\/aiakuur-kibuna-6m-alekeskus\/#breadcrumb","itemListElement":[{"@type":"ListItem","position":1,"name":"Avaleht","item":"https:\/\/alekeskus.eu\/et\/"},{"@type":"ListItem","position":2,"name":"Pood","item":"https:\/\/alekeskus.eu\/pood\/"},{"@type":"ListItem","position":3,"name":"Aiakuur Kibuna3 6,0 m\u00b2 siledate nurkadega"}]},{"@type":"WebSite","@id":"https:\/\/alekeskus.eu\/#website","url":"https:\/\/alekeskus.eu\/","name":"Alekeskus","description":"Alekeskus.eu","potentialAction":[{"@type":"SearchAction","target":{"@type":"EntryPoint","urlTemplate":"https:\/\/alekeskus.eu\/?s={search_term_string}"},"query-input":{"@type":"PropertyValueSpecification","valueRequired":true,"valueName":"search_term_string"}}],"inLanguage":"et"}]}},"brands":[],"_links":{"self":[{"href":"https:\/\/alekeskus.eu\/et\/wp-json\/wp\/v2\/product\/74586","targetHints":{"allow":["GET"]}}],"collection":[{"href":"https:\/\/alekeskus.eu\/et\/wp-json\/wp\/v2\/product"}],"about":[{"href":"https:\/\/alekeskus.eu\/et\/wp-json\/wp\/v2\/types\/product"}],"wp:featuredmedia":[{"embeddable":true,"href":"https:\/\/alekeskus.eu\/et\/wp-json\/wp\/v2\/media\/74603"}],"wp:attachment":[{"href":"https:\/\/alekeskus.eu\/et\/wp-json\/wp\/v2\/media?parent=74586"}],"wp:term":[{"taxonomy":"pwb-brand","embeddable":true,"href":"https:\/\/alekeskus.eu\/et\/wp-json\/wp\/v2\/pwb-brand?post=74586"},{"taxonomy":"product_brand","embeddable":true,"href":"https:\/\/alekeskus.eu\/et\/wp-json\/wp\/v2\/product_brand?post=74586"},{"taxonomy":"product_cat","embeddable":true,"href":"https:\/\/alekeskus.eu\/et\/wp-json\/wp\/v2\/product_cat?post=74586"},{"taxonomy":"product_tag","embeddable":true,"href":"https:\/\/alekeskus.eu\/et\/wp-json\/wp\/v2\/product_tag?post=74586"}],"curies":[{"name":"wp","href":"https:\/\/api.w.org\/{rel}","templated":true}]}}