{"id":74694,"date":"2024-08-06T13:08:05","date_gmt":"2024-08-06T13:08:05","guid":{"rendered":"https:\/\/alekeskus.eu\/?post_type=product&#038;p=74694"},"modified":"2024-10-29T12:36:36","modified_gmt":"2024-10-29T12:36:36","slug":"aiamaja-vanker-126m%c2%b2-alekeskus","status":"publish","type":"product","link":"https:\/\/alekeskus.eu\/et\/toode\/aiamaja-vanker-126m%c2%b2-alekeskus\/","title":{"rendered":"Teisaldatav aiamaja Vanker 12,6 m\u00b2"},"content":{"rendered":"","protected":false},"excerpt":{"rendered":"<p>V\u00e4lism\u00f5\u00f5dud:<strong> 5,37 x 2,43 m.<\/strong><\/p>\n<p>Eristuva v\u00e4limusega teisaldatav aiamaja, kontor, k\u00e4mping v\u00f5i laste m\u00e4ngumaja. Vundamenti ei ole tarvis, sest seisab muudetava k\u00f5rgusega pulberv\u00e4rvitud terastugedel, millel k\u00fcljes on ka veerevad rattad. Maja saab l\u00fckata vajadusel teise kohta. P\u00f5rand asetseb madalamal teistest vankri mudelitest, kuna on v\u00e4iksemate ratastega.<\/p>\n<p>Elementidest seinad 18 mm-ise punnlauaga, p\u00f5randalauad ja katuselauad 18 mm. Kinnitusvahendid ja koostejuhend. Katusekate ei sisaldu hinnas.<\/p>\n<p>Pakettklaasiga aknad(1 avatav), uks.<\/p>\n<p>Pulberv\u00e4rvitud terasraam ja veerevad terasrattad, muudetava k\u00f5rgusega terasest seisujalad.<\/p>\n<p>Vedu mandril tellijapoolse mahalaadimisega 180\u20ac v\u00f5i kraana-autoga 350\u20ac(suursaartele vastavalt 280\u20ac ja 590\u20ac).<\/p>\n<p>K\u00fcsi paigaldust!<\/p>\n","protected":false},"featured_media":76511,"template":"","meta":{"_monsterinsights_skip_tracking":false,"_monsterinsights_sitenote_active":false,"_monsterinsights_sitenote_note":"","_monsterinsights_sitenote_category":0},"pwb-brand":[],"product_brand":[],"product_cat":[17182,13538,13592,13540,13594,13600,13602,13604,13608],"product_tag":[13813,13818,13824,13908,13909,13910,13913],"class_list":{"0":"post-74694","1":"product","2":"type-product","3":"status-publish","4":"has-post-thumbnail","6":"product_cat-suvekoogid-alekeskus","7":"product_cat-ale","8":"product_cat-aia-ja-grillmajad","9":"product_cat-hooned-alekeskus","10":"product_cat-mangumajad","11":"product_cat-kuurid-aidad-kioskid","12":"product_cat-elementmajad","13":"product_cat-saunad","14":"product_cat-kontorid","15":"product_tag-aiamaja","16":"product_tag-wagon","17":"product_tag-vankkuri","18":"product_tag-vanker","19":"product_tag-kamping","20":"product_tag-majutus","21":"product_tag-vierasmaja","22":"product_shipping_class-alates-1000kg","23":"pa_laoasukoht-vorumaa","24":"pa_pindalam-14232","25":"pa_seinapaksus-18-mm","26":"pa_tellimisaeg-kuni-4-nadalat","27":"pa_veame-eesti-ja-soome","29":"first","30":"instock","31":"sale","32":"featured","33":"taxable","34":"shipping-taxable","35":"purchasable","36":"product-type-simple"},"yoast_head":"<!-- This site is optimized with the Yoast SEO plugin v27.3 - https:\/\/yoast.com\/product\/yoast-seo-wordpress\/ -->\n<title>Teisaldatav aiamaja Vanker 12,6 m\u00b2 - Alekeskus<\/title>\n<meta name=\"description\" content=\"Teisaldatav ratasetel majake, mis sobib majutuseks, m\u00e4ngimiseks ja kodukontoriks.\" \/>\n<meta name=\"robots\" content=\"index, follow, max-snippet:-1, max-image-preview:large, max-video-preview:-1\" \/>\n<link rel=\"canonical\" href=\"https:\/\/alekeskus.eu\/toode\/aiamaja-vanker-126m\u00b2-alekeskus\/\" \/>\n<meta property=\"og:locale\" content=\"et_EE\" \/>\n<meta property=\"og:type\" content=\"article\" \/>\n<meta property=\"og:title\" content=\"Teisaldatav aiamaja Vanker 12,6 m\u00b2 - Alekeskus\" \/>\n<meta property=\"og:description\" content=\"Teisaldatav ratasetel majake, mis sobib majutuseks, m\u00e4ngimiseks ja kodukontoriks.\" \/>\n<meta property=\"og:url\" content=\"https:\/\/alekeskus.eu\/toode\/aiamaja-vanker-126m\u00b2-alekeskus\/\" \/>\n<meta property=\"og:site_name\" content=\"Alekeskus\" \/>\n<meta property=\"article:modified_time\" content=\"2024-10-29T12:36:36+00:00\" \/>\n<meta property=\"og:image\" content=\"https:\/\/alekeskus.eu\/wp-content\/uploads\/2022\/01\/Vanker-Hobby-uus.jpg\" \/>\n\t<meta property=\"og:image:width\" content=\"2560\" \/>\n\t<meta property=\"og:image:height\" content=\"1920\" \/>\n\t<meta property=\"og:image:type\" content=\"image\/jpeg\" \/>\n<meta name=\"twitter:card\" content=\"summary_large_image\" \/>\n<meta name=\"twitter:label1\" content=\"Est. reading time\" \/>\n\t<meta name=\"twitter:data1\" content=\"1 minut\" \/>\n<script type=\"application\/ld+json\" class=\"yoast-schema-graph\">{\"@context\":\"https:\\\/\\\/schema.org\",\"@graph\":[{\"@type\":\"WebPage\",\"@id\":\"https:\\\/\\\/alekeskus.eu\\\/toode\\\/aiamaja-vanker-126m%c2%b2-alekeskus\\\/\",\"url\":\"https:\\\/\\\/alekeskus.eu\\\/toode\\\/aiamaja-vanker-126m%c2%b2-alekeskus\\\/\",\"name\":\"Teisaldatav aiamaja Vanker 12,6 m\u00b2 - Alekeskus\",\"isPartOf\":{\"@id\":\"https:\\\/\\\/alekeskus.eu\\\/#website\"},\"primaryImageOfPage\":{\"@id\":\"https:\\\/\\\/alekeskus.eu\\\/toode\\\/aiamaja-vanker-126m%c2%b2-alekeskus\\\/#primaryimage\"},\"image\":{\"@id\":\"https:\\\/\\\/alekeskus.eu\\\/toode\\\/aiamaja-vanker-126m%c2%b2-alekeskus\\\/#primaryimage\"},\"thumbnailUrl\":\"https:\\\/\\\/alekeskus.eu\\\/wp-content\\\/uploads\\\/2022\\\/01\\\/Vanker-Hobby-uus.jpg\",\"datePublished\":\"2024-08-06T13:08:05+00:00\",\"dateModified\":\"2024-10-29T12:36:36+00:00\",\"description\":\"Teisaldatav ratasetel majake, mis sobib majutuseks, m\u00e4ngimiseks ja kodukontoriks.\",\"breadcrumb\":{\"@id\":\"https:\\\/\\\/alekeskus.eu\\\/toode\\\/aiamaja-vanker-126m%c2%b2-alekeskus\\\/#breadcrumb\"},\"inLanguage\":\"et\",\"potentialAction\":[{\"@type\":\"ReadAction\",\"target\":[\"https:\\\/\\\/alekeskus.eu\\\/toode\\\/aiamaja-vanker-126m%c2%b2-alekeskus\\\/\"]}]},{\"@type\":\"ImageObject\",\"inLanguage\":\"et\",\"@id\":\"https:\\\/\\\/alekeskus.eu\\\/toode\\\/aiamaja-vanker-126m%c2%b2-alekeskus\\\/#primaryimage\",\"url\":\"https:\\\/\\\/alekeskus.eu\\\/wp-content\\\/uploads\\\/2022\\\/01\\\/Vanker-Hobby-uus.jpg\",\"contentUrl\":\"https:\\\/\\\/alekeskus.eu\\\/wp-content\\\/uploads\\\/2022\\\/01\\\/Vanker-Hobby-uus.jpg\",\"width\":1600,\"height\":1200},{\"@type\":\"BreadcrumbList\",\"@id\":\"https:\\\/\\\/alekeskus.eu\\\/toode\\\/aiamaja-vanker-126m%c2%b2-alekeskus\\\/#breadcrumb\",\"itemListElement\":[{\"@type\":\"ListItem\",\"position\":1,\"name\":\"Avaleht\",\"item\":\"https:\\\/\\\/alekeskus.eu\\\/et\\\/\"},{\"@type\":\"ListItem\",\"position\":2,\"name\":\"Pood\",\"item\":\"https:\\\/\\\/alekeskus.eu\\\/pood\\\/\"},{\"@type\":\"ListItem\",\"position\":3,\"name\":\"Teisaldatav aiamaja Vanker 12,6 m\u00b2\"}]},{\"@type\":\"WebSite\",\"@id\":\"https:\\\/\\\/alekeskus.eu\\\/#website\",\"url\":\"https:\\\/\\\/alekeskus.eu\\\/\",\"name\":\"Alekeskus\",\"description\":\"Alekeskus.eu\",\"potentialAction\":[{\"@type\":\"SearchAction\",\"target\":{\"@type\":\"EntryPoint\",\"urlTemplate\":\"https:\\\/\\\/alekeskus.eu\\\/?s={search_term_string}\"},\"query-input\":{\"@type\":\"PropertyValueSpecification\",\"valueRequired\":true,\"valueName\":\"search_term_string\"}}],\"inLanguage\":\"et\"}]}<\/script>\n<!-- \/ Yoast SEO plugin. -->","yoast_head_json":{"title":"Teisaldatav aiamaja Vanker 12,6 m\u00b2 - Alekeskus","description":"Teisaldatav ratasetel majake, mis sobib majutuseks, m\u00e4ngimiseks ja kodukontoriks.","robots":{"index":"index","follow":"follow","max-snippet":"max-snippet:-1","max-image-preview":"max-image-preview:large","max-video-preview":"max-video-preview:-1"},"canonical":"https:\/\/alekeskus.eu\/toode\/aiamaja-vanker-126m\u00b2-alekeskus\/","og_locale":"et_EE","og_type":"article","og_title":"Teisaldatav aiamaja Vanker 12,6 m\u00b2 - Alekeskus","og_description":"Teisaldatav ratasetel majake, mis sobib majutuseks, m\u00e4ngimiseks ja kodukontoriks.","og_url":"https:\/\/alekeskus.eu\/toode\/aiamaja-vanker-126m\u00b2-alekeskus\/","og_site_name":"Alekeskus","article_modified_time":"2024-10-29T12:36:36+00:00","og_image":[{"width":2560,"height":1920,"url":"https:\/\/alekeskus.eu\/wp-content\/uploads\/2022\/01\/Vanker-Hobby-uus.jpg","type":"image\/jpeg"}],"twitter_card":"summary_large_image","twitter_misc":{"Est. reading time":"1 minut"},"schema":{"@context":"https:\/\/schema.org","@graph":[{"@type":"WebPage","@id":"https:\/\/alekeskus.eu\/toode\/aiamaja-vanker-126m%c2%b2-alekeskus\/","url":"https:\/\/alekeskus.eu\/toode\/aiamaja-vanker-126m%c2%b2-alekeskus\/","name":"Teisaldatav aiamaja Vanker 12,6 m\u00b2 - Alekeskus","isPartOf":{"@id":"https:\/\/alekeskus.eu\/#website"},"primaryImageOfPage":{"@id":"https:\/\/alekeskus.eu\/toode\/aiamaja-vanker-126m%c2%b2-alekeskus\/#primaryimage"},"image":{"@id":"https:\/\/alekeskus.eu\/toode\/aiamaja-vanker-126m%c2%b2-alekeskus\/#primaryimage"},"thumbnailUrl":"https:\/\/alekeskus.eu\/wp-content\/uploads\/2022\/01\/Vanker-Hobby-uus.jpg","datePublished":"2024-08-06T13:08:05+00:00","dateModified":"2024-10-29T12:36:36+00:00","description":"Teisaldatav ratasetel majake, mis sobib majutuseks, m\u00e4ngimiseks ja kodukontoriks.","breadcrumb":{"@id":"https:\/\/alekeskus.eu\/toode\/aiamaja-vanker-126m%c2%b2-alekeskus\/#breadcrumb"},"inLanguage":"et","potentialAction":[{"@type":"ReadAction","target":["https:\/\/alekeskus.eu\/toode\/aiamaja-vanker-126m%c2%b2-alekeskus\/"]}]},{"@type":"ImageObject","inLanguage":"et","@id":"https:\/\/alekeskus.eu\/toode\/aiamaja-vanker-126m%c2%b2-alekeskus\/#primaryimage","url":"https:\/\/alekeskus.eu\/wp-content\/uploads\/2022\/01\/Vanker-Hobby-uus.jpg","contentUrl":"https:\/\/alekeskus.eu\/wp-content\/uploads\/2022\/01\/Vanker-Hobby-uus.jpg","width":1600,"height":1200},{"@type":"BreadcrumbList","@id":"https:\/\/alekeskus.eu\/toode\/aiamaja-vanker-126m%c2%b2-alekeskus\/#breadcrumb","itemListElement":[{"@type":"ListItem","position":1,"name":"Avaleht","item":"https:\/\/alekeskus.eu\/et\/"},{"@type":"ListItem","position":2,"name":"Pood","item":"https:\/\/alekeskus.eu\/pood\/"},{"@type":"ListItem","position":3,"name":"Teisaldatav aiamaja Vanker 12,6 m\u00b2"}]},{"@type":"WebSite","@id":"https:\/\/alekeskus.eu\/#website","url":"https:\/\/alekeskus.eu\/","name":"Alekeskus","description":"Alekeskus.eu","potentialAction":[{"@type":"SearchAction","target":{"@type":"EntryPoint","urlTemplate":"https:\/\/alekeskus.eu\/?s={search_term_string}"},"query-input":{"@type":"PropertyValueSpecification","valueRequired":true,"valueName":"search_term_string"}}],"inLanguage":"et"}]}},"brands":[],"_links":{"self":[{"href":"https:\/\/alekeskus.eu\/et\/wp-json\/wp\/v2\/product\/74694","targetHints":{"allow":["GET"]}}],"collection":[{"href":"https:\/\/alekeskus.eu\/et\/wp-json\/wp\/v2\/product"}],"about":[{"href":"https:\/\/alekeskus.eu\/et\/wp-json\/wp\/v2\/types\/product"}],"wp:featuredmedia":[{"embeddable":true,"href":"https:\/\/alekeskus.eu\/et\/wp-json\/wp\/v2\/media\/76511"}],"wp:attachment":[{"href":"https:\/\/alekeskus.eu\/et\/wp-json\/wp\/v2\/media?parent=74694"}],"wp:term":[{"taxonomy":"pwb-brand","embeddable":true,"href":"https:\/\/alekeskus.eu\/et\/wp-json\/wp\/v2\/pwb-brand?post=74694"},{"taxonomy":"product_brand","embeddable":true,"href":"https:\/\/alekeskus.eu\/et\/wp-json\/wp\/v2\/product_brand?post=74694"},{"taxonomy":"product_cat","embeddable":true,"href":"https:\/\/alekeskus.eu\/et\/wp-json\/wp\/v2\/product_cat?post=74694"},{"taxonomy":"product_tag","embeddable":true,"href":"https:\/\/alekeskus.eu\/et\/wp-json\/wp\/v2\/product_tag?post=74694"}],"curies":[{"name":"wp","href":"https:\/\/api.w.org\/{rel}","templated":true}]}}