{"id":74928,"date":"2023-03-30T11:03:51","date_gmt":"2023-03-30T11:03:51","guid":{"rendered":"https:\/\/alekeskus.eu\/?post_type=product&#038;p=74928"},"modified":"2025-01-05T14:55:51","modified_gmt":"2025-01-05T14:55:51","slug":"suvemaja-3-toaga-snake70-alekeskus","status":"publish","type":"product","link":"https:\/\/alekeskus.eu\/et\/toode\/suvemaja-3-toaga-snake70-alekeskus\/","title":{"rendered":"Suvemaja Snake70 34,3 m\u00b2+terrass 10,8 m\u00b2"},"content":{"rendered":"","protected":false},"excerpt":{"rendered":"<p>Seinte v\u00e4lism\u00f5\u00f5dud 575 x 825 cm(ilma terrassita 575 x 625 cm). Seina k\u00f5rgused<strong> 326 cm ja 224 cm.\u00a0<\/strong><\/p>\n<ul>\n<li>tuuletapiga freespalk\u00a0<strong>70 mm,<\/strong> tormitugevdused<\/li>\n<li>3 tuba ja WC<\/li>\n<li>punnitud p\u00f5randa- ja katuselauad 18x90mm; s\u00fcvaimmutatud alusraam 45 x 70 mm; terrassilauad<\/li>\n<li>3 siseust ja 1 v\u00e4lisuks 79 x 198 cm,\u00a0 p\u00f6\u00f6rdkaldavanevad pakettaknad tihendiga ja alumiiniumist tilganinadega 88 \u00d7 101 cm 4 tk ja 133 x 101 cm 2 tk<\/li>\n<li>\n<div class=\"spec-name\">katuse kalle 20\u00b0, katuse pindala 60 m<sup>2<\/sup><\/div>\n<\/li>\n<li>\n<div class=\"spec-name\">kinnitusvahendid, koostejuhend<\/div>\n<\/li>\n<li>katusepapp ja sindelkatus lisahinnaga (vajaminev kogus 8 rll ja 23 pk)<\/li>\n<li>tehase garantii 5 aastat<\/li>\n<li>ilmastikukindel pakend<\/li>\n<li>ehitusjoonised<\/li>\n<li>Eesti toode<\/li>\n<\/ul>\n<p>Enne tellimist soovitame t\u00e4psustada veohinda ja tellimisaega. Tellimiseks eeldame ettemaksu pool maksumusest.<\/p>\n<p>K\u00fcsi ka paigaldust!<\/p>\n","protected":false},"featured_media":74930,"template":"","meta":{"_monsterinsights_skip_tracking":false,"_monsterinsights_sitenote_active":false,"_monsterinsights_sitenote_note":"","_monsterinsights_sitenote_category":0},"pwb-brand":[18577],"product_brand":[],"product_cat":[17182,13538,13540,13604,13610],"product_tag":[16285,13913,13970,13978,13999,17221,14252,14311,17390,14643,17866,15285,18033,13813,15363,15914],"class_list":{"0":"post-74928","1":"product","2":"type-product","3":"status-publish","4":"has-post-thumbnail","6":"pwb-brand-eesti","7":"product_cat-suvekoogid-alekeskus","8":"product_cat-ale","9":"product_cat-hooned-alekeskus","10":"product_cat-saunad","11":"product_cat-suvilad","12":"product_tag-rantasauna","13":"product_tag-vierasmaja","14":"product_tag-suvila","15":"product_tag-huvila","16":"product_tag-hoylahirsi","17":"product_tag-snake","18":"product_tag-suvemaja","19":"product_tag-freespalkaiamaja","20":"product_tag-freespalksuvila","21":"product_tag-terrass","22":"product_tag-hirsimokki","23":"product_tag-kesamokki","24":"product_tag-rantamokki-2","25":"product_tag-aiamaja","26":"product_tag-70mm","27":"product_tag-pihasauna","28":"product_shipping_class-alates-1000kg","29":"pa_garantii-5-aastat","30":"pa_laoasukoht-tartumaa","31":"pa_pindalam-17222","32":"pa_seinapaksus-70-mm","33":"pa_veame-eesti-ja-soome","35":"first","36":"onbackorder","37":"sale","38":"featured","39":"taxable","40":"shipping-taxable","41":"purchasable","42":"product-type-simple"},"yoast_head":"<!-- This site is optimized with the Yoast SEO plugin v27.3 - https:\/\/yoast.com\/product\/yoast-seo-wordpress\/ -->\n<title>Suvemaja Snake70 34,3 m\u00b2+terrass 10,8 m\u00b2 - Alekeskus<\/title>\n<meta name=\"description\" content=\"suure terrassiga mitmetoaline 70 mm-isest freespalgist suvemaja\" \/>\n<meta name=\"robots\" content=\"index, follow, max-snippet:-1, max-image-preview:large, max-video-preview:-1\" \/>\n<link rel=\"canonical\" href=\"https:\/\/alekeskus.eu\/toode\/suvemaja-3-toaga-snake70-alekeskus\/\" \/>\n<meta property=\"og:locale\" content=\"et_EE\" \/>\n<meta property=\"og:type\" content=\"article\" \/>\n<meta property=\"og:title\" content=\"Suvemaja Snake70 34,3 m\u00b2+terrass 10,8 m\u00b2 - Alekeskus\" \/>\n<meta property=\"og:description\" content=\"suure terrassiga mitmetoaline 70 mm-isest freespalgist suvemaja\" \/>\n<meta property=\"og:url\" content=\"https:\/\/alekeskus.eu\/toode\/suvemaja-3-toaga-snake70-alekeskus\/\" \/>\n<meta property=\"og:site_name\" content=\"Alekeskus\" \/>\n<meta property=\"article:modified_time\" content=\"2025-01-05T14:55:51+00:00\" \/>\n<meta property=\"og:image\" content=\"https:\/\/alekeskus.eu\/wp-content\/uploads\/2022\/01\/Snake70-loodus.jpg\" \/>\n\t<meta property=\"og:image:width\" content=\"2500\" \/>\n\t<meta property=\"og:image:height\" content=\"1667\" \/>\n\t<meta property=\"og:image:type\" content=\"image\/jpeg\" \/>\n<meta name=\"twitter:card\" content=\"summary_large_image\" \/>\n<meta name=\"twitter:label1\" content=\"Est. reading time\" \/>\n\t<meta name=\"twitter:data1\" content=\"1 minut\" \/>\n<script type=\"application\/ld+json\" class=\"yoast-schema-graph\">{\"@context\":\"https:\\\/\\\/schema.org\",\"@graph\":[{\"@type\":\"WebPage\",\"@id\":\"https:\\\/\\\/alekeskus.eu\\\/toode\\\/suvemaja-3-toaga-snake70-alekeskus\\\/\",\"url\":\"https:\\\/\\\/alekeskus.eu\\\/toode\\\/suvemaja-3-toaga-snake70-alekeskus\\\/\",\"name\":\"Suvemaja Snake70 34,3 m\u00b2+terrass 10,8 m\u00b2 - Alekeskus\",\"isPartOf\":{\"@id\":\"https:\\\/\\\/alekeskus.eu\\\/#website\"},\"primaryImageOfPage\":{\"@id\":\"https:\\\/\\\/alekeskus.eu\\\/toode\\\/suvemaja-3-toaga-snake70-alekeskus\\\/#primaryimage\"},\"image\":{\"@id\":\"https:\\\/\\\/alekeskus.eu\\\/toode\\\/suvemaja-3-toaga-snake70-alekeskus\\\/#primaryimage\"},\"thumbnailUrl\":\"https:\\\/\\\/alekeskus.eu\\\/wp-content\\\/uploads\\\/2022\\\/01\\\/Snake70-loodus.jpg\",\"datePublished\":\"2023-03-30T11:03:51+00:00\",\"dateModified\":\"2025-01-05T14:55:51+00:00\",\"description\":\"suure terrassiga mitmetoaline 70 mm-isest freespalgist suvemaja\",\"breadcrumb\":{\"@id\":\"https:\\\/\\\/alekeskus.eu\\\/toode\\\/suvemaja-3-toaga-snake70-alekeskus\\\/#breadcrumb\"},\"inLanguage\":\"et\",\"potentialAction\":[{\"@type\":\"ReadAction\",\"target\":[\"https:\\\/\\\/alekeskus.eu\\\/toode\\\/suvemaja-3-toaga-snake70-alekeskus\\\/\"]}]},{\"@type\":\"ImageObject\",\"inLanguage\":\"et\",\"@id\":\"https:\\\/\\\/alekeskus.eu\\\/toode\\\/suvemaja-3-toaga-snake70-alekeskus\\\/#primaryimage\",\"url\":\"https:\\\/\\\/alekeskus.eu\\\/wp-content\\\/uploads\\\/2022\\\/01\\\/Snake70-loodus.jpg\",\"contentUrl\":\"https:\\\/\\\/alekeskus.eu\\\/wp-content\\\/uploads\\\/2022\\\/01\\\/Snake70-loodus.jpg\",\"width\":2500,\"height\":1667},{\"@type\":\"BreadcrumbList\",\"@id\":\"https:\\\/\\\/alekeskus.eu\\\/toode\\\/suvemaja-3-toaga-snake70-alekeskus\\\/#breadcrumb\",\"itemListElement\":[{\"@type\":\"ListItem\",\"position\":1,\"name\":\"Avaleht\",\"item\":\"https:\\\/\\\/alekeskus.eu\\\/et\\\/\"},{\"@type\":\"ListItem\",\"position\":2,\"name\":\"Pood\",\"item\":\"https:\\\/\\\/alekeskus.eu\\\/pood\\\/\"},{\"@type\":\"ListItem\",\"position\":3,\"name\":\"Suvemaja Snake70 34,3 m\u00b2+terrass 10,8 m\u00b2\"}]},{\"@type\":\"WebSite\",\"@id\":\"https:\\\/\\\/alekeskus.eu\\\/#website\",\"url\":\"https:\\\/\\\/alekeskus.eu\\\/\",\"name\":\"Alekeskus\",\"description\":\"Alekeskus.eu\",\"potentialAction\":[{\"@type\":\"SearchAction\",\"target\":{\"@type\":\"EntryPoint\",\"urlTemplate\":\"https:\\\/\\\/alekeskus.eu\\\/?s={search_term_string}\"},\"query-input\":{\"@type\":\"PropertyValueSpecification\",\"valueRequired\":true,\"valueName\":\"search_term_string\"}}],\"inLanguage\":\"et\"}]}<\/script>\n<!-- \/ Yoast SEO plugin. -->","yoast_head_json":{"title":"Suvemaja Snake70 34,3 m\u00b2+terrass 10,8 m\u00b2 - Alekeskus","description":"suure terrassiga mitmetoaline 70 mm-isest freespalgist suvemaja","robots":{"index":"index","follow":"follow","max-snippet":"max-snippet:-1","max-image-preview":"max-image-preview:large","max-video-preview":"max-video-preview:-1"},"canonical":"https:\/\/alekeskus.eu\/toode\/suvemaja-3-toaga-snake70-alekeskus\/","og_locale":"et_EE","og_type":"article","og_title":"Suvemaja Snake70 34,3 m\u00b2+terrass 10,8 m\u00b2 - Alekeskus","og_description":"suure terrassiga mitmetoaline 70 mm-isest freespalgist suvemaja","og_url":"https:\/\/alekeskus.eu\/toode\/suvemaja-3-toaga-snake70-alekeskus\/","og_site_name":"Alekeskus","article_modified_time":"2025-01-05T14:55:51+00:00","og_image":[{"width":2500,"height":1667,"url":"https:\/\/alekeskus.eu\/wp-content\/uploads\/2022\/01\/Snake70-loodus.jpg","type":"image\/jpeg"}],"twitter_card":"summary_large_image","twitter_misc":{"Est. reading time":"1 minut"},"schema":{"@context":"https:\/\/schema.org","@graph":[{"@type":"WebPage","@id":"https:\/\/alekeskus.eu\/toode\/suvemaja-3-toaga-snake70-alekeskus\/","url":"https:\/\/alekeskus.eu\/toode\/suvemaja-3-toaga-snake70-alekeskus\/","name":"Suvemaja Snake70 34,3 m\u00b2+terrass 10,8 m\u00b2 - Alekeskus","isPartOf":{"@id":"https:\/\/alekeskus.eu\/#website"},"primaryImageOfPage":{"@id":"https:\/\/alekeskus.eu\/toode\/suvemaja-3-toaga-snake70-alekeskus\/#primaryimage"},"image":{"@id":"https:\/\/alekeskus.eu\/toode\/suvemaja-3-toaga-snake70-alekeskus\/#primaryimage"},"thumbnailUrl":"https:\/\/alekeskus.eu\/wp-content\/uploads\/2022\/01\/Snake70-loodus.jpg","datePublished":"2023-03-30T11:03:51+00:00","dateModified":"2025-01-05T14:55:51+00:00","description":"suure terrassiga mitmetoaline 70 mm-isest freespalgist suvemaja","breadcrumb":{"@id":"https:\/\/alekeskus.eu\/toode\/suvemaja-3-toaga-snake70-alekeskus\/#breadcrumb"},"inLanguage":"et","potentialAction":[{"@type":"ReadAction","target":["https:\/\/alekeskus.eu\/toode\/suvemaja-3-toaga-snake70-alekeskus\/"]}]},{"@type":"ImageObject","inLanguage":"et","@id":"https:\/\/alekeskus.eu\/toode\/suvemaja-3-toaga-snake70-alekeskus\/#primaryimage","url":"https:\/\/alekeskus.eu\/wp-content\/uploads\/2022\/01\/Snake70-loodus.jpg","contentUrl":"https:\/\/alekeskus.eu\/wp-content\/uploads\/2022\/01\/Snake70-loodus.jpg","width":2500,"height":1667},{"@type":"BreadcrumbList","@id":"https:\/\/alekeskus.eu\/toode\/suvemaja-3-toaga-snake70-alekeskus\/#breadcrumb","itemListElement":[{"@type":"ListItem","position":1,"name":"Avaleht","item":"https:\/\/alekeskus.eu\/et\/"},{"@type":"ListItem","position":2,"name":"Pood","item":"https:\/\/alekeskus.eu\/pood\/"},{"@type":"ListItem","position":3,"name":"Suvemaja Snake70 34,3 m\u00b2+terrass 10,8 m\u00b2"}]},{"@type":"WebSite","@id":"https:\/\/alekeskus.eu\/#website","url":"https:\/\/alekeskus.eu\/","name":"Alekeskus","description":"Alekeskus.eu","potentialAction":[{"@type":"SearchAction","target":{"@type":"EntryPoint","urlTemplate":"https:\/\/alekeskus.eu\/?s={search_term_string}"},"query-input":{"@type":"PropertyValueSpecification","valueRequired":true,"valueName":"search_term_string"}}],"inLanguage":"et"}]}},"brands":[{"id":18577,"name":"Eesti","slug":"eesti"}],"_links":{"self":[{"href":"https:\/\/alekeskus.eu\/et\/wp-json\/wp\/v2\/product\/74928","targetHints":{"allow":["GET"]}}],"collection":[{"href":"https:\/\/alekeskus.eu\/et\/wp-json\/wp\/v2\/product"}],"about":[{"href":"https:\/\/alekeskus.eu\/et\/wp-json\/wp\/v2\/types\/product"}],"wp:featuredmedia":[{"embeddable":true,"href":"https:\/\/alekeskus.eu\/et\/wp-json\/wp\/v2\/media\/74930"}],"wp:attachment":[{"href":"https:\/\/alekeskus.eu\/et\/wp-json\/wp\/v2\/media?parent=74928"}],"wp:term":[{"taxonomy":"pwb-brand","embeddable":true,"href":"https:\/\/alekeskus.eu\/et\/wp-json\/wp\/v2\/pwb-brand?post=74928"},{"taxonomy":"product_brand","embeddable":true,"href":"https:\/\/alekeskus.eu\/et\/wp-json\/wp\/v2\/product_brand?post=74928"},{"taxonomy":"product_cat","embeddable":true,"href":"https:\/\/alekeskus.eu\/et\/wp-json\/wp\/v2\/product_cat?post=74928"},{"taxonomy":"product_tag","embeddable":true,"href":"https:\/\/alekeskus.eu\/et\/wp-json\/wp\/v2\/product_tag?post=74928"}],"curies":[{"name":"wp","href":"https:\/\/api.w.org\/{rel}","templated":true}]}}