{"id":75111,"date":"2023-02-07T14:07:02","date_gmt":"2023-02-07T14:07:02","guid":{"rendered":"https:\/\/alekeskus.eu\/?post_type=product&#038;p=75111"},"modified":"2025-03-23T18:41:08","modified_gmt":"2025-03-23T18:41:08","slug":"ehituslaud-plastjaatmetest-25x140-alekeskus","status":"publish","type":"product","link":"https:\/\/alekeskus.eu\/et\/toode\/ehituslaud-plastjaatmetest-25x140-alekeskus\/","title":{"rendered":"Laud 25&#215;140 mm \u00fcmbert\u00f6\u00f6deldud plastj\u00e4\u00e4tmetest"},"content":{"rendered":"<p>Profiilid on toodetakse toidut\u00f6\u00f6stusest p\u00e4rinevatest plastpakenditest ekstruudermenetlusel. Orgaaniliste materjalide eemaldamiseks t\u00f6\u00f6deldakse toorainet termiliselt. Materjal koosneb peamiselt k\u00f5rg- ja madaltihedast pol\u00fcet\u00fcleenist (HDPE, LPDE), pol\u00fcst\u00fcreenist (PP) ja pol\u00fcprop\u00fcleenist (PS).<\/p>\n","protected":false},"excerpt":{"rendered":"<ul>\n<li><span style=\"text-decoration: underline;\">hooldusvaba, lihtne puhastus<\/span><\/li>\n<li>t\u00f6\u00f6deldavus nagu puidul<\/li>\n<li>soojuspaisumine suurem kui puidul<\/li>\n<li><strong>t\u00e4isplast(<\/strong>ei ole \u00f5\u00f5nes nagu komposiitlauad)<\/li>\n<li><strong>garantii 15 aastat<\/strong><\/li>\n<li>ilmastiku- ja UV-kindel<\/li>\n<li>ei ima, m\u00fcrgitu<\/li>\n<li>ei aja pinde<\/li>\n<li>ei m\u00e4dane ega hallita<\/li>\n<li><span style=\"text-decoration: underline;\">1m toote tegemiseks kasutatakse u 500 \u00e4ravisatud kilekotti. Eesti toode<\/span><\/li>\n<\/ul>\n<p>Sileda v\u00f5i puus\u00fc\u00fc pinnaga. 4 v\u00e4rvi.<\/p>\n","protected":false},"featured_media":75167,"template":"","meta":{"_monsterinsights_skip_tracking":false,"_monsterinsights_sitenote_active":false,"_monsterinsights_sitenote_note":"","_monsterinsights_sitenote_category":0},"pwb-brand":[18577],"product_brand":[],"product_cat":[13546],"product_tag":[16151,16163,16180,16203,16204,17236,17264,14747,15559],"class_list":{"0":"post-75111","1":"product","2":"type-product","3":"status-publish","4":"has-post-thumbnail","6":"pwb-brand-eesti","7":"product_cat-umbertoodeldud-plastist-tooted-alekeskus","8":"product_tag-plastjaatmed","9":"product_tag-ehitusmaterjal","10":"product_tag-punnlaud","11":"product_tag-seinavooder","12":"product_tag-okoloogiline-toode","13":"product_tag-kierratysmuovi","14":"product_tag-muovilankku","15":"product_tag-ekologinen-rakennusmateriaali","16":"product_tag-voodrilaud","17":"product_shipping_class-30-300kg","18":"pa_garantii-15-aastat","19":"pa_kaalkg-28-jm","20":"pa_kohaletoimetamine-veohind-mandri-eestis-alekeskus","21":"pa_laoasukoht-jarvamaa","22":"pa_pikkus-3000-mm","23":"pa_pikkus-3600-mm","24":"pa_tellimisaeg-2-10-toopaeva","25":"pa_valimus-sile-pind","26":"pa_valimus-puusuu-alekeskus","27":"pa_varv-roheline","28":"pa_varv-hall","29":"pa_varv-pruun","30":"pa_varv-must","31":"pa_veame-eesti-ja-soome","33":"first","34":"instock","35":"taxable","36":"shipping-taxable","37":"purchasable","38":"product-type-variable"},"yoast_head":"<!-- This site is optimized with the Yoast SEO plugin v27.3 - https:\/\/yoast.com\/product\/yoast-seo-wordpress\/ -->\n<title>Laud 25x140 mm \u00fcmbert\u00f6\u00f6deldud plastj\u00e4\u00e4tmetest - Alekeskus<\/title>\n<meta name=\"description\" content=\"Ehitusmaterjal taaskasutatud plastj\u00e4\u00e4tmetest\" \/>\n<meta name=\"robots\" content=\"index, follow, max-snippet:-1, max-image-preview:large, max-video-preview:-1\" \/>\n<link rel=\"canonical\" href=\"https:\/\/alekeskus.eu\/toode\/ehituslaud-plastjaatmetest-25x140-alekeskus\/\" \/>\n<meta property=\"og:locale\" content=\"et_EE\" \/>\n<meta property=\"og:type\" content=\"article\" \/>\n<meta property=\"og:title\" content=\"Laud 25x140 mm \u00fcmbert\u00f6\u00f6deldud plastj\u00e4\u00e4tmetest - Alekeskus\" \/>\n<meta property=\"og:description\" content=\"Ehitusmaterjal taaskasutatud plastj\u00e4\u00e4tmetest\" \/>\n<meta property=\"og:url\" content=\"https:\/\/alekeskus.eu\/toode\/ehituslaud-plastjaatmetest-25x140-alekeskus\/\" \/>\n<meta property=\"og:site_name\" content=\"Alekeskus\" \/>\n<meta property=\"article:modified_time\" content=\"2025-03-23T18:41:08+00:00\" \/>\n<meta property=\"og:image\" content=\"https:\/\/alekeskus.eu\/wp-content\/uploads\/2022\/02\/25x145puusuu-uus.jpg\" \/>\n\t<meta property=\"og:image:width\" content=\"1000\" \/>\n\t<meta property=\"og:image:height\" content=\"667\" \/>\n\t<meta property=\"og:image:type\" content=\"image\/jpeg\" \/>\n<meta name=\"twitter:card\" content=\"summary_large_image\" \/>\n<meta name=\"twitter:label1\" content=\"Est. reading time\" \/>\n\t<meta name=\"twitter:data1\" content=\"1 minut\" \/>\n<script type=\"application\/ld+json\" class=\"yoast-schema-graph\">{\"@context\":\"https:\\\/\\\/schema.org\",\"@graph\":[{\"@type\":\"WebPage\",\"@id\":\"https:\\\/\\\/alekeskus.eu\\\/toode\\\/ehituslaud-plastjaatmetest-25x140-alekeskus\\\/\",\"url\":\"https:\\\/\\\/alekeskus.eu\\\/toode\\\/ehituslaud-plastjaatmetest-25x140-alekeskus\\\/\",\"name\":\"Laud 25x140 mm \u00fcmbert\u00f6\u00f6deldud plastj\u00e4\u00e4tmetest - Alekeskus\",\"isPartOf\":{\"@id\":\"https:\\\/\\\/alekeskus.eu\\\/#website\"},\"primaryImageOfPage\":{\"@id\":\"https:\\\/\\\/alekeskus.eu\\\/toode\\\/ehituslaud-plastjaatmetest-25x140-alekeskus\\\/#primaryimage\"},\"image\":{\"@id\":\"https:\\\/\\\/alekeskus.eu\\\/toode\\\/ehituslaud-plastjaatmetest-25x140-alekeskus\\\/#primaryimage\"},\"thumbnailUrl\":\"https:\\\/\\\/alekeskus.eu\\\/wp-content\\\/uploads\\\/2022\\\/02\\\/25x145puusuu-uus.jpg\",\"datePublished\":\"2023-02-07T14:07:02+00:00\",\"dateModified\":\"2025-03-23T18:41:08+00:00\",\"description\":\"Ehitusmaterjal taaskasutatud plastj\u00e4\u00e4tmetest\",\"breadcrumb\":{\"@id\":\"https:\\\/\\\/alekeskus.eu\\\/toode\\\/ehituslaud-plastjaatmetest-25x140-alekeskus\\\/#breadcrumb\"},\"inLanguage\":\"et\",\"potentialAction\":[{\"@type\":\"ReadAction\",\"target\":[\"https:\\\/\\\/alekeskus.eu\\\/toode\\\/ehituslaud-plastjaatmetest-25x140-alekeskus\\\/\"]}]},{\"@type\":\"ImageObject\",\"inLanguage\":\"et\",\"@id\":\"https:\\\/\\\/alekeskus.eu\\\/toode\\\/ehituslaud-plastjaatmetest-25x140-alekeskus\\\/#primaryimage\",\"url\":\"https:\\\/\\\/alekeskus.eu\\\/wp-content\\\/uploads\\\/2022\\\/02\\\/25x145puusuu-uus.jpg\",\"contentUrl\":\"https:\\\/\\\/alekeskus.eu\\\/wp-content\\\/uploads\\\/2022\\\/02\\\/25x145puusuu-uus.jpg\",\"width\":1000,\"height\":667},{\"@type\":\"BreadcrumbList\",\"@id\":\"https:\\\/\\\/alekeskus.eu\\\/toode\\\/ehituslaud-plastjaatmetest-25x140-alekeskus\\\/#breadcrumb\",\"itemListElement\":[{\"@type\":\"ListItem\",\"position\":1,\"name\":\"Avaleht\",\"item\":\"https:\\\/\\\/alekeskus.eu\\\/et\\\/\"},{\"@type\":\"ListItem\",\"position\":2,\"name\":\"Pood\",\"item\":\"https:\\\/\\\/alekeskus.eu\\\/pood\\\/\"},{\"@type\":\"ListItem\",\"position\":3,\"name\":\"Laud 25&#215;140 mm \u00fcmbert\u00f6\u00f6deldud plastj\u00e4\u00e4tmetest\"}]},{\"@type\":\"WebSite\",\"@id\":\"https:\\\/\\\/alekeskus.eu\\\/#website\",\"url\":\"https:\\\/\\\/alekeskus.eu\\\/\",\"name\":\"Alekeskus\",\"description\":\"Alekeskus.eu\",\"potentialAction\":[{\"@type\":\"SearchAction\",\"target\":{\"@type\":\"EntryPoint\",\"urlTemplate\":\"https:\\\/\\\/alekeskus.eu\\\/?s={search_term_string}\"},\"query-input\":{\"@type\":\"PropertyValueSpecification\",\"valueRequired\":true,\"valueName\":\"search_term_string\"}}],\"inLanguage\":\"et\"}]}<\/script>\n<!-- \/ Yoast SEO plugin. -->","yoast_head_json":{"title":"Laud 25x140 mm \u00fcmbert\u00f6\u00f6deldud plastj\u00e4\u00e4tmetest - Alekeskus","description":"Ehitusmaterjal taaskasutatud plastj\u00e4\u00e4tmetest","robots":{"index":"index","follow":"follow","max-snippet":"max-snippet:-1","max-image-preview":"max-image-preview:large","max-video-preview":"max-video-preview:-1"},"canonical":"https:\/\/alekeskus.eu\/toode\/ehituslaud-plastjaatmetest-25x140-alekeskus\/","og_locale":"et_EE","og_type":"article","og_title":"Laud 25x140 mm \u00fcmbert\u00f6\u00f6deldud plastj\u00e4\u00e4tmetest - Alekeskus","og_description":"Ehitusmaterjal taaskasutatud plastj\u00e4\u00e4tmetest","og_url":"https:\/\/alekeskus.eu\/toode\/ehituslaud-plastjaatmetest-25x140-alekeskus\/","og_site_name":"Alekeskus","article_modified_time":"2025-03-23T18:41:08+00:00","og_image":[{"width":1000,"height":667,"url":"https:\/\/alekeskus.eu\/wp-content\/uploads\/2022\/02\/25x145puusuu-uus.jpg","type":"image\/jpeg"}],"twitter_card":"summary_large_image","twitter_misc":{"Est. reading time":"1 minut"},"schema":{"@context":"https:\/\/schema.org","@graph":[{"@type":"WebPage","@id":"https:\/\/alekeskus.eu\/toode\/ehituslaud-plastjaatmetest-25x140-alekeskus\/","url":"https:\/\/alekeskus.eu\/toode\/ehituslaud-plastjaatmetest-25x140-alekeskus\/","name":"Laud 25x140 mm \u00fcmbert\u00f6\u00f6deldud plastj\u00e4\u00e4tmetest - Alekeskus","isPartOf":{"@id":"https:\/\/alekeskus.eu\/#website"},"primaryImageOfPage":{"@id":"https:\/\/alekeskus.eu\/toode\/ehituslaud-plastjaatmetest-25x140-alekeskus\/#primaryimage"},"image":{"@id":"https:\/\/alekeskus.eu\/toode\/ehituslaud-plastjaatmetest-25x140-alekeskus\/#primaryimage"},"thumbnailUrl":"https:\/\/alekeskus.eu\/wp-content\/uploads\/2022\/02\/25x145puusuu-uus.jpg","datePublished":"2023-02-07T14:07:02+00:00","dateModified":"2025-03-23T18:41:08+00:00","description":"Ehitusmaterjal taaskasutatud plastj\u00e4\u00e4tmetest","breadcrumb":{"@id":"https:\/\/alekeskus.eu\/toode\/ehituslaud-plastjaatmetest-25x140-alekeskus\/#breadcrumb"},"inLanguage":"et","potentialAction":[{"@type":"ReadAction","target":["https:\/\/alekeskus.eu\/toode\/ehituslaud-plastjaatmetest-25x140-alekeskus\/"]}]},{"@type":"ImageObject","inLanguage":"et","@id":"https:\/\/alekeskus.eu\/toode\/ehituslaud-plastjaatmetest-25x140-alekeskus\/#primaryimage","url":"https:\/\/alekeskus.eu\/wp-content\/uploads\/2022\/02\/25x145puusuu-uus.jpg","contentUrl":"https:\/\/alekeskus.eu\/wp-content\/uploads\/2022\/02\/25x145puusuu-uus.jpg","width":1000,"height":667},{"@type":"BreadcrumbList","@id":"https:\/\/alekeskus.eu\/toode\/ehituslaud-plastjaatmetest-25x140-alekeskus\/#breadcrumb","itemListElement":[{"@type":"ListItem","position":1,"name":"Avaleht","item":"https:\/\/alekeskus.eu\/et\/"},{"@type":"ListItem","position":2,"name":"Pood","item":"https:\/\/alekeskus.eu\/pood\/"},{"@type":"ListItem","position":3,"name":"Laud 25&#215;140 mm \u00fcmbert\u00f6\u00f6deldud plastj\u00e4\u00e4tmetest"}]},{"@type":"WebSite","@id":"https:\/\/alekeskus.eu\/#website","url":"https:\/\/alekeskus.eu\/","name":"Alekeskus","description":"Alekeskus.eu","potentialAction":[{"@type":"SearchAction","target":{"@type":"EntryPoint","urlTemplate":"https:\/\/alekeskus.eu\/?s={search_term_string}"},"query-input":{"@type":"PropertyValueSpecification","valueRequired":true,"valueName":"search_term_string"}}],"inLanguage":"et"}]}},"brands":[{"id":18577,"name":"Eesti","slug":"eesti"}],"_links":{"self":[{"href":"https:\/\/alekeskus.eu\/et\/wp-json\/wp\/v2\/product\/75111","targetHints":{"allow":["GET"]}}],"collection":[{"href":"https:\/\/alekeskus.eu\/et\/wp-json\/wp\/v2\/product"}],"about":[{"href":"https:\/\/alekeskus.eu\/et\/wp-json\/wp\/v2\/types\/product"}],"wp:featuredmedia":[{"embeddable":true,"href":"https:\/\/alekeskus.eu\/et\/wp-json\/wp\/v2\/media\/75167"}],"wp:attachment":[{"href":"https:\/\/alekeskus.eu\/et\/wp-json\/wp\/v2\/media?parent=75111"}],"wp:term":[{"taxonomy":"pwb-brand","embeddable":true,"href":"https:\/\/alekeskus.eu\/et\/wp-json\/wp\/v2\/pwb-brand?post=75111"},{"taxonomy":"product_brand","embeddable":true,"href":"https:\/\/alekeskus.eu\/et\/wp-json\/wp\/v2\/product_brand?post=75111"},{"taxonomy":"product_cat","embeddable":true,"href":"https:\/\/alekeskus.eu\/et\/wp-json\/wp\/v2\/product_cat?post=75111"},{"taxonomy":"product_tag","embeddable":true,"href":"https:\/\/alekeskus.eu\/et\/wp-json\/wp\/v2\/product_tag?post=75111"}],"curies":[{"name":"wp","href":"https:\/\/api.w.org\/{rel}","templated":true}]}}