{"id":75252,"date":"2026-01-01T19:58:10","date_gmt":"2026-01-01T19:58:10","guid":{"rendered":"https:\/\/alekeskus.eu\/?post_type=product&#038;p=75252"},"modified":"2026-01-05T17:05:57","modified_gmt":"2026-01-05T17:05:57","slug":"aiakuur-margus-65-alekeskus","status":"publish","type":"product","link":"https:\/\/alekeskus.eu\/et\/toode\/aiakuur-margus-65-alekeskus\/","title":{"rendered":"Aiakuur Margus 6,5m\u00b2 panipaigaga + katusealune L\u00d5PUM\u00dc\u00dcK!"},"content":{"rendered":"<div class=\"pictogram qtip-additional-element\" aria-describedby=\"ui-tooltip-153\">\n<div>Pakend: 4,1 x 1,2 x 0,5 m, kaal 525 kg<\/div>\n<div class=\"image\">Paigaldusohje: <a href=\"https:\/\/alekeskus.eu\/wp-content\/uploads\/2022\/11\/Margus65ohje.pdf\">Margus6,5ohje<\/a><\/div>\n<\/div>\n","protected":false},"excerpt":{"rendered":"<p>V\u00e4lism\u00f5\u00f5dud: <strong>233<\/strong>\u00a0<strong>x 239 cm<\/strong>.<\/p>\n<p><strong>TASUTA VEDU JA MAHALAADIMINE(ka suursaartel)!<\/strong><\/p>\n<ul>\n<li><strong>valmis seinaelemendid<\/strong>\u00a0<strong>16 mm punnlauaga<\/strong><\/li>\n<li>seina k\u00f5rgus 188 cm ja harja k\u00f5rgus 240 cm<\/li>\n<li>katuse pindala 11 m\u00b2 \/ kalle 21\u00ba, r\u00e4\u00e4stas 25 cm<\/li>\n<li>katusekate ei sisaldu hinnas (tarve 5 pakki bituumensindlit, ajutist katusepappi v\u00f5i SBS-bituumenkatet 2 rulli)<\/li>\n<li>puidukaitsega t\u00f6\u00f6deldud p\u00f5randatalad 32 x 40 mm, punnitud p\u00f5randa- ja katuselauad 16 mm; p\u00e4rlinid 44 x 95 mm ja 28 x 120 mm<\/li>\n<li>pleksiklaasiga paarisuks 135 x 182 cm, panipaiga uks 181 x 152 cm<\/li>\n<li>tellitav puidukaitsevahendisse kastetuna +300\u20ac (pruun, hall v\u00f5i valkjas)<strong><img decoding=\"async\" class=\"\" src=\"https:\/\/www.palmako.ee\/sites\/default\/files\/styles\/product_list_item\/public\/2020-06\/BNDIP.jpg?itok=_LQkkeHM\" width=\"66\" height=\"66\" \/><img decoding=\"async\" class=\"\" src=\"https:\/\/www.palmako.ee\/sites\/default\/files\/styles\/product_list_item\/public\/2020-06\/GYDIP.jpg?itok=RrYf7KTV\" width=\"66\" height=\"66\" \/><img decoding=\"async\" class=\"\" src=\"https:\/\/www.palmako.ee\/sites\/default\/files\/styles\/product_list_item\/public\/2020-06\/WTDIP.jpg?itok=D9U46coI\" width=\"67\" height=\"67\" \/>\u00a0<\/strong>v\u00f5i v\u00e4ljast v\u00e4rvituna +600\u20ac (helehall v\u00f5i tumehall), tellimisaeg 2-4 n\u00e4dalat pikem<\/li>\n<li>v\u00f5imalik paigaldada peegelpildis<\/li>\n<li>kinnitusvahendid ja koostejuhend<\/li>\n<li>vihmakindel pakend<\/li>\n<li>5-aastane tehase garantii<\/li>\n<li>Eesti toode<\/li>\n<\/ul>\n<p>K\u00fcsi ka paigaldust!<\/p>\n","protected":false},"featured_media":95881,"template":"","meta":{"_monsterinsights_skip_tracking":false,"_monsterinsights_sitenote_active":false,"_monsterinsights_sitenote_note":"","_monsterinsights_sitenote_category":0},"pwb-brand":[],"product_brand":[],"product_cat":[18677,13592,13538,13540,13594,13600,13602],"product_tag":[15842,13813,17443,13987,17936,14264,14265,15216,18825,15668],"class_list":{"0":"post-75252","1":"product","2":"type-product","3":"status-publish","4":"has-post-thumbnail","6":"product_cat-lopumuuk","7":"product_cat-aia-ja-grillmajad","8":"product_cat-ale","9":"product_cat-hooned-alekeskus","10":"product_cat-mangumajad","11":"product_cat-kuurid-aidad-kioskid","12":"product_cat-elementmajad","13":"product_tag-tooriistakuur","14":"product_tag-aiamaja","15":"product_tag-tyokaluvaja","16":"product_tag-puukuur","17":"product_tag-pihavarasto","18":"product_tag-aiakuur","19":"product_tag-pihavaja","20":"product_tag-ait","21":"product_tag-lopumuugi-kuur","22":"product_tag-seinaelement","23":"product_shipping_class-tasuta-transport-kuni-1000kg","24":"pa_kohaletoimetamine-eestis-tasuta-alekeskus","25":"pa_pindalam-17324","26":"pa_seinapaksus-16-mm","27":"pa_tellimisaeg-tilausaika-alekeskus","28":"pa_varv-viimistlemata","29":"pa_varv-tumehall","30":"pa_varv-helehall","31":"pa_varv-pruunikas-puidukaitse","32":"pa_varv-hallikas-puidukaitse","33":"pa_varv-valkjas-puidukaitse","34":"pa_veame-eesti-ja-soome","36":"first","37":"instock","38":"sale","39":"featured","40":"taxable","41":"shipping-taxable","42":"purchasable","43":"product-type-variable","44":"has-default-attributes"},"yoast_head":"<!-- This site is optimized with the Yoast SEO plugin v27.3 - https:\/\/yoast.com\/product\/yoast-seo-wordpress\/ -->\n<title>Aiakuur Margus 6,5m\u00b2 panipaigaga + katusealune L\u00d5PUM\u00dc\u00dcK! - Alekeskus<\/title>\n<meta name=\"description\" content=\"aiakuur k\u00fcttepuude katusealusega ja t\u00f6\u00f6riistakapiga l\u00f5pum\u00fc\u00fcgi hinnaga\" \/>\n<meta name=\"robots\" content=\"index, follow, max-snippet:-1, max-image-preview:large, max-video-preview:-1\" \/>\n<link rel=\"canonical\" href=\"https:\/\/alekeskus.eu\/toode\/aiakuur-margus-65-alekeskus\/\" \/>\n<meta property=\"og:locale\" content=\"et_EE\" \/>\n<meta property=\"og:type\" content=\"article\" \/>\n<meta property=\"og:title\" content=\"Aiakuur Margus 6,5m\u00b2 panipaigaga + katusealune L\u00d5PUM\u00dc\u00dcK! - Alekeskus\" \/>\n<meta property=\"og:description\" content=\"aiakuur k\u00fcttepuude katusealusega ja t\u00f6\u00f6riistakapiga l\u00f5pum\u00fc\u00fcgi hinnaga\" \/>\n<meta property=\"og:url\" content=\"https:\/\/alekeskus.eu\/toode\/aiakuur-margus-65-alekeskus\/\" \/>\n<meta property=\"og:site_name\" content=\"Alekeskus\" \/>\n<meta property=\"article:modified_time\" content=\"2026-01-05T17:05:57+00:00\" \/>\n<meta property=\"og:image\" content=\"https:\/\/alekeskus.eu\/wp-content\/uploads\/2022\/02\/Marcus_6.5_NATURAL_wb2025.jpg\" \/>\n\t<meta property=\"og:image:width\" content=\"1600\" \/>\n\t<meta property=\"og:image:height\" content=\"1201\" \/>\n\t<meta property=\"og:image:type\" content=\"image\/jpeg\" \/>\n<meta name=\"twitter:card\" content=\"summary_large_image\" \/>\n<meta name=\"twitter:label1\" content=\"Est. reading time\" \/>\n\t<meta name=\"twitter:data1\" content=\"1 minut\" \/>\n<script type=\"application\/ld+json\" class=\"yoast-schema-graph\">{\"@context\":\"https:\\\/\\\/schema.org\",\"@graph\":[{\"@type\":\"WebPage\",\"@id\":\"https:\\\/\\\/alekeskus.eu\\\/toode\\\/aiakuur-margus-65-alekeskus\\\/\",\"url\":\"https:\\\/\\\/alekeskus.eu\\\/toode\\\/aiakuur-margus-65-alekeskus\\\/\",\"name\":\"Aiakuur Margus 6,5m\u00b2 panipaigaga + katusealune L\u00d5PUM\u00dc\u00dcK! - Alekeskus\",\"isPartOf\":{\"@id\":\"https:\\\/\\\/alekeskus.eu\\\/#website\"},\"primaryImageOfPage\":{\"@id\":\"https:\\\/\\\/alekeskus.eu\\\/toode\\\/aiakuur-margus-65-alekeskus\\\/#primaryimage\"},\"image\":{\"@id\":\"https:\\\/\\\/alekeskus.eu\\\/toode\\\/aiakuur-margus-65-alekeskus\\\/#primaryimage\"},\"thumbnailUrl\":\"https:\\\/\\\/alekeskus.eu\\\/wp-content\\\/uploads\\\/2022\\\/02\\\/Marcus_6.5_NATURAL_wb2025.jpg\",\"datePublished\":\"2026-01-01T19:58:10+00:00\",\"dateModified\":\"2026-01-05T17:05:57+00:00\",\"description\":\"aiakuur k\u00fcttepuude katusealusega ja t\u00f6\u00f6riistakapiga l\u00f5pum\u00fc\u00fcgi hinnaga\",\"breadcrumb\":{\"@id\":\"https:\\\/\\\/alekeskus.eu\\\/toode\\\/aiakuur-margus-65-alekeskus\\\/#breadcrumb\"},\"inLanguage\":\"et\",\"potentialAction\":[{\"@type\":\"ReadAction\",\"target\":[\"https:\\\/\\\/alekeskus.eu\\\/toode\\\/aiakuur-margus-65-alekeskus\\\/\"]}]},{\"@type\":\"ImageObject\",\"inLanguage\":\"et\",\"@id\":\"https:\\\/\\\/alekeskus.eu\\\/toode\\\/aiakuur-margus-65-alekeskus\\\/#primaryimage\",\"url\":\"https:\\\/\\\/alekeskus.eu\\\/wp-content\\\/uploads\\\/2022\\\/02\\\/Marcus_6.5_NATURAL_wb2025.jpg\",\"contentUrl\":\"https:\\\/\\\/alekeskus.eu\\\/wp-content\\\/uploads\\\/2022\\\/02\\\/Marcus_6.5_NATURAL_wb2025.jpg\",\"width\":1600,\"height\":1201},{\"@type\":\"BreadcrumbList\",\"@id\":\"https:\\\/\\\/alekeskus.eu\\\/toode\\\/aiakuur-margus-65-alekeskus\\\/#breadcrumb\",\"itemListElement\":[{\"@type\":\"ListItem\",\"position\":1,\"name\":\"Avaleht\",\"item\":\"https:\\\/\\\/alekeskus.eu\\\/et\\\/\"},{\"@type\":\"ListItem\",\"position\":2,\"name\":\"Pood\",\"item\":\"https:\\\/\\\/alekeskus.eu\\\/pood\\\/\"},{\"@type\":\"ListItem\",\"position\":3,\"name\":\"Aiakuur Margus 6,5m\u00b2 panipaigaga + katusealune L\u00d5PUM\u00dc\u00dcK!\"}]},{\"@type\":\"WebSite\",\"@id\":\"https:\\\/\\\/alekeskus.eu\\\/#website\",\"url\":\"https:\\\/\\\/alekeskus.eu\\\/\",\"name\":\"Alekeskus\",\"description\":\"Alekeskus.eu\",\"potentialAction\":[{\"@type\":\"SearchAction\",\"target\":{\"@type\":\"EntryPoint\",\"urlTemplate\":\"https:\\\/\\\/alekeskus.eu\\\/?s={search_term_string}\"},\"query-input\":{\"@type\":\"PropertyValueSpecification\",\"valueRequired\":true,\"valueName\":\"search_term_string\"}}],\"inLanguage\":\"et\"}]}<\/script>\n<!-- \/ Yoast SEO plugin. -->","yoast_head_json":{"title":"Aiakuur Margus 6,5m\u00b2 panipaigaga + katusealune L\u00d5PUM\u00dc\u00dcK! - Alekeskus","description":"aiakuur k\u00fcttepuude katusealusega ja t\u00f6\u00f6riistakapiga l\u00f5pum\u00fc\u00fcgi hinnaga","robots":{"index":"index","follow":"follow","max-snippet":"max-snippet:-1","max-image-preview":"max-image-preview:large","max-video-preview":"max-video-preview:-1"},"canonical":"https:\/\/alekeskus.eu\/toode\/aiakuur-margus-65-alekeskus\/","og_locale":"et_EE","og_type":"article","og_title":"Aiakuur Margus 6,5m\u00b2 panipaigaga + katusealune L\u00d5PUM\u00dc\u00dcK! - Alekeskus","og_description":"aiakuur k\u00fcttepuude katusealusega ja t\u00f6\u00f6riistakapiga l\u00f5pum\u00fc\u00fcgi hinnaga","og_url":"https:\/\/alekeskus.eu\/toode\/aiakuur-margus-65-alekeskus\/","og_site_name":"Alekeskus","article_modified_time":"2026-01-05T17:05:57+00:00","og_image":[{"width":1600,"height":1201,"url":"https:\/\/alekeskus.eu\/wp-content\/uploads\/2022\/02\/Marcus_6.5_NATURAL_wb2025.jpg","type":"image\/jpeg"}],"twitter_card":"summary_large_image","twitter_misc":{"Est. reading time":"1 minut"},"schema":{"@context":"https:\/\/schema.org","@graph":[{"@type":"WebPage","@id":"https:\/\/alekeskus.eu\/toode\/aiakuur-margus-65-alekeskus\/","url":"https:\/\/alekeskus.eu\/toode\/aiakuur-margus-65-alekeskus\/","name":"Aiakuur Margus 6,5m\u00b2 panipaigaga + katusealune L\u00d5PUM\u00dc\u00dcK! - Alekeskus","isPartOf":{"@id":"https:\/\/alekeskus.eu\/#website"},"primaryImageOfPage":{"@id":"https:\/\/alekeskus.eu\/toode\/aiakuur-margus-65-alekeskus\/#primaryimage"},"image":{"@id":"https:\/\/alekeskus.eu\/toode\/aiakuur-margus-65-alekeskus\/#primaryimage"},"thumbnailUrl":"https:\/\/alekeskus.eu\/wp-content\/uploads\/2022\/02\/Marcus_6.5_NATURAL_wb2025.jpg","datePublished":"2026-01-01T19:58:10+00:00","dateModified":"2026-01-05T17:05:57+00:00","description":"aiakuur k\u00fcttepuude katusealusega ja t\u00f6\u00f6riistakapiga l\u00f5pum\u00fc\u00fcgi hinnaga","breadcrumb":{"@id":"https:\/\/alekeskus.eu\/toode\/aiakuur-margus-65-alekeskus\/#breadcrumb"},"inLanguage":"et","potentialAction":[{"@type":"ReadAction","target":["https:\/\/alekeskus.eu\/toode\/aiakuur-margus-65-alekeskus\/"]}]},{"@type":"ImageObject","inLanguage":"et","@id":"https:\/\/alekeskus.eu\/toode\/aiakuur-margus-65-alekeskus\/#primaryimage","url":"https:\/\/alekeskus.eu\/wp-content\/uploads\/2022\/02\/Marcus_6.5_NATURAL_wb2025.jpg","contentUrl":"https:\/\/alekeskus.eu\/wp-content\/uploads\/2022\/02\/Marcus_6.5_NATURAL_wb2025.jpg","width":1600,"height":1201},{"@type":"BreadcrumbList","@id":"https:\/\/alekeskus.eu\/toode\/aiakuur-margus-65-alekeskus\/#breadcrumb","itemListElement":[{"@type":"ListItem","position":1,"name":"Avaleht","item":"https:\/\/alekeskus.eu\/et\/"},{"@type":"ListItem","position":2,"name":"Pood","item":"https:\/\/alekeskus.eu\/pood\/"},{"@type":"ListItem","position":3,"name":"Aiakuur Margus 6,5m\u00b2 panipaigaga + katusealune L\u00d5PUM\u00dc\u00dcK!"}]},{"@type":"WebSite","@id":"https:\/\/alekeskus.eu\/#website","url":"https:\/\/alekeskus.eu\/","name":"Alekeskus","description":"Alekeskus.eu","potentialAction":[{"@type":"SearchAction","target":{"@type":"EntryPoint","urlTemplate":"https:\/\/alekeskus.eu\/?s={search_term_string}"},"query-input":{"@type":"PropertyValueSpecification","valueRequired":true,"valueName":"search_term_string"}}],"inLanguage":"et"}]}},"brands":[],"_links":{"self":[{"href":"https:\/\/alekeskus.eu\/et\/wp-json\/wp\/v2\/product\/75252","targetHints":{"allow":["GET"]}}],"collection":[{"href":"https:\/\/alekeskus.eu\/et\/wp-json\/wp\/v2\/product"}],"about":[{"href":"https:\/\/alekeskus.eu\/et\/wp-json\/wp\/v2\/types\/product"}],"wp:featuredmedia":[{"embeddable":true,"href":"https:\/\/alekeskus.eu\/et\/wp-json\/wp\/v2\/media\/95881"}],"wp:attachment":[{"href":"https:\/\/alekeskus.eu\/et\/wp-json\/wp\/v2\/media?parent=75252"}],"wp:term":[{"taxonomy":"pwb-brand","embeddable":true,"href":"https:\/\/alekeskus.eu\/et\/wp-json\/wp\/v2\/pwb-brand?post=75252"},{"taxonomy":"product_brand","embeddable":true,"href":"https:\/\/alekeskus.eu\/et\/wp-json\/wp\/v2\/product_brand?post=75252"},{"taxonomy":"product_cat","embeddable":true,"href":"https:\/\/alekeskus.eu\/et\/wp-json\/wp\/v2\/product_cat?post=75252"},{"taxonomy":"product_tag","embeddable":true,"href":"https:\/\/alekeskus.eu\/et\/wp-json\/wp\/v2\/product_tag?post=75252"}],"curies":[{"name":"wp","href":"https:\/\/api.w.org\/{rel}","templated":true}]}}