{"id":75272,"date":"2025-11-14T13:54:01","date_gmt":"2025-11-14T13:54:01","guid":{"rendered":"https:\/\/alekeskus.eu\/?post_type=product&#038;p=75272"},"modified":"2025-12-17T17:49:48","modified_gmt":"2025-12-17T17:49:48","slug":"mangumaja-tobiset-kiigega-alekeskus","status":"publish","type":"product","link":"https:\/\/alekeskus.eu\/et\/toode\/mangumaja-tobiset-kiigega-alekeskus\/","title":{"rendered":"M\u00e4ngumaja Tobi 2,1m\u00b2 koos 2-kohalise kiigega"},"content":{"rendered":"","protected":false},"excerpt":{"rendered":"<p>V\u00e4lism\u00f5\u00f5dud:\u00a0<strong>284<\/strong>\u00a0<strong>x 180 cm<\/strong>.\u00a0\u00a0<strong>TASUTA VEDU (ka suursaartele)!<\/strong><\/p>\n<ul>\n<li>valmis seinaelemendid 16 mm(viimistlemata)<\/li>\n<li>punnitud katuse ja p\u00f5randa laudis 16 mm (viimistlemata)<\/li>\n<li>pleksiklaasid<\/li>\n<li>kiigeosa pikkusega 2,4 m koos 2 kiige ja kinnitustega; emapuu 90&#215;90 mm, jalad 70&#215;70 mm<\/li>\n<li>trepp<\/li>\n<li><strong>2,3 m lium\u00e4gi ja F-kinnitusankrud(kulu 1 tk \/jala kohta) betooniga maasse valamiseks ei sisaldu hinnas<\/strong><\/li>\n<\/ul>\n<ul>\n<li>kinnitusvahendid ja koostejuhend<\/li>\n<li>katusekate lisahinnaga(tarve 2 pakki bituumensindlit)<\/li>\n<li>Eesti toode<\/li>\n<li>ilmastikukindel pakend<\/li>\n<\/ul>\n<p><strong>\u00a0<\/strong>K\u00fcsi ka paigaldust!<\/p>\n","protected":false},"featured_media":94839,"template":"","meta":{"_monsterinsights_skip_tracking":false,"_monsterinsights_sitenote_active":false,"_monsterinsights_sitenote_note":"","_monsterinsights_sitenote_category":0},"pwb-brand":[],"product_brand":[],"product_cat":[13556,13558,13540,13594,13528],"product_tag":[14348,15601,17331,17410,13886,13938,13947,14339],"class_list":{"0":"post-75272","1":"product","2":"type-product","3":"status-publish","4":"has-post-thumbnail","6":"product_cat-kiiged","7":"product_cat-manguvaljakud","8":"product_cat-hooned-alekeskus","9":"product_cat-mangumajad","10":"product_cat-manguvaljakud-kiiged","11":"product_tag-laste-manguvaljak","12":"product_tag-lasten-leikkitalo","13":"product_tag-manguvaljak-majaga","14":"product_tag-mangumaja-kiikedega","15":"product_tag-leikkiteline","16":"product_tag-mangumaja","17":"product_tag-leikkimokki","18":"product_tag-lastekiik","19":"product_shipping_class-tasuta-transport-kuni-300kg","20":"pa_kohaletoimetamine-tasuta-ule-eesti-soome-alates-160e-alekeskus","21":"pa_pindalam-15772","22":"pa_veame-eesti-ja-soome","24":"first","25":"instock","26":"taxable","27":"shipping-taxable","28":"purchasable","29":"product-type-simple"},"yoast_head":"<!-- This site is optimized with the Yoast SEO plugin v27.3 - https:\/\/yoast.com\/product\/yoast-seo-wordpress\/ -->\n<title>M\u00e4ngumaja Tobi 2,1m\u00b2 koos 2-kohalise kiigega - Alekeskus<\/title>\n<meta name=\"description\" content=\"M\u00e4ngumaja jalgadel Tobi koos kiikedega\" \/>\n<meta name=\"robots\" content=\"index, follow, max-snippet:-1, max-image-preview:large, max-video-preview:-1\" \/>\n<link rel=\"canonical\" href=\"https:\/\/alekeskus.eu\/toode\/mangumaja-tobiset-kiigega-alekeskus\/\" \/>\n<meta property=\"og:locale\" content=\"et_EE\" \/>\n<meta property=\"og:type\" content=\"article\" \/>\n<meta property=\"og:title\" content=\"M\u00e4ngumaja Tobi 2,1m\u00b2 koos 2-kohalise kiigega - Alekeskus\" \/>\n<meta property=\"og:description\" content=\"M\u00e4ngumaja jalgadel Tobi koos kiikedega\" \/>\n<meta property=\"og:url\" content=\"https:\/\/alekeskus.eu\/toode\/mangumaja-tobiset-kiigega-alekeskus\/\" \/>\n<meta property=\"og:site_name\" content=\"Alekeskus\" \/>\n<meta property=\"article:modified_time\" content=\"2025-12-17T17:49:48+00:00\" \/>\n<meta property=\"og:image\" content=\"https:\/\/alekeskus.eu\/wp-content\/uploads\/2023\/12\/Toby_Set_NATURAL_wb.jpg\" \/>\n\t<meta property=\"og:image:width\" content=\"2500\" \/>\n\t<meta property=\"og:image:height\" content=\"1875\" \/>\n\t<meta property=\"og:image:type\" content=\"image\/jpeg\" \/>\n<meta name=\"twitter:card\" content=\"summary_large_image\" \/>\n<meta name=\"twitter:label1\" content=\"Est. reading time\" \/>\n\t<meta name=\"twitter:data1\" content=\"1 minut\" \/>\n<script type=\"application\/ld+json\" class=\"yoast-schema-graph\">{\"@context\":\"https:\\\/\\\/schema.org\",\"@graph\":[{\"@type\":\"WebPage\",\"@id\":\"https:\\\/\\\/alekeskus.eu\\\/toode\\\/mangumaja-tobiset-kiigega-alekeskus\\\/\",\"url\":\"https:\\\/\\\/alekeskus.eu\\\/toode\\\/mangumaja-tobiset-kiigega-alekeskus\\\/\",\"name\":\"M\u00e4ngumaja Tobi 2,1m\u00b2 koos 2-kohalise kiigega - Alekeskus\",\"isPartOf\":{\"@id\":\"https:\\\/\\\/alekeskus.eu\\\/#website\"},\"primaryImageOfPage\":{\"@id\":\"https:\\\/\\\/alekeskus.eu\\\/toode\\\/mangumaja-tobiset-kiigega-alekeskus\\\/#primaryimage\"},\"image\":{\"@id\":\"https:\\\/\\\/alekeskus.eu\\\/toode\\\/mangumaja-tobiset-kiigega-alekeskus\\\/#primaryimage\"},\"thumbnailUrl\":\"https:\\\/\\\/alekeskus.eu\\\/wp-content\\\/uploads\\\/2023\\\/12\\\/Toby_Set_NATURAL_wb.jpg\",\"datePublished\":\"2025-11-14T13:54:01+00:00\",\"dateModified\":\"2025-12-17T17:49:48+00:00\",\"description\":\"M\u00e4ngumaja jalgadel Tobi koos kiikedega\",\"breadcrumb\":{\"@id\":\"https:\\\/\\\/alekeskus.eu\\\/toode\\\/mangumaja-tobiset-kiigega-alekeskus\\\/#breadcrumb\"},\"inLanguage\":\"et\",\"potentialAction\":[{\"@type\":\"ReadAction\",\"target\":[\"https:\\\/\\\/alekeskus.eu\\\/toode\\\/mangumaja-tobiset-kiigega-alekeskus\\\/\"]}]},{\"@type\":\"ImageObject\",\"inLanguage\":\"et\",\"@id\":\"https:\\\/\\\/alekeskus.eu\\\/toode\\\/mangumaja-tobiset-kiigega-alekeskus\\\/#primaryimage\",\"url\":\"https:\\\/\\\/alekeskus.eu\\\/wp-content\\\/uploads\\\/2023\\\/12\\\/Toby_Set_NATURAL_wb.jpg\",\"contentUrl\":\"https:\\\/\\\/alekeskus.eu\\\/wp-content\\\/uploads\\\/2023\\\/12\\\/Toby_Set_NATURAL_wb.jpg\",\"width\":1600,\"height\":1200},{\"@type\":\"BreadcrumbList\",\"@id\":\"https:\\\/\\\/alekeskus.eu\\\/toode\\\/mangumaja-tobiset-kiigega-alekeskus\\\/#breadcrumb\",\"itemListElement\":[{\"@type\":\"ListItem\",\"position\":1,\"name\":\"Avaleht\",\"item\":\"https:\\\/\\\/alekeskus.eu\\\/et\\\/\"},{\"@type\":\"ListItem\",\"position\":2,\"name\":\"Pood\",\"item\":\"https:\\\/\\\/alekeskus.eu\\\/pood\\\/\"},{\"@type\":\"ListItem\",\"position\":3,\"name\":\"M\u00e4ngumaja Tobi 2,1m\u00b2 koos 2-kohalise kiigega\"}]},{\"@type\":\"WebSite\",\"@id\":\"https:\\\/\\\/alekeskus.eu\\\/#website\",\"url\":\"https:\\\/\\\/alekeskus.eu\\\/\",\"name\":\"Alekeskus\",\"description\":\"Alekeskus.eu\",\"potentialAction\":[{\"@type\":\"SearchAction\",\"target\":{\"@type\":\"EntryPoint\",\"urlTemplate\":\"https:\\\/\\\/alekeskus.eu\\\/?s={search_term_string}\"},\"query-input\":{\"@type\":\"PropertyValueSpecification\",\"valueRequired\":true,\"valueName\":\"search_term_string\"}}],\"inLanguage\":\"et\"}]}<\/script>\n<!-- \/ Yoast SEO plugin. -->","yoast_head_json":{"title":"M\u00e4ngumaja Tobi 2,1m\u00b2 koos 2-kohalise kiigega - Alekeskus","description":"M\u00e4ngumaja jalgadel Tobi koos kiikedega","robots":{"index":"index","follow":"follow","max-snippet":"max-snippet:-1","max-image-preview":"max-image-preview:large","max-video-preview":"max-video-preview:-1"},"canonical":"https:\/\/alekeskus.eu\/toode\/mangumaja-tobiset-kiigega-alekeskus\/","og_locale":"et_EE","og_type":"article","og_title":"M\u00e4ngumaja Tobi 2,1m\u00b2 koos 2-kohalise kiigega - Alekeskus","og_description":"M\u00e4ngumaja jalgadel Tobi koos kiikedega","og_url":"https:\/\/alekeskus.eu\/toode\/mangumaja-tobiset-kiigega-alekeskus\/","og_site_name":"Alekeskus","article_modified_time":"2025-12-17T17:49:48+00:00","og_image":[{"width":2500,"height":1875,"url":"https:\/\/alekeskus.eu\/wp-content\/uploads\/2023\/12\/Toby_Set_NATURAL_wb.jpg","type":"image\/jpeg"}],"twitter_card":"summary_large_image","twitter_misc":{"Est. reading time":"1 minut"},"schema":{"@context":"https:\/\/schema.org","@graph":[{"@type":"WebPage","@id":"https:\/\/alekeskus.eu\/toode\/mangumaja-tobiset-kiigega-alekeskus\/","url":"https:\/\/alekeskus.eu\/toode\/mangumaja-tobiset-kiigega-alekeskus\/","name":"M\u00e4ngumaja Tobi 2,1m\u00b2 koos 2-kohalise kiigega - Alekeskus","isPartOf":{"@id":"https:\/\/alekeskus.eu\/#website"},"primaryImageOfPage":{"@id":"https:\/\/alekeskus.eu\/toode\/mangumaja-tobiset-kiigega-alekeskus\/#primaryimage"},"image":{"@id":"https:\/\/alekeskus.eu\/toode\/mangumaja-tobiset-kiigega-alekeskus\/#primaryimage"},"thumbnailUrl":"https:\/\/alekeskus.eu\/wp-content\/uploads\/2023\/12\/Toby_Set_NATURAL_wb.jpg","datePublished":"2025-11-14T13:54:01+00:00","dateModified":"2025-12-17T17:49:48+00:00","description":"M\u00e4ngumaja jalgadel Tobi koos kiikedega","breadcrumb":{"@id":"https:\/\/alekeskus.eu\/toode\/mangumaja-tobiset-kiigega-alekeskus\/#breadcrumb"},"inLanguage":"et","potentialAction":[{"@type":"ReadAction","target":["https:\/\/alekeskus.eu\/toode\/mangumaja-tobiset-kiigega-alekeskus\/"]}]},{"@type":"ImageObject","inLanguage":"et","@id":"https:\/\/alekeskus.eu\/toode\/mangumaja-tobiset-kiigega-alekeskus\/#primaryimage","url":"https:\/\/alekeskus.eu\/wp-content\/uploads\/2023\/12\/Toby_Set_NATURAL_wb.jpg","contentUrl":"https:\/\/alekeskus.eu\/wp-content\/uploads\/2023\/12\/Toby_Set_NATURAL_wb.jpg","width":1600,"height":1200},{"@type":"BreadcrumbList","@id":"https:\/\/alekeskus.eu\/toode\/mangumaja-tobiset-kiigega-alekeskus\/#breadcrumb","itemListElement":[{"@type":"ListItem","position":1,"name":"Avaleht","item":"https:\/\/alekeskus.eu\/et\/"},{"@type":"ListItem","position":2,"name":"Pood","item":"https:\/\/alekeskus.eu\/pood\/"},{"@type":"ListItem","position":3,"name":"M\u00e4ngumaja Tobi 2,1m\u00b2 koos 2-kohalise kiigega"}]},{"@type":"WebSite","@id":"https:\/\/alekeskus.eu\/#website","url":"https:\/\/alekeskus.eu\/","name":"Alekeskus","description":"Alekeskus.eu","potentialAction":[{"@type":"SearchAction","target":{"@type":"EntryPoint","urlTemplate":"https:\/\/alekeskus.eu\/?s={search_term_string}"},"query-input":{"@type":"PropertyValueSpecification","valueRequired":true,"valueName":"search_term_string"}}],"inLanguage":"et"}]}},"brands":[],"_links":{"self":[{"href":"https:\/\/alekeskus.eu\/et\/wp-json\/wp\/v2\/product\/75272","targetHints":{"allow":["GET"]}}],"collection":[{"href":"https:\/\/alekeskus.eu\/et\/wp-json\/wp\/v2\/product"}],"about":[{"href":"https:\/\/alekeskus.eu\/et\/wp-json\/wp\/v2\/types\/product"}],"wp:featuredmedia":[{"embeddable":true,"href":"https:\/\/alekeskus.eu\/et\/wp-json\/wp\/v2\/media\/94839"}],"wp:attachment":[{"href":"https:\/\/alekeskus.eu\/et\/wp-json\/wp\/v2\/media?parent=75272"}],"wp:term":[{"taxonomy":"pwb-brand","embeddable":true,"href":"https:\/\/alekeskus.eu\/et\/wp-json\/wp\/v2\/pwb-brand?post=75272"},{"taxonomy":"product_brand","embeddable":true,"href":"https:\/\/alekeskus.eu\/et\/wp-json\/wp\/v2\/product_brand?post=75272"},{"taxonomy":"product_cat","embeddable":true,"href":"https:\/\/alekeskus.eu\/et\/wp-json\/wp\/v2\/product_cat?post=75272"},{"taxonomy":"product_tag","embeddable":true,"href":"https:\/\/alekeskus.eu\/et\/wp-json\/wp\/v2\/product_tag?post=75272"}],"curies":[{"name":"wp","href":"https:\/\/api.w.org\/{rel}","templated":true}]}}