{"id":75355,"date":"2025-02-18T11:07:31","date_gmt":"2025-02-18T11:07:31","guid":{"rendered":"https:\/\/alekeskus.eu\/?post_type=product&#038;p=75355"},"modified":"2026-01-08T12:25:21","modified_gmt":"2026-01-08T12:25:21","slug":"aiamoobel-rannabaar-alekeskus","status":"publish","type":"product","link":"https:\/\/alekeskus.eu\/et\/toode\/aiamoobel-rannabaar-alekeskus\/","title":{"rendered":"Aiam\u00f6\u00f6bel katusealusega Rannabaar s\u00fcgavimmutatud puidust"},"content":{"rendered":"","protected":false},"excerpt":{"rendered":"<p>Rannabaaris on mugav aega veeta ja katusealune pakub varju k\u00f5rvetava p\u00e4ikese eest.<\/p>\n<p>M\u00f5\u00f5dud: laud 160 x 64 x h=100 cm, pink 40 x 120 x h=110 cm, pukk 38 x 40 x h=80 cm.<\/p>\n<p>Pruunikas s\u00fcvaimmutatud p\u00f5hjamaine kuusepuit. Eesti toode.<\/p>\n<p>Kaasas kinnitusvahendid ja koostejuhend <a href=\"https:\/\/alekeskus.eu\/wp-content\/uploads\/2022\/02\/Leo-rannabaar-ohje.pdf\">Leo rannabaar ohje<\/a>.<\/p>\n<p>Vajadusel paigaldus 250EUR + s\u00f5it 0,7EUR\/km.<\/p>\n","protected":false},"featured_media":75356,"template":"","meta":{"_monsterinsights_skip_tracking":false,"_monsterinsights_sitenote_active":false,"_monsterinsights_sitenote_note":"","_monsterinsights_sitenote_category":0},"pwb-brand":[18577],"product_brand":[],"product_cat":[18677,13564,13538,13540,13596,13530],"product_tag":[14025,18313,18329,18451,18452,18453],"class_list":{"0":"post-75355","1":"product","2":"type-product","3":"status-publish","4":"has-post-thumbnail","6":"pwb-brand-eesti","7":"product_cat-lopumuuk","8":"product_cat-aiamoobel","9":"product_cat-ale","10":"product_cat-hooned-alekeskus","11":"product_cat-varjualused-talveaiad-alekeskus","12":"product_cat-aed-ja-kodu","13":"product_tag-aiamoobel","14":"product_tag-rannabaar","15":"product_tag-rantabaari-2","16":"product_tag-baariryhma","17":"product_tag-ruokailuryhma","18":"product_tag-baarimoobel","19":"product_shipping_class-tasuta-transport-kuni-300kg","20":"pa_kohaletoimetamine-tasuta-ule-eesti-soome-alates-160e-alekeskus","21":"pa_varv-helepruun","22":"pa_veame-eesti-ja-soome","24":"first","25":"instock","26":"sale","27":"featured","28":"taxable","29":"shipping-taxable","30":"purchasable","31":"product-type-simple"},"yoast_head":"<!-- This site is optimized with the Yoast SEO plugin v27.3 - https:\/\/yoast.com\/product\/yoast-seo-wordpress\/ -->\n<title>Aiam\u00f6\u00f6bel katusealusega Rannabaar s\u00fcgavimmutatud puidust - Alekeskus<\/title>\n<meta name=\"description\" content=\"aiam\u00f6\u00f6bel 3 puki ja pingiga pruuni s\u00fcvaimmutusega\" \/>\n<meta name=\"robots\" content=\"index, follow, max-snippet:-1, max-image-preview:large, max-video-preview:-1\" \/>\n<link rel=\"canonical\" href=\"https:\/\/alekeskus.eu\/et\/toode\/aiamoobel-rannabaar-alekeskus\/\" \/>\n<meta property=\"og:locale\" content=\"et_EE\" \/>\n<meta property=\"og:type\" content=\"article\" \/>\n<meta property=\"og:title\" content=\"Aiam\u00f6\u00f6bel katusealusega Rannabaar s\u00fcgavimmutatud puidust - Alekeskus\" \/>\n<meta property=\"og:description\" content=\"aiam\u00f6\u00f6bel 3 puki ja pingiga pruuni s\u00fcvaimmutusega\" \/>\n<meta property=\"og:url\" content=\"https:\/\/alekeskus.eu\/et\/toode\/aiamoobel-rannabaar-alekeskus\/\" \/>\n<meta property=\"og:site_name\" content=\"Alekeskus\" \/>\n<meta property=\"article:modified_time\" content=\"2026-01-08T12:25:21+00:00\" \/>\n<meta property=\"og:image\" content=\"https:\/\/alekeskus.eu\/wp-content\/uploads\/2022\/02\/Leo-loodus.jpg\" \/>\n\t<meta property=\"og:image:width\" content=\"956\" \/>\n\t<meta property=\"og:image:height\" content=\"697\" \/>\n\t<meta property=\"og:image:type\" content=\"image\/jpeg\" \/>\n<meta name=\"twitter:card\" content=\"summary_large_image\" \/>\n<meta name=\"twitter:label1\" content=\"Est. reading time\" \/>\n\t<meta name=\"twitter:data1\" content=\"1 minut\" \/>\n<script type=\"application\/ld+json\" class=\"yoast-schema-graph\">{\"@context\":\"https:\\\/\\\/schema.org\",\"@graph\":[{\"@type\":\"WebPage\",\"@id\":\"https:\\\/\\\/alekeskus.eu\\\/et\\\/toode\\\/aiamoobel-rannabaar-alekeskus\\\/\",\"url\":\"https:\\\/\\\/alekeskus.eu\\\/et\\\/toode\\\/aiamoobel-rannabaar-alekeskus\\\/\",\"name\":\"Aiam\u00f6\u00f6bel katusealusega Rannabaar s\u00fcgavimmutatud puidust - Alekeskus\",\"isPartOf\":{\"@id\":\"https:\\\/\\\/alekeskus.eu\\\/#website\"},\"primaryImageOfPage\":{\"@id\":\"https:\\\/\\\/alekeskus.eu\\\/et\\\/toode\\\/aiamoobel-rannabaar-alekeskus\\\/#primaryimage\"},\"image\":{\"@id\":\"https:\\\/\\\/alekeskus.eu\\\/et\\\/toode\\\/aiamoobel-rannabaar-alekeskus\\\/#primaryimage\"},\"thumbnailUrl\":\"https:\\\/\\\/alekeskus.eu\\\/wp-content\\\/uploads\\\/2022\\\/02\\\/Leo-loodus.jpg\",\"datePublished\":\"2025-02-18T11:07:31+00:00\",\"dateModified\":\"2026-01-08T12:25:21+00:00\",\"description\":\"aiam\u00f6\u00f6bel 3 puki ja pingiga pruuni s\u00fcvaimmutusega\",\"breadcrumb\":{\"@id\":\"https:\\\/\\\/alekeskus.eu\\\/et\\\/toode\\\/aiamoobel-rannabaar-alekeskus\\\/#breadcrumb\"},\"inLanguage\":\"et\",\"potentialAction\":[{\"@type\":\"ReadAction\",\"target\":[\"https:\\\/\\\/alekeskus.eu\\\/et\\\/toode\\\/aiamoobel-rannabaar-alekeskus\\\/\"]}]},{\"@type\":\"ImageObject\",\"inLanguage\":\"et\",\"@id\":\"https:\\\/\\\/alekeskus.eu\\\/et\\\/toode\\\/aiamoobel-rannabaar-alekeskus\\\/#primaryimage\",\"url\":\"https:\\\/\\\/alekeskus.eu\\\/wp-content\\\/uploads\\\/2022\\\/02\\\/Leo-loodus.jpg\",\"contentUrl\":\"https:\\\/\\\/alekeskus.eu\\\/wp-content\\\/uploads\\\/2022\\\/02\\\/Leo-loodus.jpg\",\"width\":956,\"height\":697},{\"@type\":\"BreadcrumbList\",\"@id\":\"https:\\\/\\\/alekeskus.eu\\\/et\\\/toode\\\/aiamoobel-rannabaar-alekeskus\\\/#breadcrumb\",\"itemListElement\":[{\"@type\":\"ListItem\",\"position\":1,\"name\":\"Avaleht\",\"item\":\"https:\\\/\\\/alekeskus.eu\\\/et\\\/\"},{\"@type\":\"ListItem\",\"position\":2,\"name\":\"Pood\",\"item\":\"https:\\\/\\\/alekeskus.eu\\\/pood\\\/\"},{\"@type\":\"ListItem\",\"position\":3,\"name\":\"Aiam\u00f6\u00f6bel katusealusega Rannabaar s\u00fcgavimmutatud puidust\"}]},{\"@type\":\"WebSite\",\"@id\":\"https:\\\/\\\/alekeskus.eu\\\/#website\",\"url\":\"https:\\\/\\\/alekeskus.eu\\\/\",\"name\":\"Alekeskus\",\"description\":\"Alekeskus.eu\",\"potentialAction\":[{\"@type\":\"SearchAction\",\"target\":{\"@type\":\"EntryPoint\",\"urlTemplate\":\"https:\\\/\\\/alekeskus.eu\\\/?s={search_term_string}\"},\"query-input\":{\"@type\":\"PropertyValueSpecification\",\"valueRequired\":true,\"valueName\":\"search_term_string\"}}],\"inLanguage\":\"et\"}]}<\/script>\n<!-- \/ Yoast SEO plugin. -->","yoast_head_json":{"title":"Aiam\u00f6\u00f6bel katusealusega Rannabaar s\u00fcgavimmutatud puidust - Alekeskus","description":"aiam\u00f6\u00f6bel 3 puki ja pingiga pruuni s\u00fcvaimmutusega","robots":{"index":"index","follow":"follow","max-snippet":"max-snippet:-1","max-image-preview":"max-image-preview:large","max-video-preview":"max-video-preview:-1"},"canonical":"https:\/\/alekeskus.eu\/et\/toode\/aiamoobel-rannabaar-alekeskus\/","og_locale":"et_EE","og_type":"article","og_title":"Aiam\u00f6\u00f6bel katusealusega Rannabaar s\u00fcgavimmutatud puidust - Alekeskus","og_description":"aiam\u00f6\u00f6bel 3 puki ja pingiga pruuni s\u00fcvaimmutusega","og_url":"https:\/\/alekeskus.eu\/et\/toode\/aiamoobel-rannabaar-alekeskus\/","og_site_name":"Alekeskus","article_modified_time":"2026-01-08T12:25:21+00:00","og_image":[{"width":956,"height":697,"url":"https:\/\/alekeskus.eu\/wp-content\/uploads\/2022\/02\/Leo-loodus.jpg","type":"image\/jpeg"}],"twitter_card":"summary_large_image","twitter_misc":{"Est. reading time":"1 minut"},"schema":{"@context":"https:\/\/schema.org","@graph":[{"@type":"WebPage","@id":"https:\/\/alekeskus.eu\/et\/toode\/aiamoobel-rannabaar-alekeskus\/","url":"https:\/\/alekeskus.eu\/et\/toode\/aiamoobel-rannabaar-alekeskus\/","name":"Aiam\u00f6\u00f6bel katusealusega Rannabaar s\u00fcgavimmutatud puidust - Alekeskus","isPartOf":{"@id":"https:\/\/alekeskus.eu\/#website"},"primaryImageOfPage":{"@id":"https:\/\/alekeskus.eu\/et\/toode\/aiamoobel-rannabaar-alekeskus\/#primaryimage"},"image":{"@id":"https:\/\/alekeskus.eu\/et\/toode\/aiamoobel-rannabaar-alekeskus\/#primaryimage"},"thumbnailUrl":"https:\/\/alekeskus.eu\/wp-content\/uploads\/2022\/02\/Leo-loodus.jpg","datePublished":"2025-02-18T11:07:31+00:00","dateModified":"2026-01-08T12:25:21+00:00","description":"aiam\u00f6\u00f6bel 3 puki ja pingiga pruuni s\u00fcvaimmutusega","breadcrumb":{"@id":"https:\/\/alekeskus.eu\/et\/toode\/aiamoobel-rannabaar-alekeskus\/#breadcrumb"},"inLanguage":"et","potentialAction":[{"@type":"ReadAction","target":["https:\/\/alekeskus.eu\/et\/toode\/aiamoobel-rannabaar-alekeskus\/"]}]},{"@type":"ImageObject","inLanguage":"et","@id":"https:\/\/alekeskus.eu\/et\/toode\/aiamoobel-rannabaar-alekeskus\/#primaryimage","url":"https:\/\/alekeskus.eu\/wp-content\/uploads\/2022\/02\/Leo-loodus.jpg","contentUrl":"https:\/\/alekeskus.eu\/wp-content\/uploads\/2022\/02\/Leo-loodus.jpg","width":956,"height":697},{"@type":"BreadcrumbList","@id":"https:\/\/alekeskus.eu\/et\/toode\/aiamoobel-rannabaar-alekeskus\/#breadcrumb","itemListElement":[{"@type":"ListItem","position":1,"name":"Avaleht","item":"https:\/\/alekeskus.eu\/et\/"},{"@type":"ListItem","position":2,"name":"Pood","item":"https:\/\/alekeskus.eu\/pood\/"},{"@type":"ListItem","position":3,"name":"Aiam\u00f6\u00f6bel katusealusega Rannabaar s\u00fcgavimmutatud puidust"}]},{"@type":"WebSite","@id":"https:\/\/alekeskus.eu\/#website","url":"https:\/\/alekeskus.eu\/","name":"Alekeskus","description":"Alekeskus.eu","potentialAction":[{"@type":"SearchAction","target":{"@type":"EntryPoint","urlTemplate":"https:\/\/alekeskus.eu\/?s={search_term_string}"},"query-input":{"@type":"PropertyValueSpecification","valueRequired":true,"valueName":"search_term_string"}}],"inLanguage":"et"}]}},"brands":[{"id":18577,"name":"Eesti","slug":"eesti"}],"_links":{"self":[{"href":"https:\/\/alekeskus.eu\/et\/wp-json\/wp\/v2\/product\/75355","targetHints":{"allow":["GET"]}}],"collection":[{"href":"https:\/\/alekeskus.eu\/et\/wp-json\/wp\/v2\/product"}],"about":[{"href":"https:\/\/alekeskus.eu\/et\/wp-json\/wp\/v2\/types\/product"}],"wp:featuredmedia":[{"embeddable":true,"href":"https:\/\/alekeskus.eu\/et\/wp-json\/wp\/v2\/media\/75356"}],"wp:attachment":[{"href":"https:\/\/alekeskus.eu\/et\/wp-json\/wp\/v2\/media?parent=75355"}],"wp:term":[{"taxonomy":"pwb-brand","embeddable":true,"href":"https:\/\/alekeskus.eu\/et\/wp-json\/wp\/v2\/pwb-brand?post=75355"},{"taxonomy":"product_brand","embeddable":true,"href":"https:\/\/alekeskus.eu\/et\/wp-json\/wp\/v2\/product_brand?post=75355"},{"taxonomy":"product_cat","embeddable":true,"href":"https:\/\/alekeskus.eu\/et\/wp-json\/wp\/v2\/product_cat?post=75355"},{"taxonomy":"product_tag","embeddable":true,"href":"https:\/\/alekeskus.eu\/et\/wp-json\/wp\/v2\/product_tag?post=75355"}],"curies":[{"name":"wp","href":"https:\/\/api.w.org\/{rel}","templated":true}]}}