{"id":75591,"date":"2026-02-22T18:13:29","date_gmt":"2026-02-22T18:13:29","guid":{"rendered":"https:\/\/alekeskus.eu\/?post_type=product&#038;p=75591"},"modified":"2026-02-23T16:52:24","modified_gmt":"2026-02-23T16:52:24","slug":"aiakuur-belmont1-vaheseinaga-alekeskus","status":"publish","type":"product","link":"https:\/\/alekeskus.eu\/et\/toode\/aiakuur-belmont1-vaheseinaga-alekeskus\/","title":{"rendered":"Aiakuur-ait Belmont1 9,2 m\u00b2 2 ruumiga"},"content":{"rendered":"<p>V\u00c4RVIMISE TEENUSE KIRJELDUS:<\/p>\n<p>Sein v\u00e4rvitakse 3-st k\u00fcljest, ka punnsooned. 4 standardv\u00e4rvi: rootsi punane, s\u00fcsihall, helehall, roheline. Sisepind j\u00e4\u00e4b naturaalseks. Maja nurgad on v\u00e4rvitud igast k\u00fcljest. V\u00e4rvi kantakse detailidele 2 kihti. \u27a2 P\u00f5randa- ja laelauad ning p\u00e4rlinid j\u00e4\u00e4vad v\u00e4rvimata. \u27a2 Aknad ja uksed v\u00e4rvitakse valgeks igast k\u00fcljest. \u27a2 K\u00f5ik v\u00e4lised liistud (viilulauad ja liistud) v\u00e4rvitakse valgeks. \u27a2 Kvaliteetne v\u00e4rv tuntud Saksa tootjalt OSMO<\/p>\n<p>V\u00e4rvitud toote tellimisaeg on pikem kui v\u00e4rvimata tootel.<\/p>\n","protected":false},"excerpt":{"rendered":"<p>V\u00e4lism\u00f5\u00f5dud: <strong>380<\/strong><b> x 250 cm. <\/b>Seinte k\u00f5rgused<strong> 222 cm ja 200 cm.\u00a0<\/strong><\/p>\n<ul>\n<li>tuuletapiga <strong>freespalk 28 mm<\/strong><\/li>\n<li>punnitud p\u00f5randa- ja katuselauad 15 x 90 mm; s\u00fcgavimmutatud alusraam 45 x 45 mm<\/li>\n<li>2 eraldi ruumi<\/li>\n<li>katusekatet ei ole kaasas(lisahinnaga 5 pk bituumensindlit)<\/li>\n<li>pleksiklaasiga paarisuks 149 x 185 cm, puituks 78 x 185 cm; silinderlukud<\/li>\n<li>\n<div class=\"spec-name\">katuse kalle 5\u00b0, pindala 12 m<sup>2<\/sup><\/div>\n<\/li>\n<li>\n<div class=\"spec-name\">kinnitusvahendid ja koostejuhend<\/div>\n<\/li>\n<li>tellitav v\u00e4ljast v\u00e4rvituna(hele-ja tumehall, rootsi punane, roheline), liistud seest ja v\u00e4ljast +1000\u20ac (loe alt kirjeldust, tellimisaeg alates 1 kuu).<\/li>\n<li>tehase garantii 2 aastat<\/li>\n<li>ilmastikukindel pakend<\/li>\n<li>Eesti toode<\/li>\n<\/ul>\n<p>Vedu mandri Eestis tellijapoolse mahalaadimisega 100\u20ac v\u00f5i kraana-autoga 350\u20ac(suursaartele vastavalt 180\u20ac ja 590\u20ac).<\/p>\n<p>K\u00fcsi ka paigaldust!<\/p>\n","protected":false},"featured_media":76900,"template":"","meta":{"_monsterinsights_skip_tracking":false,"_monsterinsights_sitenote_active":false,"_monsterinsights_sitenote_note":"","_monsterinsights_sitenote_category":0},"pwb-brand":[],"product_brand":[],"product_cat":[17182,13538,13592,13540,13600],"product_tag":[13913,17936,14206,14264,14265,14277,13813,13832,17349,13864,17368,13905],"class_list":{"0":"post-75591","1":"product","2":"type-product","3":"status-publish","4":"has-post-thumbnail","6":"product_cat-suvekoogid-alekeskus","7":"product_cat-ale","8":"product_cat-aia-ja-grillmajad","9":"product_cat-hooned-alekeskus","10":"product_cat-kuurid-aidad-kioskid","11":"product_tag-vierasmaja","12":"product_tag-pihavarasto","13":"product_tag-lasita","14":"product_tag-aiakuur","15":"product_tag-pihavaja","16":"product_tag-freespalk","17":"product_tag-aiamaja","18":"product_tag-kesakeittio","19":"product_tag-soodushinnaga-kuur","20":"product_tag-huvimaja","21":"product_tag-belmont","22":"product_tag-aitta","23":"product_shipping_class-kuni-1000kg","24":"pa_garantii-2-aastat","25":"pa_laoasukoht-tartumaa","26":"pa_pindalam-13860","27":"pa_seinapaksus-28-mm","28":"pa_varv-tumehall","29":"pa_varv-helehall","30":"pa_varv-roheline","31":"pa_varv-punane","32":"pa_varv-viimistlemata","33":"pa_veame-eesti-ja-soome","35":"first","36":"instock","37":"sale","38":"featured","39":"taxable","40":"shipping-taxable","41":"purchasable","42":"product-type-variable","43":"has-default-attributes"},"yoast_head":"<!-- This site is optimized with the Yoast SEO plugin v27.3 - https:\/\/yoast.com\/product\/yoast-seo-wordpress\/ -->\n<title>Aiakuur-ait Belmont1 9,2 m\u00b2 2 ruumiga - Alekeskus<\/title>\n<meta name=\"description\" content=\"aiakuur vaheseinaga\" \/>\n<meta name=\"robots\" content=\"index, follow, max-snippet:-1, max-image-preview:large, max-video-preview:-1\" \/>\n<link rel=\"canonical\" href=\"https:\/\/alekeskus.eu\/et\/toode\/aiakuur-belmont1-vaheseinaga-alekeskus\/\" \/>\n<meta property=\"og:locale\" content=\"et_EE\" \/>\n<meta property=\"og:type\" content=\"article\" \/>\n<meta property=\"og:title\" content=\"Aiakuur-ait Belmont1 9,2 m\u00b2 2 ruumiga - Alekeskus\" \/>\n<meta property=\"og:description\" content=\"aiakuur vaheseinaga\" \/>\n<meta property=\"og:url\" content=\"https:\/\/alekeskus.eu\/et\/toode\/aiakuur-belmont1-vaheseinaga-alekeskus\/\" \/>\n<meta property=\"og:site_name\" content=\"Alekeskus\" \/>\n<meta property=\"article:modified_time\" content=\"2026-02-23T16:52:24+00:00\" \/>\n<meta property=\"og:image\" content=\"https:\/\/alekeskus.eu\/wp-content\/uploads\/2022\/02\/Belmont1-loodus-1-scaled.jpg\" \/>\n\t<meta property=\"og:image:width\" content=\"1600\" \/>\n\t<meta property=\"og:image:height\" content=\"1067\" \/>\n\t<meta property=\"og:image:type\" content=\"image\/jpeg\" \/>\n<meta name=\"twitter:card\" content=\"summary_large_image\" \/>\n<meta name=\"twitter:label1\" content=\"Est. reading time\" \/>\n\t<meta name=\"twitter:data1\" content=\"1 minut\" \/>\n<script type=\"application\/ld+json\" class=\"yoast-schema-graph\">{\"@context\":\"https:\\\/\\\/schema.org\",\"@graph\":[{\"@type\":\"WebPage\",\"@id\":\"https:\\\/\\\/alekeskus.eu\\\/et\\\/toode\\\/aiakuur-belmont1-vaheseinaga-alekeskus\\\/\",\"url\":\"https:\\\/\\\/alekeskus.eu\\\/et\\\/toode\\\/aiakuur-belmont1-vaheseinaga-alekeskus\\\/\",\"name\":\"Aiakuur-ait Belmont1 9,2 m\u00b2 2 ruumiga - Alekeskus\",\"isPartOf\":{\"@id\":\"https:\\\/\\\/alekeskus.eu\\\/#website\"},\"primaryImageOfPage\":{\"@id\":\"https:\\\/\\\/alekeskus.eu\\\/et\\\/toode\\\/aiakuur-belmont1-vaheseinaga-alekeskus\\\/#primaryimage\"},\"image\":{\"@id\":\"https:\\\/\\\/alekeskus.eu\\\/et\\\/toode\\\/aiakuur-belmont1-vaheseinaga-alekeskus\\\/#primaryimage\"},\"thumbnailUrl\":\"https:\\\/\\\/alekeskus.eu\\\/wp-content\\\/uploads\\\/2022\\\/02\\\/Belmont1-loodus-1-scaled.jpg\",\"datePublished\":\"2026-02-22T18:13:29+00:00\",\"dateModified\":\"2026-02-23T16:52:24+00:00\",\"description\":\"aiakuur vaheseinaga\",\"breadcrumb\":{\"@id\":\"https:\\\/\\\/alekeskus.eu\\\/et\\\/toode\\\/aiakuur-belmont1-vaheseinaga-alekeskus\\\/#breadcrumb\"},\"inLanguage\":\"et\",\"potentialAction\":[{\"@type\":\"ReadAction\",\"target\":[\"https:\\\/\\\/alekeskus.eu\\\/et\\\/toode\\\/aiakuur-belmont1-vaheseinaga-alekeskus\\\/\"]}]},{\"@type\":\"ImageObject\",\"inLanguage\":\"et\",\"@id\":\"https:\\\/\\\/alekeskus.eu\\\/et\\\/toode\\\/aiakuur-belmont1-vaheseinaga-alekeskus\\\/#primaryimage\",\"url\":\"https:\\\/\\\/alekeskus.eu\\\/wp-content\\\/uploads\\\/2022\\\/02\\\/Belmont1-loodus-1-scaled.jpg\",\"contentUrl\":\"https:\\\/\\\/alekeskus.eu\\\/wp-content\\\/uploads\\\/2022\\\/02\\\/Belmont1-loodus-1-scaled.jpg\",\"width\":1600,\"height\":1067},{\"@type\":\"BreadcrumbList\",\"@id\":\"https:\\\/\\\/alekeskus.eu\\\/et\\\/toode\\\/aiakuur-belmont1-vaheseinaga-alekeskus\\\/#breadcrumb\",\"itemListElement\":[{\"@type\":\"ListItem\",\"position\":1,\"name\":\"Avaleht\",\"item\":\"https:\\\/\\\/alekeskus.eu\\\/et\\\/\"},{\"@type\":\"ListItem\",\"position\":2,\"name\":\"Pood\",\"item\":\"https:\\\/\\\/alekeskus.eu\\\/pood\\\/\"},{\"@type\":\"ListItem\",\"position\":3,\"name\":\"Aiakuur-ait Belmont1 9,2 m\u00b2 2 ruumiga\"}]},{\"@type\":\"WebSite\",\"@id\":\"https:\\\/\\\/alekeskus.eu\\\/#website\",\"url\":\"https:\\\/\\\/alekeskus.eu\\\/\",\"name\":\"Alekeskus\",\"description\":\"Alekeskus.eu\",\"potentialAction\":[{\"@type\":\"SearchAction\",\"target\":{\"@type\":\"EntryPoint\",\"urlTemplate\":\"https:\\\/\\\/alekeskus.eu\\\/?s={search_term_string}\"},\"query-input\":{\"@type\":\"PropertyValueSpecification\",\"valueRequired\":true,\"valueName\":\"search_term_string\"}}],\"inLanguage\":\"et\"}]}<\/script>\n<!-- \/ Yoast SEO plugin. -->","yoast_head_json":{"title":"Aiakuur-ait Belmont1 9,2 m\u00b2 2 ruumiga - Alekeskus","description":"aiakuur vaheseinaga","robots":{"index":"index","follow":"follow","max-snippet":"max-snippet:-1","max-image-preview":"max-image-preview:large","max-video-preview":"max-video-preview:-1"},"canonical":"https:\/\/alekeskus.eu\/et\/toode\/aiakuur-belmont1-vaheseinaga-alekeskus\/","og_locale":"et_EE","og_type":"article","og_title":"Aiakuur-ait Belmont1 9,2 m\u00b2 2 ruumiga - Alekeskus","og_description":"aiakuur vaheseinaga","og_url":"https:\/\/alekeskus.eu\/et\/toode\/aiakuur-belmont1-vaheseinaga-alekeskus\/","og_site_name":"Alekeskus","article_modified_time":"2026-02-23T16:52:24+00:00","og_image":[{"width":1600,"height":1067,"url":"https:\/\/alekeskus.eu\/wp-content\/uploads\/2022\/02\/Belmont1-loodus-1-scaled.jpg","type":"image\/jpeg"}],"twitter_card":"summary_large_image","twitter_misc":{"Est. reading time":"1 minut"},"schema":{"@context":"https:\/\/schema.org","@graph":[{"@type":"WebPage","@id":"https:\/\/alekeskus.eu\/et\/toode\/aiakuur-belmont1-vaheseinaga-alekeskus\/","url":"https:\/\/alekeskus.eu\/et\/toode\/aiakuur-belmont1-vaheseinaga-alekeskus\/","name":"Aiakuur-ait Belmont1 9,2 m\u00b2 2 ruumiga - Alekeskus","isPartOf":{"@id":"https:\/\/alekeskus.eu\/#website"},"primaryImageOfPage":{"@id":"https:\/\/alekeskus.eu\/et\/toode\/aiakuur-belmont1-vaheseinaga-alekeskus\/#primaryimage"},"image":{"@id":"https:\/\/alekeskus.eu\/et\/toode\/aiakuur-belmont1-vaheseinaga-alekeskus\/#primaryimage"},"thumbnailUrl":"https:\/\/alekeskus.eu\/wp-content\/uploads\/2022\/02\/Belmont1-loodus-1-scaled.jpg","datePublished":"2026-02-22T18:13:29+00:00","dateModified":"2026-02-23T16:52:24+00:00","description":"aiakuur vaheseinaga","breadcrumb":{"@id":"https:\/\/alekeskus.eu\/et\/toode\/aiakuur-belmont1-vaheseinaga-alekeskus\/#breadcrumb"},"inLanguage":"et","potentialAction":[{"@type":"ReadAction","target":["https:\/\/alekeskus.eu\/et\/toode\/aiakuur-belmont1-vaheseinaga-alekeskus\/"]}]},{"@type":"ImageObject","inLanguage":"et","@id":"https:\/\/alekeskus.eu\/et\/toode\/aiakuur-belmont1-vaheseinaga-alekeskus\/#primaryimage","url":"https:\/\/alekeskus.eu\/wp-content\/uploads\/2022\/02\/Belmont1-loodus-1-scaled.jpg","contentUrl":"https:\/\/alekeskus.eu\/wp-content\/uploads\/2022\/02\/Belmont1-loodus-1-scaled.jpg","width":1600,"height":1067},{"@type":"BreadcrumbList","@id":"https:\/\/alekeskus.eu\/et\/toode\/aiakuur-belmont1-vaheseinaga-alekeskus\/#breadcrumb","itemListElement":[{"@type":"ListItem","position":1,"name":"Avaleht","item":"https:\/\/alekeskus.eu\/et\/"},{"@type":"ListItem","position":2,"name":"Pood","item":"https:\/\/alekeskus.eu\/pood\/"},{"@type":"ListItem","position":3,"name":"Aiakuur-ait Belmont1 9,2 m\u00b2 2 ruumiga"}]},{"@type":"WebSite","@id":"https:\/\/alekeskus.eu\/#website","url":"https:\/\/alekeskus.eu\/","name":"Alekeskus","description":"Alekeskus.eu","potentialAction":[{"@type":"SearchAction","target":{"@type":"EntryPoint","urlTemplate":"https:\/\/alekeskus.eu\/?s={search_term_string}"},"query-input":{"@type":"PropertyValueSpecification","valueRequired":true,"valueName":"search_term_string"}}],"inLanguage":"et"}]}},"brands":[],"_links":{"self":[{"href":"https:\/\/alekeskus.eu\/et\/wp-json\/wp\/v2\/product\/75591","targetHints":{"allow":["GET"]}}],"collection":[{"href":"https:\/\/alekeskus.eu\/et\/wp-json\/wp\/v2\/product"}],"about":[{"href":"https:\/\/alekeskus.eu\/et\/wp-json\/wp\/v2\/types\/product"}],"wp:featuredmedia":[{"embeddable":true,"href":"https:\/\/alekeskus.eu\/et\/wp-json\/wp\/v2\/media\/76900"}],"wp:attachment":[{"href":"https:\/\/alekeskus.eu\/et\/wp-json\/wp\/v2\/media?parent=75591"}],"wp:term":[{"taxonomy":"pwb-brand","embeddable":true,"href":"https:\/\/alekeskus.eu\/et\/wp-json\/wp\/v2\/pwb-brand?post=75591"},{"taxonomy":"product_brand","embeddable":true,"href":"https:\/\/alekeskus.eu\/et\/wp-json\/wp\/v2\/product_brand?post=75591"},{"taxonomy":"product_cat","embeddable":true,"href":"https:\/\/alekeskus.eu\/et\/wp-json\/wp\/v2\/product_cat?post=75591"},{"taxonomy":"product_tag","embeddable":true,"href":"https:\/\/alekeskus.eu\/et\/wp-json\/wp\/v2\/product_tag?post=75591"}],"curies":[{"name":"wp","href":"https:\/\/api.w.org\/{rel}","templated":true}]}}