{"id":75656,"date":"2025-12-25T11:34:46","date_gmt":"2025-12-25T11:34:46","guid":{"rendered":"https:\/\/alekeskus.eu\/?post_type=product&#038;p=75656"},"modified":"2026-03-02T18:50:58","modified_gmt":"2026-03-02T18:50:58","slug":"aiakuur-tuvaluxl-146-alekeskus","status":"publish","type":"product","link":"https:\/\/alekeskus.eu\/et\/toode\/aiakuur-tuvaluxl-146-alekeskus\/","title":{"rendered":"Aiakuur Tuvalu XL 14,6 m\u00b2 2 ruumiga"},"content":{"rendered":"<p>V\u00c4RVIMISE TEENUSE KIRJELDUS:<\/p>\n<p>Sein v\u00e4rvitakse 3-st k\u00fcljest, ka punnsooned. 4 standardv\u00e4rvi: rootsi punane, s\u00fcsihall, helehall, roheline. Sisepind j\u00e4\u00e4b naturaalseks. Maja nurgad on v\u00e4rvitud igast k\u00fcljest. V\u00e4rvi kantakse detailidele 2 kihti. \u27a2 P\u00f5randa- ja laelauad ning p\u00e4rlinid j\u00e4\u00e4vad v\u00e4rvimata. \u27a2 Aknad ja uksed v\u00e4rvitakse valgeks igast k\u00fcljest. \u27a2 K\u00f5ik v\u00e4lised liistud (viilulauad ja liistud) v\u00e4rvitakse valgeks. \u27a2 Kvaliteetne v\u00e4rv tuntud Saksa tootjalt OSMO<\/p>\n<p>V\u00e4rvitud hoone tellimisaeg on pikem kui viimistlemata tootel.<\/p>\n","protected":false},"excerpt":{"rendered":"<p>V\u00e4lism\u00f5\u00f5dud: <strong>500<\/strong><b> x 300 cm.<\/b> Harja k\u00f5rgus<strong> 251 cm<\/strong>, seina k\u00f5rgus<strong> 211 cm.\u00a0<\/strong><\/p>\n<ul>\n<li>tuuletapiga freespalk <strong>28 mm<\/strong>, tormitugevdused<\/li>\n<li>punnitud p\u00f5randa- ja katuselauad 15 x 90 mm<\/li>\n<li>immutatud alusraam 45 x 45 mm<\/li>\n<li>silinderlukuga puituksed 149 x 185 cm ja 78 x 185 cm<\/li>\n<li>\n<div class=\"spec-name\">r\u00e4\u00e4stas 20 cm, katuse kalle 13\u00b0, katuse pindala 18 m<sup>2<\/sup><\/div>\n<\/li>\n<li>\n<div class=\"spec-name\">kinnitusvahendid ja koostejuhend<\/div>\n<\/li>\n<li>tellitav v\u00e4ljast v\u00e4rvituna +1100\u20ac (hele-ja tumehall, punane v\u00f5i roheline; avat\u00e4ited-liistud \u00fcleni valged; loe alt kirjeldust, tellimisaeg u 1 kuu pikem)<\/li>\n<li>SBS-bituumenkate 2 rulli v\u00f5i 8 pakki bituumensindlit lisahinnaga<\/li>\n<li>tehase garantii 2 aastat<\/li>\n<li>ilmastikukindel pakend<\/li>\n<li>Eesti toode<\/li>\n<li>peegelpildis paigaldatav<\/li>\n<\/ul>\n<p>Vedu mandril tellijapoolse mahalaadimisega 180\u20ac v\u00f5i kraana-autoga 350\u20ac(suursaartele vastavalt 280\u20ac ja 590\u20ac).<\/p>\n<p>K\u00fcsi ka paigaldust!<\/p>\n","protected":false},"featured_media":99947,"template":"","meta":{"_monsterinsights_skip_tracking":false,"_monsterinsights_sitenote_active":false,"_monsterinsights_sitenote_note":"","_monsterinsights_sitenote_category":0},"pwb-brand":[],"product_brand":[],"product_cat":[17182,13538,13592,13540,13598,13600],"product_tag":[17374,13905,17375,14264,17376,14265,14277,17936,15216,19125,15842,13813],"class_list":{"0":"post-75656","1":"product","2":"type-product","3":"status-publish","4":"has-post-thumbnail","6":"product_cat-suvekoogid-alekeskus","7":"product_cat-ale","8":"product_cat-aia-ja-grillmajad","9":"product_cat-hooned-alekeskus","10":"product_cat-garaazid","11":"product_cat-kuurid-aidad-kioskid","12":"product_tag-vorgukuur","13":"product_tag-aitta","14":"product_tag-tuvalu","15":"product_tag-aiakuur","16":"product_tag-rannakuur","17":"product_tag-pihavaja","18":"product_tag-freespalk","19":"product_tag-pihavarasto","20":"product_tag-ait","21":"product_tag-lasita-kuur","22":"product_tag-tooriistakuur","23":"product_tag-aiamaja","24":"product_shipping_class-alates-1000kg","25":"pa_garantii-2-aastat","26":"pa_kohaletoimetamine-alates-180e","27":"pa_laoasukoht-tartumaa","28":"pa_pindalam-15274","29":"pa_seinapaksus-28-mm","30":"pa_varv-roheline","31":"pa_varv-punane","32":"pa_varv-viimistlemata","33":"pa_varv-tumehall","34":"pa_varv-helehall","35":"pa_veame-eesti-ja-soome","37":"first","38":"instock","39":"sale","40":"taxable","41":"shipping-taxable","42":"purchasable","43":"product-type-variable","44":"has-default-attributes"},"yoast_head":"<!-- This site is optimized with the Yoast SEO plugin v27.3 - https:\/\/yoast.com\/product\/yoast-seo-wordpress\/ -->\n<title>Aiakuur Tuvalu XL 14,6 m\u00b2 2 ruumiga - Alekeskus<\/title>\n<meta name=\"description\" content=\"Suur aiakuur on kasutatav kalurik\u00fcla v\u00f5rgukuurina\" \/>\n<meta name=\"robots\" content=\"index, follow, max-snippet:-1, max-image-preview:large, max-video-preview:-1\" \/>\n<link rel=\"canonical\" href=\"https:\/\/alekeskus.eu\/et\/toode\/aiakuur-tuvaluxl-146-alekeskus\/\" \/>\n<meta property=\"og:locale\" content=\"et_EE\" \/>\n<meta property=\"og:type\" content=\"article\" \/>\n<meta property=\"og:title\" content=\"Aiakuur Tuvalu XL 14,6 m\u00b2 2 ruumiga - Alekeskus\" \/>\n<meta property=\"og:description\" content=\"Suur aiakuur on kasutatav kalurik\u00fcla v\u00f5rgukuurina\" \/>\n<meta property=\"og:url\" content=\"https:\/\/alekeskus.eu\/et\/toode\/aiakuur-tuvaluxl-146-alekeskus\/\" \/>\n<meta property=\"og:site_name\" content=\"Alekeskus\" \/>\n<meta property=\"article:modified_time\" content=\"2026-03-02T18:50:58+00:00\" \/>\n<meta property=\"og:image\" content=\"https:\/\/alekeskus.eu\/wp-content\/uploads\/2023\/07\/TuvaluXL_greenaias.jpg\" \/>\n\t<meta property=\"og:image:width\" content=\"2500\" \/>\n\t<meta property=\"og:image:height\" content=\"1667\" \/>\n\t<meta property=\"og:image:type\" content=\"image\/jpeg\" \/>\n<meta name=\"twitter:card\" content=\"summary_large_image\" \/>\n<meta name=\"twitter:label1\" content=\"Est. reading time\" \/>\n\t<meta name=\"twitter:data1\" content=\"1 minut\" \/>\n<script type=\"application\/ld+json\" class=\"yoast-schema-graph\">{\"@context\":\"https:\\\/\\\/schema.org\",\"@graph\":[{\"@type\":\"WebPage\",\"@id\":\"https:\\\/\\\/alekeskus.eu\\\/et\\\/toode\\\/aiakuur-tuvaluxl-146-alekeskus\\\/\",\"url\":\"https:\\\/\\\/alekeskus.eu\\\/et\\\/toode\\\/aiakuur-tuvaluxl-146-alekeskus\\\/\",\"name\":\"Aiakuur Tuvalu XL 14,6 m\u00b2 2 ruumiga - Alekeskus\",\"isPartOf\":{\"@id\":\"https:\\\/\\\/alekeskus.eu\\\/#website\"},\"primaryImageOfPage\":{\"@id\":\"https:\\\/\\\/alekeskus.eu\\\/et\\\/toode\\\/aiakuur-tuvaluxl-146-alekeskus\\\/#primaryimage\"},\"image\":{\"@id\":\"https:\\\/\\\/alekeskus.eu\\\/et\\\/toode\\\/aiakuur-tuvaluxl-146-alekeskus\\\/#primaryimage\"},\"thumbnailUrl\":\"https:\\\/\\\/alekeskus.eu\\\/wp-content\\\/uploads\\\/2023\\\/07\\\/TuvaluXL_greenaias.jpg\",\"datePublished\":\"2025-12-25T11:34:46+00:00\",\"dateModified\":\"2026-03-02T18:50:58+00:00\",\"description\":\"Suur aiakuur on kasutatav kalurik\u00fcla v\u00f5rgukuurina\",\"breadcrumb\":{\"@id\":\"https:\\\/\\\/alekeskus.eu\\\/et\\\/toode\\\/aiakuur-tuvaluxl-146-alekeskus\\\/#breadcrumb\"},\"inLanguage\":\"et\",\"potentialAction\":[{\"@type\":\"ReadAction\",\"target\":[\"https:\\\/\\\/alekeskus.eu\\\/et\\\/toode\\\/aiakuur-tuvaluxl-146-alekeskus\\\/\"]}]},{\"@type\":\"ImageObject\",\"inLanguage\":\"et\",\"@id\":\"https:\\\/\\\/alekeskus.eu\\\/et\\\/toode\\\/aiakuur-tuvaluxl-146-alekeskus\\\/#primaryimage\",\"url\":\"https:\\\/\\\/alekeskus.eu\\\/wp-content\\\/uploads\\\/2023\\\/07\\\/TuvaluXL_greenaias.jpg\",\"contentUrl\":\"https:\\\/\\\/alekeskus.eu\\\/wp-content\\\/uploads\\\/2023\\\/07\\\/TuvaluXL_greenaias.jpg\",\"width\":2500,\"height\":1667},{\"@type\":\"BreadcrumbList\",\"@id\":\"https:\\\/\\\/alekeskus.eu\\\/et\\\/toode\\\/aiakuur-tuvaluxl-146-alekeskus\\\/#breadcrumb\",\"itemListElement\":[{\"@type\":\"ListItem\",\"position\":1,\"name\":\"Avaleht\",\"item\":\"https:\\\/\\\/alekeskus.eu\\\/et\\\/\"},{\"@type\":\"ListItem\",\"position\":2,\"name\":\"Pood\",\"item\":\"https:\\\/\\\/alekeskus.eu\\\/pood\\\/\"},{\"@type\":\"ListItem\",\"position\":3,\"name\":\"Aiakuur Tuvalu XL 14,6 m\u00b2 2 ruumiga\"}]},{\"@type\":\"WebSite\",\"@id\":\"https:\\\/\\\/alekeskus.eu\\\/#website\",\"url\":\"https:\\\/\\\/alekeskus.eu\\\/\",\"name\":\"Alekeskus\",\"description\":\"Alekeskus.eu\",\"potentialAction\":[{\"@type\":\"SearchAction\",\"target\":{\"@type\":\"EntryPoint\",\"urlTemplate\":\"https:\\\/\\\/alekeskus.eu\\\/?s={search_term_string}\"},\"query-input\":{\"@type\":\"PropertyValueSpecification\",\"valueRequired\":true,\"valueName\":\"search_term_string\"}}],\"inLanguage\":\"et\"}]}<\/script>\n<!-- \/ Yoast SEO plugin. -->","yoast_head_json":{"title":"Aiakuur Tuvalu XL 14,6 m\u00b2 2 ruumiga - Alekeskus","description":"Suur aiakuur on kasutatav kalurik\u00fcla v\u00f5rgukuurina","robots":{"index":"index","follow":"follow","max-snippet":"max-snippet:-1","max-image-preview":"max-image-preview:large","max-video-preview":"max-video-preview:-1"},"canonical":"https:\/\/alekeskus.eu\/et\/toode\/aiakuur-tuvaluxl-146-alekeskus\/","og_locale":"et_EE","og_type":"article","og_title":"Aiakuur Tuvalu XL 14,6 m\u00b2 2 ruumiga - Alekeskus","og_description":"Suur aiakuur on kasutatav kalurik\u00fcla v\u00f5rgukuurina","og_url":"https:\/\/alekeskus.eu\/et\/toode\/aiakuur-tuvaluxl-146-alekeskus\/","og_site_name":"Alekeskus","article_modified_time":"2026-03-02T18:50:58+00:00","og_image":[{"width":2500,"height":1667,"url":"https:\/\/alekeskus.eu\/wp-content\/uploads\/2023\/07\/TuvaluXL_greenaias.jpg","type":"image\/jpeg"}],"twitter_card":"summary_large_image","twitter_misc":{"Est. reading time":"1 minut"},"schema":{"@context":"https:\/\/schema.org","@graph":[{"@type":"WebPage","@id":"https:\/\/alekeskus.eu\/et\/toode\/aiakuur-tuvaluxl-146-alekeskus\/","url":"https:\/\/alekeskus.eu\/et\/toode\/aiakuur-tuvaluxl-146-alekeskus\/","name":"Aiakuur Tuvalu XL 14,6 m\u00b2 2 ruumiga - Alekeskus","isPartOf":{"@id":"https:\/\/alekeskus.eu\/#website"},"primaryImageOfPage":{"@id":"https:\/\/alekeskus.eu\/et\/toode\/aiakuur-tuvaluxl-146-alekeskus\/#primaryimage"},"image":{"@id":"https:\/\/alekeskus.eu\/et\/toode\/aiakuur-tuvaluxl-146-alekeskus\/#primaryimage"},"thumbnailUrl":"https:\/\/alekeskus.eu\/wp-content\/uploads\/2023\/07\/TuvaluXL_greenaias.jpg","datePublished":"2025-12-25T11:34:46+00:00","dateModified":"2026-03-02T18:50:58+00:00","description":"Suur aiakuur on kasutatav kalurik\u00fcla v\u00f5rgukuurina","breadcrumb":{"@id":"https:\/\/alekeskus.eu\/et\/toode\/aiakuur-tuvaluxl-146-alekeskus\/#breadcrumb"},"inLanguage":"et","potentialAction":[{"@type":"ReadAction","target":["https:\/\/alekeskus.eu\/et\/toode\/aiakuur-tuvaluxl-146-alekeskus\/"]}]},{"@type":"ImageObject","inLanguage":"et","@id":"https:\/\/alekeskus.eu\/et\/toode\/aiakuur-tuvaluxl-146-alekeskus\/#primaryimage","url":"https:\/\/alekeskus.eu\/wp-content\/uploads\/2023\/07\/TuvaluXL_greenaias.jpg","contentUrl":"https:\/\/alekeskus.eu\/wp-content\/uploads\/2023\/07\/TuvaluXL_greenaias.jpg","width":2500,"height":1667},{"@type":"BreadcrumbList","@id":"https:\/\/alekeskus.eu\/et\/toode\/aiakuur-tuvaluxl-146-alekeskus\/#breadcrumb","itemListElement":[{"@type":"ListItem","position":1,"name":"Avaleht","item":"https:\/\/alekeskus.eu\/et\/"},{"@type":"ListItem","position":2,"name":"Pood","item":"https:\/\/alekeskus.eu\/pood\/"},{"@type":"ListItem","position":3,"name":"Aiakuur Tuvalu XL 14,6 m\u00b2 2 ruumiga"}]},{"@type":"WebSite","@id":"https:\/\/alekeskus.eu\/#website","url":"https:\/\/alekeskus.eu\/","name":"Alekeskus","description":"Alekeskus.eu","potentialAction":[{"@type":"SearchAction","target":{"@type":"EntryPoint","urlTemplate":"https:\/\/alekeskus.eu\/?s={search_term_string}"},"query-input":{"@type":"PropertyValueSpecification","valueRequired":true,"valueName":"search_term_string"}}],"inLanguage":"et"}]}},"brands":[],"_links":{"self":[{"href":"https:\/\/alekeskus.eu\/et\/wp-json\/wp\/v2\/product\/75656","targetHints":{"allow":["GET"]}}],"collection":[{"href":"https:\/\/alekeskus.eu\/et\/wp-json\/wp\/v2\/product"}],"about":[{"href":"https:\/\/alekeskus.eu\/et\/wp-json\/wp\/v2\/types\/product"}],"wp:featuredmedia":[{"embeddable":true,"href":"https:\/\/alekeskus.eu\/et\/wp-json\/wp\/v2\/media\/99947"}],"wp:attachment":[{"href":"https:\/\/alekeskus.eu\/et\/wp-json\/wp\/v2\/media?parent=75656"}],"wp:term":[{"taxonomy":"pwb-brand","embeddable":true,"href":"https:\/\/alekeskus.eu\/et\/wp-json\/wp\/v2\/pwb-brand?post=75656"},{"taxonomy":"product_brand","embeddable":true,"href":"https:\/\/alekeskus.eu\/et\/wp-json\/wp\/v2\/product_brand?post=75656"},{"taxonomy":"product_cat","embeddable":true,"href":"https:\/\/alekeskus.eu\/et\/wp-json\/wp\/v2\/product_cat?post=75656"},{"taxonomy":"product_tag","embeddable":true,"href":"https:\/\/alekeskus.eu\/et\/wp-json\/wp\/v2\/product_tag?post=75656"}],"curies":[{"name":"wp","href":"https:\/\/api.w.org\/{rel}","templated":true}]}}