{"id":75739,"date":"2024-10-04T11:26:59","date_gmt":"2024-10-04T11:26:59","guid":{"rendered":"https:\/\/alekeskus.eu\/?post_type=product&#038;p=75739"},"modified":"2025-01-05T14:42:44","modified_gmt":"2025-01-05T14:42:44","slug":"suvemaja-eura-354m-alekeskus","status":"publish","type":"product","link":"https:\/\/alekeskus.eu\/et\/toode\/suvemaja-eura-354m-alekeskus\/","title":{"rendered":"Suvemaja Eura 35,4 m\u00b2 3 toa, \u00e4rklikorruse ja terrassiga"},"content":{"rendered":"<p>Suvemaja Eura on modernse disainiga kuid samas praktiline: avar elutuba kombinatsioonis t\u00e4ispuitustega eraldatud kahe lisaruumiga pakub piisavalt privaatsust. Lisaruumi andev katusealune \u00e4rklikorrus, mida v\u00f5ib kasutada magamistoa v\u00f5i hoiuruumina, ning suur, osaliselt varikatusega kaetud terrass teevad Eurast eriti hinnatud suvemaja. \u00a0Majakomplekt sisaldab k\u00f5iki paigaldamiseks vajaminevaid detaile: immutatud alusraam, seinadetailid, p\u00f5randalauad ja p\u00f5randaliistud, katusetalad, katuselauad ja katuseliistud ning avat\u00e4ited. Lisaks on pakis ka kinnitusvahendid (kruvid, naelad jms). Majakomplekti ei kuulu katusekate.<\/p>\n","protected":false},"excerpt":{"rendered":"<p>V\u00e4lism\u00f5\u00f5dud:<strong> 8,0 x 4,64 m<\/strong>. Harja k\u00f5rgus <strong>3,7 m<\/strong>.<\/p>\n<ul>\n<li>tuuletapiga palk <strong>70 mm<\/strong>, tormikinnitused<\/li>\n<li>immutatud alusprussid 45 x 70 mm<\/li>\n<li>terrassilauad 28 x 120 mm\u00a0 19 <span class=\"super-position\">m<sup>2<\/sup><\/span><\/li>\n<li>\u00e4rklikorrus majutuseks v\u00f5i hoiuruumiks<\/li>\n<li>trepp-redel<\/li>\n<li>sisse kaldp\u00f6\u00f6rdavatavad aknad alumiiniumist tilganinadega pakettklaasiga 4\/14\/4 mm 3 x 916 x 916 mm, 2 x 650 x 650 mm ja 3 x 1100 x 1729 mm<\/li>\n<li>punnsoonega p\u00f5randa- ja katuselaudis 18 x 90 mm<\/li>\n<li>katuse pindala 60.7\u00a0<span class=\"super-position\">m<sup>2 <\/sup><\/span>, katuse kalle 20.6\u00b0<\/li>\n<li>katusekate ei sisaldu hinnas (vajaminev kogus 9 rulli x 10m katusepappi v\u00f5i 25 pakki sindelkatusekatet)<\/li>\n<li>3 ust 827 x 1933 mm liimpuidust lengidega, v\u00e4lisuksel silinderlukk<\/li>\n<li>kinnitusvahendid ja koostejuhend<\/li>\n<li>tehase garantii 5 aastat<\/li>\n<li>ilmastikukindel pakend<\/li>\n<li>v\u00f5imalik teha m\u00f5\u00f5tudes ja avat\u00e4idetes muudatusi<\/li>\n<li>ehitusteatise jaoks vajalikud joonised<\/li>\n<li>tellimiseks piisab poole hinna ettemaksust (tellimisaeg 2-3 kuud)<\/li>\n<li>Eesti toode<\/li>\n<\/ul>\n<p>Enne tellimist soovitame t\u00e4psustada veohinna ja tootmisaja.<\/p>\n<p>K\u00fcsi ka paigaldust!<\/p>\n","protected":false},"featured_media":75741,"template":"","meta":{"_monsterinsights_skip_tracking":false,"_monsterinsights_sitenote_active":false,"_monsterinsights_sitenote_note":"","_monsterinsights_sitenote_category":0},"pwb-brand":[18577],"product_brand":[],"product_cat":[13538,13540,13610],"product_tag":[13910,17515,13970,17866,13999,18033,14252,14311,15121,13813,15285,13831],"class_list":{"0":"post-75739","1":"product","2":"type-product","3":"status-publish","4":"has-post-thumbnail","6":"pwb-brand-eesti","7":"product_cat-ale","8":"product_cat-hooned-alekeskus","9":"product_cat-suvilad","10":"product_tag-majutus","11":"product_tag-saunamokki","12":"product_tag-suvila","13":"product_tag-hirsimokki","14":"product_tag-hoylahirsi","15":"product_tag-rantamokki-2","16":"product_tag-suvemaja","17":"product_tag-freespalkaiamaja","18":"product_tag-puhkus","19":"product_tag-aiamaja","20":"product_tag-kesamokki","21":"product_tag-mokki","22":"product_shipping_class-alates-1000kg","23":"pa_garantii-5-aastat","24":"pa_laoasukoht-tartumaa","25":"pa_pindalam-17383","26":"pa_seinapaksus-70-mm","27":"pa_tellimisaeg-6-8-nadalat","28":"pa_varv-viimistlemata","29":"pa_veame-eesti-ja-soome","31":"first","32":"onbackorder","33":"sale","34":"featured","35":"taxable","36":"shipping-taxable","37":"purchasable","38":"product-type-simple"},"yoast_head":"<!-- This site is optimized with the Yoast SEO plugin v27.3 - https:\/\/yoast.com\/product\/yoast-seo-wordpress\/ -->\n<title>Suvemaja Eura 35,4 m\u00b2 3 toa, \u00e4rklikorruse ja terrassiga - Alekeskus<\/title>\n<meta name=\"description\" content=\"Ilus klassikaline freespalgist m\u00f6kki j\u00e4rve v\u00f5i mere kaldale\" \/>\n<meta name=\"robots\" content=\"index, follow, max-snippet:-1, max-image-preview:large, max-video-preview:-1\" \/>\n<link rel=\"canonical\" href=\"https:\/\/alekeskus.eu\/toode\/suvemaja-eura-354m-alekeskus\/\" \/>\n<meta property=\"og:locale\" content=\"et_EE\" \/>\n<meta property=\"og:type\" content=\"article\" \/>\n<meta property=\"og:title\" content=\"Suvemaja Eura 35,4 m\u00b2 3 toa, \u00e4rklikorruse ja terrassiga - Alekeskus\" \/>\n<meta property=\"og:description\" content=\"Ilus klassikaline freespalgist m\u00f6kki j\u00e4rve v\u00f5i mere kaldale\" \/>\n<meta property=\"og:url\" content=\"https:\/\/alekeskus.eu\/toode\/suvemaja-eura-354m-alekeskus\/\" \/>\n<meta property=\"og:site_name\" content=\"Alekeskus\" \/>\n<meta property=\"article:modified_time\" content=\"2025-01-05T14:42:44+00:00\" \/>\n<meta property=\"og:image\" content=\"https:\/\/alekeskus.eu\/wp-content\/uploads\/2022\/03\/Eufrat-loodus.jpg\" \/>\n\t<meta property=\"og:image:width\" content=\"2500\" \/>\n\t<meta property=\"og:image:height\" content=\"1667\" \/>\n\t<meta property=\"og:image:type\" content=\"image\/jpeg\" \/>\n<meta name=\"twitter:card\" content=\"summary_large_image\" \/>\n<meta name=\"twitter:label1\" content=\"Est. reading time\" \/>\n\t<meta name=\"twitter:data1\" content=\"1 minut\" \/>\n<script type=\"application\/ld+json\" class=\"yoast-schema-graph\">{\"@context\":\"https:\\\/\\\/schema.org\",\"@graph\":[{\"@type\":\"WebPage\",\"@id\":\"https:\\\/\\\/alekeskus.eu\\\/toode\\\/suvemaja-eura-354m-alekeskus\\\/\",\"url\":\"https:\\\/\\\/alekeskus.eu\\\/toode\\\/suvemaja-eura-354m-alekeskus\\\/\",\"name\":\"Suvemaja Eura 35,4 m\u00b2 3 toa, \u00e4rklikorruse ja terrassiga - Alekeskus\",\"isPartOf\":{\"@id\":\"https:\\\/\\\/alekeskus.eu\\\/#website\"},\"primaryImageOfPage\":{\"@id\":\"https:\\\/\\\/alekeskus.eu\\\/toode\\\/suvemaja-eura-354m-alekeskus\\\/#primaryimage\"},\"image\":{\"@id\":\"https:\\\/\\\/alekeskus.eu\\\/toode\\\/suvemaja-eura-354m-alekeskus\\\/#primaryimage\"},\"thumbnailUrl\":\"https:\\\/\\\/alekeskus.eu\\\/wp-content\\\/uploads\\\/2022\\\/03\\\/Eufrat-loodus.jpg\",\"datePublished\":\"2024-10-04T11:26:59+00:00\",\"dateModified\":\"2025-01-05T14:42:44+00:00\",\"description\":\"Ilus klassikaline freespalgist m\u00f6kki j\u00e4rve v\u00f5i mere kaldale\",\"breadcrumb\":{\"@id\":\"https:\\\/\\\/alekeskus.eu\\\/toode\\\/suvemaja-eura-354m-alekeskus\\\/#breadcrumb\"},\"inLanguage\":\"et\",\"potentialAction\":[{\"@type\":\"ReadAction\",\"target\":[\"https:\\\/\\\/alekeskus.eu\\\/toode\\\/suvemaja-eura-354m-alekeskus\\\/\"]}]},{\"@type\":\"ImageObject\",\"inLanguage\":\"et\",\"@id\":\"https:\\\/\\\/alekeskus.eu\\\/toode\\\/suvemaja-eura-354m-alekeskus\\\/#primaryimage\",\"url\":\"https:\\\/\\\/alekeskus.eu\\\/wp-content\\\/uploads\\\/2022\\\/03\\\/Eufrat-loodus.jpg\",\"contentUrl\":\"https:\\\/\\\/alekeskus.eu\\\/wp-content\\\/uploads\\\/2022\\\/03\\\/Eufrat-loodus.jpg\",\"width\":2500,\"height\":1667},{\"@type\":\"BreadcrumbList\",\"@id\":\"https:\\\/\\\/alekeskus.eu\\\/toode\\\/suvemaja-eura-354m-alekeskus\\\/#breadcrumb\",\"itemListElement\":[{\"@type\":\"ListItem\",\"position\":1,\"name\":\"Avaleht\",\"item\":\"https:\\\/\\\/alekeskus.eu\\\/et\\\/\"},{\"@type\":\"ListItem\",\"position\":2,\"name\":\"Pood\",\"item\":\"https:\\\/\\\/alekeskus.eu\\\/pood\\\/\"},{\"@type\":\"ListItem\",\"position\":3,\"name\":\"Suvemaja Eura 35,4 m\u00b2 3 toa, \u00e4rklikorruse ja terrassiga\"}]},{\"@type\":\"WebSite\",\"@id\":\"https:\\\/\\\/alekeskus.eu\\\/#website\",\"url\":\"https:\\\/\\\/alekeskus.eu\\\/\",\"name\":\"Alekeskus\",\"description\":\"Alekeskus.eu\",\"potentialAction\":[{\"@type\":\"SearchAction\",\"target\":{\"@type\":\"EntryPoint\",\"urlTemplate\":\"https:\\\/\\\/alekeskus.eu\\\/?s={search_term_string}\"},\"query-input\":{\"@type\":\"PropertyValueSpecification\",\"valueRequired\":true,\"valueName\":\"search_term_string\"}}],\"inLanguage\":\"et\"}]}<\/script>\n<!-- \/ Yoast SEO plugin. -->","yoast_head_json":{"title":"Suvemaja Eura 35,4 m\u00b2 3 toa, \u00e4rklikorruse ja terrassiga - Alekeskus","description":"Ilus klassikaline freespalgist m\u00f6kki j\u00e4rve v\u00f5i mere kaldale","robots":{"index":"index","follow":"follow","max-snippet":"max-snippet:-1","max-image-preview":"max-image-preview:large","max-video-preview":"max-video-preview:-1"},"canonical":"https:\/\/alekeskus.eu\/toode\/suvemaja-eura-354m-alekeskus\/","og_locale":"et_EE","og_type":"article","og_title":"Suvemaja Eura 35,4 m\u00b2 3 toa, \u00e4rklikorruse ja terrassiga - Alekeskus","og_description":"Ilus klassikaline freespalgist m\u00f6kki j\u00e4rve v\u00f5i mere kaldale","og_url":"https:\/\/alekeskus.eu\/toode\/suvemaja-eura-354m-alekeskus\/","og_site_name":"Alekeskus","article_modified_time":"2025-01-05T14:42:44+00:00","og_image":[{"width":2500,"height":1667,"url":"https:\/\/alekeskus.eu\/wp-content\/uploads\/2022\/03\/Eufrat-loodus.jpg","type":"image\/jpeg"}],"twitter_card":"summary_large_image","twitter_misc":{"Est. reading time":"1 minut"},"schema":{"@context":"https:\/\/schema.org","@graph":[{"@type":"WebPage","@id":"https:\/\/alekeskus.eu\/toode\/suvemaja-eura-354m-alekeskus\/","url":"https:\/\/alekeskus.eu\/toode\/suvemaja-eura-354m-alekeskus\/","name":"Suvemaja Eura 35,4 m\u00b2 3 toa, \u00e4rklikorruse ja terrassiga - Alekeskus","isPartOf":{"@id":"https:\/\/alekeskus.eu\/#website"},"primaryImageOfPage":{"@id":"https:\/\/alekeskus.eu\/toode\/suvemaja-eura-354m-alekeskus\/#primaryimage"},"image":{"@id":"https:\/\/alekeskus.eu\/toode\/suvemaja-eura-354m-alekeskus\/#primaryimage"},"thumbnailUrl":"https:\/\/alekeskus.eu\/wp-content\/uploads\/2022\/03\/Eufrat-loodus.jpg","datePublished":"2024-10-04T11:26:59+00:00","dateModified":"2025-01-05T14:42:44+00:00","description":"Ilus klassikaline freespalgist m\u00f6kki j\u00e4rve v\u00f5i mere kaldale","breadcrumb":{"@id":"https:\/\/alekeskus.eu\/toode\/suvemaja-eura-354m-alekeskus\/#breadcrumb"},"inLanguage":"et","potentialAction":[{"@type":"ReadAction","target":["https:\/\/alekeskus.eu\/toode\/suvemaja-eura-354m-alekeskus\/"]}]},{"@type":"ImageObject","inLanguage":"et","@id":"https:\/\/alekeskus.eu\/toode\/suvemaja-eura-354m-alekeskus\/#primaryimage","url":"https:\/\/alekeskus.eu\/wp-content\/uploads\/2022\/03\/Eufrat-loodus.jpg","contentUrl":"https:\/\/alekeskus.eu\/wp-content\/uploads\/2022\/03\/Eufrat-loodus.jpg","width":2500,"height":1667},{"@type":"BreadcrumbList","@id":"https:\/\/alekeskus.eu\/toode\/suvemaja-eura-354m-alekeskus\/#breadcrumb","itemListElement":[{"@type":"ListItem","position":1,"name":"Avaleht","item":"https:\/\/alekeskus.eu\/et\/"},{"@type":"ListItem","position":2,"name":"Pood","item":"https:\/\/alekeskus.eu\/pood\/"},{"@type":"ListItem","position":3,"name":"Suvemaja Eura 35,4 m\u00b2 3 toa, \u00e4rklikorruse ja terrassiga"}]},{"@type":"WebSite","@id":"https:\/\/alekeskus.eu\/#website","url":"https:\/\/alekeskus.eu\/","name":"Alekeskus","description":"Alekeskus.eu","potentialAction":[{"@type":"SearchAction","target":{"@type":"EntryPoint","urlTemplate":"https:\/\/alekeskus.eu\/?s={search_term_string}"},"query-input":{"@type":"PropertyValueSpecification","valueRequired":true,"valueName":"search_term_string"}}],"inLanguage":"et"}]}},"brands":[{"id":18577,"name":"Eesti","slug":"eesti"}],"_links":{"self":[{"href":"https:\/\/alekeskus.eu\/et\/wp-json\/wp\/v2\/product\/75739","targetHints":{"allow":["GET"]}}],"collection":[{"href":"https:\/\/alekeskus.eu\/et\/wp-json\/wp\/v2\/product"}],"about":[{"href":"https:\/\/alekeskus.eu\/et\/wp-json\/wp\/v2\/types\/product"}],"wp:featuredmedia":[{"embeddable":true,"href":"https:\/\/alekeskus.eu\/et\/wp-json\/wp\/v2\/media\/75741"}],"wp:attachment":[{"href":"https:\/\/alekeskus.eu\/et\/wp-json\/wp\/v2\/media?parent=75739"}],"wp:term":[{"taxonomy":"pwb-brand","embeddable":true,"href":"https:\/\/alekeskus.eu\/et\/wp-json\/wp\/v2\/pwb-brand?post=75739"},{"taxonomy":"product_brand","embeddable":true,"href":"https:\/\/alekeskus.eu\/et\/wp-json\/wp\/v2\/product_brand?post=75739"},{"taxonomy":"product_cat","embeddable":true,"href":"https:\/\/alekeskus.eu\/et\/wp-json\/wp\/v2\/product_cat?post=75739"},{"taxonomy":"product_tag","embeddable":true,"href":"https:\/\/alekeskus.eu\/et\/wp-json\/wp\/v2\/product_tag?post=75739"}],"curies":[{"name":"wp","href":"https:\/\/api.w.org\/{rel}","templated":true}]}}