{"id":75747,"date":"2023-03-04T12:58:11","date_gmt":"2023-03-04T12:58:11","guid":{"rendered":"https:\/\/alekeskus.eu\/?post_type=product&#038;p=75747"},"modified":"2025-01-05T14:41:01","modified_gmt":"2025-01-05T14:41:01","slug":"suvemaja-kail-76m%c2%b2-7-ruumiga-ja-2-valjapaasuga-alekeskus","status":"publish","type":"product","link":"https:\/\/alekeskus.eu\/et\/toode\/suvemaja-kail-76m%c2%b2-7-ruumiga-ja-2-valjapaasuga-alekeskus\/","title":{"rendered":"Freespalksuvila K\u00e4il 76 m\u00b2 7 ruumiga ja 2 v\u00e4ljap\u00e4\u00e4suga"},"content":{"rendered":"<p>T\u00f5eliselt mahukas suvekodu, mis koondab 76 m\u00b2 elamispinda kokku kahel korrusel. Esimene ja teine poolkorrus on \u00fchendatud maitseka puidust trepiga. \u00dchtekokku seitsme eraldiseisva ruumi ja kahe sissep\u00e4\u00e4suga pakub rikkalikult ruumi, mis teeb sellest ideaalse valiku n\u00e4iteks suurema pere v\u00f5i s\u00f5pruskonnaga aja veetmiseks. \u00a0Majakomplekt sisaldab k\u00f5iki paigaldamiseks vajaminevaid detaile: immutatud alusraam, seinadetailid, p\u00f5randalauad ja p\u00f5randaliistud, katusetalad, katuselauad ja katuseliistud ning avat\u00e4ited. Lisaks on pakis ka kinnitusvahendid (kruvid, naelad jms). Majakomplekti ei kuulu katusekate, juurde on v\u00f5imalik osta katusepappi v\u00f5i katusesindlit.<\/p>\n","protected":false},"excerpt":{"rendered":"<p>V\u00e4lism\u00f5\u00f5dud:<strong> 7,4 x 5,4 m<\/strong>. Harja k\u00f5rgus <strong>4,9 m<\/strong>.<\/p>\n<ul>\n<li>tuuletapiga freespalk <strong>70 mm<\/strong>, tormikinnitused<\/li>\n<li>immutatud alusprussid 45 x 70 mm<\/li>\n<li>7 ruumi ja 2 v\u00e4ljap\u00e4\u00e4su<\/li>\n<li>korruseid \u00fchendav trepp<\/li>\n<li>sisse kaldp\u00f6\u00f6rdavanevad aknad alumiiniumist tilganinadega pakettklaasiga 4\/14\/4 mm\n<div class=\"spec-detail\">\n<div class=\"spec-multi\">2 x 916 x 916 mm, 3 x 650 x 650 mm, 2 x 1100 x 1729 mm,\u00a01 x 1500 x 650 mm<\/div>\n<\/div>\n<\/li>\n<li>punnsoonega p\u00f5randalauad 28 x 112 mm ja katuselauad 18 x 90 mm<\/li>\n<li>r\u00e4\u00e4stas 50 cm, katuse pindala 67 <span class=\"super-position\">m<sup>2 <\/sup><\/span>, katuse kalle 28\u00b0<\/li>\n<li>katusekate ei sisaldu hinnas (vajaminev kogus 28 pakki sindelkatusekatet)<\/li>\n<li>liimpuidust lengidega uksed 1580 x 2000 mm, 2x 827 x 2000 mm, 2 x 827 x 1933 mm, \u00a0v\u00e4lisustel silinderlukk<\/li>\n<li>kinnitusvahendid ja koostejuhend<\/li>\n<li>ehitusjoonised (v\u00f5imalik teha m\u00f5\u00f5tudes v\u00e4iksemaid muudatusi)<\/li>\n<li>tehase garantii 5 aastat<\/li>\n<li>Eesti toode<\/li>\n<li>tellimiseks piisab poole hinna ettemaksust (tellimisaeg 2-3 kuud)<\/li>\n<\/ul>\n<p>Enne tellimist soovitame t\u00e4psustada veohinna ja tootmisaja.<\/p>\n<p>K\u00fcsi ka paigaldust!<\/p>\n","protected":false},"featured_media":75749,"template":"","meta":{"_monsterinsights_skip_tracking":false,"_monsterinsights_sitenote_active":false,"_monsterinsights_sitenote_note":"","_monsterinsights_sitenote_category":0},"pwb-brand":[18577],"product_brand":[],"product_cat":[13540,13604,13610],"product_tag":[15285,13831,15562,15914,16285,13864,13910,13970,17388,13999,14252,17390,14311,15121,18578,13813],"class_list":{"0":"post-75747","1":"product","2":"type-product","3":"status-publish","4":"has-post-thumbnail","6":"pwb-brand-eesti","7":"product_cat-hooned-alekeskus","8":"product_cat-saunad","9":"product_cat-suvilad","10":"product_tag-kesamokki","11":"product_tag-mokki","12":"product_tag-palk","13":"product_tag-pihasauna","14":"product_tag-rantasauna","15":"product_tag-huvimaja","16":"product_tag-majutus","17":"product_tag-suvila","18":"product_tag-saunamaja","19":"product_tag-hoylahirsi","20":"product_tag-suvemaja","21":"product_tag-freespalksuvila","22":"product_tag-freespalkaiamaja","23":"product_tag-puhkus","24":"product_tag-palksuvila","25":"product_tag-aiamaja","26":"product_shipping_class-alates-1000kg","27":"pa_garantii-5-aastat","28":"pa_laoasukoht-tartumaa","29":"pa_pindalam-76-2","30":"pa_seinapaksus-70-mm","31":"pa_varv-viimistlemata","32":"pa_veame-eesti-ja-soome","34":"first","35":"onbackorder","36":"featured","37":"taxable","38":"shipping-taxable","39":"purchasable","40":"product-type-simple"},"yoast_head":"<!-- This site is optimized with the Yoast SEO plugin v27.3 - https:\/\/yoast.com\/product\/yoast-seo-wordpress\/ -->\n<title>Freespalksuvila K\u00e4il 76 m\u00b2 7 ruumiga ja 2 v\u00e4ljap\u00e4\u00e4suga - Alekeskus<\/title>\n<meta name=\"description\" content=\"Suur kahekordne freespalgist suvemaja, mis annab elumaja m\u00f5\u00f5du v\u00e4lja\" \/>\n<meta name=\"robots\" content=\"index, follow, max-snippet:-1, max-image-preview:large, max-video-preview:-1\" \/>\n<link rel=\"canonical\" href=\"https:\/\/alekeskus.eu\/toode\/suvemaja-kail-76m\u00b2-7-ruumiga-ja-2-valjapaasuga-alekeskus\/\" \/>\n<meta property=\"og:locale\" content=\"et_EE\" \/>\n<meta property=\"og:type\" content=\"article\" \/>\n<meta property=\"og:title\" content=\"Freespalksuvila K\u00e4il 76 m\u00b2 7 ruumiga ja 2 v\u00e4ljap\u00e4\u00e4suga - Alekeskus\" \/>\n<meta property=\"og:description\" content=\"Suur kahekordne freespalgist suvemaja, mis annab elumaja m\u00f5\u00f5du v\u00e4lja\" \/>\n<meta property=\"og:url\" content=\"https:\/\/alekeskus.eu\/toode\/suvemaja-kail-76m\u00b2-7-ruumiga-ja-2-valjapaasuga-alekeskus\/\" \/>\n<meta property=\"og:site_name\" content=\"Alekeskus\" \/>\n<meta property=\"article:modified_time\" content=\"2025-01-05T14:41:01+00:00\" \/>\n<meta property=\"og:image\" content=\"https:\/\/alekeskus.eu\/wp-content\/uploads\/2022\/03\/Ceylon-loodus-Kail.jpg\" \/>\n\t<meta property=\"og:image:width\" content=\"2500\" \/>\n\t<meta property=\"og:image:height\" content=\"1667\" \/>\n\t<meta property=\"og:image:type\" content=\"image\/jpeg\" \/>\n<meta name=\"twitter:card\" content=\"summary_large_image\" \/>\n<meta name=\"twitter:label1\" content=\"Est. reading time\" \/>\n\t<meta name=\"twitter:data1\" content=\"1 minut\" \/>\n<script type=\"application\/ld+json\" class=\"yoast-schema-graph\">{\"@context\":\"https:\\\/\\\/schema.org\",\"@graph\":[{\"@type\":\"WebPage\",\"@id\":\"https:\\\/\\\/alekeskus.eu\\\/toode\\\/suvemaja-kail-76m%c2%b2-7-ruumiga-ja-2-valjapaasuga-alekeskus\\\/\",\"url\":\"https:\\\/\\\/alekeskus.eu\\\/toode\\\/suvemaja-kail-76m%c2%b2-7-ruumiga-ja-2-valjapaasuga-alekeskus\\\/\",\"name\":\"Freespalksuvila K\u00e4il 76 m\u00b2 7 ruumiga ja 2 v\u00e4ljap\u00e4\u00e4suga - Alekeskus\",\"isPartOf\":{\"@id\":\"https:\\\/\\\/alekeskus.eu\\\/#website\"},\"primaryImageOfPage\":{\"@id\":\"https:\\\/\\\/alekeskus.eu\\\/toode\\\/suvemaja-kail-76m%c2%b2-7-ruumiga-ja-2-valjapaasuga-alekeskus\\\/#primaryimage\"},\"image\":{\"@id\":\"https:\\\/\\\/alekeskus.eu\\\/toode\\\/suvemaja-kail-76m%c2%b2-7-ruumiga-ja-2-valjapaasuga-alekeskus\\\/#primaryimage\"},\"thumbnailUrl\":\"https:\\\/\\\/alekeskus.eu\\\/wp-content\\\/uploads\\\/2022\\\/03\\\/Ceylon-loodus-Kail.jpg\",\"datePublished\":\"2023-03-04T12:58:11+00:00\",\"dateModified\":\"2025-01-05T14:41:01+00:00\",\"description\":\"Suur kahekordne freespalgist suvemaja, mis annab elumaja m\u00f5\u00f5du v\u00e4lja\",\"breadcrumb\":{\"@id\":\"https:\\\/\\\/alekeskus.eu\\\/toode\\\/suvemaja-kail-76m%c2%b2-7-ruumiga-ja-2-valjapaasuga-alekeskus\\\/#breadcrumb\"},\"inLanguage\":\"et\",\"potentialAction\":[{\"@type\":\"ReadAction\",\"target\":[\"https:\\\/\\\/alekeskus.eu\\\/toode\\\/suvemaja-kail-76m%c2%b2-7-ruumiga-ja-2-valjapaasuga-alekeskus\\\/\"]}]},{\"@type\":\"ImageObject\",\"inLanguage\":\"et\",\"@id\":\"https:\\\/\\\/alekeskus.eu\\\/toode\\\/suvemaja-kail-76m%c2%b2-7-ruumiga-ja-2-valjapaasuga-alekeskus\\\/#primaryimage\",\"url\":\"https:\\\/\\\/alekeskus.eu\\\/wp-content\\\/uploads\\\/2022\\\/03\\\/Ceylon-loodus-Kail.jpg\",\"contentUrl\":\"https:\\\/\\\/alekeskus.eu\\\/wp-content\\\/uploads\\\/2022\\\/03\\\/Ceylon-loodus-Kail.jpg\",\"width\":2500,\"height\":1667},{\"@type\":\"BreadcrumbList\",\"@id\":\"https:\\\/\\\/alekeskus.eu\\\/toode\\\/suvemaja-kail-76m%c2%b2-7-ruumiga-ja-2-valjapaasuga-alekeskus\\\/#breadcrumb\",\"itemListElement\":[{\"@type\":\"ListItem\",\"position\":1,\"name\":\"Avaleht\",\"item\":\"https:\\\/\\\/alekeskus.eu\\\/et\\\/\"},{\"@type\":\"ListItem\",\"position\":2,\"name\":\"Pood\",\"item\":\"https:\\\/\\\/alekeskus.eu\\\/pood\\\/\"},{\"@type\":\"ListItem\",\"position\":3,\"name\":\"Freespalksuvila K\u00e4il 76 m\u00b2 7 ruumiga ja 2 v\u00e4ljap\u00e4\u00e4suga\"}]},{\"@type\":\"WebSite\",\"@id\":\"https:\\\/\\\/alekeskus.eu\\\/#website\",\"url\":\"https:\\\/\\\/alekeskus.eu\\\/\",\"name\":\"Alekeskus\",\"description\":\"Alekeskus.eu\",\"potentialAction\":[{\"@type\":\"SearchAction\",\"target\":{\"@type\":\"EntryPoint\",\"urlTemplate\":\"https:\\\/\\\/alekeskus.eu\\\/?s={search_term_string}\"},\"query-input\":{\"@type\":\"PropertyValueSpecification\",\"valueRequired\":true,\"valueName\":\"search_term_string\"}}],\"inLanguage\":\"et\"}]}<\/script>\n<!-- \/ Yoast SEO plugin. -->","yoast_head_json":{"title":"Freespalksuvila K\u00e4il 76 m\u00b2 7 ruumiga ja 2 v\u00e4ljap\u00e4\u00e4suga - Alekeskus","description":"Suur kahekordne freespalgist suvemaja, mis annab elumaja m\u00f5\u00f5du v\u00e4lja","robots":{"index":"index","follow":"follow","max-snippet":"max-snippet:-1","max-image-preview":"max-image-preview:large","max-video-preview":"max-video-preview:-1"},"canonical":"https:\/\/alekeskus.eu\/toode\/suvemaja-kail-76m\u00b2-7-ruumiga-ja-2-valjapaasuga-alekeskus\/","og_locale":"et_EE","og_type":"article","og_title":"Freespalksuvila K\u00e4il 76 m\u00b2 7 ruumiga ja 2 v\u00e4ljap\u00e4\u00e4suga - Alekeskus","og_description":"Suur kahekordne freespalgist suvemaja, mis annab elumaja m\u00f5\u00f5du v\u00e4lja","og_url":"https:\/\/alekeskus.eu\/toode\/suvemaja-kail-76m\u00b2-7-ruumiga-ja-2-valjapaasuga-alekeskus\/","og_site_name":"Alekeskus","article_modified_time":"2025-01-05T14:41:01+00:00","og_image":[{"width":2500,"height":1667,"url":"https:\/\/alekeskus.eu\/wp-content\/uploads\/2022\/03\/Ceylon-loodus-Kail.jpg","type":"image\/jpeg"}],"twitter_card":"summary_large_image","twitter_misc":{"Est. reading time":"1 minut"},"schema":{"@context":"https:\/\/schema.org","@graph":[{"@type":"WebPage","@id":"https:\/\/alekeskus.eu\/toode\/suvemaja-kail-76m%c2%b2-7-ruumiga-ja-2-valjapaasuga-alekeskus\/","url":"https:\/\/alekeskus.eu\/toode\/suvemaja-kail-76m%c2%b2-7-ruumiga-ja-2-valjapaasuga-alekeskus\/","name":"Freespalksuvila K\u00e4il 76 m\u00b2 7 ruumiga ja 2 v\u00e4ljap\u00e4\u00e4suga - Alekeskus","isPartOf":{"@id":"https:\/\/alekeskus.eu\/#website"},"primaryImageOfPage":{"@id":"https:\/\/alekeskus.eu\/toode\/suvemaja-kail-76m%c2%b2-7-ruumiga-ja-2-valjapaasuga-alekeskus\/#primaryimage"},"image":{"@id":"https:\/\/alekeskus.eu\/toode\/suvemaja-kail-76m%c2%b2-7-ruumiga-ja-2-valjapaasuga-alekeskus\/#primaryimage"},"thumbnailUrl":"https:\/\/alekeskus.eu\/wp-content\/uploads\/2022\/03\/Ceylon-loodus-Kail.jpg","datePublished":"2023-03-04T12:58:11+00:00","dateModified":"2025-01-05T14:41:01+00:00","description":"Suur kahekordne freespalgist suvemaja, mis annab elumaja m\u00f5\u00f5du v\u00e4lja","breadcrumb":{"@id":"https:\/\/alekeskus.eu\/toode\/suvemaja-kail-76m%c2%b2-7-ruumiga-ja-2-valjapaasuga-alekeskus\/#breadcrumb"},"inLanguage":"et","potentialAction":[{"@type":"ReadAction","target":["https:\/\/alekeskus.eu\/toode\/suvemaja-kail-76m%c2%b2-7-ruumiga-ja-2-valjapaasuga-alekeskus\/"]}]},{"@type":"ImageObject","inLanguage":"et","@id":"https:\/\/alekeskus.eu\/toode\/suvemaja-kail-76m%c2%b2-7-ruumiga-ja-2-valjapaasuga-alekeskus\/#primaryimage","url":"https:\/\/alekeskus.eu\/wp-content\/uploads\/2022\/03\/Ceylon-loodus-Kail.jpg","contentUrl":"https:\/\/alekeskus.eu\/wp-content\/uploads\/2022\/03\/Ceylon-loodus-Kail.jpg","width":2500,"height":1667},{"@type":"BreadcrumbList","@id":"https:\/\/alekeskus.eu\/toode\/suvemaja-kail-76m%c2%b2-7-ruumiga-ja-2-valjapaasuga-alekeskus\/#breadcrumb","itemListElement":[{"@type":"ListItem","position":1,"name":"Avaleht","item":"https:\/\/alekeskus.eu\/et\/"},{"@type":"ListItem","position":2,"name":"Pood","item":"https:\/\/alekeskus.eu\/pood\/"},{"@type":"ListItem","position":3,"name":"Freespalksuvila K\u00e4il 76 m\u00b2 7 ruumiga ja 2 v\u00e4ljap\u00e4\u00e4suga"}]},{"@type":"WebSite","@id":"https:\/\/alekeskus.eu\/#website","url":"https:\/\/alekeskus.eu\/","name":"Alekeskus","description":"Alekeskus.eu","potentialAction":[{"@type":"SearchAction","target":{"@type":"EntryPoint","urlTemplate":"https:\/\/alekeskus.eu\/?s={search_term_string}"},"query-input":{"@type":"PropertyValueSpecification","valueRequired":true,"valueName":"search_term_string"}}],"inLanguage":"et"}]}},"brands":[{"id":18577,"name":"Eesti","slug":"eesti"}],"_links":{"self":[{"href":"https:\/\/alekeskus.eu\/et\/wp-json\/wp\/v2\/product\/75747","targetHints":{"allow":["GET"]}}],"collection":[{"href":"https:\/\/alekeskus.eu\/et\/wp-json\/wp\/v2\/product"}],"about":[{"href":"https:\/\/alekeskus.eu\/et\/wp-json\/wp\/v2\/types\/product"}],"wp:featuredmedia":[{"embeddable":true,"href":"https:\/\/alekeskus.eu\/et\/wp-json\/wp\/v2\/media\/75749"}],"wp:attachment":[{"href":"https:\/\/alekeskus.eu\/et\/wp-json\/wp\/v2\/media?parent=75747"}],"wp:term":[{"taxonomy":"pwb-brand","embeddable":true,"href":"https:\/\/alekeskus.eu\/et\/wp-json\/wp\/v2\/pwb-brand?post=75747"},{"taxonomy":"product_brand","embeddable":true,"href":"https:\/\/alekeskus.eu\/et\/wp-json\/wp\/v2\/product_brand?post=75747"},{"taxonomy":"product_cat","embeddable":true,"href":"https:\/\/alekeskus.eu\/et\/wp-json\/wp\/v2\/product_cat?post=75747"},{"taxonomy":"product_tag","embeddable":true,"href":"https:\/\/alekeskus.eu\/et\/wp-json\/wp\/v2\/product_tag?post=75747"}],"curies":[{"name":"wp","href":"https:\/\/api.w.org\/{rel}","templated":true}]}}