{"id":75766,"date":"2023-11-06T13:15:49","date_gmt":"2023-11-06T13:15:49","guid":{"rendered":"https:\/\/alekeskus.eu\/?post_type=product&#038;p=75766"},"modified":"2025-01-05T14:44:34","modified_gmt":"2025-01-05T14:44:34","slug":"suvemaja-kange-magamiskorrusega-alekeskus","status":"publish","type":"product","link":"https:\/\/alekeskus.eu\/et\/toode\/suvemaja-kange-magamiskorrusega-alekeskus\/","title":{"rendered":"Suvemaja Kange 46,6 m\u00b2 + magamiskorrus 19,5 m\u00b2"},"content":{"rendered":"<p>Majakomplekt sisaldab k\u00f5iki paigaldamiseks vajaminevaid detaile: immutatud alusraam, seinadetailid, p\u00f5randalauad ja p\u00f5randaliistud, katusetalad, katuselauad ja katuseliistud ning avat\u00e4ited. Lisaks on pakis ka kinnitusvahendid (kruvid, naelad jms). Majakomplekti ei kuulu katusekate, juurde on v\u00f5imalik osta katusepappi v\u00f5i katusesindlit.<\/p>\n","protected":false},"excerpt":{"rendered":"<p>V\u00e4lism\u00f5\u00f5dud:<strong> 7,8 x 7,3 m<\/strong>. Freespalk <strong>70 mm<\/strong>. Harja k\u00f5rgus <strong>4,15 m<\/strong>, k\u00fcljeseinte k\u00f5rgus<strong> 2,52 cm<\/strong>.<\/p>\n<ul>\n<li>tuuletapiga palk <strong>70 mm<\/strong>, tormikinnitused<\/li>\n<li>immutatud alusprussid 70 x 70 mm<\/li>\n<li>terrass 11 m\u00b2, magamiskorrus 19,5 m\u00b2 ja 2 v\u00e4ljap\u00e4\u00e4su<\/li>\n<li>sisse kaldp\u00f6\u00f6rdavatavad aknad alumiiniumist tilganinadega pakettklaasiga 4\/14\/4 mm 2 x 552 x 1729 mm, 3 x 650 x 650 mm, 702 x 1190 mm, 2 x 1374 x 916 mm ja 1100 x 1729 mm<\/li>\n<li>terrassilauad 28 x 120 mm, punnsoonega p\u00f5randalauad 28 x 112 mm ja katuselauad 18 x 90 mm<\/li>\n<li>r\u00e4\u00e4stas ees 140 cm, katuse pindala 75 <span class=\"super-position\">m<sup>2 <\/sup><\/span>, katuse kalle 21\u00b0<\/li>\n<li>katusekate ei sisaldu hinnas (vajaminev kogus 10 rulli x 10m katusepappi v\u00f5i 29 pakki sindelkatusekatet)<\/li>\n<li>liimpuidust lengidega uksed \u00a03 tk 827 x 1933 mm, \u00a0v\u00e4lisustel silinderlukk<\/li>\n<li>kinnitusvahendid ja koostejuhend<\/li>\n<li>tehase garantii 5 aastat<\/li>\n<li>v\u00f5imalik teha m\u00f5\u00f5tudes ja avat\u00e4idetes muudatusi<\/li>\n<li>ehitusteatise jaoks vajalikud joonised<\/li>\n<li>tootmisse andmiseks piisab poole hinnas ettemaksust<\/li>\n<li>Eesti toode<\/li>\n<\/ul>\n<p>K\u00fcsi ka paigaldust!<\/p>\n","protected":false},"featured_media":75768,"template":"","meta":{"_monsterinsights_skip_tracking":false,"_monsterinsights_sitenote_active":false,"_monsterinsights_sitenote_note":"","_monsterinsights_sitenote_category":0},"pwb-brand":[18577],"product_brand":[],"product_cat":[13540,13604,13610],"product_tag":[13970,17390,13999,17395,14252,14311,13813,15121,13831,15285,15562,15914,13864,16285,13910,13913,17388],"class_list":{"0":"post-75766","1":"product","2":"type-product","3":"status-publish","4":"has-post-thumbnail","6":"pwb-brand-eesti","7":"product_cat-hooned-alekeskus","8":"product_cat-saunad","9":"product_cat-suvilad","10":"product_tag-suvila","11":"product_tag-freespalksuvila","12":"product_tag-hoylahirsi","13":"product_tag-ganges","14":"product_tag-suvemaja","15":"product_tag-freespalkaiamaja","16":"product_tag-aiamaja","17":"product_tag-puhkus","18":"product_tag-mokki","19":"product_tag-kesamokki","20":"product_tag-palk","21":"product_tag-pihasauna","22":"product_tag-huvimaja","23":"product_tag-rantasauna","24":"product_tag-majutus","25":"product_tag-vierasmaja","26":"product_tag-saunamaja","27":"product_shipping_class-alates-1000kg","28":"pa_garantii-5-aastat","29":"pa_laoasukoht-tartumaa","30":"pa_pindalam-17396","31":"pa_seinapaksus-70-mm","32":"pa_varv-viimistlemata","33":"pa_veame-eesti-ja-soome","35":"first","36":"onbackorder","37":"taxable","38":"shipping-taxable","39":"purchasable","40":"product-type-simple"},"yoast_head":"<!-- This site is optimized with the Yoast SEO plugin v27.3 - https:\/\/yoast.com\/product\/yoast-seo-wordpress\/ -->\n<title>Suvemaja Kange 46,6 m\u00b2 + magamiskorrus 19,5 m\u00b2 - Alekeskus<\/title>\n<meta name=\"description\" content=\"Suur 70 mm-isest freespalgist suvemaja magamiskorrusega ja 2 v\u00e4ljap\u00e4\u00e4suga\" \/>\n<meta name=\"robots\" content=\"index, follow, max-snippet:-1, max-image-preview:large, max-video-preview:-1\" \/>\n<link rel=\"canonical\" href=\"https:\/\/alekeskus.eu\/toode\/suvemaja-kange-magamiskorrusega-alekeskus\/\" \/>\n<meta property=\"og:locale\" content=\"et_EE\" \/>\n<meta property=\"og:type\" content=\"article\" \/>\n<meta property=\"og:title\" content=\"Suvemaja Kange 46,6 m\u00b2 + magamiskorrus 19,5 m\u00b2 - Alekeskus\" \/>\n<meta property=\"og:description\" content=\"Suur 70 mm-isest freespalgist suvemaja magamiskorrusega ja 2 v\u00e4ljap\u00e4\u00e4suga\" \/>\n<meta property=\"og:url\" content=\"https:\/\/alekeskus.eu\/toode\/suvemaja-kange-magamiskorrusega-alekeskus\/\" \/>\n<meta property=\"og:site_name\" content=\"Alekeskus\" \/>\n<meta property=\"article:modified_time\" content=\"2025-01-05T14:44:34+00:00\" \/>\n<meta property=\"og:image\" content=\"https:\/\/alekeskus.eu\/wp-content\/uploads\/2022\/03\/Ganges-loodus-1024x1024.jpg\" \/>\n\t<meta property=\"og:image:width\" content=\"1024\" \/>\n\t<meta property=\"og:image:height\" content=\"1024\" \/>\n\t<meta property=\"og:image:type\" content=\"image\/jpeg\" \/>\n<meta name=\"twitter:card\" content=\"summary_large_image\" \/>\n<meta name=\"twitter:label1\" content=\"Est. reading time\" \/>\n\t<meta name=\"twitter:data1\" content=\"1 minut\" \/>\n<script type=\"application\/ld+json\" class=\"yoast-schema-graph\">{\"@context\":\"https:\\\/\\\/schema.org\",\"@graph\":[{\"@type\":\"WebPage\",\"@id\":\"https:\\\/\\\/alekeskus.eu\\\/toode\\\/suvemaja-kange-magamiskorrusega-alekeskus\\\/\",\"url\":\"https:\\\/\\\/alekeskus.eu\\\/toode\\\/suvemaja-kange-magamiskorrusega-alekeskus\\\/\",\"name\":\"Suvemaja Kange 46,6 m\u00b2 + magamiskorrus 19,5 m\u00b2 - Alekeskus\",\"isPartOf\":{\"@id\":\"https:\\\/\\\/alekeskus.eu\\\/#website\"},\"primaryImageOfPage\":{\"@id\":\"https:\\\/\\\/alekeskus.eu\\\/toode\\\/suvemaja-kange-magamiskorrusega-alekeskus\\\/#primaryimage\"},\"image\":{\"@id\":\"https:\\\/\\\/alekeskus.eu\\\/toode\\\/suvemaja-kange-magamiskorrusega-alekeskus\\\/#primaryimage\"},\"thumbnailUrl\":\"https:\\\/\\\/alekeskus.eu\\\/wp-content\\\/uploads\\\/2022\\\/03\\\/Ganges-loodus.jpg\",\"datePublished\":\"2023-11-06T13:15:49+00:00\",\"dateModified\":\"2025-01-05T14:44:34+00:00\",\"description\":\"Suur 70 mm-isest freespalgist suvemaja magamiskorrusega ja 2 v\u00e4ljap\u00e4\u00e4suga\",\"breadcrumb\":{\"@id\":\"https:\\\/\\\/alekeskus.eu\\\/toode\\\/suvemaja-kange-magamiskorrusega-alekeskus\\\/#breadcrumb\"},\"inLanguage\":\"et\",\"potentialAction\":[{\"@type\":\"ReadAction\",\"target\":[\"https:\\\/\\\/alekeskus.eu\\\/toode\\\/suvemaja-kange-magamiskorrusega-alekeskus\\\/\"]}]},{\"@type\":\"ImageObject\",\"inLanguage\":\"et\",\"@id\":\"https:\\\/\\\/alekeskus.eu\\\/toode\\\/suvemaja-kange-magamiskorrusega-alekeskus\\\/#primaryimage\",\"url\":\"https:\\\/\\\/alekeskus.eu\\\/wp-content\\\/uploads\\\/2022\\\/03\\\/Ganges-loodus.jpg\",\"contentUrl\":\"https:\\\/\\\/alekeskus.eu\\\/wp-content\\\/uploads\\\/2022\\\/03\\\/Ganges-loodus.jpg\",\"width\":1600,\"height\":1067},{\"@type\":\"BreadcrumbList\",\"@id\":\"https:\\\/\\\/alekeskus.eu\\\/toode\\\/suvemaja-kange-magamiskorrusega-alekeskus\\\/#breadcrumb\",\"itemListElement\":[{\"@type\":\"ListItem\",\"position\":1,\"name\":\"Avaleht\",\"item\":\"https:\\\/\\\/alekeskus.eu\\\/et\\\/\"},{\"@type\":\"ListItem\",\"position\":2,\"name\":\"Pood\",\"item\":\"https:\\\/\\\/alekeskus.eu\\\/pood\\\/\"},{\"@type\":\"ListItem\",\"position\":3,\"name\":\"Suvemaja Kange 46,6 m\u00b2 + magamiskorrus 19,5 m\u00b2\"}]},{\"@type\":\"WebSite\",\"@id\":\"https:\\\/\\\/alekeskus.eu\\\/#website\",\"url\":\"https:\\\/\\\/alekeskus.eu\\\/\",\"name\":\"Alekeskus\",\"description\":\"Alekeskus.eu\",\"potentialAction\":[{\"@type\":\"SearchAction\",\"target\":{\"@type\":\"EntryPoint\",\"urlTemplate\":\"https:\\\/\\\/alekeskus.eu\\\/?s={search_term_string}\"},\"query-input\":{\"@type\":\"PropertyValueSpecification\",\"valueRequired\":true,\"valueName\":\"search_term_string\"}}],\"inLanguage\":\"et\"}]}<\/script>\n<!-- \/ Yoast SEO plugin. -->","yoast_head_json":{"title":"Suvemaja Kange 46,6 m\u00b2 + magamiskorrus 19,5 m\u00b2 - Alekeskus","description":"Suur 70 mm-isest freespalgist suvemaja magamiskorrusega ja 2 v\u00e4ljap\u00e4\u00e4suga","robots":{"index":"index","follow":"follow","max-snippet":"max-snippet:-1","max-image-preview":"max-image-preview:large","max-video-preview":"max-video-preview:-1"},"canonical":"https:\/\/alekeskus.eu\/toode\/suvemaja-kange-magamiskorrusega-alekeskus\/","og_locale":"et_EE","og_type":"article","og_title":"Suvemaja Kange 46,6 m\u00b2 + magamiskorrus 19,5 m\u00b2 - Alekeskus","og_description":"Suur 70 mm-isest freespalgist suvemaja magamiskorrusega ja 2 v\u00e4ljap\u00e4\u00e4suga","og_url":"https:\/\/alekeskus.eu\/toode\/suvemaja-kange-magamiskorrusega-alekeskus\/","og_site_name":"Alekeskus","article_modified_time":"2025-01-05T14:44:34+00:00","og_image":[{"width":1024,"height":1024,"url":"https:\/\/alekeskus.eu\/wp-content\/uploads\/2022\/03\/Ganges-loodus-1024x1024.jpg","type":"image\/jpeg"}],"twitter_card":"summary_large_image","twitter_misc":{"Est. reading time":"1 minut"},"schema":{"@context":"https:\/\/schema.org","@graph":[{"@type":"WebPage","@id":"https:\/\/alekeskus.eu\/toode\/suvemaja-kange-magamiskorrusega-alekeskus\/","url":"https:\/\/alekeskus.eu\/toode\/suvemaja-kange-magamiskorrusega-alekeskus\/","name":"Suvemaja Kange 46,6 m\u00b2 + magamiskorrus 19,5 m\u00b2 - Alekeskus","isPartOf":{"@id":"https:\/\/alekeskus.eu\/#website"},"primaryImageOfPage":{"@id":"https:\/\/alekeskus.eu\/toode\/suvemaja-kange-magamiskorrusega-alekeskus\/#primaryimage"},"image":{"@id":"https:\/\/alekeskus.eu\/toode\/suvemaja-kange-magamiskorrusega-alekeskus\/#primaryimage"},"thumbnailUrl":"https:\/\/alekeskus.eu\/wp-content\/uploads\/2022\/03\/Ganges-loodus.jpg","datePublished":"2023-11-06T13:15:49+00:00","dateModified":"2025-01-05T14:44:34+00:00","description":"Suur 70 mm-isest freespalgist suvemaja magamiskorrusega ja 2 v\u00e4ljap\u00e4\u00e4suga","breadcrumb":{"@id":"https:\/\/alekeskus.eu\/toode\/suvemaja-kange-magamiskorrusega-alekeskus\/#breadcrumb"},"inLanguage":"et","potentialAction":[{"@type":"ReadAction","target":["https:\/\/alekeskus.eu\/toode\/suvemaja-kange-magamiskorrusega-alekeskus\/"]}]},{"@type":"ImageObject","inLanguage":"et","@id":"https:\/\/alekeskus.eu\/toode\/suvemaja-kange-magamiskorrusega-alekeskus\/#primaryimage","url":"https:\/\/alekeskus.eu\/wp-content\/uploads\/2022\/03\/Ganges-loodus.jpg","contentUrl":"https:\/\/alekeskus.eu\/wp-content\/uploads\/2022\/03\/Ganges-loodus.jpg","width":1600,"height":1067},{"@type":"BreadcrumbList","@id":"https:\/\/alekeskus.eu\/toode\/suvemaja-kange-magamiskorrusega-alekeskus\/#breadcrumb","itemListElement":[{"@type":"ListItem","position":1,"name":"Avaleht","item":"https:\/\/alekeskus.eu\/et\/"},{"@type":"ListItem","position":2,"name":"Pood","item":"https:\/\/alekeskus.eu\/pood\/"},{"@type":"ListItem","position":3,"name":"Suvemaja Kange 46,6 m\u00b2 + magamiskorrus 19,5 m\u00b2"}]},{"@type":"WebSite","@id":"https:\/\/alekeskus.eu\/#website","url":"https:\/\/alekeskus.eu\/","name":"Alekeskus","description":"Alekeskus.eu","potentialAction":[{"@type":"SearchAction","target":{"@type":"EntryPoint","urlTemplate":"https:\/\/alekeskus.eu\/?s={search_term_string}"},"query-input":{"@type":"PropertyValueSpecification","valueRequired":true,"valueName":"search_term_string"}}],"inLanguage":"et"}]}},"brands":[{"id":18577,"name":"Eesti","slug":"eesti"}],"_links":{"self":[{"href":"https:\/\/alekeskus.eu\/et\/wp-json\/wp\/v2\/product\/75766","targetHints":{"allow":["GET"]}}],"collection":[{"href":"https:\/\/alekeskus.eu\/et\/wp-json\/wp\/v2\/product"}],"about":[{"href":"https:\/\/alekeskus.eu\/et\/wp-json\/wp\/v2\/types\/product"}],"wp:featuredmedia":[{"embeddable":true,"href":"https:\/\/alekeskus.eu\/et\/wp-json\/wp\/v2\/media\/75768"}],"wp:attachment":[{"href":"https:\/\/alekeskus.eu\/et\/wp-json\/wp\/v2\/media?parent=75766"}],"wp:term":[{"taxonomy":"pwb-brand","embeddable":true,"href":"https:\/\/alekeskus.eu\/et\/wp-json\/wp\/v2\/pwb-brand?post=75766"},{"taxonomy":"product_brand","embeddable":true,"href":"https:\/\/alekeskus.eu\/et\/wp-json\/wp\/v2\/product_brand?post=75766"},{"taxonomy":"product_cat","embeddable":true,"href":"https:\/\/alekeskus.eu\/et\/wp-json\/wp\/v2\/product_cat?post=75766"},{"taxonomy":"product_tag","embeddable":true,"href":"https:\/\/alekeskus.eu\/et\/wp-json\/wp\/v2\/product_tag?post=75766"}],"curies":[{"name":"wp","href":"https:\/\/api.w.org\/{rel}","templated":true}]}}