{"id":75806,"date":"2026-01-05T19:24:49","date_gmt":"2026-01-05T19:24:49","guid":{"rendered":"https:\/\/alekeskus.eu\/?post_type=product&#038;p=75806"},"modified":"2026-02-04T17:27:51","modified_gmt":"2026-02-04T17:27:51","slug":"suvemaja-misso-227m-magamiskorrus-terrass-alekeskus","status":"publish","type":"product","link":"https:\/\/alekeskus.eu\/et\/toode\/suvemaja-misso-227m-magamiskorrus-terrass-alekeskus\/","title":{"rendered":"Freespalksuvila Misso 22,7 m\u00b2+magamiskorrus 10 m\u00b2+terrass 12 m\u00b2"},"content":{"rendered":"","protected":false},"excerpt":{"rendered":"<p>V\u00e4lism\u00f5\u00f5dud:<strong> 5,6 x 4,3 m<\/strong>. Freespalk <strong>70 mm<\/strong>. Harja k\u00f5rgus <strong>3,9 m<\/strong>.<\/p>\n<ul>\n<li>tuuletapiga freespalk 70 mm, tormikinnitused<\/li>\n<li>immutatud alusprussid 45 x 70 mm<\/li>\n<li>immutatud terrassilauad 28 x 120 mm<\/li>\n<li>terrass 12 <span class=\"super-position\">m<sup>2<\/sup><\/span><\/li>\n<li>magamiskorrus 10 <span class=\"super-position\">m<sup>2<\/sup><\/span><\/li>\n<li>sisse kaldp\u00f6\u00f6rd-avatavad aknad alumiiniumist tilganinadega pakettklaasiga 4\/14\/4 mm 916 x 916 mm, 552 x 1729 mm, 702 x 1190 mm ja 1374 x 916 mm<\/li>\n<li>punnsoonega p\u00f5randalauad 28 x 112 mm ja katuselaudis 18 x 90 mm<\/li>\n<li>r\u00e4\u00e4stas ees 130 cm, katuse pindala 56 <span class=\"super-position\">m<sup>2 <\/sup><\/span>, katuse kalle 25\u00b0<\/li>\n<li>katusekate ei sisaldu hinnas (tarve 9 rulli x 10m katusepappi v\u00f5i 21 pakki sindelkatusekatet)<\/li>\n<li>2 paarisust 1580 x 1933 mm ja 1 uks 827 x 1933 mm liimpuidust lengidega, v\u00e4lisuksel silinderlukk (pane t\u00e4hele, et terrassiukse k\u00e4elisus on erinev n\u00e4idismaja uksest)<\/li>\n<li>trepp<\/li>\n<li>kinnitusvahendid ja koostejuhend<\/li>\n<li>tehase garantii 5 aastat<\/li>\n<li>v\u00f5imalik teha m\u00f5\u00f5tudes ja avat\u00e4idetes muudatusi<\/li>\n<li>ehitusteatise jaoks vajalikud joonised<\/li>\n<li>tellimiseks piisab poolest ettemaksust<\/li>\n<li>Eesti toode (v\u00f5imalik tutvuda Tartus n\u00e4idismajaga)<\/li>\n<\/ul>\n<p>K\u00fcsi ka paigaldust!<\/p>\n","protected":false},"featured_media":87336,"template":"","meta":{"_monsterinsights_skip_tracking":false,"_monsterinsights_sitenote_active":false,"_monsterinsights_sitenote_note":"","_monsterinsights_sitenote_category":0},"pwb-brand":[18577],"product_brand":[],"product_cat":[13538,13540,13604,13608,13610],"product_tag":[13999,17973,14252,18033,18558,13813,14311,13831,15121,15285,15562,13864,13910,13913,13970,17515],"class_list":{"0":"post-75806","1":"product","2":"type-product","3":"status-publish","4":"has-post-thumbnail","6":"pwb-brand-eesti","7":"product_cat-ale","8":"product_cat-hooned-alekeskus","9":"product_cat-saunad","10":"product_cat-kontorid","11":"product_cat-suvilad","12":"product_tag-hoylahirsi","13":"product_tag-aiasaun","14":"product_tag-suvemaja","15":"product_tag-rantamokki-2","16":"product_tag-lomamokki-2","17":"product_tag-aiamaja","18":"product_tag-freespalkaiamaja","19":"product_tag-mokki","20":"product_tag-puhkus","21":"product_tag-kesamokki","22":"product_tag-palk","23":"product_tag-huvimaja","24":"product_tag-majutus","25":"product_tag-vierasmaja","26":"product_tag-suvila","27":"product_tag-saunamokki","28":"product_shipping_class-alates-1000kg","29":"pa_garantii-5-aastat","30":"pa_laoasukoht-tartumaa","31":"pa_pindalam-17414","32":"pa_seinapaksus-70-mm","33":"pa_tellimisaeg-2-3-kuud","34":"pa_varv-viimistlemata","35":"pa_veame-eesti-ja-soome","37":"first","38":"onbackorder","39":"sale","40":"featured","41":"taxable","42":"shipping-taxable","43":"purchasable","44":"product-type-simple"},"yoast_head":"<!-- This site is optimized with the Yoast SEO plugin v27.3 - https:\/\/yoast.com\/product\/yoast-seo-wordpress\/ -->\n<title>Freespalksuvila Misso 22,7 m\u00b2+magamiskorrus 10 m\u00b2+terrass 12 m\u00b2 - Alekeskus<\/title>\n<meta name=\"description\" content=\"freespalksuvila j\u00e4rve v\u00f5i mere kaldale\" \/>\n<meta name=\"robots\" content=\"index, follow, max-snippet:-1, max-image-preview:large, max-video-preview:-1\" \/>\n<link rel=\"canonical\" href=\"https:\/\/alekeskus.eu\/et\/toode\/suvemaja-misso-227m-magamiskorrus-terrass-alekeskus\/\" \/>\n<meta property=\"og:locale\" content=\"et_EE\" \/>\n<meta property=\"og:type\" content=\"article\" \/>\n<meta property=\"og:title\" content=\"Freespalksuvila Misso 22,7 m\u00b2+magamiskorrus 10 m\u00b2+terrass 12 m\u00b2 - Alekeskus\" \/>\n<meta property=\"og:description\" content=\"freespalksuvila j\u00e4rve v\u00f5i mere kaldale\" \/>\n<meta property=\"og:url\" content=\"https:\/\/alekeskus.eu\/et\/toode\/suvemaja-misso-227m-magamiskorrus-terrass-alekeskus\/\" \/>\n<meta property=\"og:site_name\" content=\"Alekeskus\" \/>\n<meta property=\"article:modified_time\" content=\"2026-02-04T17:27:51+00:00\" \/>\n<meta property=\"og:image\" content=\"https:\/\/alekeskus.eu\/wp-content\/uploads\/2024\/11\/Missouri-aias-UUS-scaled.jpg\" \/>\n\t<meta property=\"og:image:width\" content=\"1600\" \/>\n\t<meta property=\"og:image:height\" content=\"1068\" \/>\n\t<meta property=\"og:image:type\" content=\"image\/jpeg\" \/>\n<meta name=\"twitter:card\" content=\"summary_large_image\" \/>\n<meta name=\"twitter:label1\" content=\"Est. reading time\" \/>\n\t<meta name=\"twitter:data1\" content=\"1 minut\" \/>\n<script type=\"application\/ld+json\" class=\"yoast-schema-graph\">{\"@context\":\"https:\\\/\\\/schema.org\",\"@graph\":[{\"@type\":\"WebPage\",\"@id\":\"https:\\\/\\\/alekeskus.eu\\\/et\\\/toode\\\/suvemaja-misso-227m-magamiskorrus-terrass-alekeskus\\\/\",\"url\":\"https:\\\/\\\/alekeskus.eu\\\/et\\\/toode\\\/suvemaja-misso-227m-magamiskorrus-terrass-alekeskus\\\/\",\"name\":\"Freespalksuvila Misso 22,7 m\u00b2+magamiskorrus 10 m\u00b2+terrass 12 m\u00b2 - Alekeskus\",\"isPartOf\":{\"@id\":\"https:\\\/\\\/alekeskus.eu\\\/#website\"},\"primaryImageOfPage\":{\"@id\":\"https:\\\/\\\/alekeskus.eu\\\/et\\\/toode\\\/suvemaja-misso-227m-magamiskorrus-terrass-alekeskus\\\/#primaryimage\"},\"image\":{\"@id\":\"https:\\\/\\\/alekeskus.eu\\\/et\\\/toode\\\/suvemaja-misso-227m-magamiskorrus-terrass-alekeskus\\\/#primaryimage\"},\"thumbnailUrl\":\"https:\\\/\\\/alekeskus.eu\\\/wp-content\\\/uploads\\\/2024\\\/11\\\/Missouri-aias-UUS-scaled.jpg\",\"datePublished\":\"2026-01-05T19:24:49+00:00\",\"dateModified\":\"2026-02-04T17:27:51+00:00\",\"description\":\"freespalksuvila j\u00e4rve v\u00f5i mere kaldale\",\"breadcrumb\":{\"@id\":\"https:\\\/\\\/alekeskus.eu\\\/et\\\/toode\\\/suvemaja-misso-227m-magamiskorrus-terrass-alekeskus\\\/#breadcrumb\"},\"inLanguage\":\"et\",\"potentialAction\":[{\"@type\":\"ReadAction\",\"target\":[\"https:\\\/\\\/alekeskus.eu\\\/et\\\/toode\\\/suvemaja-misso-227m-magamiskorrus-terrass-alekeskus\\\/\"]}]},{\"@type\":\"ImageObject\",\"inLanguage\":\"et\",\"@id\":\"https:\\\/\\\/alekeskus.eu\\\/et\\\/toode\\\/suvemaja-misso-227m-magamiskorrus-terrass-alekeskus\\\/#primaryimage\",\"url\":\"https:\\\/\\\/alekeskus.eu\\\/wp-content\\\/uploads\\\/2024\\\/11\\\/Missouri-aias-UUS-scaled.jpg\",\"contentUrl\":\"https:\\\/\\\/alekeskus.eu\\\/wp-content\\\/uploads\\\/2024\\\/11\\\/Missouri-aias-UUS-scaled.jpg\",\"width\":1600,\"height\":1068},{\"@type\":\"BreadcrumbList\",\"@id\":\"https:\\\/\\\/alekeskus.eu\\\/et\\\/toode\\\/suvemaja-misso-227m-magamiskorrus-terrass-alekeskus\\\/#breadcrumb\",\"itemListElement\":[{\"@type\":\"ListItem\",\"position\":1,\"name\":\"Avaleht\",\"item\":\"https:\\\/\\\/alekeskus.eu\\\/et\\\/\"},{\"@type\":\"ListItem\",\"position\":2,\"name\":\"Pood\",\"item\":\"https:\\\/\\\/alekeskus.eu\\\/pood\\\/\"},{\"@type\":\"ListItem\",\"position\":3,\"name\":\"Freespalksuvila Misso 22,7 m\u00b2+magamiskorrus 10 m\u00b2+terrass 12 m\u00b2\"}]},{\"@type\":\"WebSite\",\"@id\":\"https:\\\/\\\/alekeskus.eu\\\/#website\",\"url\":\"https:\\\/\\\/alekeskus.eu\\\/\",\"name\":\"Alekeskus\",\"description\":\"Alekeskus.eu\",\"potentialAction\":[{\"@type\":\"SearchAction\",\"target\":{\"@type\":\"EntryPoint\",\"urlTemplate\":\"https:\\\/\\\/alekeskus.eu\\\/?s={search_term_string}\"},\"query-input\":{\"@type\":\"PropertyValueSpecification\",\"valueRequired\":true,\"valueName\":\"search_term_string\"}}],\"inLanguage\":\"et\"}]}<\/script>\n<!-- \/ Yoast SEO plugin. -->","yoast_head_json":{"title":"Freespalksuvila Misso 22,7 m\u00b2+magamiskorrus 10 m\u00b2+terrass 12 m\u00b2 - Alekeskus","description":"freespalksuvila j\u00e4rve v\u00f5i mere kaldale","robots":{"index":"index","follow":"follow","max-snippet":"max-snippet:-1","max-image-preview":"max-image-preview:large","max-video-preview":"max-video-preview:-1"},"canonical":"https:\/\/alekeskus.eu\/et\/toode\/suvemaja-misso-227m-magamiskorrus-terrass-alekeskus\/","og_locale":"et_EE","og_type":"article","og_title":"Freespalksuvila Misso 22,7 m\u00b2+magamiskorrus 10 m\u00b2+terrass 12 m\u00b2 - Alekeskus","og_description":"freespalksuvila j\u00e4rve v\u00f5i mere kaldale","og_url":"https:\/\/alekeskus.eu\/et\/toode\/suvemaja-misso-227m-magamiskorrus-terrass-alekeskus\/","og_site_name":"Alekeskus","article_modified_time":"2026-02-04T17:27:51+00:00","og_image":[{"width":1600,"height":1068,"url":"https:\/\/alekeskus.eu\/wp-content\/uploads\/2024\/11\/Missouri-aias-UUS-scaled.jpg","type":"image\/jpeg"}],"twitter_card":"summary_large_image","twitter_misc":{"Est. reading time":"1 minut"},"schema":{"@context":"https:\/\/schema.org","@graph":[{"@type":"WebPage","@id":"https:\/\/alekeskus.eu\/et\/toode\/suvemaja-misso-227m-magamiskorrus-terrass-alekeskus\/","url":"https:\/\/alekeskus.eu\/et\/toode\/suvemaja-misso-227m-magamiskorrus-terrass-alekeskus\/","name":"Freespalksuvila Misso 22,7 m\u00b2+magamiskorrus 10 m\u00b2+terrass 12 m\u00b2 - Alekeskus","isPartOf":{"@id":"https:\/\/alekeskus.eu\/#website"},"primaryImageOfPage":{"@id":"https:\/\/alekeskus.eu\/et\/toode\/suvemaja-misso-227m-magamiskorrus-terrass-alekeskus\/#primaryimage"},"image":{"@id":"https:\/\/alekeskus.eu\/et\/toode\/suvemaja-misso-227m-magamiskorrus-terrass-alekeskus\/#primaryimage"},"thumbnailUrl":"https:\/\/alekeskus.eu\/wp-content\/uploads\/2024\/11\/Missouri-aias-UUS-scaled.jpg","datePublished":"2026-01-05T19:24:49+00:00","dateModified":"2026-02-04T17:27:51+00:00","description":"freespalksuvila j\u00e4rve v\u00f5i mere kaldale","breadcrumb":{"@id":"https:\/\/alekeskus.eu\/et\/toode\/suvemaja-misso-227m-magamiskorrus-terrass-alekeskus\/#breadcrumb"},"inLanguage":"et","potentialAction":[{"@type":"ReadAction","target":["https:\/\/alekeskus.eu\/et\/toode\/suvemaja-misso-227m-magamiskorrus-terrass-alekeskus\/"]}]},{"@type":"ImageObject","inLanguage":"et","@id":"https:\/\/alekeskus.eu\/et\/toode\/suvemaja-misso-227m-magamiskorrus-terrass-alekeskus\/#primaryimage","url":"https:\/\/alekeskus.eu\/wp-content\/uploads\/2024\/11\/Missouri-aias-UUS-scaled.jpg","contentUrl":"https:\/\/alekeskus.eu\/wp-content\/uploads\/2024\/11\/Missouri-aias-UUS-scaled.jpg","width":1600,"height":1068},{"@type":"BreadcrumbList","@id":"https:\/\/alekeskus.eu\/et\/toode\/suvemaja-misso-227m-magamiskorrus-terrass-alekeskus\/#breadcrumb","itemListElement":[{"@type":"ListItem","position":1,"name":"Avaleht","item":"https:\/\/alekeskus.eu\/et\/"},{"@type":"ListItem","position":2,"name":"Pood","item":"https:\/\/alekeskus.eu\/pood\/"},{"@type":"ListItem","position":3,"name":"Freespalksuvila Misso 22,7 m\u00b2+magamiskorrus 10 m\u00b2+terrass 12 m\u00b2"}]},{"@type":"WebSite","@id":"https:\/\/alekeskus.eu\/#website","url":"https:\/\/alekeskus.eu\/","name":"Alekeskus","description":"Alekeskus.eu","potentialAction":[{"@type":"SearchAction","target":{"@type":"EntryPoint","urlTemplate":"https:\/\/alekeskus.eu\/?s={search_term_string}"},"query-input":{"@type":"PropertyValueSpecification","valueRequired":true,"valueName":"search_term_string"}}],"inLanguage":"et"}]}},"brands":[{"id":18577,"name":"Eesti","slug":"eesti"}],"_links":{"self":[{"href":"https:\/\/alekeskus.eu\/et\/wp-json\/wp\/v2\/product\/75806","targetHints":{"allow":["GET"]}}],"collection":[{"href":"https:\/\/alekeskus.eu\/et\/wp-json\/wp\/v2\/product"}],"about":[{"href":"https:\/\/alekeskus.eu\/et\/wp-json\/wp\/v2\/types\/product"}],"wp:featuredmedia":[{"embeddable":true,"href":"https:\/\/alekeskus.eu\/et\/wp-json\/wp\/v2\/media\/87336"}],"wp:attachment":[{"href":"https:\/\/alekeskus.eu\/et\/wp-json\/wp\/v2\/media?parent=75806"}],"wp:term":[{"taxonomy":"pwb-brand","embeddable":true,"href":"https:\/\/alekeskus.eu\/et\/wp-json\/wp\/v2\/pwb-brand?post=75806"},{"taxonomy":"product_brand","embeddable":true,"href":"https:\/\/alekeskus.eu\/et\/wp-json\/wp\/v2\/product_brand?post=75806"},{"taxonomy":"product_cat","embeddable":true,"href":"https:\/\/alekeskus.eu\/et\/wp-json\/wp\/v2\/product_cat?post=75806"},{"taxonomy":"product_tag","embeddable":true,"href":"https:\/\/alekeskus.eu\/et\/wp-json\/wp\/v2\/product_tag?post=75806"}],"curies":[{"name":"wp","href":"https:\/\/api.w.org\/{rel}","templated":true}]}}