{"id":75954,"date":"2025-03-13T17:21:03","date_gmt":"2025-03-13T17:21:03","guid":{"rendered":"https:\/\/alekeskus.eu\/?post_type=product&#038;p=75954"},"modified":"2026-03-02T14:05:00","modified_gmt":"2026-03-02T14:05:00","slug":"aiakuur-zambezi4-alekeskus","status":"publish","type":"product","link":"https:\/\/alekeskus.eu\/et\/toode\/aiakuur-zambezi4-alekeskus\/","title":{"rendered":"Aiakuur Zambezi4 6,0 m\u00b2 katusealuse v\u00f5imalusega"},"content":{"rendered":"<p>V\u00c4RVIMISE TEENUSE KIRJELDUS:<\/p>\n<p>Sein v\u00e4rvitakse 3-st k\u00fcljest, ka punnsooned. 4 standardv\u00e4rvi: rootsi punane, s\u00fcsihall, helehall, roheline. Sisepind j\u00e4\u00e4b naturaalseks. Maja nurgad on v\u00e4rvitud igast k\u00fcljest. V\u00e4rvitakse 2 kihti. \u27a2 P\u00f5randa- ja laelauad ning p\u00e4rlinid j\u00e4\u00e4vad v\u00e4rvimata. \u27a2 Aknad ja uksed v\u00e4rvitakse valgeks igast k\u00fcljest. \u27a2 K\u00f5ik v\u00e4lised liistud (viilulauad ja liistud) v\u00e4rvitakse valgeks. \u27a2 Kvaliteetne v\u00e4rv tuntud Saksa tootjalt OSMO<\/p>\n<p>V\u00e4rvitud toodetel on tavatootest pikem tellimisaeg.<\/p>\n","protected":false},"excerpt":{"rendered":"<p>V\u00e4lism\u00f5\u00f5dud: <strong>250<\/strong><b> x 250 cm. <\/b>Seinte\u00a0k\u00f5rgused<strong> 211 ja 200 cm.\u00a0<\/strong><\/p>\n<ul>\n<li>tuuletapiga freespalk<strong> 28 mm<\/strong>, <strong>kruvitav tappideta sile nurgalahendus<\/strong><\/li>\n<li>silinderlukuga paarisuks <strong>mattide pleksiklaasidega<\/strong> 149 x 185 cm<\/li>\n<li>punnitud katuselauad 15 x 90 mm<\/li>\n<li>\n<div class=\"spec-name\">r\u00e4\u00e4stas 10 cm, katuse kalle 2,6 \u00b0 ja pindala 7,4 m<sup>2<\/sup><\/div>\n<\/li>\n<li>\n<div class=\"spec-name\">kinnitusvahendid, koostejuhend<\/div>\n<\/li>\n<li>p\u00f5rand ja katusekate ei sisaldu hinnas<\/li>\n<li>tellitav v\u00e4ljast v\u00e4rvituna +700\u20ac (hele-ja tumehall, punane, roheline; uks-liistud \u00fcleni valged; tellimisaeg 3-4 n\u00e4dalat pikem)<\/li>\n<li>katusealune 250 x 250 cm +350\u20ac(v\u00e4rvituna 650\u20ac)<\/li>\n<li>Eesti toode<\/li>\n<li>ilmastikukindel pakend<\/li>\n<\/ul>\n<p>Vedu mandril 100\u20ac v\u00f5i kraana-autoga 350\u20ac(suursaartele vastavalt 180\u20ac ja 590\u20ac).<\/p>\n<p>K\u00fcsi ka paigaldust!<\/p>\n","protected":false},"featured_media":99710,"template":"","meta":{"_monsterinsights_skip_tracking":false,"_monsterinsights_sitenote_active":false,"_monsterinsights_sitenote_note":"","_monsterinsights_sitenote_category":0},"pwb-brand":[],"product_brand":[],"product_cat":[13592,13538,13540,13596,13600],"product_tag":[13815,17426,13987,17443,14264,18630,15325,15842,16124],"class_list":{"0":"post-75954","1":"product","2":"type-product","3":"status-publish","4":"has-post-thumbnail","6":"product_cat-aia-ja-grillmajad","7":"product_cat-ale","8":"product_cat-hooned-alekeskus","9":"product_cat-varjualused-talveaiad-alekeskus","10":"product_cat-kuurid-aidad-kioskid","11":"product_tag-kuur","12":"product_tag-zambezi","13":"product_tag-puukuur","14":"product_tag-tyokaluvaja","15":"product_tag-aiakuur","16":"product_tag-aiatooriistade-kuur","17":"product_tag-aiamaja-kohe-laos","18":"product_tag-tooriistakuur","19":"product_tag-aiamajad","20":"product_shipping_class-kuni-1000kg","21":"pa_kohaletoimetamine-alates-100e","22":"pa_pindalam-15393","23":"pa_seinapaksus-28-mm","24":"pa_tellimisaeg-tilausaika-alekeskus","25":"pa_varv-roheline","26":"pa_varv-punane","27":"pa_varv-viimistlemata","28":"pa_varv-tumehall","29":"pa_varv-helehall","30":"pa_veame-eesti-ja-soome","32":"first","33":"instock","34":"sale","35":"featured","36":"taxable","37":"shipping-taxable","38":"purchasable","39":"product-type-variable","40":"has-default-attributes"},"yoast_head":"<!-- This site is optimized with the Yoast SEO plugin v27.3 - https:\/\/yoast.com\/product\/yoast-seo-wordpress\/ -->\n<title>Aiakuur Zambezi4 6,0 m\u00b2 katusealuse v\u00f5imalusega - Alekeskus<\/title>\n<meta name=\"description\" content=\"V\u00e4ike 1-poolse katusekaldega aiakuur Zambezi4 piimjate aknaklaasidega, millele saab juurde tellida katusealuse 250 x 250 cm.\" \/>\n<meta name=\"robots\" content=\"index, follow, max-snippet:-1, max-image-preview:large, max-video-preview:-1\" \/>\n<link rel=\"canonical\" href=\"https:\/\/alekeskus.eu\/et\/toode\/aiakuur-zambezi4-alekeskus\/\" \/>\n<meta property=\"og:locale\" content=\"et_EE\" \/>\n<meta property=\"og:type\" content=\"article\" \/>\n<meta property=\"og:title\" content=\"Aiakuur Zambezi4 6,0 m\u00b2 katusealuse v\u00f5imalusega - Alekeskus\" \/>\n<meta property=\"og:description\" content=\"V\u00e4ike 1-poolse katusekaldega aiakuur Zambezi4 piimjate aknaklaasidega, millele saab juurde tellida katusealuse 250 x 250 cm.\" \/>\n<meta property=\"og:url\" content=\"https:\/\/alekeskus.eu\/et\/toode\/aiakuur-zambezi4-alekeskus\/\" \/>\n<meta property=\"og:site_name\" content=\"Alekeskus\" \/>\n<meta property=\"article:modified_time\" content=\"2026-03-02T14:05:00+00:00\" \/>\n<meta property=\"og:image\" content=\"https:\/\/alekeskus.eu\/wp-content\/uploads\/2022\/03\/Zambezi4_punaaias2026-scaled.jpg\" \/>\n\t<meta property=\"og:image:width\" content=\"2560\" \/>\n\t<meta property=\"og:image:height\" content=\"1440\" \/>\n\t<meta property=\"og:image:type\" content=\"image\/jpeg\" \/>\n<meta name=\"twitter:card\" content=\"summary_large_image\" \/>\n<meta name=\"twitter:label1\" content=\"Est. reading time\" \/>\n\t<meta name=\"twitter:data1\" content=\"1 minut\" \/>\n<script type=\"application\/ld+json\" class=\"yoast-schema-graph\">{\"@context\":\"https:\\\/\\\/schema.org\",\"@graph\":[{\"@type\":\"WebPage\",\"@id\":\"https:\\\/\\\/alekeskus.eu\\\/et\\\/toode\\\/aiakuur-zambezi4-alekeskus\\\/\",\"url\":\"https:\\\/\\\/alekeskus.eu\\\/et\\\/toode\\\/aiakuur-zambezi4-alekeskus\\\/\",\"name\":\"Aiakuur Zambezi4 6,0 m\u00b2 katusealuse v\u00f5imalusega - Alekeskus\",\"isPartOf\":{\"@id\":\"https:\\\/\\\/alekeskus.eu\\\/#website\"},\"primaryImageOfPage\":{\"@id\":\"https:\\\/\\\/alekeskus.eu\\\/et\\\/toode\\\/aiakuur-zambezi4-alekeskus\\\/#primaryimage\"},\"image\":{\"@id\":\"https:\\\/\\\/alekeskus.eu\\\/et\\\/toode\\\/aiakuur-zambezi4-alekeskus\\\/#primaryimage\"},\"thumbnailUrl\":\"https:\\\/\\\/alekeskus.eu\\\/wp-content\\\/uploads\\\/2022\\\/03\\\/Zambezi4_punaaias2026-scaled.jpg\",\"datePublished\":\"2025-03-13T17:21:03+00:00\",\"dateModified\":\"2026-03-02T14:05:00+00:00\",\"description\":\"V\u00e4ike 1-poolse katusekaldega aiakuur Zambezi4 piimjate aknaklaasidega, millele saab juurde tellida katusealuse 250 x 250 cm.\",\"breadcrumb\":{\"@id\":\"https:\\\/\\\/alekeskus.eu\\\/et\\\/toode\\\/aiakuur-zambezi4-alekeskus\\\/#breadcrumb\"},\"inLanguage\":\"et\",\"potentialAction\":[{\"@type\":\"ReadAction\",\"target\":[\"https:\\\/\\\/alekeskus.eu\\\/et\\\/toode\\\/aiakuur-zambezi4-alekeskus\\\/\"]}]},{\"@type\":\"ImageObject\",\"inLanguage\":\"et\",\"@id\":\"https:\\\/\\\/alekeskus.eu\\\/et\\\/toode\\\/aiakuur-zambezi4-alekeskus\\\/#primaryimage\",\"url\":\"https:\\\/\\\/alekeskus.eu\\\/wp-content\\\/uploads\\\/2022\\\/03\\\/Zambezi4_punaaias2026-scaled.jpg\",\"contentUrl\":\"https:\\\/\\\/alekeskus.eu\\\/wp-content\\\/uploads\\\/2022\\\/03\\\/Zambezi4_punaaias2026-scaled.jpg\",\"width\":2560,\"height\":1440},{\"@type\":\"BreadcrumbList\",\"@id\":\"https:\\\/\\\/alekeskus.eu\\\/et\\\/toode\\\/aiakuur-zambezi4-alekeskus\\\/#breadcrumb\",\"itemListElement\":[{\"@type\":\"ListItem\",\"position\":1,\"name\":\"Avaleht\",\"item\":\"https:\\\/\\\/alekeskus.eu\\\/et\\\/\"},{\"@type\":\"ListItem\",\"position\":2,\"name\":\"Pood\",\"item\":\"https:\\\/\\\/alekeskus.eu\\\/pood\\\/\"},{\"@type\":\"ListItem\",\"position\":3,\"name\":\"Aiakuur Zambezi4 6,0 m\u00b2 katusealuse v\u00f5imalusega\"}]},{\"@type\":\"WebSite\",\"@id\":\"https:\\\/\\\/alekeskus.eu\\\/#website\",\"url\":\"https:\\\/\\\/alekeskus.eu\\\/\",\"name\":\"Alekeskus\",\"description\":\"Alekeskus.eu\",\"potentialAction\":[{\"@type\":\"SearchAction\",\"target\":{\"@type\":\"EntryPoint\",\"urlTemplate\":\"https:\\\/\\\/alekeskus.eu\\\/?s={search_term_string}\"},\"query-input\":{\"@type\":\"PropertyValueSpecification\",\"valueRequired\":true,\"valueName\":\"search_term_string\"}}],\"inLanguage\":\"et\"}]}<\/script>\n<!-- \/ Yoast SEO plugin. -->","yoast_head_json":{"title":"Aiakuur Zambezi4 6,0 m\u00b2 katusealuse v\u00f5imalusega - Alekeskus","description":"V\u00e4ike 1-poolse katusekaldega aiakuur Zambezi4 piimjate aknaklaasidega, millele saab juurde tellida katusealuse 250 x 250 cm.","robots":{"index":"index","follow":"follow","max-snippet":"max-snippet:-1","max-image-preview":"max-image-preview:large","max-video-preview":"max-video-preview:-1"},"canonical":"https:\/\/alekeskus.eu\/et\/toode\/aiakuur-zambezi4-alekeskus\/","og_locale":"et_EE","og_type":"article","og_title":"Aiakuur Zambezi4 6,0 m\u00b2 katusealuse v\u00f5imalusega - Alekeskus","og_description":"V\u00e4ike 1-poolse katusekaldega aiakuur Zambezi4 piimjate aknaklaasidega, millele saab juurde tellida katusealuse 250 x 250 cm.","og_url":"https:\/\/alekeskus.eu\/et\/toode\/aiakuur-zambezi4-alekeskus\/","og_site_name":"Alekeskus","article_modified_time":"2026-03-02T14:05:00+00:00","og_image":[{"width":2560,"height":1440,"url":"https:\/\/alekeskus.eu\/wp-content\/uploads\/2022\/03\/Zambezi4_punaaias2026-scaled.jpg","type":"image\/jpeg"}],"twitter_card":"summary_large_image","twitter_misc":{"Est. reading time":"1 minut"},"schema":{"@context":"https:\/\/schema.org","@graph":[{"@type":"WebPage","@id":"https:\/\/alekeskus.eu\/et\/toode\/aiakuur-zambezi4-alekeskus\/","url":"https:\/\/alekeskus.eu\/et\/toode\/aiakuur-zambezi4-alekeskus\/","name":"Aiakuur Zambezi4 6,0 m\u00b2 katusealuse v\u00f5imalusega - Alekeskus","isPartOf":{"@id":"https:\/\/alekeskus.eu\/#website"},"primaryImageOfPage":{"@id":"https:\/\/alekeskus.eu\/et\/toode\/aiakuur-zambezi4-alekeskus\/#primaryimage"},"image":{"@id":"https:\/\/alekeskus.eu\/et\/toode\/aiakuur-zambezi4-alekeskus\/#primaryimage"},"thumbnailUrl":"https:\/\/alekeskus.eu\/wp-content\/uploads\/2022\/03\/Zambezi4_punaaias2026-scaled.jpg","datePublished":"2025-03-13T17:21:03+00:00","dateModified":"2026-03-02T14:05:00+00:00","description":"V\u00e4ike 1-poolse katusekaldega aiakuur Zambezi4 piimjate aknaklaasidega, millele saab juurde tellida katusealuse 250 x 250 cm.","breadcrumb":{"@id":"https:\/\/alekeskus.eu\/et\/toode\/aiakuur-zambezi4-alekeskus\/#breadcrumb"},"inLanguage":"et","potentialAction":[{"@type":"ReadAction","target":["https:\/\/alekeskus.eu\/et\/toode\/aiakuur-zambezi4-alekeskus\/"]}]},{"@type":"ImageObject","inLanguage":"et","@id":"https:\/\/alekeskus.eu\/et\/toode\/aiakuur-zambezi4-alekeskus\/#primaryimage","url":"https:\/\/alekeskus.eu\/wp-content\/uploads\/2022\/03\/Zambezi4_punaaias2026-scaled.jpg","contentUrl":"https:\/\/alekeskus.eu\/wp-content\/uploads\/2022\/03\/Zambezi4_punaaias2026-scaled.jpg","width":2560,"height":1440},{"@type":"BreadcrumbList","@id":"https:\/\/alekeskus.eu\/et\/toode\/aiakuur-zambezi4-alekeskus\/#breadcrumb","itemListElement":[{"@type":"ListItem","position":1,"name":"Avaleht","item":"https:\/\/alekeskus.eu\/et\/"},{"@type":"ListItem","position":2,"name":"Pood","item":"https:\/\/alekeskus.eu\/pood\/"},{"@type":"ListItem","position":3,"name":"Aiakuur Zambezi4 6,0 m\u00b2 katusealuse v\u00f5imalusega"}]},{"@type":"WebSite","@id":"https:\/\/alekeskus.eu\/#website","url":"https:\/\/alekeskus.eu\/","name":"Alekeskus","description":"Alekeskus.eu","potentialAction":[{"@type":"SearchAction","target":{"@type":"EntryPoint","urlTemplate":"https:\/\/alekeskus.eu\/?s={search_term_string}"},"query-input":{"@type":"PropertyValueSpecification","valueRequired":true,"valueName":"search_term_string"}}],"inLanguage":"et"}]}},"brands":[],"_links":{"self":[{"href":"https:\/\/alekeskus.eu\/et\/wp-json\/wp\/v2\/product\/75954","targetHints":{"allow":["GET"]}}],"collection":[{"href":"https:\/\/alekeskus.eu\/et\/wp-json\/wp\/v2\/product"}],"about":[{"href":"https:\/\/alekeskus.eu\/et\/wp-json\/wp\/v2\/types\/product"}],"wp:featuredmedia":[{"embeddable":true,"href":"https:\/\/alekeskus.eu\/et\/wp-json\/wp\/v2\/media\/99710"}],"wp:attachment":[{"href":"https:\/\/alekeskus.eu\/et\/wp-json\/wp\/v2\/media?parent=75954"}],"wp:term":[{"taxonomy":"pwb-brand","embeddable":true,"href":"https:\/\/alekeskus.eu\/et\/wp-json\/wp\/v2\/pwb-brand?post=75954"},{"taxonomy":"product_brand","embeddable":true,"href":"https:\/\/alekeskus.eu\/et\/wp-json\/wp\/v2\/product_brand?post=75954"},{"taxonomy":"product_cat","embeddable":true,"href":"https:\/\/alekeskus.eu\/et\/wp-json\/wp\/v2\/product_cat?post=75954"},{"taxonomy":"product_tag","embeddable":true,"href":"https:\/\/alekeskus.eu\/et\/wp-json\/wp\/v2\/product_tag?post=75954"}],"curies":[{"name":"wp","href":"https:\/\/api.w.org\/{rel}","templated":true}]}}