{"id":76443,"date":"2025-04-10T18:05:16","date_gmt":"2025-04-10T18:05:16","guid":{"rendered":"https:\/\/alekeskus.eu\/?post_type=product&#038;p=76443"},"modified":"2025-12-17T07:13:49","modified_gmt":"2025-12-17T07:13:49","slug":"garaaz-sektsioonuksega-andri-215-soojustusvalmis-alekeskus","status":"publish","type":"product","link":"https:\/\/alekeskus.eu\/et\/toode\/garaaz-sektsioonuksega-andri-215-soojustusvalmis-alekeskus\/","title":{"rendered":"Garaa\u017e t\u00f5steuksega Andri 21,5 m\u00b2 soojustusvalmidusega L\u00d5PUM\u00dc\u00dcK!"},"content":{"rendered":"<div class=\"&quot;pictogram\">\n<div class=\"&quot;image&quot;\"><strong>Telli lisaks: <\/strong><\/div>\n<div class=\"&quot;image&quot;\">\n<ul>\n<li><strong>bitummensindel 13 pakki\u00a0<\/strong><\/li>\n<li><strong>ajutine katusepapp v\u00f5i SBS-bituumenkate\u00a0 7 rulli\u00a0<\/strong><\/li>\n<li><strong>uksemootor<\/strong><\/li>\n<\/ul>\n<\/div>\n<div class=\"&quot;image&quot;\"><\/div>\n<div class=\"&quot;image&quot;\">\n<div class=\"pictogram qtip-additional-element\">\n<div class=\"description\">\n<div class=\"pictogram qtip-additional-element\"><\/div>\n<div class=\"pictogram qtip-additional-element\"><\/div>\n<div class=\"pictogram qtip-additional-element\"><\/div>\n<\/div>\n<\/div>\n<div class=\"pictogram qtip-additional-element\"><\/div>\n<div class=\"pictogram qtip-additional-element\"><\/div>\n<div class=\"pictogram qtip-additional-element\"><\/div>\n<\/div>\n<\/div>\n<div class=\"&quot;pictogram\"><\/div>\n<div class=\"&quot;pictogram\"><\/div>\n","protected":false},"excerpt":{"rendered":"<p><strong>V\u00e4lism\u00f5\u00f5dud: 448 x 548 cm. <\/strong><\/p>\n<p><strong>TASUTA VEDU JA MAHALAADIMINE Eestis(ka suursaartel)!<\/strong><\/p>\n<ul>\n<li>valmisseinad kogupaksusega <strong>160 mm (18mm peensaetud voodrilaud<\/strong> tuulet\u00f5kkekilega + <strong>44&#215;95<\/strong> <strong>mm s\u00f5restik + tuulutusliist 19x45mm ja voodrilaualiist 28x70mm)<\/strong><\/li>\n<li>harja k\u00f5rgus 316 cm, r\u00e4\u00e4sta k\u00f5rgus 216 cm<\/li>\n<li>katuse pindala 30 m\u00b2 ja kalle 20,0\u00ba<\/li>\n<li>punnitud katuselauad 19 mm<\/li>\n<li>katusekate lisahinnaga(tarve 7 rulli SBS-bituumenkatet v\u00f5i 13 pakki bituumensindlit)<\/li>\n<li>p\u00f5randat ei ole<\/li>\n<li>immutatud p\u00f5hjaprussid<\/li>\n<li>2 pakettklaasidega akent 79 x 48 cm,\u00a0kummitihendid ja silikoon, metallist veeliistud<\/li>\n<li>soojustatud (40mm vahtplast) uks 87 x 199 cm pakettklaasiga ja silinderlukuga<\/li>\n<li>lukustatav sektsioonuks 221 x 189 cm (mootor lisahinnaga)<\/li>\n<li>tellitav ka ilma sektsioonukseta<\/li>\n<li>kinnitusvahendid\u00a0 ja paigaldusohje<\/li>\n<li>tehase 5-aastane garantii<\/li>\n<li>Eesti toode<\/li>\n<\/ul>\n<p>Akende ja uste asukoht muudetav paigalduse k\u00e4igus seinakilpide \u00fcmbert\u00f5stmisega.<\/p>\n<p>K\u00fcsi ka paigaldust!<\/p>\n","protected":false},"featured_media":94776,"template":"","meta":{"_monsterinsights_skip_tracking":false,"_monsterinsights_sitenote_active":false,"_monsterinsights_sitenote_note":"","_monsterinsights_sitenote_category":0},"pwb-brand":[18577],"product_brand":[],"product_cat":[18677,13538,13540,13598,13600,13602],"product_tag":[18788,15468,15633,13815,17526,14225,14229,14681,14818],"class_list":{"0":"post-76443","1":"product","2":"type-product","3":"status-publish","4":"has-post-thumbnail","6":"pwb-brand-eesti","7":"product_cat-lopumuuk","8":"product_cat-ale","9":"product_cat-hooned-alekeskus","10":"product_cat-garaazid","11":"product_cat-kuurid-aidad-kioskid","12":"product_cat-elementmajad","13":"product_tag-elementseinad","14":"product_tag-elementmaja","15":"product_tag-garaazh","16":"product_tag-kuur","17":"product_tag-elmenttirakenteinen","18":"product_tag-garaaz","19":"product_tag-autotalli","20":"product_tag-element","21":"product_tag-kilp","22":"product_shipping_class-tasuta-transport-alates-1000kg","23":"pa_garantii-5-aastat","24":"pa_kohaletoimetamine-tasuta-mandri-eestis-ja-suursaartel-soome-alates-699e","25":"pa_laoasukoht-tartumaa","26":"pa_pindalam-15524","27":"pa_seinapaksus-160-mm","28":"pa_tellimisaeg-tilausaika-alekeskus","29":"pa_varv-viimistlemata","30":"pa_veame-eesti-ja-soome","32":"first","33":"instock","34":"sale","35":"featured","36":"taxable","37":"shipping-taxable","38":"purchasable","39":"product-type-simple"},"yoast_head":"<!-- This site is optimized with the Yoast SEO plugin v27.3 - https:\/\/yoast.com\/product\/yoast-seo-wordpress\/ -->\n<title>Garaa\u017e t\u00f5steuksega Andri 21,5 m\u00b2 soojustusvalmidusega L\u00d5PUM\u00dc\u00dcK! - Alekeskus<\/title>\n<meta name=\"description\" content=\"Elementseintega garaa\u017e on tasuta veoga ja mahalaadimisega.\" \/>\n<meta name=\"robots\" content=\"index, follow, max-snippet:-1, max-image-preview:large, max-video-preview:-1\" \/>\n<link rel=\"canonical\" href=\"https:\/\/alekeskus.eu\/toode\/garaaz-sektsioonuksega-andri-215-soojustusvalmis-alekeskus\/\" \/>\n<meta property=\"og:locale\" content=\"et_EE\" \/>\n<meta property=\"og:type\" content=\"article\" \/>\n<meta property=\"og:title\" content=\"Garaa\u017e t\u00f5steuksega Andri 21,5 m\u00b2 soojustusvalmidusega L\u00d5PUM\u00dc\u00dcK! - Alekeskus\" \/>\n<meta property=\"og:description\" content=\"Elementseintega garaa\u017e on tasuta veoga ja mahalaadimisega.\" \/>\n<meta property=\"og:url\" content=\"https:\/\/alekeskus.eu\/toode\/garaaz-sektsioonuksega-andri-215-soojustusvalmis-alekeskus\/\" \/>\n<meta property=\"og:site_name\" content=\"Alekeskus\" \/>\n<meta property=\"article:modified_time\" content=\"2025-12-17T07:13:49+00:00\" \/>\n<meta property=\"og:image\" content=\"https:\/\/alekeskus.eu\/wp-content\/uploads\/2025\/04\/Andre-215-loodus2026.jpg\" \/>\n\t<meta property=\"og:image:width\" content=\"2500\" \/>\n\t<meta property=\"og:image:height\" content=\"1875\" \/>\n\t<meta property=\"og:image:type\" content=\"image\/jpeg\" \/>\n<meta name=\"twitter:card\" content=\"summary_large_image\" \/>\n<meta name=\"twitter:label1\" content=\"Est. reading time\" \/>\n\t<meta name=\"twitter:data1\" content=\"1 minut\" \/>\n<script type=\"application\/ld+json\" class=\"yoast-schema-graph\">{\"@context\":\"https:\\\/\\\/schema.org\",\"@graph\":[{\"@type\":\"WebPage\",\"@id\":\"https:\\\/\\\/alekeskus.eu\\\/toode\\\/garaaz-sektsioonuksega-andri-215-soojustusvalmis-alekeskus\\\/\",\"url\":\"https:\\\/\\\/alekeskus.eu\\\/toode\\\/garaaz-sektsioonuksega-andri-215-soojustusvalmis-alekeskus\\\/\",\"name\":\"Garaa\u017e t\u00f5steuksega Andri 21,5 m\u00b2 soojustusvalmidusega L\u00d5PUM\u00dc\u00dcK! - Alekeskus\",\"isPartOf\":{\"@id\":\"https:\\\/\\\/alekeskus.eu\\\/#website\"},\"primaryImageOfPage\":{\"@id\":\"https:\\\/\\\/alekeskus.eu\\\/toode\\\/garaaz-sektsioonuksega-andri-215-soojustusvalmis-alekeskus\\\/#primaryimage\"},\"image\":{\"@id\":\"https:\\\/\\\/alekeskus.eu\\\/toode\\\/garaaz-sektsioonuksega-andri-215-soojustusvalmis-alekeskus\\\/#primaryimage\"},\"thumbnailUrl\":\"https:\\\/\\\/alekeskus.eu\\\/wp-content\\\/uploads\\\/2025\\\/04\\\/Andre-215-loodus2026.jpg\",\"datePublished\":\"2025-04-10T18:05:16+00:00\",\"dateModified\":\"2025-12-17T07:13:49+00:00\",\"description\":\"Elementseintega garaa\u017e on tasuta veoga ja mahalaadimisega.\",\"breadcrumb\":{\"@id\":\"https:\\\/\\\/alekeskus.eu\\\/toode\\\/garaaz-sektsioonuksega-andri-215-soojustusvalmis-alekeskus\\\/#breadcrumb\"},\"inLanguage\":\"et\",\"potentialAction\":[{\"@type\":\"ReadAction\",\"target\":[\"https:\\\/\\\/alekeskus.eu\\\/toode\\\/garaaz-sektsioonuksega-andri-215-soojustusvalmis-alekeskus\\\/\"]}]},{\"@type\":\"ImageObject\",\"inLanguage\":\"et\",\"@id\":\"https:\\\/\\\/alekeskus.eu\\\/toode\\\/garaaz-sektsioonuksega-andri-215-soojustusvalmis-alekeskus\\\/#primaryimage\",\"url\":\"https:\\\/\\\/alekeskus.eu\\\/wp-content\\\/uploads\\\/2025\\\/04\\\/Andre-215-loodus2026.jpg\",\"contentUrl\":\"https:\\\/\\\/alekeskus.eu\\\/wp-content\\\/uploads\\\/2025\\\/04\\\/Andre-215-loodus2026.jpg\",\"width\":1600,\"height\":1200},{\"@type\":\"BreadcrumbList\",\"@id\":\"https:\\\/\\\/alekeskus.eu\\\/toode\\\/garaaz-sektsioonuksega-andri-215-soojustusvalmis-alekeskus\\\/#breadcrumb\",\"itemListElement\":[{\"@type\":\"ListItem\",\"position\":1,\"name\":\"Avaleht\",\"item\":\"https:\\\/\\\/alekeskus.eu\\\/et\\\/\"},{\"@type\":\"ListItem\",\"position\":2,\"name\":\"Pood\",\"item\":\"https:\\\/\\\/alekeskus.eu\\\/pood\\\/\"},{\"@type\":\"ListItem\",\"position\":3,\"name\":\"Garaa\u017e t\u00f5steuksega Andri 21,5 m\u00b2 soojustusvalmidusega L\u00d5PUM\u00dc\u00dcK!\"}]},{\"@type\":\"WebSite\",\"@id\":\"https:\\\/\\\/alekeskus.eu\\\/#website\",\"url\":\"https:\\\/\\\/alekeskus.eu\\\/\",\"name\":\"Alekeskus\",\"description\":\"Alekeskus.eu\",\"potentialAction\":[{\"@type\":\"SearchAction\",\"target\":{\"@type\":\"EntryPoint\",\"urlTemplate\":\"https:\\\/\\\/alekeskus.eu\\\/?s={search_term_string}\"},\"query-input\":{\"@type\":\"PropertyValueSpecification\",\"valueRequired\":true,\"valueName\":\"search_term_string\"}}],\"inLanguage\":\"et\"}]}<\/script>\n<!-- \/ Yoast SEO plugin. -->","yoast_head_json":{"title":"Garaa\u017e t\u00f5steuksega Andri 21,5 m\u00b2 soojustusvalmidusega L\u00d5PUM\u00dc\u00dcK! - Alekeskus","description":"Elementseintega garaa\u017e on tasuta veoga ja mahalaadimisega.","robots":{"index":"index","follow":"follow","max-snippet":"max-snippet:-1","max-image-preview":"max-image-preview:large","max-video-preview":"max-video-preview:-1"},"canonical":"https:\/\/alekeskus.eu\/toode\/garaaz-sektsioonuksega-andri-215-soojustusvalmis-alekeskus\/","og_locale":"et_EE","og_type":"article","og_title":"Garaa\u017e t\u00f5steuksega Andri 21,5 m\u00b2 soojustusvalmidusega L\u00d5PUM\u00dc\u00dcK! - Alekeskus","og_description":"Elementseintega garaa\u017e on tasuta veoga ja mahalaadimisega.","og_url":"https:\/\/alekeskus.eu\/toode\/garaaz-sektsioonuksega-andri-215-soojustusvalmis-alekeskus\/","og_site_name":"Alekeskus","article_modified_time":"2025-12-17T07:13:49+00:00","og_image":[{"width":2500,"height":1875,"url":"https:\/\/alekeskus.eu\/wp-content\/uploads\/2025\/04\/Andre-215-loodus2026.jpg","type":"image\/jpeg"}],"twitter_card":"summary_large_image","twitter_misc":{"Est. reading time":"1 minut"},"schema":{"@context":"https:\/\/schema.org","@graph":[{"@type":"WebPage","@id":"https:\/\/alekeskus.eu\/toode\/garaaz-sektsioonuksega-andri-215-soojustusvalmis-alekeskus\/","url":"https:\/\/alekeskus.eu\/toode\/garaaz-sektsioonuksega-andri-215-soojustusvalmis-alekeskus\/","name":"Garaa\u017e t\u00f5steuksega Andri 21,5 m\u00b2 soojustusvalmidusega L\u00d5PUM\u00dc\u00dcK! - Alekeskus","isPartOf":{"@id":"https:\/\/alekeskus.eu\/#website"},"primaryImageOfPage":{"@id":"https:\/\/alekeskus.eu\/toode\/garaaz-sektsioonuksega-andri-215-soojustusvalmis-alekeskus\/#primaryimage"},"image":{"@id":"https:\/\/alekeskus.eu\/toode\/garaaz-sektsioonuksega-andri-215-soojustusvalmis-alekeskus\/#primaryimage"},"thumbnailUrl":"https:\/\/alekeskus.eu\/wp-content\/uploads\/2025\/04\/Andre-215-loodus2026.jpg","datePublished":"2025-04-10T18:05:16+00:00","dateModified":"2025-12-17T07:13:49+00:00","description":"Elementseintega garaa\u017e on tasuta veoga ja mahalaadimisega.","breadcrumb":{"@id":"https:\/\/alekeskus.eu\/toode\/garaaz-sektsioonuksega-andri-215-soojustusvalmis-alekeskus\/#breadcrumb"},"inLanguage":"et","potentialAction":[{"@type":"ReadAction","target":["https:\/\/alekeskus.eu\/toode\/garaaz-sektsioonuksega-andri-215-soojustusvalmis-alekeskus\/"]}]},{"@type":"ImageObject","inLanguage":"et","@id":"https:\/\/alekeskus.eu\/toode\/garaaz-sektsioonuksega-andri-215-soojustusvalmis-alekeskus\/#primaryimage","url":"https:\/\/alekeskus.eu\/wp-content\/uploads\/2025\/04\/Andre-215-loodus2026.jpg","contentUrl":"https:\/\/alekeskus.eu\/wp-content\/uploads\/2025\/04\/Andre-215-loodus2026.jpg","width":1600,"height":1200},{"@type":"BreadcrumbList","@id":"https:\/\/alekeskus.eu\/toode\/garaaz-sektsioonuksega-andri-215-soojustusvalmis-alekeskus\/#breadcrumb","itemListElement":[{"@type":"ListItem","position":1,"name":"Avaleht","item":"https:\/\/alekeskus.eu\/et\/"},{"@type":"ListItem","position":2,"name":"Pood","item":"https:\/\/alekeskus.eu\/pood\/"},{"@type":"ListItem","position":3,"name":"Garaa\u017e t\u00f5steuksega Andri 21,5 m\u00b2 soojustusvalmidusega L\u00d5PUM\u00dc\u00dcK!"}]},{"@type":"WebSite","@id":"https:\/\/alekeskus.eu\/#website","url":"https:\/\/alekeskus.eu\/","name":"Alekeskus","description":"Alekeskus.eu","potentialAction":[{"@type":"SearchAction","target":{"@type":"EntryPoint","urlTemplate":"https:\/\/alekeskus.eu\/?s={search_term_string}"},"query-input":{"@type":"PropertyValueSpecification","valueRequired":true,"valueName":"search_term_string"}}],"inLanguage":"et"}]}},"brands":[{"id":18577,"name":"Eesti","slug":"eesti"}],"_links":{"self":[{"href":"https:\/\/alekeskus.eu\/et\/wp-json\/wp\/v2\/product\/76443","targetHints":{"allow":["GET"]}}],"collection":[{"href":"https:\/\/alekeskus.eu\/et\/wp-json\/wp\/v2\/product"}],"about":[{"href":"https:\/\/alekeskus.eu\/et\/wp-json\/wp\/v2\/types\/product"}],"wp:featuredmedia":[{"embeddable":true,"href":"https:\/\/alekeskus.eu\/et\/wp-json\/wp\/v2\/media\/94776"}],"wp:attachment":[{"href":"https:\/\/alekeskus.eu\/et\/wp-json\/wp\/v2\/media?parent=76443"}],"wp:term":[{"taxonomy":"pwb-brand","embeddable":true,"href":"https:\/\/alekeskus.eu\/et\/wp-json\/wp\/v2\/pwb-brand?post=76443"},{"taxonomy":"product_brand","embeddable":true,"href":"https:\/\/alekeskus.eu\/et\/wp-json\/wp\/v2\/product_brand?post=76443"},{"taxonomy":"product_cat","embeddable":true,"href":"https:\/\/alekeskus.eu\/et\/wp-json\/wp\/v2\/product_cat?post=76443"},{"taxonomy":"product_tag","embeddable":true,"href":"https:\/\/alekeskus.eu\/et\/wp-json\/wp\/v2\/product_tag?post=76443"}],"curies":[{"name":"wp","href":"https:\/\/api.w.org\/{rel}","templated":true}]}}