{"id":76507,"date":"2022-04-18T13:36:00","date_gmt":"2022-04-18T13:36:00","guid":{"rendered":"https:\/\/alekeskus.eu\/?post_type=product&#038;p=76507"},"modified":"2022-04-18T13:42:39","modified_gmt":"2022-04-18T13:42:39","slug":"garaaz-sektsioonuksega-roger-277-m%c2%b2-saaremaal","status":"publish","type":"product","link":"https:\/\/alekeskus.eu\/et\/toode\/garaaz-sektsioonuksega-roger-277-m%c2%b2-saaremaal\/","title":{"rendered":"Garaa\u017e t\u00f5steuksega Roger 27,7 m\u00b2 Saaremaal"},"content":{"rendered":"","protected":false},"excerpt":{"rendered":"<p>Saaremaal paigaldasime 70mm freespalgist garaazhi Roger 27,7 plaatvundamendil. Palk ja puitosad olid eelnevalt Palmako tehases pruuni puidukaitsevahendisse kastetud.<\/p>\n<p>Katus sai Icopali musta k\u00e4rgkatte Plano koos s\u00fcsihalli r\u00e4\u00e4staribaga ja \u00e4\u00e4replekkidega.<\/p>\n","protected":false},"featured_media":76493,"template":"","meta":{"_monsterinsights_skip_tracking":false,"_monsterinsights_sitenote_active":false,"_monsterinsights_sitenote_note":"","_monsterinsights_sitenote_category":0},"pwb-brand":[],"product_brand":[],"product_cat":[13620,13544],"product_tag":[],"class_list":{"0":"post-76507","1":"product","2":"type-product","3":"status-publish","4":"has-post-thumbnail","6":"product_cat-aiamajad","7":"product_cat-tehtud-tood","9":"first","10":"outofstock","11":"taxable","12":"shipping-taxable","13":"product-type-simple"},"yoast_head":"<!-- This site is optimized with the Yoast SEO plugin v27.3 - https:\/\/yoast.com\/product\/yoast-seo-wordpress\/ -->\n<title>Garaa\u017e t\u00f5steuksega Roger 27,7 m\u00b2 Saaremaal - Alekeskus<\/title>\n<meta name=\"description\" content=\"garaazh Saaremaal\" \/>\n<meta name=\"robots\" content=\"index, follow, max-snippet:-1, max-image-preview:large, max-video-preview:-1\" \/>\n<link rel=\"canonical\" href=\"https:\/\/alekeskus.eu\/toode\/garaaz-sektsioonuksega-roger-277-m\u00b2-saaremaal\/\" \/>\n<meta property=\"og:locale\" content=\"et_EE\" \/>\n<meta property=\"og:type\" content=\"article\" \/>\n<meta property=\"og:title\" content=\"Garaa\u017e t\u00f5steuksega Roger 27,7 m\u00b2 Saaremaal - Alekeskus\" \/>\n<meta property=\"og:description\" content=\"garaazh Saaremaal\" \/>\n<meta property=\"og:url\" content=\"https:\/\/alekeskus.eu\/toode\/garaaz-sektsioonuksega-roger-277-m\u00b2-saaremaal\/\" \/>\n<meta property=\"og:site_name\" content=\"Alekeskus\" \/>\n<meta property=\"article:modified_time\" content=\"2022-04-18T13:42:39+00:00\" \/>\n<meta property=\"og:image\" content=\"https:\/\/alekeskus.eu\/wp-content\/uploads\/2021\/11\/Tosteukse-poolt-valmis.jpg\" \/>\n\t<meta property=\"og:image:width\" content=\"1094\" \/>\n\t<meta property=\"og:image:height\" content=\"820\" \/>\n\t<meta property=\"og:image:type\" content=\"image\/jpeg\" \/>\n<meta name=\"twitter:card\" content=\"summary_large_image\" \/>\n<script type=\"application\/ld+json\" class=\"yoast-schema-graph\">{\"@context\":\"https:\\\/\\\/schema.org\",\"@graph\":[{\"@type\":\"WebPage\",\"@id\":\"https:\\\/\\\/alekeskus.eu\\\/toode\\\/garaaz-sektsioonuksega-roger-277-m%c2%b2-saaremaal\\\/\",\"url\":\"https:\\\/\\\/alekeskus.eu\\\/toode\\\/garaaz-sektsioonuksega-roger-277-m%c2%b2-saaremaal\\\/\",\"name\":\"Garaa\u017e t\u00f5steuksega Roger 27,7 m\u00b2 Saaremaal - Alekeskus\",\"isPartOf\":{\"@id\":\"https:\\\/\\\/alekeskus.eu\\\/#website\"},\"primaryImageOfPage\":{\"@id\":\"https:\\\/\\\/alekeskus.eu\\\/toode\\\/garaaz-sektsioonuksega-roger-277-m%c2%b2-saaremaal\\\/#primaryimage\"},\"image\":{\"@id\":\"https:\\\/\\\/alekeskus.eu\\\/toode\\\/garaaz-sektsioonuksega-roger-277-m%c2%b2-saaremaal\\\/#primaryimage\"},\"thumbnailUrl\":\"https:\\\/\\\/alekeskus.eu\\\/wp-content\\\/uploads\\\/2021\\\/11\\\/Tosteukse-poolt-valmis.jpg\",\"datePublished\":\"2022-04-18T13:36:00+00:00\",\"dateModified\":\"2022-04-18T13:42:39+00:00\",\"description\":\"garaazh Saaremaal\",\"breadcrumb\":{\"@id\":\"https:\\\/\\\/alekeskus.eu\\\/toode\\\/garaaz-sektsioonuksega-roger-277-m%c2%b2-saaremaal\\\/#breadcrumb\"},\"inLanguage\":\"et\",\"potentialAction\":[{\"@type\":\"ReadAction\",\"target\":[\"https:\\\/\\\/alekeskus.eu\\\/toode\\\/garaaz-sektsioonuksega-roger-277-m%c2%b2-saaremaal\\\/\"]}]},{\"@type\":\"ImageObject\",\"inLanguage\":\"et\",\"@id\":\"https:\\\/\\\/alekeskus.eu\\\/toode\\\/garaaz-sektsioonuksega-roger-277-m%c2%b2-saaremaal\\\/#primaryimage\",\"url\":\"https:\\\/\\\/alekeskus.eu\\\/wp-content\\\/uploads\\\/2021\\\/11\\\/Tosteukse-poolt-valmis.jpg\",\"contentUrl\":\"https:\\\/\\\/alekeskus.eu\\\/wp-content\\\/uploads\\\/2021\\\/11\\\/Tosteukse-poolt-valmis.jpg\",\"width\":1094,\"height\":820},{\"@type\":\"BreadcrumbList\",\"@id\":\"https:\\\/\\\/alekeskus.eu\\\/toode\\\/garaaz-sektsioonuksega-roger-277-m%c2%b2-saaremaal\\\/#breadcrumb\",\"itemListElement\":[{\"@type\":\"ListItem\",\"position\":1,\"name\":\"Avaleht\",\"item\":\"https:\\\/\\\/alekeskus.eu\\\/et\\\/\"},{\"@type\":\"ListItem\",\"position\":2,\"name\":\"Pood\",\"item\":\"https:\\\/\\\/alekeskus.eu\\\/pood\\\/\"},{\"@type\":\"ListItem\",\"position\":3,\"name\":\"Garaa\u017e t\u00f5steuksega Roger 27,7 m\u00b2 Saaremaal\"}]},{\"@type\":\"WebSite\",\"@id\":\"https:\\\/\\\/alekeskus.eu\\\/#website\",\"url\":\"https:\\\/\\\/alekeskus.eu\\\/\",\"name\":\"Alekeskus\",\"description\":\"Alekeskus.eu\",\"potentialAction\":[{\"@type\":\"SearchAction\",\"target\":{\"@type\":\"EntryPoint\",\"urlTemplate\":\"https:\\\/\\\/alekeskus.eu\\\/?s={search_term_string}\"},\"query-input\":{\"@type\":\"PropertyValueSpecification\",\"valueRequired\":true,\"valueName\":\"search_term_string\"}}],\"inLanguage\":\"et\"}]}<\/script>\n<!-- \/ Yoast SEO plugin. -->","yoast_head_json":{"title":"Garaa\u017e t\u00f5steuksega Roger 27,7 m\u00b2 Saaremaal - Alekeskus","description":"garaazh Saaremaal","robots":{"index":"index","follow":"follow","max-snippet":"max-snippet:-1","max-image-preview":"max-image-preview:large","max-video-preview":"max-video-preview:-1"},"canonical":"https:\/\/alekeskus.eu\/toode\/garaaz-sektsioonuksega-roger-277-m\u00b2-saaremaal\/","og_locale":"et_EE","og_type":"article","og_title":"Garaa\u017e t\u00f5steuksega Roger 27,7 m\u00b2 Saaremaal - Alekeskus","og_description":"garaazh Saaremaal","og_url":"https:\/\/alekeskus.eu\/toode\/garaaz-sektsioonuksega-roger-277-m\u00b2-saaremaal\/","og_site_name":"Alekeskus","article_modified_time":"2022-04-18T13:42:39+00:00","og_image":[{"width":1094,"height":820,"url":"https:\/\/alekeskus.eu\/wp-content\/uploads\/2021\/11\/Tosteukse-poolt-valmis.jpg","type":"image\/jpeg"}],"twitter_card":"summary_large_image","schema":{"@context":"https:\/\/schema.org","@graph":[{"@type":"WebPage","@id":"https:\/\/alekeskus.eu\/toode\/garaaz-sektsioonuksega-roger-277-m%c2%b2-saaremaal\/","url":"https:\/\/alekeskus.eu\/toode\/garaaz-sektsioonuksega-roger-277-m%c2%b2-saaremaal\/","name":"Garaa\u017e t\u00f5steuksega Roger 27,7 m\u00b2 Saaremaal - Alekeskus","isPartOf":{"@id":"https:\/\/alekeskus.eu\/#website"},"primaryImageOfPage":{"@id":"https:\/\/alekeskus.eu\/toode\/garaaz-sektsioonuksega-roger-277-m%c2%b2-saaremaal\/#primaryimage"},"image":{"@id":"https:\/\/alekeskus.eu\/toode\/garaaz-sektsioonuksega-roger-277-m%c2%b2-saaremaal\/#primaryimage"},"thumbnailUrl":"https:\/\/alekeskus.eu\/wp-content\/uploads\/2021\/11\/Tosteukse-poolt-valmis.jpg","datePublished":"2022-04-18T13:36:00+00:00","dateModified":"2022-04-18T13:42:39+00:00","description":"garaazh Saaremaal","breadcrumb":{"@id":"https:\/\/alekeskus.eu\/toode\/garaaz-sektsioonuksega-roger-277-m%c2%b2-saaremaal\/#breadcrumb"},"inLanguage":"et","potentialAction":[{"@type":"ReadAction","target":["https:\/\/alekeskus.eu\/toode\/garaaz-sektsioonuksega-roger-277-m%c2%b2-saaremaal\/"]}]},{"@type":"ImageObject","inLanguage":"et","@id":"https:\/\/alekeskus.eu\/toode\/garaaz-sektsioonuksega-roger-277-m%c2%b2-saaremaal\/#primaryimage","url":"https:\/\/alekeskus.eu\/wp-content\/uploads\/2021\/11\/Tosteukse-poolt-valmis.jpg","contentUrl":"https:\/\/alekeskus.eu\/wp-content\/uploads\/2021\/11\/Tosteukse-poolt-valmis.jpg","width":1094,"height":820},{"@type":"BreadcrumbList","@id":"https:\/\/alekeskus.eu\/toode\/garaaz-sektsioonuksega-roger-277-m%c2%b2-saaremaal\/#breadcrumb","itemListElement":[{"@type":"ListItem","position":1,"name":"Avaleht","item":"https:\/\/alekeskus.eu\/et\/"},{"@type":"ListItem","position":2,"name":"Pood","item":"https:\/\/alekeskus.eu\/pood\/"},{"@type":"ListItem","position":3,"name":"Garaa\u017e t\u00f5steuksega Roger 27,7 m\u00b2 Saaremaal"}]},{"@type":"WebSite","@id":"https:\/\/alekeskus.eu\/#website","url":"https:\/\/alekeskus.eu\/","name":"Alekeskus","description":"Alekeskus.eu","potentialAction":[{"@type":"SearchAction","target":{"@type":"EntryPoint","urlTemplate":"https:\/\/alekeskus.eu\/?s={search_term_string}"},"query-input":{"@type":"PropertyValueSpecification","valueRequired":true,"valueName":"search_term_string"}}],"inLanguage":"et"}]}},"brands":[],"_links":{"self":[{"href":"https:\/\/alekeskus.eu\/et\/wp-json\/wp\/v2\/product\/76507","targetHints":{"allow":["GET"]}}],"collection":[{"href":"https:\/\/alekeskus.eu\/et\/wp-json\/wp\/v2\/product"}],"about":[{"href":"https:\/\/alekeskus.eu\/et\/wp-json\/wp\/v2\/types\/product"}],"wp:featuredmedia":[{"embeddable":true,"href":"https:\/\/alekeskus.eu\/et\/wp-json\/wp\/v2\/media\/76493"}],"wp:attachment":[{"href":"https:\/\/alekeskus.eu\/et\/wp-json\/wp\/v2\/media?parent=76507"}],"wp:term":[{"taxonomy":"pwb-brand","embeddable":true,"href":"https:\/\/alekeskus.eu\/et\/wp-json\/wp\/v2\/pwb-brand?post=76507"},{"taxonomy":"product_brand","embeddable":true,"href":"https:\/\/alekeskus.eu\/et\/wp-json\/wp\/v2\/product_brand?post=76507"},{"taxonomy":"product_cat","embeddable":true,"href":"https:\/\/alekeskus.eu\/et\/wp-json\/wp\/v2\/product_cat?post=76507"},{"taxonomy":"product_tag","embeddable":true,"href":"https:\/\/alekeskus.eu\/et\/wp-json\/wp\/v2\/product_tag?post=76507"}],"curies":[{"name":"wp","href":"https:\/\/api.w.org\/{rel}","templated":true}]}}