{"id":76561,"date":"2023-05-01T18:01:47","date_gmt":"2023-05-01T18:01:47","guid":{"rendered":"https:\/\/alekeskus.eu\/?post_type=product&#038;p=76561"},"modified":"2024-02-09T07:45:33","modified_gmt":"2024-02-09T07:45:33","slug":"terrassi-uputatav-kumblustunn-plastsisuga-ja-valisahjuga","status":"publish","type":"product","link":"https:\/\/alekeskus.eu\/et\/toode\/terrassi-uputatav-kumblustunn-plastsisuga-ja-valisahjuga\/","title":{"rendered":"Terrassi uputatav k\u00fcmblust\u00fcnn plastsisuga ja v\u00e4lisahjuga"},"content":{"rendered":"","protected":false},"excerpt":{"rendered":"<p>Terrassi uputatav alusraamiga plastk\u00fcmblust\u00fcnn erinevas suuruses ja kujus.<\/p>\n<p>V\u00e4lisahjud 30 kW(t\u00fcnnidele kuni 2,0m) v\u00f5i 35 kW(alates 2,2m) 2m korstnaga ja \u00e4ravool kraaniga sisaldub hinnas.<\/p>\n<p>3 plastsisu v\u00e4rvi: helehall, tumehall ja sinine.<\/p>\n<p>Telli ka: jalavann, m\u00f5la, korstnapikendus, s\u00e4demep\u00fc\u00fcdja, termokate, LED tuled, mullis\u00fcsteem ja joogiriiul.<\/p>\n<p>Eesti toode.<\/p>\n","protected":false},"featured_media":76572,"template":"","meta":{"_monsterinsights_skip_tracking":false,"_monsterinsights_sitenote_active":false,"_monsterinsights_sitenote_note":"","_monsterinsights_sitenote_category":0},"pwb-brand":[],"product_brand":[],"product_cat":[13578,13536],"product_tag":[14643,14997,14998,15006,15011,15013,15014,15087,14098],"class_list":{"0":"post-76561","1":"product","2":"type-product","3":"status-publish","4":"has-post-thumbnail","6":"product_cat-kumblustunnid","7":"product_cat-saun-ja-kumblus","8":"product_tag-terrass","9":"product_tag-saun","10":"product_tag-tunn","11":"product_tag-kylpytynnyri","12":"product_tag-kumblustunn","13":"product_tag-spa","14":"product_tag-vann","15":"product_tag-veemonud","16":"product_tag-vesi","17":"product_shipping_class-30-300kg","18":"pa_garantii-2-aastat","19":"pa_kohaletoimetamine-veohind-mandri-eestis-alekeskus","20":"pa_laoasukoht-viljandimaa","21":"pa_moodud-alekeskus-17m","22":"pa_moodud-alekeskus-175m","23":"pa_moodud-alekeskus-18m-8-nurkne","24":"pa_moodud-alekeskus-19m","25":"pa_moodud-alekeskus-20m","26":"pa_moodud-alekeskus-20m-lux","27":"pa_moodud-alekeskus-22m","28":"pa_moodud-alekeskus-18x24m","29":"pa_moodud-alekeskus-20x24m-ovaal","30":"pa_moodud-alekeskus-21x28m","31":"pa_moodud-alekeskus-17588","32":"pa_moodud-alekeskus-24x24m","33":"pa_tellimisaeg-tilausaika-alekeskus","34":"pa_varv-tumehall","35":"pa_varv-helehall","36":"pa_varv-sinine","37":"pa_veame-eesti-ja-soome","39":"first","40":"instock","41":"taxable","42":"shipping-taxable","43":"purchasable","44":"product-type-variable"},"yoast_head":"<!-- This site is optimized with the Yoast SEO plugin v27.3 - https:\/\/yoast.com\/product\/yoast-seo-wordpress\/ -->\n<title>Terrassi uputatav k\u00fcmblust\u00fcnn plastsisuga ja v\u00e4lisahjuga - Alekeskus<\/title>\n<meta name=\"description\" content=\"Uputatav k\u00fcmblust\u00fcnn plastsisuga ja v\u00e4lisahjuga\" \/>\n<meta name=\"robots\" content=\"index, follow, max-snippet:-1, max-image-preview:large, max-video-preview:-1\" \/>\n<link rel=\"canonical\" href=\"https:\/\/alekeskus.eu\/toode\/terrassi-uputatav-kumblustunn-plastsisuga-ja-valisahjuga\/\" \/>\n<meta property=\"og:locale\" content=\"et_EE\" \/>\n<meta property=\"og:type\" content=\"article\" \/>\n<meta property=\"og:title\" content=\"Terrassi uputatav k\u00fcmblust\u00fcnn plastsisuga ja v\u00e4lisahjuga - Alekeskus\" \/>\n<meta property=\"og:description\" content=\"Uputatav k\u00fcmblust\u00fcnn plastsisuga ja v\u00e4lisahjuga\" \/>\n<meta property=\"og:url\" content=\"https:\/\/alekeskus.eu\/toode\/terrassi-uputatav-kumblustunn-plastsisuga-ja-valisahjuga\/\" \/>\n<meta property=\"og:site_name\" content=\"Alekeskus\" \/>\n<meta property=\"article:modified_time\" content=\"2024-02-09T07:45:33+00:00\" \/>\n<meta property=\"og:image\" content=\"https:\/\/alekeskus.eu\/wp-content\/uploads\/2022\/05\/terrassikomplekt.png\" \/>\n\t<meta property=\"og:image:width\" content=\"358\" \/>\n\t<meta property=\"og:image:height\" content=\"219\" \/>\n\t<meta property=\"og:image:type\" content=\"image\/png\" \/>\n<meta name=\"twitter:card\" content=\"summary_large_image\" \/>\n<meta name=\"twitter:label1\" content=\"Est. reading time\" \/>\n\t<meta name=\"twitter:data1\" content=\"1 minut\" \/>\n<script type=\"application\/ld+json\" class=\"yoast-schema-graph\">{\"@context\":\"https:\\\/\\\/schema.org\",\"@graph\":[{\"@type\":\"WebPage\",\"@id\":\"https:\\\/\\\/alekeskus.eu\\\/toode\\\/terrassi-uputatav-kumblustunn-plastsisuga-ja-valisahjuga\\\/\",\"url\":\"https:\\\/\\\/alekeskus.eu\\\/toode\\\/terrassi-uputatav-kumblustunn-plastsisuga-ja-valisahjuga\\\/\",\"name\":\"Terrassi uputatav k\u00fcmblust\u00fcnn plastsisuga ja v\u00e4lisahjuga - Alekeskus\",\"isPartOf\":{\"@id\":\"https:\\\/\\\/alekeskus.eu\\\/#website\"},\"primaryImageOfPage\":{\"@id\":\"https:\\\/\\\/alekeskus.eu\\\/toode\\\/terrassi-uputatav-kumblustunn-plastsisuga-ja-valisahjuga\\\/#primaryimage\"},\"image\":{\"@id\":\"https:\\\/\\\/alekeskus.eu\\\/toode\\\/terrassi-uputatav-kumblustunn-plastsisuga-ja-valisahjuga\\\/#primaryimage\"},\"thumbnailUrl\":\"https:\\\/\\\/alekeskus.eu\\\/wp-content\\\/uploads\\\/2022\\\/05\\\/terrassikomplekt.png\",\"datePublished\":\"2023-05-01T18:01:47+00:00\",\"dateModified\":\"2024-02-09T07:45:33+00:00\",\"description\":\"Uputatav k\u00fcmblust\u00fcnn plastsisuga ja v\u00e4lisahjuga\",\"breadcrumb\":{\"@id\":\"https:\\\/\\\/alekeskus.eu\\\/toode\\\/terrassi-uputatav-kumblustunn-plastsisuga-ja-valisahjuga\\\/#breadcrumb\"},\"inLanguage\":\"et\",\"potentialAction\":[{\"@type\":\"ReadAction\",\"target\":[\"https:\\\/\\\/alekeskus.eu\\\/toode\\\/terrassi-uputatav-kumblustunn-plastsisuga-ja-valisahjuga\\\/\"]}]},{\"@type\":\"ImageObject\",\"inLanguage\":\"et\",\"@id\":\"https:\\\/\\\/alekeskus.eu\\\/toode\\\/terrassi-uputatav-kumblustunn-plastsisuga-ja-valisahjuga\\\/#primaryimage\",\"url\":\"https:\\\/\\\/alekeskus.eu\\\/wp-content\\\/uploads\\\/2022\\\/05\\\/terrassikomplekt.png\",\"contentUrl\":\"https:\\\/\\\/alekeskus.eu\\\/wp-content\\\/uploads\\\/2022\\\/05\\\/terrassikomplekt.png\",\"width\":358,\"height\":219},{\"@type\":\"BreadcrumbList\",\"@id\":\"https:\\\/\\\/alekeskus.eu\\\/toode\\\/terrassi-uputatav-kumblustunn-plastsisuga-ja-valisahjuga\\\/#breadcrumb\",\"itemListElement\":[{\"@type\":\"ListItem\",\"position\":1,\"name\":\"Avaleht\",\"item\":\"https:\\\/\\\/alekeskus.eu\\\/et\\\/\"},{\"@type\":\"ListItem\",\"position\":2,\"name\":\"Pood\",\"item\":\"https:\\\/\\\/alekeskus.eu\\\/pood\\\/\"},{\"@type\":\"ListItem\",\"position\":3,\"name\":\"Terrassi uputatav k\u00fcmblust\u00fcnn plastsisuga ja v\u00e4lisahjuga\"}]},{\"@type\":\"WebSite\",\"@id\":\"https:\\\/\\\/alekeskus.eu\\\/#website\",\"url\":\"https:\\\/\\\/alekeskus.eu\\\/\",\"name\":\"Alekeskus\",\"description\":\"Alekeskus.eu\",\"potentialAction\":[{\"@type\":\"SearchAction\",\"target\":{\"@type\":\"EntryPoint\",\"urlTemplate\":\"https:\\\/\\\/alekeskus.eu\\\/?s={search_term_string}\"},\"query-input\":{\"@type\":\"PropertyValueSpecification\",\"valueRequired\":true,\"valueName\":\"search_term_string\"}}],\"inLanguage\":\"et\"}]}<\/script>\n<!-- \/ Yoast SEO plugin. -->","yoast_head_json":{"title":"Terrassi uputatav k\u00fcmblust\u00fcnn plastsisuga ja v\u00e4lisahjuga - Alekeskus","description":"Uputatav k\u00fcmblust\u00fcnn plastsisuga ja v\u00e4lisahjuga","robots":{"index":"index","follow":"follow","max-snippet":"max-snippet:-1","max-image-preview":"max-image-preview:large","max-video-preview":"max-video-preview:-1"},"canonical":"https:\/\/alekeskus.eu\/toode\/terrassi-uputatav-kumblustunn-plastsisuga-ja-valisahjuga\/","og_locale":"et_EE","og_type":"article","og_title":"Terrassi uputatav k\u00fcmblust\u00fcnn plastsisuga ja v\u00e4lisahjuga - Alekeskus","og_description":"Uputatav k\u00fcmblust\u00fcnn plastsisuga ja v\u00e4lisahjuga","og_url":"https:\/\/alekeskus.eu\/toode\/terrassi-uputatav-kumblustunn-plastsisuga-ja-valisahjuga\/","og_site_name":"Alekeskus","article_modified_time":"2024-02-09T07:45:33+00:00","og_image":[{"width":358,"height":219,"url":"https:\/\/alekeskus.eu\/wp-content\/uploads\/2022\/05\/terrassikomplekt.png","type":"image\/png"}],"twitter_card":"summary_large_image","twitter_misc":{"Est. reading time":"1 minut"},"schema":{"@context":"https:\/\/schema.org","@graph":[{"@type":"WebPage","@id":"https:\/\/alekeskus.eu\/toode\/terrassi-uputatav-kumblustunn-plastsisuga-ja-valisahjuga\/","url":"https:\/\/alekeskus.eu\/toode\/terrassi-uputatav-kumblustunn-plastsisuga-ja-valisahjuga\/","name":"Terrassi uputatav k\u00fcmblust\u00fcnn plastsisuga ja v\u00e4lisahjuga - Alekeskus","isPartOf":{"@id":"https:\/\/alekeskus.eu\/#website"},"primaryImageOfPage":{"@id":"https:\/\/alekeskus.eu\/toode\/terrassi-uputatav-kumblustunn-plastsisuga-ja-valisahjuga\/#primaryimage"},"image":{"@id":"https:\/\/alekeskus.eu\/toode\/terrassi-uputatav-kumblustunn-plastsisuga-ja-valisahjuga\/#primaryimage"},"thumbnailUrl":"https:\/\/alekeskus.eu\/wp-content\/uploads\/2022\/05\/terrassikomplekt.png","datePublished":"2023-05-01T18:01:47+00:00","dateModified":"2024-02-09T07:45:33+00:00","description":"Uputatav k\u00fcmblust\u00fcnn plastsisuga ja v\u00e4lisahjuga","breadcrumb":{"@id":"https:\/\/alekeskus.eu\/toode\/terrassi-uputatav-kumblustunn-plastsisuga-ja-valisahjuga\/#breadcrumb"},"inLanguage":"et","potentialAction":[{"@type":"ReadAction","target":["https:\/\/alekeskus.eu\/toode\/terrassi-uputatav-kumblustunn-plastsisuga-ja-valisahjuga\/"]}]},{"@type":"ImageObject","inLanguage":"et","@id":"https:\/\/alekeskus.eu\/toode\/terrassi-uputatav-kumblustunn-plastsisuga-ja-valisahjuga\/#primaryimage","url":"https:\/\/alekeskus.eu\/wp-content\/uploads\/2022\/05\/terrassikomplekt.png","contentUrl":"https:\/\/alekeskus.eu\/wp-content\/uploads\/2022\/05\/terrassikomplekt.png","width":358,"height":219},{"@type":"BreadcrumbList","@id":"https:\/\/alekeskus.eu\/toode\/terrassi-uputatav-kumblustunn-plastsisuga-ja-valisahjuga\/#breadcrumb","itemListElement":[{"@type":"ListItem","position":1,"name":"Avaleht","item":"https:\/\/alekeskus.eu\/et\/"},{"@type":"ListItem","position":2,"name":"Pood","item":"https:\/\/alekeskus.eu\/pood\/"},{"@type":"ListItem","position":3,"name":"Terrassi uputatav k\u00fcmblust\u00fcnn plastsisuga ja v\u00e4lisahjuga"}]},{"@type":"WebSite","@id":"https:\/\/alekeskus.eu\/#website","url":"https:\/\/alekeskus.eu\/","name":"Alekeskus","description":"Alekeskus.eu","potentialAction":[{"@type":"SearchAction","target":{"@type":"EntryPoint","urlTemplate":"https:\/\/alekeskus.eu\/?s={search_term_string}"},"query-input":{"@type":"PropertyValueSpecification","valueRequired":true,"valueName":"search_term_string"}}],"inLanguage":"et"}]}},"brands":[],"_links":{"self":[{"href":"https:\/\/alekeskus.eu\/et\/wp-json\/wp\/v2\/product\/76561","targetHints":{"allow":["GET"]}}],"collection":[{"href":"https:\/\/alekeskus.eu\/et\/wp-json\/wp\/v2\/product"}],"about":[{"href":"https:\/\/alekeskus.eu\/et\/wp-json\/wp\/v2\/types\/product"}],"wp:featuredmedia":[{"embeddable":true,"href":"https:\/\/alekeskus.eu\/et\/wp-json\/wp\/v2\/media\/76572"}],"wp:attachment":[{"href":"https:\/\/alekeskus.eu\/et\/wp-json\/wp\/v2\/media?parent=76561"}],"wp:term":[{"taxonomy":"pwb-brand","embeddable":true,"href":"https:\/\/alekeskus.eu\/et\/wp-json\/wp\/v2\/pwb-brand?post=76561"},{"taxonomy":"product_brand","embeddable":true,"href":"https:\/\/alekeskus.eu\/et\/wp-json\/wp\/v2\/product_brand?post=76561"},{"taxonomy":"product_cat","embeddable":true,"href":"https:\/\/alekeskus.eu\/et\/wp-json\/wp\/v2\/product_cat?post=76561"},{"taxonomy":"product_tag","embeddable":true,"href":"https:\/\/alekeskus.eu\/et\/wp-json\/wp\/v2\/product_tag?post=76561"}],"curies":[{"name":"wp","href":"https:\/\/api.w.org\/{rel}","templated":true}]}}