{"id":76817,"date":"2023-06-02T11:18:38","date_gmt":"2022-06-02T11:18:38","guid":{"rendered":"https:\/\/alekeskus.eu\/?post_type=product&#038;p=76817"},"modified":"2024-12-08T17:12:18","modified_gmt":"2024-12-08T17:12:18","slug":"vierasmaja-annabel-134m%c2%b2-alekeskus","status":"publish","type":"product","link":"https:\/\/alekeskus.eu\/et\/toode\/vierasmaja-annabel-134m%c2%b2-alekeskus\/","title":{"rendered":"Vierasmaja Annabel 13,4 m\u00b2 l\u00e4mp\u00f6eristevalmiudella"},"content":{"rendered":"","protected":false},"excerpt":{"rendered":"<p>Ulkosein\u00e4mitat:<strong> 4,52 x 3,30 m.\u00a0 \u00a0<\/strong><\/p>\n<ul>\n<li>elementtirakenteinen sein\u00e4\u00a0<strong>88 mm<\/strong>\u00a0<strong>(18 mm hienosahattu ulkoverhous, tuulesuojakalvo, runko 34 x 70 mm)<\/strong><\/li>\n<li>katto ja lattia pontattu lauta 19 mm<\/li>\n<li>r\u00e4yst\u00e4skorkeudet 294 cm ja 205 cm<\/li>\n<li>kyll\u00e4stetyt lattianiskat<\/li>\n<li>muovirunkoiset ikkunat 66 x 174 cm 2 kpl ja liukuovet 201 x 203 cm 2 kpl l\u00e4mp\u00f6laseilla(erillinen malli ilman ovia ja ikkunoita Annabel KIT); liukuovien sein\u00e4elementtej\u00e4 ei ole mahdollista asentaa p\u00e4\u00e4tyseiniin<\/li>\n<li>5-vuoden tehtaan takuu<\/li>\n<li>kiinnikkeet ja kasausohje<\/li>\n<li>kattokate lis\u00e4hintaan(tarve 3 rll SBS kattokermia)<\/li>\n<li>tehty Eestiss\u00e4<\/li>\n<li>sateentiivis rahtipakkaus<\/li>\n<\/ul>\n<p>Rahti alkaen 699\u20ac (Uusimaa).<\/p>\n","protected":false},"featured_media":76819,"template":"","meta":{"_monsterinsights_skip_tracking":false,"_monsterinsights_sitenote_active":false,"_monsterinsights_sitenote_note":"","_monsterinsights_sitenote_category":0},"pwb-brand":[],"product_brand":[],"product_cat":[13593,17183,13541,13609,13603],"product_tag":[17660,17173,17889,17175,18331,17197,17223,17297,16364,17529],"class_list":{"0":"post-76817","1":"product","2":"type-product","3":"status-publish","4":"has-post-thumbnail","6":"product_cat-vierasmajat-alekeskus","7":"product_cat-kesakeittiot","8":"product_cat-rakennukset","9":"product_cat-pihatoimistot","10":"product_cat-elementtirakenteiset-rakennukset","11":"product_tag-pihatoimisto-fi-5","12":"product_tag-pihamaja-fi-2","13":"product_tag-elementtirakenteinen-fi","14":"product_tag-pihavaja-fi","15":"product_tag-palmako-vierasmaja-fi","16":"product_tag-pihatoimisto-fi","17":"product_tag-vierasmaja-fi","18":"product_tag-pihatoimisto-fi-2","19":"product_tag-huvimaja-fi","20":"product_tag-elementtirakenteinen-pihamaja","21":"product_shipping_class-tasuta-transport-alates-1000kg-fi","22":"pa_kaalkg-1300-fi","23":"pa_kohaletoimetamine-alkaen-699e-alekeskus","24":"pa_pakendimoodud-23x12x03m-fi","25":"pa_pakendimoodud-60x12x09m-fi","26":"pa_pindalam-134-fi","27":"pa_seinapaksus-88-mm-fi","28":"pa_varv-puuvalmis-fi","29":"pa_veame-eesti-ja-suomi","31":"first","32":"instock","33":"taxable","34":"shipping-taxable","35":"purchasable","36":"product-type-simple"},"yoast_head":"<!-- This site is optimized with the Yoast SEO plugin v27.3 - https:\/\/yoast.com\/product\/yoast-seo-wordpress\/ -->\n<title>Vierasmaja Annabel 13,4 m\u00b2 l\u00e4mp\u00f6eristevalmiudella - Alekeskus<\/title>\n<meta name=\"description\" content=\"elementtirakenteinen vierasmaja Annabel\" \/>\n<meta name=\"robots\" content=\"index, follow, max-snippet:-1, max-image-preview:large, max-video-preview:-1\" \/>\n<link rel=\"canonical\" href=\"https:\/\/alekeskus.eu\/fi\/tuote\/vierasmaja-annabel-134m\u00b2-alekeskus\/\" \/>\n<meta property=\"og:locale\" content=\"et_EE\" \/>\n<meta property=\"og:type\" content=\"article\" \/>\n<meta property=\"og:title\" content=\"Vierasmaja Annabel 13,4 m\u00b2 l\u00e4mp\u00f6eristevalmiudella - Alekeskus\" \/>\n<meta property=\"og:description\" content=\"elementtirakenteinen vierasmaja Annabel\" \/>\n<meta property=\"og:url\" content=\"https:\/\/alekeskus.eu\/fi\/tuote\/vierasmaja-annabel-134m\u00b2-alekeskus\/\" \/>\n<meta property=\"og:site_name\" content=\"Alekeskus\" \/>\n<meta property=\"article:modified_time\" content=\"2024-12-08T17:12:18+00:00\" \/>\n<meta property=\"og:image\" content=\"https:\/\/alekeskus.eu\/wp-content\/uploads\/2022\/06\/Annabel_13.4-sisustusega.jpg\" \/>\n\t<meta property=\"og:image:width\" content=\"2500\" \/>\n\t<meta property=\"og:image:height\" content=\"1690\" \/>\n\t<meta property=\"og:image:type\" content=\"image\/jpeg\" \/>\n<meta name=\"twitter:card\" content=\"summary_large_image\" \/>\n<meta name=\"twitter:label1\" content=\"Est. reading time\" \/>\n\t<meta name=\"twitter:data1\" content=\"1 minut\" \/>\n<script type=\"application\/ld+json\" class=\"yoast-schema-graph\">{\"@context\":\"https:\\\/\\\/schema.org\",\"@graph\":[{\"@type\":\"WebPage\",\"@id\":\"https:\\\/\\\/alekeskus.eu\\\/fi\\\/tuote\\\/vierasmaja-annabel-134m%c2%b2-alekeskus\\\/\",\"url\":\"https:\\\/\\\/alekeskus.eu\\\/fi\\\/tuote\\\/vierasmaja-annabel-134m%c2%b2-alekeskus\\\/\",\"name\":\"Vierasmaja Annabel 13,4 m\u00b2 l\u00e4mp\u00f6eristevalmiudella - Alekeskus\",\"isPartOf\":{\"@id\":\"https:\\\/\\\/alekeskus.eu\\\/#website\"},\"primaryImageOfPage\":{\"@id\":\"https:\\\/\\\/alekeskus.eu\\\/fi\\\/tuote\\\/vierasmaja-annabel-134m%c2%b2-alekeskus\\\/#primaryimage\"},\"image\":{\"@id\":\"https:\\\/\\\/alekeskus.eu\\\/fi\\\/tuote\\\/vierasmaja-annabel-134m%c2%b2-alekeskus\\\/#primaryimage\"},\"thumbnailUrl\":\"https:\\\/\\\/alekeskus.eu\\\/wp-content\\\/uploads\\\/2022\\\/06\\\/Annabel_13.4-sisustusega.jpg\",\"datePublished\":\"2022-06-02T11:18:38+00:00\",\"dateModified\":\"2024-12-08T17:12:18+00:00\",\"description\":\"elementtirakenteinen vierasmaja Annabel\",\"breadcrumb\":{\"@id\":\"https:\\\/\\\/alekeskus.eu\\\/fi\\\/tuote\\\/vierasmaja-annabel-134m%c2%b2-alekeskus\\\/#breadcrumb\"},\"inLanguage\":\"et\",\"potentialAction\":[{\"@type\":\"ReadAction\",\"target\":[\"https:\\\/\\\/alekeskus.eu\\\/fi\\\/tuote\\\/vierasmaja-annabel-134m%c2%b2-alekeskus\\\/\"]}]},{\"@type\":\"ImageObject\",\"inLanguage\":\"et\",\"@id\":\"https:\\\/\\\/alekeskus.eu\\\/fi\\\/tuote\\\/vierasmaja-annabel-134m%c2%b2-alekeskus\\\/#primaryimage\",\"url\":\"https:\\\/\\\/alekeskus.eu\\\/wp-content\\\/uploads\\\/2022\\\/06\\\/Annabel_13.4-sisustusega.jpg\",\"contentUrl\":\"https:\\\/\\\/alekeskus.eu\\\/wp-content\\\/uploads\\\/2022\\\/06\\\/Annabel_13.4-sisustusega.jpg\",\"width\":2500,\"height\":1690},{\"@type\":\"BreadcrumbList\",\"@id\":\"https:\\\/\\\/alekeskus.eu\\\/fi\\\/tuote\\\/vierasmaja-annabel-134m%c2%b2-alekeskus\\\/#breadcrumb\",\"itemListElement\":[{\"@type\":\"ListItem\",\"position\":1,\"name\":\"Avaleht\",\"item\":\"https:\\\/\\\/alekeskus.eu\\\/et\\\/\"},{\"@type\":\"ListItem\",\"position\":2,\"name\":\"Pood\",\"item\":\"https:\\\/\\\/alekeskus.eu\\\/pood\\\/\"},{\"@type\":\"ListItem\",\"position\":3,\"name\":\"Vierasmaja Annabel 13,4 m\u00b2 l\u00e4mp\u00f6eristevalmiudella\"}]},{\"@type\":\"WebSite\",\"@id\":\"https:\\\/\\\/alekeskus.eu\\\/#website\",\"url\":\"https:\\\/\\\/alekeskus.eu\\\/\",\"name\":\"Alekeskus\",\"description\":\"Alekeskus.eu\",\"potentialAction\":[{\"@type\":\"SearchAction\",\"target\":{\"@type\":\"EntryPoint\",\"urlTemplate\":\"https:\\\/\\\/alekeskus.eu\\\/?s={search_term_string}\"},\"query-input\":{\"@type\":\"PropertyValueSpecification\",\"valueRequired\":true,\"valueName\":\"search_term_string\"}}],\"inLanguage\":\"et\"}]}<\/script>\n<!-- \/ Yoast SEO plugin. -->","yoast_head_json":{"title":"Vierasmaja Annabel 13,4 m\u00b2 l\u00e4mp\u00f6eristevalmiudella - Alekeskus","description":"elementtirakenteinen vierasmaja Annabel","robots":{"index":"index","follow":"follow","max-snippet":"max-snippet:-1","max-image-preview":"max-image-preview:large","max-video-preview":"max-video-preview:-1"},"canonical":"https:\/\/alekeskus.eu\/fi\/tuote\/vierasmaja-annabel-134m\u00b2-alekeskus\/","og_locale":"et_EE","og_type":"article","og_title":"Vierasmaja Annabel 13,4 m\u00b2 l\u00e4mp\u00f6eristevalmiudella - Alekeskus","og_description":"elementtirakenteinen vierasmaja Annabel","og_url":"https:\/\/alekeskus.eu\/fi\/tuote\/vierasmaja-annabel-134m\u00b2-alekeskus\/","og_site_name":"Alekeskus","article_modified_time":"2024-12-08T17:12:18+00:00","og_image":[{"width":2500,"height":1690,"url":"https:\/\/alekeskus.eu\/wp-content\/uploads\/2022\/06\/Annabel_13.4-sisustusega.jpg","type":"image\/jpeg"}],"twitter_card":"summary_large_image","twitter_misc":{"Est. reading time":"1 minut"},"schema":{"@context":"https:\/\/schema.org","@graph":[{"@type":"WebPage","@id":"https:\/\/alekeskus.eu\/fi\/tuote\/vierasmaja-annabel-134m%c2%b2-alekeskus\/","url":"https:\/\/alekeskus.eu\/fi\/tuote\/vierasmaja-annabel-134m%c2%b2-alekeskus\/","name":"Vierasmaja Annabel 13,4 m\u00b2 l\u00e4mp\u00f6eristevalmiudella - Alekeskus","isPartOf":{"@id":"https:\/\/alekeskus.eu\/#website"},"primaryImageOfPage":{"@id":"https:\/\/alekeskus.eu\/fi\/tuote\/vierasmaja-annabel-134m%c2%b2-alekeskus\/#primaryimage"},"image":{"@id":"https:\/\/alekeskus.eu\/fi\/tuote\/vierasmaja-annabel-134m%c2%b2-alekeskus\/#primaryimage"},"thumbnailUrl":"https:\/\/alekeskus.eu\/wp-content\/uploads\/2022\/06\/Annabel_13.4-sisustusega.jpg","datePublished":"2022-06-02T11:18:38+00:00","dateModified":"2024-12-08T17:12:18+00:00","description":"elementtirakenteinen vierasmaja Annabel","breadcrumb":{"@id":"https:\/\/alekeskus.eu\/fi\/tuote\/vierasmaja-annabel-134m%c2%b2-alekeskus\/#breadcrumb"},"inLanguage":"et","potentialAction":[{"@type":"ReadAction","target":["https:\/\/alekeskus.eu\/fi\/tuote\/vierasmaja-annabel-134m%c2%b2-alekeskus\/"]}]},{"@type":"ImageObject","inLanguage":"et","@id":"https:\/\/alekeskus.eu\/fi\/tuote\/vierasmaja-annabel-134m%c2%b2-alekeskus\/#primaryimage","url":"https:\/\/alekeskus.eu\/wp-content\/uploads\/2022\/06\/Annabel_13.4-sisustusega.jpg","contentUrl":"https:\/\/alekeskus.eu\/wp-content\/uploads\/2022\/06\/Annabel_13.4-sisustusega.jpg","width":2500,"height":1690},{"@type":"BreadcrumbList","@id":"https:\/\/alekeskus.eu\/fi\/tuote\/vierasmaja-annabel-134m%c2%b2-alekeskus\/#breadcrumb","itemListElement":[{"@type":"ListItem","position":1,"name":"Avaleht","item":"https:\/\/alekeskus.eu\/et\/"},{"@type":"ListItem","position":2,"name":"Pood","item":"https:\/\/alekeskus.eu\/pood\/"},{"@type":"ListItem","position":3,"name":"Vierasmaja Annabel 13,4 m\u00b2 l\u00e4mp\u00f6eristevalmiudella"}]},{"@type":"WebSite","@id":"https:\/\/alekeskus.eu\/#website","url":"https:\/\/alekeskus.eu\/","name":"Alekeskus","description":"Alekeskus.eu","potentialAction":[{"@type":"SearchAction","target":{"@type":"EntryPoint","urlTemplate":"https:\/\/alekeskus.eu\/?s={search_term_string}"},"query-input":{"@type":"PropertyValueSpecification","valueRequired":true,"valueName":"search_term_string"}}],"inLanguage":"et"}]}},"brands":[],"_links":{"self":[{"href":"https:\/\/alekeskus.eu\/et\/wp-json\/wp\/v2\/product\/76817","targetHints":{"allow":["GET"]}}],"collection":[{"href":"https:\/\/alekeskus.eu\/et\/wp-json\/wp\/v2\/product"}],"about":[{"href":"https:\/\/alekeskus.eu\/et\/wp-json\/wp\/v2\/types\/product"}],"wp:featuredmedia":[{"embeddable":true,"href":"https:\/\/alekeskus.eu\/et\/wp-json\/wp\/v2\/media\/76819"}],"wp:attachment":[{"href":"https:\/\/alekeskus.eu\/et\/wp-json\/wp\/v2\/media?parent=76817"}],"wp:term":[{"taxonomy":"pwb-brand","embeddable":true,"href":"https:\/\/alekeskus.eu\/et\/wp-json\/wp\/v2\/pwb-brand?post=76817"},{"taxonomy":"product_brand","embeddable":true,"href":"https:\/\/alekeskus.eu\/et\/wp-json\/wp\/v2\/product_brand?post=76817"},{"taxonomy":"product_cat","embeddable":true,"href":"https:\/\/alekeskus.eu\/et\/wp-json\/wp\/v2\/product_cat?post=76817"},{"taxonomy":"product_tag","embeddable":true,"href":"https:\/\/alekeskus.eu\/et\/wp-json\/wp\/v2\/product_tag?post=76817"}],"curies":[{"name":"wp","href":"https:\/\/api.w.org\/{rel}","templated":true}]}}