{"id":76852,"date":"2025-12-16T15:32:12","date_gmt":"2025-12-16T15:32:12","guid":{"rendered":"https:\/\/alekeskus.eu\/?post_type=product&#038;p=76852"},"modified":"2026-01-11T07:52:22","modified_gmt":"2026-01-11T07:52:22","slug":"kiigeiste-autokumm-2","status":"publish","type":"product","link":"https:\/\/alekeskus.eu\/et\/toode\/kiigeiste-autokumm-2\/","title":{"rendered":"Kiigeiste Autokumm"},"content":{"rendered":"","protected":false},"excerpt":{"rendered":"<p>Kiigeiste kiigele v\u00f5i m\u00e4nguv\u00e4ljakule.<\/p>\n<p>Soodus, kuna on tagastatud toode ilma pakendita.<\/p>\n","protected":false},"featured_media":76853,"template":"","meta":{"_monsterinsights_skip_tracking":false,"_monsterinsights_sitenote_active":false,"_monsterinsights_sitenote_note":"","_monsterinsights_sitenote_category":0},"pwb-brand":[],"product_brand":[],"product_cat":[13556,18677,13538,13558,13562,13528],"product_tag":[],"class_list":{"0":"post-76852","1":"product","2":"type-product","3":"status-publish","4":"has-post-thumbnail","6":"product_cat-kiiged","7":"product_cat-lopumuuk","8":"product_cat-ale","9":"product_cat-manguvaljakud","10":"product_cat-tarvikud","11":"product_cat-manguvaljakud-kiiged","12":"product_shipping_class-pakiautomaat","14":"first","15":"instock","16":"sale","17":"taxable","18":"shipping-taxable","19":"purchasable","20":"product-type-simple"},"yoast_head":"<!-- This site is optimized with the Yoast SEO plugin v27.3 - https:\/\/yoast.com\/product\/yoast-seo-wordpress\/ -->\n<title>Kiigeiste Autokumm - Alekeskus<\/title>\n<meta name=\"description\" content=\"kiigeiste\" \/>\n<meta name=\"robots\" content=\"index, follow, max-snippet:-1, max-image-preview:large, max-video-preview:-1\" \/>\n<link rel=\"canonical\" href=\"https:\/\/alekeskus.eu\/toode\/kiigeiste-autokumm-2\/\" \/>\n<meta property=\"og:locale\" content=\"et_EE\" \/>\n<meta property=\"og:type\" content=\"article\" \/>\n<meta property=\"og:title\" content=\"Kiigeiste Autokumm - Alekeskus\" \/>\n<meta property=\"og:description\" content=\"kiigeiste\" \/>\n<meta property=\"og:url\" content=\"https:\/\/alekeskus.eu\/toode\/kiigeiste-autokumm-2\/\" \/>\n<meta property=\"og:site_name\" content=\"Alekeskus\" \/>\n<meta property=\"article:modified_time\" content=\"2026-01-11T07:52:22+00:00\" \/>\n<meta property=\"og:image\" content=\"https:\/\/alekeskus.eu\/wp-content\/uploads\/2022\/06\/Kumm--rotated.jpg\" \/>\n\t<meta property=\"og:image:width\" content=\"1200\" \/>\n\t<meta property=\"og:image:height\" content=\"1600\" \/>\n\t<meta property=\"og:image:type\" content=\"image\/jpeg\" \/>\n<meta name=\"twitter:card\" content=\"summary_large_image\" \/>\n<meta name=\"twitter:label1\" content=\"Est. reading time\" \/>\n\t<meta name=\"twitter:data1\" content=\"1 minut\" \/>\n<script type=\"application\/ld+json\" class=\"yoast-schema-graph\">{\"@context\":\"https:\\\/\\\/schema.org\",\"@graph\":[{\"@type\":\"WebPage\",\"@id\":\"https:\\\/\\\/alekeskus.eu\\\/toode\\\/kiigeiste-autokumm-2\\\/\",\"url\":\"https:\\\/\\\/alekeskus.eu\\\/toode\\\/kiigeiste-autokumm-2\\\/\",\"name\":\"Kiigeiste Autokumm - Alekeskus\",\"isPartOf\":{\"@id\":\"https:\\\/\\\/alekeskus.eu\\\/#website\"},\"primaryImageOfPage\":{\"@id\":\"https:\\\/\\\/alekeskus.eu\\\/toode\\\/kiigeiste-autokumm-2\\\/#primaryimage\"},\"image\":{\"@id\":\"https:\\\/\\\/alekeskus.eu\\\/toode\\\/kiigeiste-autokumm-2\\\/#primaryimage\"},\"thumbnailUrl\":\"https:\\\/\\\/alekeskus.eu\\\/wp-content\\\/uploads\\\/2022\\\/06\\\/Kumm--rotated.jpg\",\"datePublished\":\"2025-12-16T15:32:12+00:00\",\"dateModified\":\"2026-01-11T07:52:22+00:00\",\"description\":\"kiigeiste\",\"breadcrumb\":{\"@id\":\"https:\\\/\\\/alekeskus.eu\\\/toode\\\/kiigeiste-autokumm-2\\\/#breadcrumb\"},\"inLanguage\":\"et\",\"potentialAction\":[{\"@type\":\"ReadAction\",\"target\":[\"https:\\\/\\\/alekeskus.eu\\\/toode\\\/kiigeiste-autokumm-2\\\/\"]}]},{\"@type\":\"ImageObject\",\"inLanguage\":\"et\",\"@id\":\"https:\\\/\\\/alekeskus.eu\\\/toode\\\/kiigeiste-autokumm-2\\\/#primaryimage\",\"url\":\"https:\\\/\\\/alekeskus.eu\\\/wp-content\\\/uploads\\\/2022\\\/06\\\/Kumm--rotated.jpg\",\"contentUrl\":\"https:\\\/\\\/alekeskus.eu\\\/wp-content\\\/uploads\\\/2022\\\/06\\\/Kumm--rotated.jpg\",\"width\":1200,\"height\":1600},{\"@type\":\"BreadcrumbList\",\"@id\":\"https:\\\/\\\/alekeskus.eu\\\/toode\\\/kiigeiste-autokumm-2\\\/#breadcrumb\",\"itemListElement\":[{\"@type\":\"ListItem\",\"position\":1,\"name\":\"Avaleht\",\"item\":\"https:\\\/\\\/alekeskus.eu\\\/et\\\/\"},{\"@type\":\"ListItem\",\"position\":2,\"name\":\"Pood\",\"item\":\"https:\\\/\\\/alekeskus.eu\\\/pood\\\/\"},{\"@type\":\"ListItem\",\"position\":3,\"name\":\"Kiigeiste Autokumm\"}]},{\"@type\":\"WebSite\",\"@id\":\"https:\\\/\\\/alekeskus.eu\\\/#website\",\"url\":\"https:\\\/\\\/alekeskus.eu\\\/\",\"name\":\"Alekeskus\",\"description\":\"Alekeskus.eu\",\"potentialAction\":[{\"@type\":\"SearchAction\",\"target\":{\"@type\":\"EntryPoint\",\"urlTemplate\":\"https:\\\/\\\/alekeskus.eu\\\/?s={search_term_string}\"},\"query-input\":{\"@type\":\"PropertyValueSpecification\",\"valueRequired\":true,\"valueName\":\"search_term_string\"}}],\"inLanguage\":\"et\"}]}<\/script>\n<!-- \/ Yoast SEO plugin. -->","yoast_head_json":{"title":"Kiigeiste Autokumm - Alekeskus","description":"kiigeiste","robots":{"index":"index","follow":"follow","max-snippet":"max-snippet:-1","max-image-preview":"max-image-preview:large","max-video-preview":"max-video-preview:-1"},"canonical":"https:\/\/alekeskus.eu\/toode\/kiigeiste-autokumm-2\/","og_locale":"et_EE","og_type":"article","og_title":"Kiigeiste Autokumm - Alekeskus","og_description":"kiigeiste","og_url":"https:\/\/alekeskus.eu\/toode\/kiigeiste-autokumm-2\/","og_site_name":"Alekeskus","article_modified_time":"2026-01-11T07:52:22+00:00","og_image":[{"width":1200,"height":1600,"url":"https:\/\/alekeskus.eu\/wp-content\/uploads\/2022\/06\/Kumm--rotated.jpg","type":"image\/jpeg"}],"twitter_card":"summary_large_image","twitter_misc":{"Est. reading time":"1 minut"},"schema":{"@context":"https:\/\/schema.org","@graph":[{"@type":"WebPage","@id":"https:\/\/alekeskus.eu\/toode\/kiigeiste-autokumm-2\/","url":"https:\/\/alekeskus.eu\/toode\/kiigeiste-autokumm-2\/","name":"Kiigeiste Autokumm - Alekeskus","isPartOf":{"@id":"https:\/\/alekeskus.eu\/#website"},"primaryImageOfPage":{"@id":"https:\/\/alekeskus.eu\/toode\/kiigeiste-autokumm-2\/#primaryimage"},"image":{"@id":"https:\/\/alekeskus.eu\/toode\/kiigeiste-autokumm-2\/#primaryimage"},"thumbnailUrl":"https:\/\/alekeskus.eu\/wp-content\/uploads\/2022\/06\/Kumm--rotated.jpg","datePublished":"2025-12-16T15:32:12+00:00","dateModified":"2026-01-11T07:52:22+00:00","description":"kiigeiste","breadcrumb":{"@id":"https:\/\/alekeskus.eu\/toode\/kiigeiste-autokumm-2\/#breadcrumb"},"inLanguage":"et","potentialAction":[{"@type":"ReadAction","target":["https:\/\/alekeskus.eu\/toode\/kiigeiste-autokumm-2\/"]}]},{"@type":"ImageObject","inLanguage":"et","@id":"https:\/\/alekeskus.eu\/toode\/kiigeiste-autokumm-2\/#primaryimage","url":"https:\/\/alekeskus.eu\/wp-content\/uploads\/2022\/06\/Kumm--rotated.jpg","contentUrl":"https:\/\/alekeskus.eu\/wp-content\/uploads\/2022\/06\/Kumm--rotated.jpg","width":1200,"height":1600},{"@type":"BreadcrumbList","@id":"https:\/\/alekeskus.eu\/toode\/kiigeiste-autokumm-2\/#breadcrumb","itemListElement":[{"@type":"ListItem","position":1,"name":"Avaleht","item":"https:\/\/alekeskus.eu\/et\/"},{"@type":"ListItem","position":2,"name":"Pood","item":"https:\/\/alekeskus.eu\/pood\/"},{"@type":"ListItem","position":3,"name":"Kiigeiste Autokumm"}]},{"@type":"WebSite","@id":"https:\/\/alekeskus.eu\/#website","url":"https:\/\/alekeskus.eu\/","name":"Alekeskus","description":"Alekeskus.eu","potentialAction":[{"@type":"SearchAction","target":{"@type":"EntryPoint","urlTemplate":"https:\/\/alekeskus.eu\/?s={search_term_string}"},"query-input":{"@type":"PropertyValueSpecification","valueRequired":true,"valueName":"search_term_string"}}],"inLanguage":"et"}]}},"brands":[],"_links":{"self":[{"href":"https:\/\/alekeskus.eu\/et\/wp-json\/wp\/v2\/product\/76852","targetHints":{"allow":["GET"]}}],"collection":[{"href":"https:\/\/alekeskus.eu\/et\/wp-json\/wp\/v2\/product"}],"about":[{"href":"https:\/\/alekeskus.eu\/et\/wp-json\/wp\/v2\/types\/product"}],"wp:featuredmedia":[{"embeddable":true,"href":"https:\/\/alekeskus.eu\/et\/wp-json\/wp\/v2\/media\/76853"}],"wp:attachment":[{"href":"https:\/\/alekeskus.eu\/et\/wp-json\/wp\/v2\/media?parent=76852"}],"wp:term":[{"taxonomy":"pwb-brand","embeddable":true,"href":"https:\/\/alekeskus.eu\/et\/wp-json\/wp\/v2\/pwb-brand?post=76852"},{"taxonomy":"product_brand","embeddable":true,"href":"https:\/\/alekeskus.eu\/et\/wp-json\/wp\/v2\/product_brand?post=76852"},{"taxonomy":"product_cat","embeddable":true,"href":"https:\/\/alekeskus.eu\/et\/wp-json\/wp\/v2\/product_cat?post=76852"},{"taxonomy":"product_tag","embeddable":true,"href":"https:\/\/alekeskus.eu\/et\/wp-json\/wp\/v2\/product_tag?post=76852"}],"curies":[{"name":"wp","href":"https:\/\/api.w.org\/{rel}","templated":true}]}}