{"id":76995,"date":"2024-08-06T06:35:06","date_gmt":"2024-08-06T06:35:06","guid":{"rendered":"https:\/\/alekeskus.eu\/?post_type=product&#038;p=76995"},"modified":"2024-12-21T17:25:05","modified_gmt":"2024-12-21T17:25:05","slug":"aiakuur-kibuna1-38m%c2%b2","status":"publish","type":"product","link":"https:\/\/alekeskus.eu\/et\/toode\/aiakuur-kibuna1-38m%c2%b2\/","title":{"rendered":"Aiakuur Kibuna1 3,8 m\u00b2 siledate nurkadega"},"content":{"rendered":"<div class=\"pictogram qtip-additional-element\">\n<div class=\"image\"><\/div>\n<\/div>\n<div class=\"pictogram qtip-additional-element\">Kibuna sarja aiakuurid on kaasaegse v\u00e4limusega sobides igasse aeda. Majad on kruvi-nurk \u00fchendusega ja neil puuduvad tapiotsad. T\u00e4islaudisest uksed varjavad aiamaja sisu v\u00f5\u00f5rale silmale samas, kui maja \u00fclemises osas asuvad aknad annavad ruumi piisavalt valgust. Komplekti kuuluvad seinad, avat\u00e4ited, katusetalad ja -lauad ning kinnitusvahendid aiamaja p\u00fcstitamiseks (kruvid jms). P\u00f5randat ja katusekattematerjali ei ole kaasas.<\/div>\n<div><\/div>\n<div>\n<p>V\u00c4RVIMISE TEENUSE KIRJELDUS:<\/p>\n<p>Sein v\u00e4rvitakse 3-st k\u00fcljest, ka punnsooned. 4 standardv\u00e4rvi: rootsi punane, s\u00fcsihall, helehall, roheline. Sisepind j\u00e4\u00e4b naturaalseks. Maja nurgad on v\u00e4rvitud igast k\u00fcljest. V\u00e4rvi kantakse detailidele 2 kihti. \u27a2 P\u00f5randa- ja laelauad ning p\u00e4rlinid j\u00e4\u00e4vad v\u00e4rvimata. \u27a2 Aknad ja uksed v\u00e4rvitakse valgeks igast k\u00fcljest. \u27a2 K\u00f5ik v\u00e4lised liistud (viilulauad ja liistud) v\u00e4rvitakse valgeks. \u27a2 Kvaliteetne v\u00e4rv tuntud Saksa tootjalt OSMO<\/p>\n<p>V\u00e4rvitud tootel on pikem tellimisaeg.<\/p>\n<\/div>\n","protected":false},"excerpt":{"rendered":"<p>V\u00e4lism\u00f5\u00f5dud:\u00a0<strong>200<\/strong><b> x 200 cm. <\/b>Seina k\u00f5rgused<strong> 245 cm ja 222 cm.\u00a0<\/strong><\/p>\n<ul>\n<li>freespalk\u00a0<strong>28 mm<\/strong>\u00a0<strong>sileda kaasaegse nurgalahendusega<\/strong><\/li>\n<li>paarisuks silinderlukuga 149 x 185 cm, pleksiklaasiga aken 194 x 34 cm<\/li>\n<li>punnitud katuselauad 15\u00d790 mm<\/li>\n<li>p\u00f5randat ei ole<\/li>\n<li>\n<div class=\"spec-name\">katuse r\u00e4\u00e4stas 10 cm, kalle 7 \u00b0 ja pindala 5 m<sup>2<\/sup><\/div>\n<\/li>\n<li>\n<div class=\"spec-name\">kinnitusvahendid, koostejuhend<\/div>\n<\/li>\n<li>tellitav v\u00e4ljast v\u00e4rvituna +800\u20ac (hele-ja tumehall, punane, roheline), liistud, aken ja uks \u00fcleni valged, loe alt kirjeldust, tellimisaeg u 1 kuu pikem)<\/li>\n<li>katusepapp v\u00f5i SBS-rullkate lisahinnaga (tarve 1 rull)<\/li>\n<li>Eesti toode<\/li>\n<\/ul>\n<p>Vedu mandril 100\u20ac v\u00f5i kraana-autoga 180\u20ac (suursaartele vastavalt 180\u20ac ja 590\u20ac).<\/p>\n<p>K\u00fcsi ka paigaldust!<\/p>\n","protected":false},"featured_media":77001,"template":"","meta":{"_monsterinsights_skip_tracking":false,"_monsterinsights_sitenote_active":false,"_monsterinsights_sitenote_note":"","_monsterinsights_sitenote_category":0},"pwb-brand":[],"product_brand":[],"product_cat":[13592,13540,13594,13600],"product_tag":[14264,14265,13813,13819,13849,13899,13983],"class_list":{"0":"post-76995","1":"product","2":"type-product","3":"status-publish","4":"has-post-thumbnail","6":"product_cat-aia-ja-grillmajad","7":"product_cat-hooned-alekeskus","8":"product_cat-mangumajad","9":"product_cat-kuurid-aidad-kioskid","10":"product_tag-aiakuur","11":"product_tag-pihavaja","12":"product_tag-aiamaja","13":"product_tag-vaja","14":"product_tag-shed","15":"product_tag-garden-house","16":"product_tag-piharakennus","17":"product_shipping_class-kuni-1000kg","18":"pa_garantii-2-aastat","19":"pa_kohaletoimetamine-alates-100e","20":"pa_laoasukoht-tartumaa","21":"pa_pindalam-14111","22":"pa_seinapaksus-28-mm","23":"pa_tellimisaeg-tilausaika-alekeskus","24":"pa_varv-roheline","25":"pa_varv-punane","26":"pa_varv-viimistlemata","27":"pa_varv-tumehall","28":"pa_varv-helehall","29":"pa_veame-eesti-ja-soome","31":"first","32":"instock","33":"featured","34":"taxable","35":"shipping-taxable","36":"purchasable","37":"product-type-variable","38":"has-default-attributes"},"yoast_head":"<!-- This site is optimized with the Yoast SEO plugin v27.3 - https:\/\/yoast.com\/product\/yoast-seo-wordpress\/ -->\n<title>Aiakuur Kibuna1 3,8 m\u00b2 siledate nurkadega - Alekeskus<\/title>\n<meta name=\"description\" content=\"aiakuur sileda nurgalahendusega\" \/>\n<meta name=\"robots\" content=\"index, follow, max-snippet:-1, max-image-preview:large, max-video-preview:-1\" \/>\n<link rel=\"canonical\" href=\"https:\/\/alekeskus.eu\/toode\/aiakuur-kibuna1-38m\u00b2\/\" \/>\n<meta property=\"og:locale\" content=\"et_EE\" \/>\n<meta property=\"og:type\" content=\"article\" \/>\n<meta property=\"og:title\" content=\"Aiakuur Kibuna1 3,8 m\u00b2 siledate nurkadega - Alekeskus\" \/>\n<meta property=\"og:description\" content=\"aiakuur sileda nurgalahendusega\" \/>\n<meta property=\"og:url\" content=\"https:\/\/alekeskus.eu\/toode\/aiakuur-kibuna1-38m\u00b2\/\" \/>\n<meta property=\"og:site_name\" content=\"Alekeskus\" \/>\n<meta property=\"article:modified_time\" content=\"2024-12-21T17:25:05+00:00\" \/>\n<meta property=\"og:image\" content=\"https:\/\/alekeskus.eu\/wp-content\/uploads\/2022\/08\/Kibo1-loodus.jpg\" \/>\n\t<meta property=\"og:image:width\" content=\"2500\" \/>\n\t<meta property=\"og:image:height\" content=\"1667\" \/>\n\t<meta property=\"og:image:type\" content=\"image\/jpeg\" \/>\n<meta name=\"twitter:card\" content=\"summary_large_image\" \/>\n<meta name=\"twitter:label1\" content=\"Est. reading time\" \/>\n\t<meta name=\"twitter:data1\" content=\"1 minut\" \/>\n<script type=\"application\/ld+json\" class=\"yoast-schema-graph\">{\"@context\":\"https:\\\/\\\/schema.org\",\"@graph\":[{\"@type\":\"WebPage\",\"@id\":\"https:\\\/\\\/alekeskus.eu\\\/toode\\\/aiakuur-kibuna1-38m%c2%b2\\\/\",\"url\":\"https:\\\/\\\/alekeskus.eu\\\/toode\\\/aiakuur-kibuna1-38m%c2%b2\\\/\",\"name\":\"Aiakuur Kibuna1 3,8 m\u00b2 siledate nurkadega - Alekeskus\",\"isPartOf\":{\"@id\":\"https:\\\/\\\/alekeskus.eu\\\/#website\"},\"primaryImageOfPage\":{\"@id\":\"https:\\\/\\\/alekeskus.eu\\\/toode\\\/aiakuur-kibuna1-38m%c2%b2\\\/#primaryimage\"},\"image\":{\"@id\":\"https:\\\/\\\/alekeskus.eu\\\/toode\\\/aiakuur-kibuna1-38m%c2%b2\\\/#primaryimage\"},\"thumbnailUrl\":\"https:\\\/\\\/alekeskus.eu\\\/wp-content\\\/uploads\\\/2022\\\/08\\\/Kibo1-loodus.jpg\",\"datePublished\":\"2024-08-06T06:35:06+00:00\",\"dateModified\":\"2024-12-21T17:25:05+00:00\",\"description\":\"aiakuur sileda nurgalahendusega\",\"breadcrumb\":{\"@id\":\"https:\\\/\\\/alekeskus.eu\\\/toode\\\/aiakuur-kibuna1-38m%c2%b2\\\/#breadcrumb\"},\"inLanguage\":\"et\",\"potentialAction\":[{\"@type\":\"ReadAction\",\"target\":[\"https:\\\/\\\/alekeskus.eu\\\/toode\\\/aiakuur-kibuna1-38m%c2%b2\\\/\"]}]},{\"@type\":\"ImageObject\",\"inLanguage\":\"et\",\"@id\":\"https:\\\/\\\/alekeskus.eu\\\/toode\\\/aiakuur-kibuna1-38m%c2%b2\\\/#primaryimage\",\"url\":\"https:\\\/\\\/alekeskus.eu\\\/wp-content\\\/uploads\\\/2022\\\/08\\\/Kibo1-loodus.jpg\",\"contentUrl\":\"https:\\\/\\\/alekeskus.eu\\\/wp-content\\\/uploads\\\/2022\\\/08\\\/Kibo1-loodus.jpg\",\"width\":1600,\"height\":1067},{\"@type\":\"BreadcrumbList\",\"@id\":\"https:\\\/\\\/alekeskus.eu\\\/toode\\\/aiakuur-kibuna1-38m%c2%b2\\\/#breadcrumb\",\"itemListElement\":[{\"@type\":\"ListItem\",\"position\":1,\"name\":\"Avaleht\",\"item\":\"https:\\\/\\\/alekeskus.eu\\\/et\\\/\"},{\"@type\":\"ListItem\",\"position\":2,\"name\":\"Pood\",\"item\":\"https:\\\/\\\/alekeskus.eu\\\/pood\\\/\"},{\"@type\":\"ListItem\",\"position\":3,\"name\":\"Aiakuur Kibuna1 3,8 m\u00b2 siledate nurkadega\"}]},{\"@type\":\"WebSite\",\"@id\":\"https:\\\/\\\/alekeskus.eu\\\/#website\",\"url\":\"https:\\\/\\\/alekeskus.eu\\\/\",\"name\":\"Alekeskus\",\"description\":\"Alekeskus.eu\",\"potentialAction\":[{\"@type\":\"SearchAction\",\"target\":{\"@type\":\"EntryPoint\",\"urlTemplate\":\"https:\\\/\\\/alekeskus.eu\\\/?s={search_term_string}\"},\"query-input\":{\"@type\":\"PropertyValueSpecification\",\"valueRequired\":true,\"valueName\":\"search_term_string\"}}],\"inLanguage\":\"et\"}]}<\/script>\n<!-- \/ Yoast SEO plugin. -->","yoast_head_json":{"title":"Aiakuur Kibuna1 3,8 m\u00b2 siledate nurkadega - Alekeskus","description":"aiakuur sileda nurgalahendusega","robots":{"index":"index","follow":"follow","max-snippet":"max-snippet:-1","max-image-preview":"max-image-preview:large","max-video-preview":"max-video-preview:-1"},"canonical":"https:\/\/alekeskus.eu\/toode\/aiakuur-kibuna1-38m\u00b2\/","og_locale":"et_EE","og_type":"article","og_title":"Aiakuur Kibuna1 3,8 m\u00b2 siledate nurkadega - Alekeskus","og_description":"aiakuur sileda nurgalahendusega","og_url":"https:\/\/alekeskus.eu\/toode\/aiakuur-kibuna1-38m\u00b2\/","og_site_name":"Alekeskus","article_modified_time":"2024-12-21T17:25:05+00:00","og_image":[{"width":2500,"height":1667,"url":"https:\/\/alekeskus.eu\/wp-content\/uploads\/2022\/08\/Kibo1-loodus.jpg","type":"image\/jpeg"}],"twitter_card":"summary_large_image","twitter_misc":{"Est. reading time":"1 minut"},"schema":{"@context":"https:\/\/schema.org","@graph":[{"@type":"WebPage","@id":"https:\/\/alekeskus.eu\/toode\/aiakuur-kibuna1-38m%c2%b2\/","url":"https:\/\/alekeskus.eu\/toode\/aiakuur-kibuna1-38m%c2%b2\/","name":"Aiakuur Kibuna1 3,8 m\u00b2 siledate nurkadega - Alekeskus","isPartOf":{"@id":"https:\/\/alekeskus.eu\/#website"},"primaryImageOfPage":{"@id":"https:\/\/alekeskus.eu\/toode\/aiakuur-kibuna1-38m%c2%b2\/#primaryimage"},"image":{"@id":"https:\/\/alekeskus.eu\/toode\/aiakuur-kibuna1-38m%c2%b2\/#primaryimage"},"thumbnailUrl":"https:\/\/alekeskus.eu\/wp-content\/uploads\/2022\/08\/Kibo1-loodus.jpg","datePublished":"2024-08-06T06:35:06+00:00","dateModified":"2024-12-21T17:25:05+00:00","description":"aiakuur sileda nurgalahendusega","breadcrumb":{"@id":"https:\/\/alekeskus.eu\/toode\/aiakuur-kibuna1-38m%c2%b2\/#breadcrumb"},"inLanguage":"et","potentialAction":[{"@type":"ReadAction","target":["https:\/\/alekeskus.eu\/toode\/aiakuur-kibuna1-38m%c2%b2\/"]}]},{"@type":"ImageObject","inLanguage":"et","@id":"https:\/\/alekeskus.eu\/toode\/aiakuur-kibuna1-38m%c2%b2\/#primaryimage","url":"https:\/\/alekeskus.eu\/wp-content\/uploads\/2022\/08\/Kibo1-loodus.jpg","contentUrl":"https:\/\/alekeskus.eu\/wp-content\/uploads\/2022\/08\/Kibo1-loodus.jpg","width":1600,"height":1067},{"@type":"BreadcrumbList","@id":"https:\/\/alekeskus.eu\/toode\/aiakuur-kibuna1-38m%c2%b2\/#breadcrumb","itemListElement":[{"@type":"ListItem","position":1,"name":"Avaleht","item":"https:\/\/alekeskus.eu\/et\/"},{"@type":"ListItem","position":2,"name":"Pood","item":"https:\/\/alekeskus.eu\/pood\/"},{"@type":"ListItem","position":3,"name":"Aiakuur Kibuna1 3,8 m\u00b2 siledate nurkadega"}]},{"@type":"WebSite","@id":"https:\/\/alekeskus.eu\/#website","url":"https:\/\/alekeskus.eu\/","name":"Alekeskus","description":"Alekeskus.eu","potentialAction":[{"@type":"SearchAction","target":{"@type":"EntryPoint","urlTemplate":"https:\/\/alekeskus.eu\/?s={search_term_string}"},"query-input":{"@type":"PropertyValueSpecification","valueRequired":true,"valueName":"search_term_string"}}],"inLanguage":"et"}]}},"brands":[],"_links":{"self":[{"href":"https:\/\/alekeskus.eu\/et\/wp-json\/wp\/v2\/product\/76995","targetHints":{"allow":["GET"]}}],"collection":[{"href":"https:\/\/alekeskus.eu\/et\/wp-json\/wp\/v2\/product"}],"about":[{"href":"https:\/\/alekeskus.eu\/et\/wp-json\/wp\/v2\/types\/product"}],"wp:featuredmedia":[{"embeddable":true,"href":"https:\/\/alekeskus.eu\/et\/wp-json\/wp\/v2\/media\/77001"}],"wp:attachment":[{"href":"https:\/\/alekeskus.eu\/et\/wp-json\/wp\/v2\/media?parent=76995"}],"wp:term":[{"taxonomy":"pwb-brand","embeddable":true,"href":"https:\/\/alekeskus.eu\/et\/wp-json\/wp\/v2\/pwb-brand?post=76995"},{"taxonomy":"product_brand","embeddable":true,"href":"https:\/\/alekeskus.eu\/et\/wp-json\/wp\/v2\/product_brand?post=76995"},{"taxonomy":"product_cat","embeddable":true,"href":"https:\/\/alekeskus.eu\/et\/wp-json\/wp\/v2\/product_cat?post=76995"},{"taxonomy":"product_tag","embeddable":true,"href":"https:\/\/alekeskus.eu\/et\/wp-json\/wp\/v2\/product_tag?post=76995"}],"curies":[{"name":"wp","href":"https:\/\/api.w.org\/{rel}","templated":true}]}}