{"id":77260,"date":"2026-02-23T07:54:11","date_gmt":"2026-02-23T07:54:11","guid":{"rendered":"https:\/\/alekeskus.eu\/?post_type=product&#038;p=77260"},"modified":"2026-04-01T04:54:40","modified_gmt":"2026-04-01T04:54:40","slug":"aiakuur-tulsa-81-alekeskus","status":"publish","type":"product","link":"https:\/\/alekeskus.eu\/et\/toode\/aiakuur-tulsa-81-alekeskus\/","title":{"rendered":"Aiakuur Tulsa 8,1 m\u00b2 + halgude hoidla 2,8 m\u00b2 L\u00d5PUM\u00dc\u00dcGI ALE!"},"content":{"rendered":"<p>V\u00c4RVIMISE TEENUSE KIRJELDUS:<\/p>\n<p>Sein v\u00e4rvitakse 3-st k\u00fcljest, ka punnsooned. 4 standardv\u00e4rvi: rootsi punane, s\u00fcsihall, helehall, roheline. Sisepind j\u00e4\u00e4b naturaalseks. Maja nurgad on v\u00e4rvitud igast k\u00fcljest. V\u00e4rvi kantakse detailidele 2 kihti. \u27a2 P\u00f5randa- ja laelauad ning p\u00e4rlinid j\u00e4\u00e4vad v\u00e4rvimata. \u27a2 Aknad ja uksed v\u00e4rvitakse valgeks igast k\u00fcljest. \u27a2 K\u00f5ik v\u00e4lised liistud (viilulauad ja liistud) v\u00e4rvitakse valgeks. \u27a2 Kvaliteetne v\u00e4rv tuntud Saksa tootjalt OSMO<\/p>\n<p>V\u00e4rvitud tootel on pikem tellimisaeg viimistlemata tootest.<\/p>\n","protected":false},"excerpt":{"rendered":"<p>V\u00e4lism\u00f5\u00f5dud: <strong>292<\/strong><b> x 292 cm + halgude hoidla 100 x 292 cm. <\/b>Harja\u00a0k\u00f5rgus<strong> 245 cm,<\/strong> seina k\u00f5rgus<strong> 194 cm.\u00a0<\/strong><\/p>\n<ul>\n<li>tuuletapiga freespalk <strong>34 mm<\/strong>, tormitugevdused<\/li>\n<li>punnitud katuselauad 18 x 90 mm, 44 x 140 mm katusp\u00e4rlinid<\/li>\n<li>70 x 70 mm postid 2 tk koos muudetava k\u00f5rgusega terastugedega<\/li>\n<li>p\u00f5randalauad ja katusekate ei sisaldu hinnas<\/li>\n<li>silinderlukuga klaasitud paarisuks 149 x 185 cm<\/li>\n<li>\n<div class=\"spec-name\">r\u00e4\u00e4stas ees 40 cm, katuse kalle 15\u00b0, katuse pindala 16 m<sup>2<\/sup><\/div>\n<\/li>\n<li>\n<div class=\"spec-name\">kinnitusvahendid, paigaldusjuhend<\/div>\n<\/li>\n<li>tellitav v\u00e4ljast v\u00e4rvituna +1000\u20ac(hele-ja tumehall, punane v\u00f5i roheline, avat\u00e4ited-liistud \u00fcleni valged; loe alt kirjeldust; tellimisaeg 3-4 n\u00e4dalat pikem)<\/li>\n<li>sindelkatusekate 7 pakki lisahinnaga<\/li>\n<li>tehase garantii 2 aastat<\/li>\n<li>ilmastikukindel pakend<\/li>\n<li>Eesti toode<\/li>\n<li>tellitav peegelpildis (vajab lisalauda +50\u20ac)<\/li>\n<\/ul>\n<p>Vedu mandril tellijapoolse mahalaadimisega 100\u20ac v\u00f5i kraana-autoga 350\u20ac(suursaartele vastavalt 180\u20ac ja 590\u20ac).<\/p>\n<p>K\u00fcsi ka paigaldust!<\/p>\n","protected":false},"featured_media":100006,"template":"","meta":{"_monsterinsights_skip_tracking":false,"_monsterinsights_sitenote_active":false,"_monsterinsights_sitenote_note":"","_monsterinsights_sitenote_category":0},"pwb-brand":[18577],"product_brand":[],"product_cat":[18677,13592,13538,13540,13600],"product_tag":[14252,17726,14264,17936,14265,18325,14277,18636,15833,18637,13813,13833,17443,13987],"class_list":{"0":"post-77260","1":"product","2":"type-product","3":"status-publish","4":"has-post-thumbnail","6":"pwb-brand-eesti","7":"product_cat-lopumuuk","8":"product_cat-aia-ja-grillmajad","9":"product_cat-ale","10":"product_cat-hooned-alekeskus","11":"product_cat-kuurid-aidad-kioskid","12":"product_tag-suvemaja","13":"product_tag-tulsa","14":"product_tag-aiakuur","15":"product_tag-pihavarasto","16":"product_tag-pihavaja","17":"product_tag-palmako-pihavarasto","18":"product_tag-freespalk","19":"product_tag-halgude-hoidla","20":"product_tag-klapilato","21":"product_tag-kutteladu","22":"product_tag-aiamaja","23":"product_tag-pihamaja","24":"product_tag-tyokaluvaja","25":"product_tag-puukuur","26":"product_shipping_class-kuni-1000kg","27":"pa_garantii-2-aastat","28":"pa_kohaletoimetamine-alates-100e","29":"pa_laoasukoht-tartumaa","30":"pa_pindalam-8-1","31":"pa_seinapaksus-34-mm","32":"pa_varv-viimistlemata","33":"pa_veame-eesti-ja-soome","35":"first","36":"instock","37":"sale","38":"featured","39":"taxable","40":"shipping-taxable","41":"purchasable","42":"product-type-simple"},"yoast_head":"<!-- This site is optimized with the Yoast SEO plugin v27.3 - https:\/\/yoast.com\/product\/yoast-seo-wordpress\/ -->\n<title>Aiakuur Tulsa 8,1 m\u00b2 + halgude hoidla 2,8 m\u00b2 L\u00d5PUM\u00dc\u00dcGI ALE! - Alekeskus<\/title>\n<meta name=\"description\" content=\"Avar freespalgist aiakuur halgude hoidlaga.\" \/>\n<meta name=\"robots\" content=\"index, follow, max-snippet:-1, max-image-preview:large, max-video-preview:-1\" \/>\n<link rel=\"canonical\" href=\"https:\/\/alekeskus.eu\/et\/toode\/aiakuur-tulsa-81-alekeskus\/\" \/>\n<meta property=\"og:locale\" content=\"et_EE\" \/>\n<meta property=\"og:type\" content=\"article\" \/>\n<meta property=\"og:title\" content=\"Aiakuur Tulsa 8,1 m\u00b2 + halgude hoidla 2,8 m\u00b2 L\u00d5PUM\u00dc\u00dcGI ALE! - Alekeskus\" \/>\n<meta property=\"og:description\" content=\"Avar freespalgist aiakuur halgude hoidlaga.\" \/>\n<meta property=\"og:url\" content=\"https:\/\/alekeskus.eu\/et\/toode\/aiakuur-tulsa-81-alekeskus\/\" \/>\n<meta property=\"og:site_name\" content=\"Alekeskus\" \/>\n<meta property=\"article:modified_time\" content=\"2026-04-01T04:54:40+00:00\" \/>\n<meta property=\"og:image\" content=\"https:\/\/alekeskus.eu\/wp-content\/uploads\/2025\/01\/Tulsa-puuvalmis-loodus-1.jpg\" \/>\n\t<meta property=\"og:image:width\" content=\"2500\" \/>\n\t<meta property=\"og:image:height\" content=\"1667\" \/>\n\t<meta property=\"og:image:type\" content=\"image\/jpeg\" \/>\n<meta name=\"twitter:card\" content=\"summary_large_image\" \/>\n<meta name=\"twitter:label1\" content=\"Est. reading time\" \/>\n\t<meta name=\"twitter:data1\" content=\"1 minut\" \/>\n<script type=\"application\/ld+json\" class=\"yoast-schema-graph\">{\"@context\":\"https:\\\/\\\/schema.org\",\"@graph\":[{\"@type\":\"WebPage\",\"@id\":\"https:\\\/\\\/alekeskus.eu\\\/et\\\/toode\\\/aiakuur-tulsa-81-alekeskus\\\/\",\"url\":\"https:\\\/\\\/alekeskus.eu\\\/et\\\/toode\\\/aiakuur-tulsa-81-alekeskus\\\/\",\"name\":\"Aiakuur Tulsa 8,1 m\u00b2 + halgude hoidla 2,8 m\u00b2 L\u00d5PUM\u00dc\u00dcGI ALE! - Alekeskus\",\"isPartOf\":{\"@id\":\"https:\\\/\\\/alekeskus.eu\\\/#website\"},\"primaryImageOfPage\":{\"@id\":\"https:\\\/\\\/alekeskus.eu\\\/et\\\/toode\\\/aiakuur-tulsa-81-alekeskus\\\/#primaryimage\"},\"image\":{\"@id\":\"https:\\\/\\\/alekeskus.eu\\\/et\\\/toode\\\/aiakuur-tulsa-81-alekeskus\\\/#primaryimage\"},\"thumbnailUrl\":\"https:\\\/\\\/alekeskus.eu\\\/wp-content\\\/uploads\\\/2025\\\/01\\\/Tulsa-puuvalmis-loodus-1.jpg\",\"datePublished\":\"2026-02-23T07:54:11+00:00\",\"dateModified\":\"2026-04-01T04:54:40+00:00\",\"description\":\"Avar freespalgist aiakuur halgude hoidlaga.\",\"breadcrumb\":{\"@id\":\"https:\\\/\\\/alekeskus.eu\\\/et\\\/toode\\\/aiakuur-tulsa-81-alekeskus\\\/#breadcrumb\"},\"inLanguage\":\"et\",\"potentialAction\":[{\"@type\":\"ReadAction\",\"target\":[\"https:\\\/\\\/alekeskus.eu\\\/et\\\/toode\\\/aiakuur-tulsa-81-alekeskus\\\/\"]}]},{\"@type\":\"ImageObject\",\"inLanguage\":\"et\",\"@id\":\"https:\\\/\\\/alekeskus.eu\\\/et\\\/toode\\\/aiakuur-tulsa-81-alekeskus\\\/#primaryimage\",\"url\":\"https:\\\/\\\/alekeskus.eu\\\/wp-content\\\/uploads\\\/2025\\\/01\\\/Tulsa-puuvalmis-loodus-1.jpg\",\"contentUrl\":\"https:\\\/\\\/alekeskus.eu\\\/wp-content\\\/uploads\\\/2025\\\/01\\\/Tulsa-puuvalmis-loodus-1.jpg\",\"width\":2500,\"height\":1667},{\"@type\":\"BreadcrumbList\",\"@id\":\"https:\\\/\\\/alekeskus.eu\\\/et\\\/toode\\\/aiakuur-tulsa-81-alekeskus\\\/#breadcrumb\",\"itemListElement\":[{\"@type\":\"ListItem\",\"position\":1,\"name\":\"Avaleht\",\"item\":\"https:\\\/\\\/alekeskus.eu\\\/et\\\/\"},{\"@type\":\"ListItem\",\"position\":2,\"name\":\"Pood\",\"item\":\"https:\\\/\\\/alekeskus.eu\\\/pood\\\/\"},{\"@type\":\"ListItem\",\"position\":3,\"name\":\"Aiakuur Tulsa 8,1 m\u00b2 + halgude hoidla 2,8 m\u00b2 L\u00d5PUM\u00dc\u00dcGI ALE!\"}]},{\"@type\":\"WebSite\",\"@id\":\"https:\\\/\\\/alekeskus.eu\\\/#website\",\"url\":\"https:\\\/\\\/alekeskus.eu\\\/\",\"name\":\"Alekeskus\",\"description\":\"Alekeskus.eu\",\"potentialAction\":[{\"@type\":\"SearchAction\",\"target\":{\"@type\":\"EntryPoint\",\"urlTemplate\":\"https:\\\/\\\/alekeskus.eu\\\/?s={search_term_string}\"},\"query-input\":{\"@type\":\"PropertyValueSpecification\",\"valueRequired\":true,\"valueName\":\"search_term_string\"}}],\"inLanguage\":\"et\"}]}<\/script>\n<!-- \/ Yoast SEO plugin. -->","yoast_head_json":{"title":"Aiakuur Tulsa 8,1 m\u00b2 + halgude hoidla 2,8 m\u00b2 L\u00d5PUM\u00dc\u00dcGI ALE! - Alekeskus","description":"Avar freespalgist aiakuur halgude hoidlaga.","robots":{"index":"index","follow":"follow","max-snippet":"max-snippet:-1","max-image-preview":"max-image-preview:large","max-video-preview":"max-video-preview:-1"},"canonical":"https:\/\/alekeskus.eu\/et\/toode\/aiakuur-tulsa-81-alekeskus\/","og_locale":"et_EE","og_type":"article","og_title":"Aiakuur Tulsa 8,1 m\u00b2 + halgude hoidla 2,8 m\u00b2 L\u00d5PUM\u00dc\u00dcGI ALE! - Alekeskus","og_description":"Avar freespalgist aiakuur halgude hoidlaga.","og_url":"https:\/\/alekeskus.eu\/et\/toode\/aiakuur-tulsa-81-alekeskus\/","og_site_name":"Alekeskus","article_modified_time":"2026-04-01T04:54:40+00:00","og_image":[{"width":2500,"height":1667,"url":"https:\/\/alekeskus.eu\/wp-content\/uploads\/2025\/01\/Tulsa-puuvalmis-loodus-1.jpg","type":"image\/jpeg"}],"twitter_card":"summary_large_image","twitter_misc":{"Est. reading time":"1 minut"},"schema":{"@context":"https:\/\/schema.org","@graph":[{"@type":"WebPage","@id":"https:\/\/alekeskus.eu\/et\/toode\/aiakuur-tulsa-81-alekeskus\/","url":"https:\/\/alekeskus.eu\/et\/toode\/aiakuur-tulsa-81-alekeskus\/","name":"Aiakuur Tulsa 8,1 m\u00b2 + halgude hoidla 2,8 m\u00b2 L\u00d5PUM\u00dc\u00dcGI ALE! - Alekeskus","isPartOf":{"@id":"https:\/\/alekeskus.eu\/#website"},"primaryImageOfPage":{"@id":"https:\/\/alekeskus.eu\/et\/toode\/aiakuur-tulsa-81-alekeskus\/#primaryimage"},"image":{"@id":"https:\/\/alekeskus.eu\/et\/toode\/aiakuur-tulsa-81-alekeskus\/#primaryimage"},"thumbnailUrl":"https:\/\/alekeskus.eu\/wp-content\/uploads\/2025\/01\/Tulsa-puuvalmis-loodus-1.jpg","datePublished":"2026-02-23T07:54:11+00:00","dateModified":"2026-04-01T04:54:40+00:00","description":"Avar freespalgist aiakuur halgude hoidlaga.","breadcrumb":{"@id":"https:\/\/alekeskus.eu\/et\/toode\/aiakuur-tulsa-81-alekeskus\/#breadcrumb"},"inLanguage":"et","potentialAction":[{"@type":"ReadAction","target":["https:\/\/alekeskus.eu\/et\/toode\/aiakuur-tulsa-81-alekeskus\/"]}]},{"@type":"ImageObject","inLanguage":"et","@id":"https:\/\/alekeskus.eu\/et\/toode\/aiakuur-tulsa-81-alekeskus\/#primaryimage","url":"https:\/\/alekeskus.eu\/wp-content\/uploads\/2025\/01\/Tulsa-puuvalmis-loodus-1.jpg","contentUrl":"https:\/\/alekeskus.eu\/wp-content\/uploads\/2025\/01\/Tulsa-puuvalmis-loodus-1.jpg","width":2500,"height":1667},{"@type":"BreadcrumbList","@id":"https:\/\/alekeskus.eu\/et\/toode\/aiakuur-tulsa-81-alekeskus\/#breadcrumb","itemListElement":[{"@type":"ListItem","position":1,"name":"Avaleht","item":"https:\/\/alekeskus.eu\/et\/"},{"@type":"ListItem","position":2,"name":"Pood","item":"https:\/\/alekeskus.eu\/pood\/"},{"@type":"ListItem","position":3,"name":"Aiakuur Tulsa 8,1 m\u00b2 + halgude hoidla 2,8 m\u00b2 L\u00d5PUM\u00dc\u00dcGI ALE!"}]},{"@type":"WebSite","@id":"https:\/\/alekeskus.eu\/#website","url":"https:\/\/alekeskus.eu\/","name":"Alekeskus","description":"Alekeskus.eu","potentialAction":[{"@type":"SearchAction","target":{"@type":"EntryPoint","urlTemplate":"https:\/\/alekeskus.eu\/?s={search_term_string}"},"query-input":{"@type":"PropertyValueSpecification","valueRequired":true,"valueName":"search_term_string"}}],"inLanguage":"et"}]}},"brands":[{"id":18577,"name":"Eesti","slug":"eesti"}],"_links":{"self":[{"href":"https:\/\/alekeskus.eu\/et\/wp-json\/wp\/v2\/product\/77260","targetHints":{"allow":["GET"]}}],"collection":[{"href":"https:\/\/alekeskus.eu\/et\/wp-json\/wp\/v2\/product"}],"about":[{"href":"https:\/\/alekeskus.eu\/et\/wp-json\/wp\/v2\/types\/product"}],"wp:featuredmedia":[{"embeddable":true,"href":"https:\/\/alekeskus.eu\/et\/wp-json\/wp\/v2\/media\/100006"}],"wp:attachment":[{"href":"https:\/\/alekeskus.eu\/et\/wp-json\/wp\/v2\/media?parent=77260"}],"wp:term":[{"taxonomy":"pwb-brand","embeddable":true,"href":"https:\/\/alekeskus.eu\/et\/wp-json\/wp\/v2\/pwb-brand?post=77260"},{"taxonomy":"product_brand","embeddable":true,"href":"https:\/\/alekeskus.eu\/et\/wp-json\/wp\/v2\/product_brand?post=77260"},{"taxonomy":"product_cat","embeddable":true,"href":"https:\/\/alekeskus.eu\/et\/wp-json\/wp\/v2\/product_cat?post=77260"},{"taxonomy":"product_tag","embeddable":true,"href":"https:\/\/alekeskus.eu\/et\/wp-json\/wp\/v2\/product_tag?post=77260"}],"curies":[{"name":"wp","href":"https:\/\/api.w.org\/{rel}","templated":true}]}}