{"id":77289,"date":"2022-08-15T07:04:08","date_gmt":"2022-08-15T07:04:08","guid":{"rendered":"https:\/\/alekeskus.eu\/?post_type=product&#038;p=77289"},"modified":"2023-03-12T19:11:55","modified_gmt":"2023-03-12T19:11:55","slug":"aiamaja-kulalistemaja-bravo-236-m%c2%b2-terrass-9-m%c2%b2","status":"publish","type":"product","link":"https:\/\/alekeskus.eu\/et\/toode\/aiamaja-kulalistemaja-bravo-236-m%c2%b2-terrass-9-m%c2%b2\/","title":{"rendered":"Aiamaja-k\u00fclalistemaja Bravo 23,6 m\u00b2 + katusealune terrass 9 m\u00b2"},"content":{"rendered":"<p>Bravo\u00a0 t\u00e4nu oma suurusele ja avarusele on suurep\u00e4rane aiamaja nii suvilaks kui ka k\u00fclalistemajaks. Antud mudel sobib h\u00e4sti pere ja s\u00f5pradega nii p\u00e4iksepaisteliste suvep\u00e4evade kui jahedate suve\u00f5htute veetmiseks. Majakomplekt sisaldab k\u00f5iki paigaldamiseks vajaminevaid detaile: immutatud alusraam, sein, p\u00f5randalauad, terrass ja p\u00f5randaliistud, katusetalad, katuselauad ja katuseliistud ning avat\u00e4ited. Lisaks on pakis ka kinnitusvahendid (kruvid, naelad jms). Kaasas \u00fcks siseuks ja kaks akent, mida on v\u00f5imalik maja \u00fclespaneku ajal endale meelep\u00e4rasesse seina paigutada. Majakomplekti ei kuulu katusekate.<\/p>\n","protected":false},"excerpt":{"rendered":"<p>V\u00e4lism\u00f5\u00f5dud: <strong>700<\/strong><b> x 350 cm + katusealune terrass 9 <\/b><strong>m<sup>2<\/sup><\/strong><b>. <\/b>Seina k\u00f5rgused<strong> 279 ja 239 cm.\u00a0<\/strong><\/p>\n<ul>\n<li><strong>kruvitav tappideta nurgalahendus<\/strong>, freespalk <strong>44 mm<\/strong><\/li>\n<li>punnitud p\u00f5randa- ja katuselauad 18 x 90 mm; s\u00fcvaimmutatud alusraam 45 x 45 mm<\/li>\n<li>terrass 9 m<sup>2 <\/sup>, immutatud alusprussid 45 x 45 mm ja terrassilauad 19 x 90 mm<\/li>\n<li>liimpuitpost 120 x 120 mm, muudetava k\u00f5rgusega terasest postijalg<\/li>\n<li>uks pakettklaasiga 266 x 196 cm ja siseuks 84 x 186 cm; aknad pakettklaasiga sisse avanevad 2tk x 56 x 178 cm. Siseukse ja akende asukohta saab p\u00fcstitamise ajal ise valida.<\/li>\n<li>r\u00e4\u00e4stas 25 cm, katuse kalle 1\u00b0, katuse pindala 43 m<sup>2<\/sup><\/li>\n<li>\n<div class=\"spec-name\">kinnitusvahendid, koostejuhend<\/div>\n<\/li>\n<li>katusepapp v\u00f5i SBS rullkate lisahinnaga<\/li>\n<li>tehase garantii 5 aastat<\/li>\n<li>ilmastikukindel pakend<\/li>\n<li>Eesti toode<\/li>\n<li>tellitav peegelpildis ja ilma terrassilaudadeta<\/li>\n<\/ul>\n<p>Vedu mandril tellijapoolse mahalaadimisega 180\u20ac v\u00f5i mahat\u00f5stega 350\u20ac(suursaartele vastavalt 280\u20ac ja 590\u20ac).<\/p>\n<p>K\u00fcsi ka paigaldust!<\/p>\n","protected":false},"featured_media":77291,"template":"","meta":{"_monsterinsights_skip_tracking":false,"_monsterinsights_sitenote_active":false,"_monsterinsights_sitenote_note":"","_monsterinsights_sitenote_category":0},"pwb-brand":[],"product_brand":[],"product_cat":[17182,13592,13540,13608],"product_tag":[15357,15516,13864,13913,14224,14277,14278,14310,13813,15264,13832,15278],"class_list":{"0":"post-77289","1":"product","2":"type-product","3":"status-publish","4":"has-post-thumbnail","6":"product_cat-suvekoogid-alekeskus","7":"product_cat-aia-ja-grillmajad","8":"product_cat-hooned-alekeskus","9":"product_cat-kontorid","10":"product_tag-grillmaja","11":"product_tag-suvekook","12":"product_tag-huvimaja","13":"product_tag-vierasmaja","14":"product_tag-varjualune","15":"product_tag-freespalk","16":"product_tag-kulalistemaja","17":"product_tag-kodukontor","18":"product_tag-aiamaja","19":"product_tag-grillikatos","20":"product_tag-kesakeittio","21":"product_tag-valikook","22":"product_shipping_class-alates-1000kg","23":"pa_garantii-5-aastat","24":"pa_kohaletoimetamine-alates-180e","25":"pa_laoasukoht-tartumaa","26":"pa_pindalam-23-6","27":"pa_seinapaksus-17405","28":"pa_tellimisaeg-1-8-nadalat","29":"pa_varv-viimistlemata","30":"pa_veame-eesti-ja-soome","32":"first","33":"instock","34":"taxable","35":"shipping-taxable","36":"purchasable","37":"product-type-simple"},"yoast_head":"<!-- This site is optimized with the Yoast SEO plugin v27.3 - https:\/\/yoast.com\/product\/yoast-seo-wordpress\/ -->\n<title>Aiamaja-k\u00fclalistemaja Bravo 23,6 m\u00b2 + katusealune terrass 9 m\u00b2 - Alekeskus<\/title>\n<meta name=\"description\" content=\"Kaasaegse v\u00e4limusega kodukontor eraldi kuuriosaga ja l\u00fckandustega\" \/>\n<meta name=\"robots\" content=\"index, follow, max-snippet:-1, max-image-preview:large, max-video-preview:-1\" \/>\n<link rel=\"canonical\" href=\"https:\/\/alekeskus.eu\/toode\/aiamaja-kulalistemaja-bravo-236-m\u00b2-terrass-9-m\u00b2\/\" \/>\n<meta property=\"og:locale\" content=\"et_EE\" \/>\n<meta property=\"og:type\" content=\"article\" \/>\n<meta property=\"og:title\" content=\"Mullivannimaja\" \/>\n<meta property=\"og:description\" content=\"Oma mullivannimajake koduaeda\" \/>\n<meta property=\"og:url\" content=\"https:\/\/alekeskus.eu\/toode\/aiamaja-kulalistemaja-bravo-236-m\u00b2-terrass-9-m\u00b2\/\" \/>\n<meta property=\"og:site_name\" content=\"Alekeskus\" \/>\n<meta property=\"article:modified_time\" content=\"2023-03-12T19:11:55+00:00\" \/>\n<meta name=\"twitter:card\" content=\"summary_large_image\" \/>\n<meta name=\"twitter:image\" content=\"https:\/\/alekeskus.eu\/wp-content\/uploads\/2022\/08\/Brava2-loodus-terrassiga.jpg\" \/>\n<meta name=\"twitter:label1\" content=\"Est. reading time\" \/>\n\t<meta name=\"twitter:data1\" content=\"1 minut\" \/>\n<script type=\"application\/ld+json\" class=\"yoast-schema-graph\">{\"@context\":\"https:\\\/\\\/schema.org\",\"@graph\":[{\"@type\":\"WebPage\",\"@id\":\"https:\\\/\\\/alekeskus.eu\\\/toode\\\/aiamaja-kulalistemaja-bravo-236-m%c2%b2-terrass-9-m%c2%b2\\\/\",\"url\":\"https:\\\/\\\/alekeskus.eu\\\/toode\\\/aiamaja-kulalistemaja-bravo-236-m%c2%b2-terrass-9-m%c2%b2\\\/\",\"name\":\"Aiamaja-k\u00fclalistemaja Bravo 23,6 m\u00b2 + katusealune terrass 9 m\u00b2 - Alekeskus\",\"isPartOf\":{\"@id\":\"https:\\\/\\\/alekeskus.eu\\\/#website\"},\"primaryImageOfPage\":{\"@id\":\"https:\\\/\\\/alekeskus.eu\\\/toode\\\/aiamaja-kulalistemaja-bravo-236-m%c2%b2-terrass-9-m%c2%b2\\\/#primaryimage\"},\"image\":{\"@id\":\"https:\\\/\\\/alekeskus.eu\\\/toode\\\/aiamaja-kulalistemaja-bravo-236-m%c2%b2-terrass-9-m%c2%b2\\\/#primaryimage\"},\"thumbnailUrl\":\"https:\\\/\\\/alekeskus.eu\\\/wp-content\\\/uploads\\\/2022\\\/08\\\/Brava2-loodus-terrassiga.jpg\",\"datePublished\":\"2022-08-15T07:04:08+00:00\",\"dateModified\":\"2023-03-12T19:11:55+00:00\",\"description\":\"Kaasaegse v\u00e4limusega kodukontor eraldi kuuriosaga ja l\u00fckandustega\",\"breadcrumb\":{\"@id\":\"https:\\\/\\\/alekeskus.eu\\\/toode\\\/aiamaja-kulalistemaja-bravo-236-m%c2%b2-terrass-9-m%c2%b2\\\/#breadcrumb\"},\"inLanguage\":\"et\",\"potentialAction\":[{\"@type\":\"ReadAction\",\"target\":[\"https:\\\/\\\/alekeskus.eu\\\/toode\\\/aiamaja-kulalistemaja-bravo-236-m%c2%b2-terrass-9-m%c2%b2\\\/\"]}]},{\"@type\":\"ImageObject\",\"inLanguage\":\"et\",\"@id\":\"https:\\\/\\\/alekeskus.eu\\\/toode\\\/aiamaja-kulalistemaja-bravo-236-m%c2%b2-terrass-9-m%c2%b2\\\/#primaryimage\",\"url\":\"https:\\\/\\\/alekeskus.eu\\\/wp-content\\\/uploads\\\/2022\\\/08\\\/Brava2-loodus-terrassiga.jpg\",\"contentUrl\":\"https:\\\/\\\/alekeskus.eu\\\/wp-content\\\/uploads\\\/2022\\\/08\\\/Brava2-loodus-terrassiga.jpg\",\"width\":1600,\"height\":1067},{\"@type\":\"BreadcrumbList\",\"@id\":\"https:\\\/\\\/alekeskus.eu\\\/toode\\\/aiamaja-kulalistemaja-bravo-236-m%c2%b2-terrass-9-m%c2%b2\\\/#breadcrumb\",\"itemListElement\":[{\"@type\":\"ListItem\",\"position\":1,\"name\":\"Avaleht\",\"item\":\"https:\\\/\\\/alekeskus.eu\\\/et\\\/\"},{\"@type\":\"ListItem\",\"position\":2,\"name\":\"Pood\",\"item\":\"https:\\\/\\\/alekeskus.eu\\\/pood\\\/\"},{\"@type\":\"ListItem\",\"position\":3,\"name\":\"Aiamaja-k\u00fclalistemaja Bravo 23,6 m\u00b2 + katusealune terrass 9 m\u00b2\"}]},{\"@type\":\"WebSite\",\"@id\":\"https:\\\/\\\/alekeskus.eu\\\/#website\",\"url\":\"https:\\\/\\\/alekeskus.eu\\\/\",\"name\":\"Alekeskus\",\"description\":\"Alekeskus.eu\",\"potentialAction\":[{\"@type\":\"SearchAction\",\"target\":{\"@type\":\"EntryPoint\",\"urlTemplate\":\"https:\\\/\\\/alekeskus.eu\\\/?s={search_term_string}\"},\"query-input\":{\"@type\":\"PropertyValueSpecification\",\"valueRequired\":true,\"valueName\":\"search_term_string\"}}],\"inLanguage\":\"et\"}]}<\/script>\n<!-- \/ Yoast SEO plugin. -->","yoast_head_json":{"title":"Aiamaja-k\u00fclalistemaja Bravo 23,6 m\u00b2 + katusealune terrass 9 m\u00b2 - Alekeskus","description":"Kaasaegse v\u00e4limusega kodukontor eraldi kuuriosaga ja l\u00fckandustega","robots":{"index":"index","follow":"follow","max-snippet":"max-snippet:-1","max-image-preview":"max-image-preview:large","max-video-preview":"max-video-preview:-1"},"canonical":"https:\/\/alekeskus.eu\/toode\/aiamaja-kulalistemaja-bravo-236-m\u00b2-terrass-9-m\u00b2\/","og_locale":"et_EE","og_type":"article","og_title":"Mullivannimaja","og_description":"Oma mullivannimajake koduaeda","og_url":"https:\/\/alekeskus.eu\/toode\/aiamaja-kulalistemaja-bravo-236-m\u00b2-terrass-9-m\u00b2\/","og_site_name":"Alekeskus","article_modified_time":"2023-03-12T19:11:55+00:00","twitter_card":"summary_large_image","twitter_image":"https:\/\/alekeskus.eu\/wp-content\/uploads\/2022\/08\/Brava2-loodus-terrassiga.jpg","twitter_misc":{"Est. reading time":"1 minut"},"schema":{"@context":"https:\/\/schema.org","@graph":[{"@type":"WebPage","@id":"https:\/\/alekeskus.eu\/toode\/aiamaja-kulalistemaja-bravo-236-m%c2%b2-terrass-9-m%c2%b2\/","url":"https:\/\/alekeskus.eu\/toode\/aiamaja-kulalistemaja-bravo-236-m%c2%b2-terrass-9-m%c2%b2\/","name":"Aiamaja-k\u00fclalistemaja Bravo 23,6 m\u00b2 + katusealune terrass 9 m\u00b2 - Alekeskus","isPartOf":{"@id":"https:\/\/alekeskus.eu\/#website"},"primaryImageOfPage":{"@id":"https:\/\/alekeskus.eu\/toode\/aiamaja-kulalistemaja-bravo-236-m%c2%b2-terrass-9-m%c2%b2\/#primaryimage"},"image":{"@id":"https:\/\/alekeskus.eu\/toode\/aiamaja-kulalistemaja-bravo-236-m%c2%b2-terrass-9-m%c2%b2\/#primaryimage"},"thumbnailUrl":"https:\/\/alekeskus.eu\/wp-content\/uploads\/2022\/08\/Brava2-loodus-terrassiga.jpg","datePublished":"2022-08-15T07:04:08+00:00","dateModified":"2023-03-12T19:11:55+00:00","description":"Kaasaegse v\u00e4limusega kodukontor eraldi kuuriosaga ja l\u00fckandustega","breadcrumb":{"@id":"https:\/\/alekeskus.eu\/toode\/aiamaja-kulalistemaja-bravo-236-m%c2%b2-terrass-9-m%c2%b2\/#breadcrumb"},"inLanguage":"et","potentialAction":[{"@type":"ReadAction","target":["https:\/\/alekeskus.eu\/toode\/aiamaja-kulalistemaja-bravo-236-m%c2%b2-terrass-9-m%c2%b2\/"]}]},{"@type":"ImageObject","inLanguage":"et","@id":"https:\/\/alekeskus.eu\/toode\/aiamaja-kulalistemaja-bravo-236-m%c2%b2-terrass-9-m%c2%b2\/#primaryimage","url":"https:\/\/alekeskus.eu\/wp-content\/uploads\/2022\/08\/Brava2-loodus-terrassiga.jpg","contentUrl":"https:\/\/alekeskus.eu\/wp-content\/uploads\/2022\/08\/Brava2-loodus-terrassiga.jpg","width":1600,"height":1067},{"@type":"BreadcrumbList","@id":"https:\/\/alekeskus.eu\/toode\/aiamaja-kulalistemaja-bravo-236-m%c2%b2-terrass-9-m%c2%b2\/#breadcrumb","itemListElement":[{"@type":"ListItem","position":1,"name":"Avaleht","item":"https:\/\/alekeskus.eu\/et\/"},{"@type":"ListItem","position":2,"name":"Pood","item":"https:\/\/alekeskus.eu\/pood\/"},{"@type":"ListItem","position":3,"name":"Aiamaja-k\u00fclalistemaja Bravo 23,6 m\u00b2 + katusealune terrass 9 m\u00b2"}]},{"@type":"WebSite","@id":"https:\/\/alekeskus.eu\/#website","url":"https:\/\/alekeskus.eu\/","name":"Alekeskus","description":"Alekeskus.eu","potentialAction":[{"@type":"SearchAction","target":{"@type":"EntryPoint","urlTemplate":"https:\/\/alekeskus.eu\/?s={search_term_string}"},"query-input":{"@type":"PropertyValueSpecification","valueRequired":true,"valueName":"search_term_string"}}],"inLanguage":"et"}]}},"brands":[],"_links":{"self":[{"href":"https:\/\/alekeskus.eu\/et\/wp-json\/wp\/v2\/product\/77289","targetHints":{"allow":["GET"]}}],"collection":[{"href":"https:\/\/alekeskus.eu\/et\/wp-json\/wp\/v2\/product"}],"about":[{"href":"https:\/\/alekeskus.eu\/et\/wp-json\/wp\/v2\/types\/product"}],"wp:featuredmedia":[{"embeddable":true,"href":"https:\/\/alekeskus.eu\/et\/wp-json\/wp\/v2\/media\/77291"}],"wp:attachment":[{"href":"https:\/\/alekeskus.eu\/et\/wp-json\/wp\/v2\/media?parent=77289"}],"wp:term":[{"taxonomy":"pwb-brand","embeddable":true,"href":"https:\/\/alekeskus.eu\/et\/wp-json\/wp\/v2\/pwb-brand?post=77289"},{"taxonomy":"product_brand","embeddable":true,"href":"https:\/\/alekeskus.eu\/et\/wp-json\/wp\/v2\/product_brand?post=77289"},{"taxonomy":"product_cat","embeddable":true,"href":"https:\/\/alekeskus.eu\/et\/wp-json\/wp\/v2\/product_cat?post=77289"},{"taxonomy":"product_tag","embeddable":true,"href":"https:\/\/alekeskus.eu\/et\/wp-json\/wp\/v2\/product_tag?post=77289"}],"curies":[{"name":"wp","href":"https:\/\/api.w.org\/{rel}","templated":true}]}}