{"id":77362,"date":"2024-07-10T09:31:07","date_gmt":"2022-08-18T09:31:09","guid":{"rendered":"https:\/\/alekeskus.eu\/?post_type=product&#038;p=77362"},"modified":"2024-08-08T07:10:11","modified_gmt":"2024-08-08T07:10:11","slug":"pihavaja-moravaa-5m%c2%b2","status":"publish","type":"product","link":"https:\/\/alekeskus.eu\/et\/toode\/pihavaja-moravaa-5m%c2%b2\/","title":{"rendered":"Pihavaja MoravaA 5,0 m\u00b2 LOPPUUNMYYTY!"},"content":{"rendered":"","protected":false},"excerpt":{"rendered":"<p>Ulkosein\u00e4mitat: <strong>23<\/strong><b>0 x 230 cm.\u00a0<\/b><\/p>\n<div id=\"short_description_block\">\n<div id=\"short_description_content\" class=\"rte align_justify\">\n<ul>\n<li><strong>28 mm<\/strong> h\u00f6yl\u00e4hirsirakenne tuulitapilla<\/li>\n<li>harjakorkeus<strong> 222 cm, <\/strong>r\u00e4yst\u00e4skorkeus<strong> 182 cm\u00a0<\/strong><\/li>\n<li>pontatut kattolaudat 15 x 90 mm<\/li>\n<li>\n<div class=\"product-spec\">\n<div class=\"spec-name\">r\u00e4yst\u00e4s 16 cm, katon pinta-ala 7 <span class=\"super-position\">m<sup>2 <\/sup>, kaltevuus 19<\/span>\u00b0<\/div>\n<\/div>\n<\/li>\n<li>lattialaudat ka kattokate eiv\u00e4t sis\u00e4lly toimitukseen<\/li>\n<li>sylinterilukollinen lasitettu pariovi 149 x 185 cm<\/li>\n<li>2 vuoden tehtaan takuu<\/li>\n<li>kiinnikkeet ja kasausohje<\/li>\n<li>tilauksesta tehdasmaalattuna +800\u20ac(4 vakiov\u00e4ri\u00e4)<\/li>\n<li>palahuopa lis\u00e4hintaan (tarvittava m\u00e4\u00e4r\u00e4 3 pkt)<\/li>\n<li>sateentiivis rahtipakkaus<\/li>\n<li>tehty Eestiss\u00e4<\/li>\n<\/ul>\n<p>Rahti alkaen 199\u20ac (Uusimaa).<\/p>\n<\/div>\n<\/div>\n","protected":false},"featured_media":77374,"template":"","meta":{"_monsterinsights_skip_tracking":false,"_monsterinsights_sitenote_active":false,"_monsterinsights_sitenote_note":"","_monsterinsights_sitenote_category":0},"pwb-brand":[],"product_brand":[],"product_cat":[13593,13539,13541,13601,13595],"product_tag":[16363,17432,17173,17175,17176,17226,17370],"class_list":{"0":"post-77362","1":"product","2":"type-product","3":"status-publish","4":"has-post-thumbnail","6":"product_cat-vierasmajat-alekeskus","7":"product_cat-ale","8":"product_cat-rakennukset","9":"product_cat-vajat-aitat-kioskit","10":"product_cat-leikkimokit","11":"product_tag-pihamaja-fi","12":"product_tag-leikkimokki-fi-2","13":"product_tag-pihamaja-fi-2","14":"product_tag-pihavaja-fi","15":"product_tag-hoylahirsi-fi-2","16":"product_tag-kesamokki-fi-2","17":"product_tag-pihavaja-fi-3","18":"product_shipping_class-paino-0-1000kg","19":"pa_garantii-2-vuotta-fi","20":"pa_kohaletoimetamine-alkaen-199e","21":"pa_laoasukoht-tartumaa-fi","22":"pa_pindalam-50-fi","23":"pa_seinapaksus-28-mm-fi","24":"pa_varv-puuvalmis-fi","25":"pa_varv-vaaleanharmaa","26":"pa_varv-punainen","27":"pa_varv-vihrea","28":"pa_varv-tummanharmaa","29":"pa_veame-eesti-ja-suomi","31":"first","32":"outofstock","33":"sale","34":"featured","35":"taxable","36":"shipping-taxable","37":"purchasable","38":"product-type-variable","39":"has-default-attributes"},"yoast_head":"<!-- This site is optimized with the Yoast SEO plugin v27.3 - https:\/\/yoast.com\/product\/yoast-seo-wordpress\/ -->\n<title>Pihavaja MoravaA 5,0 m\u00b2 LOPPUUNMYYTY! - Alekeskus<\/title>\n<meta name=\"description\" content=\"Avara pihamaja ilman lattiaa\" \/>\n<meta name=\"robots\" content=\"index, follow, max-snippet:-1, max-image-preview:large, max-video-preview:-1\" \/>\n<link rel=\"canonical\" href=\"https:\/\/alekeskus.eu\/fi\/tuote\/pihavaja-moravaa-5m\u00b2\/\" \/>\n<meta property=\"og:locale\" content=\"et_EE\" \/>\n<meta property=\"og:type\" content=\"article\" \/>\n<meta property=\"og:title\" content=\"Pihavaja MoravaA 5,0 m\u00b2 LOPPUUNMYYTY! - Alekeskus\" \/>\n<meta property=\"og:description\" content=\"Avara pihamaja ilman lattiaa\" \/>\n<meta property=\"og:url\" content=\"https:\/\/alekeskus.eu\/fi\/tuote\/pihavaja-moravaa-5m\u00b2\/\" \/>\n<meta property=\"og:site_name\" content=\"Alekeskus\" \/>\n<meta property=\"article:modified_time\" content=\"2024-08-08T07:10:11+00:00\" \/>\n<meta property=\"og:image\" content=\"https:\/\/alekeskus.eu\/wp-content\/uploads\/2022\/08\/MoravaA-loodus-1024x1024.jpg\" \/>\n\t<meta property=\"og:image:width\" content=\"1024\" \/>\n\t<meta property=\"og:image:height\" content=\"1024\" \/>\n\t<meta property=\"og:image:type\" content=\"image\/jpeg\" \/>\n<meta name=\"twitter:card\" content=\"summary_large_image\" \/>\n<script type=\"application\/ld+json\" class=\"yoast-schema-graph\">{\"@context\":\"https:\\\/\\\/schema.org\",\"@graph\":[{\"@type\":\"WebPage\",\"@id\":\"https:\\\/\\\/alekeskus.eu\\\/fi\\\/tuote\\\/pihavaja-moravaa-5m%c2%b2\\\/\",\"url\":\"https:\\\/\\\/alekeskus.eu\\\/fi\\\/tuote\\\/pihavaja-moravaa-5m%c2%b2\\\/\",\"name\":\"Pihavaja MoravaA 5,0 m\u00b2 LOPPUUNMYYTY! - Alekeskus\",\"isPartOf\":{\"@id\":\"https:\\\/\\\/alekeskus.eu\\\/#website\"},\"primaryImageOfPage\":{\"@id\":\"https:\\\/\\\/alekeskus.eu\\\/fi\\\/tuote\\\/pihavaja-moravaa-5m%c2%b2\\\/#primaryimage\"},\"image\":{\"@id\":\"https:\\\/\\\/alekeskus.eu\\\/fi\\\/tuote\\\/pihavaja-moravaa-5m%c2%b2\\\/#primaryimage\"},\"thumbnailUrl\":\"https:\\\/\\\/alekeskus.eu\\\/wp-content\\\/uploads\\\/2022\\\/08\\\/MoravaA-loodus.jpg\",\"datePublished\":\"2022-08-18T09:31:09+00:00\",\"dateModified\":\"2024-08-08T07:10:11+00:00\",\"description\":\"Avara pihamaja ilman lattiaa\",\"breadcrumb\":{\"@id\":\"https:\\\/\\\/alekeskus.eu\\\/fi\\\/tuote\\\/pihavaja-moravaa-5m%c2%b2\\\/#breadcrumb\"},\"inLanguage\":\"et\",\"potentialAction\":[{\"@type\":\"ReadAction\",\"target\":[\"https:\\\/\\\/alekeskus.eu\\\/fi\\\/tuote\\\/pihavaja-moravaa-5m%c2%b2\\\/\"]}]},{\"@type\":\"ImageObject\",\"inLanguage\":\"et\",\"@id\":\"https:\\\/\\\/alekeskus.eu\\\/fi\\\/tuote\\\/pihavaja-moravaa-5m%c2%b2\\\/#primaryimage\",\"url\":\"https:\\\/\\\/alekeskus.eu\\\/wp-content\\\/uploads\\\/2022\\\/08\\\/MoravaA-loodus.jpg\",\"contentUrl\":\"https:\\\/\\\/alekeskus.eu\\\/wp-content\\\/uploads\\\/2022\\\/08\\\/MoravaA-loodus.jpg\",\"width\":2500,\"height\":1667},{\"@type\":\"BreadcrumbList\",\"@id\":\"https:\\\/\\\/alekeskus.eu\\\/fi\\\/tuote\\\/pihavaja-moravaa-5m%c2%b2\\\/#breadcrumb\",\"itemListElement\":[{\"@type\":\"ListItem\",\"position\":1,\"name\":\"Avaleht\",\"item\":\"https:\\\/\\\/alekeskus.eu\\\/et\\\/\"},{\"@type\":\"ListItem\",\"position\":2,\"name\":\"Pood\",\"item\":\"https:\\\/\\\/alekeskus.eu\\\/pood\\\/\"},{\"@type\":\"ListItem\",\"position\":3,\"name\":\"Pihavaja MoravaA 5,0 m\u00b2 LOPPUUNMYYTY!\"}]},{\"@type\":\"WebSite\",\"@id\":\"https:\\\/\\\/alekeskus.eu\\\/#website\",\"url\":\"https:\\\/\\\/alekeskus.eu\\\/\",\"name\":\"Alekeskus\",\"description\":\"Alekeskus.eu\",\"potentialAction\":[{\"@type\":\"SearchAction\",\"target\":{\"@type\":\"EntryPoint\",\"urlTemplate\":\"https:\\\/\\\/alekeskus.eu\\\/?s={search_term_string}\"},\"query-input\":{\"@type\":\"PropertyValueSpecification\",\"valueRequired\":true,\"valueName\":\"search_term_string\"}}],\"inLanguage\":\"et\"}]}<\/script>\n<!-- \/ Yoast SEO plugin. -->","yoast_head_json":{"title":"Pihavaja MoravaA 5,0 m\u00b2 LOPPUUNMYYTY! - Alekeskus","description":"Avara pihamaja ilman lattiaa","robots":{"index":"index","follow":"follow","max-snippet":"max-snippet:-1","max-image-preview":"max-image-preview:large","max-video-preview":"max-video-preview:-1"},"canonical":"https:\/\/alekeskus.eu\/fi\/tuote\/pihavaja-moravaa-5m\u00b2\/","og_locale":"et_EE","og_type":"article","og_title":"Pihavaja MoravaA 5,0 m\u00b2 LOPPUUNMYYTY! - Alekeskus","og_description":"Avara pihamaja ilman lattiaa","og_url":"https:\/\/alekeskus.eu\/fi\/tuote\/pihavaja-moravaa-5m\u00b2\/","og_site_name":"Alekeskus","article_modified_time":"2024-08-08T07:10:11+00:00","og_image":[{"width":1024,"height":1024,"url":"https:\/\/alekeskus.eu\/wp-content\/uploads\/2022\/08\/MoravaA-loodus-1024x1024.jpg","type":"image\/jpeg"}],"twitter_card":"summary_large_image","schema":{"@context":"https:\/\/schema.org","@graph":[{"@type":"WebPage","@id":"https:\/\/alekeskus.eu\/fi\/tuote\/pihavaja-moravaa-5m%c2%b2\/","url":"https:\/\/alekeskus.eu\/fi\/tuote\/pihavaja-moravaa-5m%c2%b2\/","name":"Pihavaja MoravaA 5,0 m\u00b2 LOPPUUNMYYTY! - Alekeskus","isPartOf":{"@id":"https:\/\/alekeskus.eu\/#website"},"primaryImageOfPage":{"@id":"https:\/\/alekeskus.eu\/fi\/tuote\/pihavaja-moravaa-5m%c2%b2\/#primaryimage"},"image":{"@id":"https:\/\/alekeskus.eu\/fi\/tuote\/pihavaja-moravaa-5m%c2%b2\/#primaryimage"},"thumbnailUrl":"https:\/\/alekeskus.eu\/wp-content\/uploads\/2022\/08\/MoravaA-loodus.jpg","datePublished":"2022-08-18T09:31:09+00:00","dateModified":"2024-08-08T07:10:11+00:00","description":"Avara pihamaja ilman lattiaa","breadcrumb":{"@id":"https:\/\/alekeskus.eu\/fi\/tuote\/pihavaja-moravaa-5m%c2%b2\/#breadcrumb"},"inLanguage":"et","potentialAction":[{"@type":"ReadAction","target":["https:\/\/alekeskus.eu\/fi\/tuote\/pihavaja-moravaa-5m%c2%b2\/"]}]},{"@type":"ImageObject","inLanguage":"et","@id":"https:\/\/alekeskus.eu\/fi\/tuote\/pihavaja-moravaa-5m%c2%b2\/#primaryimage","url":"https:\/\/alekeskus.eu\/wp-content\/uploads\/2022\/08\/MoravaA-loodus.jpg","contentUrl":"https:\/\/alekeskus.eu\/wp-content\/uploads\/2022\/08\/MoravaA-loodus.jpg","width":2500,"height":1667},{"@type":"BreadcrumbList","@id":"https:\/\/alekeskus.eu\/fi\/tuote\/pihavaja-moravaa-5m%c2%b2\/#breadcrumb","itemListElement":[{"@type":"ListItem","position":1,"name":"Avaleht","item":"https:\/\/alekeskus.eu\/et\/"},{"@type":"ListItem","position":2,"name":"Pood","item":"https:\/\/alekeskus.eu\/pood\/"},{"@type":"ListItem","position":3,"name":"Pihavaja MoravaA 5,0 m\u00b2 LOPPUUNMYYTY!"}]},{"@type":"WebSite","@id":"https:\/\/alekeskus.eu\/#website","url":"https:\/\/alekeskus.eu\/","name":"Alekeskus","description":"Alekeskus.eu","potentialAction":[{"@type":"SearchAction","target":{"@type":"EntryPoint","urlTemplate":"https:\/\/alekeskus.eu\/?s={search_term_string}"},"query-input":{"@type":"PropertyValueSpecification","valueRequired":true,"valueName":"search_term_string"}}],"inLanguage":"et"}]}},"brands":[],"_links":{"self":[{"href":"https:\/\/alekeskus.eu\/et\/wp-json\/wp\/v2\/product\/77362","targetHints":{"allow":["GET"]}}],"collection":[{"href":"https:\/\/alekeskus.eu\/et\/wp-json\/wp\/v2\/product"}],"about":[{"href":"https:\/\/alekeskus.eu\/et\/wp-json\/wp\/v2\/types\/product"}],"wp:featuredmedia":[{"embeddable":true,"href":"https:\/\/alekeskus.eu\/et\/wp-json\/wp\/v2\/media\/77374"}],"wp:attachment":[{"href":"https:\/\/alekeskus.eu\/et\/wp-json\/wp\/v2\/media?parent=77362"}],"wp:term":[{"taxonomy":"pwb-brand","embeddable":true,"href":"https:\/\/alekeskus.eu\/et\/wp-json\/wp\/v2\/pwb-brand?post=77362"},{"taxonomy":"product_brand","embeddable":true,"href":"https:\/\/alekeskus.eu\/et\/wp-json\/wp\/v2\/product_brand?post=77362"},{"taxonomy":"product_cat","embeddable":true,"href":"https:\/\/alekeskus.eu\/et\/wp-json\/wp\/v2\/product_cat?post=77362"},{"taxonomy":"product_tag","embeddable":true,"href":"https:\/\/alekeskus.eu\/et\/wp-json\/wp\/v2\/product_tag?post=77362"}],"curies":[{"name":"wp","href":"https:\/\/api.w.org\/{rel}","templated":true}]}}