{"id":77428,"date":"2026-04-06T13:34:43","date_gmt":"2026-04-06T13:34:43","guid":{"rendered":"https:\/\/alekeskus.eu\/?post_type=product&#038;p=77428"},"modified":"2026-04-08T10:08:03","modified_gmt":"2026-04-08T10:08:03","slug":"aiamaja-gotland6f-182m-alekeskus","status":"publish","type":"product","link":"https:\/\/alekeskus.eu\/et\/toode\/aiamaja-gotland6f-182m-alekeskus\/","title":{"rendered":"Aiamaja Gotland6F 18,2 m\u00b2+katusealune 6,4 m\u00b2, 40 mm freespalk"},"content":{"rendered":"<p>V\u00c4RVIMISE TEENUSE KIRJELDUS:<\/p>\n<p>Sein v\u00e4rvitakse 3-st k\u00fcljest, ka punnsooned. 4 standardv\u00e4rvi: rootsi punane, s\u00fcsihall, helehall, roheline. Sisepind j\u00e4\u00e4b naturaalseks. Maja nurgad on v\u00e4rvitud igast k\u00fcljest. V\u00e4rvitakse 2 kihti. \u27a2 P\u00f5randa- ja laelauad ning p\u00e4rlinid j\u00e4\u00e4vad v\u00e4rvimata. \u27a2 Aknad ja uksed v\u00e4rvitakse valgeks igast k\u00fcljest. \u27a2 K\u00f5ik v\u00e4lised liistud (viilulauad ja liistud) v\u00e4rvitakse valgeks. \u27a2 Kvaliteetne v\u00e4rv tuntud Saksa tootjalt OSMO<\/p>\n<p>Tellimisaeg pikem v\u00e4rvimata tootest.<\/p>\n<p>Paigaldusjuhend: <a href=\"https:\/\/alekeskus.eu\/wp-content\/uploads\/2023\/03\/Gotland-6F-KJ.pdf\">Gotland 6F KJ<\/a><\/p>\n","protected":false},"excerpt":{"rendered":"<p>V\u00e4lism\u00f5\u00f5dud: <strong>485<\/strong><b> x 390 cm + katusealune 534 x 120 cm. <\/b>Seina k\u00f5rgus<strong>\u00a0205 cm, <\/strong>harja k\u00f5rgus<strong> 279 cm.<\/strong><\/p>\n<ul>\n<li>tuuletapiga freespalk <strong>40 mm\u00a0<\/strong><\/li>\n<li>punnitud katuselauad 18 x 90 mm<\/li>\n<li>s\u00fcvaimmutatud alusraam 45 x 70 mm ja punnitud p\u00f5randalauad 18 x 90 mm<\/li>\n<li>kald-p\u00f6\u00f6rd sisseavanev aken 129 x 88 cm<\/li>\n<li>klaasiga paarisuks silinderlukuga 159 x 196 cm<\/li>\n<li><strong>r\u00e4\u00e4stas eest 120 cm<\/strong>, katuse kalle 17\u00b0, katuse pindala 30 m<sup>2<\/sup><\/li>\n<li>\n<div class=\"spec-name\">kinnitusvahendid, koostejuhend<\/div>\n<\/li>\n<li>katusekate ei sisaldu hinnas (tarve sindelkatus 11 pakki, rullkatus 4 rulli)<\/li>\n<li>tehase garantii 2 aastat<\/li>\n<li>ilmastikukindel pakend<\/li>\n<li>Eesti toode<\/li>\n<li>paigaldatav ka peegelpildis<\/li>\n<\/ul>\n<p>Vedu mandril tellijapoolse mahalaadimisega 180\u20ac v\u00f5i kraana-autoga 350\u20ac(suursaartele vastavalt 280\u20ac ja 590\u20ac).<\/p>\n<p>K\u00fcsi ka paigaldust!<\/p>\n","protected":false},"featured_media":86808,"template":"","meta":{"_monsterinsights_skip_tracking":false,"_monsterinsights_sitenote_active":false,"_monsterinsights_sitenote_note":"","_monsterinsights_sitenote_category":0},"pwb-brand":[18577],"product_brand":[],"product_cat":[18677,17182,13538,13592,13540,13596],"product_tag":[17733,13913,13999,17866,14311,18537,15410,18565,16124,19187,19239,13813,19240,13832],"class_list":{"0":"post-77428","1":"product","2":"type-product","3":"status-publish","4":"has-post-thumbnail","6":"pwb-brand-eesti","7":"product_cat-lopumuuk","8":"product_cat-suvekoogid-alekeskus","9":"product_cat-ale","10":"product_cat-aia-ja-grillmajad","11":"product_cat-hooned-alekeskus","12":"product_cat-varjualused-talveaiad-alekeskus","13":"product_tag-gotland","14":"product_tag-vierasmaja","15":"product_tag-hoylahirsi","16":"product_tag-hirsimokki","17":"product_tag-freespalkaiamaja","18":"product_tag-aiamaja-paigaldus","19":"product_tag-cottage","20":"product_tag-etatyotila-2","21":"product_tag-aiamajad","22":"product_tag-aiamajad-muuk","23":"product_tag-aiamajad-ale","24":"product_tag-aiamaja","25":"product_tag-aiamajad-lopumuuk","26":"product_tag-kesakeittio","27":"product_shipping_class-alates-1000kg","28":"pa_garantii-2-aastat","29":"pa_kohaletoimetamine-alates-180e","30":"pa_laoasukoht-tartumaa","31":"pa_pindalam-18-2","32":"pa_seinapaksus-40-mm","33":"pa_varv-roheline","34":"pa_varv-punane","35":"pa_varv-viimistlemata","36":"pa_varv-tumehall","37":"pa_varv-helehall","38":"pa_veame-eesti-ja-soome","40":"first","41":"instock","42":"sale","43":"featured","44":"taxable","45":"shipping-taxable","46":"purchasable","47":"product-type-simple"},"yoast_head":"<!-- This site is optimized with the Yoast SEO plugin v27.3 - https:\/\/yoast.com\/product\/yoast-seo-wordpress\/ -->\n<title>Aiamaja Gotland6F 18,2 m\u00b2+katusealune 6,4 m\u00b2, 40 mm freespalk - Alekeskus<\/title>\n<meta name=\"description\" content=\"aiamaja Gotland 40 mm freespalgist\" \/>\n<meta name=\"robots\" content=\"index, follow, max-snippet:-1, max-image-preview:large, max-video-preview:-1\" \/>\n<link rel=\"canonical\" href=\"https:\/\/alekeskus.eu\/et\/toode\/aiamaja-gotland6f-182m-alekeskus\/\" \/>\n<meta property=\"og:locale\" content=\"et_EE\" \/>\n<meta property=\"og:type\" content=\"article\" \/>\n<meta property=\"og:title\" content=\"Aiamaja Gotland6F 18,2 m\u00b2+katusealune 6,4 m\u00b2, 40 mm freespalk - Alekeskus\" \/>\n<meta property=\"og:description\" content=\"aiamaja Gotland 40 mm freespalgist\" \/>\n<meta property=\"og:url\" content=\"https:\/\/alekeskus.eu\/et\/toode\/aiamaja-gotland6f-182m-alekeskus\/\" \/>\n<meta property=\"og:site_name\" content=\"Alekeskus\" \/>\n<meta property=\"article:modified_time\" content=\"2026-04-08T10:08:03+00:00\" \/>\n<meta property=\"og:image\" content=\"https:\/\/alekeskus.eu\/wp-content\/uploads\/2024\/05\/Gotland6F-loodus.jpg\" \/>\n\t<meta property=\"og:image:width\" content=\"1600\" \/>\n\t<meta property=\"og:image:height\" content=\"1067\" \/>\n\t<meta property=\"og:image:type\" content=\"image\/jpeg\" \/>\n<meta name=\"twitter:card\" content=\"summary_large_image\" \/>\n<meta name=\"twitter:label1\" content=\"Est. reading time\" \/>\n\t<meta name=\"twitter:data1\" content=\"1 minut\" \/>\n<script type=\"application\/ld+json\" class=\"yoast-schema-graph\">{\"@context\":\"https:\\\/\\\/schema.org\",\"@graph\":[{\"@type\":\"WebPage\",\"@id\":\"https:\\\/\\\/alekeskus.eu\\\/et\\\/toode\\\/aiamaja-gotland6f-182m-alekeskus\\\/\",\"url\":\"https:\\\/\\\/alekeskus.eu\\\/et\\\/toode\\\/aiamaja-gotland6f-182m-alekeskus\\\/\",\"name\":\"Aiamaja Gotland6F 18,2 m\u00b2+katusealune 6,4 m\u00b2, 40 mm freespalk - Alekeskus\",\"isPartOf\":{\"@id\":\"https:\\\/\\\/alekeskus.eu\\\/#website\"},\"primaryImageOfPage\":{\"@id\":\"https:\\\/\\\/alekeskus.eu\\\/et\\\/toode\\\/aiamaja-gotland6f-182m-alekeskus\\\/#primaryimage\"},\"image\":{\"@id\":\"https:\\\/\\\/alekeskus.eu\\\/et\\\/toode\\\/aiamaja-gotland6f-182m-alekeskus\\\/#primaryimage\"},\"thumbnailUrl\":\"https:\\\/\\\/alekeskus.eu\\\/wp-content\\\/uploads\\\/2024\\\/05\\\/Gotland6F-loodus.jpg\",\"datePublished\":\"2026-04-06T13:34:43+00:00\",\"dateModified\":\"2026-04-08T10:08:03+00:00\",\"description\":\"aiamaja Gotland 40 mm freespalgist\",\"breadcrumb\":{\"@id\":\"https:\\\/\\\/alekeskus.eu\\\/et\\\/toode\\\/aiamaja-gotland6f-182m-alekeskus\\\/#breadcrumb\"},\"inLanguage\":\"et\",\"potentialAction\":[{\"@type\":\"ReadAction\",\"target\":[\"https:\\\/\\\/alekeskus.eu\\\/et\\\/toode\\\/aiamaja-gotland6f-182m-alekeskus\\\/\"]}]},{\"@type\":\"ImageObject\",\"inLanguage\":\"et\",\"@id\":\"https:\\\/\\\/alekeskus.eu\\\/et\\\/toode\\\/aiamaja-gotland6f-182m-alekeskus\\\/#primaryimage\",\"url\":\"https:\\\/\\\/alekeskus.eu\\\/wp-content\\\/uploads\\\/2024\\\/05\\\/Gotland6F-loodus.jpg\",\"contentUrl\":\"https:\\\/\\\/alekeskus.eu\\\/wp-content\\\/uploads\\\/2024\\\/05\\\/Gotland6F-loodus.jpg\",\"width\":1600,\"height\":1067},{\"@type\":\"BreadcrumbList\",\"@id\":\"https:\\\/\\\/alekeskus.eu\\\/et\\\/toode\\\/aiamaja-gotland6f-182m-alekeskus\\\/#breadcrumb\",\"itemListElement\":[{\"@type\":\"ListItem\",\"position\":1,\"name\":\"Avaleht\",\"item\":\"https:\\\/\\\/alekeskus.eu\\\/et\\\/\"},{\"@type\":\"ListItem\",\"position\":2,\"name\":\"Pood\",\"item\":\"https:\\\/\\\/alekeskus.eu\\\/pood\\\/\"},{\"@type\":\"ListItem\",\"position\":3,\"name\":\"Aiamaja Gotland6F 18,2 m\u00b2+katusealune 6,4 m\u00b2, 40 mm freespalk\"}]},{\"@type\":\"WebSite\",\"@id\":\"https:\\\/\\\/alekeskus.eu\\\/#website\",\"url\":\"https:\\\/\\\/alekeskus.eu\\\/\",\"name\":\"Alekeskus\",\"description\":\"Alekeskus.eu\",\"potentialAction\":[{\"@type\":\"SearchAction\",\"target\":{\"@type\":\"EntryPoint\",\"urlTemplate\":\"https:\\\/\\\/alekeskus.eu\\\/?s={search_term_string}\"},\"query-input\":{\"@type\":\"PropertyValueSpecification\",\"valueRequired\":true,\"valueName\":\"search_term_string\"}}],\"inLanguage\":\"et\"}]}<\/script>\n<!-- \/ Yoast SEO plugin. -->","yoast_head_json":{"title":"Aiamaja Gotland6F 18,2 m\u00b2+katusealune 6,4 m\u00b2, 40 mm freespalk - Alekeskus","description":"aiamaja Gotland 40 mm freespalgist","robots":{"index":"index","follow":"follow","max-snippet":"max-snippet:-1","max-image-preview":"max-image-preview:large","max-video-preview":"max-video-preview:-1"},"canonical":"https:\/\/alekeskus.eu\/et\/toode\/aiamaja-gotland6f-182m-alekeskus\/","og_locale":"et_EE","og_type":"article","og_title":"Aiamaja Gotland6F 18,2 m\u00b2+katusealune 6,4 m\u00b2, 40 mm freespalk - Alekeskus","og_description":"aiamaja Gotland 40 mm freespalgist","og_url":"https:\/\/alekeskus.eu\/et\/toode\/aiamaja-gotland6f-182m-alekeskus\/","og_site_name":"Alekeskus","article_modified_time":"2026-04-08T10:08:03+00:00","og_image":[{"width":1600,"height":1067,"url":"https:\/\/alekeskus.eu\/wp-content\/uploads\/2024\/05\/Gotland6F-loodus.jpg","type":"image\/jpeg"}],"twitter_card":"summary_large_image","twitter_misc":{"Est. reading time":"1 minut"},"schema":{"@context":"https:\/\/schema.org","@graph":[{"@type":"WebPage","@id":"https:\/\/alekeskus.eu\/et\/toode\/aiamaja-gotland6f-182m-alekeskus\/","url":"https:\/\/alekeskus.eu\/et\/toode\/aiamaja-gotland6f-182m-alekeskus\/","name":"Aiamaja Gotland6F 18,2 m\u00b2+katusealune 6,4 m\u00b2, 40 mm freespalk - Alekeskus","isPartOf":{"@id":"https:\/\/alekeskus.eu\/#website"},"primaryImageOfPage":{"@id":"https:\/\/alekeskus.eu\/et\/toode\/aiamaja-gotland6f-182m-alekeskus\/#primaryimage"},"image":{"@id":"https:\/\/alekeskus.eu\/et\/toode\/aiamaja-gotland6f-182m-alekeskus\/#primaryimage"},"thumbnailUrl":"https:\/\/alekeskus.eu\/wp-content\/uploads\/2024\/05\/Gotland6F-loodus.jpg","datePublished":"2026-04-06T13:34:43+00:00","dateModified":"2026-04-08T10:08:03+00:00","description":"aiamaja Gotland 40 mm freespalgist","breadcrumb":{"@id":"https:\/\/alekeskus.eu\/et\/toode\/aiamaja-gotland6f-182m-alekeskus\/#breadcrumb"},"inLanguage":"et","potentialAction":[{"@type":"ReadAction","target":["https:\/\/alekeskus.eu\/et\/toode\/aiamaja-gotland6f-182m-alekeskus\/"]}]},{"@type":"ImageObject","inLanguage":"et","@id":"https:\/\/alekeskus.eu\/et\/toode\/aiamaja-gotland6f-182m-alekeskus\/#primaryimage","url":"https:\/\/alekeskus.eu\/wp-content\/uploads\/2024\/05\/Gotland6F-loodus.jpg","contentUrl":"https:\/\/alekeskus.eu\/wp-content\/uploads\/2024\/05\/Gotland6F-loodus.jpg","width":1600,"height":1067},{"@type":"BreadcrumbList","@id":"https:\/\/alekeskus.eu\/et\/toode\/aiamaja-gotland6f-182m-alekeskus\/#breadcrumb","itemListElement":[{"@type":"ListItem","position":1,"name":"Avaleht","item":"https:\/\/alekeskus.eu\/et\/"},{"@type":"ListItem","position":2,"name":"Pood","item":"https:\/\/alekeskus.eu\/pood\/"},{"@type":"ListItem","position":3,"name":"Aiamaja Gotland6F 18,2 m\u00b2+katusealune 6,4 m\u00b2, 40 mm freespalk"}]},{"@type":"WebSite","@id":"https:\/\/alekeskus.eu\/#website","url":"https:\/\/alekeskus.eu\/","name":"Alekeskus","description":"Alekeskus.eu","potentialAction":[{"@type":"SearchAction","target":{"@type":"EntryPoint","urlTemplate":"https:\/\/alekeskus.eu\/?s={search_term_string}"},"query-input":{"@type":"PropertyValueSpecification","valueRequired":true,"valueName":"search_term_string"}}],"inLanguage":"et"}]}},"brands":[{"id":18577,"name":"Eesti","slug":"eesti"}],"_links":{"self":[{"href":"https:\/\/alekeskus.eu\/et\/wp-json\/wp\/v2\/product\/77428","targetHints":{"allow":["GET"]}}],"collection":[{"href":"https:\/\/alekeskus.eu\/et\/wp-json\/wp\/v2\/product"}],"about":[{"href":"https:\/\/alekeskus.eu\/et\/wp-json\/wp\/v2\/types\/product"}],"wp:featuredmedia":[{"embeddable":true,"href":"https:\/\/alekeskus.eu\/et\/wp-json\/wp\/v2\/media\/86808"}],"wp:attachment":[{"href":"https:\/\/alekeskus.eu\/et\/wp-json\/wp\/v2\/media?parent=77428"}],"wp:term":[{"taxonomy":"pwb-brand","embeddable":true,"href":"https:\/\/alekeskus.eu\/et\/wp-json\/wp\/v2\/pwb-brand?post=77428"},{"taxonomy":"product_brand","embeddable":true,"href":"https:\/\/alekeskus.eu\/et\/wp-json\/wp\/v2\/product_brand?post=77428"},{"taxonomy":"product_cat","embeddable":true,"href":"https:\/\/alekeskus.eu\/et\/wp-json\/wp\/v2\/product_cat?post=77428"},{"taxonomy":"product_tag","embeddable":true,"href":"https:\/\/alekeskus.eu\/et\/wp-json\/wp\/v2\/product_tag?post=77428"}],"curies":[{"name":"wp","href":"https:\/\/api.w.org\/{rel}","templated":true}]}}