{"id":78277,"date":"2025-10-31T14:21:35","date_gmt":"2025-10-31T14:21:35","guid":{"rendered":"https:\/\/alekeskus.eu\/?post_type=product&#038;p=78277"},"modified":"2026-01-21T16:23:25","modified_gmt":"2026-01-21T16:23:25","slug":"aiamaja-emmi-142-alekeskus","status":"publish","type":"product","link":"https:\/\/alekeskus.eu\/et\/toode\/aiamaja-emmi-142-alekeskus\/","title":{"rendered":"Aiamaja Emmi 14,2 m\u00b2 kuuriga"},"content":{"rendered":"<div class=\"pictogram qtip-additional-element\" aria-describedby=\"ui-tooltip-96\">\n<div class=\"image\">\n<p><strong>Telli juurde:<\/strong><\/p>\n<p><strong>&#8211; bituumensindel 9 pakki\u00a0<\/strong><\/p>\n<p><strong>&#8211;\u00a0<\/strong><strong>katusepapp v\u00f5i <\/strong><strong>\u00a0SBS-bituumekate 4 rulli\u00a0<\/strong><\/p>\n<p><strong>&#8211; vihmavees\u00fcsteem\u00a0<\/strong><\/p>\n<p><strong>&#8211; puidukaitsevahendisse kastmine<strong>:\u00a0 pruunikas<strong>, hallikas, valkjas\u00a0<\/strong><\/strong><\/strong><\/p>\n<\/div>\n<\/div>\n<div class=\"pictogram qtip-additional-element\">\n<div class=\"image\"><\/div>\n<\/div>\n<div class=\"pictogram qtip-additional-element\">\n<div class=\"image\">Pakend: 6,0&#215;1,2&#215;0,8 m , kaal 1250 kg<\/div>\n<\/div>\n<div class=\"pictogram qtip-additional-element\" aria-describedby=\"ui-tooltip-111\">\n<div class=\"image\"><\/div>\n<\/div>\n","protected":false},"excerpt":{"rendered":"<p>V\u00e4lism\u00f5\u00f5dud:<strong> 4,5 x 3,3 m.<\/strong><\/p>\n<p><strong>TASUTA VEDU JA MAHALAADIMINE(ka suursaartel)!\u00a0\u00a0<\/strong><\/p>\n<ul>\n<li>tuuletapiga freespalksein <strong>34 mm<\/strong>, tormikinnitused<\/li>\n<li>harja k\u00f5rgus 268 cm ja seina k\u00f5rgus 205 cm<\/li>\n<li>puidukaitsega t\u00f6\u00f6deldud p\u00f5randatalad ja punniga p\u00f5randalauad 19 mm<\/li>\n<li>katusekate ei sisaldu hinnas(tarve 9 pakki sindlit v\u00f5i katusepappi\/SBS-bituumenkatet 4 rulli)<\/li>\n<li>katus 22 m\u00b2 \/ kalle 15\u00ba, punniga katuselauad 19 mm<\/li>\n<li><strong>r\u00e4\u00e4stas ees<\/strong> <strong>70 cm<\/strong><\/li>\n<li>vahesein<\/li>\n<li>liimpuidust ukselengiga paarisuks 151 x 175 cm ja kuuriuks 73 x 164 cm, madal metalliga kaetud k\u00fcnnis, silinderlukk<\/li>\n<li>\u00fchekordse klaasiga aken 119 x 89 cm p\u00f6\u00f6rd-kaldavanemisega ja tilganinaga<\/li>\n<li>tellitav puidukaitsevahendisse kastetuna +1000\u20ac (pruun, hall v\u00f5i valkjas), tellimisaeg 2-4 n\u00e4dalat pikem<strong>\u00a0<img decoding=\"async\" class=\"\" src=\"https:\/\/www.palmako.ee\/sites\/default\/files\/styles\/product_list_item\/public\/2020-06\/BNDIP.jpg?itok=_LQkkeHM\" width=\"66\" height=\"66\" \/><img decoding=\"async\" class=\"\" src=\"https:\/\/www.palmako.ee\/sites\/default\/files\/styles\/product_list_item\/public\/2020-06\/GYDIP.jpg?itok=RrYf7KTV\" width=\"66\" height=\"66\" \/><img decoding=\"async\" class=\"\" src=\"https:\/\/www.palmako.ee\/sites\/default\/files\/styles\/product_list_item\/public\/2020-06\/WTDIP.jpg?itok=D9U46coI\" width=\"67\" height=\"67\" \/><\/strong><\/li>\n<li><strong>tellitav peegelpildis<\/strong>(tellides kirjuta m\u00e4rkusse kummale poole kuur)<\/li>\n<li>paigaldusjuhend ja kinnitusvahendid<\/li>\n<li>tehase garantii 5 aastat<\/li>\n<li>ilmastikukindel pakend<\/li>\n<li>Eesti toode<\/li>\n<\/ul>\n<p>K\u00fcsi ka paigaldust!<\/p>\n","protected":false},"featured_media":97048,"template":"","meta":{"_monsterinsights_skip_tracking":false,"_monsterinsights_sitenote_active":false,"_monsterinsights_sitenote_note":"","_monsterinsights_sitenote_category":0},"pwb-brand":[],"product_brand":[],"product_cat":[17182,13592,13540,13600],"product_tag":[13813,15842,13815,13864,18852,13899,18879,14264,14311,15216],"class_list":{"0":"post-78277","1":"product","2":"type-product","3":"status-publish","4":"has-post-thumbnail","6":"product_cat-suvekoogid-alekeskus","7":"product_cat-aia-ja-grillmajad","8":"product_cat-hooned-alekeskus","9":"product_cat-kuurid-aidad-kioskid","10":"product_tag-aiamaja","11":"product_tag-tooriistakuur","12":"product_tag-kuur","13":"product_tag-huvimaja","14":"product_tag-tehnikakuur","15":"product_tag-garden-house","16":"product_tag-aiatehnikakuur","17":"product_tag-aiakuur","18":"product_tag-freespalkaiamaja","19":"product_tag-ait","20":"product_shipping_class-tasuta-transport-alates-1000kg","21":"pa_garantii-5-aastat","22":"pa_kohaletoimetamine-tasuta-mandri-eestis-ja-suursaartel-soome-alates-699e","23":"pa_laoasukoht-tartumaa","24":"pa_pindalam-15370","25":"pa_seinapaksus-34-mm","26":"pa_tellimisaeg-tilausaika-alekeskus","27":"pa_varv-viimistlemata","28":"pa_varv-pruunikas-puidukaitse","29":"pa_varv-hallikas-puidukaitse","30":"pa_varv-valkjas-puidukaitse","31":"pa_veame-eesti-ja-soome","33":"first","34":"instock","35":"taxable","36":"shipping-taxable","37":"purchasable","38":"product-type-variable","39":"has-default-attributes"},"yoast_head":"<!-- This site is optimized with the Yoast SEO plugin v27.3 - https:\/\/yoast.com\/product\/yoast-seo-wordpress\/ -->\n<title>Aiamaja Emmi 14,2 m\u00b2 kuuriga - Alekeskus<\/title>\n<meta name=\"description\" content=\"freespalgist aiamaja eraldi kuuriga\" \/>\n<meta name=\"robots\" content=\"index, follow, max-snippet:-1, max-image-preview:large, max-video-preview:-1\" \/>\n<link rel=\"canonical\" href=\"https:\/\/alekeskus.eu\/toode\/aiamaja-emmi-142-alekeskus\/\" \/>\n<meta property=\"og:locale\" content=\"et_EE\" \/>\n<meta property=\"og:type\" content=\"article\" \/>\n<meta property=\"og:title\" content=\"Aiamaja Emmi 14,2 m\u00b2 kuuriga - Alekeskus\" \/>\n<meta property=\"og:description\" content=\"freespalgist aiamaja eraldi kuuriga\" \/>\n<meta property=\"og:url\" content=\"https:\/\/alekeskus.eu\/toode\/aiamaja-emmi-142-alekeskus\/\" \/>\n<meta property=\"og:site_name\" content=\"Alekeskus\" \/>\n<meta property=\"article:modified_time\" content=\"2026-01-21T16:23:25+00:00\" \/>\n<meta property=\"og:image\" content=\"https:\/\/alekeskus.eu\/wp-content\/uploads\/2023\/10\/Ella_14.2_m2_NATURAL_wb.jpg\" \/>\n\t<meta property=\"og:image:width\" content=\"1600\" \/>\n\t<meta property=\"og:image:height\" content=\"1200\" \/>\n\t<meta property=\"og:image:type\" content=\"image\/jpeg\" \/>\n<meta name=\"twitter:card\" content=\"summary_large_image\" \/>\n<meta name=\"twitter:label1\" content=\"Est. reading time\" \/>\n\t<meta name=\"twitter:data1\" content=\"1 minut\" \/>\n<script type=\"application\/ld+json\" class=\"yoast-schema-graph\">{\"@context\":\"https:\\\/\\\/schema.org\",\"@graph\":[{\"@type\":\"WebPage\",\"@id\":\"https:\\\/\\\/alekeskus.eu\\\/toode\\\/aiamaja-emmi-142-alekeskus\\\/\",\"url\":\"https:\\\/\\\/alekeskus.eu\\\/toode\\\/aiamaja-emmi-142-alekeskus\\\/\",\"name\":\"Aiamaja Emmi 14,2 m\u00b2 kuuriga - Alekeskus\",\"isPartOf\":{\"@id\":\"https:\\\/\\\/alekeskus.eu\\\/#website\"},\"primaryImageOfPage\":{\"@id\":\"https:\\\/\\\/alekeskus.eu\\\/toode\\\/aiamaja-emmi-142-alekeskus\\\/#primaryimage\"},\"image\":{\"@id\":\"https:\\\/\\\/alekeskus.eu\\\/toode\\\/aiamaja-emmi-142-alekeskus\\\/#primaryimage\"},\"thumbnailUrl\":\"https:\\\/\\\/alekeskus.eu\\\/wp-content\\\/uploads\\\/2023\\\/10\\\/Ella_14.2_m2_NATURAL_wb.jpg\",\"datePublished\":\"2025-10-31T14:21:35+00:00\",\"dateModified\":\"2026-01-21T16:23:25+00:00\",\"description\":\"freespalgist aiamaja eraldi kuuriga\",\"breadcrumb\":{\"@id\":\"https:\\\/\\\/alekeskus.eu\\\/toode\\\/aiamaja-emmi-142-alekeskus\\\/#breadcrumb\"},\"inLanguage\":\"et\",\"potentialAction\":[{\"@type\":\"ReadAction\",\"target\":[\"https:\\\/\\\/alekeskus.eu\\\/toode\\\/aiamaja-emmi-142-alekeskus\\\/\"]}]},{\"@type\":\"ImageObject\",\"inLanguage\":\"et\",\"@id\":\"https:\\\/\\\/alekeskus.eu\\\/toode\\\/aiamaja-emmi-142-alekeskus\\\/#primaryimage\",\"url\":\"https:\\\/\\\/alekeskus.eu\\\/wp-content\\\/uploads\\\/2023\\\/10\\\/Ella_14.2_m2_NATURAL_wb.jpg\",\"contentUrl\":\"https:\\\/\\\/alekeskus.eu\\\/wp-content\\\/uploads\\\/2023\\\/10\\\/Ella_14.2_m2_NATURAL_wb.jpg\",\"width\":1600,\"height\":1200},{\"@type\":\"BreadcrumbList\",\"@id\":\"https:\\\/\\\/alekeskus.eu\\\/toode\\\/aiamaja-emmi-142-alekeskus\\\/#breadcrumb\",\"itemListElement\":[{\"@type\":\"ListItem\",\"position\":1,\"name\":\"Avaleht\",\"item\":\"https:\\\/\\\/alekeskus.eu\\\/et\\\/\"},{\"@type\":\"ListItem\",\"position\":2,\"name\":\"Pood\",\"item\":\"https:\\\/\\\/alekeskus.eu\\\/pood\\\/\"},{\"@type\":\"ListItem\",\"position\":3,\"name\":\"Aiamaja Emmi 14,2 m\u00b2 kuuriga\"}]},{\"@type\":\"WebSite\",\"@id\":\"https:\\\/\\\/alekeskus.eu\\\/#website\",\"url\":\"https:\\\/\\\/alekeskus.eu\\\/\",\"name\":\"Alekeskus\",\"description\":\"Alekeskus.eu\",\"potentialAction\":[{\"@type\":\"SearchAction\",\"target\":{\"@type\":\"EntryPoint\",\"urlTemplate\":\"https:\\\/\\\/alekeskus.eu\\\/?s={search_term_string}\"},\"query-input\":{\"@type\":\"PropertyValueSpecification\",\"valueRequired\":true,\"valueName\":\"search_term_string\"}}],\"inLanguage\":\"et\"}]}<\/script>\n<!-- \/ Yoast SEO plugin. -->","yoast_head_json":{"title":"Aiamaja Emmi 14,2 m\u00b2 kuuriga - Alekeskus","description":"freespalgist aiamaja eraldi kuuriga","robots":{"index":"index","follow":"follow","max-snippet":"max-snippet:-1","max-image-preview":"max-image-preview:large","max-video-preview":"max-video-preview:-1"},"canonical":"https:\/\/alekeskus.eu\/toode\/aiamaja-emmi-142-alekeskus\/","og_locale":"et_EE","og_type":"article","og_title":"Aiamaja Emmi 14,2 m\u00b2 kuuriga - Alekeskus","og_description":"freespalgist aiamaja eraldi kuuriga","og_url":"https:\/\/alekeskus.eu\/toode\/aiamaja-emmi-142-alekeskus\/","og_site_name":"Alekeskus","article_modified_time":"2026-01-21T16:23:25+00:00","og_image":[{"width":1600,"height":1200,"url":"https:\/\/alekeskus.eu\/wp-content\/uploads\/2023\/10\/Ella_14.2_m2_NATURAL_wb.jpg","type":"image\/jpeg"}],"twitter_card":"summary_large_image","twitter_misc":{"Est. reading time":"1 minut"},"schema":{"@context":"https:\/\/schema.org","@graph":[{"@type":"WebPage","@id":"https:\/\/alekeskus.eu\/toode\/aiamaja-emmi-142-alekeskus\/","url":"https:\/\/alekeskus.eu\/toode\/aiamaja-emmi-142-alekeskus\/","name":"Aiamaja Emmi 14,2 m\u00b2 kuuriga - Alekeskus","isPartOf":{"@id":"https:\/\/alekeskus.eu\/#website"},"primaryImageOfPage":{"@id":"https:\/\/alekeskus.eu\/toode\/aiamaja-emmi-142-alekeskus\/#primaryimage"},"image":{"@id":"https:\/\/alekeskus.eu\/toode\/aiamaja-emmi-142-alekeskus\/#primaryimage"},"thumbnailUrl":"https:\/\/alekeskus.eu\/wp-content\/uploads\/2023\/10\/Ella_14.2_m2_NATURAL_wb.jpg","datePublished":"2025-10-31T14:21:35+00:00","dateModified":"2026-01-21T16:23:25+00:00","description":"freespalgist aiamaja eraldi kuuriga","breadcrumb":{"@id":"https:\/\/alekeskus.eu\/toode\/aiamaja-emmi-142-alekeskus\/#breadcrumb"},"inLanguage":"et","potentialAction":[{"@type":"ReadAction","target":["https:\/\/alekeskus.eu\/toode\/aiamaja-emmi-142-alekeskus\/"]}]},{"@type":"ImageObject","inLanguage":"et","@id":"https:\/\/alekeskus.eu\/toode\/aiamaja-emmi-142-alekeskus\/#primaryimage","url":"https:\/\/alekeskus.eu\/wp-content\/uploads\/2023\/10\/Ella_14.2_m2_NATURAL_wb.jpg","contentUrl":"https:\/\/alekeskus.eu\/wp-content\/uploads\/2023\/10\/Ella_14.2_m2_NATURAL_wb.jpg","width":1600,"height":1200},{"@type":"BreadcrumbList","@id":"https:\/\/alekeskus.eu\/toode\/aiamaja-emmi-142-alekeskus\/#breadcrumb","itemListElement":[{"@type":"ListItem","position":1,"name":"Avaleht","item":"https:\/\/alekeskus.eu\/et\/"},{"@type":"ListItem","position":2,"name":"Pood","item":"https:\/\/alekeskus.eu\/pood\/"},{"@type":"ListItem","position":3,"name":"Aiamaja Emmi 14,2 m\u00b2 kuuriga"}]},{"@type":"WebSite","@id":"https:\/\/alekeskus.eu\/#website","url":"https:\/\/alekeskus.eu\/","name":"Alekeskus","description":"Alekeskus.eu","potentialAction":[{"@type":"SearchAction","target":{"@type":"EntryPoint","urlTemplate":"https:\/\/alekeskus.eu\/?s={search_term_string}"},"query-input":{"@type":"PropertyValueSpecification","valueRequired":true,"valueName":"search_term_string"}}],"inLanguage":"et"}]}},"brands":[],"_links":{"self":[{"href":"https:\/\/alekeskus.eu\/et\/wp-json\/wp\/v2\/product\/78277","targetHints":{"allow":["GET"]}}],"collection":[{"href":"https:\/\/alekeskus.eu\/et\/wp-json\/wp\/v2\/product"}],"about":[{"href":"https:\/\/alekeskus.eu\/et\/wp-json\/wp\/v2\/types\/product"}],"wp:featuredmedia":[{"embeddable":true,"href":"https:\/\/alekeskus.eu\/et\/wp-json\/wp\/v2\/media\/97048"}],"wp:attachment":[{"href":"https:\/\/alekeskus.eu\/et\/wp-json\/wp\/v2\/media?parent=78277"}],"wp:term":[{"taxonomy":"pwb-brand","embeddable":true,"href":"https:\/\/alekeskus.eu\/et\/wp-json\/wp\/v2\/pwb-brand?post=78277"},{"taxonomy":"product_brand","embeddable":true,"href":"https:\/\/alekeskus.eu\/et\/wp-json\/wp\/v2\/product_brand?post=78277"},{"taxonomy":"product_cat","embeddable":true,"href":"https:\/\/alekeskus.eu\/et\/wp-json\/wp\/v2\/product_cat?post=78277"},{"taxonomy":"product_tag","embeddable":true,"href":"https:\/\/alekeskus.eu\/et\/wp-json\/wp\/v2\/product_tag?post=78277"}],"curies":[{"name":"wp","href":"https:\/\/api.w.org\/{rel}","templated":true}]}}