{"id":78769,"date":"2026-02-05T16:26:16","date_gmt":"2026-02-05T16:26:16","guid":{"rendered":"https:\/\/alekeskus.eu\/?post_type=product&#038;p=78769"},"modified":"2026-03-11T11:53:44","modified_gmt":"2026-03-11T11:53:44","slug":"aiamaja-lorenz-101-alekeskus","status":"publish","type":"product","link":"https:\/\/alekeskus.eu\/et\/toode\/aiamaja-lorenz-101-alekeskus\/","title":{"rendered":"Aiamaja Lorenz 10,1 m\u00b2 freespalksein 40 mm, L\u00d5PUM\u00dc\u00dcK!"},"content":{"rendered":"","protected":false},"excerpt":{"rendered":"<p>V\u00e4lism\u00f5\u00f5dud: <strong>380<\/strong><b> x 280 cm<\/b><\/p>\n<ul>\n<li>tuuletapiga <strong>freespalk 40 mm, <\/strong>tormikinnitused<\/li>\n<li>seina k\u00f5rgus 194 cm ja harja k\u00f5rgus 245 cm<\/li>\n<li><strong>r\u00e4\u00e4stas ees 0,5 m<\/strong><\/li>\n<li>silinderlukuga klaasitud paarisuks 149 x 185 cm<\/li>\n<li>avatav aken 69 x 88 cm<\/li>\n<li>\n<div class=\"spec-name\">punniga katuselauad 15 x 90 mm, katusekate ei sisaldu hinnas<\/div>\n<\/li>\n<li>p\u00f5randalauad ei sisaldu hinnas<\/li>\n<li>\n<div class=\"spec-name\">kinnitusvahendid ja koostejuhend<\/div>\n<\/li>\n<li>tehase garantii 2 aastat<\/li>\n<li>Eesti toode<\/li>\n<li>ilmastikukindel pakend<\/li>\n<\/ul>\n<p>Vedu mandri Eestis tellijapoolse mahalaadimisega 180\u20ac v\u00f5i kraana-autoga 350\u20ac(suursaartele vastavalt 280\u20ac ja 590\u20ac).<\/p>\n<p>K\u00fcsi ka paigaldust!<\/p>\n","protected":false},"featured_media":78772,"template":"","meta":{"_monsterinsights_skip_tracking":false,"_monsterinsights_sitenote_active":false,"_monsterinsights_sitenote_note":"","_monsterinsights_sitenote_category":0},"pwb-brand":[],"product_brand":[],"product_cat":[18677,13538,13592,13540,13600],"product_tag":[14310,15276,13813,13864,13913,14252,17936,14264,14265,19114,14277],"class_list":{"0":"post-78769","1":"product","2":"type-product","3":"status-publish","4":"has-post-thumbnail","6":"product_cat-lopumuuk","7":"product_cat-ale","8":"product_cat-aia-ja-grillmajad","9":"product_cat-hooned-alekeskus","10":"product_cat-kuurid-aidad-kioskid","11":"product_tag-kodukontor","12":"product_tag-pihatoimisto","13":"product_tag-aiamaja","14":"product_tag-huvimaja","15":"product_tag-vierasmaja","16":"product_tag-suvemaja","17":"product_tag-pihavarasto","18":"product_tag-aiakuur","19":"product_tag-pihavaja","20":"product_tag-soodus-aiamaja","21":"product_tag-freespalk","22":"product_shipping_class-alates-1000kg","23":"pa_garantii-2-aastat","24":"pa_kohaletoimetamine-alates-180e","25":"pa_laoasukoht-tartumaa","26":"pa_pindalam-17815","27":"pa_seinapaksus-40-mm","28":"pa_varv-viimistlemata","29":"pa_veame-eesti-ja-soome","31":"first","32":"instock","33":"sale","34":"featured","35":"taxable","36":"shipping-taxable","37":"purchasable","38":"product-type-simple"},"yoast_head":"<!-- This site is optimized with the Yoast SEO plugin v27.3 - https:\/\/yoast.com\/product\/yoast-seo-wordpress\/ -->\n<title>Aiamaja Lorenz 10,1 m\u00b2 freespalksein 40 mm, L\u00d5PUM\u00dc\u00dcK! - Alekeskus<\/title>\n<meta name=\"description\" content=\"aiamaja, mis on Eestis tehtud ja kohe saadaval soodushinnaga\" \/>\n<meta name=\"robots\" content=\"index, follow, max-snippet:-1, max-image-preview:large, max-video-preview:-1\" \/>\n<link rel=\"canonical\" href=\"https:\/\/alekeskus.eu\/et\/toode\/aiamaja-lorenz-101-alekeskus\/\" \/>\n<meta property=\"og:locale\" content=\"et_EE\" \/>\n<meta property=\"og:type\" content=\"article\" \/>\n<meta property=\"og:title\" content=\"Aiamaja Lorenz 10,1 m\u00b2 freespalksein 40 mm, L\u00d5PUM\u00dc\u00dcK! - Alekeskus\" \/>\n<meta property=\"og:description\" content=\"aiamaja, mis on Eestis tehtud ja kohe saadaval soodushinnaga\" \/>\n<meta property=\"og:url\" content=\"https:\/\/alekeskus.eu\/et\/toode\/aiamaja-lorenz-101-alekeskus\/\" \/>\n<meta property=\"og:site_name\" content=\"Alekeskus\" \/>\n<meta property=\"article:modified_time\" content=\"2026-03-11T11:53:44+00:00\" \/>\n<meta property=\"og:image\" content=\"https:\/\/alekeskus.eu\/wp-content\/uploads\/2022\/11\/Lorenz-aias.jpg\" \/>\n\t<meta property=\"og:image:width\" content=\"1126\" \/>\n\t<meta property=\"og:image:height\" content=\"750\" \/>\n\t<meta property=\"og:image:type\" content=\"image\/jpeg\" \/>\n<meta name=\"twitter:card\" content=\"summary_large_image\" \/>\n<meta name=\"twitter:label1\" content=\"Est. reading time\" \/>\n\t<meta name=\"twitter:data1\" content=\"1 minut\" \/>\n<script type=\"application\/ld+json\" class=\"yoast-schema-graph\">{\"@context\":\"https:\\\/\\\/schema.org\",\"@graph\":[{\"@type\":\"WebPage\",\"@id\":\"https:\\\/\\\/alekeskus.eu\\\/et\\\/toode\\\/aiamaja-lorenz-101-alekeskus\\\/\",\"url\":\"https:\\\/\\\/alekeskus.eu\\\/et\\\/toode\\\/aiamaja-lorenz-101-alekeskus\\\/\",\"name\":\"Aiamaja Lorenz 10,1 m\u00b2 freespalksein 40 mm, L\u00d5PUM\u00dc\u00dcK! - Alekeskus\",\"isPartOf\":{\"@id\":\"https:\\\/\\\/alekeskus.eu\\\/#website\"},\"primaryImageOfPage\":{\"@id\":\"https:\\\/\\\/alekeskus.eu\\\/et\\\/toode\\\/aiamaja-lorenz-101-alekeskus\\\/#primaryimage\"},\"image\":{\"@id\":\"https:\\\/\\\/alekeskus.eu\\\/et\\\/toode\\\/aiamaja-lorenz-101-alekeskus\\\/#primaryimage\"},\"thumbnailUrl\":\"https:\\\/\\\/alekeskus.eu\\\/wp-content\\\/uploads\\\/2022\\\/11\\\/Lorenz-aias.jpg\",\"datePublished\":\"2026-02-05T16:26:16+00:00\",\"dateModified\":\"2026-03-11T11:53:44+00:00\",\"description\":\"aiamaja, mis on Eestis tehtud ja kohe saadaval soodushinnaga\",\"breadcrumb\":{\"@id\":\"https:\\\/\\\/alekeskus.eu\\\/et\\\/toode\\\/aiamaja-lorenz-101-alekeskus\\\/#breadcrumb\"},\"inLanguage\":\"et\",\"potentialAction\":[{\"@type\":\"ReadAction\",\"target\":[\"https:\\\/\\\/alekeskus.eu\\\/et\\\/toode\\\/aiamaja-lorenz-101-alekeskus\\\/\"]}]},{\"@type\":\"ImageObject\",\"inLanguage\":\"et\",\"@id\":\"https:\\\/\\\/alekeskus.eu\\\/et\\\/toode\\\/aiamaja-lorenz-101-alekeskus\\\/#primaryimage\",\"url\":\"https:\\\/\\\/alekeskus.eu\\\/wp-content\\\/uploads\\\/2022\\\/11\\\/Lorenz-aias.jpg\",\"contentUrl\":\"https:\\\/\\\/alekeskus.eu\\\/wp-content\\\/uploads\\\/2022\\\/11\\\/Lorenz-aias.jpg\",\"width\":1126,\"height\":750},{\"@type\":\"BreadcrumbList\",\"@id\":\"https:\\\/\\\/alekeskus.eu\\\/et\\\/toode\\\/aiamaja-lorenz-101-alekeskus\\\/#breadcrumb\",\"itemListElement\":[{\"@type\":\"ListItem\",\"position\":1,\"name\":\"Avaleht\",\"item\":\"https:\\\/\\\/alekeskus.eu\\\/et\\\/\"},{\"@type\":\"ListItem\",\"position\":2,\"name\":\"Pood\",\"item\":\"https:\\\/\\\/alekeskus.eu\\\/pood\\\/\"},{\"@type\":\"ListItem\",\"position\":3,\"name\":\"Aiamaja Lorenz 10,1 m\u00b2 freespalksein 40 mm, L\u00d5PUM\u00dc\u00dcK!\"}]},{\"@type\":\"WebSite\",\"@id\":\"https:\\\/\\\/alekeskus.eu\\\/#website\",\"url\":\"https:\\\/\\\/alekeskus.eu\\\/\",\"name\":\"Alekeskus\",\"description\":\"Alekeskus.eu\",\"potentialAction\":[{\"@type\":\"SearchAction\",\"target\":{\"@type\":\"EntryPoint\",\"urlTemplate\":\"https:\\\/\\\/alekeskus.eu\\\/?s={search_term_string}\"},\"query-input\":{\"@type\":\"PropertyValueSpecification\",\"valueRequired\":true,\"valueName\":\"search_term_string\"}}],\"inLanguage\":\"et\"}]}<\/script>\n<!-- \/ Yoast SEO plugin. -->","yoast_head_json":{"title":"Aiamaja Lorenz 10,1 m\u00b2 freespalksein 40 mm, L\u00d5PUM\u00dc\u00dcK! - Alekeskus","description":"aiamaja, mis on Eestis tehtud ja kohe saadaval soodushinnaga","robots":{"index":"index","follow":"follow","max-snippet":"max-snippet:-1","max-image-preview":"max-image-preview:large","max-video-preview":"max-video-preview:-1"},"canonical":"https:\/\/alekeskus.eu\/et\/toode\/aiamaja-lorenz-101-alekeskus\/","og_locale":"et_EE","og_type":"article","og_title":"Aiamaja Lorenz 10,1 m\u00b2 freespalksein 40 mm, L\u00d5PUM\u00dc\u00dcK! - Alekeskus","og_description":"aiamaja, mis on Eestis tehtud ja kohe saadaval soodushinnaga","og_url":"https:\/\/alekeskus.eu\/et\/toode\/aiamaja-lorenz-101-alekeskus\/","og_site_name":"Alekeskus","article_modified_time":"2026-03-11T11:53:44+00:00","og_image":[{"width":1126,"height":750,"url":"https:\/\/alekeskus.eu\/wp-content\/uploads\/2022\/11\/Lorenz-aias.jpg","type":"image\/jpeg"}],"twitter_card":"summary_large_image","twitter_misc":{"Est. reading time":"1 minut"},"schema":{"@context":"https:\/\/schema.org","@graph":[{"@type":"WebPage","@id":"https:\/\/alekeskus.eu\/et\/toode\/aiamaja-lorenz-101-alekeskus\/","url":"https:\/\/alekeskus.eu\/et\/toode\/aiamaja-lorenz-101-alekeskus\/","name":"Aiamaja Lorenz 10,1 m\u00b2 freespalksein 40 mm, L\u00d5PUM\u00dc\u00dcK! - Alekeskus","isPartOf":{"@id":"https:\/\/alekeskus.eu\/#website"},"primaryImageOfPage":{"@id":"https:\/\/alekeskus.eu\/et\/toode\/aiamaja-lorenz-101-alekeskus\/#primaryimage"},"image":{"@id":"https:\/\/alekeskus.eu\/et\/toode\/aiamaja-lorenz-101-alekeskus\/#primaryimage"},"thumbnailUrl":"https:\/\/alekeskus.eu\/wp-content\/uploads\/2022\/11\/Lorenz-aias.jpg","datePublished":"2026-02-05T16:26:16+00:00","dateModified":"2026-03-11T11:53:44+00:00","description":"aiamaja, mis on Eestis tehtud ja kohe saadaval soodushinnaga","breadcrumb":{"@id":"https:\/\/alekeskus.eu\/et\/toode\/aiamaja-lorenz-101-alekeskus\/#breadcrumb"},"inLanguage":"et","potentialAction":[{"@type":"ReadAction","target":["https:\/\/alekeskus.eu\/et\/toode\/aiamaja-lorenz-101-alekeskus\/"]}]},{"@type":"ImageObject","inLanguage":"et","@id":"https:\/\/alekeskus.eu\/et\/toode\/aiamaja-lorenz-101-alekeskus\/#primaryimage","url":"https:\/\/alekeskus.eu\/wp-content\/uploads\/2022\/11\/Lorenz-aias.jpg","contentUrl":"https:\/\/alekeskus.eu\/wp-content\/uploads\/2022\/11\/Lorenz-aias.jpg","width":1126,"height":750},{"@type":"BreadcrumbList","@id":"https:\/\/alekeskus.eu\/et\/toode\/aiamaja-lorenz-101-alekeskus\/#breadcrumb","itemListElement":[{"@type":"ListItem","position":1,"name":"Avaleht","item":"https:\/\/alekeskus.eu\/et\/"},{"@type":"ListItem","position":2,"name":"Pood","item":"https:\/\/alekeskus.eu\/pood\/"},{"@type":"ListItem","position":3,"name":"Aiamaja Lorenz 10,1 m\u00b2 freespalksein 40 mm, L\u00d5PUM\u00dc\u00dcK!"}]},{"@type":"WebSite","@id":"https:\/\/alekeskus.eu\/#website","url":"https:\/\/alekeskus.eu\/","name":"Alekeskus","description":"Alekeskus.eu","potentialAction":[{"@type":"SearchAction","target":{"@type":"EntryPoint","urlTemplate":"https:\/\/alekeskus.eu\/?s={search_term_string}"},"query-input":{"@type":"PropertyValueSpecification","valueRequired":true,"valueName":"search_term_string"}}],"inLanguage":"et"}]}},"brands":[],"_links":{"self":[{"href":"https:\/\/alekeskus.eu\/et\/wp-json\/wp\/v2\/product\/78769","targetHints":{"allow":["GET"]}}],"collection":[{"href":"https:\/\/alekeskus.eu\/et\/wp-json\/wp\/v2\/product"}],"about":[{"href":"https:\/\/alekeskus.eu\/et\/wp-json\/wp\/v2\/types\/product"}],"wp:featuredmedia":[{"embeddable":true,"href":"https:\/\/alekeskus.eu\/et\/wp-json\/wp\/v2\/media\/78772"}],"wp:attachment":[{"href":"https:\/\/alekeskus.eu\/et\/wp-json\/wp\/v2\/media?parent=78769"}],"wp:term":[{"taxonomy":"pwb-brand","embeddable":true,"href":"https:\/\/alekeskus.eu\/et\/wp-json\/wp\/v2\/pwb-brand?post=78769"},{"taxonomy":"product_brand","embeddable":true,"href":"https:\/\/alekeskus.eu\/et\/wp-json\/wp\/v2\/product_brand?post=78769"},{"taxonomy":"product_cat","embeddable":true,"href":"https:\/\/alekeskus.eu\/et\/wp-json\/wp\/v2\/product_cat?post=78769"},{"taxonomy":"product_tag","embeddable":true,"href":"https:\/\/alekeskus.eu\/et\/wp-json\/wp\/v2\/product_tag?post=78769"}],"curies":[{"name":"wp","href":"https:\/\/api.w.org\/{rel}","templated":true}]}}