{"id":78802,"date":"2025-11-16T17:59:55","date_gmt":"2025-11-16T17:59:55","guid":{"rendered":"https:\/\/alekeskus.eu\/?post_type=product&#038;p=78802"},"modified":"2026-04-24T07:57:41","modified_gmt":"2026-04-24T07:57:41","slug":"aiamaja-alexandra-137-alekeskus","status":"publish","type":"product","link":"https:\/\/alekeskus.eu\/et\/toode\/aiamaja-alexandra-137-alekeskus\/","title":{"rendered":"Aiamaja Alexandra 13,7 m\u00b2 sein 44 mm L\u00d5PUM\u00dc\u00dcGI ALE!"},"content":{"rendered":"","protected":false},"excerpt":{"rendered":"<p>V\u00e4lism\u00f5\u00f5dud: <strong>300<\/strong><b> x 480 cm.\u00a0<\/b><\/p>\n<ul>\n<li>tuuletapiga <strong>freespalk 44\u00a0mm, <\/strong>tormikinnitused<\/li>\n<li>harja k\u00f5rgus 245 cm<strong>, <\/strong>seina k\u00f5rgus 205 cm<\/li>\n<li>punniga p\u00f5randalauad 18 x 90 mm ja immutatud alustalad 45 x 45 mm<\/li>\n<li>pakettklaasiga paarisuks 124 x 196 cm<\/li>\n<li>pakettklaasiga sisseavanevad aknad 2 tk 99 x 134 cm(1-le aknale tuleb paigaldades ise saagida seina sobivasse kohta ava) ja 1 aken 53 x 134 cm<\/li>\n<li>\n<div class=\"product-spec\">\n<div class=\"spec-detail\">\n<div class=\"spec-singular\">katuse pind 19 <span class=\"super-position\">m<sup>2 <\/sup><\/span>ja katusekalle 15\u00b0<\/div>\n<\/div>\n<\/div>\n<\/li>\n<li>\n<div class=\"spec-name\">punniga katuselauad 18 x 90 mm<\/div>\n<\/li>\n<li>\n<div class=\"spec-name\"><strong>katusekate ei sisaldu hinnas <\/strong>(lisahinnaga 2rulli\u00a0 katusepapp\/SBS rullkate 1&#215;15 m v\u00f5i bituumensindel 8 pakki)<\/div>\n<\/li>\n<li><strong>r\u00e4\u00e4stas ees 35 cm<\/strong><\/li>\n<li>\n<div class=\"spec-name\">kinnitusvahendid ja koostejuhend<\/div>\n<\/li>\n<li>tehase garantii 2 aastat<\/li>\n<li>Eesti toode<\/li>\n<li>ilmastikukindel pakend<\/li>\n<\/ul>\n<p>Vedu mandril tellijapoolse mahalaadimisega 180\u20ac v\u00f5i kraana-autoga 350\u20ac(suursaartele vedu 280\u20ac ja t\u00f5stega vedu 590\u20ac).<\/p>\n<p>K\u00fcsi ka paigaldust!<\/p>\n","protected":false},"featured_media":78816,"template":"","meta":{"_monsterinsights_skip_tracking":false,"_monsterinsights_sitenote_active":false,"_monsterinsights_sitenote_note":"","_monsterinsights_sitenote_category":0},"pwb-brand":[],"product_brand":[],"product_cat":[17182,18677,13538,13592,13540,13600,13608],"product_tag":[13864,14252,14264,14265,14277,14310,15276,13813],"class_list":{"0":"post-78802","1":"product","2":"type-product","3":"status-publish","4":"has-post-thumbnail","6":"product_cat-suvekoogid-alekeskus","7":"product_cat-lopumuuk","8":"product_cat-ale","9":"product_cat-aia-ja-grillmajad","10":"product_cat-hooned-alekeskus","11":"product_cat-kuurid-aidad-kioskid","12":"product_cat-kontorid","13":"product_tag-huvimaja","14":"product_tag-suvemaja","15":"product_tag-aiakuur","16":"product_tag-pihavaja","17":"product_tag-freespalk","18":"product_tag-kodukontor","19":"product_tag-pihatoimisto","20":"product_tag-aiamaja","21":"product_shipping_class-alates-1000kg","22":"pa_garantii-2-aastat","23":"pa_kohaletoimetamine-alates-100e","24":"pa_laoasukoht-tartumaa","25":"pa_pindalam-15327","26":"pa_seinapaksus-17405","27":"pa_varv-viimistlemata","28":"pa_veame-eesti-ja-soome","30":"first","31":"instock","32":"sale","33":"featured","34":"taxable","35":"shipping-taxable","36":"purchasable","37":"product-type-simple"},"yoast_head":"<!-- This site is optimized with the Yoast SEO plugin v27.3 - https:\/\/yoast.com\/product\/yoast-seo-wordpress\/ -->\n<title>Aiamaja Alexandra 13,7 m\u00b2 sein 44 mm L\u00d5PUM\u00dc\u00dcGI ALE! - Alekeskus<\/title>\n<meta name=\"description\" content=\"aiamaja kodukontor Alexandra, mis on Eestis tehtud ja kohe saadaval soodushinnaga\" \/>\n<meta name=\"robots\" content=\"index, follow, max-snippet:-1, max-image-preview:large, max-video-preview:-1\" \/>\n<link rel=\"canonical\" href=\"https:\/\/alekeskus.eu\/et\/toode\/aiamaja-alexandra-137-alekeskus\/\" \/>\n<meta property=\"og:locale\" content=\"et_EE\" \/>\n<meta property=\"og:type\" content=\"article\" \/>\n<meta property=\"og:title\" content=\"Aiamaja Alexandra 13,7 m\u00b2 sein 44 mm L\u00d5PUM\u00dc\u00dcGI ALE! - Alekeskus\" \/>\n<meta property=\"og:description\" content=\"aiamaja kodukontor Alexandra, mis on Eestis tehtud ja kohe saadaval soodushinnaga\" \/>\n<meta property=\"og:url\" content=\"https:\/\/alekeskus.eu\/et\/toode\/aiamaja-alexandra-137-alekeskus\/\" \/>\n<meta property=\"og:site_name\" content=\"Alekeskus\" \/>\n<meta property=\"article:modified_time\" content=\"2026-04-24T07:57:41+00:00\" \/>\n<meta property=\"og:image\" content=\"https:\/\/alekeskus.eu\/wp-content\/uploads\/2022\/11\/Alexandra-scaled.jpg\" \/>\n\t<meta property=\"og:image:width\" content=\"1600\" \/>\n\t<meta property=\"og:image:height\" content=\"1067\" \/>\n\t<meta property=\"og:image:type\" content=\"image\/jpeg\" \/>\n<meta name=\"twitter:card\" content=\"summary_large_image\" \/>\n<meta name=\"twitter:label1\" content=\"Est. reading time\" \/>\n\t<meta name=\"twitter:data1\" content=\"1 minut\" \/>\n<script type=\"application\/ld+json\" class=\"yoast-schema-graph\">{\"@context\":\"https:\\\/\\\/schema.org\",\"@graph\":[{\"@type\":\"WebPage\",\"@id\":\"https:\\\/\\\/alekeskus.eu\\\/et\\\/toode\\\/aiamaja-alexandra-137-alekeskus\\\/\",\"url\":\"https:\\\/\\\/alekeskus.eu\\\/et\\\/toode\\\/aiamaja-alexandra-137-alekeskus\\\/\",\"name\":\"Aiamaja Alexandra 13,7 m\u00b2 sein 44 mm L\u00d5PUM\u00dc\u00dcGI ALE! - Alekeskus\",\"isPartOf\":{\"@id\":\"https:\\\/\\\/alekeskus.eu\\\/#website\"},\"primaryImageOfPage\":{\"@id\":\"https:\\\/\\\/alekeskus.eu\\\/et\\\/toode\\\/aiamaja-alexandra-137-alekeskus\\\/#primaryimage\"},\"image\":{\"@id\":\"https:\\\/\\\/alekeskus.eu\\\/et\\\/toode\\\/aiamaja-alexandra-137-alekeskus\\\/#primaryimage\"},\"thumbnailUrl\":\"https:\\\/\\\/alekeskus.eu\\\/wp-content\\\/uploads\\\/2022\\\/11\\\/Alexandra-scaled.jpg\",\"datePublished\":\"2025-11-16T17:59:55+00:00\",\"dateModified\":\"2026-04-24T07:57:41+00:00\",\"description\":\"aiamaja kodukontor Alexandra, mis on Eestis tehtud ja kohe saadaval soodushinnaga\",\"breadcrumb\":{\"@id\":\"https:\\\/\\\/alekeskus.eu\\\/et\\\/toode\\\/aiamaja-alexandra-137-alekeskus\\\/#breadcrumb\"},\"inLanguage\":\"et\",\"potentialAction\":[{\"@type\":\"ReadAction\",\"target\":[\"https:\\\/\\\/alekeskus.eu\\\/et\\\/toode\\\/aiamaja-alexandra-137-alekeskus\\\/\"]}]},{\"@type\":\"ImageObject\",\"inLanguage\":\"et\",\"@id\":\"https:\\\/\\\/alekeskus.eu\\\/et\\\/toode\\\/aiamaja-alexandra-137-alekeskus\\\/#primaryimage\",\"url\":\"https:\\\/\\\/alekeskus.eu\\\/wp-content\\\/uploads\\\/2022\\\/11\\\/Alexandra-scaled.jpg\",\"contentUrl\":\"https:\\\/\\\/alekeskus.eu\\\/wp-content\\\/uploads\\\/2022\\\/11\\\/Alexandra-scaled.jpg\",\"width\":1600,\"height\":1067},{\"@type\":\"BreadcrumbList\",\"@id\":\"https:\\\/\\\/alekeskus.eu\\\/et\\\/toode\\\/aiamaja-alexandra-137-alekeskus\\\/#breadcrumb\",\"itemListElement\":[{\"@type\":\"ListItem\",\"position\":1,\"name\":\"Avaleht\",\"item\":\"https:\\\/\\\/alekeskus.eu\\\/et\\\/\"},{\"@type\":\"ListItem\",\"position\":2,\"name\":\"Pood\",\"item\":\"https:\\\/\\\/alekeskus.eu\\\/pood\\\/\"},{\"@type\":\"ListItem\",\"position\":3,\"name\":\"Aiamaja Alexandra 13,7 m\u00b2 sein 44 mm L\u00d5PUM\u00dc\u00dcGI ALE!\"}]},{\"@type\":\"WebSite\",\"@id\":\"https:\\\/\\\/alekeskus.eu\\\/#website\",\"url\":\"https:\\\/\\\/alekeskus.eu\\\/\",\"name\":\"Alekeskus\",\"description\":\"Alekeskus.eu\",\"potentialAction\":[{\"@type\":\"SearchAction\",\"target\":{\"@type\":\"EntryPoint\",\"urlTemplate\":\"https:\\\/\\\/alekeskus.eu\\\/?s={search_term_string}\"},\"query-input\":{\"@type\":\"PropertyValueSpecification\",\"valueRequired\":true,\"valueName\":\"search_term_string\"}}],\"inLanguage\":\"et\"}]}<\/script>\n<!-- \/ Yoast SEO plugin. -->","yoast_head_json":{"title":"Aiamaja Alexandra 13,7 m\u00b2 sein 44 mm L\u00d5PUM\u00dc\u00dcGI ALE! - Alekeskus","description":"aiamaja kodukontor Alexandra, mis on Eestis tehtud ja kohe saadaval soodushinnaga","robots":{"index":"index","follow":"follow","max-snippet":"max-snippet:-1","max-image-preview":"max-image-preview:large","max-video-preview":"max-video-preview:-1"},"canonical":"https:\/\/alekeskus.eu\/et\/toode\/aiamaja-alexandra-137-alekeskus\/","og_locale":"et_EE","og_type":"article","og_title":"Aiamaja Alexandra 13,7 m\u00b2 sein 44 mm L\u00d5PUM\u00dc\u00dcGI ALE! - Alekeskus","og_description":"aiamaja kodukontor Alexandra, mis on Eestis tehtud ja kohe saadaval soodushinnaga","og_url":"https:\/\/alekeskus.eu\/et\/toode\/aiamaja-alexandra-137-alekeskus\/","og_site_name":"Alekeskus","article_modified_time":"2026-04-24T07:57:41+00:00","og_image":[{"width":1600,"height":1067,"url":"https:\/\/alekeskus.eu\/wp-content\/uploads\/2022\/11\/Alexandra-scaled.jpg","type":"image\/jpeg"}],"twitter_card":"summary_large_image","twitter_misc":{"Est. reading time":"1 minut"},"schema":{"@context":"https:\/\/schema.org","@graph":[{"@type":"WebPage","@id":"https:\/\/alekeskus.eu\/et\/toode\/aiamaja-alexandra-137-alekeskus\/","url":"https:\/\/alekeskus.eu\/et\/toode\/aiamaja-alexandra-137-alekeskus\/","name":"Aiamaja Alexandra 13,7 m\u00b2 sein 44 mm L\u00d5PUM\u00dc\u00dcGI ALE! - Alekeskus","isPartOf":{"@id":"https:\/\/alekeskus.eu\/#website"},"primaryImageOfPage":{"@id":"https:\/\/alekeskus.eu\/et\/toode\/aiamaja-alexandra-137-alekeskus\/#primaryimage"},"image":{"@id":"https:\/\/alekeskus.eu\/et\/toode\/aiamaja-alexandra-137-alekeskus\/#primaryimage"},"thumbnailUrl":"https:\/\/alekeskus.eu\/wp-content\/uploads\/2022\/11\/Alexandra-scaled.jpg","datePublished":"2025-11-16T17:59:55+00:00","dateModified":"2026-04-24T07:57:41+00:00","description":"aiamaja kodukontor Alexandra, mis on Eestis tehtud ja kohe saadaval soodushinnaga","breadcrumb":{"@id":"https:\/\/alekeskus.eu\/et\/toode\/aiamaja-alexandra-137-alekeskus\/#breadcrumb"},"inLanguage":"et","potentialAction":[{"@type":"ReadAction","target":["https:\/\/alekeskus.eu\/et\/toode\/aiamaja-alexandra-137-alekeskus\/"]}]},{"@type":"ImageObject","inLanguage":"et","@id":"https:\/\/alekeskus.eu\/et\/toode\/aiamaja-alexandra-137-alekeskus\/#primaryimage","url":"https:\/\/alekeskus.eu\/wp-content\/uploads\/2022\/11\/Alexandra-scaled.jpg","contentUrl":"https:\/\/alekeskus.eu\/wp-content\/uploads\/2022\/11\/Alexandra-scaled.jpg","width":1600,"height":1067},{"@type":"BreadcrumbList","@id":"https:\/\/alekeskus.eu\/et\/toode\/aiamaja-alexandra-137-alekeskus\/#breadcrumb","itemListElement":[{"@type":"ListItem","position":1,"name":"Avaleht","item":"https:\/\/alekeskus.eu\/et\/"},{"@type":"ListItem","position":2,"name":"Pood","item":"https:\/\/alekeskus.eu\/pood\/"},{"@type":"ListItem","position":3,"name":"Aiamaja Alexandra 13,7 m\u00b2 sein 44 mm L\u00d5PUM\u00dc\u00dcGI ALE!"}]},{"@type":"WebSite","@id":"https:\/\/alekeskus.eu\/#website","url":"https:\/\/alekeskus.eu\/","name":"Alekeskus","description":"Alekeskus.eu","potentialAction":[{"@type":"SearchAction","target":{"@type":"EntryPoint","urlTemplate":"https:\/\/alekeskus.eu\/?s={search_term_string}"},"query-input":{"@type":"PropertyValueSpecification","valueRequired":true,"valueName":"search_term_string"}}],"inLanguage":"et"}]}},"brands":[],"_links":{"self":[{"href":"https:\/\/alekeskus.eu\/et\/wp-json\/wp\/v2\/product\/78802","targetHints":{"allow":["GET"]}}],"collection":[{"href":"https:\/\/alekeskus.eu\/et\/wp-json\/wp\/v2\/product"}],"about":[{"href":"https:\/\/alekeskus.eu\/et\/wp-json\/wp\/v2\/types\/product"}],"wp:featuredmedia":[{"embeddable":true,"href":"https:\/\/alekeskus.eu\/et\/wp-json\/wp\/v2\/media\/78816"}],"wp:attachment":[{"href":"https:\/\/alekeskus.eu\/et\/wp-json\/wp\/v2\/media?parent=78802"}],"wp:term":[{"taxonomy":"pwb-brand","embeddable":true,"href":"https:\/\/alekeskus.eu\/et\/wp-json\/wp\/v2\/pwb-brand?post=78802"},{"taxonomy":"product_brand","embeddable":true,"href":"https:\/\/alekeskus.eu\/et\/wp-json\/wp\/v2\/product_brand?post=78802"},{"taxonomy":"product_cat","embeddable":true,"href":"https:\/\/alekeskus.eu\/et\/wp-json\/wp\/v2\/product_cat?post=78802"},{"taxonomy":"product_tag","embeddable":true,"href":"https:\/\/alekeskus.eu\/et\/wp-json\/wp\/v2\/product_tag?post=78802"}],"curies":[{"name":"wp","href":"https:\/\/api.w.org\/{rel}","templated":true}]}}