{"id":78903,"date":"2025-02-01T18:49:41","date_gmt":"2025-02-01T18:49:41","guid":{"rendered":"https:\/\/alekeskus.eu\/?post_type=product&#038;p=78903"},"modified":"2026-02-14T19:22:31","modified_gmt":"2026-02-14T19:22:31","slug":"sauna-vanker-12-alekeskus","status":"publish","type":"product","link":"https:\/\/alekeskus.eu\/et\/toode\/sauna-vanker-12-alekeskus\/","title":{"rendered":"Sauna Vanker 12 m\u00b2"},"content":{"rendered":"<div>\n<div>\n<div class=\"gal-text\">Hinnas k\u00f5ik puuosad (k.a. uksed ja aknad, viimased on enamikul juhul juba paigaldatud seinaelementidesse), kinnitusvahendid ning \u00fcksikasjalik koostejuhend. Katusekate ei sisaldu tarnes.<\/div>\n<\/div>\n<\/div>\n<p>Valmiselementide raamide \u00fchendamisel kruvikoostega tekib tugev ja vastupidav raamkonstruktsioon, mis teenib oma peremeest h\u00e4sti pika aja v\u00e4ltel ka p\u00f5hjamaises kliimas.<br \/>\nEhitiste aluspuudeks kasutatakse minimaalselt 44&#215;94 mm ristl\u00f5ikega puitu.<br \/>\nToodete komplekteerimiseks kasutatakse ainult kvaliteetseid tarvikuid, mis tagavad toodete hea toimivuse kogu nende kasutusea jooksul: silinderlukke, reguleeritavaid mantelhingi jne.<\/p>\n<p>Vankri metallosad on enne v\u00e4rvimist ka tsingitud. Maja toetub terastugedele ja rattad ei ole m\u00f5eldud maja vedamiseks, kuid v\u00f5imaldavad \u00f5uealas maja l\u00fckkamist teise kohta.<\/p>\n<div>\n<div id=\"14312619ae67ff11b48e\"><\/div>\n<\/div>\n<div><\/div>\n","protected":false},"excerpt":{"rendered":"<p>M\u00f5\u00f5dud:<strong> 5,0 x 2,4 m.<\/strong><\/p>\n<h4>Saunvankris on leiliruum, eesruum ja lahtine veranda.<\/h4>\n<p>Elementseinad 18 mm. Punnitud p\u00f5randa- ja katuselauad 18 mm. Eristuva v\u00e4limusega teisaldatav aiasaun. S\u00e4\u00e4st vundamendi ehitamiselt, sest seisab muudetava k\u00f5rgusega pulberv\u00e4rvitud terastugedel, millel k\u00fcljes ka veerevad rattad. Vankrit saab vajadusel l\u00fckata teise kohta.<\/p>\n<p>1 avanev aken, pakettklaasid, pulberv\u00e4rvitud terasraam, veerevad terasrattad, seadistatavad terasest seisujalad. Leiliruumi p\u00f5rand 28 x 94mm laud, laudade vahe 2 mm, leiliruumi aknaklaas karastatud, uks karastatud klaasist, lavalaud lepp. Keris ei sisaldu hinnas.<\/p>\n<p>Eesti toode. Vihmakindel pakend.<\/p>\n<p>Vedu mandri Eestis tellijapoolse mahalaadimisega 180\u20ac v\u00f5i mahat\u00f5stega 350\u20ac(suursaartele vastavalt 280\u20ac ja 590\u20ac).<\/p>\n<p>K\u00fcsi paigaldust!<\/p>\n","protected":false},"featured_media":78907,"template":"","meta":{"_monsterinsights_skip_tracking":false,"_monsterinsights_sitenote_active":false,"_monsterinsights_sitenote_note":"","_monsterinsights_sitenote_category":0},"pwb-brand":[],"product_brand":[],"product_cat":[13592,13540,13602,13604],"product_tag":[13816,13818,17388,13820,17880,13822,17973,13824,15914,13813,13814],"class_list":{"0":"post-78903","1":"product","2":"type-product","3":"status-publish","4":"has-post-thumbnail","6":"product_cat-aia-ja-grillmajad","7":"product_cat-hooned-alekeskus","8":"product_cat-elementmajad","9":"product_cat-saunad","10":"product_tag-peomaja","11":"product_tag-wagon","12":"product_tag-saunamaja","13":"product_tag-rakennus","14":"product_tag-tunnisaun","15":"product_tag-vagun","16":"product_tag-aiasaun","17":"product_tag-vankkuri","18":"product_tag-pihasauna","19":"product_tag-aiamaja","20":"product_tag-ouemaja","21":"product_shipping_class-alates-1000kg","22":"pa_garantii-2-aastat","23":"pa_kohaletoimetamine-alates-180e","24":"pa_laoasukoht-vorumaa","25":"pa_pindalam-13827","26":"pa_tellimisaeg-tilausaika-alekeskus","27":"pa_varv-viimistlemata","28":"pa_veame-eesti-ja-soome","30":"first","31":"onbackorder","32":"featured","33":"taxable","34":"shipping-taxable","35":"purchasable","36":"product-type-simple"},"yoast_head":"<!-- This site is optimized with the Yoast SEO plugin v27.3 - https:\/\/yoast.com\/product\/yoast-seo-wordpress\/ -->\n<title>Sauna Vanker 12 m\u00b2 - Alekeskus<\/title>\n<meta name=\"description\" content=\"aiasaun, mida saab liigutada \u00fchest aiaotsast teise.\" \/>\n<meta name=\"robots\" content=\"index, follow, max-snippet:-1, max-image-preview:large, max-video-preview:-1\" \/>\n<link rel=\"canonical\" href=\"https:\/\/alekeskus.eu\/et\/toode\/sauna-vanker-12-alekeskus\/\" \/>\n<meta property=\"og:locale\" content=\"et_EE\" \/>\n<meta property=\"og:type\" content=\"article\" \/>\n<meta property=\"og:title\" content=\"Sauna Vanker 12 m\u00b2 - Alekeskus\" \/>\n<meta property=\"og:description\" content=\"aiasaun, mida saab liigutada \u00fchest aiaotsast teise.\" \/>\n<meta property=\"og:url\" content=\"https:\/\/alekeskus.eu\/et\/toode\/sauna-vanker-12-alekeskus\/\" \/>\n<meta property=\"og:site_name\" content=\"Alekeskus\" \/>\n<meta property=\"article:modified_time\" content=\"2026-02-14T19:22:31+00:00\" \/>\n<meta property=\"og:image\" content=\"https:\/\/alekeskus.eu\/wp-content\/uploads\/2022\/11\/Vanker-Saun.jpeg\" \/>\n\t<meta property=\"og:image:width\" content=\"1600\" \/>\n\t<meta property=\"og:image:height\" content=\"900\" \/>\n\t<meta property=\"og:image:type\" content=\"image\/jpeg\" \/>\n<meta name=\"twitter:card\" content=\"summary_large_image\" \/>\n<meta name=\"twitter:label1\" content=\"Est. reading time\" \/>\n\t<meta name=\"twitter:data1\" content=\"1 minut\" \/>\n<script type=\"application\/ld+json\" class=\"yoast-schema-graph\">{\"@context\":\"https:\\\/\\\/schema.org\",\"@graph\":[{\"@type\":\"WebPage\",\"@id\":\"https:\\\/\\\/alekeskus.eu\\\/et\\\/toode\\\/sauna-vanker-12-alekeskus\\\/\",\"url\":\"https:\\\/\\\/alekeskus.eu\\\/et\\\/toode\\\/sauna-vanker-12-alekeskus\\\/\",\"name\":\"Sauna Vanker 12 m\u00b2 - Alekeskus\",\"isPartOf\":{\"@id\":\"https:\\\/\\\/alekeskus.eu\\\/#website\"},\"primaryImageOfPage\":{\"@id\":\"https:\\\/\\\/alekeskus.eu\\\/et\\\/toode\\\/sauna-vanker-12-alekeskus\\\/#primaryimage\"},\"image\":{\"@id\":\"https:\\\/\\\/alekeskus.eu\\\/et\\\/toode\\\/sauna-vanker-12-alekeskus\\\/#primaryimage\"},\"thumbnailUrl\":\"https:\\\/\\\/alekeskus.eu\\\/wp-content\\\/uploads\\\/2022\\\/11\\\/Vanker-Saun.jpeg\",\"datePublished\":\"2025-02-01T18:49:41+00:00\",\"dateModified\":\"2026-02-14T19:22:31+00:00\",\"description\":\"aiasaun, mida saab liigutada \u00fchest aiaotsast teise.\",\"breadcrumb\":{\"@id\":\"https:\\\/\\\/alekeskus.eu\\\/et\\\/toode\\\/sauna-vanker-12-alekeskus\\\/#breadcrumb\"},\"inLanguage\":\"et\",\"potentialAction\":[{\"@type\":\"ReadAction\",\"target\":[\"https:\\\/\\\/alekeskus.eu\\\/et\\\/toode\\\/sauna-vanker-12-alekeskus\\\/\"]}]},{\"@type\":\"ImageObject\",\"inLanguage\":\"et\",\"@id\":\"https:\\\/\\\/alekeskus.eu\\\/et\\\/toode\\\/sauna-vanker-12-alekeskus\\\/#primaryimage\",\"url\":\"https:\\\/\\\/alekeskus.eu\\\/wp-content\\\/uploads\\\/2022\\\/11\\\/Vanker-Saun.jpeg\",\"contentUrl\":\"https:\\\/\\\/alekeskus.eu\\\/wp-content\\\/uploads\\\/2022\\\/11\\\/Vanker-Saun.jpeg\",\"width\":1600,\"height\":900},{\"@type\":\"BreadcrumbList\",\"@id\":\"https:\\\/\\\/alekeskus.eu\\\/et\\\/toode\\\/sauna-vanker-12-alekeskus\\\/#breadcrumb\",\"itemListElement\":[{\"@type\":\"ListItem\",\"position\":1,\"name\":\"Avaleht\",\"item\":\"https:\\\/\\\/alekeskus.eu\\\/et\\\/\"},{\"@type\":\"ListItem\",\"position\":2,\"name\":\"Pood\",\"item\":\"https:\\\/\\\/alekeskus.eu\\\/pood\\\/\"},{\"@type\":\"ListItem\",\"position\":3,\"name\":\"Sauna Vanker 12 m\u00b2\"}]},{\"@type\":\"WebSite\",\"@id\":\"https:\\\/\\\/alekeskus.eu\\\/#website\",\"url\":\"https:\\\/\\\/alekeskus.eu\\\/\",\"name\":\"Alekeskus\",\"description\":\"Alekeskus.eu\",\"potentialAction\":[{\"@type\":\"SearchAction\",\"target\":{\"@type\":\"EntryPoint\",\"urlTemplate\":\"https:\\\/\\\/alekeskus.eu\\\/?s={search_term_string}\"},\"query-input\":{\"@type\":\"PropertyValueSpecification\",\"valueRequired\":true,\"valueName\":\"search_term_string\"}}],\"inLanguage\":\"et\"}]}<\/script>\n<!-- \/ Yoast SEO plugin. -->","yoast_head_json":{"title":"Sauna Vanker 12 m\u00b2 - Alekeskus","description":"aiasaun, mida saab liigutada \u00fchest aiaotsast teise.","robots":{"index":"index","follow":"follow","max-snippet":"max-snippet:-1","max-image-preview":"max-image-preview:large","max-video-preview":"max-video-preview:-1"},"canonical":"https:\/\/alekeskus.eu\/et\/toode\/sauna-vanker-12-alekeskus\/","og_locale":"et_EE","og_type":"article","og_title":"Sauna Vanker 12 m\u00b2 - Alekeskus","og_description":"aiasaun, mida saab liigutada \u00fchest aiaotsast teise.","og_url":"https:\/\/alekeskus.eu\/et\/toode\/sauna-vanker-12-alekeskus\/","og_site_name":"Alekeskus","article_modified_time":"2026-02-14T19:22:31+00:00","og_image":[{"width":1600,"height":900,"url":"https:\/\/alekeskus.eu\/wp-content\/uploads\/2022\/11\/Vanker-Saun.jpeg","type":"image\/jpeg"}],"twitter_card":"summary_large_image","twitter_misc":{"Est. reading time":"1 minut"},"schema":{"@context":"https:\/\/schema.org","@graph":[{"@type":"WebPage","@id":"https:\/\/alekeskus.eu\/et\/toode\/sauna-vanker-12-alekeskus\/","url":"https:\/\/alekeskus.eu\/et\/toode\/sauna-vanker-12-alekeskus\/","name":"Sauna Vanker 12 m\u00b2 - Alekeskus","isPartOf":{"@id":"https:\/\/alekeskus.eu\/#website"},"primaryImageOfPage":{"@id":"https:\/\/alekeskus.eu\/et\/toode\/sauna-vanker-12-alekeskus\/#primaryimage"},"image":{"@id":"https:\/\/alekeskus.eu\/et\/toode\/sauna-vanker-12-alekeskus\/#primaryimage"},"thumbnailUrl":"https:\/\/alekeskus.eu\/wp-content\/uploads\/2022\/11\/Vanker-Saun.jpeg","datePublished":"2025-02-01T18:49:41+00:00","dateModified":"2026-02-14T19:22:31+00:00","description":"aiasaun, mida saab liigutada \u00fchest aiaotsast teise.","breadcrumb":{"@id":"https:\/\/alekeskus.eu\/et\/toode\/sauna-vanker-12-alekeskus\/#breadcrumb"},"inLanguage":"et","potentialAction":[{"@type":"ReadAction","target":["https:\/\/alekeskus.eu\/et\/toode\/sauna-vanker-12-alekeskus\/"]}]},{"@type":"ImageObject","inLanguage":"et","@id":"https:\/\/alekeskus.eu\/et\/toode\/sauna-vanker-12-alekeskus\/#primaryimage","url":"https:\/\/alekeskus.eu\/wp-content\/uploads\/2022\/11\/Vanker-Saun.jpeg","contentUrl":"https:\/\/alekeskus.eu\/wp-content\/uploads\/2022\/11\/Vanker-Saun.jpeg","width":1600,"height":900},{"@type":"BreadcrumbList","@id":"https:\/\/alekeskus.eu\/et\/toode\/sauna-vanker-12-alekeskus\/#breadcrumb","itemListElement":[{"@type":"ListItem","position":1,"name":"Avaleht","item":"https:\/\/alekeskus.eu\/et\/"},{"@type":"ListItem","position":2,"name":"Pood","item":"https:\/\/alekeskus.eu\/pood\/"},{"@type":"ListItem","position":3,"name":"Sauna Vanker 12 m\u00b2"}]},{"@type":"WebSite","@id":"https:\/\/alekeskus.eu\/#website","url":"https:\/\/alekeskus.eu\/","name":"Alekeskus","description":"Alekeskus.eu","potentialAction":[{"@type":"SearchAction","target":{"@type":"EntryPoint","urlTemplate":"https:\/\/alekeskus.eu\/?s={search_term_string}"},"query-input":{"@type":"PropertyValueSpecification","valueRequired":true,"valueName":"search_term_string"}}],"inLanguage":"et"}]}},"brands":[],"_links":{"self":[{"href":"https:\/\/alekeskus.eu\/et\/wp-json\/wp\/v2\/product\/78903","targetHints":{"allow":["GET"]}}],"collection":[{"href":"https:\/\/alekeskus.eu\/et\/wp-json\/wp\/v2\/product"}],"about":[{"href":"https:\/\/alekeskus.eu\/et\/wp-json\/wp\/v2\/types\/product"}],"wp:featuredmedia":[{"embeddable":true,"href":"https:\/\/alekeskus.eu\/et\/wp-json\/wp\/v2\/media\/78907"}],"wp:attachment":[{"href":"https:\/\/alekeskus.eu\/et\/wp-json\/wp\/v2\/media?parent=78903"}],"wp:term":[{"taxonomy":"pwb-brand","embeddable":true,"href":"https:\/\/alekeskus.eu\/et\/wp-json\/wp\/v2\/pwb-brand?post=78903"},{"taxonomy":"product_brand","embeddable":true,"href":"https:\/\/alekeskus.eu\/et\/wp-json\/wp\/v2\/product_brand?post=78903"},{"taxonomy":"product_cat","embeddable":true,"href":"https:\/\/alekeskus.eu\/et\/wp-json\/wp\/v2\/product_cat?post=78903"},{"taxonomy":"product_tag","embeddable":true,"href":"https:\/\/alekeskus.eu\/et\/wp-json\/wp\/v2\/product_tag?post=78903"}],"curies":[{"name":"wp","href":"https:\/\/api.w.org\/{rel}","templated":true}]}}