{"id":79377,"date":"2025-12-14T14:16:29","date_gmt":"2025-12-14T14:16:29","guid":{"rendered":"https:\/\/alekeskus.eu\/?post_type=product&#038;p=79377"},"modified":"2025-12-19T20:14:55","modified_gmt":"2025-12-19T20:14:55","slug":"aiamaja-piret148-alekeskus","status":"publish","type":"product","link":"https:\/\/alekeskus.eu\/et\/toode\/aiamaja-piret148-alekeskus\/","title":{"rendered":"Aiamaja Piret 14,8 m\u00b2  L\u00d5PUM\u00dc\u00dcK !"},"content":{"rendered":"<div class=\"pictogram qtip-additional-element\">\n<div class=\"image\">\n<p><strong>Telli juurde:<\/strong><\/p>\n<p><strong>&#8211; <\/strong><strong>SBS-bituumenkatusekate 5 rulli\u00a0<\/strong><\/p>\n<p><strong>&#8211;\u00a0<strong>puitosa kastmine puukaitseainesse: <strong>\u00a0pruun<strong>, hall v\u00f5i valge<\/strong><\/strong><\/strong><\/strong><\/p>\n<p><strong>&#8211; v\u00e4rvituna (4 v\u00e4rvilahendust)<\/strong><\/p>\n<\/div>\n<\/div>\n<div class=\"pictogram qtip-additional-element\">\n<div class=\"description\">Pakend: 6,0&#215;1,2&#215;0,8 m; kaal 1500 kg<\/div>\n<div>Paigaldusjuhend:\u00a0 <a href=\"https:\/\/alekeskus.eu\/wp-content\/uploads\/2022\/12\/Brett-148-ohje.pdf\">Brett 14,8 ohje<\/a><\/div>\n<\/div>\n<div class=\"clearfix\"><\/div>\n<div class=\"pictogram qtip-additional-element\"><\/div>\n","protected":false},"excerpt":{"rendered":"<p>V\u00e4lism\u00f5\u00f5dud:<strong> 4,58 x 3,38 m.\u00a0<\/strong><\/p>\n<p><strong>TASUTA VEDU JA MAHALAADIMINE(ka suursaartele)!<\/strong><\/p>\n<ul>\n<li>tuuletapiga <strong>freespalksein 44 mm<\/strong>, tormikinnitused<\/li>\n<li>seinte k\u00f5rgused 227 cm ja 254 cm<\/li>\n<li>katusetalad 70 x 140 mm, punniga katuselauad 19 mm<\/li>\n<li>katuse pindala 21 m\u00b2 ja kalle 2.4\u00ba, r\u00e4\u00e4stas ees 0,5 m<\/li>\n<li>katusekate lisahinnaga(tarve 5 rulli SBS-bituumenrullkatet)<\/li>\n<li>punniga p\u00f5randalauad 19 mm, puidukaitsega k\u00e4sitletud p\u00f5randatalad 45 x 70 mm<\/li>\n<li>\u00a03-6-3 pakettklaasiga uks 151 \u00d7 186 cm, liimpuidust ukseleng, metalliga kaetud k\u00fcnnis, silinderlukk<\/li>\n<li>p\u00f6\u00f6rd-ja kaldavanemisega 3-6-3 pakettaknad 2 tk 66 x 168 cm tilganinaga<\/li>\n<li>tellitav puidukaitsevahendisse kastetuna +1000\u20ac (pruun, hall v\u00f5i valkjas)<strong><img decoding=\"async\" class=\"\" src=\"https:\/\/www.palmako.ee\/sites\/default\/files\/styles\/product_list_item\/public\/2020-06\/BNDIP.jpg?itok=_LQkkeHM\" width=\"66\" height=\"66\" \/><img decoding=\"async\" class=\"\" src=\"https:\/\/www.palmako.ee\/sites\/default\/files\/styles\/product_list_item\/public\/2020-06\/GYDIP.jpg?itok=RrYf7KTV\" width=\"66\" height=\"66\" \/><img decoding=\"async\" class=\"\" src=\"https:\/\/www.palmako.ee\/sites\/default\/files\/styles\/product_list_item\/public\/2020-06\/WTDIP.jpg?itok=D9U46coI\" width=\"67\" height=\"67\" \/> <\/strong>v\u00f5i v\u00e4ljast v\u00e4rvituna (4 v\u00e4rvilahendust) + 2000\u20ac<\/li>\n<li>kinnitusvahendid ja koostejuhend<\/li>\n<li>Eesti toode<\/li>\n<li>garantii 5 aastat<\/li>\n<li>vihmakindel pakend<\/li>\n<\/ul>\n<p>K\u00fcsi ka paigaldust!<\/p>\n<p>&nbsp;<\/p>\n","protected":false},"featured_media":94165,"template":"","meta":{"_monsterinsights_skip_tracking":false,"_monsterinsights_sitenote_active":false,"_monsterinsights_sitenote_note":"","_monsterinsights_sitenote_category":0},"pwb-brand":[18577],"product_brand":[],"product_cat":[18677,17182,13538,13592,13540,13608],"product_tag":[13913,13978,18033,14277,18330,13813,14310,15276,18565,13833,15353,13848,15389,13864,13899],"class_list":{"0":"post-79377","1":"product","2":"type-product","3":"status-publish","4":"has-post-thumbnail","6":"pwb-brand-eesti","7":"product_cat-lopumuuk","8":"product_cat-suvekoogid-alekeskus","9":"product_cat-ale","10":"product_cat-aia-ja-grillmajad","11":"product_cat-hooned-alekeskus","12":"product_cat-kontorid","13":"product_tag-vierasmaja","14":"product_tag-huvila","15":"product_tag-rantamokki-2","16":"product_tag-freespalk","17":"product_tag-palmako-vierasmaja","18":"product_tag-aiamaja","19":"product_tag-kodukontor","20":"product_tag-pihatoimisto","21":"product_tag-etatyotila-2","22":"product_tag-pihamaja","23":"product_tag-pihamokki","24":"product_tag-lehtla","25":"product_tag-pool-house","26":"product_tag-huvimaja","27":"product_tag-garden-house","28":"product_shipping_class-tasuta-transport-alates-1000kg","29":"pa_garantii-5-aastat","30":"pa_kohaletoimetamine-tasuta-mandri-eestis-ja-suursaartel-soome-alates-699e","31":"pa_laoasukoht-tartumaa","32":"pa_pindalam-17555","33":"pa_seinapaksus-17405","34":"pa_tellimisaeg-tilausaika-alekeskus","35":"pa_varv-viimistlemata","36":"pa_varv-pruunikas-puidukaitse","37":"pa_varv-hallikas-puidukaitse","38":"pa_varv-valkjas-puidukaitse","39":"pa_veame-eesti-ja-soome","41":"first","42":"instock","43":"sale","44":"featured","45":"taxable","46":"shipping-taxable","47":"purchasable","48":"product-type-variable"},"yoast_head":"<!-- This site is optimized with the Yoast SEO plugin v27.3 - https:\/\/yoast.com\/product\/yoast-seo-wordpress\/ -->\n<title>Aiamaja Piret 14,8 m\u00b2 L\u00d5PUM\u00dc\u00dcK ! - Alekeskus<\/title>\n<meta name=\"description\" content=\"kaasaegne aiamaja 44 mm freespalgist\" \/>\n<meta name=\"robots\" content=\"index, follow, max-snippet:-1, max-image-preview:large, max-video-preview:-1\" \/>\n<link rel=\"canonical\" href=\"https:\/\/alekeskus.eu\/toode\/aiamaja-piret148-alekeskus\/\" \/>\n<meta property=\"og:locale\" content=\"et_EE\" \/>\n<meta property=\"og:type\" content=\"article\" \/>\n<meta property=\"og:title\" content=\"Aiamaja Piret 14,8 m\u00b2 L\u00d5PUM\u00dc\u00dcK ! - Alekeskus\" \/>\n<meta property=\"og:description\" content=\"kaasaegne aiamaja 44 mm freespalgist\" \/>\n<meta property=\"og:url\" content=\"https:\/\/alekeskus.eu\/toode\/aiamaja-piret148-alekeskus\/\" \/>\n<meta property=\"og:site_name\" content=\"Alekeskus\" \/>\n<meta property=\"article:modified_time\" content=\"2025-12-19T20:14:55+00:00\" \/>\n<meta property=\"og:image\" content=\"https:\/\/alekeskus.eu\/wp-content\/uploads\/2022\/12\/Bret_14.8_NATURAL_wb2025.jpg\" \/>\n\t<meta property=\"og:image:width\" content=\"2500\" \/>\n\t<meta property=\"og:image:height\" content=\"1875\" \/>\n\t<meta property=\"og:image:type\" content=\"image\/jpeg\" \/>\n<meta name=\"twitter:card\" content=\"summary_large_image\" \/>\n<meta name=\"twitter:label1\" content=\"Est. reading time\" \/>\n\t<meta name=\"twitter:data1\" content=\"1 minut\" \/>\n<script type=\"application\/ld+json\" class=\"yoast-schema-graph\">{\"@context\":\"https:\\\/\\\/schema.org\",\"@graph\":[{\"@type\":\"WebPage\",\"@id\":\"https:\\\/\\\/alekeskus.eu\\\/toode\\\/aiamaja-piret148-alekeskus\\\/\",\"url\":\"https:\\\/\\\/alekeskus.eu\\\/toode\\\/aiamaja-piret148-alekeskus\\\/\",\"name\":\"Aiamaja Piret 14,8 m\u00b2 L\u00d5PUM\u00dc\u00dcK ! - Alekeskus\",\"isPartOf\":{\"@id\":\"https:\\\/\\\/alekeskus.eu\\\/#website\"},\"primaryImageOfPage\":{\"@id\":\"https:\\\/\\\/alekeskus.eu\\\/toode\\\/aiamaja-piret148-alekeskus\\\/#primaryimage\"},\"image\":{\"@id\":\"https:\\\/\\\/alekeskus.eu\\\/toode\\\/aiamaja-piret148-alekeskus\\\/#primaryimage\"},\"thumbnailUrl\":\"https:\\\/\\\/alekeskus.eu\\\/wp-content\\\/uploads\\\/2022\\\/12\\\/Bret_14.8_NATURAL_wb2025.jpg\",\"datePublished\":\"2025-12-14T14:16:29+00:00\",\"dateModified\":\"2025-12-19T20:14:55+00:00\",\"description\":\"kaasaegne aiamaja 44 mm freespalgist\",\"breadcrumb\":{\"@id\":\"https:\\\/\\\/alekeskus.eu\\\/toode\\\/aiamaja-piret148-alekeskus\\\/#breadcrumb\"},\"inLanguage\":\"et\",\"potentialAction\":[{\"@type\":\"ReadAction\",\"target\":[\"https:\\\/\\\/alekeskus.eu\\\/toode\\\/aiamaja-piret148-alekeskus\\\/\"]}]},{\"@type\":\"ImageObject\",\"inLanguage\":\"et\",\"@id\":\"https:\\\/\\\/alekeskus.eu\\\/toode\\\/aiamaja-piret148-alekeskus\\\/#primaryimage\",\"url\":\"https:\\\/\\\/alekeskus.eu\\\/wp-content\\\/uploads\\\/2022\\\/12\\\/Bret_14.8_NATURAL_wb2025.jpg\",\"contentUrl\":\"https:\\\/\\\/alekeskus.eu\\\/wp-content\\\/uploads\\\/2022\\\/12\\\/Bret_14.8_NATURAL_wb2025.jpg\",\"width\":1600,\"height\":1200},{\"@type\":\"BreadcrumbList\",\"@id\":\"https:\\\/\\\/alekeskus.eu\\\/toode\\\/aiamaja-piret148-alekeskus\\\/#breadcrumb\",\"itemListElement\":[{\"@type\":\"ListItem\",\"position\":1,\"name\":\"Avaleht\",\"item\":\"https:\\\/\\\/alekeskus.eu\\\/et\\\/\"},{\"@type\":\"ListItem\",\"position\":2,\"name\":\"Pood\",\"item\":\"https:\\\/\\\/alekeskus.eu\\\/pood\\\/\"},{\"@type\":\"ListItem\",\"position\":3,\"name\":\"Aiamaja Piret 14,8 m\u00b2 L\u00d5PUM\u00dc\u00dcK !\"}]},{\"@type\":\"WebSite\",\"@id\":\"https:\\\/\\\/alekeskus.eu\\\/#website\",\"url\":\"https:\\\/\\\/alekeskus.eu\\\/\",\"name\":\"Alekeskus\",\"description\":\"Alekeskus.eu\",\"potentialAction\":[{\"@type\":\"SearchAction\",\"target\":{\"@type\":\"EntryPoint\",\"urlTemplate\":\"https:\\\/\\\/alekeskus.eu\\\/?s={search_term_string}\"},\"query-input\":{\"@type\":\"PropertyValueSpecification\",\"valueRequired\":true,\"valueName\":\"search_term_string\"}}],\"inLanguage\":\"et\"}]}<\/script>\n<!-- \/ Yoast SEO plugin. -->","yoast_head_json":{"title":"Aiamaja Piret 14,8 m\u00b2 L\u00d5PUM\u00dc\u00dcK ! - Alekeskus","description":"kaasaegne aiamaja 44 mm freespalgist","robots":{"index":"index","follow":"follow","max-snippet":"max-snippet:-1","max-image-preview":"max-image-preview:large","max-video-preview":"max-video-preview:-1"},"canonical":"https:\/\/alekeskus.eu\/toode\/aiamaja-piret148-alekeskus\/","og_locale":"et_EE","og_type":"article","og_title":"Aiamaja Piret 14,8 m\u00b2 L\u00d5PUM\u00dc\u00dcK ! - Alekeskus","og_description":"kaasaegne aiamaja 44 mm freespalgist","og_url":"https:\/\/alekeskus.eu\/toode\/aiamaja-piret148-alekeskus\/","og_site_name":"Alekeskus","article_modified_time":"2025-12-19T20:14:55+00:00","og_image":[{"width":2500,"height":1875,"url":"https:\/\/alekeskus.eu\/wp-content\/uploads\/2022\/12\/Bret_14.8_NATURAL_wb2025.jpg","type":"image\/jpeg"}],"twitter_card":"summary_large_image","twitter_misc":{"Est. reading time":"1 minut"},"schema":{"@context":"https:\/\/schema.org","@graph":[{"@type":"WebPage","@id":"https:\/\/alekeskus.eu\/toode\/aiamaja-piret148-alekeskus\/","url":"https:\/\/alekeskus.eu\/toode\/aiamaja-piret148-alekeskus\/","name":"Aiamaja Piret 14,8 m\u00b2 L\u00d5PUM\u00dc\u00dcK ! - Alekeskus","isPartOf":{"@id":"https:\/\/alekeskus.eu\/#website"},"primaryImageOfPage":{"@id":"https:\/\/alekeskus.eu\/toode\/aiamaja-piret148-alekeskus\/#primaryimage"},"image":{"@id":"https:\/\/alekeskus.eu\/toode\/aiamaja-piret148-alekeskus\/#primaryimage"},"thumbnailUrl":"https:\/\/alekeskus.eu\/wp-content\/uploads\/2022\/12\/Bret_14.8_NATURAL_wb2025.jpg","datePublished":"2025-12-14T14:16:29+00:00","dateModified":"2025-12-19T20:14:55+00:00","description":"kaasaegne aiamaja 44 mm freespalgist","breadcrumb":{"@id":"https:\/\/alekeskus.eu\/toode\/aiamaja-piret148-alekeskus\/#breadcrumb"},"inLanguage":"et","potentialAction":[{"@type":"ReadAction","target":["https:\/\/alekeskus.eu\/toode\/aiamaja-piret148-alekeskus\/"]}]},{"@type":"ImageObject","inLanguage":"et","@id":"https:\/\/alekeskus.eu\/toode\/aiamaja-piret148-alekeskus\/#primaryimage","url":"https:\/\/alekeskus.eu\/wp-content\/uploads\/2022\/12\/Bret_14.8_NATURAL_wb2025.jpg","contentUrl":"https:\/\/alekeskus.eu\/wp-content\/uploads\/2022\/12\/Bret_14.8_NATURAL_wb2025.jpg","width":1600,"height":1200},{"@type":"BreadcrumbList","@id":"https:\/\/alekeskus.eu\/toode\/aiamaja-piret148-alekeskus\/#breadcrumb","itemListElement":[{"@type":"ListItem","position":1,"name":"Avaleht","item":"https:\/\/alekeskus.eu\/et\/"},{"@type":"ListItem","position":2,"name":"Pood","item":"https:\/\/alekeskus.eu\/pood\/"},{"@type":"ListItem","position":3,"name":"Aiamaja Piret 14,8 m\u00b2 L\u00d5PUM\u00dc\u00dcK !"}]},{"@type":"WebSite","@id":"https:\/\/alekeskus.eu\/#website","url":"https:\/\/alekeskus.eu\/","name":"Alekeskus","description":"Alekeskus.eu","potentialAction":[{"@type":"SearchAction","target":{"@type":"EntryPoint","urlTemplate":"https:\/\/alekeskus.eu\/?s={search_term_string}"},"query-input":{"@type":"PropertyValueSpecification","valueRequired":true,"valueName":"search_term_string"}}],"inLanguage":"et"}]}},"brands":[{"id":18577,"name":"Eesti","slug":"eesti"}],"_links":{"self":[{"href":"https:\/\/alekeskus.eu\/et\/wp-json\/wp\/v2\/product\/79377","targetHints":{"allow":["GET"]}}],"collection":[{"href":"https:\/\/alekeskus.eu\/et\/wp-json\/wp\/v2\/product"}],"about":[{"href":"https:\/\/alekeskus.eu\/et\/wp-json\/wp\/v2\/types\/product"}],"wp:featuredmedia":[{"embeddable":true,"href":"https:\/\/alekeskus.eu\/et\/wp-json\/wp\/v2\/media\/94165"}],"wp:attachment":[{"href":"https:\/\/alekeskus.eu\/et\/wp-json\/wp\/v2\/media?parent=79377"}],"wp:term":[{"taxonomy":"pwb-brand","embeddable":true,"href":"https:\/\/alekeskus.eu\/et\/wp-json\/wp\/v2\/pwb-brand?post=79377"},{"taxonomy":"product_brand","embeddable":true,"href":"https:\/\/alekeskus.eu\/et\/wp-json\/wp\/v2\/product_brand?post=79377"},{"taxonomy":"product_cat","embeddable":true,"href":"https:\/\/alekeskus.eu\/et\/wp-json\/wp\/v2\/product_cat?post=79377"},{"taxonomy":"product_tag","embeddable":true,"href":"https:\/\/alekeskus.eu\/et\/wp-json\/wp\/v2\/product_tag?post=79377"}],"curies":[{"name":"wp","href":"https:\/\/api.w.org\/{rel}","templated":true}]}}