{"id":79428,"date":"2025-10-15T12:32:54","date_gmt":"2025-10-15T12:32:54","guid":{"rendered":"https:\/\/alekeskus.eu\/?post_type=product&#038;p=79428"},"modified":"2025-12-05T16:38:00","modified_gmt":"2025-12-05T16:38:00","slug":"vierasmaja-piret199-alekeskus","status":"publish","type":"product","link":"https:\/\/alekeskus.eu\/et\/toode\/vierasmaja-piret199-alekeskus\/","title":{"rendered":"Vierasmaja Piret 19,9 m\u00b2"},"content":{"rendered":"<div class=\"pictogram qtip-additional-element\">\n<div class=\"image\">\n<div class=\"pictogram qtip-additional-element\">\n<div class=\"image\">\n<p><strong>Lis\u00e4hintaan:<\/strong><\/p>\n<p><strong>&#8211; <\/strong><strong>SBS kattokermi 6 rll<\/strong><\/p>\n<p><strong><strong>&#8211; upotusk\u00e4sittely puunsuoja-aineella: kuultavat <strong>ruskea, harmaa tai valkoinen<\/strong><\/strong><\/strong><\/p>\n<p><strong>&#8211; pintak\u00e4sittely\u00a0 (4 v\u00e4rivaihtoehtoa)<\/strong><\/p>\n<\/div>\n<\/div>\n<div class=\"pictogram qtip-additional-element\">Rahtipakkaus: 6,0 x 1,2 x 0,9 m; rahtipaino 1800 kg<\/div>\n<\/div>\n<\/div>\n<div class=\"clearfix\"><\/div>\n<div class=\"pictogram qtip-additional-element\"><\/div>\n","protected":false},"excerpt":{"rendered":"<p>Ulkosein\u00e4mitat: <strong>5,3 x 3,9 m.\u00a0<\/strong><\/p>\n<p>Tyylik\u00e4s ja valoisa tasakattoinen vierasmaja tai et\u00e4ty\u00f6tila.<\/p>\n<ul>\n<li><strong>kevythirsirakenne 44 mm <\/strong>tuulitapeilla ja\u00a0myrskynvahvistuksilla<\/li>\n<li>r\u00e4yst\u00e4skorkeudet 227 cm ja 254 cm<\/li>\n<li>r\u00e4yst\u00e4s edess\u00e4 0,5 m, katon pinta-ala 26 m\u00b2 ja kaltevuus 2,4\u00ba<\/li>\n<li>pontatut kattolaudat 19 mm, kattopalkit 70 x 140 mm<\/li>\n<li>kattokate lis\u00e4hintaan(tarve 6 rll SBS-bitumikermia)<\/li>\n<li>pontatut lattialaudat 19 mm ja puunsuojatut lattianiskat 45 x 70 mm<\/li>\n<li>sylinterilukollinen pariovi 3-6-3 l\u00e4mp\u00f6lasilla 151 x 186 cm, karmi sormijatkettua massiivipuuta, kynnys metallip\u00e4\u00e4llysteell\u00e4<\/li>\n<li>avattavat ikkunat 3-6-3 l\u00e4mp\u00f6lasilla ja tippalistalla 2 kpl 66 x 168 cm<\/li>\n<li>upotusk\u00e4sittely puunsuoja-aineella +1200\u20ac(kuultavat ruskea, harmaa tai valkoinen)<strong><img decoding=\"async\" class=\"\" src=\"https:\/\/www.palmako.ee\/sites\/default\/files\/styles\/product_list_item\/public\/2020-06\/BNDIP.jpg?itok=_LQkkeHM\" width=\"66\" height=\"66\" \/><img decoding=\"async\" class=\"\" src=\"https:\/\/www.palmako.ee\/sites\/default\/files\/styles\/product_list_item\/public\/2020-06\/GYDIP.jpg?itok=RrYf7KTV\" width=\"66\" height=\"66\" \/><img decoding=\"async\" class=\"\" src=\"https:\/\/www.palmako.ee\/sites\/default\/files\/styles\/product_list_item\/public\/2020-06\/WTDIP.jpg?itok=D9U46coI\" width=\"67\" height=\"67\" \/><\/strong>tai pintak\u00e4sittely +2200\u20ac (4 v\u00e4rivaihtoehtoa); toimitusaika 2-4 viikkoa pitempi<\/li>\n<li>kasausohje ja kiinnikkeet<\/li>\n<li>5-vuoden tehtaan takuu<\/li>\n<li>tehty Eestiss\u00e4<\/li>\n<li>sateentiivis rahtipakkaus<\/li>\n<\/ul>\n<p>Rahti alkaen 699\u20ac (Uusimaa).<\/p>\n","protected":false},"featured_media":94192,"template":"","meta":{"_monsterinsights_skip_tracking":false,"_monsterinsights_sitenote_active":false,"_monsterinsights_sitenote_note":"","_monsterinsights_sitenote_category":0},"pwb-brand":[18577],"product_brand":[],"product_cat":[13593,17183,13539,13541,13605,13609],"product_tag":[17297,17392,17173,17615,17617,17197,18034,17223,18331,16363,17225,16364,17229,18564,17295],"class_list":{"0":"post-79428","1":"product","2":"type-product","3":"status-publish","4":"has-post-thumbnail","6":"pwb-brand-eesti","7":"product_cat-vierasmajat-alekeskus","8":"product_cat-kesakeittiot","9":"product_cat-ale","10":"product_cat-rakennukset","11":"product_cat-pihasaunat","12":"product_cat-pihatoimistot","13":"product_tag-pihatoimisto-fi-2","14":"product_tag-pihasauna-fi","15":"product_tag-pihamaja-fi-2","16":"product_tag-paviljonki-fi-2","17":"product_tag-allasmaja-fi","18":"product_tag-pihatoimisto-fi","19":"product_tag-rantamokki-fi","20":"product_tag-vierasmaja-fi","21":"product_tag-palmako-vierasmaja-fi","22":"product_tag-pihamaja-fi","23":"product_tag-huvila-fi","24":"product_tag-huvimaja-fi","25":"product_tag-kesamokki-fi-3","26":"product_tag-etatyotila","27":"product_tag-pihamaja-fi-3","28":"product_shipping_class-tasuta-transport-alates-1000kg-fi","29":"pa_garantii-5-vuotta-fi","30":"pa_kohaletoimetamine-alkaen-699e-alekeskus","31":"pa_laoasukoht-tartumaa-fi","32":"pa_pindalam-199-fi","33":"pa_seinapaksus-44-mm","34":"pa_tellimisaeg-1-3-viikossa","35":"pa_varv-valkoinen-puunsuoja","36":"pa_varv-puuvalmis-fi","37":"pa_varv-harmaa-puunsuoja","38":"pa_varv-ruskea-puunsuoja","39":"pa_veame-eesti-ja-suomi","41":"first","42":"instock","43":"sale","44":"featured","45":"taxable","46":"shipping-taxable","47":"purchasable","48":"product-type-variable"},"yoast_head":"<!-- This site is optimized with the Yoast SEO plugin v27.3 - https:\/\/yoast.com\/product\/yoast-seo-wordpress\/ -->\n<title>Vierasmaja Piret 19,9 m\u00b2 - Alekeskus<\/title>\n<meta name=\"description\" content=\"Tyylik\u00e4s tasakattoinen vierasmaja Piret 44 mm kevythirrest\u00e4 ja l\u00e4mp\u00f6laseilla.\" \/>\n<meta name=\"robots\" content=\"index, follow, max-snippet:-1, max-image-preview:large, max-video-preview:-1\" \/>\n<link rel=\"canonical\" href=\"https:\/\/alekeskus.eu\/fi\/tuote\/vierasmaja-piret199-alekeskus\/\" \/>\n<meta property=\"og:locale\" content=\"et_EE\" \/>\n<meta property=\"og:type\" content=\"article\" \/>\n<meta property=\"og:title\" content=\"Vierasmaja Piret 19,9 m\u00b2 - Alekeskus\" \/>\n<meta property=\"og:description\" content=\"Tyylik\u00e4s tasakattoinen vierasmaja Piret 44 mm kevythirrest\u00e4 ja l\u00e4mp\u00f6laseilla.\" \/>\n<meta property=\"og:url\" content=\"https:\/\/alekeskus.eu\/fi\/tuote\/vierasmaja-piret199-alekeskus\/\" \/>\n<meta property=\"og:site_name\" content=\"Alekeskus\" \/>\n<meta property=\"article:modified_time\" content=\"2025-12-05T16:38:00+00:00\" \/>\n<meta property=\"og:image\" content=\"https:\/\/alekeskus.eu\/wp-content\/uploads\/2022\/12\/Bret_19.9_m2_NATURAL_wb2025.jpg\" \/>\n\t<meta property=\"og:image:width\" content=\"2500\" \/>\n\t<meta property=\"og:image:height\" content=\"1875\" \/>\n\t<meta property=\"og:image:type\" content=\"image\/jpeg\" \/>\n<meta name=\"twitter:card\" content=\"summary_large_image\" \/>\n<meta name=\"twitter:label1\" content=\"Est. reading time\" \/>\n\t<meta name=\"twitter:data1\" content=\"1 minut\" \/>\n<script type=\"application\/ld+json\" class=\"yoast-schema-graph\">{\"@context\":\"https:\\\/\\\/schema.org\",\"@graph\":[{\"@type\":\"WebPage\",\"@id\":\"https:\\\/\\\/alekeskus.eu\\\/fi\\\/tuote\\\/vierasmaja-piret199-alekeskus\\\/\",\"url\":\"https:\\\/\\\/alekeskus.eu\\\/fi\\\/tuote\\\/vierasmaja-piret199-alekeskus\\\/\",\"name\":\"Vierasmaja Piret 19,9 m\u00b2 - Alekeskus\",\"isPartOf\":{\"@id\":\"https:\\\/\\\/alekeskus.eu\\\/#website\"},\"primaryImageOfPage\":{\"@id\":\"https:\\\/\\\/alekeskus.eu\\\/fi\\\/tuote\\\/vierasmaja-piret199-alekeskus\\\/#primaryimage\"},\"image\":{\"@id\":\"https:\\\/\\\/alekeskus.eu\\\/fi\\\/tuote\\\/vierasmaja-piret199-alekeskus\\\/#primaryimage\"},\"thumbnailUrl\":\"https:\\\/\\\/alekeskus.eu\\\/wp-content\\\/uploads\\\/2022\\\/12\\\/Bret_19.9_m2_NATURAL_wb2025.jpg\",\"datePublished\":\"2025-10-15T12:32:54+00:00\",\"dateModified\":\"2025-12-05T16:38:00+00:00\",\"description\":\"Tyylik\u00e4s tasakattoinen vierasmaja Piret 44 mm kevythirrest\u00e4 ja l\u00e4mp\u00f6laseilla.\",\"breadcrumb\":{\"@id\":\"https:\\\/\\\/alekeskus.eu\\\/fi\\\/tuote\\\/vierasmaja-piret199-alekeskus\\\/#breadcrumb\"},\"inLanguage\":\"et\",\"potentialAction\":[{\"@type\":\"ReadAction\",\"target\":[\"https:\\\/\\\/alekeskus.eu\\\/fi\\\/tuote\\\/vierasmaja-piret199-alekeskus\\\/\"]}]},{\"@type\":\"ImageObject\",\"inLanguage\":\"et\",\"@id\":\"https:\\\/\\\/alekeskus.eu\\\/fi\\\/tuote\\\/vierasmaja-piret199-alekeskus\\\/#primaryimage\",\"url\":\"https:\\\/\\\/alekeskus.eu\\\/wp-content\\\/uploads\\\/2022\\\/12\\\/Bret_19.9_m2_NATURAL_wb2025.jpg\",\"contentUrl\":\"https:\\\/\\\/alekeskus.eu\\\/wp-content\\\/uploads\\\/2022\\\/12\\\/Bret_19.9_m2_NATURAL_wb2025.jpg\",\"width\":2500,\"height\":1875},{\"@type\":\"BreadcrumbList\",\"@id\":\"https:\\\/\\\/alekeskus.eu\\\/fi\\\/tuote\\\/vierasmaja-piret199-alekeskus\\\/#breadcrumb\",\"itemListElement\":[{\"@type\":\"ListItem\",\"position\":1,\"name\":\"Avaleht\",\"item\":\"https:\\\/\\\/alekeskus.eu\\\/et\\\/\"},{\"@type\":\"ListItem\",\"position\":2,\"name\":\"Pood\",\"item\":\"https:\\\/\\\/alekeskus.eu\\\/pood\\\/\"},{\"@type\":\"ListItem\",\"position\":3,\"name\":\"Vierasmaja Piret 19,9 m\u00b2\"}]},{\"@type\":\"WebSite\",\"@id\":\"https:\\\/\\\/alekeskus.eu\\\/#website\",\"url\":\"https:\\\/\\\/alekeskus.eu\\\/\",\"name\":\"Alekeskus\",\"description\":\"Alekeskus.eu\",\"potentialAction\":[{\"@type\":\"SearchAction\",\"target\":{\"@type\":\"EntryPoint\",\"urlTemplate\":\"https:\\\/\\\/alekeskus.eu\\\/?s={search_term_string}\"},\"query-input\":{\"@type\":\"PropertyValueSpecification\",\"valueRequired\":true,\"valueName\":\"search_term_string\"}}],\"inLanguage\":\"et\"}]}<\/script>\n<!-- \/ Yoast SEO plugin. -->","yoast_head_json":{"title":"Vierasmaja Piret 19,9 m\u00b2 - Alekeskus","description":"Tyylik\u00e4s tasakattoinen vierasmaja Piret 44 mm kevythirrest\u00e4 ja l\u00e4mp\u00f6laseilla.","robots":{"index":"index","follow":"follow","max-snippet":"max-snippet:-1","max-image-preview":"max-image-preview:large","max-video-preview":"max-video-preview:-1"},"canonical":"https:\/\/alekeskus.eu\/fi\/tuote\/vierasmaja-piret199-alekeskus\/","og_locale":"et_EE","og_type":"article","og_title":"Vierasmaja Piret 19,9 m\u00b2 - Alekeskus","og_description":"Tyylik\u00e4s tasakattoinen vierasmaja Piret 44 mm kevythirrest\u00e4 ja l\u00e4mp\u00f6laseilla.","og_url":"https:\/\/alekeskus.eu\/fi\/tuote\/vierasmaja-piret199-alekeskus\/","og_site_name":"Alekeskus","article_modified_time":"2025-12-05T16:38:00+00:00","og_image":[{"width":2500,"height":1875,"url":"https:\/\/alekeskus.eu\/wp-content\/uploads\/2022\/12\/Bret_19.9_m2_NATURAL_wb2025.jpg","type":"image\/jpeg"}],"twitter_card":"summary_large_image","twitter_misc":{"Est. reading time":"1 minut"},"schema":{"@context":"https:\/\/schema.org","@graph":[{"@type":"WebPage","@id":"https:\/\/alekeskus.eu\/fi\/tuote\/vierasmaja-piret199-alekeskus\/","url":"https:\/\/alekeskus.eu\/fi\/tuote\/vierasmaja-piret199-alekeskus\/","name":"Vierasmaja Piret 19,9 m\u00b2 - Alekeskus","isPartOf":{"@id":"https:\/\/alekeskus.eu\/#website"},"primaryImageOfPage":{"@id":"https:\/\/alekeskus.eu\/fi\/tuote\/vierasmaja-piret199-alekeskus\/#primaryimage"},"image":{"@id":"https:\/\/alekeskus.eu\/fi\/tuote\/vierasmaja-piret199-alekeskus\/#primaryimage"},"thumbnailUrl":"https:\/\/alekeskus.eu\/wp-content\/uploads\/2022\/12\/Bret_19.9_m2_NATURAL_wb2025.jpg","datePublished":"2025-10-15T12:32:54+00:00","dateModified":"2025-12-05T16:38:00+00:00","description":"Tyylik\u00e4s tasakattoinen vierasmaja Piret 44 mm kevythirrest\u00e4 ja l\u00e4mp\u00f6laseilla.","breadcrumb":{"@id":"https:\/\/alekeskus.eu\/fi\/tuote\/vierasmaja-piret199-alekeskus\/#breadcrumb"},"inLanguage":"et","potentialAction":[{"@type":"ReadAction","target":["https:\/\/alekeskus.eu\/fi\/tuote\/vierasmaja-piret199-alekeskus\/"]}]},{"@type":"ImageObject","inLanguage":"et","@id":"https:\/\/alekeskus.eu\/fi\/tuote\/vierasmaja-piret199-alekeskus\/#primaryimage","url":"https:\/\/alekeskus.eu\/wp-content\/uploads\/2022\/12\/Bret_19.9_m2_NATURAL_wb2025.jpg","contentUrl":"https:\/\/alekeskus.eu\/wp-content\/uploads\/2022\/12\/Bret_19.9_m2_NATURAL_wb2025.jpg","width":2500,"height":1875},{"@type":"BreadcrumbList","@id":"https:\/\/alekeskus.eu\/fi\/tuote\/vierasmaja-piret199-alekeskus\/#breadcrumb","itemListElement":[{"@type":"ListItem","position":1,"name":"Avaleht","item":"https:\/\/alekeskus.eu\/et\/"},{"@type":"ListItem","position":2,"name":"Pood","item":"https:\/\/alekeskus.eu\/pood\/"},{"@type":"ListItem","position":3,"name":"Vierasmaja Piret 19,9 m\u00b2"}]},{"@type":"WebSite","@id":"https:\/\/alekeskus.eu\/#website","url":"https:\/\/alekeskus.eu\/","name":"Alekeskus","description":"Alekeskus.eu","potentialAction":[{"@type":"SearchAction","target":{"@type":"EntryPoint","urlTemplate":"https:\/\/alekeskus.eu\/?s={search_term_string}"},"query-input":{"@type":"PropertyValueSpecification","valueRequired":true,"valueName":"search_term_string"}}],"inLanguage":"et"}]}},"brands":[{"id":18577,"name":"Eesti","slug":"eesti"}],"_links":{"self":[{"href":"https:\/\/alekeskus.eu\/et\/wp-json\/wp\/v2\/product\/79428","targetHints":{"allow":["GET"]}}],"collection":[{"href":"https:\/\/alekeskus.eu\/et\/wp-json\/wp\/v2\/product"}],"about":[{"href":"https:\/\/alekeskus.eu\/et\/wp-json\/wp\/v2\/types\/product"}],"wp:featuredmedia":[{"embeddable":true,"href":"https:\/\/alekeskus.eu\/et\/wp-json\/wp\/v2\/media\/94192"}],"wp:attachment":[{"href":"https:\/\/alekeskus.eu\/et\/wp-json\/wp\/v2\/media?parent=79428"}],"wp:term":[{"taxonomy":"pwb-brand","embeddable":true,"href":"https:\/\/alekeskus.eu\/et\/wp-json\/wp\/v2\/pwb-brand?post=79428"},{"taxonomy":"product_brand","embeddable":true,"href":"https:\/\/alekeskus.eu\/et\/wp-json\/wp\/v2\/product_brand?post=79428"},{"taxonomy":"product_cat","embeddable":true,"href":"https:\/\/alekeskus.eu\/et\/wp-json\/wp\/v2\/product_cat?post=79428"},{"taxonomy":"product_tag","embeddable":true,"href":"https:\/\/alekeskus.eu\/et\/wp-json\/wp\/v2\/product_tag?post=79428"}],"curies":[{"name":"wp","href":"https:\/\/api.w.org\/{rel}","templated":true}]}}