{"id":79581,"date":"2026-01-18T11:41:42","date_gmt":"2026-01-18T11:41:42","guid":{"rendered":"https:\/\/alekeskus.eu\/?post_type=product&#038;p=79581"},"modified":"2026-01-29T16:29:06","modified_gmt":"2026-01-29T16:29:06","slug":"suvemaja-kenda-184-alekeskus","status":"publish","type":"product","link":"https:\/\/alekeskus.eu\/et\/toode\/suvemaja-kenda-184-alekeskus\/","title":{"rendered":"Suvemaja Kenda 18,4 m\u00b2 + magamiskorrus, 70 mm freespalk, pakettklaasid"},"content":{"rendered":"<div class=\"pictogram qtip-additional-element\">\n<div class=\"image\">\n<p><strong>Telli juurde:<\/strong><\/p>\n<p><strong>&#8211; bituumensindel 13 pakki, ajutine <\/strong><strong>katusepapp 9 rulli v\u00f5i SBS-bituumenkate 9 rulli\u00a0<\/strong><\/p>\n<p>Osaloetelu: <a href=\"https:\/\/alekeskus.eu\/wp-content\/uploads\/2023\/10\/Kendra_18.4-osaloetelu.pdf\">Kendra_18.4 osaloetelu<\/a><\/p>\n<\/div>\n<\/div>\n<div class=\"pictogram qtip-additional-element\">\n<div class=\"description\">Pakend: 2,1&#215;1,2&#215;0,7m, 6,0&#215;1,2&#215;0,9 m, 6,0&#215;1,2&#215;0,7 m; kaalud 800, 2700 ja 2400 kg<\/div>\n<\/div>\n<div class=\"clearfix\"><\/div>\n<div class=\"pictogram qtip-additional-element\"><\/div>\n","protected":false},"excerpt":{"rendered":"<p>V\u00e4lism\u00f5\u00f5dud:<strong> 3,99 x 4,99 m(ehitusteatist ei n\u00f5uta).\u00a0<\/strong><\/p>\n<p><strong>TASUTA VEDU JA MAHALAADIMINE(ka suursaartele)!<\/strong><\/p>\n<ul>\n<li>tuuletapiga <strong>freespalksein 70 mm<\/strong>, tormikinnitused<\/li>\n<li>seina k\u00f5rgus 283 cm, harja k\u00f5rgus 432 cm<\/li>\n<li>liimpuidust katusetalad 80 x 200 mm, punniga katuselauad 19 mm<\/li>\n<li>katuse pindala 33 m\u00b2 ja kalle 36\u00ba, r\u00e4\u00e4stas ees 66 cm<\/li>\n<li>katusekate lisahinnaga(tarve 13 pakki bituumensindlit, 9 SBS-bituumenkatet v\u00f5i 9 rulli ajutist katusepappi)<\/li>\n<li>punniga p\u00f5randalauad 19 mm, puidukaitsega k\u00e4sitletud p\u00f5randatalad 45 x 70 mm, vahelaetalad 80 x 160 mm<\/li>\n<li>liimpuidust ukselengid, metalliga kaetud k\u00fcnnis, silinderlukud, pakettklaasiga paarisuks 151 \u00d7 195 cm, puidust siseuks 60 x 188 cm<\/li>\n<li>p\u00f6\u00f6rd-ja kaldavanemisega pakettaknad 2 tk 42 x 40 cm, 3tk 77 x 85 cm ja 1tk 117 x 91 cm alumiiniumist tilganinadega<\/li>\n<li>trepp-redel<\/li>\n<li>kinnitusvahendid ja koostejuhend<\/li>\n<li>Eesti toode<\/li>\n<li>garantii 5 aastat<\/li>\n<li>vihmakindel pakend<\/li>\n<\/ul>\n<p>K\u00fcsi ka paigaldust!<\/p>\n<p>&nbsp;<\/p>\n","protected":false},"featured_media":97390,"template":"","meta":{"_monsterinsights_skip_tracking":false,"_monsterinsights_sitenote_active":false,"_monsterinsights_sitenote_note":"","_monsterinsights_sitenote_category":0},"pwb-brand":[18577],"product_brand":[],"product_cat":[13592,13540,13604,13610],"product_tag":[13899,18236,13913,13970,14252,14311,15285,13813,13833,17390],"class_list":{"0":"post-79581","1":"product","2":"type-product","3":"status-publish","4":"has-post-thumbnail","6":"pwb-brand-eesti","7":"product_cat-aia-ja-grillmajad","8":"product_cat-hooned-alekeskus","9":"product_cat-saunad","10":"product_cat-suvilad","11":"product_tag-garden-house","12":"product_tag-kendra","13":"product_tag-vierasmaja","14":"product_tag-suvila","15":"product_tag-suvemaja","16":"product_tag-freespalkaiamaja","17":"product_tag-kesamokki","18":"product_tag-aiamaja","19":"product_tag-pihamaja","20":"product_tag-freespalksuvila","21":"product_shipping_class-tasuta-transport-alates-1000kg","22":"pa_garantii-5-aastat","23":"pa_kohaletoimetamine-tasuta-mandri-eestis-ja-suursaartel-soome-alates-699e","24":"pa_laoasukoht-tartumaa","25":"pa_pindalam-17858","26":"pa_seinapaksus-70-mm","27":"pa_tellimisaeg-1-8-nadalat","28":"pa_varv-viimistlemata","29":"pa_veame-eesti-ja-soome","31":"first","32":"instock","33":"featured","34":"taxable","35":"shipping-taxable","36":"purchasable","37":"product-type-simple"},"yoast_head":"<!-- This site is optimized with the Yoast SEO plugin v27.3 - https:\/\/yoast.com\/product\/yoast-seo-wordpress\/ -->\n<title>Suvemaja Kenda 18,4 m\u00b2 + magamiskorrus, 70 mm freespalk, pakettklaasid - Alekeskus<\/title>\n<meta name=\"description\" content=\"suvemaja freespalgist\" \/>\n<meta name=\"robots\" content=\"index, follow, max-snippet:-1, max-image-preview:large, max-video-preview:-1\" \/>\n<link rel=\"canonical\" href=\"https:\/\/alekeskus.eu\/et\/toode\/suvemaja-kenda-184-alekeskus\/\" \/>\n<meta property=\"og:locale\" content=\"et_EE\" \/>\n<meta property=\"og:type\" content=\"article\" \/>\n<meta property=\"og:title\" content=\"Suvemaja Kenda 18,4 m\u00b2 + magamiskorrus, 70 mm freespalk, pakettklaasid - Alekeskus\" \/>\n<meta property=\"og:description\" content=\"suvemaja freespalgist\" \/>\n<meta property=\"og:url\" content=\"https:\/\/alekeskus.eu\/et\/toode\/suvemaja-kenda-184-alekeskus\/\" \/>\n<meta property=\"og:site_name\" content=\"Alekeskus\" \/>\n<meta property=\"article:modified_time\" content=\"2026-01-29T16:29:06+00:00\" \/>\n<meta property=\"og:image\" content=\"https:\/\/alekeskus.eu\/wp-content\/uploads\/2024\/06\/Kenda_18.4_m2_NATURAL_wb.jpg\" \/>\n\t<meta property=\"og:image:width\" content=\"2500\" \/>\n\t<meta property=\"og:image:height\" content=\"1875\" \/>\n\t<meta property=\"og:image:type\" content=\"image\/jpeg\" \/>\n<meta name=\"twitter:card\" content=\"summary_large_image\" \/>\n<meta name=\"twitter:label1\" content=\"Est. reading time\" \/>\n\t<meta name=\"twitter:data1\" content=\"1 minut\" \/>\n<script type=\"application\/ld+json\" class=\"yoast-schema-graph\">{\"@context\":\"https:\\\/\\\/schema.org\",\"@graph\":[{\"@type\":\"WebPage\",\"@id\":\"https:\\\/\\\/alekeskus.eu\\\/et\\\/toode\\\/suvemaja-kenda-184-alekeskus\\\/\",\"url\":\"https:\\\/\\\/alekeskus.eu\\\/et\\\/toode\\\/suvemaja-kenda-184-alekeskus\\\/\",\"name\":\"Suvemaja Kenda 18,4 m\u00b2 + magamiskorrus, 70 mm freespalk, pakettklaasid - Alekeskus\",\"isPartOf\":{\"@id\":\"https:\\\/\\\/alekeskus.eu\\\/#website\"},\"primaryImageOfPage\":{\"@id\":\"https:\\\/\\\/alekeskus.eu\\\/et\\\/toode\\\/suvemaja-kenda-184-alekeskus\\\/#primaryimage\"},\"image\":{\"@id\":\"https:\\\/\\\/alekeskus.eu\\\/et\\\/toode\\\/suvemaja-kenda-184-alekeskus\\\/#primaryimage\"},\"thumbnailUrl\":\"https:\\\/\\\/alekeskus.eu\\\/wp-content\\\/uploads\\\/2024\\\/06\\\/Kenda_18.4_m2_NATURAL_wb.jpg\",\"datePublished\":\"2026-01-18T11:41:42+00:00\",\"dateModified\":\"2026-01-29T16:29:06+00:00\",\"description\":\"suvemaja freespalgist\",\"breadcrumb\":{\"@id\":\"https:\\\/\\\/alekeskus.eu\\\/et\\\/toode\\\/suvemaja-kenda-184-alekeskus\\\/#breadcrumb\"},\"inLanguage\":\"et\",\"potentialAction\":[{\"@type\":\"ReadAction\",\"target\":[\"https:\\\/\\\/alekeskus.eu\\\/et\\\/toode\\\/suvemaja-kenda-184-alekeskus\\\/\"]}]},{\"@type\":\"ImageObject\",\"inLanguage\":\"et\",\"@id\":\"https:\\\/\\\/alekeskus.eu\\\/et\\\/toode\\\/suvemaja-kenda-184-alekeskus\\\/#primaryimage\",\"url\":\"https:\\\/\\\/alekeskus.eu\\\/wp-content\\\/uploads\\\/2024\\\/06\\\/Kenda_18.4_m2_NATURAL_wb.jpg\",\"contentUrl\":\"https:\\\/\\\/alekeskus.eu\\\/wp-content\\\/uploads\\\/2024\\\/06\\\/Kenda_18.4_m2_NATURAL_wb.jpg\",\"width\":2500,\"height\":1875},{\"@type\":\"BreadcrumbList\",\"@id\":\"https:\\\/\\\/alekeskus.eu\\\/et\\\/toode\\\/suvemaja-kenda-184-alekeskus\\\/#breadcrumb\",\"itemListElement\":[{\"@type\":\"ListItem\",\"position\":1,\"name\":\"Avaleht\",\"item\":\"https:\\\/\\\/alekeskus.eu\\\/et\\\/\"},{\"@type\":\"ListItem\",\"position\":2,\"name\":\"Pood\",\"item\":\"https:\\\/\\\/alekeskus.eu\\\/pood\\\/\"},{\"@type\":\"ListItem\",\"position\":3,\"name\":\"Suvemaja Kenda 18,4 m\u00b2 + magamiskorrus, 70 mm freespalk, pakettklaasid\"}]},{\"@type\":\"WebSite\",\"@id\":\"https:\\\/\\\/alekeskus.eu\\\/#website\",\"url\":\"https:\\\/\\\/alekeskus.eu\\\/\",\"name\":\"Alekeskus\",\"description\":\"Alekeskus.eu\",\"potentialAction\":[{\"@type\":\"SearchAction\",\"target\":{\"@type\":\"EntryPoint\",\"urlTemplate\":\"https:\\\/\\\/alekeskus.eu\\\/?s={search_term_string}\"},\"query-input\":{\"@type\":\"PropertyValueSpecification\",\"valueRequired\":true,\"valueName\":\"search_term_string\"}}],\"inLanguage\":\"et\"}]}<\/script>\n<!-- \/ Yoast SEO plugin. -->","yoast_head_json":{"title":"Suvemaja Kenda 18,4 m\u00b2 + magamiskorrus, 70 mm freespalk, pakettklaasid - Alekeskus","description":"suvemaja freespalgist","robots":{"index":"index","follow":"follow","max-snippet":"max-snippet:-1","max-image-preview":"max-image-preview:large","max-video-preview":"max-video-preview:-1"},"canonical":"https:\/\/alekeskus.eu\/et\/toode\/suvemaja-kenda-184-alekeskus\/","og_locale":"et_EE","og_type":"article","og_title":"Suvemaja Kenda 18,4 m\u00b2 + magamiskorrus, 70 mm freespalk, pakettklaasid - Alekeskus","og_description":"suvemaja freespalgist","og_url":"https:\/\/alekeskus.eu\/et\/toode\/suvemaja-kenda-184-alekeskus\/","og_site_name":"Alekeskus","article_modified_time":"2026-01-29T16:29:06+00:00","og_image":[{"width":2500,"height":1875,"url":"https:\/\/alekeskus.eu\/wp-content\/uploads\/2024\/06\/Kenda_18.4_m2_NATURAL_wb.jpg","type":"image\/jpeg"}],"twitter_card":"summary_large_image","twitter_misc":{"Est. reading time":"1 minut"},"schema":{"@context":"https:\/\/schema.org","@graph":[{"@type":"WebPage","@id":"https:\/\/alekeskus.eu\/et\/toode\/suvemaja-kenda-184-alekeskus\/","url":"https:\/\/alekeskus.eu\/et\/toode\/suvemaja-kenda-184-alekeskus\/","name":"Suvemaja Kenda 18,4 m\u00b2 + magamiskorrus, 70 mm freespalk, pakettklaasid - Alekeskus","isPartOf":{"@id":"https:\/\/alekeskus.eu\/#website"},"primaryImageOfPage":{"@id":"https:\/\/alekeskus.eu\/et\/toode\/suvemaja-kenda-184-alekeskus\/#primaryimage"},"image":{"@id":"https:\/\/alekeskus.eu\/et\/toode\/suvemaja-kenda-184-alekeskus\/#primaryimage"},"thumbnailUrl":"https:\/\/alekeskus.eu\/wp-content\/uploads\/2024\/06\/Kenda_18.4_m2_NATURAL_wb.jpg","datePublished":"2026-01-18T11:41:42+00:00","dateModified":"2026-01-29T16:29:06+00:00","description":"suvemaja freespalgist","breadcrumb":{"@id":"https:\/\/alekeskus.eu\/et\/toode\/suvemaja-kenda-184-alekeskus\/#breadcrumb"},"inLanguage":"et","potentialAction":[{"@type":"ReadAction","target":["https:\/\/alekeskus.eu\/et\/toode\/suvemaja-kenda-184-alekeskus\/"]}]},{"@type":"ImageObject","inLanguage":"et","@id":"https:\/\/alekeskus.eu\/et\/toode\/suvemaja-kenda-184-alekeskus\/#primaryimage","url":"https:\/\/alekeskus.eu\/wp-content\/uploads\/2024\/06\/Kenda_18.4_m2_NATURAL_wb.jpg","contentUrl":"https:\/\/alekeskus.eu\/wp-content\/uploads\/2024\/06\/Kenda_18.4_m2_NATURAL_wb.jpg","width":2500,"height":1875},{"@type":"BreadcrumbList","@id":"https:\/\/alekeskus.eu\/et\/toode\/suvemaja-kenda-184-alekeskus\/#breadcrumb","itemListElement":[{"@type":"ListItem","position":1,"name":"Avaleht","item":"https:\/\/alekeskus.eu\/et\/"},{"@type":"ListItem","position":2,"name":"Pood","item":"https:\/\/alekeskus.eu\/pood\/"},{"@type":"ListItem","position":3,"name":"Suvemaja Kenda 18,4 m\u00b2 + magamiskorrus, 70 mm freespalk, pakettklaasid"}]},{"@type":"WebSite","@id":"https:\/\/alekeskus.eu\/#website","url":"https:\/\/alekeskus.eu\/","name":"Alekeskus","description":"Alekeskus.eu","potentialAction":[{"@type":"SearchAction","target":{"@type":"EntryPoint","urlTemplate":"https:\/\/alekeskus.eu\/?s={search_term_string}"},"query-input":{"@type":"PropertyValueSpecification","valueRequired":true,"valueName":"search_term_string"}}],"inLanguage":"et"}]}},"brands":[{"id":18577,"name":"Eesti","slug":"eesti"}],"_links":{"self":[{"href":"https:\/\/alekeskus.eu\/et\/wp-json\/wp\/v2\/product\/79581","targetHints":{"allow":["GET"]}}],"collection":[{"href":"https:\/\/alekeskus.eu\/et\/wp-json\/wp\/v2\/product"}],"about":[{"href":"https:\/\/alekeskus.eu\/et\/wp-json\/wp\/v2\/types\/product"}],"wp:featuredmedia":[{"embeddable":true,"href":"https:\/\/alekeskus.eu\/et\/wp-json\/wp\/v2\/media\/97390"}],"wp:attachment":[{"href":"https:\/\/alekeskus.eu\/et\/wp-json\/wp\/v2\/media?parent=79581"}],"wp:term":[{"taxonomy":"pwb-brand","embeddable":true,"href":"https:\/\/alekeskus.eu\/et\/wp-json\/wp\/v2\/pwb-brand?post=79581"},{"taxonomy":"product_brand","embeddable":true,"href":"https:\/\/alekeskus.eu\/et\/wp-json\/wp\/v2\/product_brand?post=79581"},{"taxonomy":"product_cat","embeddable":true,"href":"https:\/\/alekeskus.eu\/et\/wp-json\/wp\/v2\/product_cat?post=79581"},{"taxonomy":"product_tag","embeddable":true,"href":"https:\/\/alekeskus.eu\/et\/wp-json\/wp\/v2\/product_tag?post=79581"}],"curies":[{"name":"wp","href":"https:\/\/api.w.org\/{rel}","templated":true}]}}