{"id":80527,"date":"2023-01-24T07:26:27","date_gmt":"2023-01-24T07:26:27","guid":{"rendered":"https:\/\/alekeskus.eu\/?post_type=product&#038;p=80527"},"modified":"2023-02-08T13:09:15","modified_gmt":"2023-02-08T13:09:15","slug":"aiakuur-paari-25-m%c2%b2-2-ruumiga","status":"publish","type":"product","link":"https:\/\/alekeskus.eu\/et\/toode\/aiakuur-paari-25-m%c2%b2-2-ruumiga\/","title":{"rendered":"Aiakuur Pari 2,5 m\u00b2 2 ruumiga"},"content":{"rendered":"<div class=\"pictogram qtip-additional-element\">\n<div class=\"image\">\n<p><strong>Telli juurde:<\/strong><\/p>\n<p><strong>&#8211; <\/strong><strong>katusepapp 1 rull<\/strong><\/p>\n<p><strong>&#8211; SBS katusekate 1 rull<\/strong><\/p>\n<\/div>\n<\/div>\n<div class=\"pictogram qtip-additional-element\">Pakend: 3,3&#215;1,2&#215;0,5 m,\u00a0 kaal\u00a0 500 kg<\/div>\n<div class=\"clearfix\"><\/div>\n<div class=\"pictogram qtip-additional-element\"><\/div>\n","protected":false},"excerpt":{"rendered":"<p>V\u00e4lism\u00f5\u00f5dud: <strong>2,6 x 1,05 m<\/strong>.<\/p>\n<ul>\n<li>tuuletapiga freespalksein<strong> 28 mm<\/strong><\/li>\n<li>seina k\u00f5rgus 222 cm, harja k\u00f5rgus 234 cm<\/li>\n<li>katusetalad, punniga katuselauad<\/li>\n<li>katuse pindala 3,6 m\u00b2 \/ 6\u00ba, r\u00e4\u00e4stas 20 cm<\/li>\n<li>katusekate lisahinnaga(tarve 1 SBS rullkate v\u00f5i katusepapp)<\/li>\n<li>p\u00f5randat ja immutatud alusraami ei ole<\/li>\n<li>uksed 84 x 196 cm ja 124 x 196 cm<\/li>\n<li>kinnitusvahendid ja koostejuhend<\/li>\n<li>Eesti toode<\/li>\n<li>tehase garantii 2 aastat<\/li>\n<li>vihmakindel pakend<\/li>\n<\/ul>\n<p>Vedu mandril 100\u20ac v\u00f5i mahat\u00f5stega 350\u20ac(suursaartele vedu 180\u20ac ja t\u00f5stega vedu 590\u20ac).<\/p>\n<p>K\u00fcsi ka paigaldust!<\/p>\n","protected":false},"featured_media":80541,"template":"","meta":{"_monsterinsights_skip_tracking":false,"_monsterinsights_sitenote_active":false,"_monsterinsights_sitenote_note":"","_monsterinsights_sitenote_category":0},"pwb-brand":[],"product_brand":[],"product_cat":[13540,13600,13608],"product_tag":[14264,14265,15767,15842,17936,13813],"class_list":{"0":"post-80527","1":"product","2":"type-product","3":"status-publish","4":"has-post-thumbnail","6":"product_cat-hooned-alekeskus","7":"product_cat-kuurid-aidad-kioskid","8":"product_cat-kontorid","9":"product_tag-aiakuur","10":"product_tag-pihavaja","11":"product_tag-korteriuhistu-prugimaja","12":"product_tag-tooriistakuur","13":"product_tag-pihavarasto","14":"product_tag-aiamaja","15":"product_shipping_class-kuni-1000kg","16":"pa_garantii-2-aastat","17":"pa_kaalkg-15212","18":"pa_laoasukoht-tartumaa","19":"pa_pindalam-17938","20":"pa_seinapaksus-28-mm","21":"pa_tellimisaeg-tilausaika-alekeskus","22":"pa_varv-viimistlemata","23":"pa_veame-eesti-ja-soome","25":"first","26":"instock","27":"taxable","28":"shipping-taxable","29":"purchasable","30":"product-type-simple"},"yoast_head":"<!-- This site is optimized with the Yoast SEO plugin v27.3 - https:\/\/yoast.com\/product\/yoast-seo-wordpress\/ -->\n<title>Aiakuur Pari 2,5 m\u00b2 2 ruumiga - Alekeskus<\/title>\n<meta name=\"description\" content=\"freespalk aiakuur Paari 2 ruumiga\" \/>\n<meta name=\"robots\" content=\"index, follow, max-snippet:-1, max-image-preview:large, max-video-preview:-1\" \/>\n<link rel=\"canonical\" href=\"https:\/\/alekeskus.eu\/toode\/aiakuur-paari-25-m\u00b2-2-ruumiga\/\" \/>\n<meta property=\"og:locale\" content=\"et_EE\" \/>\n<meta property=\"og:type\" content=\"article\" \/>\n<meta property=\"og:title\" content=\"Aiakuur Pari 2,5 m\u00b2 2 ruumiga - Alekeskus\" \/>\n<meta property=\"og:description\" content=\"freespalk aiakuur Paari 2 ruumiga\" \/>\n<meta property=\"og:url\" content=\"https:\/\/alekeskus.eu\/toode\/aiakuur-paari-25-m\u00b2-2-ruumiga\/\" \/>\n<meta property=\"og:site_name\" content=\"Alekeskus\" \/>\n<meta property=\"article:modified_time\" content=\"2023-02-08T13:09:15+00:00\" \/>\n<meta property=\"og:image\" content=\"https:\/\/alekeskus.eu\/wp-content\/uploads\/2023\/01\/Bari1-aias-scaled.jpg\" \/>\n\t<meta property=\"og:image:width\" content=\"2560\" \/>\n\t<meta property=\"og:image:height\" content=\"1707\" \/>\n\t<meta property=\"og:image:type\" content=\"image\/jpeg\" \/>\n<meta name=\"twitter:card\" content=\"summary_large_image\" \/>\n<meta name=\"twitter:label1\" content=\"Est. reading time\" \/>\n\t<meta name=\"twitter:data1\" content=\"1 minut\" \/>\n<script type=\"application\/ld+json\" class=\"yoast-schema-graph\">{\"@context\":\"https:\\\/\\\/schema.org\",\"@graph\":[{\"@type\":\"WebPage\",\"@id\":\"https:\\\/\\\/alekeskus.eu\\\/toode\\\/aiakuur-paari-25-m%c2%b2-2-ruumiga\\\/\",\"url\":\"https:\\\/\\\/alekeskus.eu\\\/toode\\\/aiakuur-paari-25-m%c2%b2-2-ruumiga\\\/\",\"name\":\"Aiakuur Pari 2,5 m\u00b2 2 ruumiga - Alekeskus\",\"isPartOf\":{\"@id\":\"https:\\\/\\\/alekeskus.eu\\\/#website\"},\"primaryImageOfPage\":{\"@id\":\"https:\\\/\\\/alekeskus.eu\\\/toode\\\/aiakuur-paari-25-m%c2%b2-2-ruumiga\\\/#primaryimage\"},\"image\":{\"@id\":\"https:\\\/\\\/alekeskus.eu\\\/toode\\\/aiakuur-paari-25-m%c2%b2-2-ruumiga\\\/#primaryimage\"},\"thumbnailUrl\":\"https:\\\/\\\/alekeskus.eu\\\/wp-content\\\/uploads\\\/2023\\\/01\\\/Bari1-aias-scaled.jpg\",\"datePublished\":\"2023-01-24T07:26:27+00:00\",\"dateModified\":\"2023-02-08T13:09:15+00:00\",\"description\":\"freespalk aiakuur Paari 2 ruumiga\",\"breadcrumb\":{\"@id\":\"https:\\\/\\\/alekeskus.eu\\\/toode\\\/aiakuur-paari-25-m%c2%b2-2-ruumiga\\\/#breadcrumb\"},\"inLanguage\":\"et\",\"potentialAction\":[{\"@type\":\"ReadAction\",\"target\":[\"https:\\\/\\\/alekeskus.eu\\\/toode\\\/aiakuur-paari-25-m%c2%b2-2-ruumiga\\\/\"]}]},{\"@type\":\"ImageObject\",\"inLanguage\":\"et\",\"@id\":\"https:\\\/\\\/alekeskus.eu\\\/toode\\\/aiakuur-paari-25-m%c2%b2-2-ruumiga\\\/#primaryimage\",\"url\":\"https:\\\/\\\/alekeskus.eu\\\/wp-content\\\/uploads\\\/2023\\\/01\\\/Bari1-aias-scaled.jpg\",\"contentUrl\":\"https:\\\/\\\/alekeskus.eu\\\/wp-content\\\/uploads\\\/2023\\\/01\\\/Bari1-aias-scaled.jpg\",\"width\":1600,\"height\":1067},{\"@type\":\"BreadcrumbList\",\"@id\":\"https:\\\/\\\/alekeskus.eu\\\/toode\\\/aiakuur-paari-25-m%c2%b2-2-ruumiga\\\/#breadcrumb\",\"itemListElement\":[{\"@type\":\"ListItem\",\"position\":1,\"name\":\"Avaleht\",\"item\":\"https:\\\/\\\/alekeskus.eu\\\/et\\\/\"},{\"@type\":\"ListItem\",\"position\":2,\"name\":\"Pood\",\"item\":\"https:\\\/\\\/alekeskus.eu\\\/pood\\\/\"},{\"@type\":\"ListItem\",\"position\":3,\"name\":\"Aiakuur Pari 2,5 m\u00b2 2 ruumiga\"}]},{\"@type\":\"WebSite\",\"@id\":\"https:\\\/\\\/alekeskus.eu\\\/#website\",\"url\":\"https:\\\/\\\/alekeskus.eu\\\/\",\"name\":\"Alekeskus\",\"description\":\"Alekeskus.eu\",\"potentialAction\":[{\"@type\":\"SearchAction\",\"target\":{\"@type\":\"EntryPoint\",\"urlTemplate\":\"https:\\\/\\\/alekeskus.eu\\\/?s={search_term_string}\"},\"query-input\":{\"@type\":\"PropertyValueSpecification\",\"valueRequired\":true,\"valueName\":\"search_term_string\"}}],\"inLanguage\":\"et\"}]}<\/script>\n<!-- \/ Yoast SEO plugin. -->","yoast_head_json":{"title":"Aiakuur Pari 2,5 m\u00b2 2 ruumiga - Alekeskus","description":"freespalk aiakuur Paari 2 ruumiga","robots":{"index":"index","follow":"follow","max-snippet":"max-snippet:-1","max-image-preview":"max-image-preview:large","max-video-preview":"max-video-preview:-1"},"canonical":"https:\/\/alekeskus.eu\/toode\/aiakuur-paari-25-m\u00b2-2-ruumiga\/","og_locale":"et_EE","og_type":"article","og_title":"Aiakuur Pari 2,5 m\u00b2 2 ruumiga - Alekeskus","og_description":"freespalk aiakuur Paari 2 ruumiga","og_url":"https:\/\/alekeskus.eu\/toode\/aiakuur-paari-25-m\u00b2-2-ruumiga\/","og_site_name":"Alekeskus","article_modified_time":"2023-02-08T13:09:15+00:00","og_image":[{"width":2560,"height":1707,"url":"https:\/\/alekeskus.eu\/wp-content\/uploads\/2023\/01\/Bari1-aias-scaled.jpg","type":"image\/jpeg"}],"twitter_card":"summary_large_image","twitter_misc":{"Est. reading time":"1 minut"},"schema":{"@context":"https:\/\/schema.org","@graph":[{"@type":"WebPage","@id":"https:\/\/alekeskus.eu\/toode\/aiakuur-paari-25-m%c2%b2-2-ruumiga\/","url":"https:\/\/alekeskus.eu\/toode\/aiakuur-paari-25-m%c2%b2-2-ruumiga\/","name":"Aiakuur Pari 2,5 m\u00b2 2 ruumiga - Alekeskus","isPartOf":{"@id":"https:\/\/alekeskus.eu\/#website"},"primaryImageOfPage":{"@id":"https:\/\/alekeskus.eu\/toode\/aiakuur-paari-25-m%c2%b2-2-ruumiga\/#primaryimage"},"image":{"@id":"https:\/\/alekeskus.eu\/toode\/aiakuur-paari-25-m%c2%b2-2-ruumiga\/#primaryimage"},"thumbnailUrl":"https:\/\/alekeskus.eu\/wp-content\/uploads\/2023\/01\/Bari1-aias-scaled.jpg","datePublished":"2023-01-24T07:26:27+00:00","dateModified":"2023-02-08T13:09:15+00:00","description":"freespalk aiakuur Paari 2 ruumiga","breadcrumb":{"@id":"https:\/\/alekeskus.eu\/toode\/aiakuur-paari-25-m%c2%b2-2-ruumiga\/#breadcrumb"},"inLanguage":"et","potentialAction":[{"@type":"ReadAction","target":["https:\/\/alekeskus.eu\/toode\/aiakuur-paari-25-m%c2%b2-2-ruumiga\/"]}]},{"@type":"ImageObject","inLanguage":"et","@id":"https:\/\/alekeskus.eu\/toode\/aiakuur-paari-25-m%c2%b2-2-ruumiga\/#primaryimage","url":"https:\/\/alekeskus.eu\/wp-content\/uploads\/2023\/01\/Bari1-aias-scaled.jpg","contentUrl":"https:\/\/alekeskus.eu\/wp-content\/uploads\/2023\/01\/Bari1-aias-scaled.jpg","width":1600,"height":1067},{"@type":"BreadcrumbList","@id":"https:\/\/alekeskus.eu\/toode\/aiakuur-paari-25-m%c2%b2-2-ruumiga\/#breadcrumb","itemListElement":[{"@type":"ListItem","position":1,"name":"Avaleht","item":"https:\/\/alekeskus.eu\/et\/"},{"@type":"ListItem","position":2,"name":"Pood","item":"https:\/\/alekeskus.eu\/pood\/"},{"@type":"ListItem","position":3,"name":"Aiakuur Pari 2,5 m\u00b2 2 ruumiga"}]},{"@type":"WebSite","@id":"https:\/\/alekeskus.eu\/#website","url":"https:\/\/alekeskus.eu\/","name":"Alekeskus","description":"Alekeskus.eu","potentialAction":[{"@type":"SearchAction","target":{"@type":"EntryPoint","urlTemplate":"https:\/\/alekeskus.eu\/?s={search_term_string}"},"query-input":{"@type":"PropertyValueSpecification","valueRequired":true,"valueName":"search_term_string"}}],"inLanguage":"et"}]}},"brands":[],"_links":{"self":[{"href":"https:\/\/alekeskus.eu\/et\/wp-json\/wp\/v2\/product\/80527","targetHints":{"allow":["GET"]}}],"collection":[{"href":"https:\/\/alekeskus.eu\/et\/wp-json\/wp\/v2\/product"}],"about":[{"href":"https:\/\/alekeskus.eu\/et\/wp-json\/wp\/v2\/types\/product"}],"wp:featuredmedia":[{"embeddable":true,"href":"https:\/\/alekeskus.eu\/et\/wp-json\/wp\/v2\/media\/80541"}],"wp:attachment":[{"href":"https:\/\/alekeskus.eu\/et\/wp-json\/wp\/v2\/media?parent=80527"}],"wp:term":[{"taxonomy":"pwb-brand","embeddable":true,"href":"https:\/\/alekeskus.eu\/et\/wp-json\/wp\/v2\/pwb-brand?post=80527"},{"taxonomy":"product_brand","embeddable":true,"href":"https:\/\/alekeskus.eu\/et\/wp-json\/wp\/v2\/product_brand?post=80527"},{"taxonomy":"product_cat","embeddable":true,"href":"https:\/\/alekeskus.eu\/et\/wp-json\/wp\/v2\/product_cat?post=80527"},{"taxonomy":"product_tag","embeddable":true,"href":"https:\/\/alekeskus.eu\/et\/wp-json\/wp\/v2\/product_tag?post=80527"}],"curies":[{"name":"wp","href":"https:\/\/api.w.org\/{rel}","templated":true}]}}