{"id":80551,"date":"2025-11-24T11:40:06","date_gmt":"2025-11-24T11:40:06","guid":{"rendered":"https:\/\/alekeskus.eu\/?post_type=product&#038;p=80551"},"modified":"2026-03-09T18:12:31","modified_gmt":"2026-03-09T18:12:31","slug":"manguvaljak-tivoli-alekeskus","status":"publish","type":"product","link":"https:\/\/alekeskus.eu\/et\/toode\/manguvaljak-tivoli-alekeskus\/","title":{"rendered":"M\u00e4nguv\u00e4ljak Tivoli kiikedega v\u00f5i ilma"},"content":{"rendered":"<p><a href=\"https:\/\/alekeskus.eu\/wp-content\/uploads\/2024\/06\/Tivoli-199800_Tivoli1-ohje-luhem.pdf\">Tivoli 199800_Tivoli1 ohje l\u00fchem<\/a><\/p>\n","protected":false},"excerpt":{"rendered":"<p>M\u00e4ngumaja p\u00f5hjam\u00f5\u00f5tudega 2,3 x 2,3 m ja 1 v\u00f5reseinaga(<em>v\u00f5imaldab mugavalt lapsi j\u00e4lgida<\/em>), millele saab tellida juurde kiikumisosa 2 punase plastkiigega(+600\u20ac). Punane lium\u00e4gi 2,3m sisaldub hinnas. Lium\u00e4e ja trepi asukohad saab saab soovi korral vahetada.<\/p>\n<p>Seina k\u00f5rgused 160 cm ja 194 cm. \u00dcmmargune akna ava ja ukse ava(ust ja akent ei ole). Kinniste seinade laud 19 mm(viimistlemata). Trepp.<\/p>\n<p>Kinnitatakse 6 ankruga(kiigeosal lisaks 2 ankrut), mis valatakse betooni(ankrud ei sisaldu hinnas).<\/p>\n<p>Vastab Euroopa ohutusstandardile EN71. Eesti toode. Sobib lastele vanuses 3-14 aastat (max 50kg\/kasutaja) v\u00e4listingimustes koduseks kasutamiseks! Kasutada ainult t\u00e4iskasvanu otsese j\u00e4relvalve all.<\/p>\n<p>Vedu 49\u20ac mandri Eestis ja 80\u20ac suursaartele.<\/p>\n<p>K\u00fcsi ka paigaldust!<\/p>\n","protected":false},"featured_media":80561,"template":"","meta":{"_monsterinsights_skip_tracking":false,"_monsterinsights_sitenote_active":false,"_monsterinsights_sitenote_note":"","_monsterinsights_sitenote_category":0},"pwb-brand":[],"product_brand":[],"product_cat":[13556,13538,13558,13540,13594,13528],"product_tag":[13782,17410,17941,13877,13886,13938,13947,14256,14422],"class_list":{"0":"post-80551","1":"product","2":"type-product","3":"status-publish","4":"has-post-thumbnail","6":"product_cat-kiiged","7":"product_cat-ale","8":"product_cat-manguvaljakud","9":"product_cat-hooned-alekeskus","10":"product_cat-mangumajad","11":"product_cat-manguvaljakud-kiiged","12":"product_tag-manguvaljak","13":"product_tag-mangumaja-kiikedega","14":"product_tag-tivoli","15":"product_tag-suvaimmutus","16":"product_tag-leikkiteline","17":"product_tag-mangumaja","18":"product_tag-leikkimokki","19":"product_tag-aed","20":"product_tag-lastemanguvaljak","21":"product_shipping_class-30-300kg","22":"pa_garantii-2-aastat","23":"pa_kohaletoimetamine-veohind-mandri-eestis-alekeskus","24":"pa_laoasukoht-tartumaa","25":"pa_tellimisaeg-tilausaika-alekeskus","26":"pa_valilisad-2-istmega-kiigeosa","27":"pa_valilisad-ilma-kiigeosata","28":"pa_varv-viimistlemata","29":"pa_veame-eesti-ja-soome","31":"first","32":"instock","33":"sale","34":"featured","35":"taxable","36":"shipping-taxable","37":"purchasable","38":"product-type-variable"},"yoast_head":"<!-- This site is optimized with the Yoast SEO plugin v27.3 - https:\/\/yoast.com\/product\/yoast-seo-wordpress\/ -->\n<title>M\u00e4nguv\u00e4ljak Tivoli kiikedega v\u00f5i ilma - Alekeskus<\/title>\n<meta name=\"description\" content=\"laste m\u00e4nguv\u00e4ljak Tivoli on kasutatav m\u00e4ngumajana\" \/>\n<meta name=\"robots\" content=\"index, follow, max-snippet:-1, max-image-preview:large, max-video-preview:-1\" \/>\n<link rel=\"canonical\" href=\"https:\/\/alekeskus.eu\/et\/toode\/manguvaljak-tivoli-alekeskus\/\" \/>\n<meta property=\"og:locale\" content=\"et_EE\" \/>\n<meta property=\"og:type\" content=\"article\" \/>\n<meta property=\"og:title\" content=\"M\u00e4nguv\u00e4ljak Tivoli kiikedega v\u00f5i ilma - Alekeskus\" \/>\n<meta property=\"og:description\" content=\"laste m\u00e4nguv\u00e4ljak Tivoli on kasutatav m\u00e4ngumajana\" \/>\n<meta property=\"og:url\" content=\"https:\/\/alekeskus.eu\/et\/toode\/manguvaljak-tivoli-alekeskus\/\" \/>\n<meta property=\"og:site_name\" content=\"Alekeskus\" \/>\n<meta property=\"article:modified_time\" content=\"2026-03-09T18:12:31+00:00\" \/>\n<meta property=\"og:image\" content=\"https:\/\/alekeskus.eu\/wp-content\/uploads\/2023\/01\/Tivoli-2-aias-scaled.jpg\" \/>\n\t<meta property=\"og:image:width\" content=\"1600\" \/>\n\t<meta property=\"og:image:height\" content=\"1067\" \/>\n\t<meta property=\"og:image:type\" content=\"image\/jpeg\" \/>\n<meta name=\"twitter:card\" content=\"summary_large_image\" \/>\n<meta name=\"twitter:label1\" content=\"Est. reading time\" \/>\n\t<meta name=\"twitter:data1\" content=\"1 minut\" \/>\n<script type=\"application\/ld+json\" class=\"yoast-schema-graph\">{\"@context\":\"https:\\\/\\\/schema.org\",\"@graph\":[{\"@type\":\"WebPage\",\"@id\":\"https:\\\/\\\/alekeskus.eu\\\/et\\\/toode\\\/manguvaljak-tivoli-alekeskus\\\/\",\"url\":\"https:\\\/\\\/alekeskus.eu\\\/et\\\/toode\\\/manguvaljak-tivoli-alekeskus\\\/\",\"name\":\"M\u00e4nguv\u00e4ljak Tivoli kiikedega v\u00f5i ilma - Alekeskus\",\"isPartOf\":{\"@id\":\"https:\\\/\\\/alekeskus.eu\\\/#website\"},\"primaryImageOfPage\":{\"@id\":\"https:\\\/\\\/alekeskus.eu\\\/et\\\/toode\\\/manguvaljak-tivoli-alekeskus\\\/#primaryimage\"},\"image\":{\"@id\":\"https:\\\/\\\/alekeskus.eu\\\/et\\\/toode\\\/manguvaljak-tivoli-alekeskus\\\/#primaryimage\"},\"thumbnailUrl\":\"https:\\\/\\\/alekeskus.eu\\\/wp-content\\\/uploads\\\/2023\\\/01\\\/Tivoli-2-aias-scaled.jpg\",\"datePublished\":\"2025-11-24T11:40:06+00:00\",\"dateModified\":\"2026-03-09T18:12:31+00:00\",\"description\":\"laste m\u00e4nguv\u00e4ljak Tivoli on kasutatav m\u00e4ngumajana\",\"breadcrumb\":{\"@id\":\"https:\\\/\\\/alekeskus.eu\\\/et\\\/toode\\\/manguvaljak-tivoli-alekeskus\\\/#breadcrumb\"},\"inLanguage\":\"et\",\"potentialAction\":[{\"@type\":\"ReadAction\",\"target\":[\"https:\\\/\\\/alekeskus.eu\\\/et\\\/toode\\\/manguvaljak-tivoli-alekeskus\\\/\"]}]},{\"@type\":\"ImageObject\",\"inLanguage\":\"et\",\"@id\":\"https:\\\/\\\/alekeskus.eu\\\/et\\\/toode\\\/manguvaljak-tivoli-alekeskus\\\/#primaryimage\",\"url\":\"https:\\\/\\\/alekeskus.eu\\\/wp-content\\\/uploads\\\/2023\\\/01\\\/Tivoli-2-aias-scaled.jpg\",\"contentUrl\":\"https:\\\/\\\/alekeskus.eu\\\/wp-content\\\/uploads\\\/2023\\\/01\\\/Tivoli-2-aias-scaled.jpg\",\"width\":1600,\"height\":1067},{\"@type\":\"BreadcrumbList\",\"@id\":\"https:\\\/\\\/alekeskus.eu\\\/et\\\/toode\\\/manguvaljak-tivoli-alekeskus\\\/#breadcrumb\",\"itemListElement\":[{\"@type\":\"ListItem\",\"position\":1,\"name\":\"Avaleht\",\"item\":\"https:\\\/\\\/alekeskus.eu\\\/et\\\/\"},{\"@type\":\"ListItem\",\"position\":2,\"name\":\"Pood\",\"item\":\"https:\\\/\\\/alekeskus.eu\\\/pood\\\/\"},{\"@type\":\"ListItem\",\"position\":3,\"name\":\"M\u00e4nguv\u00e4ljak Tivoli kiikedega v\u00f5i ilma\"}]},{\"@type\":\"WebSite\",\"@id\":\"https:\\\/\\\/alekeskus.eu\\\/#website\",\"url\":\"https:\\\/\\\/alekeskus.eu\\\/\",\"name\":\"Alekeskus\",\"description\":\"Alekeskus.eu\",\"potentialAction\":[{\"@type\":\"SearchAction\",\"target\":{\"@type\":\"EntryPoint\",\"urlTemplate\":\"https:\\\/\\\/alekeskus.eu\\\/?s={search_term_string}\"},\"query-input\":{\"@type\":\"PropertyValueSpecification\",\"valueRequired\":true,\"valueName\":\"search_term_string\"}}],\"inLanguage\":\"et\"}]}<\/script>\n<!-- \/ Yoast SEO plugin. -->","yoast_head_json":{"title":"M\u00e4nguv\u00e4ljak Tivoli kiikedega v\u00f5i ilma - Alekeskus","description":"laste m\u00e4nguv\u00e4ljak Tivoli on kasutatav m\u00e4ngumajana","robots":{"index":"index","follow":"follow","max-snippet":"max-snippet:-1","max-image-preview":"max-image-preview:large","max-video-preview":"max-video-preview:-1"},"canonical":"https:\/\/alekeskus.eu\/et\/toode\/manguvaljak-tivoli-alekeskus\/","og_locale":"et_EE","og_type":"article","og_title":"M\u00e4nguv\u00e4ljak Tivoli kiikedega v\u00f5i ilma - Alekeskus","og_description":"laste m\u00e4nguv\u00e4ljak Tivoli on kasutatav m\u00e4ngumajana","og_url":"https:\/\/alekeskus.eu\/et\/toode\/manguvaljak-tivoli-alekeskus\/","og_site_name":"Alekeskus","article_modified_time":"2026-03-09T18:12:31+00:00","og_image":[{"width":1600,"height":1067,"url":"https:\/\/alekeskus.eu\/wp-content\/uploads\/2023\/01\/Tivoli-2-aias-scaled.jpg","type":"image\/jpeg"}],"twitter_card":"summary_large_image","twitter_misc":{"Est. reading time":"1 minut"},"schema":{"@context":"https:\/\/schema.org","@graph":[{"@type":"WebPage","@id":"https:\/\/alekeskus.eu\/et\/toode\/manguvaljak-tivoli-alekeskus\/","url":"https:\/\/alekeskus.eu\/et\/toode\/manguvaljak-tivoli-alekeskus\/","name":"M\u00e4nguv\u00e4ljak Tivoli kiikedega v\u00f5i ilma - Alekeskus","isPartOf":{"@id":"https:\/\/alekeskus.eu\/#website"},"primaryImageOfPage":{"@id":"https:\/\/alekeskus.eu\/et\/toode\/manguvaljak-tivoli-alekeskus\/#primaryimage"},"image":{"@id":"https:\/\/alekeskus.eu\/et\/toode\/manguvaljak-tivoli-alekeskus\/#primaryimage"},"thumbnailUrl":"https:\/\/alekeskus.eu\/wp-content\/uploads\/2023\/01\/Tivoli-2-aias-scaled.jpg","datePublished":"2025-11-24T11:40:06+00:00","dateModified":"2026-03-09T18:12:31+00:00","description":"laste m\u00e4nguv\u00e4ljak Tivoli on kasutatav m\u00e4ngumajana","breadcrumb":{"@id":"https:\/\/alekeskus.eu\/et\/toode\/manguvaljak-tivoli-alekeskus\/#breadcrumb"},"inLanguage":"et","potentialAction":[{"@type":"ReadAction","target":["https:\/\/alekeskus.eu\/et\/toode\/manguvaljak-tivoli-alekeskus\/"]}]},{"@type":"ImageObject","inLanguage":"et","@id":"https:\/\/alekeskus.eu\/et\/toode\/manguvaljak-tivoli-alekeskus\/#primaryimage","url":"https:\/\/alekeskus.eu\/wp-content\/uploads\/2023\/01\/Tivoli-2-aias-scaled.jpg","contentUrl":"https:\/\/alekeskus.eu\/wp-content\/uploads\/2023\/01\/Tivoli-2-aias-scaled.jpg","width":1600,"height":1067},{"@type":"BreadcrumbList","@id":"https:\/\/alekeskus.eu\/et\/toode\/manguvaljak-tivoli-alekeskus\/#breadcrumb","itemListElement":[{"@type":"ListItem","position":1,"name":"Avaleht","item":"https:\/\/alekeskus.eu\/et\/"},{"@type":"ListItem","position":2,"name":"Pood","item":"https:\/\/alekeskus.eu\/pood\/"},{"@type":"ListItem","position":3,"name":"M\u00e4nguv\u00e4ljak Tivoli kiikedega v\u00f5i ilma"}]},{"@type":"WebSite","@id":"https:\/\/alekeskus.eu\/#website","url":"https:\/\/alekeskus.eu\/","name":"Alekeskus","description":"Alekeskus.eu","potentialAction":[{"@type":"SearchAction","target":{"@type":"EntryPoint","urlTemplate":"https:\/\/alekeskus.eu\/?s={search_term_string}"},"query-input":{"@type":"PropertyValueSpecification","valueRequired":true,"valueName":"search_term_string"}}],"inLanguage":"et"}]}},"brands":[],"_links":{"self":[{"href":"https:\/\/alekeskus.eu\/et\/wp-json\/wp\/v2\/product\/80551","targetHints":{"allow":["GET"]}}],"collection":[{"href":"https:\/\/alekeskus.eu\/et\/wp-json\/wp\/v2\/product"}],"about":[{"href":"https:\/\/alekeskus.eu\/et\/wp-json\/wp\/v2\/types\/product"}],"wp:featuredmedia":[{"embeddable":true,"href":"https:\/\/alekeskus.eu\/et\/wp-json\/wp\/v2\/media\/80561"}],"wp:attachment":[{"href":"https:\/\/alekeskus.eu\/et\/wp-json\/wp\/v2\/media?parent=80551"}],"wp:term":[{"taxonomy":"pwb-brand","embeddable":true,"href":"https:\/\/alekeskus.eu\/et\/wp-json\/wp\/v2\/pwb-brand?post=80551"},{"taxonomy":"product_brand","embeddable":true,"href":"https:\/\/alekeskus.eu\/et\/wp-json\/wp\/v2\/product_brand?post=80551"},{"taxonomy":"product_cat","embeddable":true,"href":"https:\/\/alekeskus.eu\/et\/wp-json\/wp\/v2\/product_cat?post=80551"},{"taxonomy":"product_tag","embeddable":true,"href":"https:\/\/alekeskus.eu\/et\/wp-json\/wp\/v2\/product_tag?post=80551"}],"curies":[{"name":"wp","href":"https:\/\/api.w.org\/{rel}","templated":true}]}}