{"id":80862,"date":"2023-02-08T11:47:04","date_gmt":"2023-02-08T11:47:04","guid":{"rendered":"https:\/\/alekeskus.eu\/?post_type=product&#038;p=80862"},"modified":"2023-04-24T05:07:44","modified_gmt":"2023-04-24T05:07:44","slug":"aiamaja-palermo-87-m%c2%b2-siledate-nurkadega-uudis","status":"publish","type":"product","link":"https:\/\/alekeskus.eu\/et\/toode\/aiamaja-palermo-87-m%c2%b2-siledate-nurkadega-uudis\/","title":{"rendered":"Aiamaja Palermo1 8,7 m\u00b2 siledate nurkadega UUDIS!"},"content":{"rendered":"<div class=\"pictogram qtip-additional-element\">\n<div class=\"image\">\n<p>Palermo sari on oma v\u00e4limuselt moderne t\u00e4nu kruvinurk \u00fchendusele ja sulandub t\u00e4iuslikult ridaelamute kui ka modernete majadega k\u00f5rvale. Komplektis alusraam, p\u00f5rand, seinad, uks ja aken, katuselauad ja kinnitusvahendid. Katusekate on v\u00f5imalik juurde soetada.<\/p>\n<p>Pakend:\u00a0 3,3&#215;1,2&#215;0,6m; kaal 600 kg<\/p>\n<\/div>\n<\/div>\n","protected":false},"excerpt":{"rendered":"<p>V\u00e4lism\u00f5\u00f5dud<strong>: 3,0 x 3,0 m<\/strong><\/p>\n<ul>\n<li>tuuletapiga\u00a0<strong>freespalksein 28 mm<\/strong>,<strong> kaasaegne tappideta sile nurgalahendus<\/strong><\/li>\n<li>seina k\u00f5rgus 222 cm<\/li>\n<li>punniga katuselauad 15 mm<\/li>\n<li>katuse pindala 9 m\u00b2 \/ 2\u00ba, r\u00e4\u00e4stas puudub<\/li>\n<li>katusekate lisahinnaga(tarve 2 SBS rullkatet)<\/li>\n<li>15 mm punniga p\u00f5randalauad ja immutatud talad 45 x 45 mm<\/li>\n<li>liimpuidust ukseleng, metalliga kaetud k\u00fcnnis, silinderlukk, klaasiga paarisuks 149 x 185 cm<\/li>\n<li>avatav aken 56 x 178 cm<\/li>\n<li>kinnitusvahendid ja koostejuhend<\/li>\n<li>Eesti toode<\/li>\n<li>garantii 5 aastat<\/li>\n<li>vihmakindel pakend<\/li>\n<\/ul>\n<p>K\u00fcsi ka paigaldust!<\/p>\n<p>Vedu mandril 100\u20ac v\u00f5i mahat\u00f5stega 350\u20ac(suursaartele vedu 180\u20ac ja t\u00f5stega vedu 590\u20ac).<\/p>\n","protected":false},"featured_media":80876,"template":"","meta":{"_monsterinsights_skip_tracking":false,"_monsterinsights_sitenote_active":false,"_monsterinsights_sitenote_note":"","_monsterinsights_sitenote_category":0},"pwb-brand":[],"product_brand":[],"product_cat":[17182,13592,13540,13594,13600],"product_tag":[13813,15391,13819,13849,13899,13983,14000,14264,14265],"class_list":{"0":"post-80862","1":"product","2":"type-product","3":"status-publish","4":"has-post-thumbnail","6":"product_cat-suvekoogid-alekeskus","7":"product_cat-aia-ja-grillmajad","8":"product_cat-hooned-alekeskus","9":"product_cat-mangumajad","10":"product_cat-kuurid-aidad-kioskid","11":"product_tag-aiamaja","12":"product_tag-lara","13":"product_tag-vaja","14":"product_tag-shed","15":"product_tag-garden-house","16":"product_tag-piharakennus","17":"product_tag-palmako","18":"product_tag-aiakuur","19":"product_tag-pihavaja","20":"product_shipping_class-kuni-1000kg","21":"pa_garantii-5-aastat","22":"pa_kohaletoimetamine-alates-100e","23":"pa_seinapaksus-28-mm","24":"pa_tellimisaeg-tilausaika-alekeskus","25":"pa_varv-viimistlemata","27":"first","28":"instock","29":"taxable","30":"shipping-taxable","31":"purchasable","32":"product-type-simple"},"yoast_head":"<!-- This site is optimized with the Yoast SEO plugin v27.3 - https:\/\/yoast.com\/product\/yoast-seo-wordpress\/ -->\n<title>Aiamaja Palermo1 8,7 m\u00b2 siledate nurkadega UUDIS! - Alekeskus<\/title>\n<meta name=\"description\" content=\"aiamaja lamekatusega ja siledate nurkadega\" \/>\n<meta name=\"robots\" content=\"index, follow, max-snippet:-1, max-image-preview:large, max-video-preview:-1\" \/>\n<link rel=\"canonical\" href=\"https:\/\/alekeskus.eu\/toode\/aiamaja-palermo-87-m\u00b2-siledate-nurkadega-uudis\/\" \/>\n<meta property=\"og:locale\" content=\"et_EE\" \/>\n<meta property=\"og:type\" content=\"article\" \/>\n<meta property=\"og:title\" content=\"Aiamaja Palermo1 8,7 m\u00b2 siledate nurkadega UUDIS! - Alekeskus\" \/>\n<meta property=\"og:description\" content=\"aiamaja lamekatusega ja siledate nurkadega\" \/>\n<meta property=\"og:url\" content=\"https:\/\/alekeskus.eu\/toode\/aiamaja-palermo-87-m\u00b2-siledate-nurkadega-uudis\/\" \/>\n<meta property=\"og:site_name\" content=\"Alekeskus\" \/>\n<meta property=\"article:modified_time\" content=\"2023-04-24T05:07:44+00:00\" \/>\n<meta property=\"og:image\" content=\"https:\/\/alekeskus.eu\/wp-content\/uploads\/2023\/02\/Palermo1-scaled.jpg\" \/>\n\t<meta property=\"og:image:width\" content=\"2560\" \/>\n\t<meta property=\"og:image:height\" content=\"1707\" \/>\n\t<meta property=\"og:image:type\" content=\"image\/jpeg\" \/>\n<meta name=\"twitter:card\" content=\"summary_large_image\" \/>\n<meta name=\"twitter:label1\" content=\"Est. reading time\" \/>\n\t<meta name=\"twitter:data1\" content=\"1 minut\" \/>\n<script type=\"application\/ld+json\" class=\"yoast-schema-graph\">{\"@context\":\"https:\\\/\\\/schema.org\",\"@graph\":[{\"@type\":\"WebPage\",\"@id\":\"https:\\\/\\\/alekeskus.eu\\\/toode\\\/aiamaja-palermo-87-m%c2%b2-siledate-nurkadega-uudis\\\/\",\"url\":\"https:\\\/\\\/alekeskus.eu\\\/toode\\\/aiamaja-palermo-87-m%c2%b2-siledate-nurkadega-uudis\\\/\",\"name\":\"Aiamaja Palermo1 8,7 m\u00b2 siledate nurkadega UUDIS! - Alekeskus\",\"isPartOf\":{\"@id\":\"https:\\\/\\\/alekeskus.eu\\\/#website\"},\"primaryImageOfPage\":{\"@id\":\"https:\\\/\\\/alekeskus.eu\\\/toode\\\/aiamaja-palermo-87-m%c2%b2-siledate-nurkadega-uudis\\\/#primaryimage\"},\"image\":{\"@id\":\"https:\\\/\\\/alekeskus.eu\\\/toode\\\/aiamaja-palermo-87-m%c2%b2-siledate-nurkadega-uudis\\\/#primaryimage\"},\"thumbnailUrl\":\"https:\\\/\\\/alekeskus.eu\\\/wp-content\\\/uploads\\\/2023\\\/02\\\/Palermo1-scaled.jpg\",\"datePublished\":\"2023-02-08T11:47:04+00:00\",\"dateModified\":\"2023-04-24T05:07:44+00:00\",\"description\":\"aiamaja lamekatusega ja siledate nurkadega\",\"breadcrumb\":{\"@id\":\"https:\\\/\\\/alekeskus.eu\\\/toode\\\/aiamaja-palermo-87-m%c2%b2-siledate-nurkadega-uudis\\\/#breadcrumb\"},\"inLanguage\":\"et\",\"potentialAction\":[{\"@type\":\"ReadAction\",\"target\":[\"https:\\\/\\\/alekeskus.eu\\\/toode\\\/aiamaja-palermo-87-m%c2%b2-siledate-nurkadega-uudis\\\/\"]}]},{\"@type\":\"ImageObject\",\"inLanguage\":\"et\",\"@id\":\"https:\\\/\\\/alekeskus.eu\\\/toode\\\/aiamaja-palermo-87-m%c2%b2-siledate-nurkadega-uudis\\\/#primaryimage\",\"url\":\"https:\\\/\\\/alekeskus.eu\\\/wp-content\\\/uploads\\\/2023\\\/02\\\/Palermo1-scaled.jpg\",\"contentUrl\":\"https:\\\/\\\/alekeskus.eu\\\/wp-content\\\/uploads\\\/2023\\\/02\\\/Palermo1-scaled.jpg\",\"width\":1600,\"height\":1067},{\"@type\":\"BreadcrumbList\",\"@id\":\"https:\\\/\\\/alekeskus.eu\\\/toode\\\/aiamaja-palermo-87-m%c2%b2-siledate-nurkadega-uudis\\\/#breadcrumb\",\"itemListElement\":[{\"@type\":\"ListItem\",\"position\":1,\"name\":\"Avaleht\",\"item\":\"https:\\\/\\\/alekeskus.eu\\\/et\\\/\"},{\"@type\":\"ListItem\",\"position\":2,\"name\":\"Pood\",\"item\":\"https:\\\/\\\/alekeskus.eu\\\/pood\\\/\"},{\"@type\":\"ListItem\",\"position\":3,\"name\":\"Aiamaja Palermo1 8,7 m\u00b2 siledate nurkadega UUDIS!\"}]},{\"@type\":\"WebSite\",\"@id\":\"https:\\\/\\\/alekeskus.eu\\\/#website\",\"url\":\"https:\\\/\\\/alekeskus.eu\\\/\",\"name\":\"Alekeskus\",\"description\":\"Alekeskus.eu\",\"potentialAction\":[{\"@type\":\"SearchAction\",\"target\":{\"@type\":\"EntryPoint\",\"urlTemplate\":\"https:\\\/\\\/alekeskus.eu\\\/?s={search_term_string}\"},\"query-input\":{\"@type\":\"PropertyValueSpecification\",\"valueRequired\":true,\"valueName\":\"search_term_string\"}}],\"inLanguage\":\"et\"}]}<\/script>\n<!-- \/ Yoast SEO plugin. -->","yoast_head_json":{"title":"Aiamaja Palermo1 8,7 m\u00b2 siledate nurkadega UUDIS! - Alekeskus","description":"aiamaja lamekatusega ja siledate nurkadega","robots":{"index":"index","follow":"follow","max-snippet":"max-snippet:-1","max-image-preview":"max-image-preview:large","max-video-preview":"max-video-preview:-1"},"canonical":"https:\/\/alekeskus.eu\/toode\/aiamaja-palermo-87-m\u00b2-siledate-nurkadega-uudis\/","og_locale":"et_EE","og_type":"article","og_title":"Aiamaja Palermo1 8,7 m\u00b2 siledate nurkadega UUDIS! - Alekeskus","og_description":"aiamaja lamekatusega ja siledate nurkadega","og_url":"https:\/\/alekeskus.eu\/toode\/aiamaja-palermo-87-m\u00b2-siledate-nurkadega-uudis\/","og_site_name":"Alekeskus","article_modified_time":"2023-04-24T05:07:44+00:00","og_image":[{"width":2560,"height":1707,"url":"https:\/\/alekeskus.eu\/wp-content\/uploads\/2023\/02\/Palermo1-scaled.jpg","type":"image\/jpeg"}],"twitter_card":"summary_large_image","twitter_misc":{"Est. reading time":"1 minut"},"schema":{"@context":"https:\/\/schema.org","@graph":[{"@type":"WebPage","@id":"https:\/\/alekeskus.eu\/toode\/aiamaja-palermo-87-m%c2%b2-siledate-nurkadega-uudis\/","url":"https:\/\/alekeskus.eu\/toode\/aiamaja-palermo-87-m%c2%b2-siledate-nurkadega-uudis\/","name":"Aiamaja Palermo1 8,7 m\u00b2 siledate nurkadega UUDIS! - Alekeskus","isPartOf":{"@id":"https:\/\/alekeskus.eu\/#website"},"primaryImageOfPage":{"@id":"https:\/\/alekeskus.eu\/toode\/aiamaja-palermo-87-m%c2%b2-siledate-nurkadega-uudis\/#primaryimage"},"image":{"@id":"https:\/\/alekeskus.eu\/toode\/aiamaja-palermo-87-m%c2%b2-siledate-nurkadega-uudis\/#primaryimage"},"thumbnailUrl":"https:\/\/alekeskus.eu\/wp-content\/uploads\/2023\/02\/Palermo1-scaled.jpg","datePublished":"2023-02-08T11:47:04+00:00","dateModified":"2023-04-24T05:07:44+00:00","description":"aiamaja lamekatusega ja siledate nurkadega","breadcrumb":{"@id":"https:\/\/alekeskus.eu\/toode\/aiamaja-palermo-87-m%c2%b2-siledate-nurkadega-uudis\/#breadcrumb"},"inLanguage":"et","potentialAction":[{"@type":"ReadAction","target":["https:\/\/alekeskus.eu\/toode\/aiamaja-palermo-87-m%c2%b2-siledate-nurkadega-uudis\/"]}]},{"@type":"ImageObject","inLanguage":"et","@id":"https:\/\/alekeskus.eu\/toode\/aiamaja-palermo-87-m%c2%b2-siledate-nurkadega-uudis\/#primaryimage","url":"https:\/\/alekeskus.eu\/wp-content\/uploads\/2023\/02\/Palermo1-scaled.jpg","contentUrl":"https:\/\/alekeskus.eu\/wp-content\/uploads\/2023\/02\/Palermo1-scaled.jpg","width":1600,"height":1067},{"@type":"BreadcrumbList","@id":"https:\/\/alekeskus.eu\/toode\/aiamaja-palermo-87-m%c2%b2-siledate-nurkadega-uudis\/#breadcrumb","itemListElement":[{"@type":"ListItem","position":1,"name":"Avaleht","item":"https:\/\/alekeskus.eu\/et\/"},{"@type":"ListItem","position":2,"name":"Pood","item":"https:\/\/alekeskus.eu\/pood\/"},{"@type":"ListItem","position":3,"name":"Aiamaja Palermo1 8,7 m\u00b2 siledate nurkadega UUDIS!"}]},{"@type":"WebSite","@id":"https:\/\/alekeskus.eu\/#website","url":"https:\/\/alekeskus.eu\/","name":"Alekeskus","description":"Alekeskus.eu","potentialAction":[{"@type":"SearchAction","target":{"@type":"EntryPoint","urlTemplate":"https:\/\/alekeskus.eu\/?s={search_term_string}"},"query-input":{"@type":"PropertyValueSpecification","valueRequired":true,"valueName":"search_term_string"}}],"inLanguage":"et"}]}},"brands":[],"_links":{"self":[{"href":"https:\/\/alekeskus.eu\/et\/wp-json\/wp\/v2\/product\/80862","targetHints":{"allow":["GET"]}}],"collection":[{"href":"https:\/\/alekeskus.eu\/et\/wp-json\/wp\/v2\/product"}],"about":[{"href":"https:\/\/alekeskus.eu\/et\/wp-json\/wp\/v2\/types\/product"}],"wp:featuredmedia":[{"embeddable":true,"href":"https:\/\/alekeskus.eu\/et\/wp-json\/wp\/v2\/media\/80876"}],"wp:attachment":[{"href":"https:\/\/alekeskus.eu\/et\/wp-json\/wp\/v2\/media?parent=80862"}],"wp:term":[{"taxonomy":"pwb-brand","embeddable":true,"href":"https:\/\/alekeskus.eu\/et\/wp-json\/wp\/v2\/pwb-brand?post=80862"},{"taxonomy":"product_brand","embeddable":true,"href":"https:\/\/alekeskus.eu\/et\/wp-json\/wp\/v2\/product_brand?post=80862"},{"taxonomy":"product_cat","embeddable":true,"href":"https:\/\/alekeskus.eu\/et\/wp-json\/wp\/v2\/product_cat?post=80862"},{"taxonomy":"product_tag","embeddable":true,"href":"https:\/\/alekeskus.eu\/et\/wp-json\/wp\/v2\/product_tag?post=80862"}],"curies":[{"name":"wp","href":"https:\/\/api.w.org\/{rel}","templated":true}]}}