{"id":80879,"date":"2025-02-08T12:43:09","date_gmt":"2025-02-08T12:43:09","guid":{"rendered":"https:\/\/alekeskus.eu\/?post_type=product&#038;p=80879"},"modified":"2026-03-08T15:17:31","modified_gmt":"2026-03-08T15:17:31","slug":"aiamaja-palermo2-alekeskus","status":"publish","type":"product","link":"https:\/\/alekeskus.eu\/et\/toode\/aiamaja-palermo2-alekeskus\/","title":{"rendered":"Aiamaja Palermo 13,1 m\u00b2 siledate nurkadega"},"content":{"rendered":"<div class=\"pictogram qtip-additional-element\">\n<div class=\"image\">\n<p>Palermo sari on oma v\u00e4limuselt moderne t\u00e4nu kruvinurk \u00fchendusele ja sulandub t\u00e4iuslikult ridaelamute kui ka modernete majadega k\u00f5rvale. Komplektis alusraam, p\u00f5rand, seinad, uks ja aken, katuselauad ja kinnitusvahendid. Katusekate on v\u00f5imalik juurde soetada.<\/p>\n<p>V\u00c4RVIMISE TEENUSE KIRJELDUS:<\/p>\n<p>Sein v\u00e4rvitakse 3-st k\u00fcljest, ka punnsooned. 4 standardv\u00e4rvi: rootsi punane, s\u00fcsihall, helehall, roheline. Sisepind j\u00e4\u00e4b naturaalseks. Maja nurgad on v\u00e4rvitud igast k\u00fcljest. V\u00e4rvi kantakse detailidele 2 kihti. \u27a2 P\u00f5randa- ja laelauad ning p\u00e4rlinid j\u00e4\u00e4vad v\u00e4rvimata. \u27a2 Aknad ja uksed v\u00e4rvitakse valgeks igast k\u00fcljest. \u27a2 K\u00f5ik v\u00e4lised liistud (viilulauad ja liistud) v\u00e4rvitakse valgeks. \u27a2 Kvaliteetne v\u00e4rv tuntud Saksa tootjalt OSMO<\/p>\n<p>V\u00e4rvitud tootel pikem tellimisaeg.<\/p>\n<p>Pakend:\u00a0 4,5&#215;1,2&#215;0,6m; kaal 860 kg<\/p>\n<\/div>\n<\/div>\n","protected":false},"excerpt":{"rendered":"<p>V\u00e4lism\u00f5\u00f5dud<strong>: 4,5 x 3,0 m<\/strong><\/p>\n<ul>\n<li>tuuletapiga\u00a0<strong>freespalksein 28 mm<\/strong>,<strong> kaasaegne tappideta sile nurgalahendus<\/strong><\/li>\n<li>seina k\u00f5rgus 222 cm<\/li>\n<li>punniga katuselauad 15 mm<\/li>\n<li>katuse pindala 13,3 m\u00b2, kalle 2\u00ba, r\u00e4\u00e4stas puudub<\/li>\n<li>katusekate lisahinnaga(tarve 2 SBS rullkatet)<\/li>\n<li>15 mm punniga p\u00f5randalauad ja immutatud talad 45 x 45 mm<\/li>\n<li>liimpuidust ukseleng, metalliga kaetud k\u00fcnnis, silinderlukk, k\u00fcljeklaasidega klaasiga paarisuks 266 x 185 cm<\/li>\n<li>avatav aken 56 x 178 cm<\/li>\n<li>tellitav v\u00e4ljast v\u00e4rvituna(hele-ja tumehall, rootsi punane, roheline), liistud seest ja v\u00e4ljast +990\u20ac (loe alt kirjeldust, tellimisaeg alates 1 kuu)<\/li>\n<li>kinnitusvahendid ja koostejuhend<\/li>\n<li>Eesti toode<\/li>\n<li>garantii 5 aastat<\/li>\n<li>vihmakindel pakend<\/li>\n<\/ul>\n<p>K\u00fcsi ka paigaldust!<\/p>\n<p>Vedu mandril tellijapoolse mahalaadimisega 180\u20ac v\u00f5i kraana-autoga 350\u20ac(suursaartele vastavalt 280\u20ac ja 590\u20ac).<\/p>\n","protected":false},"featured_media":80883,"template":"","meta":{"_monsterinsights_skip_tracking":false,"_monsterinsights_sitenote_active":false,"_monsterinsights_sitenote_note":"","_monsterinsights_sitenote_category":0},"pwb-brand":[],"product_brand":[],"product_cat":[17182,13538,13592,13540,13600,13608],"product_tag":[13813,14310,13819,15276,15510,13849,13899,13983,14264,14265,14283],"class_list":{"0":"post-80879","1":"product","2":"type-product","3":"status-publish","4":"has-post-thumbnail","6":"product_cat-suvekoogid-alekeskus","7":"product_cat-ale","8":"product_cat-aia-ja-grillmajad","9":"product_cat-hooned-alekeskus","10":"product_cat-kuurid-aidad-kioskid","11":"product_cat-kontorid","12":"product_tag-aiamaja","13":"product_tag-kodukontor","14":"product_tag-vaja","15":"product_tag-pihatoimisto","16":"product_tag-aiakontor","17":"product_tag-shed","18":"product_tag-garden-house","19":"product_tag-piharakennus","20":"product_tag-aiakuur","21":"product_tag-pihavaja","22":"product_tag-kotitoimisto","23":"product_shipping_class-alates-1000kg-2-fi","24":"pa_garantii-5-aastat","25":"pa_kohaletoimetamine-alates-180e","26":"pa_laoasukoht-tartumaa","27":"pa_pindalam-13-1","28":"pa_seinapaksus-28-mm","29":"pa_tellimisaeg-tilausaika-alekeskus","30":"pa_varv-viimistlemata","31":"pa_veame-eesti-ja-soome","33":"first","34":"instock","35":"sale","36":"featured","37":"taxable","38":"shipping-taxable","39":"purchasable","40":"product-type-simple"},"yoast_head":"<!-- This site is optimized with the Yoast SEO plugin v27.3 - https:\/\/yoast.com\/product\/yoast-seo-wordpress\/ -->\n<title>Aiamaja Palermo 13,1 m\u00b2 siledate nurkadega - Alekeskus<\/title>\n<meta name=\"description\" content=\"aiamaja lamekatusega ja siledate nurkadega\" \/>\n<meta name=\"robots\" content=\"index, follow, max-snippet:-1, max-image-preview:large, max-video-preview:-1\" \/>\n<link rel=\"canonical\" href=\"https:\/\/alekeskus.eu\/et\/toode\/aiamaja-palermo2-alekeskus\/\" \/>\n<meta property=\"og:locale\" content=\"et_EE\" \/>\n<meta property=\"og:type\" content=\"article\" \/>\n<meta property=\"og:title\" content=\"Aiamaja Palermo 13,1 m\u00b2 siledate nurkadega - Alekeskus\" \/>\n<meta property=\"og:description\" content=\"aiamaja lamekatusega ja siledate nurkadega\" \/>\n<meta property=\"og:url\" content=\"https:\/\/alekeskus.eu\/et\/toode\/aiamaja-palermo2-alekeskus\/\" \/>\n<meta property=\"og:site_name\" content=\"Alekeskus\" \/>\n<meta property=\"article:modified_time\" content=\"2026-03-08T15:17:31+00:00\" \/>\n<meta property=\"og:image\" content=\"https:\/\/alekeskus.eu\/wp-content\/uploads\/2023\/02\/Palermo2-aias-scaled.jpg\" \/>\n\t<meta property=\"og:image:width\" content=\"1600\" \/>\n\t<meta property=\"og:image:height\" content=\"1067\" \/>\n\t<meta property=\"og:image:type\" content=\"image\/jpeg\" \/>\n<meta name=\"twitter:card\" content=\"summary_large_image\" \/>\n<meta name=\"twitter:label1\" content=\"Est. reading time\" \/>\n\t<meta name=\"twitter:data1\" content=\"1 minut\" \/>\n<script type=\"application\/ld+json\" class=\"yoast-schema-graph\">{\"@context\":\"https:\\\/\\\/schema.org\",\"@graph\":[{\"@type\":\"WebPage\",\"@id\":\"https:\\\/\\\/alekeskus.eu\\\/et\\\/toode\\\/aiamaja-palermo2-alekeskus\\\/\",\"url\":\"https:\\\/\\\/alekeskus.eu\\\/et\\\/toode\\\/aiamaja-palermo2-alekeskus\\\/\",\"name\":\"Aiamaja Palermo 13,1 m\u00b2 siledate nurkadega - Alekeskus\",\"isPartOf\":{\"@id\":\"https:\\\/\\\/alekeskus.eu\\\/#website\"},\"primaryImageOfPage\":{\"@id\":\"https:\\\/\\\/alekeskus.eu\\\/et\\\/toode\\\/aiamaja-palermo2-alekeskus\\\/#primaryimage\"},\"image\":{\"@id\":\"https:\\\/\\\/alekeskus.eu\\\/et\\\/toode\\\/aiamaja-palermo2-alekeskus\\\/#primaryimage\"},\"thumbnailUrl\":\"https:\\\/\\\/alekeskus.eu\\\/wp-content\\\/uploads\\\/2023\\\/02\\\/Palermo2-aias-scaled.jpg\",\"datePublished\":\"2025-02-08T12:43:09+00:00\",\"dateModified\":\"2026-03-08T15:17:31+00:00\",\"description\":\"aiamaja lamekatusega ja siledate nurkadega\",\"breadcrumb\":{\"@id\":\"https:\\\/\\\/alekeskus.eu\\\/et\\\/toode\\\/aiamaja-palermo2-alekeskus\\\/#breadcrumb\"},\"inLanguage\":\"et\",\"potentialAction\":[{\"@type\":\"ReadAction\",\"target\":[\"https:\\\/\\\/alekeskus.eu\\\/et\\\/toode\\\/aiamaja-palermo2-alekeskus\\\/\"]}]},{\"@type\":\"ImageObject\",\"inLanguage\":\"et\",\"@id\":\"https:\\\/\\\/alekeskus.eu\\\/et\\\/toode\\\/aiamaja-palermo2-alekeskus\\\/#primaryimage\",\"url\":\"https:\\\/\\\/alekeskus.eu\\\/wp-content\\\/uploads\\\/2023\\\/02\\\/Palermo2-aias-scaled.jpg\",\"contentUrl\":\"https:\\\/\\\/alekeskus.eu\\\/wp-content\\\/uploads\\\/2023\\\/02\\\/Palermo2-aias-scaled.jpg\",\"width\":1600,\"height\":1067},{\"@type\":\"BreadcrumbList\",\"@id\":\"https:\\\/\\\/alekeskus.eu\\\/et\\\/toode\\\/aiamaja-palermo2-alekeskus\\\/#breadcrumb\",\"itemListElement\":[{\"@type\":\"ListItem\",\"position\":1,\"name\":\"Avaleht\",\"item\":\"https:\\\/\\\/alekeskus.eu\\\/et\\\/\"},{\"@type\":\"ListItem\",\"position\":2,\"name\":\"Pood\",\"item\":\"https:\\\/\\\/alekeskus.eu\\\/pood\\\/\"},{\"@type\":\"ListItem\",\"position\":3,\"name\":\"Aiamaja Palermo 13,1 m\u00b2 siledate nurkadega\"}]},{\"@type\":\"WebSite\",\"@id\":\"https:\\\/\\\/alekeskus.eu\\\/#website\",\"url\":\"https:\\\/\\\/alekeskus.eu\\\/\",\"name\":\"Alekeskus\",\"description\":\"Alekeskus.eu\",\"potentialAction\":[{\"@type\":\"SearchAction\",\"target\":{\"@type\":\"EntryPoint\",\"urlTemplate\":\"https:\\\/\\\/alekeskus.eu\\\/?s={search_term_string}\"},\"query-input\":{\"@type\":\"PropertyValueSpecification\",\"valueRequired\":true,\"valueName\":\"search_term_string\"}}],\"inLanguage\":\"et\"}]}<\/script>\n<!-- \/ Yoast SEO plugin. -->","yoast_head_json":{"title":"Aiamaja Palermo 13,1 m\u00b2 siledate nurkadega - Alekeskus","description":"aiamaja lamekatusega ja siledate nurkadega","robots":{"index":"index","follow":"follow","max-snippet":"max-snippet:-1","max-image-preview":"max-image-preview:large","max-video-preview":"max-video-preview:-1"},"canonical":"https:\/\/alekeskus.eu\/et\/toode\/aiamaja-palermo2-alekeskus\/","og_locale":"et_EE","og_type":"article","og_title":"Aiamaja Palermo 13,1 m\u00b2 siledate nurkadega - Alekeskus","og_description":"aiamaja lamekatusega ja siledate nurkadega","og_url":"https:\/\/alekeskus.eu\/et\/toode\/aiamaja-palermo2-alekeskus\/","og_site_name":"Alekeskus","article_modified_time":"2026-03-08T15:17:31+00:00","og_image":[{"width":1600,"height":1067,"url":"https:\/\/alekeskus.eu\/wp-content\/uploads\/2023\/02\/Palermo2-aias-scaled.jpg","type":"image\/jpeg"}],"twitter_card":"summary_large_image","twitter_misc":{"Est. reading time":"1 minut"},"schema":{"@context":"https:\/\/schema.org","@graph":[{"@type":"WebPage","@id":"https:\/\/alekeskus.eu\/et\/toode\/aiamaja-palermo2-alekeskus\/","url":"https:\/\/alekeskus.eu\/et\/toode\/aiamaja-palermo2-alekeskus\/","name":"Aiamaja Palermo 13,1 m\u00b2 siledate nurkadega - Alekeskus","isPartOf":{"@id":"https:\/\/alekeskus.eu\/#website"},"primaryImageOfPage":{"@id":"https:\/\/alekeskus.eu\/et\/toode\/aiamaja-palermo2-alekeskus\/#primaryimage"},"image":{"@id":"https:\/\/alekeskus.eu\/et\/toode\/aiamaja-palermo2-alekeskus\/#primaryimage"},"thumbnailUrl":"https:\/\/alekeskus.eu\/wp-content\/uploads\/2023\/02\/Palermo2-aias-scaled.jpg","datePublished":"2025-02-08T12:43:09+00:00","dateModified":"2026-03-08T15:17:31+00:00","description":"aiamaja lamekatusega ja siledate nurkadega","breadcrumb":{"@id":"https:\/\/alekeskus.eu\/et\/toode\/aiamaja-palermo2-alekeskus\/#breadcrumb"},"inLanguage":"et","potentialAction":[{"@type":"ReadAction","target":["https:\/\/alekeskus.eu\/et\/toode\/aiamaja-palermo2-alekeskus\/"]}]},{"@type":"ImageObject","inLanguage":"et","@id":"https:\/\/alekeskus.eu\/et\/toode\/aiamaja-palermo2-alekeskus\/#primaryimage","url":"https:\/\/alekeskus.eu\/wp-content\/uploads\/2023\/02\/Palermo2-aias-scaled.jpg","contentUrl":"https:\/\/alekeskus.eu\/wp-content\/uploads\/2023\/02\/Palermo2-aias-scaled.jpg","width":1600,"height":1067},{"@type":"BreadcrumbList","@id":"https:\/\/alekeskus.eu\/et\/toode\/aiamaja-palermo2-alekeskus\/#breadcrumb","itemListElement":[{"@type":"ListItem","position":1,"name":"Avaleht","item":"https:\/\/alekeskus.eu\/et\/"},{"@type":"ListItem","position":2,"name":"Pood","item":"https:\/\/alekeskus.eu\/pood\/"},{"@type":"ListItem","position":3,"name":"Aiamaja Palermo 13,1 m\u00b2 siledate nurkadega"}]},{"@type":"WebSite","@id":"https:\/\/alekeskus.eu\/#website","url":"https:\/\/alekeskus.eu\/","name":"Alekeskus","description":"Alekeskus.eu","potentialAction":[{"@type":"SearchAction","target":{"@type":"EntryPoint","urlTemplate":"https:\/\/alekeskus.eu\/?s={search_term_string}"},"query-input":{"@type":"PropertyValueSpecification","valueRequired":true,"valueName":"search_term_string"}}],"inLanguage":"et"}]}},"brands":[],"_links":{"self":[{"href":"https:\/\/alekeskus.eu\/et\/wp-json\/wp\/v2\/product\/80879","targetHints":{"allow":["GET"]}}],"collection":[{"href":"https:\/\/alekeskus.eu\/et\/wp-json\/wp\/v2\/product"}],"about":[{"href":"https:\/\/alekeskus.eu\/et\/wp-json\/wp\/v2\/types\/product"}],"wp:featuredmedia":[{"embeddable":true,"href":"https:\/\/alekeskus.eu\/et\/wp-json\/wp\/v2\/media\/80883"}],"wp:attachment":[{"href":"https:\/\/alekeskus.eu\/et\/wp-json\/wp\/v2\/media?parent=80879"}],"wp:term":[{"taxonomy":"pwb-brand","embeddable":true,"href":"https:\/\/alekeskus.eu\/et\/wp-json\/wp\/v2\/pwb-brand?post=80879"},{"taxonomy":"product_brand","embeddable":true,"href":"https:\/\/alekeskus.eu\/et\/wp-json\/wp\/v2\/product_brand?post=80879"},{"taxonomy":"product_cat","embeddable":true,"href":"https:\/\/alekeskus.eu\/et\/wp-json\/wp\/v2\/product_cat?post=80879"},{"taxonomy":"product_tag","embeddable":true,"href":"https:\/\/alekeskus.eu\/et\/wp-json\/wp\/v2\/product_tag?post=80879"}],"curies":[{"name":"wp","href":"https:\/\/api.w.org\/{rel}","templated":true}]}}