{"id":80910,"date":"2025-12-10T10:33:46","date_gmt":"2025-12-10T10:33:46","guid":{"rendered":"https:\/\/alekeskus.eu\/?post_type=product&#038;p=80910"},"modified":"2026-03-05T17:14:23","modified_gmt":"2026-03-05T17:14:23","slug":"aiamaja-viljandi34-alekeskus","status":"publish","type":"product","link":"https:\/\/alekeskus.eu\/et\/toode\/aiamaja-viljandi34-alekeskus\/","title":{"rendered":"Aiamaja Viljandi34 8,6 m\u00b2 + katusealune 3,8 m\u00b2"},"content":{"rendered":"<p>V\u00c4RVIMISE TEENUSE KIRJELDUS:<\/p>\n<p>Sein v\u00e4rvitakse 3-st k\u00fcljest, ka punnsooned. 4 standardv\u00e4rvi: rootsi punane, s\u00fcsihall, helehall, roheline. Sisepind j\u00e4\u00e4b naturaalseks. Maja nurgad v\u00e4rvitakse igast k\u00fcljest. V\u00e4rvi kantakse 2 kihti. \u27a2 P\u00f5randa- ja laelauad ning p\u00e4rlinid j\u00e4\u00e4vad v\u00e4rvimata. \u27a2 Aknad ja uksed v\u00e4rvitakse valgeks igast k\u00fcljest. \u27a2 K\u00f5ik v\u00e4lised liistud (viilulauad ja liistud) v\u00e4rvitakse valgeks. \u27a2 Kvaliteetne v\u00e4rv tuntud Saksa tootjalt OSMO<\/p>\n<p>V\u00e4rvitud tootel on u 1 kuu pikem tellimisaeg.<\/p>\n","protected":false},"excerpt":{"rendered":"<p>V\u00e4lism\u00f5\u00f5dud: <strong>300<\/strong><b> x 300 cm + katusealune 300 x 125 cm<\/b><\/p>\n<ul>\n<li>tuuletapiga <strong>freespalk 34 mm, <\/strong>tormikinnitused<\/li>\n<li><strong>katusealune ees 125 cm<\/strong><\/li>\n<li>harja k\u00f5rgus 245 cm<strong>, <\/strong>seina k\u00f5rgus 194 cm<\/li>\n<li>silinderlukuga ja klaasiga paarisuks 149 x 185 cm<\/li>\n<li>\n<div class=\"product-spec\">\n<div class=\"spec-detail\">\n<div class=\"spec-singular\">katuse pind 16 <span class=\"super-position\">m<sup>2 <\/sup><\/span>ja katusekalle 19\u00b0<\/div>\n<\/div>\n<\/div>\n<\/li>\n<li>\n<div class=\"spec-name\">punniga katuselauad 18 x 90 mm<\/div>\n<\/li>\n<li>\n<div class=\"spec-name\">katusekate ei sisaldu hinnas (lisahinnaga 2 rulli ajutine katusepapp\/SBS-bituumenkate 1&#215;10 m v\u00f5i bituumensindel 7 pakki)<\/div>\n<\/li>\n<li>p\u00f5randat ei ole<\/li>\n<li>tellitav v\u00e4ljast v\u00e4rvituna +800\u20ac (hele-ja tumehall, punane v\u00f5i roheline; avat\u00e4ited-liistud \u00fcleni valged; loe alt kirjeldust, tellimisaeg 3-4 n\u00e4dalat pikem)<\/li>\n<li>\n<div class=\"spec-name\">kinnitusvahendid ja koostejuhend<\/div>\n<\/li>\n<li>tehase garantii 2 aastat<\/li>\n<li>Eesti toode<\/li>\n<li>ilmastikukindel pakend<\/li>\n<\/ul>\n<p>Vedu mandril tellijapoolse mahalaadimisega 180\u20ac v\u00f5i kraana-autoga 350\u20ac(suursaartele vastavalt 280\u20ac ja 590\u20ac).<\/p>\n<p>K\u00fcsi ka paigaldust!<\/p>\n","protected":false},"featured_media":80928,"template":"","meta":{"_monsterinsights_skip_tracking":false,"_monsterinsights_sitenote_active":false,"_monsterinsights_sitenote_note":"","_monsterinsights_sitenote_category":0},"pwb-brand":[18577],"product_brand":[],"product_cat":[17182,13538,13592,13540,13596,13600],"product_tag":[14265,17936,14266,18330,14277,13813,15516,16033,13832,13864,13913,14252,14264],"class_list":{"0":"post-80910","1":"product","2":"type-product","3":"status-publish","4":"has-post-thumbnail","6":"pwb-brand-eesti","7":"product_cat-suvekoogid-alekeskus","8":"product_cat-ale","9":"product_cat-aia-ja-grillmajad","10":"product_cat-hooned-alekeskus","11":"product_cat-varjualused-talveaiad-alekeskus","12":"product_cat-kuurid-aidad-kioskid","13":"product_tag-pihavaja","14":"product_tag-pihavarasto","15":"product_tag-katusealune","16":"product_tag-palmako-vierasmaja","17":"product_tag-freespalk","18":"product_tag-aiamaja","19":"product_tag-suvekook","20":"product_tag-etulippa","21":"product_tag-kesakeittio","22":"product_tag-huvimaja","23":"product_tag-vierasmaja","24":"product_tag-suvemaja","25":"product_tag-aiakuur","26":"product_shipping_class-alates-1000kg","27":"pa_garantii-2-aastat","28":"pa_kohaletoimetamine-alates-180e","29":"pa_laoasukoht-tartumaa","30":"pa_pindalam-17831","31":"pa_seinapaksus-34-mm","32":"pa_tellimisaeg-tilausaika-alekeskus","33":"pa_varv-roheline","34":"pa_varv-punane","35":"pa_varv-viimistlemata","36":"pa_varv-tumehall","37":"pa_varv-helehall","38":"pa_veame-eesti-ja-soome","40":"first","41":"instock","42":"sale","43":"featured","44":"taxable","45":"shipping-taxable","46":"purchasable","47":"product-type-variable","48":"has-default-attributes"},"yoast_head":"<!-- This site is optimized with the Yoast SEO plugin v27.3 - https:\/\/yoast.com\/product\/yoast-seo-wordpress\/ -->\n<title>Aiamaja Viljandi34 8,6 m\u00b2 + katusealune 3,8 m\u00b2 - Alekeskus<\/title>\n<meta name=\"description\" content=\"aiamaja Viljandi, mis on Eestis tehtud ja kohe saadaval soodushinnaga\" \/>\n<meta name=\"robots\" content=\"index, follow, max-snippet:-1, max-image-preview:large, max-video-preview:-1\" \/>\n<link rel=\"canonical\" href=\"https:\/\/alekeskus.eu\/et\/toode\/aiamaja-viljandi34-alekeskus\/\" \/>\n<meta property=\"og:locale\" content=\"et_EE\" \/>\n<meta property=\"og:type\" content=\"article\" \/>\n<meta property=\"og:title\" content=\"Aiamaja Viljandi34 8,6 m\u00b2 + katusealune 3,8 m\u00b2 - Alekeskus\" \/>\n<meta property=\"og:description\" content=\"aiamaja Viljandi, mis on Eestis tehtud ja kohe saadaval soodushinnaga\" \/>\n<meta property=\"og:url\" content=\"https:\/\/alekeskus.eu\/et\/toode\/aiamaja-viljandi34-alekeskus\/\" \/>\n<meta property=\"og:site_name\" content=\"Alekeskus\" \/>\n<meta property=\"article:modified_time\" content=\"2026-03-05T17:14:23+00:00\" \/>\n<meta property=\"og:image\" content=\"https:\/\/alekeskus.eu\/wp-content\/uploads\/2023\/02\/Viljandi34-susihall-scaled.jpg\" \/>\n\t<meta property=\"og:image:width\" content=\"1600\" \/>\n\t<meta property=\"og:image:height\" content=\"1067\" \/>\n\t<meta property=\"og:image:type\" content=\"image\/jpeg\" \/>\n<meta name=\"twitter:card\" content=\"summary_large_image\" \/>\n<meta name=\"twitter:label1\" content=\"Est. reading time\" \/>\n\t<meta name=\"twitter:data1\" content=\"1 minut\" \/>\n<script type=\"application\/ld+json\" class=\"yoast-schema-graph\">{\"@context\":\"https:\\\/\\\/schema.org\",\"@graph\":[{\"@type\":\"WebPage\",\"@id\":\"https:\\\/\\\/alekeskus.eu\\\/et\\\/toode\\\/aiamaja-viljandi34-alekeskus\\\/\",\"url\":\"https:\\\/\\\/alekeskus.eu\\\/et\\\/toode\\\/aiamaja-viljandi34-alekeskus\\\/\",\"name\":\"Aiamaja Viljandi34 8,6 m\u00b2 + katusealune 3,8 m\u00b2 - Alekeskus\",\"isPartOf\":{\"@id\":\"https:\\\/\\\/alekeskus.eu\\\/#website\"},\"primaryImageOfPage\":{\"@id\":\"https:\\\/\\\/alekeskus.eu\\\/et\\\/toode\\\/aiamaja-viljandi34-alekeskus\\\/#primaryimage\"},\"image\":{\"@id\":\"https:\\\/\\\/alekeskus.eu\\\/et\\\/toode\\\/aiamaja-viljandi34-alekeskus\\\/#primaryimage\"},\"thumbnailUrl\":\"https:\\\/\\\/alekeskus.eu\\\/wp-content\\\/uploads\\\/2023\\\/02\\\/Viljandi34-susihall-scaled.jpg\",\"datePublished\":\"2025-12-10T10:33:46+00:00\",\"dateModified\":\"2026-03-05T17:14:23+00:00\",\"description\":\"aiamaja Viljandi, mis on Eestis tehtud ja kohe saadaval soodushinnaga\",\"breadcrumb\":{\"@id\":\"https:\\\/\\\/alekeskus.eu\\\/et\\\/toode\\\/aiamaja-viljandi34-alekeskus\\\/#breadcrumb\"},\"inLanguage\":\"et\",\"potentialAction\":[{\"@type\":\"ReadAction\",\"target\":[\"https:\\\/\\\/alekeskus.eu\\\/et\\\/toode\\\/aiamaja-viljandi34-alekeskus\\\/\"]}]},{\"@type\":\"ImageObject\",\"inLanguage\":\"et\",\"@id\":\"https:\\\/\\\/alekeskus.eu\\\/et\\\/toode\\\/aiamaja-viljandi34-alekeskus\\\/#primaryimage\",\"url\":\"https:\\\/\\\/alekeskus.eu\\\/wp-content\\\/uploads\\\/2023\\\/02\\\/Viljandi34-susihall-scaled.jpg\",\"contentUrl\":\"https:\\\/\\\/alekeskus.eu\\\/wp-content\\\/uploads\\\/2023\\\/02\\\/Viljandi34-susihall-scaled.jpg\",\"width\":1600,\"height\":1067},{\"@type\":\"BreadcrumbList\",\"@id\":\"https:\\\/\\\/alekeskus.eu\\\/et\\\/toode\\\/aiamaja-viljandi34-alekeskus\\\/#breadcrumb\",\"itemListElement\":[{\"@type\":\"ListItem\",\"position\":1,\"name\":\"Avaleht\",\"item\":\"https:\\\/\\\/alekeskus.eu\\\/et\\\/\"},{\"@type\":\"ListItem\",\"position\":2,\"name\":\"Pood\",\"item\":\"https:\\\/\\\/alekeskus.eu\\\/pood\\\/\"},{\"@type\":\"ListItem\",\"position\":3,\"name\":\"Aiamaja Viljandi34 8,6 m\u00b2 + katusealune 3,8 m\u00b2\"}]},{\"@type\":\"WebSite\",\"@id\":\"https:\\\/\\\/alekeskus.eu\\\/#website\",\"url\":\"https:\\\/\\\/alekeskus.eu\\\/\",\"name\":\"Alekeskus\",\"description\":\"Alekeskus.eu\",\"potentialAction\":[{\"@type\":\"SearchAction\",\"target\":{\"@type\":\"EntryPoint\",\"urlTemplate\":\"https:\\\/\\\/alekeskus.eu\\\/?s={search_term_string}\"},\"query-input\":{\"@type\":\"PropertyValueSpecification\",\"valueRequired\":true,\"valueName\":\"search_term_string\"}}],\"inLanguage\":\"et\"}]}<\/script>\n<!-- \/ Yoast SEO plugin. -->","yoast_head_json":{"title":"Aiamaja Viljandi34 8,6 m\u00b2 + katusealune 3,8 m\u00b2 - Alekeskus","description":"aiamaja Viljandi, mis on Eestis tehtud ja kohe saadaval soodushinnaga","robots":{"index":"index","follow":"follow","max-snippet":"max-snippet:-1","max-image-preview":"max-image-preview:large","max-video-preview":"max-video-preview:-1"},"canonical":"https:\/\/alekeskus.eu\/et\/toode\/aiamaja-viljandi34-alekeskus\/","og_locale":"et_EE","og_type":"article","og_title":"Aiamaja Viljandi34 8,6 m\u00b2 + katusealune 3,8 m\u00b2 - Alekeskus","og_description":"aiamaja Viljandi, mis on Eestis tehtud ja kohe saadaval soodushinnaga","og_url":"https:\/\/alekeskus.eu\/et\/toode\/aiamaja-viljandi34-alekeskus\/","og_site_name":"Alekeskus","article_modified_time":"2026-03-05T17:14:23+00:00","og_image":[{"width":1600,"height":1067,"url":"https:\/\/alekeskus.eu\/wp-content\/uploads\/2023\/02\/Viljandi34-susihall-scaled.jpg","type":"image\/jpeg"}],"twitter_card":"summary_large_image","twitter_misc":{"Est. reading time":"1 minut"},"schema":{"@context":"https:\/\/schema.org","@graph":[{"@type":"WebPage","@id":"https:\/\/alekeskus.eu\/et\/toode\/aiamaja-viljandi34-alekeskus\/","url":"https:\/\/alekeskus.eu\/et\/toode\/aiamaja-viljandi34-alekeskus\/","name":"Aiamaja Viljandi34 8,6 m\u00b2 + katusealune 3,8 m\u00b2 - Alekeskus","isPartOf":{"@id":"https:\/\/alekeskus.eu\/#website"},"primaryImageOfPage":{"@id":"https:\/\/alekeskus.eu\/et\/toode\/aiamaja-viljandi34-alekeskus\/#primaryimage"},"image":{"@id":"https:\/\/alekeskus.eu\/et\/toode\/aiamaja-viljandi34-alekeskus\/#primaryimage"},"thumbnailUrl":"https:\/\/alekeskus.eu\/wp-content\/uploads\/2023\/02\/Viljandi34-susihall-scaled.jpg","datePublished":"2025-12-10T10:33:46+00:00","dateModified":"2026-03-05T17:14:23+00:00","description":"aiamaja Viljandi, mis on Eestis tehtud ja kohe saadaval soodushinnaga","breadcrumb":{"@id":"https:\/\/alekeskus.eu\/et\/toode\/aiamaja-viljandi34-alekeskus\/#breadcrumb"},"inLanguage":"et","potentialAction":[{"@type":"ReadAction","target":["https:\/\/alekeskus.eu\/et\/toode\/aiamaja-viljandi34-alekeskus\/"]}]},{"@type":"ImageObject","inLanguage":"et","@id":"https:\/\/alekeskus.eu\/et\/toode\/aiamaja-viljandi34-alekeskus\/#primaryimage","url":"https:\/\/alekeskus.eu\/wp-content\/uploads\/2023\/02\/Viljandi34-susihall-scaled.jpg","contentUrl":"https:\/\/alekeskus.eu\/wp-content\/uploads\/2023\/02\/Viljandi34-susihall-scaled.jpg","width":1600,"height":1067},{"@type":"BreadcrumbList","@id":"https:\/\/alekeskus.eu\/et\/toode\/aiamaja-viljandi34-alekeskus\/#breadcrumb","itemListElement":[{"@type":"ListItem","position":1,"name":"Avaleht","item":"https:\/\/alekeskus.eu\/et\/"},{"@type":"ListItem","position":2,"name":"Pood","item":"https:\/\/alekeskus.eu\/pood\/"},{"@type":"ListItem","position":3,"name":"Aiamaja Viljandi34 8,6 m\u00b2 + katusealune 3,8 m\u00b2"}]},{"@type":"WebSite","@id":"https:\/\/alekeskus.eu\/#website","url":"https:\/\/alekeskus.eu\/","name":"Alekeskus","description":"Alekeskus.eu","potentialAction":[{"@type":"SearchAction","target":{"@type":"EntryPoint","urlTemplate":"https:\/\/alekeskus.eu\/?s={search_term_string}"},"query-input":{"@type":"PropertyValueSpecification","valueRequired":true,"valueName":"search_term_string"}}],"inLanguage":"et"}]}},"brands":[{"id":18577,"name":"Eesti","slug":"eesti"}],"_links":{"self":[{"href":"https:\/\/alekeskus.eu\/et\/wp-json\/wp\/v2\/product\/80910","targetHints":{"allow":["GET"]}}],"collection":[{"href":"https:\/\/alekeskus.eu\/et\/wp-json\/wp\/v2\/product"}],"about":[{"href":"https:\/\/alekeskus.eu\/et\/wp-json\/wp\/v2\/types\/product"}],"wp:featuredmedia":[{"embeddable":true,"href":"https:\/\/alekeskus.eu\/et\/wp-json\/wp\/v2\/media\/80928"}],"wp:attachment":[{"href":"https:\/\/alekeskus.eu\/et\/wp-json\/wp\/v2\/media?parent=80910"}],"wp:term":[{"taxonomy":"pwb-brand","embeddable":true,"href":"https:\/\/alekeskus.eu\/et\/wp-json\/wp\/v2\/pwb-brand?post=80910"},{"taxonomy":"product_brand","embeddable":true,"href":"https:\/\/alekeskus.eu\/et\/wp-json\/wp\/v2\/product_brand?post=80910"},{"taxonomy":"product_cat","embeddable":true,"href":"https:\/\/alekeskus.eu\/et\/wp-json\/wp\/v2\/product_cat?post=80910"},{"taxonomy":"product_tag","embeddable":true,"href":"https:\/\/alekeskus.eu\/et\/wp-json\/wp\/v2\/product_tag?post=80910"}],"curies":[{"name":"wp","href":"https:\/\/api.w.org\/{rel}","templated":true}]}}