{"id":81144,"date":"2026-03-13T06:20:56","date_gmt":"2026-03-13T06:20:56","guid":{"rendered":"https:\/\/alekeskus.eu\/?post_type=product&#038;p=81144"},"modified":"2026-03-29T16:12:37","modified_gmt":"2026-03-29T16:12:37","slug":"aiamaja-luuna-126-alekeskus","status":"publish","type":"product","link":"https:\/\/alekeskus.eu\/et\/toode\/aiamaja-luuna-126-alekeskus\/","title":{"rendered":"Aiamaja Luuna 12,6 m\u00b2 + katusega terrass"},"content":{"rendered":"<p>V\u00c4RVIMISE TEENUSE KIRJELDUS:<\/p>\n<p>Sein v\u00e4rvitakse 3-st k\u00fcljest, ka punnsooned. 4 standardv\u00e4rvi: rootsi punane, s\u00fcsihall, helehall, roheline. Sisepind j\u00e4\u00e4b naturaalseks. Maja nurgad on v\u00e4rvitud igast k\u00fcljest. V\u00e4rvitakse 2 kihti. \u27a2 P\u00f5randa- ja laelauad ning p\u00e4rlinid j\u00e4\u00e4vad v\u00e4rvimata. \u27a2 Aknad ja uksed v\u00e4rvitakse valgeks igast k\u00fcljest. \u27a2 K\u00f5ik v\u00e4lised liistud (viilulauad ja liistud) v\u00e4rvitakse valgeks. \u27a2 Kvaliteetne v\u00e4rv tuntud Saksa tootjalt OSMO<\/p>\n<p>Tellimisaeg pikem v\u00e4rvimata tootest.<\/p>\n<p>Pakend: 530x118x58 cm,\u00a01066 kg<\/p>\n<p>Paigaldusohje: <a href=\"https:\/\/alekeskus.eu\/wp-content\/uploads\/2023\/07\/Luuna2-2816201-ohje.pdf\">Luuna2 2816201 ohje<\/a><\/p>\n","protected":false},"excerpt":{"rendered":"<p>V\u00e4lism\u00f5\u00f5dud: <b>360 x 360 cm + terrass 360 x 140 cm. <\/b>Harja k\u00f5rgus<strong> 245 cm,<\/strong> seina k\u00f5rgus <strong>194 cm.\u00a0<\/strong><\/p>\n<ul>\n<li><strong>tuuletapiga freespalk<\/strong> <strong>28 mm,<\/strong> tormikinnitused<\/li>\n<li>piirdega terrass 3,6 x 1,4 m<\/li>\n<li>r\u00e4\u00e4stas 20 cm, katuse kalle 16\u00b0, katuse pindala 22 m<sup>2<\/sup><\/li>\n<li>punniga katuselauad 18 x 90 mm<\/li>\n<li>sisseavanevad aknad 2 tk 88 x 99 cm<\/li>\n<li>1 lillekast<\/li>\n<li>silinderlukuga klaasitud paarisuks 149 x 185 cm<\/li>\n<li>s\u00fcgavimmutatud p\u00f5randatalad 45 x 45 mm, punniga p\u00f5randalauad 18 x 90 mm<\/li>\n<li>s\u00fcgavimmutatud terrassilauad 19 x 90 mm<\/li>\n<li>\n<div class=\"spec-name\">kinnitusvahendid, koostejuhend<\/div>\n<\/li>\n<li>tellitav v\u00e4ljast v\u00e4rvituna +1200\u20ac(hele-ja tumehall, punane v\u00f5i roheline; avat\u00e4ited-liistud \u00fcleni valged; loe alt kirjeldust, tellimisaeg 3-4 n\u00e4dalat pikem)<\/li>\n<li>sindelkatusekate 9 pakki lisahinnaga<\/li>\n<li>tehase garantii 2 aastat<\/li>\n<li>ilmastikukindel pakend<\/li>\n<li>esiseina palke teistpidi paigaldades saab ukse ja akna asukohta vahetada(ei saa v\u00e4rvitud tootel)<\/li>\n<li>Eesti toode<\/li>\n<\/ul>\n<p>Vedu mandril tellijapoolse mahalaadimisega 180\u20ac v\u00f5i kraana-autoga 350\u20ac(suursaartele vastavalt 280\u20ac ja 590\u20ac).<\/p>\n<p>K\u00fcsi ka paigaldust!<\/p>\n","protected":false},"featured_media":81180,"template":"","meta":{"_monsterinsights_skip_tracking":false,"_monsterinsights_sitenote_active":false,"_monsterinsights_sitenote_note":"","_monsterinsights_sitenote_category":0},"pwb-brand":[18577],"product_brand":[],"product_cat":[17182,13592,13540,13594,13596,13600,13604],"product_tag":[14264,14265,17936,14311,18565,15216,15410,13813,15516,13832,13864,13913,13999],"class_list":{"0":"post-81144","1":"product","2":"type-product","3":"status-publish","4":"has-post-thumbnail","6":"pwb-brand-eesti","7":"product_cat-suvekoogid-alekeskus","8":"product_cat-aia-ja-grillmajad","9":"product_cat-hooned-alekeskus","10":"product_cat-mangumajad","11":"product_cat-varjualused-talveaiad-alekeskus","12":"product_cat-kuurid-aidad-kioskid","13":"product_cat-saunad","14":"product_tag-aiakuur","15":"product_tag-pihavaja","16":"product_tag-pihavarasto","17":"product_tag-freespalkaiamaja","18":"product_tag-etatyotila-2","19":"product_tag-ait","20":"product_tag-cottage","21":"product_tag-aiamaja","22":"product_tag-suvekook","23":"product_tag-kesakeittio","24":"product_tag-huvimaja","25":"product_tag-vierasmaja","26":"product_tag-hoylahirsi","27":"product_shipping_class-alates-1000kg","28":"pa_garantii-2-aastat","29":"pa_kohaletoimetamine-alates-180e","30":"pa_laoasukoht-tartumaa","31":"pa_pindalam-17818","32":"pa_seinapaksus-28-mm","33":"pa_varv-tumehall","34":"pa_varv-helehall","35":"pa_varv-roheline","36":"pa_varv-punane","37":"pa_varv-viimistlemata","38":"pa_veame-eesti-ja-soome","40":"first","41":"instock","42":"featured","43":"taxable","44":"shipping-taxable","45":"purchasable","46":"product-type-variable","47":"has-default-attributes"},"yoast_head":"<!-- This site is optimized with the Yoast SEO plugin v27.3 - https:\/\/yoast.com\/product\/yoast-seo-wordpress\/ -->\n<title>Aiamaja Luuna 12,6 m\u00b2 + katusega terrass - Alekeskus<\/title>\n<meta name=\"description\" content=\"Suure terrassiga Eestis tehtud aiamaja Luuna.\" \/>\n<meta name=\"robots\" content=\"index, follow, max-snippet:-1, max-image-preview:large, max-video-preview:-1\" \/>\n<link rel=\"canonical\" href=\"https:\/\/alekeskus.eu\/et\/toode\/aiamaja-luuna-126-alekeskus\/\" \/>\n<meta property=\"og:locale\" content=\"et_EE\" \/>\n<meta property=\"og:type\" content=\"article\" \/>\n<meta property=\"og:title\" content=\"Aiamaja Luuna 12,6 m\u00b2 + katusega terrass - Alekeskus\" \/>\n<meta property=\"og:description\" content=\"Suure terrassiga Eestis tehtud aiamaja Luuna.\" \/>\n<meta property=\"og:url\" content=\"https:\/\/alekeskus.eu\/et\/toode\/aiamaja-luuna-126-alekeskus\/\" \/>\n<meta property=\"og:site_name\" content=\"Alekeskus\" \/>\n<meta property=\"article:modified_time\" content=\"2026-03-29T16:12:37+00:00\" \/>\n<meta property=\"og:image\" content=\"https:\/\/alekeskus.eu\/wp-content\/uploads\/2023\/02\/Luna2-roheline.jpg\" \/>\n\t<meta property=\"og:image:width\" content=\"1600\" \/>\n\t<meta property=\"og:image:height\" content=\"1067\" \/>\n\t<meta property=\"og:image:type\" content=\"image\/jpeg\" \/>\n<meta name=\"twitter:card\" content=\"summary_large_image\" \/>\n<meta name=\"twitter:label1\" content=\"Est. reading time\" \/>\n\t<meta name=\"twitter:data1\" content=\"1 minut\" \/>\n<script type=\"application\/ld+json\" class=\"yoast-schema-graph\">{\"@context\":\"https:\\\/\\\/schema.org\",\"@graph\":[{\"@type\":\"WebPage\",\"@id\":\"https:\\\/\\\/alekeskus.eu\\\/et\\\/toode\\\/aiamaja-luuna-126-alekeskus\\\/\",\"url\":\"https:\\\/\\\/alekeskus.eu\\\/et\\\/toode\\\/aiamaja-luuna-126-alekeskus\\\/\",\"name\":\"Aiamaja Luuna 12,6 m\u00b2 + katusega terrass - Alekeskus\",\"isPartOf\":{\"@id\":\"https:\\\/\\\/alekeskus.eu\\\/#website\"},\"primaryImageOfPage\":{\"@id\":\"https:\\\/\\\/alekeskus.eu\\\/et\\\/toode\\\/aiamaja-luuna-126-alekeskus\\\/#primaryimage\"},\"image\":{\"@id\":\"https:\\\/\\\/alekeskus.eu\\\/et\\\/toode\\\/aiamaja-luuna-126-alekeskus\\\/#primaryimage\"},\"thumbnailUrl\":\"https:\\\/\\\/alekeskus.eu\\\/wp-content\\\/uploads\\\/2023\\\/02\\\/Luna2-roheline.jpg\",\"datePublished\":\"2026-03-13T06:20:56+00:00\",\"dateModified\":\"2026-03-29T16:12:37+00:00\",\"description\":\"Suure terrassiga Eestis tehtud aiamaja Luuna.\",\"breadcrumb\":{\"@id\":\"https:\\\/\\\/alekeskus.eu\\\/et\\\/toode\\\/aiamaja-luuna-126-alekeskus\\\/#breadcrumb\"},\"inLanguage\":\"et\",\"potentialAction\":[{\"@type\":\"ReadAction\",\"target\":[\"https:\\\/\\\/alekeskus.eu\\\/et\\\/toode\\\/aiamaja-luuna-126-alekeskus\\\/\"]}]},{\"@type\":\"ImageObject\",\"inLanguage\":\"et\",\"@id\":\"https:\\\/\\\/alekeskus.eu\\\/et\\\/toode\\\/aiamaja-luuna-126-alekeskus\\\/#primaryimage\",\"url\":\"https:\\\/\\\/alekeskus.eu\\\/wp-content\\\/uploads\\\/2023\\\/02\\\/Luna2-roheline.jpg\",\"contentUrl\":\"https:\\\/\\\/alekeskus.eu\\\/wp-content\\\/uploads\\\/2023\\\/02\\\/Luna2-roheline.jpg\",\"width\":1600,\"height\":1067},{\"@type\":\"BreadcrumbList\",\"@id\":\"https:\\\/\\\/alekeskus.eu\\\/et\\\/toode\\\/aiamaja-luuna-126-alekeskus\\\/#breadcrumb\",\"itemListElement\":[{\"@type\":\"ListItem\",\"position\":1,\"name\":\"Avaleht\",\"item\":\"https:\\\/\\\/alekeskus.eu\\\/et\\\/\"},{\"@type\":\"ListItem\",\"position\":2,\"name\":\"Pood\",\"item\":\"https:\\\/\\\/alekeskus.eu\\\/pood\\\/\"},{\"@type\":\"ListItem\",\"position\":3,\"name\":\"Aiamaja Luuna 12,6 m\u00b2 + katusega terrass\"}]},{\"@type\":\"WebSite\",\"@id\":\"https:\\\/\\\/alekeskus.eu\\\/#website\",\"url\":\"https:\\\/\\\/alekeskus.eu\\\/\",\"name\":\"Alekeskus\",\"description\":\"Alekeskus.eu\",\"potentialAction\":[{\"@type\":\"SearchAction\",\"target\":{\"@type\":\"EntryPoint\",\"urlTemplate\":\"https:\\\/\\\/alekeskus.eu\\\/?s={search_term_string}\"},\"query-input\":{\"@type\":\"PropertyValueSpecification\",\"valueRequired\":true,\"valueName\":\"search_term_string\"}}],\"inLanguage\":\"et\"}]}<\/script>\n<!-- \/ Yoast SEO plugin. -->","yoast_head_json":{"title":"Aiamaja Luuna 12,6 m\u00b2 + katusega terrass - Alekeskus","description":"Suure terrassiga Eestis tehtud aiamaja Luuna.","robots":{"index":"index","follow":"follow","max-snippet":"max-snippet:-1","max-image-preview":"max-image-preview:large","max-video-preview":"max-video-preview:-1"},"canonical":"https:\/\/alekeskus.eu\/et\/toode\/aiamaja-luuna-126-alekeskus\/","og_locale":"et_EE","og_type":"article","og_title":"Aiamaja Luuna 12,6 m\u00b2 + katusega terrass - Alekeskus","og_description":"Suure terrassiga Eestis tehtud aiamaja Luuna.","og_url":"https:\/\/alekeskus.eu\/et\/toode\/aiamaja-luuna-126-alekeskus\/","og_site_name":"Alekeskus","article_modified_time":"2026-03-29T16:12:37+00:00","og_image":[{"width":1600,"height":1067,"url":"https:\/\/alekeskus.eu\/wp-content\/uploads\/2023\/02\/Luna2-roheline.jpg","type":"image\/jpeg"}],"twitter_card":"summary_large_image","twitter_misc":{"Est. reading time":"1 minut"},"schema":{"@context":"https:\/\/schema.org","@graph":[{"@type":"WebPage","@id":"https:\/\/alekeskus.eu\/et\/toode\/aiamaja-luuna-126-alekeskus\/","url":"https:\/\/alekeskus.eu\/et\/toode\/aiamaja-luuna-126-alekeskus\/","name":"Aiamaja Luuna 12,6 m\u00b2 + katusega terrass - Alekeskus","isPartOf":{"@id":"https:\/\/alekeskus.eu\/#website"},"primaryImageOfPage":{"@id":"https:\/\/alekeskus.eu\/et\/toode\/aiamaja-luuna-126-alekeskus\/#primaryimage"},"image":{"@id":"https:\/\/alekeskus.eu\/et\/toode\/aiamaja-luuna-126-alekeskus\/#primaryimage"},"thumbnailUrl":"https:\/\/alekeskus.eu\/wp-content\/uploads\/2023\/02\/Luna2-roheline.jpg","datePublished":"2026-03-13T06:20:56+00:00","dateModified":"2026-03-29T16:12:37+00:00","description":"Suure terrassiga Eestis tehtud aiamaja Luuna.","breadcrumb":{"@id":"https:\/\/alekeskus.eu\/et\/toode\/aiamaja-luuna-126-alekeskus\/#breadcrumb"},"inLanguage":"et","potentialAction":[{"@type":"ReadAction","target":["https:\/\/alekeskus.eu\/et\/toode\/aiamaja-luuna-126-alekeskus\/"]}]},{"@type":"ImageObject","inLanguage":"et","@id":"https:\/\/alekeskus.eu\/et\/toode\/aiamaja-luuna-126-alekeskus\/#primaryimage","url":"https:\/\/alekeskus.eu\/wp-content\/uploads\/2023\/02\/Luna2-roheline.jpg","contentUrl":"https:\/\/alekeskus.eu\/wp-content\/uploads\/2023\/02\/Luna2-roheline.jpg","width":1600,"height":1067},{"@type":"BreadcrumbList","@id":"https:\/\/alekeskus.eu\/et\/toode\/aiamaja-luuna-126-alekeskus\/#breadcrumb","itemListElement":[{"@type":"ListItem","position":1,"name":"Avaleht","item":"https:\/\/alekeskus.eu\/et\/"},{"@type":"ListItem","position":2,"name":"Pood","item":"https:\/\/alekeskus.eu\/pood\/"},{"@type":"ListItem","position":3,"name":"Aiamaja Luuna 12,6 m\u00b2 + katusega terrass"}]},{"@type":"WebSite","@id":"https:\/\/alekeskus.eu\/#website","url":"https:\/\/alekeskus.eu\/","name":"Alekeskus","description":"Alekeskus.eu","potentialAction":[{"@type":"SearchAction","target":{"@type":"EntryPoint","urlTemplate":"https:\/\/alekeskus.eu\/?s={search_term_string}"},"query-input":{"@type":"PropertyValueSpecification","valueRequired":true,"valueName":"search_term_string"}}],"inLanguage":"et"}]}},"brands":[{"id":18577,"name":"Eesti","slug":"eesti"}],"_links":{"self":[{"href":"https:\/\/alekeskus.eu\/et\/wp-json\/wp\/v2\/product\/81144","targetHints":{"allow":["GET"]}}],"collection":[{"href":"https:\/\/alekeskus.eu\/et\/wp-json\/wp\/v2\/product"}],"about":[{"href":"https:\/\/alekeskus.eu\/et\/wp-json\/wp\/v2\/types\/product"}],"wp:featuredmedia":[{"embeddable":true,"href":"https:\/\/alekeskus.eu\/et\/wp-json\/wp\/v2\/media\/81180"}],"wp:attachment":[{"href":"https:\/\/alekeskus.eu\/et\/wp-json\/wp\/v2\/media?parent=81144"}],"wp:term":[{"taxonomy":"pwb-brand","embeddable":true,"href":"https:\/\/alekeskus.eu\/et\/wp-json\/wp\/v2\/pwb-brand?post=81144"},{"taxonomy":"product_brand","embeddable":true,"href":"https:\/\/alekeskus.eu\/et\/wp-json\/wp\/v2\/product_brand?post=81144"},{"taxonomy":"product_cat","embeddable":true,"href":"https:\/\/alekeskus.eu\/et\/wp-json\/wp\/v2\/product_cat?post=81144"},{"taxonomy":"product_tag","embeddable":true,"href":"https:\/\/alekeskus.eu\/et\/wp-json\/wp\/v2\/product_tag?post=81144"}],"curies":[{"name":"wp","href":"https:\/\/api.w.org\/{rel}","templated":true}]}}