{"id":81188,"date":"2026-02-13T06:46:33","date_gmt":"2026-02-13T06:46:33","guid":{"rendered":"https:\/\/alekeskus.eu\/?post_type=product&#038;p=81188"},"modified":"2026-03-13T14:17:50","modified_gmt":"2026-03-13T14:17:50","slug":"saunamaja-sundborn-83-alekeskus","status":"publish","type":"product","link":"https:\/\/alekeskus.eu\/et\/toode\/saunamaja-sundborn-83-alekeskus\/","title":{"rendered":"Sauna-basseinimaja Sundborn 8,3 m\u00b2 2 ruumiga L\u00d5PUM\u00dc\u00dcK !"},"content":{"rendered":"<p>V\u00c4RVIMISE TEENUSE KIRJELDUS:<\/p>\n<p>Sein v\u00e4rvitakse 3-st k\u00fcljest, ka punnsooned. 4 standardv\u00e4rvi: rootsi punane, s\u00fcsihall, helehall, roheline. Sisepind j\u00e4\u00e4b naturaalseks. Maja nurgad on v\u00e4rvitud igast k\u00fcljest. V\u00e4rvi kantakse detailidele 2 kihti. \u27a2 P\u00f5randa- ja laelauad ning p\u00e4rlinid j\u00e4\u00e4vad v\u00e4rvimata. \u27a2 Aknad ja uksed v\u00e4rvitakse valgeks igast k\u00fcljest. \u27a2 K\u00f5ik v\u00e4lised liistud (viilulauad ja liistud) v\u00e4rvitakse valgeks. \u27a2 Kvaliteetne v\u00e4rv tuntud Saksa tootjalt OSMO<\/p>\n<p>Tellimisaeg pikem v\u00e4rvimata tootest.<\/p>\n<p>Paigaldusohje: <a href=\"https:\/\/alekeskus.eu\/wp-content\/uploads\/2023\/02\/Sundborn-4428402-ohje.pdf\">Sundborn 4428402 ohje<\/a><\/p>\n","protected":false},"excerpt":{"rendered":"<p>V\u00e4lism\u00f5\u00f5dud: <b>400 x 220 cm. <\/b>Seina k\u00f5rgused<strong> 234 cm ja 211 cm.\u00a0<\/strong><\/p>\n<ul>\n<li>tuuletapiga <strong>freespalk<\/strong> <strong>44\u00a0mm,<\/strong> tormikinnitused<\/li>\n<li>r\u00e4\u00e4stas ees 50 cm, katuse kalle 6\u00b0, katuse pindala 13 m<sup>2<\/sup><\/li>\n<li>punniga katuselauad 18 x 90 mm<\/li>\n<li>kald-p\u00f6\u00f6rd sisseavanev pakettaken 54 x 54 cm ja kinnine pakettaken 101 x 178 cm<\/li>\n<li>t\u00e4ispuidust soojustatud v\u00e4lisuks 84 x 196 cm silinderlukuga<\/li>\n<li>s\u00fcgavimmutatud p\u00f5randatalad 45 x 45 mm ja punniga p\u00f5randalauad 18 x 90 mm<\/li>\n<li>\n<div class=\"spec-name\">kinnitusvahendid, koostejuhend<\/div>\n<\/li>\n<li>tellitav v\u00e4ljast v\u00e4rvituna +1300\u20ac (hele-ja tumehall, rootsi punane, roheline, aken-uks ja v\u00e4lisliistud valged \u00fcleni, loe alt kirjeldust, tellimisaeg 3-4 n\u00e4dalat pikem)<\/li>\n<li>katusekate lisahinnaga<\/li>\n<li>klaasist saunauks 290\u20ac ja lepast saunalava 870\u20ac on v\u00f5imalik juurde tellida<\/li>\n<li>peegelpildis paigaldatav<\/li>\n<li>tehase garantii 2 aastat<\/li>\n<li>ilmastikukindel pakend<\/li>\n<li>Eesti toode<\/li>\n<\/ul>\n<p>Vedu mandril tellijapoolse mahalaadimisega 180\u20ac v\u00f5i kraana-autoga 350\u20ac(suursaartele vastavalt 280\u20ac ja 590\u20ac).<\/p>\n<p>K\u00fcsi ka paigaldust!<\/p>\n","protected":false},"featured_media":100540,"template":"","meta":{"_monsterinsights_skip_tracking":false,"_monsterinsights_sitenote_active":false,"_monsterinsights_sitenote_note":"","_monsterinsights_sitenote_category":0},"pwb-brand":[],"product_brand":[],"product_cat":[18677,13592,13538,13540,13604,13608],"product_tag":[13864,15914,13913,16285,13999,14264,14311,14997,17388,15020,15216,17515,13813,15272,17869,13833,15483,15516],"class_list":{"0":"post-81188","1":"product","2":"type-product","3":"status-publish","4":"has-post-thumbnail","6":"product_cat-lopumuuk","7":"product_cat-aia-ja-grillmajad","8":"product_cat-ale","9":"product_cat-hooned-alekeskus","10":"product_cat-saunad","11":"product_cat-kontorid","12":"product_tag-huvimaja","13":"product_tag-pihasauna","14":"product_tag-vierasmaja","15":"product_tag-rantasauna","16":"product_tag-hoylahirsi","17":"product_tag-aiakuur","18":"product_tag-freespalkaiamaja","19":"product_tag-saun","20":"product_tag-saunamaja","21":"product_tag-sauna","22":"product_tag-ait","23":"product_tag-saunamokki","24":"product_tag-aiamaja","25":"product_tag-palksaun","26":"product_tag-rannasaun","27":"product_tag-pihamaja","28":"product_tag-allasmaja","29":"product_tag-suvekook","30":"product_shipping_class-alates-1000kg","31":"pa_garantii-2-aastat","32":"pa_kohaletoimetamine-alates-180e","33":"pa_laoasukoht-tartumaa","34":"pa_pindalam-17968","35":"pa_seinapaksus-17405","36":"pa_varv-viimistlemata","37":"pa_veame-eesti-ja-soome","39":"first","40":"instock","41":"sale","42":"featured","43":"taxable","44":"shipping-taxable","45":"purchasable","46":"product-type-simple"},"yoast_head":"<!-- This site is optimized with the Yoast SEO plugin v27.3 - https:\/\/yoast.com\/product\/yoast-seo-wordpress\/ -->\n<title>Sauna-basseinimaja Sundborn 8,3 m\u00b2 2 ruumiga L\u00d5PUM\u00dc\u00dcK ! - Alekeskus<\/title>\n<meta name=\"description\" content=\"saunamaja Sunborn 44 mm freespalgist 2 ruumiga\" \/>\n<meta name=\"robots\" content=\"index, follow, max-snippet:-1, max-image-preview:large, max-video-preview:-1\" \/>\n<link rel=\"canonical\" href=\"https:\/\/alekeskus.eu\/et\/toode\/saunamaja-sundborn-83-alekeskus\/\" \/>\n<meta property=\"og:locale\" content=\"et_EE\" \/>\n<meta property=\"og:type\" content=\"article\" \/>\n<meta property=\"og:title\" content=\"Sauna-basseinimaja Sundborn 8,3 m\u00b2 2 ruumiga L\u00d5PUM\u00dc\u00dcK ! - Alekeskus\" \/>\n<meta property=\"og:description\" content=\"saunamaja Sunborn 44 mm freespalgist 2 ruumiga\" \/>\n<meta property=\"og:url\" content=\"https:\/\/alekeskus.eu\/et\/toode\/saunamaja-sundborn-83-alekeskus\/\" \/>\n<meta property=\"og:site_name\" content=\"Alekeskus\" \/>\n<meta property=\"article:modified_time\" content=\"2026-03-13T14:17:50+00:00\" \/>\n<meta property=\"og:image\" content=\"https:\/\/alekeskus.eu\/wp-content\/uploads\/2026\/02\/Sundborn-aias-scaled.jpg\" \/>\n\t<meta property=\"og:image:width\" content=\"2560\" \/>\n\t<meta property=\"og:image:height\" content=\"1708\" \/>\n\t<meta property=\"og:image:type\" content=\"image\/jpeg\" \/>\n<meta name=\"twitter:card\" content=\"summary_large_image\" \/>\n<meta name=\"twitter:label1\" content=\"Est. reading time\" \/>\n\t<meta name=\"twitter:data1\" content=\"1 minut\" \/>\n<script type=\"application\/ld+json\" class=\"yoast-schema-graph\">{\"@context\":\"https:\\\/\\\/schema.org\",\"@graph\":[{\"@type\":\"WebPage\",\"@id\":\"https:\\\/\\\/alekeskus.eu\\\/et\\\/toode\\\/saunamaja-sundborn-83-alekeskus\\\/\",\"url\":\"https:\\\/\\\/alekeskus.eu\\\/et\\\/toode\\\/saunamaja-sundborn-83-alekeskus\\\/\",\"name\":\"Sauna-basseinimaja Sundborn 8,3 m\u00b2 2 ruumiga L\u00d5PUM\u00dc\u00dcK ! - Alekeskus\",\"isPartOf\":{\"@id\":\"https:\\\/\\\/alekeskus.eu\\\/#website\"},\"primaryImageOfPage\":{\"@id\":\"https:\\\/\\\/alekeskus.eu\\\/et\\\/toode\\\/saunamaja-sundborn-83-alekeskus\\\/#primaryimage\"},\"image\":{\"@id\":\"https:\\\/\\\/alekeskus.eu\\\/et\\\/toode\\\/saunamaja-sundborn-83-alekeskus\\\/#primaryimage\"},\"thumbnailUrl\":\"https:\\\/\\\/alekeskus.eu\\\/wp-content\\\/uploads\\\/2026\\\/02\\\/Sundborn-aias-scaled.jpg\",\"datePublished\":\"2026-02-13T06:46:33+00:00\",\"dateModified\":\"2026-03-13T14:17:50+00:00\",\"description\":\"saunamaja Sunborn 44 mm freespalgist 2 ruumiga\",\"breadcrumb\":{\"@id\":\"https:\\\/\\\/alekeskus.eu\\\/et\\\/toode\\\/saunamaja-sundborn-83-alekeskus\\\/#breadcrumb\"},\"inLanguage\":\"et\",\"potentialAction\":[{\"@type\":\"ReadAction\",\"target\":[\"https:\\\/\\\/alekeskus.eu\\\/et\\\/toode\\\/saunamaja-sundborn-83-alekeskus\\\/\"]}]},{\"@type\":\"ImageObject\",\"inLanguage\":\"et\",\"@id\":\"https:\\\/\\\/alekeskus.eu\\\/et\\\/toode\\\/saunamaja-sundborn-83-alekeskus\\\/#primaryimage\",\"url\":\"https:\\\/\\\/alekeskus.eu\\\/wp-content\\\/uploads\\\/2026\\\/02\\\/Sundborn-aias-scaled.jpg\",\"contentUrl\":\"https:\\\/\\\/alekeskus.eu\\\/wp-content\\\/uploads\\\/2026\\\/02\\\/Sundborn-aias-scaled.jpg\",\"width\":2560,\"height\":1708},{\"@type\":\"BreadcrumbList\",\"@id\":\"https:\\\/\\\/alekeskus.eu\\\/et\\\/toode\\\/saunamaja-sundborn-83-alekeskus\\\/#breadcrumb\",\"itemListElement\":[{\"@type\":\"ListItem\",\"position\":1,\"name\":\"Avaleht\",\"item\":\"https:\\\/\\\/alekeskus.eu\\\/et\\\/\"},{\"@type\":\"ListItem\",\"position\":2,\"name\":\"Pood\",\"item\":\"https:\\\/\\\/alekeskus.eu\\\/pood\\\/\"},{\"@type\":\"ListItem\",\"position\":3,\"name\":\"Sauna-basseinimaja Sundborn 8,3 m\u00b2 2 ruumiga L\u00d5PUM\u00dc\u00dcK !\"}]},{\"@type\":\"WebSite\",\"@id\":\"https:\\\/\\\/alekeskus.eu\\\/#website\",\"url\":\"https:\\\/\\\/alekeskus.eu\\\/\",\"name\":\"Alekeskus\",\"description\":\"Alekeskus.eu\",\"potentialAction\":[{\"@type\":\"SearchAction\",\"target\":{\"@type\":\"EntryPoint\",\"urlTemplate\":\"https:\\\/\\\/alekeskus.eu\\\/?s={search_term_string}\"},\"query-input\":{\"@type\":\"PropertyValueSpecification\",\"valueRequired\":true,\"valueName\":\"search_term_string\"}}],\"inLanguage\":\"et\"}]}<\/script>\n<!-- \/ Yoast SEO plugin. -->","yoast_head_json":{"title":"Sauna-basseinimaja Sundborn 8,3 m\u00b2 2 ruumiga L\u00d5PUM\u00dc\u00dcK ! - Alekeskus","description":"saunamaja Sunborn 44 mm freespalgist 2 ruumiga","robots":{"index":"index","follow":"follow","max-snippet":"max-snippet:-1","max-image-preview":"max-image-preview:large","max-video-preview":"max-video-preview:-1"},"canonical":"https:\/\/alekeskus.eu\/et\/toode\/saunamaja-sundborn-83-alekeskus\/","og_locale":"et_EE","og_type":"article","og_title":"Sauna-basseinimaja Sundborn 8,3 m\u00b2 2 ruumiga L\u00d5PUM\u00dc\u00dcK ! - Alekeskus","og_description":"saunamaja Sunborn 44 mm freespalgist 2 ruumiga","og_url":"https:\/\/alekeskus.eu\/et\/toode\/saunamaja-sundborn-83-alekeskus\/","og_site_name":"Alekeskus","article_modified_time":"2026-03-13T14:17:50+00:00","og_image":[{"width":2560,"height":1708,"url":"https:\/\/alekeskus.eu\/wp-content\/uploads\/2026\/02\/Sundborn-aias-scaled.jpg","type":"image\/jpeg"}],"twitter_card":"summary_large_image","twitter_misc":{"Est. reading time":"1 minut"},"schema":{"@context":"https:\/\/schema.org","@graph":[{"@type":"WebPage","@id":"https:\/\/alekeskus.eu\/et\/toode\/saunamaja-sundborn-83-alekeskus\/","url":"https:\/\/alekeskus.eu\/et\/toode\/saunamaja-sundborn-83-alekeskus\/","name":"Sauna-basseinimaja Sundborn 8,3 m\u00b2 2 ruumiga L\u00d5PUM\u00dc\u00dcK ! - Alekeskus","isPartOf":{"@id":"https:\/\/alekeskus.eu\/#website"},"primaryImageOfPage":{"@id":"https:\/\/alekeskus.eu\/et\/toode\/saunamaja-sundborn-83-alekeskus\/#primaryimage"},"image":{"@id":"https:\/\/alekeskus.eu\/et\/toode\/saunamaja-sundborn-83-alekeskus\/#primaryimage"},"thumbnailUrl":"https:\/\/alekeskus.eu\/wp-content\/uploads\/2026\/02\/Sundborn-aias-scaled.jpg","datePublished":"2026-02-13T06:46:33+00:00","dateModified":"2026-03-13T14:17:50+00:00","description":"saunamaja Sunborn 44 mm freespalgist 2 ruumiga","breadcrumb":{"@id":"https:\/\/alekeskus.eu\/et\/toode\/saunamaja-sundborn-83-alekeskus\/#breadcrumb"},"inLanguage":"et","potentialAction":[{"@type":"ReadAction","target":["https:\/\/alekeskus.eu\/et\/toode\/saunamaja-sundborn-83-alekeskus\/"]}]},{"@type":"ImageObject","inLanguage":"et","@id":"https:\/\/alekeskus.eu\/et\/toode\/saunamaja-sundborn-83-alekeskus\/#primaryimage","url":"https:\/\/alekeskus.eu\/wp-content\/uploads\/2026\/02\/Sundborn-aias-scaled.jpg","contentUrl":"https:\/\/alekeskus.eu\/wp-content\/uploads\/2026\/02\/Sundborn-aias-scaled.jpg","width":2560,"height":1708},{"@type":"BreadcrumbList","@id":"https:\/\/alekeskus.eu\/et\/toode\/saunamaja-sundborn-83-alekeskus\/#breadcrumb","itemListElement":[{"@type":"ListItem","position":1,"name":"Avaleht","item":"https:\/\/alekeskus.eu\/et\/"},{"@type":"ListItem","position":2,"name":"Pood","item":"https:\/\/alekeskus.eu\/pood\/"},{"@type":"ListItem","position":3,"name":"Sauna-basseinimaja Sundborn 8,3 m\u00b2 2 ruumiga L\u00d5PUM\u00dc\u00dcK !"}]},{"@type":"WebSite","@id":"https:\/\/alekeskus.eu\/#website","url":"https:\/\/alekeskus.eu\/","name":"Alekeskus","description":"Alekeskus.eu","potentialAction":[{"@type":"SearchAction","target":{"@type":"EntryPoint","urlTemplate":"https:\/\/alekeskus.eu\/?s={search_term_string}"},"query-input":{"@type":"PropertyValueSpecification","valueRequired":true,"valueName":"search_term_string"}}],"inLanguage":"et"}]}},"brands":[],"_links":{"self":[{"href":"https:\/\/alekeskus.eu\/et\/wp-json\/wp\/v2\/product\/81188","targetHints":{"allow":["GET"]}}],"collection":[{"href":"https:\/\/alekeskus.eu\/et\/wp-json\/wp\/v2\/product"}],"about":[{"href":"https:\/\/alekeskus.eu\/et\/wp-json\/wp\/v2\/types\/product"}],"wp:featuredmedia":[{"embeddable":true,"href":"https:\/\/alekeskus.eu\/et\/wp-json\/wp\/v2\/media\/100540"}],"wp:attachment":[{"href":"https:\/\/alekeskus.eu\/et\/wp-json\/wp\/v2\/media?parent=81188"}],"wp:term":[{"taxonomy":"pwb-brand","embeddable":true,"href":"https:\/\/alekeskus.eu\/et\/wp-json\/wp\/v2\/pwb-brand?post=81188"},{"taxonomy":"product_brand","embeddable":true,"href":"https:\/\/alekeskus.eu\/et\/wp-json\/wp\/v2\/product_brand?post=81188"},{"taxonomy":"product_cat","embeddable":true,"href":"https:\/\/alekeskus.eu\/et\/wp-json\/wp\/v2\/product_cat?post=81188"},{"taxonomy":"product_tag","embeddable":true,"href":"https:\/\/alekeskus.eu\/et\/wp-json\/wp\/v2\/product_tag?post=81188"}],"curies":[{"name":"wp","href":"https:\/\/api.w.org\/{rel}","templated":true}]}}