{"id":81386,"date":"2025-04-05T15:47:17","date_gmt":"2025-04-05T15:47:17","guid":{"rendered":"https:\/\/alekeskus.eu\/?post_type=product&#038;p=81386"},"modified":"2025-10-16T16:26:20","modified_gmt":"2025-10-16T16:26:20","slug":"peenrakast-taaskasutatud-plastjaatmetest-alumiiniumnurkadega-alekeskus","status":"publish","type":"product","link":"https:\/\/alekeskus.eu\/et\/toode\/peenrakast-taaskasutatud-plastjaatmetest-alumiiniumnurkadega-alekeskus\/","title":{"rendered":"Peenrakast taaskasutatud plastj\u00e4\u00e4tmetest ja alumiiniumnurkadega"},"content":{"rendered":"","protected":false},"excerpt":{"rendered":"<p>Peenrakastide m\u00f5\u00f5dud 120\/240\/360 x 80 x h=14 cm(v\u00f5i 14 cm laua laiuse kordne).<\/p>\n<ul>\n<li>t\u00e4isplastist punnlaud 32 x 138 mm, mis on <span style=\"text-decoration: underline;\">valmistatud tuhandetest plastpakenditest ja kilekottidest j\u00e4ttes puud metsa kasvama<\/span><\/li>\n<li>v\u00e4rvid: hall, must v\u00f5i pruun<\/li>\n<li>vaikimisi puus\u00fc\u00fc pind (saab ka sileda pinnaga)<\/li>\n<li>2 vastask\u00fclje plastlauad kruvitakse alumiiniumnurkade k\u00fclge valmis(\u00fclej\u00e4\u00e4nud lauad tulevad lahtiselt kaasa ja tuleb ise alumiiniumnurkade k\u00fclge kruvida). Nurkade on sisek\u00fcljel soon, et kruvi \u00e4ra ei libiseks. Alumiiniumnurk l\u00f5igatakse soovitud pikkusesse vastavalt mitu korrust peenrakasti soovitakse.<\/li>\n<li>240 cm ja 360 cm pikkusega kastidel on pikik\u00fclgedel tugevdusp\u00f5\u00f5nad<\/li>\n<li>p\u00f5hja ei ole, k\u00f5rguse t\u00f5stmiseks saab laduda \u00fcksteise otsa<\/li>\n<li>suurep\u00e4rane ilmastiku-ja UV kiirguse kindlus<\/li>\n<li>ei ima, ei aja pindusid<\/li>\n<li>ei hallita ega m\u00e4dane<\/li>\n<li>m\u00fcrgitu<\/li>\n<li>kerge kokku panna ja lahti v\u00f5tta<\/li>\n<li>Eesti toode<\/li>\n<\/ul>\n<p>Istuta ilusasti!<\/p>\n","protected":false},"featured_media":81394,"template":"","meta":{"_monsterinsights_skip_tracking":false,"_monsterinsights_sitenote_active":false,"_monsterinsights_sitenote_note":"","_monsterinsights_sitenote_category":0},"pwb-brand":[],"product_brand":[],"product_cat":[13566,13546,13530],"product_tag":[14736,14738,14739,14740,16266,14732,14733,17236,14734,14735],"class_list":{"0":"post-81386","1":"product","2":"type-product","3":"status-publish","4":"has-post-thumbnail","6":"product_cat-iluaiandus","7":"product_cat-umbertoodeldud-plastist-tooted-alekeskus","8":"product_cat-aed-ja-kodu","9":"product_tag-maasikapeenar","10":"product_tag-oma-aed","11":"product_tag-kaunis-peenar","12":"product_tag-istutuslaatikko","13":"product_tag-kierratetty-rakennusmateriaali","14":"product_tag-peenrakast","15":"product_tag-kasvatuskast","16":"product_tag-kierratysmuovi","17":"product_tag-okoloogiline-materjal","18":"product_tag-istutuskast","19":"product_shipping_class-30-300kg","20":"pa_garantii-10-aastat","21":"pa_kohaletoimetamine-veohind-mandri-eestis-alekeskus","22":"pa_laoasukoht-jarvamaa","23":"pa_moodud-alekeskus-14x80x360cm","24":"pa_moodud-alekeskus-14x80x120cm","25":"pa_moodud-alekeskus-14x80x240cm","26":"pa_tellimisaeg-tilausaika-alekeskus","27":"pa_varv-must","28":"pa_varv-hall","29":"pa_varv-pruun","30":"pa_veame-eesti-ja-soome","32":"first","33":"instock","34":"featured","35":"taxable","36":"shipping-taxable","37":"purchasable","38":"product-type-variable"},"yoast_head":"<!-- This site is optimized with the Yoast SEO plugin v27.3 - https:\/\/yoast.com\/product\/yoast-seo-wordpress\/ -->\n<title>Peenrakast taaskasutatud plastj\u00e4\u00e4tmetest ja alumiiniumnurkadega - Alekeskus<\/title>\n<meta name=\"description\" content=\"Peenrakastid taask\u00e4ideldud plastj\u00e4\u00e4tmetest\" \/>\n<meta name=\"robots\" content=\"index, follow, max-snippet:-1, max-image-preview:large, max-video-preview:-1\" \/>\n<link rel=\"canonical\" href=\"https:\/\/alekeskus.eu\/toode\/peenrakast-taaskasutatud-plastjaatmetest-alumiiniumnurkadega-alekeskus\/\" \/>\n<meta property=\"og:locale\" content=\"et_EE\" \/>\n<meta property=\"og:type\" content=\"article\" \/>\n<meta property=\"og:title\" content=\"Peenrakast taaskasutatud plastj\u00e4\u00e4tmetest ja alumiiniumnurkadega - Alekeskus\" \/>\n<meta property=\"og:description\" content=\"Peenrakastid taask\u00e4ideldud plastj\u00e4\u00e4tmetest\" \/>\n<meta property=\"og:url\" content=\"https:\/\/alekeskus.eu\/toode\/peenrakast-taaskasutatud-plastjaatmetest-alumiiniumnurkadega-alekeskus\/\" \/>\n<meta property=\"og:site_name\" content=\"Alekeskus\" \/>\n<meta property=\"article:modified_time\" content=\"2025-10-16T16:26:20+00:00\" \/>\n<meta property=\"og:image\" content=\"https:\/\/alekeskus.eu\/wp-content\/uploads\/2023\/02\/peenrakast-5x-alnurkadega-botaanikaaed.jpg\" \/>\n\t<meta property=\"og:image:width\" content=\"1125\" \/>\n\t<meta property=\"og:image:height\" content=\"1500\" \/>\n\t<meta property=\"og:image:type\" content=\"image\/jpeg\" \/>\n<meta name=\"twitter:card\" content=\"summary_large_image\" \/>\n<meta name=\"twitter:label1\" content=\"Est. reading time\" \/>\n\t<meta name=\"twitter:data1\" content=\"1 minut\" \/>\n<script type=\"application\/ld+json\" class=\"yoast-schema-graph\">{\"@context\":\"https:\\\/\\\/schema.org\",\"@graph\":[{\"@type\":\"WebPage\",\"@id\":\"https:\\\/\\\/alekeskus.eu\\\/toode\\\/peenrakast-taaskasutatud-plastjaatmetest-alumiiniumnurkadega-alekeskus\\\/\",\"url\":\"https:\\\/\\\/alekeskus.eu\\\/toode\\\/peenrakast-taaskasutatud-plastjaatmetest-alumiiniumnurkadega-alekeskus\\\/\",\"name\":\"Peenrakast taaskasutatud plastj\u00e4\u00e4tmetest ja alumiiniumnurkadega - Alekeskus\",\"isPartOf\":{\"@id\":\"https:\\\/\\\/alekeskus.eu\\\/#website\"},\"primaryImageOfPage\":{\"@id\":\"https:\\\/\\\/alekeskus.eu\\\/toode\\\/peenrakast-taaskasutatud-plastjaatmetest-alumiiniumnurkadega-alekeskus\\\/#primaryimage\"},\"image\":{\"@id\":\"https:\\\/\\\/alekeskus.eu\\\/toode\\\/peenrakast-taaskasutatud-plastjaatmetest-alumiiniumnurkadega-alekeskus\\\/#primaryimage\"},\"thumbnailUrl\":\"https:\\\/\\\/alekeskus.eu\\\/wp-content\\\/uploads\\\/2023\\\/02\\\/peenrakast-5x-alnurkadega-botaanikaaed.jpg\",\"datePublished\":\"2025-04-05T15:47:17+00:00\",\"dateModified\":\"2025-10-16T16:26:20+00:00\",\"description\":\"Peenrakastid taask\u00e4ideldud plastj\u00e4\u00e4tmetest\",\"breadcrumb\":{\"@id\":\"https:\\\/\\\/alekeskus.eu\\\/toode\\\/peenrakast-taaskasutatud-plastjaatmetest-alumiiniumnurkadega-alekeskus\\\/#breadcrumb\"},\"inLanguage\":\"et\",\"potentialAction\":[{\"@type\":\"ReadAction\",\"target\":[\"https:\\\/\\\/alekeskus.eu\\\/toode\\\/peenrakast-taaskasutatud-plastjaatmetest-alumiiniumnurkadega-alekeskus\\\/\"]}]},{\"@type\":\"ImageObject\",\"inLanguage\":\"et\",\"@id\":\"https:\\\/\\\/alekeskus.eu\\\/toode\\\/peenrakast-taaskasutatud-plastjaatmetest-alumiiniumnurkadega-alekeskus\\\/#primaryimage\",\"url\":\"https:\\\/\\\/alekeskus.eu\\\/wp-content\\\/uploads\\\/2023\\\/02\\\/peenrakast-5x-alnurkadega-botaanikaaed.jpg\",\"contentUrl\":\"https:\\\/\\\/alekeskus.eu\\\/wp-content\\\/uploads\\\/2023\\\/02\\\/peenrakast-5x-alnurkadega-botaanikaaed.jpg\",\"width\":1125,\"height\":1500},{\"@type\":\"BreadcrumbList\",\"@id\":\"https:\\\/\\\/alekeskus.eu\\\/toode\\\/peenrakast-taaskasutatud-plastjaatmetest-alumiiniumnurkadega-alekeskus\\\/#breadcrumb\",\"itemListElement\":[{\"@type\":\"ListItem\",\"position\":1,\"name\":\"Avaleht\",\"item\":\"https:\\\/\\\/alekeskus.eu\\\/et\\\/\"},{\"@type\":\"ListItem\",\"position\":2,\"name\":\"Pood\",\"item\":\"https:\\\/\\\/alekeskus.eu\\\/pood\\\/\"},{\"@type\":\"ListItem\",\"position\":3,\"name\":\"Peenrakast taaskasutatud plastj\u00e4\u00e4tmetest ja alumiiniumnurkadega\"}]},{\"@type\":\"WebSite\",\"@id\":\"https:\\\/\\\/alekeskus.eu\\\/#website\",\"url\":\"https:\\\/\\\/alekeskus.eu\\\/\",\"name\":\"Alekeskus\",\"description\":\"Alekeskus.eu\",\"potentialAction\":[{\"@type\":\"SearchAction\",\"target\":{\"@type\":\"EntryPoint\",\"urlTemplate\":\"https:\\\/\\\/alekeskus.eu\\\/?s={search_term_string}\"},\"query-input\":{\"@type\":\"PropertyValueSpecification\",\"valueRequired\":true,\"valueName\":\"search_term_string\"}}],\"inLanguage\":\"et\"}]}<\/script>\n<!-- \/ Yoast SEO plugin. -->","yoast_head_json":{"title":"Peenrakast taaskasutatud plastj\u00e4\u00e4tmetest ja alumiiniumnurkadega - Alekeskus","description":"Peenrakastid taask\u00e4ideldud plastj\u00e4\u00e4tmetest","robots":{"index":"index","follow":"follow","max-snippet":"max-snippet:-1","max-image-preview":"max-image-preview:large","max-video-preview":"max-video-preview:-1"},"canonical":"https:\/\/alekeskus.eu\/toode\/peenrakast-taaskasutatud-plastjaatmetest-alumiiniumnurkadega-alekeskus\/","og_locale":"et_EE","og_type":"article","og_title":"Peenrakast taaskasutatud plastj\u00e4\u00e4tmetest ja alumiiniumnurkadega - Alekeskus","og_description":"Peenrakastid taask\u00e4ideldud plastj\u00e4\u00e4tmetest","og_url":"https:\/\/alekeskus.eu\/toode\/peenrakast-taaskasutatud-plastjaatmetest-alumiiniumnurkadega-alekeskus\/","og_site_name":"Alekeskus","article_modified_time":"2025-10-16T16:26:20+00:00","og_image":[{"width":1125,"height":1500,"url":"https:\/\/alekeskus.eu\/wp-content\/uploads\/2023\/02\/peenrakast-5x-alnurkadega-botaanikaaed.jpg","type":"image\/jpeg"}],"twitter_card":"summary_large_image","twitter_misc":{"Est. reading time":"1 minut"},"schema":{"@context":"https:\/\/schema.org","@graph":[{"@type":"WebPage","@id":"https:\/\/alekeskus.eu\/toode\/peenrakast-taaskasutatud-plastjaatmetest-alumiiniumnurkadega-alekeskus\/","url":"https:\/\/alekeskus.eu\/toode\/peenrakast-taaskasutatud-plastjaatmetest-alumiiniumnurkadega-alekeskus\/","name":"Peenrakast taaskasutatud plastj\u00e4\u00e4tmetest ja alumiiniumnurkadega - Alekeskus","isPartOf":{"@id":"https:\/\/alekeskus.eu\/#website"},"primaryImageOfPage":{"@id":"https:\/\/alekeskus.eu\/toode\/peenrakast-taaskasutatud-plastjaatmetest-alumiiniumnurkadega-alekeskus\/#primaryimage"},"image":{"@id":"https:\/\/alekeskus.eu\/toode\/peenrakast-taaskasutatud-plastjaatmetest-alumiiniumnurkadega-alekeskus\/#primaryimage"},"thumbnailUrl":"https:\/\/alekeskus.eu\/wp-content\/uploads\/2023\/02\/peenrakast-5x-alnurkadega-botaanikaaed.jpg","datePublished":"2025-04-05T15:47:17+00:00","dateModified":"2025-10-16T16:26:20+00:00","description":"Peenrakastid taask\u00e4ideldud plastj\u00e4\u00e4tmetest","breadcrumb":{"@id":"https:\/\/alekeskus.eu\/toode\/peenrakast-taaskasutatud-plastjaatmetest-alumiiniumnurkadega-alekeskus\/#breadcrumb"},"inLanguage":"et","potentialAction":[{"@type":"ReadAction","target":["https:\/\/alekeskus.eu\/toode\/peenrakast-taaskasutatud-plastjaatmetest-alumiiniumnurkadega-alekeskus\/"]}]},{"@type":"ImageObject","inLanguage":"et","@id":"https:\/\/alekeskus.eu\/toode\/peenrakast-taaskasutatud-plastjaatmetest-alumiiniumnurkadega-alekeskus\/#primaryimage","url":"https:\/\/alekeskus.eu\/wp-content\/uploads\/2023\/02\/peenrakast-5x-alnurkadega-botaanikaaed.jpg","contentUrl":"https:\/\/alekeskus.eu\/wp-content\/uploads\/2023\/02\/peenrakast-5x-alnurkadega-botaanikaaed.jpg","width":1125,"height":1500},{"@type":"BreadcrumbList","@id":"https:\/\/alekeskus.eu\/toode\/peenrakast-taaskasutatud-plastjaatmetest-alumiiniumnurkadega-alekeskus\/#breadcrumb","itemListElement":[{"@type":"ListItem","position":1,"name":"Avaleht","item":"https:\/\/alekeskus.eu\/et\/"},{"@type":"ListItem","position":2,"name":"Pood","item":"https:\/\/alekeskus.eu\/pood\/"},{"@type":"ListItem","position":3,"name":"Peenrakast taaskasutatud plastj\u00e4\u00e4tmetest ja alumiiniumnurkadega"}]},{"@type":"WebSite","@id":"https:\/\/alekeskus.eu\/#website","url":"https:\/\/alekeskus.eu\/","name":"Alekeskus","description":"Alekeskus.eu","potentialAction":[{"@type":"SearchAction","target":{"@type":"EntryPoint","urlTemplate":"https:\/\/alekeskus.eu\/?s={search_term_string}"},"query-input":{"@type":"PropertyValueSpecification","valueRequired":true,"valueName":"search_term_string"}}],"inLanguage":"et"}]}},"brands":[],"_links":{"self":[{"href":"https:\/\/alekeskus.eu\/et\/wp-json\/wp\/v2\/product\/81386","targetHints":{"allow":["GET"]}}],"collection":[{"href":"https:\/\/alekeskus.eu\/et\/wp-json\/wp\/v2\/product"}],"about":[{"href":"https:\/\/alekeskus.eu\/et\/wp-json\/wp\/v2\/types\/product"}],"wp:featuredmedia":[{"embeddable":true,"href":"https:\/\/alekeskus.eu\/et\/wp-json\/wp\/v2\/media\/81394"}],"wp:attachment":[{"href":"https:\/\/alekeskus.eu\/et\/wp-json\/wp\/v2\/media?parent=81386"}],"wp:term":[{"taxonomy":"pwb-brand","embeddable":true,"href":"https:\/\/alekeskus.eu\/et\/wp-json\/wp\/v2\/pwb-brand?post=81386"},{"taxonomy":"product_brand","embeddable":true,"href":"https:\/\/alekeskus.eu\/et\/wp-json\/wp\/v2\/product_brand?post=81386"},{"taxonomy":"product_cat","embeddable":true,"href":"https:\/\/alekeskus.eu\/et\/wp-json\/wp\/v2\/product_cat?post=81386"},{"taxonomy":"product_tag","embeddable":true,"href":"https:\/\/alekeskus.eu\/et\/wp-json\/wp\/v2\/product_tag?post=81386"}],"curies":[{"name":"wp","href":"https:\/\/api.w.org\/{rel}","templated":true}]}}