{"id":81697,"date":"2026-03-09T12:36:49","date_gmt":"2026-03-09T12:36:49","guid":{"rendered":"https:\/\/alekeskus.eu\/?post_type=product&#038;p=81697"},"modified":"2026-03-19T18:04:13","modified_gmt":"2026-03-19T18:04:13","slug":"aiamaja-mura3-alekeskus","status":"publish","type":"product","link":"https:\/\/alekeskus.eu\/et\/toode\/aiamaja-mura3-alekeskus\/","title":{"rendered":"Aiamaja Mura3 21,6 m\u00b2 2 tuba, magamiskorrus ja alumiiniumliuguksed pakettklaasidega"},"content":{"rendered":"<p>V\u00c4RVIMISE TEENUSE KIRJELDUS:<\/p>\n<p>Sein v\u00e4rvitakse 3-st k\u00fcljest, ka punnsooned. 4 standardv\u00e4rvi: punane, s\u00fcsihall, helehall, roheline. Sisepind j\u00e4\u00e4b naturaalseks. Maja nurgad on v\u00e4rvitud igast k\u00fcljest. V\u00e4rvitakse 2 kihti. \u27a2 P\u00f5randa- ja laelauad ning p\u00e4rlinid j\u00e4\u00e4vad v\u00e4rvimata. \u27a2 Aknad ja uksed v\u00e4rvitakse valgeks igast k\u00fcljest. \u27a2 K\u00f5ik v\u00e4lised liistud (viilulauad ja liistud) v\u00e4rvitakse valgeks. \u27a2 Kvaliteetne v\u00e4rv tuntud Saksa tootjalt OSMO<\/p>\n<p>Tellimisaeg pikem v\u00e4rvimata tootest.<\/p>\n<p>Paigaldusohje: <a href=\"https:\/\/alekeskus.eu\/wp-content\/uploads\/2023\/09\/Mura3-4428719-ohje.pdf\">Mura3 4428719 ohje<\/a><\/p>\n","protected":false},"excerpt":{"rendered":"<p>V\u00e4lism\u00f5\u00f5dud<strong>: 390 x 575 cm<\/strong><\/p>\n<p>Mura3 on kaheruumiline ja magamiskorrusega suvemaja, mis sobib nii suvitamiseks, saunaks kui k\u00fclalistemajaks. Elutoa osa on k\u00f5rge laega avar ja valgusk\u00fcllane ruum, kuhu mahub ka v\u00e4ike k\u00f6\u00f6k. Teine tuba sobib h\u00e4sti magamistoaks v\u00f5i n\u00e4iteks pesu-leiliruumiks. Lisaruumiks on 2.korruse magamislavats, kuhu mahuks \u00f6\u00f6bima 2-3 inimest. M\u00f5lemal toal on alumiiniumraamidega l\u00fckanduksed, mille abil saab ruume suurendada n\u00e4iteks terrassile.<\/p>\n<ul>\n<li>tuuletapiga\u00a0<strong>freespalksein 44 mm<\/strong>,<strong> kaasaegne tappideta nurgalahendus alumiiniumliistudega<\/strong><\/li>\n<li>seina k\u00f5rgus 251 cm, harja k\u00f5rgus 365 cm<\/li>\n<li>2 tuba allkorrusel ja magamiskoht 2. korrusel<\/li>\n<li>punniga katuselauad 18 x 90 mm, katusetalad 44 x 140 mm<\/li>\n<li>katuse pindala 31 m\u00b2 ja kalle 31\u00ba, r\u00e4\u00e4stas ees ja taga 10 cm, k\u00fclgedel 28 cm<\/li>\n<li>katusekate lisahinnaga (tarve 5 rulli katusepappi\/SBS-bituumenkatet v\u00f5i 12 pakki bituumensindlit)<\/li>\n<li>punniga p\u00f5randalauad 18 x 90 mm ja s\u00fcvaimmutatud p\u00f5randatalad 45 x 70 mm<\/li>\n<li>alumiiniumraamiga pakettklaasiga liuguksed 2 tk 3039 x 2026 mm ja 2041 x 2026 mm; puidust siseuks 835 x 1900 mm; silinderlukud<\/li>\n<li>magamiskorrusele viiv redel<\/li>\n<li>tellitav v\u00e4ljast v\u00e4rvituna(hele-ja tumehall, rootsi punane, roheline), v\u00e4lisliistud \u00fcleni valged; loe alt kirjeldust, tellimisaeg 3-4 n\u00e4dalat pikem)<\/li>\n<li>kinnitusvahendid ja koostejuhend<\/li>\n<li>Eesti toode<\/li>\n<li>garantii 5 aastat<\/li>\n<li>vihmakindel pakend<\/li>\n<\/ul>\n<p>K\u00fcsi ka paigaldust!<\/p>\n<p>Vedu mandril tellijapoolse mahalaadimisega 180\u20ac v\u00f5i kraana-autoga 350\u20ac(suursaartele vastavalt 280\u20ac ja 590\u20ac).<\/p>\n<p>&nbsp;<\/p>\n","protected":false},"featured_media":100777,"template":"","meta":{"_monsterinsights_skip_tracking":false,"_monsterinsights_sitenote_active":false,"_monsterinsights_sitenote_note":"","_monsterinsights_sitenote_category":0},"pwb-brand":[],"product_brand":[],"product_cat":[17182,13538,13592,13540,13604,13608,13610],"product_tag":[13913,13999,14252,14278,14310,17973,14311,18011,13813,15276,18537,13833,15285,18909,15914,19143,16124],"class_list":{"0":"post-81697","1":"product","2":"type-product","3":"status-publish","4":"has-post-thumbnail","6":"product_cat-suvekoogid-alekeskus","7":"product_cat-ale","8":"product_cat-aia-ja-grillmajad","9":"product_cat-hooned-alekeskus","10":"product_cat-saunad","11":"product_cat-kontorid","12":"product_cat-suvilad","13":"product_tag-vierasmaja","14":"product_tag-hoylahirsi","15":"product_tag-suvemaja","16":"product_tag-kulalistemaja","17":"product_tag-kodukontor","18":"product_tag-aiasaun","19":"product_tag-freespalkaiamaja","20":"product_tag-kaasaegne-aiamaja","21":"product_tag-aiamaja","22":"product_tag-pihatoimisto","23":"product_tag-aiamaja-paigaldus","24":"product_tag-pihamaja","25":"product_tag-kesamokki","26":"product_tag-aiamaja-soodus","27":"product_tag-pihasauna","28":"product_tag-aiamaja-muuk","29":"product_tag-aiamajad","30":"product_shipping_class-alates-1000kg","31":"pa_garantii-5-aastat","32":"pa_kohaletoimetamine-alates-180e","33":"pa_laoasukoht-tartumaa","34":"pa_pindalam-13985","35":"pa_seinapaksus-17405","36":"pa_varv-roheline","37":"pa_varv-punane","38":"pa_varv-viimistlemata","39":"pa_varv-tumehall","40":"pa_varv-helehall","41":"pa_veame-eesti-ja-soome","43":"first","44":"instock","45":"sale","46":"featured","47":"taxable","48":"shipping-taxable","49":"purchasable","50":"product-type-variable","51":"has-default-attributes"},"yoast_head":"<!-- This site is optimized with the Yoast SEO plugin v27.3 - https:\/\/yoast.com\/product\/yoast-seo-wordpress\/ -->\n<title>Aiamaja Mura3 21,6 m\u00b2 2 tuba, magamiskorrus ja alumiiniumliuguksed pakettklaasidega - Alekeskus<\/title>\n<meta name=\"description\" content=\"Aiamaja Mura 44 mm freespalgist magamiskorrusega ja alumiiniumliugustega.\" \/>\n<meta name=\"robots\" content=\"index, follow, max-snippet:-1, max-image-preview:large, max-video-preview:-1\" \/>\n<link rel=\"canonical\" href=\"https:\/\/alekeskus.eu\/et\/toode\/aiamaja-mura3-alekeskus\/\" \/>\n<meta property=\"og:locale\" content=\"et_EE\" \/>\n<meta property=\"og:type\" content=\"article\" \/>\n<meta property=\"og:title\" content=\"Aiamaja Mura3 21,6 m\u00b2 2 tuba, magamiskorrus ja alumiiniumliuguksed pakettklaasidega - Alekeskus\" \/>\n<meta property=\"og:description\" content=\"Aiamaja Mura 44 mm freespalgist magamiskorrusega ja alumiiniumliugustega.\" \/>\n<meta property=\"og:url\" content=\"https:\/\/alekeskus.eu\/et\/toode\/aiamaja-mura3-alekeskus\/\" \/>\n<meta property=\"og:site_name\" content=\"Alekeskus\" \/>\n<meta property=\"article:modified_time\" content=\"2026-03-19T18:04:13+00:00\" \/>\n<meta property=\"og:image\" content=\"https:\/\/alekeskus.eu\/wp-content\/uploads\/2023\/09\/Mura3_aias.jpg\" \/>\n\t<meta property=\"og:image:width\" content=\"2500\" \/>\n\t<meta property=\"og:image:height\" content=\"1667\" \/>\n\t<meta property=\"og:image:type\" content=\"image\/jpeg\" \/>\n<meta name=\"twitter:card\" content=\"summary_large_image\" \/>\n<meta name=\"twitter:label1\" content=\"Est. reading time\" \/>\n\t<meta name=\"twitter:data1\" content=\"1 minut\" \/>\n<script type=\"application\/ld+json\" class=\"yoast-schema-graph\">{\"@context\":\"https:\\\/\\\/schema.org\",\"@graph\":[{\"@type\":\"WebPage\",\"@id\":\"https:\\\/\\\/alekeskus.eu\\\/et\\\/toode\\\/aiamaja-mura3-alekeskus\\\/\",\"url\":\"https:\\\/\\\/alekeskus.eu\\\/et\\\/toode\\\/aiamaja-mura3-alekeskus\\\/\",\"name\":\"Aiamaja Mura3 21,6 m\u00b2 2 tuba, magamiskorrus ja alumiiniumliuguksed pakettklaasidega - Alekeskus\",\"isPartOf\":{\"@id\":\"https:\\\/\\\/alekeskus.eu\\\/#website\"},\"primaryImageOfPage\":{\"@id\":\"https:\\\/\\\/alekeskus.eu\\\/et\\\/toode\\\/aiamaja-mura3-alekeskus\\\/#primaryimage\"},\"image\":{\"@id\":\"https:\\\/\\\/alekeskus.eu\\\/et\\\/toode\\\/aiamaja-mura3-alekeskus\\\/#primaryimage\"},\"thumbnailUrl\":\"https:\\\/\\\/alekeskus.eu\\\/wp-content\\\/uploads\\\/2023\\\/09\\\/Mura3_aias.jpg\",\"datePublished\":\"2026-03-09T12:36:49+00:00\",\"dateModified\":\"2026-03-19T18:04:13+00:00\",\"description\":\"Aiamaja Mura 44 mm freespalgist magamiskorrusega ja alumiiniumliugustega.\",\"breadcrumb\":{\"@id\":\"https:\\\/\\\/alekeskus.eu\\\/et\\\/toode\\\/aiamaja-mura3-alekeskus\\\/#breadcrumb\"},\"inLanguage\":\"et\",\"potentialAction\":[{\"@type\":\"ReadAction\",\"target\":[\"https:\\\/\\\/alekeskus.eu\\\/et\\\/toode\\\/aiamaja-mura3-alekeskus\\\/\"]}]},{\"@type\":\"ImageObject\",\"inLanguage\":\"et\",\"@id\":\"https:\\\/\\\/alekeskus.eu\\\/et\\\/toode\\\/aiamaja-mura3-alekeskus\\\/#primaryimage\",\"url\":\"https:\\\/\\\/alekeskus.eu\\\/wp-content\\\/uploads\\\/2023\\\/09\\\/Mura3_aias.jpg\",\"contentUrl\":\"https:\\\/\\\/alekeskus.eu\\\/wp-content\\\/uploads\\\/2023\\\/09\\\/Mura3_aias.jpg\",\"width\":2500,\"height\":1667},{\"@type\":\"BreadcrumbList\",\"@id\":\"https:\\\/\\\/alekeskus.eu\\\/et\\\/toode\\\/aiamaja-mura3-alekeskus\\\/#breadcrumb\",\"itemListElement\":[{\"@type\":\"ListItem\",\"position\":1,\"name\":\"Avaleht\",\"item\":\"https:\\\/\\\/alekeskus.eu\\\/et\\\/\"},{\"@type\":\"ListItem\",\"position\":2,\"name\":\"Pood\",\"item\":\"https:\\\/\\\/alekeskus.eu\\\/pood\\\/\"},{\"@type\":\"ListItem\",\"position\":3,\"name\":\"Aiamaja Mura3 21,6 m\u00b2 2 tuba, magamiskorrus ja alumiiniumliuguksed pakettklaasidega\"}]},{\"@type\":\"WebSite\",\"@id\":\"https:\\\/\\\/alekeskus.eu\\\/#website\",\"url\":\"https:\\\/\\\/alekeskus.eu\\\/\",\"name\":\"Alekeskus\",\"description\":\"Alekeskus.eu\",\"potentialAction\":[{\"@type\":\"SearchAction\",\"target\":{\"@type\":\"EntryPoint\",\"urlTemplate\":\"https:\\\/\\\/alekeskus.eu\\\/?s={search_term_string}\"},\"query-input\":{\"@type\":\"PropertyValueSpecification\",\"valueRequired\":true,\"valueName\":\"search_term_string\"}}],\"inLanguage\":\"et\"}]}<\/script>\n<!-- \/ Yoast SEO plugin. -->","yoast_head_json":{"title":"Aiamaja Mura3 21,6 m\u00b2 2 tuba, magamiskorrus ja alumiiniumliuguksed pakettklaasidega - Alekeskus","description":"Aiamaja Mura 44 mm freespalgist magamiskorrusega ja alumiiniumliugustega.","robots":{"index":"index","follow":"follow","max-snippet":"max-snippet:-1","max-image-preview":"max-image-preview:large","max-video-preview":"max-video-preview:-1"},"canonical":"https:\/\/alekeskus.eu\/et\/toode\/aiamaja-mura3-alekeskus\/","og_locale":"et_EE","og_type":"article","og_title":"Aiamaja Mura3 21,6 m\u00b2 2 tuba, magamiskorrus ja alumiiniumliuguksed pakettklaasidega - Alekeskus","og_description":"Aiamaja Mura 44 mm freespalgist magamiskorrusega ja alumiiniumliugustega.","og_url":"https:\/\/alekeskus.eu\/et\/toode\/aiamaja-mura3-alekeskus\/","og_site_name":"Alekeskus","article_modified_time":"2026-03-19T18:04:13+00:00","og_image":[{"width":2500,"height":1667,"url":"https:\/\/alekeskus.eu\/wp-content\/uploads\/2023\/09\/Mura3_aias.jpg","type":"image\/jpeg"}],"twitter_card":"summary_large_image","twitter_misc":{"Est. reading time":"1 minut"},"schema":{"@context":"https:\/\/schema.org","@graph":[{"@type":"WebPage","@id":"https:\/\/alekeskus.eu\/et\/toode\/aiamaja-mura3-alekeskus\/","url":"https:\/\/alekeskus.eu\/et\/toode\/aiamaja-mura3-alekeskus\/","name":"Aiamaja Mura3 21,6 m\u00b2 2 tuba, magamiskorrus ja alumiiniumliuguksed pakettklaasidega - Alekeskus","isPartOf":{"@id":"https:\/\/alekeskus.eu\/#website"},"primaryImageOfPage":{"@id":"https:\/\/alekeskus.eu\/et\/toode\/aiamaja-mura3-alekeskus\/#primaryimage"},"image":{"@id":"https:\/\/alekeskus.eu\/et\/toode\/aiamaja-mura3-alekeskus\/#primaryimage"},"thumbnailUrl":"https:\/\/alekeskus.eu\/wp-content\/uploads\/2023\/09\/Mura3_aias.jpg","datePublished":"2026-03-09T12:36:49+00:00","dateModified":"2026-03-19T18:04:13+00:00","description":"Aiamaja Mura 44 mm freespalgist magamiskorrusega ja alumiiniumliugustega.","breadcrumb":{"@id":"https:\/\/alekeskus.eu\/et\/toode\/aiamaja-mura3-alekeskus\/#breadcrumb"},"inLanguage":"et","potentialAction":[{"@type":"ReadAction","target":["https:\/\/alekeskus.eu\/et\/toode\/aiamaja-mura3-alekeskus\/"]}]},{"@type":"ImageObject","inLanguage":"et","@id":"https:\/\/alekeskus.eu\/et\/toode\/aiamaja-mura3-alekeskus\/#primaryimage","url":"https:\/\/alekeskus.eu\/wp-content\/uploads\/2023\/09\/Mura3_aias.jpg","contentUrl":"https:\/\/alekeskus.eu\/wp-content\/uploads\/2023\/09\/Mura3_aias.jpg","width":2500,"height":1667},{"@type":"BreadcrumbList","@id":"https:\/\/alekeskus.eu\/et\/toode\/aiamaja-mura3-alekeskus\/#breadcrumb","itemListElement":[{"@type":"ListItem","position":1,"name":"Avaleht","item":"https:\/\/alekeskus.eu\/et\/"},{"@type":"ListItem","position":2,"name":"Pood","item":"https:\/\/alekeskus.eu\/pood\/"},{"@type":"ListItem","position":3,"name":"Aiamaja Mura3 21,6 m\u00b2 2 tuba, magamiskorrus ja alumiiniumliuguksed pakettklaasidega"}]},{"@type":"WebSite","@id":"https:\/\/alekeskus.eu\/#website","url":"https:\/\/alekeskus.eu\/","name":"Alekeskus","description":"Alekeskus.eu","potentialAction":[{"@type":"SearchAction","target":{"@type":"EntryPoint","urlTemplate":"https:\/\/alekeskus.eu\/?s={search_term_string}"},"query-input":{"@type":"PropertyValueSpecification","valueRequired":true,"valueName":"search_term_string"}}],"inLanguage":"et"}]}},"brands":[],"_links":{"self":[{"href":"https:\/\/alekeskus.eu\/et\/wp-json\/wp\/v2\/product\/81697","targetHints":{"allow":["GET"]}}],"collection":[{"href":"https:\/\/alekeskus.eu\/et\/wp-json\/wp\/v2\/product"}],"about":[{"href":"https:\/\/alekeskus.eu\/et\/wp-json\/wp\/v2\/types\/product"}],"wp:featuredmedia":[{"embeddable":true,"href":"https:\/\/alekeskus.eu\/et\/wp-json\/wp\/v2\/media\/100777"}],"wp:attachment":[{"href":"https:\/\/alekeskus.eu\/et\/wp-json\/wp\/v2\/media?parent=81697"}],"wp:term":[{"taxonomy":"pwb-brand","embeddable":true,"href":"https:\/\/alekeskus.eu\/et\/wp-json\/wp\/v2\/pwb-brand?post=81697"},{"taxonomy":"product_brand","embeddable":true,"href":"https:\/\/alekeskus.eu\/et\/wp-json\/wp\/v2\/product_brand?post=81697"},{"taxonomy":"product_cat","embeddable":true,"href":"https:\/\/alekeskus.eu\/et\/wp-json\/wp\/v2\/product_cat?post=81697"},{"taxonomy":"product_tag","embeddable":true,"href":"https:\/\/alekeskus.eu\/et\/wp-json\/wp\/v2\/product_tag?post=81697"}],"curies":[{"name":"wp","href":"https:\/\/api.w.org\/{rel}","templated":true}]}}