{"id":81841,"date":"2026-03-11T17:39:28","date_gmt":"2026-03-11T17:39:28","guid":{"rendered":"https:\/\/alekeskus.eu\/?post_type=product&#038;p=81841"},"modified":"2026-03-22T07:02:51","modified_gmt":"2026-03-22T07:02:51","slug":"aiamaja-mura1-alekeskus","status":"publish","type":"product","link":"https:\/\/alekeskus.eu\/et\/toode\/aiamaja-mura1-alekeskus\/","title":{"rendered":"Aiamaja Mura1 15,3 m\u00b2 + terrass 3,9 m\u00b2, alumiiniumavat\u00e4ited pakettklaasidega, 2 ruumi"},"content":{"rendered":"<p>V\u00c4RVIMISE TEENUSE KIRJELDUS:<\/p>\n<p>Sein v\u00e4rvitakse 3-st k\u00fcljest, ka punnsooned. 4 standardv\u00e4rvi: punane, s\u00fcsihall, helehall, roheline. Sisepind j\u00e4\u00e4b naturaalseks. Maja nurgad on v\u00e4rvitud igast k\u00fcljest. V\u00e4rvitakse 2 kihti. \u27a2 P\u00f5randa- ja laelauad ning p\u00e4rlinid j\u00e4\u00e4vad v\u00e4rvimata. \u27a2 Aknad ja uksed v\u00e4rvitakse valgeks igast k\u00fcljest. \u27a2 K\u00f5ik v\u00e4lised liistud (viilulauad ja liistud) v\u00e4rvitakse valgeks. \u27a2 Kvaliteetne v\u00e4rv tuntud Saksa tootjalt OSMO<\/p>\n<p>Tellimisaeg pikem v\u00e4rvimata tootest.<\/p>\n<p>Paigaldusohje: <a href=\"https:\/\/alekeskus.eu\/wp-content\/uploads\/2023\/03\/Mura1-4428619-ohje.pdf\">Mura1 4428619 ohje<\/a><\/p>\n","protected":false},"excerpt":{"rendered":"<p>V\u00e4lism\u00f5\u00f5dud<strong>: 390 x 410 cm + terrass<\/strong><\/p>\n<ul>\n<li>tuuletapiga\u00a0<strong>freespalksein 44 mm<\/strong>,<strong> kaasaegne sile nurgalahendus alumiiniumnurgaliistudega<\/strong><\/li>\n<li>seina k\u00f5rgus 228 cm, harja k\u00f5rgus 331 cm<\/li>\n<li>punniga katuselauad 18 x 90 mm, laetalad 44 x 140 mm<\/li>\n<li>katuse pindala 27 m\u00b2 ja kalle 28\u00ba<\/li>\n<li><strong>katusealune terrass 100 cm;\u00a0<\/strong>s\u00fcgavimmutatud terrassilauad 19 x 90 mm<\/li>\n<li>katusekate lisahinnaga (tarve 5 rulli katusepappi\/SBS-bituumenkatet v\u00f5i 10 pakki bituumensindlit)<\/li>\n<li>punniga p\u00f5randalauad 18 x 90 mm ja immutatud talad 45 x 70 mm<\/li>\n<li>vahesein<\/li>\n<li><strong>alumiiniumraamiga pakettklaasiga paarisuks<\/strong> 1588 x 1980 mm ja puidust siseuks 835 x 1900 mm<\/li>\n<li><strong>alumiiniumraamiga pakettklaasiga sisse avanevad aknad\u00a0<\/strong> 600 x 1832 mm ja 1171 x 1832 mm<\/li>\n<li>tellitav v\u00e4ljast v\u00e4rvituna +1400\u20ac(hele-ja tumehall, rootsi punane, roheline; liistud \u00fcleni valged; loe alt kirjeldust, tellimisaeg pikem 3-4 n\u00e4dalat)<\/li>\n<li>kinnitusvahendid ja koostejuhend<\/li>\n<li>Eesti toode<\/li>\n<li>garantii 5 aastat<\/li>\n<li>vihmakindel pakend<\/li>\n<\/ul>\n<p>K\u00fcsi ka paigaldust!<\/p>\n<p>Vedu mandril tellijapoolse mahalaadimisega 180\u20ac v\u00f5i kraana-autoga 350\u20ac(suursaartele vastavalt 280\u20ac ja 590\u20ac).<\/p>\n","protected":false},"featured_media":100738,"template":"","meta":{"_monsterinsights_skip_tracking":false,"_monsterinsights_sitenote_active":false,"_monsterinsights_sitenote_note":"","_monsterinsights_sitenote_category":0},"pwb-brand":[18577],"product_brand":[],"product_cat":[17182,13538,13592,13540,13604,13608],"product_tag":[14310,17973,14311,18011,15276,13813,15914,18537,13831,16124,18590,18909,13913,18910,13999,19143,14252,17388,19182,14278,19207],"class_list":{"0":"post-81841","1":"product","2":"type-product","3":"status-publish","4":"has-post-thumbnail","6":"pwb-brand-eesti","7":"product_cat-suvekoogid-alekeskus","8":"product_cat-ale","9":"product_cat-aia-ja-grillmajad","10":"product_cat-hooned-alekeskus","11":"product_cat-saunad","12":"product_cat-kontorid","13":"product_tag-kodukontor","14":"product_tag-aiasaun","15":"product_tag-freespalkaiamaja","16":"product_tag-kaasaegne-aiamaja","17":"product_tag-pihatoimisto","18":"product_tag-aiamaja","19":"product_tag-pihasauna","20":"product_tag-aiamaja-paigaldus","21":"product_tag-mokki","22":"product_tag-aiamajad","23":"product_tag-varvitud-aiamaja","24":"product_tag-aiamaja-soodus","25":"product_tag-vierasmaja","26":"product_tag-aiamaja-ale","27":"product_tag-hoylahirsi","28":"product_tag-aiamaja-muuk","29":"product_tag-suvemaja","30":"product_tag-saunamaja","31":"product_tag-aiamaja-lopumuuk","32":"product_tag-kulalistemaja","33":"product_tag-kaugtootuba","34":"product_shipping_class-alates-1000kg","35":"pa_garantii-5-aastat","36":"pa_kohaletoimetamine-alates-180e","37":"pa_laoasukoht-tartumaa","38":"pa_pindalam-18023","39":"pa_seinapaksus-17405","40":"pa_varv-roheline","41":"pa_varv-punane","42":"pa_varv-viimistlemata","43":"pa_varv-tumehall","44":"pa_varv-helehall","45":"pa_veame-eesti-ja-soome","47":"first","48":"instock","49":"sale","50":"featured","51":"taxable","52":"shipping-taxable","53":"purchasable","54":"product-type-variable","55":"has-default-attributes"},"yoast_head":"<!-- This site is optimized with the Yoast SEO plugin v27.3 - https:\/\/yoast.com\/product\/yoast-seo-wordpress\/ -->\n<title>Aiamaja Mura1 15,3 m\u00b2 + terrass 3,9 m\u00b2, alumiiniumavat\u00e4ited pakettklaasidega, 2 ruumi - Alekeskus<\/title>\n<meta name=\"description\" content=\"2 toaga aiamaja Mura1 on 44 mm freespalgist ja alumiiniumist avat\u00e4idetega.\" \/>\n<meta name=\"robots\" content=\"index, follow, max-snippet:-1, max-image-preview:large, max-video-preview:-1\" \/>\n<link rel=\"canonical\" href=\"https:\/\/alekeskus.eu\/et\/toode\/aiamaja-mura1-alekeskus\/\" \/>\n<meta property=\"og:locale\" content=\"et_EE\" \/>\n<meta property=\"og:type\" content=\"article\" \/>\n<meta property=\"og:title\" content=\"Aiamaja Mura1 15,3 m\u00b2 + terrass 3,9 m\u00b2, alumiiniumavat\u00e4ited pakettklaasidega, 2 ruumi - Alekeskus\" \/>\n<meta property=\"og:description\" content=\"2 toaga aiamaja Mura1 on 44 mm freespalgist ja alumiiniumist avat\u00e4idetega.\" \/>\n<meta property=\"og:url\" content=\"https:\/\/alekeskus.eu\/et\/toode\/aiamaja-mura1-alekeskus\/\" \/>\n<meta property=\"og:site_name\" content=\"Alekeskus\" \/>\n<meta property=\"article:modified_time\" content=\"2026-03-22T07:02:51+00:00\" \/>\n<meta property=\"og:image\" content=\"https:\/\/alekeskus.eu\/wp-content\/uploads\/2025\/03\/Murano1-tumehall-aias-scaled.jpg\" \/>\n\t<meta property=\"og:image:width\" content=\"2560\" \/>\n\t<meta property=\"og:image:height\" content=\"1707\" \/>\n\t<meta property=\"og:image:type\" content=\"image\/jpeg\" \/>\n<meta name=\"twitter:card\" content=\"summary_large_image\" \/>\n<meta name=\"twitter:label1\" content=\"Est. reading time\" \/>\n\t<meta name=\"twitter:data1\" content=\"1 minut\" \/>\n<script type=\"application\/ld+json\" class=\"yoast-schema-graph\">{\"@context\":\"https:\\\/\\\/schema.org\",\"@graph\":[{\"@type\":\"WebPage\",\"@id\":\"https:\\\/\\\/alekeskus.eu\\\/et\\\/toode\\\/aiamaja-mura1-alekeskus\\\/\",\"url\":\"https:\\\/\\\/alekeskus.eu\\\/et\\\/toode\\\/aiamaja-mura1-alekeskus\\\/\",\"name\":\"Aiamaja Mura1 15,3 m\u00b2 + terrass 3,9 m\u00b2, alumiiniumavat\u00e4ited pakettklaasidega, 2 ruumi - Alekeskus\",\"isPartOf\":{\"@id\":\"https:\\\/\\\/alekeskus.eu\\\/#website\"},\"primaryImageOfPage\":{\"@id\":\"https:\\\/\\\/alekeskus.eu\\\/et\\\/toode\\\/aiamaja-mura1-alekeskus\\\/#primaryimage\"},\"image\":{\"@id\":\"https:\\\/\\\/alekeskus.eu\\\/et\\\/toode\\\/aiamaja-mura1-alekeskus\\\/#primaryimage\"},\"thumbnailUrl\":\"https:\\\/\\\/alekeskus.eu\\\/wp-content\\\/uploads\\\/2025\\\/03\\\/Murano1-tumehall-aias-scaled.jpg\",\"datePublished\":\"2026-03-11T17:39:28+00:00\",\"dateModified\":\"2026-03-22T07:02:51+00:00\",\"description\":\"2 toaga aiamaja Mura1 on 44 mm freespalgist ja alumiiniumist avat\u00e4idetega.\",\"breadcrumb\":{\"@id\":\"https:\\\/\\\/alekeskus.eu\\\/et\\\/toode\\\/aiamaja-mura1-alekeskus\\\/#breadcrumb\"},\"inLanguage\":\"et\",\"potentialAction\":[{\"@type\":\"ReadAction\",\"target\":[\"https:\\\/\\\/alekeskus.eu\\\/et\\\/toode\\\/aiamaja-mura1-alekeskus\\\/\"]}]},{\"@type\":\"ImageObject\",\"inLanguage\":\"et\",\"@id\":\"https:\\\/\\\/alekeskus.eu\\\/et\\\/toode\\\/aiamaja-mura1-alekeskus\\\/#primaryimage\",\"url\":\"https:\\\/\\\/alekeskus.eu\\\/wp-content\\\/uploads\\\/2025\\\/03\\\/Murano1-tumehall-aias-scaled.jpg\",\"contentUrl\":\"https:\\\/\\\/alekeskus.eu\\\/wp-content\\\/uploads\\\/2025\\\/03\\\/Murano1-tumehall-aias-scaled.jpg\",\"width\":2560,\"height\":1707,\"caption\":\"Aiamaja Mura1 tumehall\"},{\"@type\":\"BreadcrumbList\",\"@id\":\"https:\\\/\\\/alekeskus.eu\\\/et\\\/toode\\\/aiamaja-mura1-alekeskus\\\/#breadcrumb\",\"itemListElement\":[{\"@type\":\"ListItem\",\"position\":1,\"name\":\"Avaleht\",\"item\":\"https:\\\/\\\/alekeskus.eu\\\/et\\\/\"},{\"@type\":\"ListItem\",\"position\":2,\"name\":\"Pood\",\"item\":\"https:\\\/\\\/alekeskus.eu\\\/pood\\\/\"},{\"@type\":\"ListItem\",\"position\":3,\"name\":\"Aiamaja Mura1 15,3 m\u00b2 + terrass 3,9 m\u00b2, alumiiniumavat\u00e4ited pakettklaasidega, 2 ruumi\"}]},{\"@type\":\"WebSite\",\"@id\":\"https:\\\/\\\/alekeskus.eu\\\/#website\",\"url\":\"https:\\\/\\\/alekeskus.eu\\\/\",\"name\":\"Alekeskus\",\"description\":\"Alekeskus.eu\",\"potentialAction\":[{\"@type\":\"SearchAction\",\"target\":{\"@type\":\"EntryPoint\",\"urlTemplate\":\"https:\\\/\\\/alekeskus.eu\\\/?s={search_term_string}\"},\"query-input\":{\"@type\":\"PropertyValueSpecification\",\"valueRequired\":true,\"valueName\":\"search_term_string\"}}],\"inLanguage\":\"et\"}]}<\/script>\n<!-- \/ Yoast SEO plugin. -->","yoast_head_json":{"title":"Aiamaja Mura1 15,3 m\u00b2 + terrass 3,9 m\u00b2, alumiiniumavat\u00e4ited pakettklaasidega, 2 ruumi - Alekeskus","description":"2 toaga aiamaja Mura1 on 44 mm freespalgist ja alumiiniumist avat\u00e4idetega.","robots":{"index":"index","follow":"follow","max-snippet":"max-snippet:-1","max-image-preview":"max-image-preview:large","max-video-preview":"max-video-preview:-1"},"canonical":"https:\/\/alekeskus.eu\/et\/toode\/aiamaja-mura1-alekeskus\/","og_locale":"et_EE","og_type":"article","og_title":"Aiamaja Mura1 15,3 m\u00b2 + terrass 3,9 m\u00b2, alumiiniumavat\u00e4ited pakettklaasidega, 2 ruumi - Alekeskus","og_description":"2 toaga aiamaja Mura1 on 44 mm freespalgist ja alumiiniumist avat\u00e4idetega.","og_url":"https:\/\/alekeskus.eu\/et\/toode\/aiamaja-mura1-alekeskus\/","og_site_name":"Alekeskus","article_modified_time":"2026-03-22T07:02:51+00:00","og_image":[{"width":2560,"height":1707,"url":"https:\/\/alekeskus.eu\/wp-content\/uploads\/2025\/03\/Murano1-tumehall-aias-scaled.jpg","type":"image\/jpeg"}],"twitter_card":"summary_large_image","twitter_misc":{"Est. reading time":"1 minut"},"schema":{"@context":"https:\/\/schema.org","@graph":[{"@type":"WebPage","@id":"https:\/\/alekeskus.eu\/et\/toode\/aiamaja-mura1-alekeskus\/","url":"https:\/\/alekeskus.eu\/et\/toode\/aiamaja-mura1-alekeskus\/","name":"Aiamaja Mura1 15,3 m\u00b2 + terrass 3,9 m\u00b2, alumiiniumavat\u00e4ited pakettklaasidega, 2 ruumi - Alekeskus","isPartOf":{"@id":"https:\/\/alekeskus.eu\/#website"},"primaryImageOfPage":{"@id":"https:\/\/alekeskus.eu\/et\/toode\/aiamaja-mura1-alekeskus\/#primaryimage"},"image":{"@id":"https:\/\/alekeskus.eu\/et\/toode\/aiamaja-mura1-alekeskus\/#primaryimage"},"thumbnailUrl":"https:\/\/alekeskus.eu\/wp-content\/uploads\/2025\/03\/Murano1-tumehall-aias-scaled.jpg","datePublished":"2026-03-11T17:39:28+00:00","dateModified":"2026-03-22T07:02:51+00:00","description":"2 toaga aiamaja Mura1 on 44 mm freespalgist ja alumiiniumist avat\u00e4idetega.","breadcrumb":{"@id":"https:\/\/alekeskus.eu\/et\/toode\/aiamaja-mura1-alekeskus\/#breadcrumb"},"inLanguage":"et","potentialAction":[{"@type":"ReadAction","target":["https:\/\/alekeskus.eu\/et\/toode\/aiamaja-mura1-alekeskus\/"]}]},{"@type":"ImageObject","inLanguage":"et","@id":"https:\/\/alekeskus.eu\/et\/toode\/aiamaja-mura1-alekeskus\/#primaryimage","url":"https:\/\/alekeskus.eu\/wp-content\/uploads\/2025\/03\/Murano1-tumehall-aias-scaled.jpg","contentUrl":"https:\/\/alekeskus.eu\/wp-content\/uploads\/2025\/03\/Murano1-tumehall-aias-scaled.jpg","width":2560,"height":1707,"caption":"Aiamaja Mura1 tumehall"},{"@type":"BreadcrumbList","@id":"https:\/\/alekeskus.eu\/et\/toode\/aiamaja-mura1-alekeskus\/#breadcrumb","itemListElement":[{"@type":"ListItem","position":1,"name":"Avaleht","item":"https:\/\/alekeskus.eu\/et\/"},{"@type":"ListItem","position":2,"name":"Pood","item":"https:\/\/alekeskus.eu\/pood\/"},{"@type":"ListItem","position":3,"name":"Aiamaja Mura1 15,3 m\u00b2 + terrass 3,9 m\u00b2, alumiiniumavat\u00e4ited pakettklaasidega, 2 ruumi"}]},{"@type":"WebSite","@id":"https:\/\/alekeskus.eu\/#website","url":"https:\/\/alekeskus.eu\/","name":"Alekeskus","description":"Alekeskus.eu","potentialAction":[{"@type":"SearchAction","target":{"@type":"EntryPoint","urlTemplate":"https:\/\/alekeskus.eu\/?s={search_term_string}"},"query-input":{"@type":"PropertyValueSpecification","valueRequired":true,"valueName":"search_term_string"}}],"inLanguage":"et"}]}},"brands":[{"id":18577,"name":"Eesti","slug":"eesti"}],"_links":{"self":[{"href":"https:\/\/alekeskus.eu\/et\/wp-json\/wp\/v2\/product\/81841","targetHints":{"allow":["GET"]}}],"collection":[{"href":"https:\/\/alekeskus.eu\/et\/wp-json\/wp\/v2\/product"}],"about":[{"href":"https:\/\/alekeskus.eu\/et\/wp-json\/wp\/v2\/types\/product"}],"wp:featuredmedia":[{"embeddable":true,"href":"https:\/\/alekeskus.eu\/et\/wp-json\/wp\/v2\/media\/100738"}],"wp:attachment":[{"href":"https:\/\/alekeskus.eu\/et\/wp-json\/wp\/v2\/media?parent=81841"}],"wp:term":[{"taxonomy":"pwb-brand","embeddable":true,"href":"https:\/\/alekeskus.eu\/et\/wp-json\/wp\/v2\/pwb-brand?post=81841"},{"taxonomy":"product_brand","embeddable":true,"href":"https:\/\/alekeskus.eu\/et\/wp-json\/wp\/v2\/product_brand?post=81841"},{"taxonomy":"product_cat","embeddable":true,"href":"https:\/\/alekeskus.eu\/et\/wp-json\/wp\/v2\/product_cat?post=81841"},{"taxonomy":"product_tag","embeddable":true,"href":"https:\/\/alekeskus.eu\/et\/wp-json\/wp\/v2\/product_tag?post=81841"}],"curies":[{"name":"wp","href":"https:\/\/api.w.org\/{rel}","templated":true}]}}