{"id":82004,"date":"2023-03-17T13:10:04","date_gmt":"2023-03-17T13:10:04","guid":{"rendered":"https:\/\/alekeskus.eu\/?post_type=product&#038;p=82004"},"modified":"2024-01-10T11:09:34","modified_gmt":"2024-01-10T11:09:34","slug":"aiamaja-kodukontor-shetland1-168-m%c2%b2","status":"publish","type":"product","link":"https:\/\/alekeskus.eu\/et\/toode\/aiamaja-kodukontor-shetland1-168-m%c2%b2\/","title":{"rendered":"Aiamaja-kodukontor Shetland1 16,8 m\u00b2 70 mm freespalk"},"content":{"rendered":"","protected":false},"excerpt":{"rendered":"<p>V\u00e4lism\u00f5\u00f5dud: <strong>600<\/strong><b> x 300 cm<\/b><\/p>\n<ul>\n<li>tuuletapiga <strong>freespalk 70 mm, <\/strong>tormikinnitused<\/li>\n<li>harja k\u00f5rgus 245 cm<strong>, <\/strong>seina k\u00f5rgus 204 cm<\/li>\n<li>punniga p\u00f5randalauad 18 x 90 mm ja immutatud alustalad 45 x 70 mm<\/li>\n<li>pakettklaasiga paarisuks 158 x 187 cm<\/li>\n<li>pakettklaasiga sisseavanevad 3 akent 110 x 173 cm (s\u00f5sarmaja Shetland2 on ilma otsaseina aknata)<\/li>\n<li>\n<div class=\"product-spec\">\n<div class=\"spec-detail\">\n<div class=\"spec-singular\">katuse pind 24 <span class=\"super-position\">m<sup>2 <\/sup><\/span>ja katusekalle 16\u00b0<\/div>\n<\/div>\n<\/div>\n<\/li>\n<li>\n<div class=\"spec-name\">punniga katuselauad 18 x 90 mm<\/div>\n<\/li>\n<li>\n<div class=\"spec-name\"><strong>katusekate ei sisaldu hinnas <\/strong>(lisahinnaga 2 rulli\u00a0 katusepapp\/SBS rullkate 1&#215;15 m v\u00f5i bituumensindel 10 pakki)<\/div>\n<\/li>\n<li>r\u00e4\u00e4stad otstel 30 cm, ees ja taga 23 cm<\/li>\n<li>\n<div class=\"spec-name\">kinnitusvahendid ja koostejuhend<\/div>\n<\/li>\n<li>tehase garantii 5 aastat<\/li>\n<li>Eesti toode<\/li>\n<li>ilmastikukindel pakend<\/li>\n<\/ul>\n<p>Vedu mandril 180\u20ac v\u00f5i mahat\u00f5stega 350\u20ac(suursaartele vedu 280\u20ac ja t\u00f5stega vedu 590\u20ac).<\/p>\n<p>K\u00fcsi ka paigaldust!<\/p>\n","protected":false},"featured_media":82012,"template":"","meta":{"_monsterinsights_skip_tracking":false,"_monsterinsights_sitenote_active":false,"_monsterinsights_sitenote_note":"","_monsterinsights_sitenote_category":0},"pwb-brand":[],"product_brand":[],"product_cat":[17182,13592,13540,13608,13610],"product_tag":[14252,14264,14265,14277,14310,15276,13813,13864],"class_list":{"0":"post-82004","1":"product","2":"type-product","3":"status-publish","4":"has-post-thumbnail","6":"product_cat-suvekoogid-alekeskus","7":"product_cat-aia-ja-grillmajad","8":"product_cat-hooned-alekeskus","9":"product_cat-kontorid","10":"product_cat-suvilad","11":"product_tag-suvemaja","12":"product_tag-aiakuur","13":"product_tag-pihavaja","14":"product_tag-freespalk","15":"product_tag-kodukontor","16":"product_tag-pihatoimisto","17":"product_tag-aiamaja","18":"product_tag-huvimaja","19":"product_shipping_class-alates-1000kg","20":"pa_garantii-2-aastat","21":"pa_kohaletoimetamine-alates-180e","22":"pa_laoasukoht-tartumaa","23":"pa_pindalam-15305","24":"pa_seinapaksus-70-mm","25":"pa_tellimisaeg-2-3-kuud","26":"pa_varv-viimistlemata","27":"pa_veame-eesti-ja-soome","29":"first","30":"onbackorder","31":"taxable","32":"shipping-taxable","33":"purchasable","34":"product-type-simple"},"yoast_head":"<!-- This site is optimized with the Yoast SEO plugin v27.3 - https:\/\/yoast.com\/product\/yoast-seo-wordpress\/ -->\n<title>Aiamaja-kodukontor Shetland1 16,8 m\u00b2 70 mm freespalk - Alekeskus<\/title>\n<meta name=\"description\" content=\"aiamaja kodukontor Shetland1 70 mm freespalgist, mis on Eestis tehtud ja soodushinnaga\" \/>\n<meta name=\"robots\" content=\"index, follow, max-snippet:-1, max-image-preview:large, max-video-preview:-1\" \/>\n<link rel=\"canonical\" href=\"https:\/\/alekeskus.eu\/toode\/aiamaja-kodukontor-shetland1-168-m\u00b2\/\" \/>\n<meta property=\"og:locale\" content=\"et_EE\" \/>\n<meta property=\"og:type\" content=\"article\" \/>\n<meta property=\"og:title\" content=\"Aiamaja-kodukontor Shetland1 16,8 m\u00b2 70 mm freespalk - Alekeskus\" \/>\n<meta property=\"og:description\" content=\"aiamaja kodukontor Shetland1 70 mm freespalgist, mis on Eestis tehtud ja soodushinnaga\" \/>\n<meta property=\"og:url\" content=\"https:\/\/alekeskus.eu\/toode\/aiamaja-kodukontor-shetland1-168-m\u00b2\/\" \/>\n<meta property=\"og:site_name\" content=\"Alekeskus\" \/>\n<meta property=\"article:modified_time\" content=\"2024-01-10T11:09:34+00:00\" \/>\n<meta property=\"og:image\" content=\"https:\/\/alekeskus.eu\/wp-content\/uploads\/2023\/03\/Shetland1-scaled.jpg\" \/>\n\t<meta property=\"og:image:width\" content=\"2560\" \/>\n\t<meta property=\"og:image:height\" content=\"1708\" \/>\n\t<meta property=\"og:image:type\" content=\"image\/jpeg\" \/>\n<meta name=\"twitter:card\" content=\"summary_large_image\" \/>\n<script type=\"application\/ld+json\" class=\"yoast-schema-graph\">{\"@context\":\"https:\\\/\\\/schema.org\",\"@graph\":[{\"@type\":\"WebPage\",\"@id\":\"https:\\\/\\\/alekeskus.eu\\\/toode\\\/aiamaja-kodukontor-shetland1-168-m%c2%b2\\\/\",\"url\":\"https:\\\/\\\/alekeskus.eu\\\/toode\\\/aiamaja-kodukontor-shetland1-168-m%c2%b2\\\/\",\"name\":\"Aiamaja-kodukontor Shetland1 16,8 m\u00b2 70 mm freespalk - Alekeskus\",\"isPartOf\":{\"@id\":\"https:\\\/\\\/alekeskus.eu\\\/#website\"},\"primaryImageOfPage\":{\"@id\":\"https:\\\/\\\/alekeskus.eu\\\/toode\\\/aiamaja-kodukontor-shetland1-168-m%c2%b2\\\/#primaryimage\"},\"image\":{\"@id\":\"https:\\\/\\\/alekeskus.eu\\\/toode\\\/aiamaja-kodukontor-shetland1-168-m%c2%b2\\\/#primaryimage\"},\"thumbnailUrl\":\"https:\\\/\\\/alekeskus.eu\\\/wp-content\\\/uploads\\\/2023\\\/03\\\/Shetland1-scaled.jpg\",\"datePublished\":\"2023-03-17T13:10:04+00:00\",\"dateModified\":\"2024-01-10T11:09:34+00:00\",\"description\":\"aiamaja kodukontor Shetland1 70 mm freespalgist, mis on Eestis tehtud ja soodushinnaga\",\"breadcrumb\":{\"@id\":\"https:\\\/\\\/alekeskus.eu\\\/toode\\\/aiamaja-kodukontor-shetland1-168-m%c2%b2\\\/#breadcrumb\"},\"inLanguage\":\"et\",\"potentialAction\":[{\"@type\":\"ReadAction\",\"target\":[\"https:\\\/\\\/alekeskus.eu\\\/toode\\\/aiamaja-kodukontor-shetland1-168-m%c2%b2\\\/\"]}]},{\"@type\":\"ImageObject\",\"inLanguage\":\"et\",\"@id\":\"https:\\\/\\\/alekeskus.eu\\\/toode\\\/aiamaja-kodukontor-shetland1-168-m%c2%b2\\\/#primaryimage\",\"url\":\"https:\\\/\\\/alekeskus.eu\\\/wp-content\\\/uploads\\\/2023\\\/03\\\/Shetland1-scaled.jpg\",\"contentUrl\":\"https:\\\/\\\/alekeskus.eu\\\/wp-content\\\/uploads\\\/2023\\\/03\\\/Shetland1-scaled.jpg\",\"width\":1600,\"height\":1068},{\"@type\":\"BreadcrumbList\",\"@id\":\"https:\\\/\\\/alekeskus.eu\\\/toode\\\/aiamaja-kodukontor-shetland1-168-m%c2%b2\\\/#breadcrumb\",\"itemListElement\":[{\"@type\":\"ListItem\",\"position\":1,\"name\":\"Avaleht\",\"item\":\"https:\\\/\\\/alekeskus.eu\\\/et\\\/\"},{\"@type\":\"ListItem\",\"position\":2,\"name\":\"Pood\",\"item\":\"https:\\\/\\\/alekeskus.eu\\\/pood\\\/\"},{\"@type\":\"ListItem\",\"position\":3,\"name\":\"Aiamaja-kodukontor Shetland1 16,8 m\u00b2 70 mm freespalk\"}]},{\"@type\":\"WebSite\",\"@id\":\"https:\\\/\\\/alekeskus.eu\\\/#website\",\"url\":\"https:\\\/\\\/alekeskus.eu\\\/\",\"name\":\"Alekeskus\",\"description\":\"Alekeskus.eu\",\"potentialAction\":[{\"@type\":\"SearchAction\",\"target\":{\"@type\":\"EntryPoint\",\"urlTemplate\":\"https:\\\/\\\/alekeskus.eu\\\/?s={search_term_string}\"},\"query-input\":{\"@type\":\"PropertyValueSpecification\",\"valueRequired\":true,\"valueName\":\"search_term_string\"}}],\"inLanguage\":\"et\"}]}<\/script>\n<!-- \/ Yoast SEO plugin. -->","yoast_head_json":{"title":"Aiamaja-kodukontor Shetland1 16,8 m\u00b2 70 mm freespalk - Alekeskus","description":"aiamaja kodukontor Shetland1 70 mm freespalgist, mis on Eestis tehtud ja soodushinnaga","robots":{"index":"index","follow":"follow","max-snippet":"max-snippet:-1","max-image-preview":"max-image-preview:large","max-video-preview":"max-video-preview:-1"},"canonical":"https:\/\/alekeskus.eu\/toode\/aiamaja-kodukontor-shetland1-168-m\u00b2\/","og_locale":"et_EE","og_type":"article","og_title":"Aiamaja-kodukontor Shetland1 16,8 m\u00b2 70 mm freespalk - Alekeskus","og_description":"aiamaja kodukontor Shetland1 70 mm freespalgist, mis on Eestis tehtud ja soodushinnaga","og_url":"https:\/\/alekeskus.eu\/toode\/aiamaja-kodukontor-shetland1-168-m\u00b2\/","og_site_name":"Alekeskus","article_modified_time":"2024-01-10T11:09:34+00:00","og_image":[{"width":2560,"height":1708,"url":"https:\/\/alekeskus.eu\/wp-content\/uploads\/2023\/03\/Shetland1-scaled.jpg","type":"image\/jpeg"}],"twitter_card":"summary_large_image","schema":{"@context":"https:\/\/schema.org","@graph":[{"@type":"WebPage","@id":"https:\/\/alekeskus.eu\/toode\/aiamaja-kodukontor-shetland1-168-m%c2%b2\/","url":"https:\/\/alekeskus.eu\/toode\/aiamaja-kodukontor-shetland1-168-m%c2%b2\/","name":"Aiamaja-kodukontor Shetland1 16,8 m\u00b2 70 mm freespalk - Alekeskus","isPartOf":{"@id":"https:\/\/alekeskus.eu\/#website"},"primaryImageOfPage":{"@id":"https:\/\/alekeskus.eu\/toode\/aiamaja-kodukontor-shetland1-168-m%c2%b2\/#primaryimage"},"image":{"@id":"https:\/\/alekeskus.eu\/toode\/aiamaja-kodukontor-shetland1-168-m%c2%b2\/#primaryimage"},"thumbnailUrl":"https:\/\/alekeskus.eu\/wp-content\/uploads\/2023\/03\/Shetland1-scaled.jpg","datePublished":"2023-03-17T13:10:04+00:00","dateModified":"2024-01-10T11:09:34+00:00","description":"aiamaja kodukontor Shetland1 70 mm freespalgist, mis on Eestis tehtud ja soodushinnaga","breadcrumb":{"@id":"https:\/\/alekeskus.eu\/toode\/aiamaja-kodukontor-shetland1-168-m%c2%b2\/#breadcrumb"},"inLanguage":"et","potentialAction":[{"@type":"ReadAction","target":["https:\/\/alekeskus.eu\/toode\/aiamaja-kodukontor-shetland1-168-m%c2%b2\/"]}]},{"@type":"ImageObject","inLanguage":"et","@id":"https:\/\/alekeskus.eu\/toode\/aiamaja-kodukontor-shetland1-168-m%c2%b2\/#primaryimage","url":"https:\/\/alekeskus.eu\/wp-content\/uploads\/2023\/03\/Shetland1-scaled.jpg","contentUrl":"https:\/\/alekeskus.eu\/wp-content\/uploads\/2023\/03\/Shetland1-scaled.jpg","width":1600,"height":1068},{"@type":"BreadcrumbList","@id":"https:\/\/alekeskus.eu\/toode\/aiamaja-kodukontor-shetland1-168-m%c2%b2\/#breadcrumb","itemListElement":[{"@type":"ListItem","position":1,"name":"Avaleht","item":"https:\/\/alekeskus.eu\/et\/"},{"@type":"ListItem","position":2,"name":"Pood","item":"https:\/\/alekeskus.eu\/pood\/"},{"@type":"ListItem","position":3,"name":"Aiamaja-kodukontor Shetland1 16,8 m\u00b2 70 mm freespalk"}]},{"@type":"WebSite","@id":"https:\/\/alekeskus.eu\/#website","url":"https:\/\/alekeskus.eu\/","name":"Alekeskus","description":"Alekeskus.eu","potentialAction":[{"@type":"SearchAction","target":{"@type":"EntryPoint","urlTemplate":"https:\/\/alekeskus.eu\/?s={search_term_string}"},"query-input":{"@type":"PropertyValueSpecification","valueRequired":true,"valueName":"search_term_string"}}],"inLanguage":"et"}]}},"brands":[],"_links":{"self":[{"href":"https:\/\/alekeskus.eu\/et\/wp-json\/wp\/v2\/product\/82004","targetHints":{"allow":["GET"]}}],"collection":[{"href":"https:\/\/alekeskus.eu\/et\/wp-json\/wp\/v2\/product"}],"about":[{"href":"https:\/\/alekeskus.eu\/et\/wp-json\/wp\/v2\/types\/product"}],"wp:featuredmedia":[{"embeddable":true,"href":"https:\/\/alekeskus.eu\/et\/wp-json\/wp\/v2\/media\/82012"}],"wp:attachment":[{"href":"https:\/\/alekeskus.eu\/et\/wp-json\/wp\/v2\/media?parent=82004"}],"wp:term":[{"taxonomy":"pwb-brand","embeddable":true,"href":"https:\/\/alekeskus.eu\/et\/wp-json\/wp\/v2\/pwb-brand?post=82004"},{"taxonomy":"product_brand","embeddable":true,"href":"https:\/\/alekeskus.eu\/et\/wp-json\/wp\/v2\/product_brand?post=82004"},{"taxonomy":"product_cat","embeddable":true,"href":"https:\/\/alekeskus.eu\/et\/wp-json\/wp\/v2\/product_cat?post=82004"},{"taxonomy":"product_tag","embeddable":true,"href":"https:\/\/alekeskus.eu\/et\/wp-json\/wp\/v2\/product_tag?post=82004"}],"curies":[{"name":"wp","href":"https:\/\/api.w.org\/{rel}","templated":true}]}}