{"id":82217,"date":"2026-02-02T12:53:49","date_gmt":"2026-02-02T12:53:49","guid":{"rendered":"https:\/\/alekeskus.eu\/?post_type=product&#038;p=82217"},"modified":"2026-04-01T04:56:46","modified_gmt":"2026-04-01T04:56:46","slug":"suvekook-noova-130-alumiiniumliuguste-ja-kihtplastkatusega-alekeskus","status":"publish","type":"product","link":"https:\/\/alekeskus.eu\/et\/toode\/suvekook-noova-130-alumiiniumliuguste-ja-kihtplastkatusega-alekeskus\/","title":{"rendered":"Suvek\u00f6\u00f6k-paviljon Noova 13,0 m\u00b2 alumiiniumliuguste ja kihtplastkatusega L\u00d5PUM\u00dc\u00dcK"},"content":{"rendered":"","protected":false},"excerpt":{"rendered":"<p>M\u00f5\u00f5dud:<strong>\u00a0417 x 356 cm<\/strong><\/p>\n<p><strong>TASUTA VEDU JA MAHALAADIMINE(ka suursaartel)!<\/strong><\/p>\n<ul>\n<li>18 mm punnlauaga s\u00f5restikseinad<\/li>\n<li>\u00fclaaknad 2 tk 55 x 191 cm<\/li>\n<li>liimpuidust postid 120 x 120 mm<\/li>\n<li>lukustatavad alumiiniumraamiga liuguksed<\/li>\n<li>seinte k\u00f5rgused 225 cm ja 281 cm<\/li>\n<li>katuse kalle 9\u00b0, katuse pindala 17 m<sup>2<\/sup><\/li>\n<li>valgust l\u00e4bilaskev kihtplastkatus 16 x 1048 x 3800 mm 4 tk koos kinnitustega (saadaval ka ilma katuse ja liugusteta tootena Novakit13)<\/li>\n<li>p\u00f5randat ei ole<\/li>\n<li>kinnitusvahendid\u00a0ja koostejuhend<\/li>\n<li>tellitav puidukaitsevahendisse kastetuna, tellimisaeg u 1 kuu(pruun, hall v\u00f5i valkjas)<strong>:\u00a0<img decoding=\"async\" class=\"\" src=\"https:\/\/www.palmako.ee\/sites\/default\/files\/styles\/product_list_item\/public\/2020-06\/BNDIP.jpg?itok=_LQkkeHM\" width=\"66\" height=\"66\" \/><img decoding=\"async\" class=\"\" src=\"https:\/\/www.palmako.ee\/sites\/default\/files\/styles\/product_list_item\/public\/2020-06\/GYDIP.jpg?itok=RrYf7KTV\" width=\"66\" height=\"66\" \/><img decoding=\"async\" class=\"\" src=\"https:\/\/www.palmako.ee\/sites\/default\/files\/styles\/product_list_item\/public\/2020-06\/WTDIP.jpg?itok=D9U46coI\" width=\"67\" height=\"67\" \/> <\/strong>v\u00f5i valge alusv\u00e4rviga<\/li>\n<li>tehase garantii 5 aastat<\/li>\n<li>Eesti toode<\/li>\n<li>ilmastikukindel pakend<\/li>\n<\/ul>\n<p>K\u00fcsi paigaldust!<\/p>\n","protected":false},"featured_media":82247,"template":"","meta":{"_monsterinsights_skip_tracking":false,"_monsterinsights_sitenote_active":false,"_monsterinsights_sitenote_note":"","_monsterinsights_sitenote_category":0},"pwb-brand":[18577],"product_brand":[],"product_cat":[18677,17182,13538,13592,13540,13596,13602,18656],"product_tag":[18045,13907,18319,14224,15264,15516,13832,15517,13848,15518,13849,17837],"class_list":{"0":"post-82217","1":"product","2":"type-product","3":"status-publish","4":"has-post-thumbnail","6":"pwb-brand-eesti","7":"product_cat-lopumuuk","8":"product_cat-suvekoogid-alekeskus","9":"product_cat-ale","10":"product_cat-aia-ja-grillmajad","11":"product_cat-hooned-alekeskus","12":"product_cat-varjualused-talveaiad-alekeskus","13":"product_cat-elementmajad","14":"product_cat-kasvuhooned","15":"product_tag-kennokatto-2","16":"product_tag-paviljon","17":"product_tag-palmako-katos","18":"product_tag-varjualune","19":"product_tag-grillikatos","20":"product_tag-suvekook","21":"product_tag-kesakeittio","22":"product_tag-summer-kitchen","23":"product_tag-lehtla","24":"product_tag-nova","25":"product_tag-shed","26":"product_tag-kihtplastik","27":"product_shipping_class-tasuta-transport-alates-1000kg","28":"pa_garantii-5-aastat","29":"pa_kohaletoimetamine-tasuta-ule-eesti-soome-alates-160e-alekeskus","30":"pa_laoasukoht-poltsamaa","31":"pa_pindalam-13896","32":"pa_seinapaksus-18-mm","33":"pa_tellimisaeg-tilausaika-alekeskus","34":"pa_varv-viimistlemata","35":"pa_veame-eesti-ja-soome","37":"first","38":"instock","39":"sale","40":"taxable","41":"shipping-taxable","42":"purchasable","43":"product-type-simple"},"yoast_head":"<!-- This site is optimized with the Yoast SEO plugin v27.3 - https:\/\/yoast.com\/product\/yoast-seo-wordpress\/ -->\n<title>Suvek\u00f6\u00f6k-paviljon Noova 13,0 m\u00b2 alumiiniumliuguste ja kihtplastkatusega L\u00d5PUM\u00dc\u00dcK - Alekeskus<\/title>\n<meta name=\"description\" content=\"suvek\u00f6\u00f6k elementseintega l\u00e4bipaistva katusega ja liugustega\" \/>\n<meta name=\"robots\" content=\"index, follow, max-snippet:-1, max-image-preview:large, max-video-preview:-1\" \/>\n<link rel=\"canonical\" href=\"https:\/\/alekeskus.eu\/et\/toode\/suvekook-noova-130-alumiiniumliuguste-ja-kihtplastkatusega-alekeskus\/\" \/>\n<meta property=\"og:locale\" content=\"et_EE\" \/>\n<meta property=\"og:type\" content=\"article\" \/>\n<meta property=\"og:title\" content=\"Suvek\u00f6\u00f6k-paviljon Noova 13,0 m\u00b2 alumiiniumliuguste ja kihtplastkatusega L\u00d5PUM\u00dc\u00dcK - Alekeskus\" \/>\n<meta property=\"og:description\" content=\"suvek\u00f6\u00f6k elementseintega l\u00e4bipaistva katusega ja liugustega\" \/>\n<meta property=\"og:url\" content=\"https:\/\/alekeskus.eu\/et\/toode\/suvekook-noova-130-alumiiniumliuguste-ja-kihtplastkatusega-alekeskus\/\" \/>\n<meta property=\"og:site_name\" content=\"Alekeskus\" \/>\n<meta property=\"article:modified_time\" content=\"2026-04-01T04:56:46+00:00\" \/>\n<meta property=\"og:image\" content=\"https:\/\/alekeskus.eu\/wp-content\/uploads\/2023\/03\/Nova_13.0-aias-valge-hall-scaled.jpg\" \/>\n\t<meta property=\"og:image:width\" content=\"1600\" \/>\n\t<meta property=\"og:image:height\" content=\"1067\" \/>\n\t<meta property=\"og:image:type\" content=\"image\/jpeg\" \/>\n<meta name=\"twitter:card\" content=\"summary_large_image\" \/>\n<meta name=\"twitter:label1\" content=\"Est. reading time\" \/>\n\t<meta name=\"twitter:data1\" content=\"1 minut\" \/>\n<script type=\"application\/ld+json\" class=\"yoast-schema-graph\">{\"@context\":\"https:\\\/\\\/schema.org\",\"@graph\":[{\"@type\":\"WebPage\",\"@id\":\"https:\\\/\\\/alekeskus.eu\\\/et\\\/toode\\\/suvekook-noova-130-alumiiniumliuguste-ja-kihtplastkatusega-alekeskus\\\/\",\"url\":\"https:\\\/\\\/alekeskus.eu\\\/et\\\/toode\\\/suvekook-noova-130-alumiiniumliuguste-ja-kihtplastkatusega-alekeskus\\\/\",\"name\":\"Suvek\u00f6\u00f6k-paviljon Noova 13,0 m\u00b2 alumiiniumliuguste ja kihtplastkatusega L\u00d5PUM\u00dc\u00dcK - Alekeskus\",\"isPartOf\":{\"@id\":\"https:\\\/\\\/alekeskus.eu\\\/#website\"},\"primaryImageOfPage\":{\"@id\":\"https:\\\/\\\/alekeskus.eu\\\/et\\\/toode\\\/suvekook-noova-130-alumiiniumliuguste-ja-kihtplastkatusega-alekeskus\\\/#primaryimage\"},\"image\":{\"@id\":\"https:\\\/\\\/alekeskus.eu\\\/et\\\/toode\\\/suvekook-noova-130-alumiiniumliuguste-ja-kihtplastkatusega-alekeskus\\\/#primaryimage\"},\"thumbnailUrl\":\"https:\\\/\\\/alekeskus.eu\\\/wp-content\\\/uploads\\\/2023\\\/03\\\/Nova_13.0-aias-valge-hall-scaled.jpg\",\"datePublished\":\"2026-02-02T12:53:49+00:00\",\"dateModified\":\"2026-04-01T04:56:46+00:00\",\"description\":\"suvek\u00f6\u00f6k elementseintega l\u00e4bipaistva katusega ja liugustega\",\"breadcrumb\":{\"@id\":\"https:\\\/\\\/alekeskus.eu\\\/et\\\/toode\\\/suvekook-noova-130-alumiiniumliuguste-ja-kihtplastkatusega-alekeskus\\\/#breadcrumb\"},\"inLanguage\":\"et\",\"potentialAction\":[{\"@type\":\"ReadAction\",\"target\":[\"https:\\\/\\\/alekeskus.eu\\\/et\\\/toode\\\/suvekook-noova-130-alumiiniumliuguste-ja-kihtplastkatusega-alekeskus\\\/\"]}]},{\"@type\":\"ImageObject\",\"inLanguage\":\"et\",\"@id\":\"https:\\\/\\\/alekeskus.eu\\\/et\\\/toode\\\/suvekook-noova-130-alumiiniumliuguste-ja-kihtplastkatusega-alekeskus\\\/#primaryimage\",\"url\":\"https:\\\/\\\/alekeskus.eu\\\/wp-content\\\/uploads\\\/2023\\\/03\\\/Nova_13.0-aias-valge-hall-scaled.jpg\",\"contentUrl\":\"https:\\\/\\\/alekeskus.eu\\\/wp-content\\\/uploads\\\/2023\\\/03\\\/Nova_13.0-aias-valge-hall-scaled.jpg\",\"width\":1600,\"height\":1067,\"caption\":\"Backyard rock garden with outdoor inground residential private swimming pool and stone patio\"},{\"@type\":\"BreadcrumbList\",\"@id\":\"https:\\\/\\\/alekeskus.eu\\\/et\\\/toode\\\/suvekook-noova-130-alumiiniumliuguste-ja-kihtplastkatusega-alekeskus\\\/#breadcrumb\",\"itemListElement\":[{\"@type\":\"ListItem\",\"position\":1,\"name\":\"Avaleht\",\"item\":\"https:\\\/\\\/alekeskus.eu\\\/et\\\/\"},{\"@type\":\"ListItem\",\"position\":2,\"name\":\"Pood\",\"item\":\"https:\\\/\\\/alekeskus.eu\\\/pood\\\/\"},{\"@type\":\"ListItem\",\"position\":3,\"name\":\"Suvek\u00f6\u00f6k-paviljon Noova 13,0 m\u00b2 alumiiniumliuguste ja kihtplastkatusega L\u00d5PUM\u00dc\u00dcK\"}]},{\"@type\":\"WebSite\",\"@id\":\"https:\\\/\\\/alekeskus.eu\\\/#website\",\"url\":\"https:\\\/\\\/alekeskus.eu\\\/\",\"name\":\"Alekeskus\",\"description\":\"Alekeskus.eu\",\"potentialAction\":[{\"@type\":\"SearchAction\",\"target\":{\"@type\":\"EntryPoint\",\"urlTemplate\":\"https:\\\/\\\/alekeskus.eu\\\/?s={search_term_string}\"},\"query-input\":{\"@type\":\"PropertyValueSpecification\",\"valueRequired\":true,\"valueName\":\"search_term_string\"}}],\"inLanguage\":\"et\"}]}<\/script>\n<!-- \/ Yoast SEO plugin. -->","yoast_head_json":{"title":"Suvek\u00f6\u00f6k-paviljon Noova 13,0 m\u00b2 alumiiniumliuguste ja kihtplastkatusega L\u00d5PUM\u00dc\u00dcK - Alekeskus","description":"suvek\u00f6\u00f6k elementseintega l\u00e4bipaistva katusega ja liugustega","robots":{"index":"index","follow":"follow","max-snippet":"max-snippet:-1","max-image-preview":"max-image-preview:large","max-video-preview":"max-video-preview:-1"},"canonical":"https:\/\/alekeskus.eu\/et\/toode\/suvekook-noova-130-alumiiniumliuguste-ja-kihtplastkatusega-alekeskus\/","og_locale":"et_EE","og_type":"article","og_title":"Suvek\u00f6\u00f6k-paviljon Noova 13,0 m\u00b2 alumiiniumliuguste ja kihtplastkatusega L\u00d5PUM\u00dc\u00dcK - Alekeskus","og_description":"suvek\u00f6\u00f6k elementseintega l\u00e4bipaistva katusega ja liugustega","og_url":"https:\/\/alekeskus.eu\/et\/toode\/suvekook-noova-130-alumiiniumliuguste-ja-kihtplastkatusega-alekeskus\/","og_site_name":"Alekeskus","article_modified_time":"2026-04-01T04:56:46+00:00","og_image":[{"width":1600,"height":1067,"url":"https:\/\/alekeskus.eu\/wp-content\/uploads\/2023\/03\/Nova_13.0-aias-valge-hall-scaled.jpg","type":"image\/jpeg"}],"twitter_card":"summary_large_image","twitter_misc":{"Est. reading time":"1 minut"},"schema":{"@context":"https:\/\/schema.org","@graph":[{"@type":"WebPage","@id":"https:\/\/alekeskus.eu\/et\/toode\/suvekook-noova-130-alumiiniumliuguste-ja-kihtplastkatusega-alekeskus\/","url":"https:\/\/alekeskus.eu\/et\/toode\/suvekook-noova-130-alumiiniumliuguste-ja-kihtplastkatusega-alekeskus\/","name":"Suvek\u00f6\u00f6k-paviljon Noova 13,0 m\u00b2 alumiiniumliuguste ja kihtplastkatusega L\u00d5PUM\u00dc\u00dcK - Alekeskus","isPartOf":{"@id":"https:\/\/alekeskus.eu\/#website"},"primaryImageOfPage":{"@id":"https:\/\/alekeskus.eu\/et\/toode\/suvekook-noova-130-alumiiniumliuguste-ja-kihtplastkatusega-alekeskus\/#primaryimage"},"image":{"@id":"https:\/\/alekeskus.eu\/et\/toode\/suvekook-noova-130-alumiiniumliuguste-ja-kihtplastkatusega-alekeskus\/#primaryimage"},"thumbnailUrl":"https:\/\/alekeskus.eu\/wp-content\/uploads\/2023\/03\/Nova_13.0-aias-valge-hall-scaled.jpg","datePublished":"2026-02-02T12:53:49+00:00","dateModified":"2026-04-01T04:56:46+00:00","description":"suvek\u00f6\u00f6k elementseintega l\u00e4bipaistva katusega ja liugustega","breadcrumb":{"@id":"https:\/\/alekeskus.eu\/et\/toode\/suvekook-noova-130-alumiiniumliuguste-ja-kihtplastkatusega-alekeskus\/#breadcrumb"},"inLanguage":"et","potentialAction":[{"@type":"ReadAction","target":["https:\/\/alekeskus.eu\/et\/toode\/suvekook-noova-130-alumiiniumliuguste-ja-kihtplastkatusega-alekeskus\/"]}]},{"@type":"ImageObject","inLanguage":"et","@id":"https:\/\/alekeskus.eu\/et\/toode\/suvekook-noova-130-alumiiniumliuguste-ja-kihtplastkatusega-alekeskus\/#primaryimage","url":"https:\/\/alekeskus.eu\/wp-content\/uploads\/2023\/03\/Nova_13.0-aias-valge-hall-scaled.jpg","contentUrl":"https:\/\/alekeskus.eu\/wp-content\/uploads\/2023\/03\/Nova_13.0-aias-valge-hall-scaled.jpg","width":1600,"height":1067,"caption":"Backyard rock garden with outdoor inground residential private swimming pool and stone patio"},{"@type":"BreadcrumbList","@id":"https:\/\/alekeskus.eu\/et\/toode\/suvekook-noova-130-alumiiniumliuguste-ja-kihtplastkatusega-alekeskus\/#breadcrumb","itemListElement":[{"@type":"ListItem","position":1,"name":"Avaleht","item":"https:\/\/alekeskus.eu\/et\/"},{"@type":"ListItem","position":2,"name":"Pood","item":"https:\/\/alekeskus.eu\/pood\/"},{"@type":"ListItem","position":3,"name":"Suvek\u00f6\u00f6k-paviljon Noova 13,0 m\u00b2 alumiiniumliuguste ja kihtplastkatusega L\u00d5PUM\u00dc\u00dcK"}]},{"@type":"WebSite","@id":"https:\/\/alekeskus.eu\/#website","url":"https:\/\/alekeskus.eu\/","name":"Alekeskus","description":"Alekeskus.eu","potentialAction":[{"@type":"SearchAction","target":{"@type":"EntryPoint","urlTemplate":"https:\/\/alekeskus.eu\/?s={search_term_string}"},"query-input":{"@type":"PropertyValueSpecification","valueRequired":true,"valueName":"search_term_string"}}],"inLanguage":"et"}]}},"brands":[{"id":18577,"name":"Eesti","slug":"eesti"}],"_links":{"self":[{"href":"https:\/\/alekeskus.eu\/et\/wp-json\/wp\/v2\/product\/82217","targetHints":{"allow":["GET"]}}],"collection":[{"href":"https:\/\/alekeskus.eu\/et\/wp-json\/wp\/v2\/product"}],"about":[{"href":"https:\/\/alekeskus.eu\/et\/wp-json\/wp\/v2\/types\/product"}],"wp:featuredmedia":[{"embeddable":true,"href":"https:\/\/alekeskus.eu\/et\/wp-json\/wp\/v2\/media\/82247"}],"wp:attachment":[{"href":"https:\/\/alekeskus.eu\/et\/wp-json\/wp\/v2\/media?parent=82217"}],"wp:term":[{"taxonomy":"pwb-brand","embeddable":true,"href":"https:\/\/alekeskus.eu\/et\/wp-json\/wp\/v2\/pwb-brand?post=82217"},{"taxonomy":"product_brand","embeddable":true,"href":"https:\/\/alekeskus.eu\/et\/wp-json\/wp\/v2\/product_brand?post=82217"},{"taxonomy":"product_cat","embeddable":true,"href":"https:\/\/alekeskus.eu\/et\/wp-json\/wp\/v2\/product_cat?post=82217"},{"taxonomy":"product_tag","embeddable":true,"href":"https:\/\/alekeskus.eu\/et\/wp-json\/wp\/v2\/product_tag?post=82217"}],"curies":[{"name":"wp","href":"https:\/\/api.w.org\/{rel}","templated":true}]}}