{"id":82684,"date":"2023-02-26T11:25:39","date_gmt":"2023-02-26T11:25:39","guid":{"rendered":"https:\/\/alekeskus.eu\/?post_type=product&#038;p=82684"},"modified":"2023-12-11T11:40:58","modified_gmt":"2023-12-11T11:40:58","slug":"moodulmaja-wellmax","status":"publish","type":"product","link":"https:\/\/alekeskus.eu\/et\/toode\/moodulmaja-wellmax\/","title":{"rendered":"Moodulmaja Wellmax (ehitusalune pindala 19,2 m\u00b2)"},"content":{"rendered":"","protected":false},"excerpt":{"rendered":"<div id=\"div_block-1293-343\" class=\"ct-div-block \">\n<div id=\"text_block-1294-343\" class=\"ct-text-block color-paragraph col-span-2 text-li-icons\">\n<h2><strong>Ilmastiku- ja soojakindel moodulmaja Wellmax kvaliteetsete akendega<\/strong><\/h2>\n<h2><strong>Standard:<\/strong><\/h2>\n<ul>\n<li><img decoding=\"async\" class=\"alignnone wp-image-2827\" src=\"https:\/\/hut.ee\/wp-content\/uploads\/2022\/12\/Icon-037-blueprint.svg\" alt=\"\" width=\"25\" \/> <strong>Seinad, lagi, p\u00f5rand: <\/strong>tugev tsingitud metallraam<\/li>\n<li><img decoding=\"async\" class=\"alignnone wp-image-2850\" src=\"https:\/\/hut.ee\/wp-content\/uploads\/2022\/12\/Icon-061-hot.svg\" alt=\"\" width=\"25\" height=\"25\" \/> <strong>Soojus ja stabiilsus: <\/strong>lisatud sandwich-paneel, EPS 60 mm<\/li>\n<li><img decoding=\"async\" class=\"alignnone wp-image-2809\" src=\"https:\/\/hut.ee\/wp-content\/uploads\/2022\/12\/Icon-019-wood.svg\" alt=\"\" width=\"25\" height=\"25\" \/><strong>\u00a0 Fassaad ja katus: <\/strong>termopuit<\/li>\n<li><img decoding=\"async\" class=\"alignnone wp-image-2822\" src=\"https:\/\/hut.ee\/wp-content\/uploads\/2022\/12\/Icon-032-interior-design.svg\" alt=\"\" width=\"25\" height=\"25\" \/> <strong>Siseseinad: <\/strong>kvaliteetne lakitud vineer valge v\u00f5i antratsiithalli lakiga<\/li>\n<li><img decoding=\"async\" class=\"alignnone wp-image-2838\" src=\"https:\/\/hut.ee\/wp-content\/uploads\/2022\/12\/Icon-048-parquet.svg\" alt=\"\" width=\"25\" \/> <strong>P\u00f5rand: <\/strong>naturaalne tumehall tammeparkett<\/li>\n<li><strong><img loading=\"lazy\" decoding=\"async\" class=\"wp-image-2813 alignnone\" src=\"https:\/\/hut.ee\/wp-content\/uploads\/2022\/12\/Icon-023-air-conditioner.svg\" alt=\"\" width=\"25\" height=\"25\" \/> \u00d5hksoojuspump:\u00a0<\/strong>Daikin<\/li>\n<li><img loading=\"lazy\" decoding=\"async\" class=\"alignnone wp-image-2847\" src=\"https:\/\/hut.ee\/wp-content\/uploads\/2022\/12\/Icon-058-hang-lamp.svg\" alt=\"\" width=\"25\" height=\"25\" \/> <strong>Valgustus: <\/strong>ALU sokkel LED valgustusega<\/li>\n<\/ul>\n<\/div>\n<\/div>\n<div id=\"div_block-1296-343\" class=\"ct-div-block \">\n<div id=\"text_block-1297-343\" class=\"ct-text-block color-paragraph col-span-2 text-li-icons\">\n<h2><strong>M\u00f5\u00f5dud:<\/strong><\/h2>\n<ul>\n<li><img loading=\"lazy\" decoding=\"async\" class=\"alignnone wp-image-2839\" src=\"https:\/\/hut.ee\/wp-content\/uploads\/2022\/12\/Icon-049-measurement.svg\" alt=\"\" width=\"25\" height=\"25\" \/> Ehitusaluse pindala 19,2 m\u00b2<\/li>\n<li><img loading=\"lazy\" decoding=\"async\" class=\"alignnone wp-image-2843\" src=\"https:\/\/hut.ee\/wp-content\/uploads\/2022\/12\/Icon-053-width-1.svg\" alt=\"\" width=\"25\" height=\"25\" \/> Pikkus 570 cm<\/li>\n<li><img loading=\"lazy\" decoding=\"async\" class=\"alignnone wp-image-2843\" src=\"https:\/\/hut.ee\/wp-content\/uploads\/2022\/12\/Icon-053-width-1.svg\" alt=\"\" width=\"25\" height=\"25\" \/> Laius 300 cm<\/li>\n<li><img loading=\"lazy\" decoding=\"async\" class=\"alignnone wp-image-2837\" src=\"https:\/\/hut.ee\/wp-content\/uploads\/2022\/12\/Icon-047-height.svg\" alt=\"\" width=\"25\" height=\"25\" \/> Katuseharja k\u00f5rgus 310 cm<\/li>\n<\/ul>\n<div id=\"div_block-1284-343\" class=\"ct-div-block \">\n<div id=\"text_block-1286-343\" class=\"ct-text-block color-paragraph col-span-2 text-li-icons\">\n<h2><strong>Lisad:<\/strong><\/h2>\n<p><strong> Alumiiniumakendega +5900\u20ac<\/strong><\/p>\n<p><img decoding=\"async\" class=\"alignnone wp-image-2824\" src=\"https:\/\/hut.ee\/wp-content\/uploads\/2022\/12\/Icon-034-bathtub-1.svg\" alt=\"\" width=\"25\" \/><strong>Vannitoa ja k\u00f6\u00f6giga +11500\u20ac:<\/strong><\/p>\n<ul>\n<li class=\"p1\">Vannitoa kapp valamuga FRANKE, LED peegel<br \/>\nWC pott ja du\u0161\u0161 Hansgrohe, LED valgustus<br \/>\nK\u00f6\u00f6giuksed ja n\u00e4htavad k\u00fcljed v\u00e4rvitud<br \/>\nSahtel, 2 pr\u00fcgikasti, riiulitega kapid<br \/>\nT\u00f6\u00f6koha valgustus, paigaldus<\/li>\n<\/ul>\n<p><img loading=\"lazy\" decoding=\"async\" class=\"alignnone wp-image-2877\" src=\"https:\/\/hut.ee\/wp-content\/uploads\/2022\/06\/exclusive.png.webp\" sizes=\"(max-width: 25px) 100vw, 25px\" srcset=\"https:\/\/hut.ee\/wp-content\/uploads\/2022\/06\/exclusive.png.webp 512w, https:\/\/hut.ee\/wp-content\/uploads\/2022\/06\/exclusive-300x300.png.webp 300w, https:\/\/hut.ee\/wp-content\/uploads\/2022\/06\/exclusive-150x150.png.webp 150w, https:\/\/hut.ee\/wp-content\/uploads\/2022\/06\/exclusive-50x50.png.webp 50w, https:\/\/hut.ee\/wp-content\/uploads\/2022\/06\/exclusive-250x250.png.webp 250w\" alt=\"\" width=\"25\" height=\"25\" \/><strong>Varjualune Exclusive +5900\u20ac:<\/strong><\/p>\n<ul>\n<li>Seinad, lagi, p\u00f5rand: tugev tsingitud metallkarkass<br \/>\nFassaad ja katus: termopuit, LED valgustus<\/li>\n<\/ul>\n<p><img decoding=\"async\" class=\"alignnone wp-image-2835\" src=\"https:\/\/hut.ee\/wp-content\/uploads\/2022\/12\/Icon-045-moving-truck.svg\" alt=\"\" width=\"25\" \/> <strong>Transport sihtkohta: <\/strong>Eesti piires tasuta<\/p>\n<\/div>\n<\/div>\n<div id=\"div_block-1285-343\" class=\"ct-div-block \">\n<div id=\"text_block-1288-343\" class=\"ct-text-block color-paragraph col-span-2 text-li-icons\">\n<h2><strong>Nutikad lahendused:<\/strong><\/h2>\n<p><img loading=\"lazy\" decoding=\"async\" class=\"alignnone wp-image-2845\" src=\"https:\/\/hut.ee\/wp-content\/uploads\/2022\/12\/Icon-056-door-lock.svg\" alt=\"\" width=\"25\" height=\"25\" \/><strong>Smartlock:<\/strong><\/p>\n<ul>\n<li class=\"p1\">iNOVO HS31B TITANIUM GREY IP65<\/li>\n<\/ul>\n<p><img loading=\"lazy\" decoding=\"async\" class=\"alignnone wp-image-2807\" src=\"https:\/\/hut.ee\/wp-content\/uploads\/2022\/12\/Icon-017-smart-home-1.svg\" alt=\"\" width=\"25\" height=\"25\" \/><strong>Nutikas lahendus majale +3900\u20ac:<\/strong><\/p>\n<p>Nutika maja funktsionaalne juhtimine<br \/>\njuhtekraan 10&#8242;<br \/>\n\u00d5hukvaliteedi juhtimine- niiskus CO2 andurid<br \/>\nNutikas valgusjuhtimine<\/p>\n<p>Soojustagastusega ventilatsioon<br \/>\nMajahaldur &#8211; keskserver<br \/>\nS\u00fcsteemide paigaldus<\/p>\n<\/div>\n<\/div>\n<\/div>\n<\/div>\n","protected":false},"featured_media":82691,"template":"","meta":{"_monsterinsights_skip_tracking":false,"_monsterinsights_sitenote_active":false,"_monsterinsights_sitenote_note":"","_monsterinsights_sitenote_category":0},"pwb-brand":[],"product_brand":[],"product_cat":[13540,13602,13604,13608,13610],"product_tag":[14253,16042,18130],"class_list":{"0":"post-82684","1":"product","2":"type-product","3":"status-publish","4":"has-post-thumbnail","6":"product_cat-hooned-alekeskus","7":"product_cat-elementmajad","8":"product_cat-saunad","9":"product_cat-kontorid","10":"product_cat-suvilad","11":"product_tag-rannamaja","12":"product_tag-moodulmaja","13":"product_tag-nutimaja","14":"product_shipping_class-tasuta-transport-kuni-300kg","15":"pa_kohaletoimetamine-eestis-tasuta-soome-kusi-hinda","16":"pa_pindalam-15115","17":"pa_seinapaksus-90-mm","19":"first","20":"onbackorder","21":"featured","22":"taxable","23":"shipping-taxable","24":"purchasable","25":"product-type-simple"},"yoast_head":"<!-- This site is optimized with the Yoast SEO plugin v27.3 - https:\/\/yoast.com\/product\/yoast-seo-wordpress\/ -->\n<title>Moodulmaja Wellmax (ehitusalune pindala 19,2 m\u00b2) - Alekeskus<\/title>\n<meta name=\"description\" content=\"moodulmaja v\u00f5tmed k\u00e4tte\" \/>\n<meta name=\"robots\" content=\"index, follow, max-snippet:-1, max-image-preview:large, max-video-preview:-1\" \/>\n<link rel=\"canonical\" href=\"https:\/\/alekeskus.eu\/toode\/moodulmaja-wellmax\/\" \/>\n<meta property=\"og:locale\" content=\"et_EE\" \/>\n<meta property=\"og:type\" content=\"article\" \/>\n<meta property=\"og:title\" content=\"Moodulmaja Wellmax (ehitusalune pindala 19,2 m\u00b2) - Alekeskus\" \/>\n<meta property=\"og:description\" content=\"moodulmaja v\u00f5tmed k\u00e4tte\" \/>\n<meta property=\"og:url\" content=\"https:\/\/alekeskus.eu\/toode\/moodulmaja-wellmax\/\" \/>\n<meta property=\"og:site_name\" content=\"Alekeskus\" \/>\n<meta property=\"article:modified_time\" content=\"2023-12-11T11:40:58+00:00\" \/>\n<meta property=\"og:image\" content=\"https:\/\/alekeskus.eu\/wp-content\/uploads\/2023\/04\/Olivia-paris.jpg\" \/>\n\t<meta property=\"og:image:width\" content=\"1920\" \/>\n\t<meta property=\"og:image:height\" content=\"1200\" \/>\n\t<meta property=\"og:image:type\" content=\"image\/jpeg\" \/>\n<meta name=\"twitter:card\" content=\"summary_large_image\" \/>\n<script type=\"application\/ld+json\" class=\"yoast-schema-graph\">{\"@context\":\"https:\\\/\\\/schema.org\",\"@graph\":[{\"@type\":\"WebPage\",\"@id\":\"https:\\\/\\\/alekeskus.eu\\\/toode\\\/moodulmaja-wellmax\\\/\",\"url\":\"https:\\\/\\\/alekeskus.eu\\\/toode\\\/moodulmaja-wellmax\\\/\",\"name\":\"Moodulmaja Wellmax (ehitusalune pindala 19,2 m\u00b2) - Alekeskus\",\"isPartOf\":{\"@id\":\"https:\\\/\\\/alekeskus.eu\\\/#website\"},\"primaryImageOfPage\":{\"@id\":\"https:\\\/\\\/alekeskus.eu\\\/toode\\\/moodulmaja-wellmax\\\/#primaryimage\"},\"image\":{\"@id\":\"https:\\\/\\\/alekeskus.eu\\\/toode\\\/moodulmaja-wellmax\\\/#primaryimage\"},\"thumbnailUrl\":\"https:\\\/\\\/alekeskus.eu\\\/wp-content\\\/uploads\\\/2023\\\/04\\\/Olivia-paris.jpg\",\"datePublished\":\"2023-02-26T11:25:39+00:00\",\"dateModified\":\"2023-12-11T11:40:58+00:00\",\"description\":\"moodulmaja v\u00f5tmed k\u00e4tte\",\"breadcrumb\":{\"@id\":\"https:\\\/\\\/alekeskus.eu\\\/toode\\\/moodulmaja-wellmax\\\/#breadcrumb\"},\"inLanguage\":\"et\",\"potentialAction\":[{\"@type\":\"ReadAction\",\"target\":[\"https:\\\/\\\/alekeskus.eu\\\/toode\\\/moodulmaja-wellmax\\\/\"]}]},{\"@type\":\"ImageObject\",\"inLanguage\":\"et\",\"@id\":\"https:\\\/\\\/alekeskus.eu\\\/toode\\\/moodulmaja-wellmax\\\/#primaryimage\",\"url\":\"https:\\\/\\\/alekeskus.eu\\\/wp-content\\\/uploads\\\/2023\\\/04\\\/Olivia-paris.jpg\",\"contentUrl\":\"https:\\\/\\\/alekeskus.eu\\\/wp-content\\\/uploads\\\/2023\\\/04\\\/Olivia-paris.jpg\",\"width\":1920,\"height\":1200},{\"@type\":\"BreadcrumbList\",\"@id\":\"https:\\\/\\\/alekeskus.eu\\\/toode\\\/moodulmaja-wellmax\\\/#breadcrumb\",\"itemListElement\":[{\"@type\":\"ListItem\",\"position\":1,\"name\":\"Avaleht\",\"item\":\"https:\\\/\\\/alekeskus.eu\\\/et\\\/\"},{\"@type\":\"ListItem\",\"position\":2,\"name\":\"Pood\",\"item\":\"https:\\\/\\\/alekeskus.eu\\\/pood\\\/\"},{\"@type\":\"ListItem\",\"position\":3,\"name\":\"Moodulmaja Wellmax (ehitusalune pindala 19,2 m\u00b2)\"}]},{\"@type\":\"WebSite\",\"@id\":\"https:\\\/\\\/alekeskus.eu\\\/#website\",\"url\":\"https:\\\/\\\/alekeskus.eu\\\/\",\"name\":\"Alekeskus\",\"description\":\"Alekeskus.eu\",\"potentialAction\":[{\"@type\":\"SearchAction\",\"target\":{\"@type\":\"EntryPoint\",\"urlTemplate\":\"https:\\\/\\\/alekeskus.eu\\\/?s={search_term_string}\"},\"query-input\":{\"@type\":\"PropertyValueSpecification\",\"valueRequired\":true,\"valueName\":\"search_term_string\"}}],\"inLanguage\":\"et\"}]}<\/script>\n<!-- \/ Yoast SEO plugin. -->","yoast_head_json":{"title":"Moodulmaja Wellmax (ehitusalune pindala 19,2 m\u00b2) - Alekeskus","description":"moodulmaja v\u00f5tmed k\u00e4tte","robots":{"index":"index","follow":"follow","max-snippet":"max-snippet:-1","max-image-preview":"max-image-preview:large","max-video-preview":"max-video-preview:-1"},"canonical":"https:\/\/alekeskus.eu\/toode\/moodulmaja-wellmax\/","og_locale":"et_EE","og_type":"article","og_title":"Moodulmaja Wellmax (ehitusalune pindala 19,2 m\u00b2) - Alekeskus","og_description":"moodulmaja v\u00f5tmed k\u00e4tte","og_url":"https:\/\/alekeskus.eu\/toode\/moodulmaja-wellmax\/","og_site_name":"Alekeskus","article_modified_time":"2023-12-11T11:40:58+00:00","og_image":[{"width":1920,"height":1200,"url":"https:\/\/alekeskus.eu\/wp-content\/uploads\/2023\/04\/Olivia-paris.jpg","type":"image\/jpeg"}],"twitter_card":"summary_large_image","schema":{"@context":"https:\/\/schema.org","@graph":[{"@type":"WebPage","@id":"https:\/\/alekeskus.eu\/toode\/moodulmaja-wellmax\/","url":"https:\/\/alekeskus.eu\/toode\/moodulmaja-wellmax\/","name":"Moodulmaja Wellmax (ehitusalune pindala 19,2 m\u00b2) - Alekeskus","isPartOf":{"@id":"https:\/\/alekeskus.eu\/#website"},"primaryImageOfPage":{"@id":"https:\/\/alekeskus.eu\/toode\/moodulmaja-wellmax\/#primaryimage"},"image":{"@id":"https:\/\/alekeskus.eu\/toode\/moodulmaja-wellmax\/#primaryimage"},"thumbnailUrl":"https:\/\/alekeskus.eu\/wp-content\/uploads\/2023\/04\/Olivia-paris.jpg","datePublished":"2023-02-26T11:25:39+00:00","dateModified":"2023-12-11T11:40:58+00:00","description":"moodulmaja v\u00f5tmed k\u00e4tte","breadcrumb":{"@id":"https:\/\/alekeskus.eu\/toode\/moodulmaja-wellmax\/#breadcrumb"},"inLanguage":"et","potentialAction":[{"@type":"ReadAction","target":["https:\/\/alekeskus.eu\/toode\/moodulmaja-wellmax\/"]}]},{"@type":"ImageObject","inLanguage":"et","@id":"https:\/\/alekeskus.eu\/toode\/moodulmaja-wellmax\/#primaryimage","url":"https:\/\/alekeskus.eu\/wp-content\/uploads\/2023\/04\/Olivia-paris.jpg","contentUrl":"https:\/\/alekeskus.eu\/wp-content\/uploads\/2023\/04\/Olivia-paris.jpg","width":1920,"height":1200},{"@type":"BreadcrumbList","@id":"https:\/\/alekeskus.eu\/toode\/moodulmaja-wellmax\/#breadcrumb","itemListElement":[{"@type":"ListItem","position":1,"name":"Avaleht","item":"https:\/\/alekeskus.eu\/et\/"},{"@type":"ListItem","position":2,"name":"Pood","item":"https:\/\/alekeskus.eu\/pood\/"},{"@type":"ListItem","position":3,"name":"Moodulmaja Wellmax (ehitusalune pindala 19,2 m\u00b2)"}]},{"@type":"WebSite","@id":"https:\/\/alekeskus.eu\/#website","url":"https:\/\/alekeskus.eu\/","name":"Alekeskus","description":"Alekeskus.eu","potentialAction":[{"@type":"SearchAction","target":{"@type":"EntryPoint","urlTemplate":"https:\/\/alekeskus.eu\/?s={search_term_string}"},"query-input":{"@type":"PropertyValueSpecification","valueRequired":true,"valueName":"search_term_string"}}],"inLanguage":"et"}]}},"brands":[],"_links":{"self":[{"href":"https:\/\/alekeskus.eu\/et\/wp-json\/wp\/v2\/product\/82684","targetHints":{"allow":["GET"]}}],"collection":[{"href":"https:\/\/alekeskus.eu\/et\/wp-json\/wp\/v2\/product"}],"about":[{"href":"https:\/\/alekeskus.eu\/et\/wp-json\/wp\/v2\/types\/product"}],"wp:featuredmedia":[{"embeddable":true,"href":"https:\/\/alekeskus.eu\/et\/wp-json\/wp\/v2\/media\/82691"}],"wp:attachment":[{"href":"https:\/\/alekeskus.eu\/et\/wp-json\/wp\/v2\/media?parent=82684"}],"wp:term":[{"taxonomy":"pwb-brand","embeddable":true,"href":"https:\/\/alekeskus.eu\/et\/wp-json\/wp\/v2\/pwb-brand?post=82684"},{"taxonomy":"product_brand","embeddable":true,"href":"https:\/\/alekeskus.eu\/et\/wp-json\/wp\/v2\/product_brand?post=82684"},{"taxonomy":"product_cat","embeddable":true,"href":"https:\/\/alekeskus.eu\/et\/wp-json\/wp\/v2\/product_cat?post=82684"},{"taxonomy":"product_tag","embeddable":true,"href":"https:\/\/alekeskus.eu\/et\/wp-json\/wp\/v2\/product_tag?post=82684"}],"curies":[{"name":"wp","href":"https:\/\/api.w.org\/{rel}","templated":true}]}}