{"id":82992,"date":"2023-07-01T09:09:36","date_gmt":"2023-07-01T09:09:36","guid":{"rendered":"https:\/\/alekeskus.eu\/?post_type=product&#038;p=82992"},"modified":"2024-01-10T11:07:25","modified_gmt":"2024-01-10T11:07:25","slug":"suvemaja-oranje-602-3-toaga-alekeskus","status":"publish","type":"product","link":"https:\/\/alekeskus.eu\/et\/toode\/suvemaja-oranje-602-3-toaga-alekeskus\/","title":{"rendered":"Suvemaja Oranje 60,2 m\u00b2 3 toa, k\u00f6\u00f6ginurga ja WC-ga"},"content":{"rendered":"<p>Pakend:<\/p>\n<p>678x114x78 cm, 1989 kg<\/p>\n<p>678x114x74 cm. 1887 kg<\/p>\n<p>650x114x93 cm, 2274 kg<\/p>\n<div class=\"spec-multi\">200x114x106 cm, 725 kg<\/div>\n","protected":false},"excerpt":{"rendered":"<p>V\u00e4lism\u00f5\u00f5dud: <strong>1050<\/strong><b> x 595 cm<\/b><\/p>\n<ul>\n<li>tuuletapiga <strong>freespalk<\/strong>\u00a0<strong>70 mm <\/strong>keermelatt-tormikinnitustega<\/li>\n<li>harja k\u00f5rgus <strong>326 cm<\/strong> ja seina k\u00f5rgus <strong>225 cm<\/strong><\/li>\n<li>p\u00f5randalauad 28 mm, immutatud alusraam ja p\u00f5randatalad 45 x 70 mm<\/li>\n<li>punniga katuselauad 18 x 90 mm, katusetalad 70 x 140 mm<\/li>\n<li>pakettklaasiga v\u00e4lisuks 787 x 1980 mm, 4 puidust siseust 787 x 1980 mm<\/li>\n<li>kaldp\u00f6\u00f6rd sisseavanevad pakettaknad alumiiniumveeninadega\n<div class=\"spec-detail\">\n<div class=\"spec-multi\">2tk 876 x 1010 mmm ja\u00a04 tk 1334 x 1010 mm<\/div>\n<\/div>\n<\/li>\n<li>katuse kalle 11\u00b0 ja pindala 72 m<sup>2 <\/sup>, r\u00e4\u00e4stas 25 cm<\/li>\n<li>katusekate ei sisaldu hinnas(tarve 26 pakki katusesindlit)<\/li>\n<li>kinnitusvahendid ja koostejuhend<\/li>\n<li>v\u00f5imalik teha m\u00f5\u00f5tudes ja avat\u00e4idetes muudatusi<\/li>\n<li>ehitusteatise jaoks vajalikud joonised<\/li>\n<li>tootmisse andmiseks piisab ka ettemaksust pool hinnast<\/li>\n<li>Eesti toode<\/li>\n<li>ilmastikukindel pakend<\/li>\n<\/ul>\n<p>K\u00fcsi paigaldust!<\/p>\n","protected":false},"featured_media":82996,"template":"","meta":{"_monsterinsights_skip_tracking":false,"_monsterinsights_sitenote_active":false,"_monsterinsights_sitenote_note":"","_monsterinsights_sitenote_category":0},"pwb-brand":[],"product_brand":[],"product_cat":[13540,13610],"product_tag":[13840,17390,13913,17866,13970,17881,14252,18033,14310,15285,13813],"class_list":{"0":"post-82992","1":"product","2":"type-product","3":"status-publish","4":"has-post-thumbnail","6":"product_cat-hooned-alekeskus","7":"product_cat-suvilad","8":"product_tag-kontor","9":"product_tag-freespalksuvila","10":"product_tag-vierasmaja","11":"product_tag-hirsimokki","12":"product_tag-suvila","13":"product_tag-hirsihuvila","14":"product_tag-suvemaja","15":"product_tag-rantamokki-2","16":"product_tag-kodukontor","17":"product_tag-kesamokki","18":"product_tag-aiamaja","19":"product_shipping_class-alates-1000kg","20":"pa_garantii-5-aastat","21":"pa_kohaletoimetamine-alates-180e","22":"pa_laoasukoht-tartumaa","23":"pa_pindalam-18153","24":"pa_seinapaksus-70-mm-2","25":"pa_tellimisaeg-6-8-nadalat","26":"pa_varv-viimistlemata","27":"pa_veame-eesti-ja-soome","29":"first","30":"onbackorder","31":"featured","32":"taxable","33":"shipping-taxable","34":"purchasable","35":"product-type-simple"},"yoast_head":"<!-- This site is optimized with the Yoast SEO plugin v27.3 - https:\/\/yoast.com\/product\/yoast-seo-wordpress\/ -->\n<title>Suvemaja Oranje 60,2 m\u00b2 3 toa, k\u00f6\u00f6ginurga ja WC-ga - Alekeskus<\/title>\n<meta name=\"description\" content=\"freespalksuvemaja eramu m\u00f5\u00f5tudega\" \/>\n<meta name=\"robots\" content=\"index, follow, max-snippet:-1, max-image-preview:large, max-video-preview:-1\" \/>\n<link rel=\"canonical\" href=\"https:\/\/alekeskus.eu\/toode\/suvemaja-oranje-602-3-toaga-alekeskus\/\" \/>\n<meta property=\"og:locale\" content=\"et_EE\" \/>\n<meta property=\"og:type\" content=\"article\" \/>\n<meta property=\"og:title\" content=\"Suvemaja Oranje 60,2 m\u00b2 3 toa, k\u00f6\u00f6ginurga ja WC-ga - Alekeskus\" \/>\n<meta property=\"og:description\" content=\"freespalksuvemaja eramu m\u00f5\u00f5tudega\" \/>\n<meta property=\"og:url\" content=\"https:\/\/alekeskus.eu\/toode\/suvemaja-oranje-602-3-toaga-alekeskus\/\" \/>\n<meta property=\"og:site_name\" content=\"Alekeskus\" \/>\n<meta property=\"article:modified_time\" content=\"2024-01-10T11:07:25+00:00\" \/>\n<meta property=\"og:image\" content=\"https:\/\/alekeskus.eu\/wp-content\/uploads\/2023\/07\/Orange70-loodus-scaled.jpg\" \/>\n\t<meta property=\"og:image:width\" content=\"2560\" \/>\n\t<meta property=\"og:image:height\" content=\"1707\" \/>\n\t<meta property=\"og:image:type\" content=\"image\/jpeg\" \/>\n<meta name=\"twitter:card\" content=\"summary_large_image\" \/>\n<meta name=\"twitter:label1\" content=\"Est. reading time\" \/>\n\t<meta name=\"twitter:data1\" content=\"1 minut\" \/>\n<script type=\"application\/ld+json\" class=\"yoast-schema-graph\">{\"@context\":\"https:\\\/\\\/schema.org\",\"@graph\":[{\"@type\":\"WebPage\",\"@id\":\"https:\\\/\\\/alekeskus.eu\\\/toode\\\/suvemaja-oranje-602-3-toaga-alekeskus\\\/\",\"url\":\"https:\\\/\\\/alekeskus.eu\\\/toode\\\/suvemaja-oranje-602-3-toaga-alekeskus\\\/\",\"name\":\"Suvemaja Oranje 60,2 m\u00b2 3 toa, k\u00f6\u00f6ginurga ja WC-ga - Alekeskus\",\"isPartOf\":{\"@id\":\"https:\\\/\\\/alekeskus.eu\\\/#website\"},\"primaryImageOfPage\":{\"@id\":\"https:\\\/\\\/alekeskus.eu\\\/toode\\\/suvemaja-oranje-602-3-toaga-alekeskus\\\/#primaryimage\"},\"image\":{\"@id\":\"https:\\\/\\\/alekeskus.eu\\\/toode\\\/suvemaja-oranje-602-3-toaga-alekeskus\\\/#primaryimage\"},\"thumbnailUrl\":\"https:\\\/\\\/alekeskus.eu\\\/wp-content\\\/uploads\\\/2023\\\/07\\\/Orange70-loodus-scaled.jpg\",\"datePublished\":\"2023-07-01T09:09:36+00:00\",\"dateModified\":\"2024-01-10T11:07:25+00:00\",\"description\":\"freespalksuvemaja eramu m\u00f5\u00f5tudega\",\"breadcrumb\":{\"@id\":\"https:\\\/\\\/alekeskus.eu\\\/toode\\\/suvemaja-oranje-602-3-toaga-alekeskus\\\/#breadcrumb\"},\"inLanguage\":\"et\",\"potentialAction\":[{\"@type\":\"ReadAction\",\"target\":[\"https:\\\/\\\/alekeskus.eu\\\/toode\\\/suvemaja-oranje-602-3-toaga-alekeskus\\\/\"]}]},{\"@type\":\"ImageObject\",\"inLanguage\":\"et\",\"@id\":\"https:\\\/\\\/alekeskus.eu\\\/toode\\\/suvemaja-oranje-602-3-toaga-alekeskus\\\/#primaryimage\",\"url\":\"https:\\\/\\\/alekeskus.eu\\\/wp-content\\\/uploads\\\/2023\\\/07\\\/Orange70-loodus-scaled.jpg\",\"contentUrl\":\"https:\\\/\\\/alekeskus.eu\\\/wp-content\\\/uploads\\\/2023\\\/07\\\/Orange70-loodus-scaled.jpg\",\"width\":1600,\"height\":1067},{\"@type\":\"BreadcrumbList\",\"@id\":\"https:\\\/\\\/alekeskus.eu\\\/toode\\\/suvemaja-oranje-602-3-toaga-alekeskus\\\/#breadcrumb\",\"itemListElement\":[{\"@type\":\"ListItem\",\"position\":1,\"name\":\"Avaleht\",\"item\":\"https:\\\/\\\/alekeskus.eu\\\/et\\\/\"},{\"@type\":\"ListItem\",\"position\":2,\"name\":\"Pood\",\"item\":\"https:\\\/\\\/alekeskus.eu\\\/pood\\\/\"},{\"@type\":\"ListItem\",\"position\":3,\"name\":\"Suvemaja Oranje 60,2 m\u00b2 3 toa, k\u00f6\u00f6ginurga ja WC-ga\"}]},{\"@type\":\"WebSite\",\"@id\":\"https:\\\/\\\/alekeskus.eu\\\/#website\",\"url\":\"https:\\\/\\\/alekeskus.eu\\\/\",\"name\":\"Alekeskus\",\"description\":\"Alekeskus.eu\",\"potentialAction\":[{\"@type\":\"SearchAction\",\"target\":{\"@type\":\"EntryPoint\",\"urlTemplate\":\"https:\\\/\\\/alekeskus.eu\\\/?s={search_term_string}\"},\"query-input\":{\"@type\":\"PropertyValueSpecification\",\"valueRequired\":true,\"valueName\":\"search_term_string\"}}],\"inLanguage\":\"et\"}]}<\/script>\n<!-- \/ Yoast SEO plugin. -->","yoast_head_json":{"title":"Suvemaja Oranje 60,2 m\u00b2 3 toa, k\u00f6\u00f6ginurga ja WC-ga - Alekeskus","description":"freespalksuvemaja eramu m\u00f5\u00f5tudega","robots":{"index":"index","follow":"follow","max-snippet":"max-snippet:-1","max-image-preview":"max-image-preview:large","max-video-preview":"max-video-preview:-1"},"canonical":"https:\/\/alekeskus.eu\/toode\/suvemaja-oranje-602-3-toaga-alekeskus\/","og_locale":"et_EE","og_type":"article","og_title":"Suvemaja Oranje 60,2 m\u00b2 3 toa, k\u00f6\u00f6ginurga ja WC-ga - Alekeskus","og_description":"freespalksuvemaja eramu m\u00f5\u00f5tudega","og_url":"https:\/\/alekeskus.eu\/toode\/suvemaja-oranje-602-3-toaga-alekeskus\/","og_site_name":"Alekeskus","article_modified_time":"2024-01-10T11:07:25+00:00","og_image":[{"width":2560,"height":1707,"url":"https:\/\/alekeskus.eu\/wp-content\/uploads\/2023\/07\/Orange70-loodus-scaled.jpg","type":"image\/jpeg"}],"twitter_card":"summary_large_image","twitter_misc":{"Est. reading time":"1 minut"},"schema":{"@context":"https:\/\/schema.org","@graph":[{"@type":"WebPage","@id":"https:\/\/alekeskus.eu\/toode\/suvemaja-oranje-602-3-toaga-alekeskus\/","url":"https:\/\/alekeskus.eu\/toode\/suvemaja-oranje-602-3-toaga-alekeskus\/","name":"Suvemaja Oranje 60,2 m\u00b2 3 toa, k\u00f6\u00f6ginurga ja WC-ga - Alekeskus","isPartOf":{"@id":"https:\/\/alekeskus.eu\/#website"},"primaryImageOfPage":{"@id":"https:\/\/alekeskus.eu\/toode\/suvemaja-oranje-602-3-toaga-alekeskus\/#primaryimage"},"image":{"@id":"https:\/\/alekeskus.eu\/toode\/suvemaja-oranje-602-3-toaga-alekeskus\/#primaryimage"},"thumbnailUrl":"https:\/\/alekeskus.eu\/wp-content\/uploads\/2023\/07\/Orange70-loodus-scaled.jpg","datePublished":"2023-07-01T09:09:36+00:00","dateModified":"2024-01-10T11:07:25+00:00","description":"freespalksuvemaja eramu m\u00f5\u00f5tudega","breadcrumb":{"@id":"https:\/\/alekeskus.eu\/toode\/suvemaja-oranje-602-3-toaga-alekeskus\/#breadcrumb"},"inLanguage":"et","potentialAction":[{"@type":"ReadAction","target":["https:\/\/alekeskus.eu\/toode\/suvemaja-oranje-602-3-toaga-alekeskus\/"]}]},{"@type":"ImageObject","inLanguage":"et","@id":"https:\/\/alekeskus.eu\/toode\/suvemaja-oranje-602-3-toaga-alekeskus\/#primaryimage","url":"https:\/\/alekeskus.eu\/wp-content\/uploads\/2023\/07\/Orange70-loodus-scaled.jpg","contentUrl":"https:\/\/alekeskus.eu\/wp-content\/uploads\/2023\/07\/Orange70-loodus-scaled.jpg","width":1600,"height":1067},{"@type":"BreadcrumbList","@id":"https:\/\/alekeskus.eu\/toode\/suvemaja-oranje-602-3-toaga-alekeskus\/#breadcrumb","itemListElement":[{"@type":"ListItem","position":1,"name":"Avaleht","item":"https:\/\/alekeskus.eu\/et\/"},{"@type":"ListItem","position":2,"name":"Pood","item":"https:\/\/alekeskus.eu\/pood\/"},{"@type":"ListItem","position":3,"name":"Suvemaja Oranje 60,2 m\u00b2 3 toa, k\u00f6\u00f6ginurga ja WC-ga"}]},{"@type":"WebSite","@id":"https:\/\/alekeskus.eu\/#website","url":"https:\/\/alekeskus.eu\/","name":"Alekeskus","description":"Alekeskus.eu","potentialAction":[{"@type":"SearchAction","target":{"@type":"EntryPoint","urlTemplate":"https:\/\/alekeskus.eu\/?s={search_term_string}"},"query-input":{"@type":"PropertyValueSpecification","valueRequired":true,"valueName":"search_term_string"}}],"inLanguage":"et"}]}},"brands":[],"_links":{"self":[{"href":"https:\/\/alekeskus.eu\/et\/wp-json\/wp\/v2\/product\/82992","targetHints":{"allow":["GET"]}}],"collection":[{"href":"https:\/\/alekeskus.eu\/et\/wp-json\/wp\/v2\/product"}],"about":[{"href":"https:\/\/alekeskus.eu\/et\/wp-json\/wp\/v2\/types\/product"}],"wp:featuredmedia":[{"embeddable":true,"href":"https:\/\/alekeskus.eu\/et\/wp-json\/wp\/v2\/media\/82996"}],"wp:attachment":[{"href":"https:\/\/alekeskus.eu\/et\/wp-json\/wp\/v2\/media?parent=82992"}],"wp:term":[{"taxonomy":"pwb-brand","embeddable":true,"href":"https:\/\/alekeskus.eu\/et\/wp-json\/wp\/v2\/pwb-brand?post=82992"},{"taxonomy":"product_brand","embeddable":true,"href":"https:\/\/alekeskus.eu\/et\/wp-json\/wp\/v2\/product_brand?post=82992"},{"taxonomy":"product_cat","embeddable":true,"href":"https:\/\/alekeskus.eu\/et\/wp-json\/wp\/v2\/product_cat?post=82992"},{"taxonomy":"product_tag","embeddable":true,"href":"https:\/\/alekeskus.eu\/et\/wp-json\/wp\/v2\/product_tag?post=82992"}],"curies":[{"name":"wp","href":"https:\/\/api.w.org\/{rel}","templated":true}]}}